{"id":10165,"date":"2026-03-10T12:39:40","date_gmt":"2026-03-10T09:39:40","guid":{"rendered":"https:\/\/cookking.online\/?post_type=product&#038;p=10165"},"modified":"2026-03-10T12:39:40","modified_gmt":"2026-03-10T09:39:40","slug":"shapton-50302-vandens-akmuo-galandimui-grudetumas-2000","status":"publish","type":"product","link":"https:\/\/cookking.online\/en\/katalogas\/peiliai\/shapton-50302-vandens-akmuo-galandimui-grudetumas-2000\/","title":{"rendered":"SHAPTON 50302 vandens akmuo galandimui, gr\u016bd\u0117tumas 2000"},"content":{"rendered":"<p>SHAPTON 50302 vandens akmuo galandimui, gr\u016bd\u0117tumas 2000<\/p>\n<p>Fantasti\u0161ka SHAPTON prek\u0117s \u017eenklo galandimo akmen\u0173 serija, kur abrazyvinis sluoksnis derinamas su specialiai paruo\u0161tu gr\u016bdinto stiklo sluoksniu, kuris stabilizuoja vis\u0105 akmen\u012f. Ant stiklo yra pilnas gradacijos, gr\u016bdeli\u0173 storio ir katalogo numerio apra\u0161ymas, tod\u0117l galite naudoti vis\u0105 abrazyvin\u012f sluoksn\u012f nesijaudindami d\u0117l akmens identifikavimo. Puikus stiklo ir abrazyvo derinys leid\u017eia i\u0161naudoti \u0161lifavimo pavir\u0161i\u0173 iki paskutinio milimetro, nebijant nuskilti akmens.<\/p>\n<p>Unikali Glass Stone akmen\u0173 strukt\u016bra su labai dideliu gr\u016bd\u0117tumu leid\u017eia labai efektyviai pagal\u0105sti bet kok\u012f peil\u012f. Tai taip pat turi \u012ftakos akmens patvarumui, kuris d\u0117visi itin l\u0117tai ir retkar\u010diais j\u012f reikia i\u0161lyginti. \u201eGlass Stone\u201c serijos akmenys yra vieni kie\u010diausi\u0173 rinkoje.<\/p>\n<p>Naudodami SHAPTON akmenis pirm\u0105 kart\u0105, pamirkykite juos vandenyje apie 6 minutes. Specialiai sukurta \u201eSplash&amp;Go\u201c technologija neleid\u017eia per daug vandens \u012fsigerti akmeniui. Tai leid\u017eia gausiai apipurk\u0161ti akmen\u012f vandeniu, kai v\u0117l galandote peilius, ir nereikia j\u0173 v\u0117l ilgai mirkyti.<\/p>\n<p>Gradacija: 2000 kruop\u0173<\/p>\n<p>Gr\u016bdai: 7,35 \u00b5m<\/p>\n<p>Matmenys: 210x70x10 mm<\/p>\n<p>Abrazyvinis sluoksnis: 5 mm<\/p>\n<p>Svoris: apie 360 \u200b\u200bg<\/p>","protected":false},"excerpt":{"rendered":"<p>Domy\u015blny opis kr\u00f3tki<\/p>","protected":false},"featured_media":10166,"template":"","meta":[],"product_brand":[],"product_cat":[119],"product_tag":[],"class_list":{"0":"post-10165","1":"product","2":"type-product","3":"status-publish","4":"has-post-thumbnail","6":"product_cat-peiliai","8":"first","9":"instock","10":"taxable","11":"shipping-taxable","12":"purchasable","13":"product-type-simple"},"yoast_head":"<!-- This site is optimized with the Yoast SEO plugin v27.3 - https:\/\/yoast.com\/product\/yoast-seo-wordpress\/ -->\n<title>SHAPTON 50302 vandens akmuo galandimui, gr\u016bd\u0117tumas 2000 - Cookking.online<\/title>\n<meta name=\"description\" content=\"SHAPTON 50302 vandens akmuo galandimui gr\u016bd\u0117tumas 2000 Auk\u0161\u010diausios kokyb\u0117s \u012franga gaminimui, kepimui ant groteli\u0173 ir r\u016bkymui lauke.\" \/>\n<meta name=\"robots\" content=\"index, follow, max-snippet:-1, max-image-preview:large, max-video-preview:-1\" \/>\n<link rel=\"canonical\" href=\"https:\/\/cookking.online\/en\/katalogas\/peiliai\/shapton-50302-vandens-akmuo-galandimui-grudetumas-2000\/\" \/>\n<meta property=\"og:locale\" content=\"en_US\" \/>\n<meta property=\"og:type\" content=\"article\" \/>\n<meta property=\"og:title\" content=\"SHAPTON 50302 vandens akmuo galandimui, gr\u016bd\u0117tumas 2000 - Cookking.online\" \/>\n<meta property=\"og:description\" content=\"SHAPTON 50302 vandens akmuo galandimui gr\u016bd\u0117tumas 2000 Auk\u0161\u010diausios kokyb\u0117s \u012franga gaminimui, kepimui ant groteli\u0173 ir r\u016bkymui lauke.\" \/>\n<meta property=\"og:url\" content=\"https:\/\/cookking.online\/en\/katalogas\/peiliai\/shapton-50302-vandens-akmuo-galandimui-grudetumas-2000\/\" \/>\n<meta property=\"og:site_name\" content=\"Cookking.online\" \/>\n<meta property=\"og:image\" content=\"https:\/\/cookking.online\/wp-content\/uploads\/2024\/01\/10852_1.webp\" \/>\n\t<meta property=\"og:image:width\" content=\"520\" \/>\n\t<meta property=\"og:image:height\" content=\"520\" \/>\n\t<meta property=\"og:image:type\" content=\"image\/webp\" \/>\n<meta name=\"twitter:card\" content=\"summary_large_image\" \/>\n<meta name=\"twitter:label1\" content=\"Est. reading time\" \/>\n\t<meta name=\"twitter:data1\" content=\"2 minutes\" \/>\n<script type=\"application\/ld+json\" class=\"yoast-schema-graph\">{\"@context\":\"https:\\\/\\\/schema.org\",\"@graph\":[{\"@type\":\"WebPage\",\"@id\":\"https:\\\/\\\/cookking.online\\\/katalogas\\\/peiliai\\\/shapton-50302-vandens-akmuo-galandimui-grudetumas-2000\\\/\",\"url\":\"https:\\\/\\\/cookking.online\\\/katalogas\\\/peiliai\\\/shapton-50302-vandens-akmuo-galandimui-grudetumas-2000\\\/\",\"name\":\"SHAPTON 50302 vandens akmuo galandimui, gr\u016bd\u0117tumas 2000 - Cookking.online\",\"isPartOf\":{\"@id\":\"https:\\\/\\\/cookking.online\\\/#website\"},\"primaryImageOfPage\":{\"@id\":\"https:\\\/\\\/cookking.online\\\/katalogas\\\/peiliai\\\/shapton-50302-vandens-akmuo-galandimui-grudetumas-2000\\\/#primaryimage\"},\"image\":{\"@id\":\"https:\\\/\\\/cookking.online\\\/katalogas\\\/peiliai\\\/shapton-50302-vandens-akmuo-galandimui-grudetumas-2000\\\/#primaryimage\"},\"thumbnailUrl\":\"https:\\\/\\\/cookking.online\\\/wp-content\\\/uploads\\\/2024\\\/01\\\/10852_1.webp\",\"datePublished\":\"2026-03-10T09:39:40+00:00\",\"description\":\"SHAPTON 50302 vandens akmuo galandimui gr\u016bd\u0117tumas 2000 Auk\u0161\u010diausios kokyb\u0117s \u012franga gaminimui, kepimui ant groteli\u0173 ir r\u016bkymui lauke.\",\"breadcrumb\":{\"@id\":\"https:\\\/\\\/cookking.online\\\/katalogas\\\/peiliai\\\/shapton-50302-vandens-akmuo-galandimui-grudetumas-2000\\\/#breadcrumb\"},\"inLanguage\":\"en-US\",\"potentialAction\":[{\"@type\":\"ReadAction\",\"target\":[\"https:\\\/\\\/cookking.online\\\/katalogas\\\/peiliai\\\/shapton-50302-vandens-akmuo-galandimui-grudetumas-2000\\\/\"]}]},{\"@type\":\"ImageObject\",\"inLanguage\":\"en-US\",\"@id\":\"https:\\\/\\\/cookking.online\\\/katalogas\\\/peiliai\\\/shapton-50302-vandens-akmuo-galandimui-grudetumas-2000\\\/#primaryimage\",\"url\":\"https:\\\/\\\/cookking.online\\\/wp-content\\\/uploads\\\/2024\\\/01\\\/10852_1.webp\",\"contentUrl\":\"https:\\\/\\\/cookking.online\\\/wp-content\\\/uploads\\\/2024\\\/01\\\/10852_1.webp\",\"width\":520,\"height\":520},{\"@type\":\"BreadcrumbList\",\"@id\":\"https:\\\/\\\/cookking.online\\\/katalogas\\\/peiliai\\\/shapton-50302-vandens-akmuo-galandimui-grudetumas-2000\\\/#breadcrumb\",\"itemListElement\":[{\"@type\":\"ListItem\",\"position\":1,\"name\":\"Prad\u017eia\",\"item\":\"https:\\\/\\\/cookking.online\\\/\"},{\"@type\":\"ListItem\",\"position\":2,\"name\":\"Parduotuv\u0117\",\"item\":\"https:\\\/\\\/cookking.online\\\/parduotuve\\\/\"},{\"@type\":\"ListItem\",\"position\":3,\"name\":\"SHAPTON 50302 vandens akmuo galandimui, gr\u016bd\u0117tumas 2000\"}]},{\"@type\":\"WebSite\",\"@id\":\"https:\\\/\\\/cookking.online\\\/#website\",\"url\":\"https:\\\/\\\/cookking.online\\\/\",\"name\":\"Cookking.online\",\"description\":\"\",\"publisher\":{\"@id\":\"https:\\\/\\\/cookking.online\\\/#organization\"},\"potentialAction\":[{\"@type\":\"SearchAction\",\"target\":{\"@type\":\"EntryPoint\",\"urlTemplate\":\"https:\\\/\\\/cookking.online\\\/?s={search_term_string}\"},\"query-input\":{\"@type\":\"PropertyValueSpecification\",\"valueRequired\":true,\"valueName\":\"search_term_string\"}}],\"inLanguage\":\"en-US\"},{\"@type\":\"Organization\",\"@id\":\"https:\\\/\\\/cookking.online\\\/#organization\",\"name\":\"Cookking.online\",\"url\":\"https:\\\/\\\/cookking.online\\\/\",\"logo\":{\"@type\":\"ImageObject\",\"inLanguage\":\"en-US\",\"@id\":\"https:\\\/\\\/cookking.online\\\/#\\\/schema\\\/logo\\\/image\\\/\",\"url\":\"https:\\\/\\\/cookking.online\\\/wp-content\\\/uploads\\\/2021\\\/11\\\/Logo.png\",\"contentUrl\":\"https:\\\/\\\/cookking.online\\\/wp-content\\\/uploads\\\/2021\\\/11\\\/Logo.png\",\"width\":291,\"height\":100,\"caption\":\"Cookking.online\"},\"image\":{\"@id\":\"https:\\\/\\\/cookking.online\\\/#\\\/schema\\\/logo\\\/image\\\/\"}}]}<\/script>\n<!-- \/ Yoast SEO plugin. -->","yoast_head_json":{"title":"SHAPTON 50302 vandens akmuo galandimui, gr\u016bd\u0117tumas 2000 - Cookking.online","description":"SHAPTON 50302 vandens akmuo galandimui gr\u016bd\u0117tumas 2000 Auk\u0161\u010diausios kokyb\u0117s \u012franga gaminimui, kepimui ant groteli\u0173 ir r\u016bkymui lauke.","robots":{"index":"index","follow":"follow","max-snippet":"max-snippet:-1","max-image-preview":"max-image-preview:large","max-video-preview":"max-video-preview:-1"},"canonical":"https:\/\/cookking.online\/en\/katalogas\/peiliai\/shapton-50302-vandens-akmuo-galandimui-grudetumas-2000\/","og_locale":"en_US","og_type":"article","og_title":"SHAPTON 50302 vandens akmuo galandimui, gr\u016bd\u0117tumas 2000 - Cookking.online","og_description":"SHAPTON 50302 vandens akmuo galandimui gr\u016bd\u0117tumas 2000 Auk\u0161\u010diausios kokyb\u0117s \u012franga gaminimui, kepimui ant groteli\u0173 ir r\u016bkymui lauke.","og_url":"https:\/\/cookking.online\/en\/katalogas\/peiliai\/shapton-50302-vandens-akmuo-galandimui-grudetumas-2000\/","og_site_name":"Cookking.online","og_image":[{"width":520,"height":520,"url":"https:\/\/cookking.online\/wp-content\/uploads\/2024\/01\/10852_1.webp","type":"image\/webp"}],"twitter_card":"summary_large_image","twitter_misc":{"Est. reading time":"2 minutes"},"schema":{"@context":"https:\/\/schema.org","@graph":[{"@type":"WebPage","@id":"https:\/\/cookking.online\/katalogas\/peiliai\/shapton-50302-vandens-akmuo-galandimui-grudetumas-2000\/","url":"https:\/\/cookking.online\/katalogas\/peiliai\/shapton-50302-vandens-akmuo-galandimui-grudetumas-2000\/","name":"SHAPTON 50302 vandens akmuo galandimui, gr\u016bd\u0117tumas 2000 - Cookking.online","isPartOf":{"@id":"https:\/\/cookking.online\/#website"},"primaryImageOfPage":{"@id":"https:\/\/cookking.online\/katalogas\/peiliai\/shapton-50302-vandens-akmuo-galandimui-grudetumas-2000\/#primaryimage"},"image":{"@id":"https:\/\/cookking.online\/katalogas\/peiliai\/shapton-50302-vandens-akmuo-galandimui-grudetumas-2000\/#primaryimage"},"thumbnailUrl":"https:\/\/cookking.online\/wp-content\/uploads\/2024\/01\/10852_1.webp","datePublished":"2026-03-10T09:39:40+00:00","description":"SHAPTON 50302 vandens akmuo galandimui gr\u016bd\u0117tumas 2000 Auk\u0161\u010diausios kokyb\u0117s \u012franga gaminimui, kepimui ant groteli\u0173 ir r\u016bkymui lauke.","breadcrumb":{"@id":"https:\/\/cookking.online\/katalogas\/peiliai\/shapton-50302-vandens-akmuo-galandimui-grudetumas-2000\/#breadcrumb"},"inLanguage":"en-US","potentialAction":[{"@type":"ReadAction","target":["https:\/\/cookking.online\/katalogas\/peiliai\/shapton-50302-vandens-akmuo-galandimui-grudetumas-2000\/"]}]},{"@type":"ImageObject","inLanguage":"en-US","@id":"https:\/\/cookking.online\/katalogas\/peiliai\/shapton-50302-vandens-akmuo-galandimui-grudetumas-2000\/#primaryimage","url":"https:\/\/cookking.online\/wp-content\/uploads\/2024\/01\/10852_1.webp","contentUrl":"https:\/\/cookking.online\/wp-content\/uploads\/2024\/01\/10852_1.webp","width":520,"height":520},{"@type":"BreadcrumbList","@id":"https:\/\/cookking.online\/katalogas\/peiliai\/shapton-50302-vandens-akmuo-galandimui-grudetumas-2000\/#breadcrumb","itemListElement":[{"@type":"ListItem","position":1,"name":"Prad\u017eia","item":"https:\/\/cookking.online\/"},{"@type":"ListItem","position":2,"name":"Parduotuv\u0117","item":"https:\/\/cookking.online\/parduotuve\/"},{"@type":"ListItem","position":3,"name":"SHAPTON 50302 vandens akmuo galandimui, gr\u016bd\u0117tumas 2000"}]},{"@type":"WebSite","@id":"https:\/\/cookking.online\/#website","url":"https:\/\/cookking.online\/","name":"Cookking.online","description":"","publisher":{"@id":"https:\/\/cookking.online\/#organization"},"potentialAction":[{"@type":"SearchAction","target":{"@type":"EntryPoint","urlTemplate":"https:\/\/cookking.online\/?s={search_term_string}"},"query-input":{"@type":"PropertyValueSpecification","valueRequired":true,"valueName":"search_term_string"}}],"inLanguage":"en-US"},{"@type":"Organization","@id":"https:\/\/cookking.online\/#organization","name":"Cookking.online","url":"https:\/\/cookking.online\/","logo":{"@type":"ImageObject","inLanguage":"en-US","@id":"https:\/\/cookking.online\/#\/schema\/logo\/image\/","url":"https:\/\/cookking.online\/wp-content\/uploads\/2021\/11\/Logo.png","contentUrl":"https:\/\/cookking.online\/wp-content\/uploads\/2021\/11\/Logo.png","width":291,"height":100,"caption":"Cookking.online"},"image":{"@id":"https:\/\/cookking.online\/#\/schema\/logo\/image\/"}}]}},"_links":{"self":[{"href":"https:\/\/cookking.online\/en\/wp-json\/wp\/v2\/product\/10165","targetHints":{"allow":["GET"]}}],"collection":[{"href":"https:\/\/cookking.online\/en\/wp-json\/wp\/v2\/product"}],"about":[{"href":"https:\/\/cookking.online\/en\/wp-json\/wp\/v2\/types\/product"}],"wp:featuredmedia":[{"embeddable":true,"href":"https:\/\/cookking.online\/en\/wp-json\/wp\/v2\/media\/10166"}],"wp:attachment":[{"href":"https:\/\/cookking.online\/en\/wp-json\/wp\/v2\/media?parent=10165"}],"wp:term":[{"taxonomy":"product_brand","embeddable":true,"href":"https:\/\/cookking.online\/en\/wp-json\/wp\/v2\/product_brand?post=10165"},{"taxonomy":"product_cat","embeddable":true,"href":"https:\/\/cookking.online\/en\/wp-json\/wp\/v2\/product_cat?post=10165"},{"taxonomy":"product_tag","embeddable":true,"href":"https:\/\/cookking.online\/en\/wp-json\/wp\/v2\/product_tag?post=10165"}],"curies":[{"name":"wp","href":"https:\/\/api.w.org\/{rel}","templated":true}]}}