{"id":10183,"date":"2026-03-10T12:39:41","date_gmt":"2026-03-10T09:39:41","guid":{"rendered":"https:\/\/cookking.online\/?post_type=product&#038;p=10183"},"modified":"2026-03-10T12:39:41","modified_gmt":"2026-03-10T09:39:41","slug":"shapton-50203-vandens-akmuo-galandimui-grudetumas-8000","status":"publish","type":"product","link":"https:\/\/cookking.online\/en\/katalogas\/peiliai\/shapton-50203-vandens-akmuo-galandimui-grudetumas-8000\/","title":{"rendered":"SHAPTON 50203 vandens akmuo galandimui gr\u016bd\u0117tumas 8000"},"content":{"rendered":"<h4><span style=\"vertical-align: inherit;\"><span style=\"vertical-align: inherit;\">SHAPTON 50203 vandens akmuo galandimui gr\u016bd\u0117tumas 8000<\/span><\/span><\/h4>\n<p><span style=\"vertical-align: inherit;\"><span style=\"vertical-align: inherit;\">Fantasti\u0161ka SHAPTON prek\u0117s \u017eenklo galandimo akmen\u0173 serija, kur abrazyvinis sluoksnis derinamas su specialiai paruo\u0161tu gr\u016bdinto stiklo sluoksniu, kuris stabilizuoja vis\u0105 akmen\u012f. Ant stiklo yra pilnas gradacijos, gr\u016bdeli\u0173 storio ir katalogo numerio apra\u0161ymas, tod\u0117l galite naudoti vis\u0105 abrazyvin\u012f sluoksn\u012f nesijaudindami d\u0117l akmens identifikavimo. Puikus stiklo ir abrazyvo derinys leid\u017eia i\u0161naudoti \u0161lifavimo pavir\u0161i\u0173 iki paskutinio milimetro, nebijant nuskilti akmens. \u00a0<\/span><\/span><\/p>\n<p><span style=\"vertical-align: inherit;\"><span style=\"vertical-align: inherit;\">Unikali Glass Stone akmen\u0173 strukt\u016bra su labai dideliu gr\u016bd\u0117tumu leid\u017eia labai efektyviai pagal\u0105sti bet kok\u012f peil\u012f. Tai taip pat turi \u012ftakos akmens patvarumui, kuris d\u0117visi itin l\u0117tai ir retkar\u010diais j\u012f reikia i\u0161lyginti. \u201eGlass Stone\u201c serijos akmenys yra vieni kie\u010diausi\u0173 rinkoje. \u00a0 \u00a0<\/span><\/span><\/p>\n<p><span style=\"vertical-align: inherit;\"><span style=\"vertical-align: inherit;\">Naudodami SHAPTON akmenis pirm\u0105 kart\u0105, pamirkykite juos vandenyje apie 6 minutes. Specialiai sukurta \u201eSplash&amp;Go\u201c technologija neleid\u017eia per daug vandens \u012fsigerti akmeniui. Tai leid\u017eia gausiai apipurk\u0161ti akmen\u012f vandeniu, kai v\u0117l galandote peilius, ir nereikia j\u0173 v\u0117l ilgai mirkyti.<\/span><\/span><\/p>\n<p><strong><span style=\"vertical-align: inherit;\"><span style=\"vertical-align: inherit;\">Gradacija:<\/span><\/span><\/strong><span style=\"vertical-align: inherit;\"><span style=\"vertical-align: inherit;\"> \u00a08000\u00a0<\/span><\/span><\/p>\n<p><strong><span style=\"vertical-align: inherit;\"><span style=\"vertical-align: inherit;\">Gr\u016bdai:<\/span><\/span><\/strong><span style=\"vertical-align: inherit;\"><span style=\"vertical-align: inherit;\"> \u00a01,84 \u00b5m<\/span><\/span><\/p>\n<p><strong><span style=\"vertical-align: inherit;\"><span style=\"vertical-align: inherit;\">Matmenys:<\/span><\/span><\/strong><span style=\"vertical-align: inherit;\"><span style=\"vertical-align: inherit;\"> \u00a0210x70x10 mm<\/span><\/span><\/p>\n<p><strong><span style=\"vertical-align: inherit;\"><span style=\"vertical-align: inherit;\">Abrazyvinis sluoksnis:<\/span><\/span><\/strong><span style=\"vertical-align: inherit;\"><span style=\"vertical-align: inherit;\"> \u00a05 mm<\/span><\/span><\/p>\n<p><strong><span style=\"vertical-align: inherit;\"><span style=\"vertical-align: inherit;\">Svoris:<\/span><\/span><\/strong><span style=\"vertical-align: inherit;\"><span style=\"vertical-align: inherit;\"> \u00a0apie 360 \u200b\u200bg<\/span><\/span><\/p>","protected":false},"excerpt":{"rendered":"<p><span style=\"vertical-align: inherit;\"><span style=\"vertical-align: inherit;\">Numatytasis trumpas apra\u0161ymas<\/span><\/span><\/p>","protected":false},"featured_media":10184,"template":"","meta":[],"product_brand":[],"product_cat":[119],"product_tag":[],"class_list":{"0":"post-10183","1":"product","2":"type-product","3":"status-publish","4":"has-post-thumbnail","6":"product_cat-peiliai","8":"first","9":"instock","10":"taxable","11":"shipping-taxable","12":"purchasable","13":"product-type-simple"},"yoast_head":"<!-- This site is optimized with the Yoast SEO plugin v27.3 - https:\/\/yoast.com\/product\/yoast-seo-wordpress\/ -->\n<title>SHAPTON 50203 vandens akmuo galandimui gr\u016bd\u0117tumas 8000 - Cookking.online<\/title>\n<meta name=\"description\" content=\"SHAPTON 50203 vandens akmuo galandimui gr\u016bd\u0117tumas 8000 Auk\u0161\u010diausios kokyb\u0117s \u012franga gaminimui, kepimui ant groteli\u0173 ir r\u016bkymui lauke.\" \/>\n<meta name=\"robots\" content=\"index, follow, max-snippet:-1, max-image-preview:large, max-video-preview:-1\" \/>\n<link rel=\"canonical\" href=\"https:\/\/cookking.online\/en\/katalogas\/peiliai\/shapton-50203-vandens-akmuo-galandimui-grudetumas-8000\/\" \/>\n<meta property=\"og:locale\" content=\"en_US\" \/>\n<meta property=\"og:type\" content=\"article\" \/>\n<meta property=\"og:title\" content=\"SHAPTON 50203 vandens akmuo galandimui gr\u016bd\u0117tumas 8000 - Cookking.online\" \/>\n<meta property=\"og:description\" content=\"SHAPTON 50203 vandens akmuo galandimui gr\u016bd\u0117tumas 8000 Auk\u0161\u010diausios kokyb\u0117s \u012franga gaminimui, kepimui ant groteli\u0173 ir r\u016bkymui lauke.\" \/>\n<meta property=\"og:url\" content=\"https:\/\/cookking.online\/en\/katalogas\/peiliai\/shapton-50203-vandens-akmuo-galandimui-grudetumas-8000\/\" \/>\n<meta property=\"og:site_name\" content=\"Cookking.online\" \/>\n<meta property=\"og:image\" content=\"https:\/\/cookking.online\/wp-content\/uploads\/2024\/01\/10858_1.webp\" \/>\n\t<meta property=\"og:image:width\" content=\"520\" \/>\n\t<meta property=\"og:image:height\" content=\"520\" \/>\n\t<meta property=\"og:image:type\" content=\"image\/webp\" \/>\n<meta name=\"twitter:card\" content=\"summary_large_image\" \/>\n<meta name=\"twitter:label1\" content=\"Est. reading time\" \/>\n\t<meta name=\"twitter:data1\" content=\"2 minutes\" \/>\n<script type=\"application\/ld+json\" class=\"yoast-schema-graph\">{\"@context\":\"https:\\\/\\\/schema.org\",\"@graph\":[{\"@type\":\"WebPage\",\"@id\":\"https:\\\/\\\/cookking.online\\\/katalogas\\\/peiliai\\\/shapton-50203-vandens-akmuo-galandimui-grudetumas-8000\\\/\",\"url\":\"https:\\\/\\\/cookking.online\\\/katalogas\\\/peiliai\\\/shapton-50203-vandens-akmuo-galandimui-grudetumas-8000\\\/\",\"name\":\"SHAPTON 50203 vandens akmuo galandimui gr\u016bd\u0117tumas 8000 - Cookking.online\",\"isPartOf\":{\"@id\":\"https:\\\/\\\/cookking.online\\\/#website\"},\"primaryImageOfPage\":{\"@id\":\"https:\\\/\\\/cookking.online\\\/katalogas\\\/peiliai\\\/shapton-50203-vandens-akmuo-galandimui-grudetumas-8000\\\/#primaryimage\"},\"image\":{\"@id\":\"https:\\\/\\\/cookking.online\\\/katalogas\\\/peiliai\\\/shapton-50203-vandens-akmuo-galandimui-grudetumas-8000\\\/#primaryimage\"},\"thumbnailUrl\":\"https:\\\/\\\/cookking.online\\\/wp-content\\\/uploads\\\/2024\\\/01\\\/10858_1.webp\",\"datePublished\":\"2026-03-10T09:39:41+00:00\",\"description\":\"SHAPTON 50203 vandens akmuo galandimui gr\u016bd\u0117tumas 8000 Auk\u0161\u010diausios kokyb\u0117s \u012franga gaminimui, kepimui ant groteli\u0173 ir r\u016bkymui lauke.\",\"breadcrumb\":{\"@id\":\"https:\\\/\\\/cookking.online\\\/katalogas\\\/peiliai\\\/shapton-50203-vandens-akmuo-galandimui-grudetumas-8000\\\/#breadcrumb\"},\"inLanguage\":\"en-US\",\"potentialAction\":[{\"@type\":\"ReadAction\",\"target\":[\"https:\\\/\\\/cookking.online\\\/katalogas\\\/peiliai\\\/shapton-50203-vandens-akmuo-galandimui-grudetumas-8000\\\/\"]}]},{\"@type\":\"ImageObject\",\"inLanguage\":\"en-US\",\"@id\":\"https:\\\/\\\/cookking.online\\\/katalogas\\\/peiliai\\\/shapton-50203-vandens-akmuo-galandimui-grudetumas-8000\\\/#primaryimage\",\"url\":\"https:\\\/\\\/cookking.online\\\/wp-content\\\/uploads\\\/2024\\\/01\\\/10858_1.webp\",\"contentUrl\":\"https:\\\/\\\/cookking.online\\\/wp-content\\\/uploads\\\/2024\\\/01\\\/10858_1.webp\",\"width\":520,\"height\":520,\"caption\":\"SHAPTON 50203 vandens akmuo galandimui, gr\u016bd\u0117tumas 8000\"},{\"@type\":\"BreadcrumbList\",\"@id\":\"https:\\\/\\\/cookking.online\\\/katalogas\\\/peiliai\\\/shapton-50203-vandens-akmuo-galandimui-grudetumas-8000\\\/#breadcrumb\",\"itemListElement\":[{\"@type\":\"ListItem\",\"position\":1,\"name\":\"Prad\u017eia\",\"item\":\"https:\\\/\\\/cookking.online\\\/\"},{\"@type\":\"ListItem\",\"position\":2,\"name\":\"Parduotuv\u0117\",\"item\":\"https:\\\/\\\/cookking.online\\\/parduotuve\\\/\"},{\"@type\":\"ListItem\",\"position\":3,\"name\":\"SHAPTON 50203 vandens akmuo galandimui gr\u016bd\u0117tumas 8000\"}]},{\"@type\":\"WebSite\",\"@id\":\"https:\\\/\\\/cookking.online\\\/#website\",\"url\":\"https:\\\/\\\/cookking.online\\\/\",\"name\":\"Cookking.online\",\"description\":\"\",\"publisher\":{\"@id\":\"https:\\\/\\\/cookking.online\\\/#organization\"},\"potentialAction\":[{\"@type\":\"SearchAction\",\"target\":{\"@type\":\"EntryPoint\",\"urlTemplate\":\"https:\\\/\\\/cookking.online\\\/?s={search_term_string}\"},\"query-input\":{\"@type\":\"PropertyValueSpecification\",\"valueRequired\":true,\"valueName\":\"search_term_string\"}}],\"inLanguage\":\"en-US\"},{\"@type\":\"Organization\",\"@id\":\"https:\\\/\\\/cookking.online\\\/#organization\",\"name\":\"Cookking.online\",\"url\":\"https:\\\/\\\/cookking.online\\\/\",\"logo\":{\"@type\":\"ImageObject\",\"inLanguage\":\"en-US\",\"@id\":\"https:\\\/\\\/cookking.online\\\/#\\\/schema\\\/logo\\\/image\\\/\",\"url\":\"https:\\\/\\\/cookking.online\\\/wp-content\\\/uploads\\\/2021\\\/11\\\/Logo.png\",\"contentUrl\":\"https:\\\/\\\/cookking.online\\\/wp-content\\\/uploads\\\/2021\\\/11\\\/Logo.png\",\"width\":291,\"height\":100,\"caption\":\"Cookking.online\"},\"image\":{\"@id\":\"https:\\\/\\\/cookking.online\\\/#\\\/schema\\\/logo\\\/image\\\/\"}}]}<\/script>\n<!-- \/ Yoast SEO plugin. -->","yoast_head_json":{"title":"SHAPTON 50203 vandens akmuo galandimui gr\u016bd\u0117tumas 8000 - Cookking.online","description":"SHAPTON 50203 vandens akmuo galandimui gr\u016bd\u0117tumas 8000 Auk\u0161\u010diausios kokyb\u0117s \u012franga gaminimui, kepimui ant groteli\u0173 ir r\u016bkymui lauke.","robots":{"index":"index","follow":"follow","max-snippet":"max-snippet:-1","max-image-preview":"max-image-preview:large","max-video-preview":"max-video-preview:-1"},"canonical":"https:\/\/cookking.online\/en\/katalogas\/peiliai\/shapton-50203-vandens-akmuo-galandimui-grudetumas-8000\/","og_locale":"en_US","og_type":"article","og_title":"SHAPTON 50203 vandens akmuo galandimui gr\u016bd\u0117tumas 8000 - Cookking.online","og_description":"SHAPTON 50203 vandens akmuo galandimui gr\u016bd\u0117tumas 8000 Auk\u0161\u010diausios kokyb\u0117s \u012franga gaminimui, kepimui ant groteli\u0173 ir r\u016bkymui lauke.","og_url":"https:\/\/cookking.online\/en\/katalogas\/peiliai\/shapton-50203-vandens-akmuo-galandimui-grudetumas-8000\/","og_site_name":"Cookking.online","og_image":[{"width":520,"height":520,"url":"https:\/\/cookking.online\/wp-content\/uploads\/2024\/01\/10858_1.webp","type":"image\/webp"}],"twitter_card":"summary_large_image","twitter_misc":{"Est. reading time":"2 minutes"},"schema":{"@context":"https:\/\/schema.org","@graph":[{"@type":"WebPage","@id":"https:\/\/cookking.online\/katalogas\/peiliai\/shapton-50203-vandens-akmuo-galandimui-grudetumas-8000\/","url":"https:\/\/cookking.online\/katalogas\/peiliai\/shapton-50203-vandens-akmuo-galandimui-grudetumas-8000\/","name":"SHAPTON 50203 vandens akmuo galandimui gr\u016bd\u0117tumas 8000 - Cookking.online","isPartOf":{"@id":"https:\/\/cookking.online\/#website"},"primaryImageOfPage":{"@id":"https:\/\/cookking.online\/katalogas\/peiliai\/shapton-50203-vandens-akmuo-galandimui-grudetumas-8000\/#primaryimage"},"image":{"@id":"https:\/\/cookking.online\/katalogas\/peiliai\/shapton-50203-vandens-akmuo-galandimui-grudetumas-8000\/#primaryimage"},"thumbnailUrl":"https:\/\/cookking.online\/wp-content\/uploads\/2024\/01\/10858_1.webp","datePublished":"2026-03-10T09:39:41+00:00","description":"SHAPTON 50203 vandens akmuo galandimui gr\u016bd\u0117tumas 8000 Auk\u0161\u010diausios kokyb\u0117s \u012franga gaminimui, kepimui ant groteli\u0173 ir r\u016bkymui lauke.","breadcrumb":{"@id":"https:\/\/cookking.online\/katalogas\/peiliai\/shapton-50203-vandens-akmuo-galandimui-grudetumas-8000\/#breadcrumb"},"inLanguage":"en-US","potentialAction":[{"@type":"ReadAction","target":["https:\/\/cookking.online\/katalogas\/peiliai\/shapton-50203-vandens-akmuo-galandimui-grudetumas-8000\/"]}]},{"@type":"ImageObject","inLanguage":"en-US","@id":"https:\/\/cookking.online\/katalogas\/peiliai\/shapton-50203-vandens-akmuo-galandimui-grudetumas-8000\/#primaryimage","url":"https:\/\/cookking.online\/wp-content\/uploads\/2024\/01\/10858_1.webp","contentUrl":"https:\/\/cookking.online\/wp-content\/uploads\/2024\/01\/10858_1.webp","width":520,"height":520,"caption":"SHAPTON 50203 vandens akmuo galandimui, gr\u016bd\u0117tumas 8000"},{"@type":"BreadcrumbList","@id":"https:\/\/cookking.online\/katalogas\/peiliai\/shapton-50203-vandens-akmuo-galandimui-grudetumas-8000\/#breadcrumb","itemListElement":[{"@type":"ListItem","position":1,"name":"Prad\u017eia","item":"https:\/\/cookking.online\/"},{"@type":"ListItem","position":2,"name":"Parduotuv\u0117","item":"https:\/\/cookking.online\/parduotuve\/"},{"@type":"ListItem","position":3,"name":"SHAPTON 50203 vandens akmuo galandimui gr\u016bd\u0117tumas 8000"}]},{"@type":"WebSite","@id":"https:\/\/cookking.online\/#website","url":"https:\/\/cookking.online\/","name":"Cookking.online","description":"","publisher":{"@id":"https:\/\/cookking.online\/#organization"},"potentialAction":[{"@type":"SearchAction","target":{"@type":"EntryPoint","urlTemplate":"https:\/\/cookking.online\/?s={search_term_string}"},"query-input":{"@type":"PropertyValueSpecification","valueRequired":true,"valueName":"search_term_string"}}],"inLanguage":"en-US"},{"@type":"Organization","@id":"https:\/\/cookking.online\/#organization","name":"Cookking.online","url":"https:\/\/cookking.online\/","logo":{"@type":"ImageObject","inLanguage":"en-US","@id":"https:\/\/cookking.online\/#\/schema\/logo\/image\/","url":"https:\/\/cookking.online\/wp-content\/uploads\/2021\/11\/Logo.png","contentUrl":"https:\/\/cookking.online\/wp-content\/uploads\/2021\/11\/Logo.png","width":291,"height":100,"caption":"Cookking.online"},"image":{"@id":"https:\/\/cookking.online\/#\/schema\/logo\/image\/"}}]}},"_links":{"self":[{"href":"https:\/\/cookking.online\/en\/wp-json\/wp\/v2\/product\/10183","targetHints":{"allow":["GET"]}}],"collection":[{"href":"https:\/\/cookking.online\/en\/wp-json\/wp\/v2\/product"}],"about":[{"href":"https:\/\/cookking.online\/en\/wp-json\/wp\/v2\/types\/product"}],"wp:featuredmedia":[{"embeddable":true,"href":"https:\/\/cookking.online\/en\/wp-json\/wp\/v2\/media\/10184"}],"wp:attachment":[{"href":"https:\/\/cookking.online\/en\/wp-json\/wp\/v2\/media?parent=10183"}],"wp:term":[{"taxonomy":"product_brand","embeddable":true,"href":"https:\/\/cookking.online\/en\/wp-json\/wp\/v2\/product_brand?post=10183"},{"taxonomy":"product_cat","embeddable":true,"href":"https:\/\/cookking.online\/en\/wp-json\/wp\/v2\/product_cat?post=10183"},{"taxonomy":"product_tag","embeddable":true,"href":"https:\/\/cookking.online\/en\/wp-json\/wp\/v2\/product_tag?post=10183"}],"curies":[{"name":"wp","href":"https:\/\/api.w.org\/{rel}","templated":true}]}}