{"id":10202,"date":"2026-03-10T12:39:41","date_gmt":"2026-03-10T09:39:41","guid":{"rendered":"https:\/\/cookking.online\/?post_type=product&#038;p=10202"},"modified":"2026-03-10T12:39:41","modified_gmt":"2026-03-10T09:39:41","slug":"shapton-50100-akmens-islyginimo-plokste-is-glass-stone-serijos","status":"publish","type":"product","link":"https:\/\/cookking.online\/en\/katalogas\/peiliai\/shapton-50100-akmens-islyginimo-plokste-is-glass-stone-serijos\/","title":{"rendered":"SHAPTON 50100 akmens i\u0161lyginimo plok\u0161t\u0117 i\u0161 Glass Stone serijos"},"content":{"rendered":"<p><span style=\"vertical-align: inherit;\"><span style=\"vertical-align: inherit;\">SHAPTON 50100 akmens i\u0161lyginimo plok\u0161t\u0117 i\u0161 Glass Stone serijos<\/span><\/span><\/p>\n<p><span style=\"vertical-align: inherit;\"><span style=\"vertical-align: inherit;\">\u0160lifavimo metu kiekvieno akmens pavir\u0161ius, net ir kie\u010diausias, nusid\u0117vi netolygiai. D\u0117l to pasikei\u010dia gal\u0105st\u0173 peili\u0173 briaunos ir galandimo metu atsiranda klaid\u0173. Norint tobulai pagal\u0105sti peil\u012f, akmens pavir\u0161ius turi b\u016bti tolygiai plok\u0161\u010dias ir be \u012fdubim\u0173. Glass Stone serijos akmenims taisyti naudojama speciali deimantin\u0117 plok\u0161t\u0117, sumontuota ant gr\u016bdinto stiklo pagrindo. \u00a0<\/span><\/span><\/p>\n<p>&nbsp;<\/p>\n<p><strong><span style=\"vertical-align: inherit;\"><span style=\"vertical-align: inherit;\">Gradacija:<\/span><\/span><\/strong><span style=\"vertical-align: inherit;\"><span style=\"vertical-align: inherit;\"> \u00a0270\/325\u00a0<\/span><\/span><\/p>\n<p><strong><span style=\"vertical-align: inherit;\"><span style=\"vertical-align: inherit;\">Gr\u016bdeliai:<\/span><\/span><\/strong><span style=\"vertical-align: inherit;\"><span style=\"vertical-align: inherit;\"> \u00a054\/45 \u00b5m<\/span><\/span><\/p>\n<p><strong><span style=\"vertical-align: inherit;\"><span style=\"vertical-align: inherit;\">Matmenys:<\/span><\/span><\/strong><span style=\"vertical-align: inherit;\"><span style=\"vertical-align: inherit;\"> \u00a0253x80x24 mm<\/span><\/span><\/p>\n<p><strong><span style=\"vertical-align: inherit;\"><span style=\"vertical-align: inherit;\">Svoris:<\/span><\/span><\/strong><span style=\"vertical-align: inherit;\"><span style=\"vertical-align: inherit;\"> \u00a0apie 750 g<\/span><\/span><\/p>\n<p>&nbsp;<\/p>","protected":false},"excerpt":{"rendered":"<p>SHAPTON 50100 akmens i\u0161lyginimo plok\u0161t\u0117 i\u0161 Glass Stone serijos \u0160lifavimo metu kiekvieno akmens pavir\u0161ius, net ir kie\u010diausias, nusid\u0117vi netolygiai. D\u0117l to pasikei\u010dia gal\u0105st\u0173 peili\u0173 briaunos ir galandimo metu atsiranda klaid\u0173&#8230;.<\/p>","protected":false},"featured_media":10203,"template":"","meta":[],"product_brand":[],"product_cat":[119],"product_tag":[],"class_list":{"0":"post-10202","1":"product","2":"type-product","3":"status-publish","4":"has-post-thumbnail","6":"product_cat-peiliai","8":"first","9":"instock","10":"taxable","11":"shipping-taxable","12":"purchasable","13":"product-type-simple"},"yoast_head":"<!-- This site is optimized with the Yoast SEO plugin v27.4 - https:\/\/yoast.com\/product\/yoast-seo-wordpress\/ -->\n<title>SHAPTON 50100 akmens i\u0161lyginimo plok\u0161t\u0117 i\u0161 Glass Stone serijos - Cookking.online<\/title>\n<meta name=\"description\" content=\"SHAPTON 50100 akmens i\u0161lyginimo plok\u0161t\u0117 i\u0161 Glass Stone serijos Auk\u0161\u010diausios kokyb\u0117s \u012franga gaminimui, kepimui ant groteli\u0173 ir r\u016bkymui lauke.\" \/>\n<meta name=\"robots\" content=\"index, follow, max-snippet:-1, max-image-preview:large, max-video-preview:-1\" \/>\n<link rel=\"canonical\" href=\"https:\/\/cookking.online\/en\/katalogas\/peiliai\/shapton-50100-akmens-islyginimo-plokste-is-glass-stone-serijos\/\" \/>\n<meta property=\"og:locale\" content=\"en_US\" \/>\n<meta property=\"og:type\" content=\"article\" \/>\n<meta property=\"og:title\" content=\"SHAPTON 50100 akmens i\u0161lyginimo plok\u0161t\u0117 i\u0161 Glass Stone serijos - Cookking.online\" \/>\n<meta property=\"og:description\" content=\"SHAPTON 50100 akmens i\u0161lyginimo plok\u0161t\u0117 i\u0161 Glass Stone serijos Auk\u0161\u010diausios kokyb\u0117s \u012franga gaminimui, kepimui ant groteli\u0173 ir r\u016bkymui lauke.\" \/>\n<meta property=\"og:url\" content=\"https:\/\/cookking.online\/en\/katalogas\/peiliai\/shapton-50100-akmens-islyginimo-plokste-is-glass-stone-serijos\/\" \/>\n<meta property=\"og:site_name\" content=\"Cookking.online\" \/>\n<meta property=\"og:image\" content=\"https:\/\/cookking.online\/wp-content\/uploads\/2024\/01\/10865_1.webp\" \/>\n\t<meta property=\"og:image:width\" content=\"393\" \/>\n\t<meta property=\"og:image:height\" content=\"1200\" \/>\n\t<meta property=\"og:image:type\" content=\"image\/webp\" \/>\n<meta name=\"twitter:card\" content=\"summary_large_image\" \/>\n<meta name=\"twitter:label1\" content=\"Est. reading time\" \/>\n\t<meta name=\"twitter:data1\" content=\"1 minute\" \/>\n<script type=\"application\/ld+json\" class=\"yoast-schema-graph\">{\"@context\":\"https:\\\/\\\/schema.org\",\"@graph\":[{\"@type\":\"WebPage\",\"@id\":\"https:\\\/\\\/cookking.online\\\/katalogas\\\/peiliai\\\/shapton-50100-akmens-islyginimo-plokste-is-glass-stone-serijos\\\/\",\"url\":\"https:\\\/\\\/cookking.online\\\/katalogas\\\/peiliai\\\/shapton-50100-akmens-islyginimo-plokste-is-glass-stone-serijos\\\/\",\"name\":\"SHAPTON 50100 akmens i\u0161lyginimo plok\u0161t\u0117 i\u0161 Glass Stone serijos - Cookking.online\",\"isPartOf\":{\"@id\":\"https:\\\/\\\/cookking.online\\\/#website\"},\"primaryImageOfPage\":{\"@id\":\"https:\\\/\\\/cookking.online\\\/katalogas\\\/peiliai\\\/shapton-50100-akmens-islyginimo-plokste-is-glass-stone-serijos\\\/#primaryimage\"},\"image\":{\"@id\":\"https:\\\/\\\/cookking.online\\\/katalogas\\\/peiliai\\\/shapton-50100-akmens-islyginimo-plokste-is-glass-stone-serijos\\\/#primaryimage\"},\"thumbnailUrl\":\"https:\\\/\\\/cookking.online\\\/wp-content\\\/uploads\\\/2024\\\/01\\\/10865_1.webp\",\"datePublished\":\"2026-03-10T09:39:41+00:00\",\"description\":\"SHAPTON 50100 akmens i\u0161lyginimo plok\u0161t\u0117 i\u0161 Glass Stone serijos Auk\u0161\u010diausios kokyb\u0117s \u012franga gaminimui, kepimui ant groteli\u0173 ir r\u016bkymui lauke.\",\"breadcrumb\":{\"@id\":\"https:\\\/\\\/cookking.online\\\/katalogas\\\/peiliai\\\/shapton-50100-akmens-islyginimo-plokste-is-glass-stone-serijos\\\/#breadcrumb\"},\"inLanguage\":\"en-US\",\"potentialAction\":[{\"@type\":\"ReadAction\",\"target\":[\"https:\\\/\\\/cookking.online\\\/katalogas\\\/peiliai\\\/shapton-50100-akmens-islyginimo-plokste-is-glass-stone-serijos\\\/\"]}]},{\"@type\":\"ImageObject\",\"inLanguage\":\"en-US\",\"@id\":\"https:\\\/\\\/cookking.online\\\/katalogas\\\/peiliai\\\/shapton-50100-akmens-islyginimo-plokste-is-glass-stone-serijos\\\/#primaryimage\",\"url\":\"https:\\\/\\\/cookking.online\\\/wp-content\\\/uploads\\\/2024\\\/01\\\/10865_1.webp\",\"contentUrl\":\"https:\\\/\\\/cookking.online\\\/wp-content\\\/uploads\\\/2024\\\/01\\\/10865_1.webp\",\"width\":393,\"height\":1200,\"caption\":\"SHAPTON 50100 akmens i\u0161lyginimo plok\u0161t\u0117 i\u0161 Glass Stone serijos\"},{\"@type\":\"BreadcrumbList\",\"@id\":\"https:\\\/\\\/cookking.online\\\/katalogas\\\/peiliai\\\/shapton-50100-akmens-islyginimo-plokste-is-glass-stone-serijos\\\/#breadcrumb\",\"itemListElement\":[{\"@type\":\"ListItem\",\"position\":1,\"name\":\"Prad\u017eia\",\"item\":\"https:\\\/\\\/cookking.online\\\/\"},{\"@type\":\"ListItem\",\"position\":2,\"name\":\"Parduotuv\u0117\",\"item\":\"https:\\\/\\\/cookking.online\\\/parduotuve\\\/\"},{\"@type\":\"ListItem\",\"position\":3,\"name\":\"SHAPTON 50100 akmens i\u0161lyginimo plok\u0161t\u0117 i\u0161 Glass Stone serijos\"}]},{\"@type\":\"WebSite\",\"@id\":\"https:\\\/\\\/cookking.online\\\/#website\",\"url\":\"https:\\\/\\\/cookking.online\\\/\",\"name\":\"Cookking.online\",\"description\":\"\",\"publisher\":{\"@id\":\"https:\\\/\\\/cookking.online\\\/#organization\"},\"potentialAction\":[{\"@type\":\"SearchAction\",\"target\":{\"@type\":\"EntryPoint\",\"urlTemplate\":\"https:\\\/\\\/cookking.online\\\/?s={search_term_string}\"},\"query-input\":{\"@type\":\"PropertyValueSpecification\",\"valueRequired\":true,\"valueName\":\"search_term_string\"}}],\"inLanguage\":\"en-US\"},{\"@type\":\"Organization\",\"@id\":\"https:\\\/\\\/cookking.online\\\/#organization\",\"name\":\"Cookking.online\",\"url\":\"https:\\\/\\\/cookking.online\\\/\",\"logo\":{\"@type\":\"ImageObject\",\"inLanguage\":\"en-US\",\"@id\":\"https:\\\/\\\/cookking.online\\\/#\\\/schema\\\/logo\\\/image\\\/\",\"url\":\"https:\\\/\\\/cookking.online\\\/wp-content\\\/uploads\\\/2021\\\/11\\\/Logo.png\",\"contentUrl\":\"https:\\\/\\\/cookking.online\\\/wp-content\\\/uploads\\\/2021\\\/11\\\/Logo.png\",\"width\":291,\"height\":100,\"caption\":\"Cookking.online\"},\"image\":{\"@id\":\"https:\\\/\\\/cookking.online\\\/#\\\/schema\\\/logo\\\/image\\\/\"}}]}<\/script>\n<!-- \/ Yoast SEO plugin. -->","yoast_head_json":{"title":"SHAPTON 50100 akmens i\u0161lyginimo plok\u0161t\u0117 i\u0161 Glass Stone serijos - Cookking.online","description":"SHAPTON 50100 akmens i\u0161lyginimo plok\u0161t\u0117 i\u0161 Glass Stone serijos Auk\u0161\u010diausios kokyb\u0117s \u012franga gaminimui, kepimui ant groteli\u0173 ir r\u016bkymui lauke.","robots":{"index":"index","follow":"follow","max-snippet":"max-snippet:-1","max-image-preview":"max-image-preview:large","max-video-preview":"max-video-preview:-1"},"canonical":"https:\/\/cookking.online\/en\/katalogas\/peiliai\/shapton-50100-akmens-islyginimo-plokste-is-glass-stone-serijos\/","og_locale":"en_US","og_type":"article","og_title":"SHAPTON 50100 akmens i\u0161lyginimo plok\u0161t\u0117 i\u0161 Glass Stone serijos - Cookking.online","og_description":"SHAPTON 50100 akmens i\u0161lyginimo plok\u0161t\u0117 i\u0161 Glass Stone serijos Auk\u0161\u010diausios kokyb\u0117s \u012franga gaminimui, kepimui ant groteli\u0173 ir r\u016bkymui lauke.","og_url":"https:\/\/cookking.online\/en\/katalogas\/peiliai\/shapton-50100-akmens-islyginimo-plokste-is-glass-stone-serijos\/","og_site_name":"Cookking.online","og_image":[{"width":393,"height":1200,"url":"https:\/\/cookking.online\/wp-content\/uploads\/2024\/01\/10865_1.webp","type":"image\/webp"}],"twitter_card":"summary_large_image","twitter_misc":{"Est. reading time":"1 minute"},"schema":{"@context":"https:\/\/schema.org","@graph":[{"@type":"WebPage","@id":"https:\/\/cookking.online\/katalogas\/peiliai\/shapton-50100-akmens-islyginimo-plokste-is-glass-stone-serijos\/","url":"https:\/\/cookking.online\/katalogas\/peiliai\/shapton-50100-akmens-islyginimo-plokste-is-glass-stone-serijos\/","name":"SHAPTON 50100 akmens i\u0161lyginimo plok\u0161t\u0117 i\u0161 Glass Stone serijos - Cookking.online","isPartOf":{"@id":"https:\/\/cookking.online\/#website"},"primaryImageOfPage":{"@id":"https:\/\/cookking.online\/katalogas\/peiliai\/shapton-50100-akmens-islyginimo-plokste-is-glass-stone-serijos\/#primaryimage"},"image":{"@id":"https:\/\/cookking.online\/katalogas\/peiliai\/shapton-50100-akmens-islyginimo-plokste-is-glass-stone-serijos\/#primaryimage"},"thumbnailUrl":"https:\/\/cookking.online\/wp-content\/uploads\/2024\/01\/10865_1.webp","datePublished":"2026-03-10T09:39:41+00:00","description":"SHAPTON 50100 akmens i\u0161lyginimo plok\u0161t\u0117 i\u0161 Glass Stone serijos Auk\u0161\u010diausios kokyb\u0117s \u012franga gaminimui, kepimui ant groteli\u0173 ir r\u016bkymui lauke.","breadcrumb":{"@id":"https:\/\/cookking.online\/katalogas\/peiliai\/shapton-50100-akmens-islyginimo-plokste-is-glass-stone-serijos\/#breadcrumb"},"inLanguage":"en-US","potentialAction":[{"@type":"ReadAction","target":["https:\/\/cookking.online\/katalogas\/peiliai\/shapton-50100-akmens-islyginimo-plokste-is-glass-stone-serijos\/"]}]},{"@type":"ImageObject","inLanguage":"en-US","@id":"https:\/\/cookking.online\/katalogas\/peiliai\/shapton-50100-akmens-islyginimo-plokste-is-glass-stone-serijos\/#primaryimage","url":"https:\/\/cookking.online\/wp-content\/uploads\/2024\/01\/10865_1.webp","contentUrl":"https:\/\/cookking.online\/wp-content\/uploads\/2024\/01\/10865_1.webp","width":393,"height":1200,"caption":"SHAPTON 50100 akmens i\u0161lyginimo plok\u0161t\u0117 i\u0161 Glass Stone serijos"},{"@type":"BreadcrumbList","@id":"https:\/\/cookking.online\/katalogas\/peiliai\/shapton-50100-akmens-islyginimo-plokste-is-glass-stone-serijos\/#breadcrumb","itemListElement":[{"@type":"ListItem","position":1,"name":"Prad\u017eia","item":"https:\/\/cookking.online\/"},{"@type":"ListItem","position":2,"name":"Parduotuv\u0117","item":"https:\/\/cookking.online\/parduotuve\/"},{"@type":"ListItem","position":3,"name":"SHAPTON 50100 akmens i\u0161lyginimo plok\u0161t\u0117 i\u0161 Glass Stone serijos"}]},{"@type":"WebSite","@id":"https:\/\/cookking.online\/#website","url":"https:\/\/cookking.online\/","name":"Cookking.online","description":"","publisher":{"@id":"https:\/\/cookking.online\/#organization"},"potentialAction":[{"@type":"SearchAction","target":{"@type":"EntryPoint","urlTemplate":"https:\/\/cookking.online\/?s={search_term_string}"},"query-input":{"@type":"PropertyValueSpecification","valueRequired":true,"valueName":"search_term_string"}}],"inLanguage":"en-US"},{"@type":"Organization","@id":"https:\/\/cookking.online\/#organization","name":"Cookking.online","url":"https:\/\/cookking.online\/","logo":{"@type":"ImageObject","inLanguage":"en-US","@id":"https:\/\/cookking.online\/#\/schema\/logo\/image\/","url":"https:\/\/cookking.online\/wp-content\/uploads\/2021\/11\/Logo.png","contentUrl":"https:\/\/cookking.online\/wp-content\/uploads\/2021\/11\/Logo.png","width":291,"height":100,"caption":"Cookking.online"},"image":{"@id":"https:\/\/cookking.online\/#\/schema\/logo\/image\/"}}]}},"_links":{"self":[{"href":"https:\/\/cookking.online\/en\/wp-json\/wp\/v2\/product\/10202","targetHints":{"allow":["GET"]}}],"collection":[{"href":"https:\/\/cookking.online\/en\/wp-json\/wp\/v2\/product"}],"about":[{"href":"https:\/\/cookking.online\/en\/wp-json\/wp\/v2\/types\/product"}],"wp:featuredmedia":[{"embeddable":true,"href":"https:\/\/cookking.online\/en\/wp-json\/wp\/v2\/media\/10203"}],"wp:attachment":[{"href":"https:\/\/cookking.online\/en\/wp-json\/wp\/v2\/media?parent=10202"}],"wp:term":[{"taxonomy":"product_brand","embeddable":true,"href":"https:\/\/cookking.online\/en\/wp-json\/wp\/v2\/product_brand?post=10202"},{"taxonomy":"product_cat","embeddable":true,"href":"https:\/\/cookking.online\/en\/wp-json\/wp\/v2\/product_cat?post=10202"},{"taxonomy":"product_tag","embeddable":true,"href":"https:\/\/cookking.online\/en\/wp-json\/wp\/v2\/product_tag?post=10202"}],"curies":[{"name":"wp","href":"https:\/\/api.w.org\/{rel}","templated":true}]}}