{"id":10229,"date":"2026-03-10T12:51:51","date_gmt":"2026-03-10T09:51:51","guid":{"rendered":"https:\/\/cookking.online\/?post_type=product&#038;p=10229"},"modified":"2026-03-10T12:51:51","modified_gmt":"2026-03-10T09:51:51","slug":"shapton-k0710-vandens-akmuo-galandimui-8000","status":"publish","type":"product","link":"https:\/\/cookking.online\/en\/katalogas\/peiliai\/shapton-k0710-vandens-akmuo-galandimui-8000\/","title":{"rendered":"SHAPTON K0710 vandens akmuo galandimui 8000"},"content":{"rendered":"<p><span style=\"vertical-align: inherit;\"><span style=\"vertical-align: inherit;\">SHAPTON K0710 vandens akmuo galandimui 8000<\/span><\/span><\/p>\n<p><span style=\"vertical-align: inherit;\"><span style=\"vertical-align: inherit;\">Tradicini\u0173 vandens akmen\u0173 serija su gradacija nuo 120 iki 30 000 kruop\u0173. Kiekvienas akmuo, be individualaus \u017eenklinimo prek\u0117s kodu, atpa\u017e\u012fstamas ir pagal unikali\u0105 spalv\u0105. Tai leid\u017eia greitai pasirinkti akmen\u012f galandant peilius. Akmenys supakuoti \u012f specialias apsaugines plastikines d\u0117\u017eutes, kurios tarnauja ir kaip stovai. \u00a0 \u00a0<\/span><\/span><\/p>\n<p><span style=\"vertical-align: inherit;\"><span style=\"vertical-align: inherit;\">Specialiai sukurta \u201eSplash&amp;Go\u201c technologija neleid\u017eia per daug vandens \u012fsigerti akmeniui. Tai leid\u017eia gausiai apipurk\u0161ti akmen\u012f vandeniu, kai v\u0117l galandote peilius, ir nereikia j\u0173 v\u0117l ilgai mirkyti. Tik naudojant KUROMAKU akmen\u012f pirm\u0105 kart\u0105, j\u012f reikia pamirkyti vandenyje apie 6 minutes. \u00a0 \u00a0<\/span><\/span><\/p>\n<p><span style=\"vertical-align: inherit;\"><span style=\"vertical-align: inherit;\">KUROMAKU serijos akmenis galima naudoti tiek su vandeniu, tiek su specialia galandimo alyva. Ta\u010diau atminkite, kad pasirink\u0119 aliej\u0173 kaip terp\u0119, kuri suteikia akmenims dr\u0117gm\u0117s, nebegal\u0117site gr\u012f\u017eti prie akmen\u0173 pur\u0161kimo vandeniu.<\/span><\/span><\/p>\n<p><strong><span style=\"vertical-align: inherit;\"><span style=\"vertical-align: inherit;\">Gradacija:<\/span><\/span><\/strong><span style=\"vertical-align: inherit;\"><span style=\"vertical-align: inherit;\"> \u00a08000<\/span><\/span><\/p>\n<p><strong><span style=\"vertical-align: inherit;\"><span style=\"vertical-align: inherit;\">Spalva:<\/span><\/span><\/strong><span style=\"vertical-align: inherit;\"><span style=\"vertical-align: inherit;\"> \u00a0melionas<\/span><\/span><\/p>\n<p><strong><span style=\"vertical-align: inherit;\"><span style=\"vertical-align: inherit;\">Matmenys:<\/span><\/span><\/strong><span style=\"vertical-align: inherit;\"><span style=\"vertical-align: inherit;\"> \u00a0210x70x15 mm<\/span><\/span><\/p>\n<p><strong><span style=\"vertical-align: inherit;\"><span style=\"vertical-align: inherit;\">Svoris:<\/span><\/span><\/strong><span style=\"vertical-align: inherit;\"><span style=\"vertical-align: inherit;\"> \u00a0apie 500 g<\/span><\/span><\/p>","protected":false},"excerpt":{"rendered":"<p>SHAPTON K0710 vandens akmuo galandimui 8000 Tradicini\u0173 vandens akmen\u0173 serija su gradacija nuo 120 iki 30 000 kruop\u0173. Kiekvienas akmuo, be individualaus \u017eenklinimo prek\u0117s kodu, atpa\u017e\u012fstamas ir pagal unikali\u0105 spalv\u0105&#8230;.<\/p>","protected":false},"featured_media":10230,"template":"","meta":[],"product_brand":[],"product_cat":[119],"product_tag":[],"class_list":{"0":"post-10229","1":"product","2":"type-product","3":"status-publish","4":"has-post-thumbnail","6":"product_cat-peiliai","8":"first","9":"instock","10":"taxable","11":"shipping-taxable","12":"purchasable","13":"product-type-simple"},"yoast_head":"<!-- This site is optimized with the Yoast SEO plugin v27.3 - https:\/\/yoast.com\/product\/yoast-seo-wordpress\/ -->\n<title>SHAPTON K0710 vandens akmuo galandimui 8000 - Cookking.online<\/title>\n<meta name=\"description\" content=\"SHAPTON K0710 vandens akmuo galandimui 8000 Auk\u0161\u010diausios kokyb\u0117s \u012franga gaminimui, kepimui ant groteli\u0173 ir r\u016bkymui lauke.\" \/>\n<meta name=\"robots\" content=\"index, follow, max-snippet:-1, max-image-preview:large, max-video-preview:-1\" \/>\n<link rel=\"canonical\" href=\"https:\/\/cookking.online\/en\/katalogas\/peiliai\/shapton-k0710-vandens-akmuo-galandimui-8000\/\" \/>\n<meta property=\"og:locale\" content=\"en_US\" \/>\n<meta property=\"og:type\" content=\"article\" \/>\n<meta property=\"og:title\" content=\"SHAPTON K0710 vandens akmuo galandimui 8000 - Cookking.online\" \/>\n<meta property=\"og:description\" content=\"SHAPTON K0710 vandens akmuo galandimui 8000 Auk\u0161\u010diausios kokyb\u0117s \u012franga gaminimui, kepimui ant groteli\u0173 ir r\u016bkymui lauke.\" \/>\n<meta property=\"og:url\" content=\"https:\/\/cookking.online\/en\/katalogas\/peiliai\/shapton-k0710-vandens-akmuo-galandimui-8000\/\" \/>\n<meta property=\"og:site_name\" content=\"Cookking.online\" \/>\n<meta property=\"og:image\" content=\"https:\/\/cookking.online\/wp-content\/uploads\/2024\/01\/10873_3.webp\" \/>\n\t<meta property=\"og:image:width\" content=\"1280\" \/>\n\t<meta property=\"og:image:height\" content=\"1280\" \/>\n\t<meta property=\"og:image:type\" content=\"image\/webp\" \/>\n<meta name=\"twitter:card\" content=\"summary_large_image\" \/>\n<meta name=\"twitter:label1\" content=\"Est. reading time\" \/>\n\t<meta name=\"twitter:data1\" content=\"1 minute\" \/>\n<script type=\"application\/ld+json\" class=\"yoast-schema-graph\">{\"@context\":\"https:\\\/\\\/schema.org\",\"@graph\":[{\"@type\":\"WebPage\",\"@id\":\"https:\\\/\\\/cookking.online\\\/katalogas\\\/peiliai\\\/shapton-k0710-vandens-akmuo-galandimui-8000\\\/\",\"url\":\"https:\\\/\\\/cookking.online\\\/katalogas\\\/peiliai\\\/shapton-k0710-vandens-akmuo-galandimui-8000\\\/\",\"name\":\"SHAPTON K0710 vandens akmuo galandimui 8000 - Cookking.online\",\"isPartOf\":{\"@id\":\"https:\\\/\\\/cookking.online\\\/#website\"},\"primaryImageOfPage\":{\"@id\":\"https:\\\/\\\/cookking.online\\\/katalogas\\\/peiliai\\\/shapton-k0710-vandens-akmuo-galandimui-8000\\\/#primaryimage\"},\"image\":{\"@id\":\"https:\\\/\\\/cookking.online\\\/katalogas\\\/peiliai\\\/shapton-k0710-vandens-akmuo-galandimui-8000\\\/#primaryimage\"},\"thumbnailUrl\":\"https:\\\/\\\/cookking.online\\\/wp-content\\\/uploads\\\/2024\\\/01\\\/10873_3.webp\",\"datePublished\":\"2026-03-10T09:51:51+00:00\",\"description\":\"SHAPTON K0710 vandens akmuo galandimui 8000 Auk\u0161\u010diausios kokyb\u0117s \u012franga gaminimui, kepimui ant groteli\u0173 ir r\u016bkymui lauke.\",\"breadcrumb\":{\"@id\":\"https:\\\/\\\/cookking.online\\\/katalogas\\\/peiliai\\\/shapton-k0710-vandens-akmuo-galandimui-8000\\\/#breadcrumb\"},\"inLanguage\":\"en-US\",\"potentialAction\":[{\"@type\":\"ReadAction\",\"target\":[\"https:\\\/\\\/cookking.online\\\/katalogas\\\/peiliai\\\/shapton-k0710-vandens-akmuo-galandimui-8000\\\/\"]}]},{\"@type\":\"ImageObject\",\"inLanguage\":\"en-US\",\"@id\":\"https:\\\/\\\/cookking.online\\\/katalogas\\\/peiliai\\\/shapton-k0710-vandens-akmuo-galandimui-8000\\\/#primaryimage\",\"url\":\"https:\\\/\\\/cookking.online\\\/wp-content\\\/uploads\\\/2024\\\/01\\\/10873_3.webp\",\"contentUrl\":\"https:\\\/\\\/cookking.online\\\/wp-content\\\/uploads\\\/2024\\\/01\\\/10873_3.webp\",\"width\":1280,\"height\":1280,\"caption\":\"SHAPTON K0710 vandens akmuo galandimui 8000\"},{\"@type\":\"BreadcrumbList\",\"@id\":\"https:\\\/\\\/cookking.online\\\/katalogas\\\/peiliai\\\/shapton-k0710-vandens-akmuo-galandimui-8000\\\/#breadcrumb\",\"itemListElement\":[{\"@type\":\"ListItem\",\"position\":1,\"name\":\"Prad\u017eia\",\"item\":\"https:\\\/\\\/cookking.online\\\/\"},{\"@type\":\"ListItem\",\"position\":2,\"name\":\"Parduotuv\u0117\",\"item\":\"https:\\\/\\\/cookking.online\\\/parduotuve\\\/\"},{\"@type\":\"ListItem\",\"position\":3,\"name\":\"SHAPTON K0710 vandens akmuo galandimui 8000\"}]},{\"@type\":\"WebSite\",\"@id\":\"https:\\\/\\\/cookking.online\\\/#website\",\"url\":\"https:\\\/\\\/cookking.online\\\/\",\"name\":\"Cookking.online\",\"description\":\"\",\"publisher\":{\"@id\":\"https:\\\/\\\/cookking.online\\\/#organization\"},\"potentialAction\":[{\"@type\":\"SearchAction\",\"target\":{\"@type\":\"EntryPoint\",\"urlTemplate\":\"https:\\\/\\\/cookking.online\\\/?s={search_term_string}\"},\"query-input\":{\"@type\":\"PropertyValueSpecification\",\"valueRequired\":true,\"valueName\":\"search_term_string\"}}],\"inLanguage\":\"en-US\"},{\"@type\":\"Organization\",\"@id\":\"https:\\\/\\\/cookking.online\\\/#organization\",\"name\":\"Cookking.online\",\"url\":\"https:\\\/\\\/cookking.online\\\/\",\"logo\":{\"@type\":\"ImageObject\",\"inLanguage\":\"en-US\",\"@id\":\"https:\\\/\\\/cookking.online\\\/#\\\/schema\\\/logo\\\/image\\\/\",\"url\":\"https:\\\/\\\/cookking.online\\\/wp-content\\\/uploads\\\/2021\\\/11\\\/Logo.png\",\"contentUrl\":\"https:\\\/\\\/cookking.online\\\/wp-content\\\/uploads\\\/2021\\\/11\\\/Logo.png\",\"width\":291,\"height\":100,\"caption\":\"Cookking.online\"},\"image\":{\"@id\":\"https:\\\/\\\/cookking.online\\\/#\\\/schema\\\/logo\\\/image\\\/\"}}]}<\/script>\n<!-- \/ Yoast SEO plugin. -->","yoast_head_json":{"title":"SHAPTON K0710 vandens akmuo galandimui 8000 - Cookking.online","description":"SHAPTON K0710 vandens akmuo galandimui 8000 Auk\u0161\u010diausios kokyb\u0117s \u012franga gaminimui, kepimui ant groteli\u0173 ir r\u016bkymui lauke.","robots":{"index":"index","follow":"follow","max-snippet":"max-snippet:-1","max-image-preview":"max-image-preview:large","max-video-preview":"max-video-preview:-1"},"canonical":"https:\/\/cookking.online\/en\/katalogas\/peiliai\/shapton-k0710-vandens-akmuo-galandimui-8000\/","og_locale":"en_US","og_type":"article","og_title":"SHAPTON K0710 vandens akmuo galandimui 8000 - Cookking.online","og_description":"SHAPTON K0710 vandens akmuo galandimui 8000 Auk\u0161\u010diausios kokyb\u0117s \u012franga gaminimui, kepimui ant groteli\u0173 ir r\u016bkymui lauke.","og_url":"https:\/\/cookking.online\/en\/katalogas\/peiliai\/shapton-k0710-vandens-akmuo-galandimui-8000\/","og_site_name":"Cookking.online","og_image":[{"width":1280,"height":1280,"url":"https:\/\/cookking.online\/wp-content\/uploads\/2024\/01\/10873_3.webp","type":"image\/webp"}],"twitter_card":"summary_large_image","twitter_misc":{"Est. reading time":"1 minute"},"schema":{"@context":"https:\/\/schema.org","@graph":[{"@type":"WebPage","@id":"https:\/\/cookking.online\/katalogas\/peiliai\/shapton-k0710-vandens-akmuo-galandimui-8000\/","url":"https:\/\/cookking.online\/katalogas\/peiliai\/shapton-k0710-vandens-akmuo-galandimui-8000\/","name":"SHAPTON K0710 vandens akmuo galandimui 8000 - Cookking.online","isPartOf":{"@id":"https:\/\/cookking.online\/#website"},"primaryImageOfPage":{"@id":"https:\/\/cookking.online\/katalogas\/peiliai\/shapton-k0710-vandens-akmuo-galandimui-8000\/#primaryimage"},"image":{"@id":"https:\/\/cookking.online\/katalogas\/peiliai\/shapton-k0710-vandens-akmuo-galandimui-8000\/#primaryimage"},"thumbnailUrl":"https:\/\/cookking.online\/wp-content\/uploads\/2024\/01\/10873_3.webp","datePublished":"2026-03-10T09:51:51+00:00","description":"SHAPTON K0710 vandens akmuo galandimui 8000 Auk\u0161\u010diausios kokyb\u0117s \u012franga gaminimui, kepimui ant groteli\u0173 ir r\u016bkymui lauke.","breadcrumb":{"@id":"https:\/\/cookking.online\/katalogas\/peiliai\/shapton-k0710-vandens-akmuo-galandimui-8000\/#breadcrumb"},"inLanguage":"en-US","potentialAction":[{"@type":"ReadAction","target":["https:\/\/cookking.online\/katalogas\/peiliai\/shapton-k0710-vandens-akmuo-galandimui-8000\/"]}]},{"@type":"ImageObject","inLanguage":"en-US","@id":"https:\/\/cookking.online\/katalogas\/peiliai\/shapton-k0710-vandens-akmuo-galandimui-8000\/#primaryimage","url":"https:\/\/cookking.online\/wp-content\/uploads\/2024\/01\/10873_3.webp","contentUrl":"https:\/\/cookking.online\/wp-content\/uploads\/2024\/01\/10873_3.webp","width":1280,"height":1280,"caption":"SHAPTON K0710 vandens akmuo galandimui 8000"},{"@type":"BreadcrumbList","@id":"https:\/\/cookking.online\/katalogas\/peiliai\/shapton-k0710-vandens-akmuo-galandimui-8000\/#breadcrumb","itemListElement":[{"@type":"ListItem","position":1,"name":"Prad\u017eia","item":"https:\/\/cookking.online\/"},{"@type":"ListItem","position":2,"name":"Parduotuv\u0117","item":"https:\/\/cookking.online\/parduotuve\/"},{"@type":"ListItem","position":3,"name":"SHAPTON K0710 vandens akmuo galandimui 8000"}]},{"@type":"WebSite","@id":"https:\/\/cookking.online\/#website","url":"https:\/\/cookking.online\/","name":"Cookking.online","description":"","publisher":{"@id":"https:\/\/cookking.online\/#organization"},"potentialAction":[{"@type":"SearchAction","target":{"@type":"EntryPoint","urlTemplate":"https:\/\/cookking.online\/?s={search_term_string}"},"query-input":{"@type":"PropertyValueSpecification","valueRequired":true,"valueName":"search_term_string"}}],"inLanguage":"en-US"},{"@type":"Organization","@id":"https:\/\/cookking.online\/#organization","name":"Cookking.online","url":"https:\/\/cookking.online\/","logo":{"@type":"ImageObject","inLanguage":"en-US","@id":"https:\/\/cookking.online\/#\/schema\/logo\/image\/","url":"https:\/\/cookking.online\/wp-content\/uploads\/2021\/11\/Logo.png","contentUrl":"https:\/\/cookking.online\/wp-content\/uploads\/2021\/11\/Logo.png","width":291,"height":100,"caption":"Cookking.online"},"image":{"@id":"https:\/\/cookking.online\/#\/schema\/logo\/image\/"}}]}},"_links":{"self":[{"href":"https:\/\/cookking.online\/en\/wp-json\/wp\/v2\/product\/10229","targetHints":{"allow":["GET"]}}],"collection":[{"href":"https:\/\/cookking.online\/en\/wp-json\/wp\/v2\/product"}],"about":[{"href":"https:\/\/cookking.online\/en\/wp-json\/wp\/v2\/types\/product"}],"wp:featuredmedia":[{"embeddable":true,"href":"https:\/\/cookking.online\/en\/wp-json\/wp\/v2\/media\/10230"}],"wp:attachment":[{"href":"https:\/\/cookking.online\/en\/wp-json\/wp\/v2\/media?parent=10229"}],"wp:term":[{"taxonomy":"product_brand","embeddable":true,"href":"https:\/\/cookking.online\/en\/wp-json\/wp\/v2\/product_brand?post=10229"},{"taxonomy":"product_cat","embeddable":true,"href":"https:\/\/cookking.online\/en\/wp-json\/wp\/v2\/product_cat?post=10229"},{"taxonomy":"product_tag","embeddable":true,"href":"https:\/\/cookking.online\/en\/wp-json\/wp\/v2\/product_tag?post=10229"}],"curies":[{"name":"wp","href":"https:\/\/api.w.org\/{rel}","templated":true}]}}