{"id":10293,"date":"2026-03-10T12:51:51","date_gmt":"2026-03-10T09:51:51","guid":{"rendered":"https:\/\/cookking.online\/?post_type=product&#038;p=10293"},"modified":"2026-03-10T12:51:51","modified_gmt":"2026-03-10T09:51:51","slug":"suncraft-senzo-professional-smulkus-virtuvinis-peilis-135mm-mp-02","status":"publish","type":"product","link":"https:\/\/cookking.online\/en\/katalogas\/peiliai\/suncraft-senzo-professional-smulkus-virtuvinis-peilis-135mm-mp-02\/","title":{"rendered":"Suncraft SENZO PROFESSIONAL Smulkus virtuvinis peilis 135mm MP-02"},"content":{"rendered":"<h4 style=\"text-align: justify;\">Suncraft SENZO PROFESSIONAL Smulkus virtuvinis peilis 135mm MP-02<\/h4>\n<p style=\"text-align: justify;\"><span style=\"vertical-align: inherit;\"><span style=\"vertical-align: inherit;\">Universalus Suncraft SENZO PROFESSIONAL Petty 135 mm virtuvinis peilis primena \u0161efo peil\u012f. <\/span><span style=\"vertical-align: inherit;\">I\u0161 tikr\u0173j\u0173 tai yra ma\u017eesn\u0117 jo versija, ir, kaip rodo pavadinimas, \u0161is peilis gali b\u016bti naudojamas beveik neribotai.<\/span><\/span><\/p>\n<p style=\"text-align: justify;\"><strong><span style=\"vertical-align: inherit;\"><span style=\"vertical-align: inherit;\">SENZO PROFESSIONAL<\/span><\/span><\/strong><span style=\"vertical-align: inherit;\"><span style=\"vertical-align: inherit;\"> linija\u00a0 <\/span><span style=\"vertical-align: inherit;\">\u00a0yra auk\u0161\u010diausios kokyb\u0117s japoni\u0161ko plieno derinys su tradicine europieti\u0161ka rankena. <\/span><span style=\"vertical-align: inherit;\">Visiems, kurie tikisi tobulo a\u0161trumo, japoni\u0161ko a\u0161men\u0173 dizaino ir prislopintos medin\u0117s rankenos dizaino. <\/span><span style=\"vertical-align: inherit;\">\u0160iuo atveju n\u0117ra ak\u012f r\u0117\u017eian\u010di\u0173 fejerverk\u0173, kaip esame \u012fprat\u0119 \u201eSuncraft\u201c kalimo meistr\u0173. <\/span><span style=\"vertical-align: inherit;\">Ta\u010diau turime sud\u0117ting\u0173 skoni\u0173 dizaino ir vieno geriausi\u0173 plien\u0173, ty miltelinio plieno <\/span><\/span><strong><span style=\"vertical-align: inherit;\"><span style=\"vertical-align: inherit;\">*Super Gold 2<\/span><\/span><\/strong><span style=\"vertical-align: inherit;\"><span style=\"vertical-align: inherit;\"> .<\/span><\/span><\/p>\n<p style=\"text-align: justify;\"><strong><span style=\"vertical-align: inherit;\"><span style=\"vertical-align: inherit;\">SENZO PROFESSIONAL<\/span><\/span><\/strong><span style=\"vertical-align: inherit;\"><span style=\"vertical-align: inherit;\"> peili\u0173\u00a0 a\u0161menys <\/span><span style=\"vertical-align: inherit;\">\u00a0kalti i\u0161\u00a0 <\/span><\/span><strong><span style=\"vertical-align: inherit;\"><span style=\"vertical-align: inherit;\">3 sluoksni\u0173 plieno<\/span><\/span><\/strong><span style=\"vertical-align: inherit;\"><span style=\"vertical-align: inherit;\"> , kuri\u0173 \u0161erdis yra SG2 plienas. <\/span><span style=\"vertical-align: inherit;\">D\u0117l \u0161ios konstrukcijos ant a\u0161men\u0173 sukuriama b\u016bdinga linija, vadinama Katana-Edge <\/span><\/span><strong><span style=\"vertical-align: inherit;\"><span style=\"vertical-align: inherit;\">. <\/span><\/span><\/strong><span style=\"vertical-align: inherit;\"><span style=\"vertical-align: inherit;\">\u0160i puo\u0161mena kilusi i\u0161 tradicin\u0117s japon\u0173 kardo gamybos. <\/span><span style=\"vertical-align: inherit;\">Laikui b\u0117gant a\u0161men\u0173 linija gali \u0161iek tiek patams\u0117ti, o tai dar labiau i\u0161ry\u0161kins Tolim\u0173j\u0173 Ryt\u0173 peilio charakter\u012f.\u00a0\u00a0<\/span><\/span><\/p>\n<p style=\"text-align: justify;\"><span style=\"vertical-align: inherit;\"><span style=\"vertical-align: inherit;\">Peili\u0173 rankena pagaminta i\u0161\u00a0 <\/span><span style=\"vertical-align: inherit;\">juodai da\u017eyto <\/span><\/span><strong><span style=\"vertical-align: inherit;\"><span style=\"vertical-align: inherit;\">Pakkawood . <\/span><\/span><\/strong><span style=\"vertical-align: inherit;\"><span style=\"vertical-align: inherit;\">Tai derva impregnuota mediena, kuri puikiai apsaugo nuo dr\u0117gm\u0117s. <\/span><span style=\"vertical-align: inherit;\">Peilio rankena prie tako pritvirtinta trimis knied\u0117mis, kuri\u0173 vidurys yra dekoratyvin\u0117 knied\u0117, vadinama <\/span><\/span><strong><span style=\"vertical-align: inherit;\"><span style=\"vertical-align: inherit;\">mozaikiniu segtuku<\/span><\/span><\/strong><span style=\"vertical-align: inherit;\"><span style=\"vertical-align: inherit;\"> . <\/span><span style=\"vertical-align: inherit;\">Rankenos apa\u010dioje yra plieninis \u017eiedas, kuris papildomai apsaugo medien\u0105 nuo ne\u0161varum\u0173 ir palengvina peilio valym\u0105 bei prie\u017ei\u016br\u0105. <\/span><span style=\"vertical-align: inherit;\">Specialiai profiliuota rankenos forma yra labai ergonomi\u0161ka ir puikiai telpa rankoje.<\/span><\/span><\/p>\n<p style=\"text-align: justify;\"><strong><span style=\"vertical-align: inherit;\"><span style=\"vertical-align: inherit;\">* SG2 ( Super Gold #2<\/span><\/span><\/strong><span style=\"vertical-align: inherit;\"><span style=\"vertical-align: inherit;\"> ) miltelinis plienas <\/span><span style=\"vertical-align: inherit;\">, pasi\u017eymintis dideliu atsparumu korozijai, liaudi\u0161kai vadinamas ner\u016bdijan\u010diu plienu, yra viena geriausi\u0173 med\u017eiag\u0173 peili\u0173 gamybai. <\/span><span style=\"vertical-align: inherit;\">Jis sukuriamas sud\u0117tingo proceso metu, kai itin smulkios plieno nanodalel\u0117s sujungiamos, kaitinamos ir suformuojamos \u012f norim\u0105 form\u0105. <\/span><span style=\"vertical-align: inherit;\">Tai gamybos b\u016bdas visi\u0161kai kitoks nei \u201etradicinis\u201c lydymas ir leid\u017eia gauti daug geresni\u0173 eksploatacini\u0173 parametr\u0173, o a\u0161men\u0173 atveju \u2013 didesn\u012f nei vidutin\u012f atsparum\u0105 blukimui.<\/span><\/span><\/p>\n<h4><span style=\"vertical-align: inherit;\"><span style=\"vertical-align: inherit;\">Suncraft SENZO PROFESSIONAL Smulkus virtuvinis peilis 135mm MP-02 Techniniai duomenys:<\/span><\/span><\/h4>\n<p><strong><span style=\"vertical-align: inherit;\"><span style=\"vertical-align: inherit;\">A\u0161menys \u2013<\/span><\/span><\/strong><span style=\"vertical-align: inherit;\"><span style=\"vertical-align: inherit;\"> \u00a03 sluoksni\u0173 plienas, SG2 miltelinio plieno \u0161erdis\u00a0<\/span><\/span><\/p>\n<p><strong><span style=\"vertical-align: inherit;\"><span style=\"vertical-align: inherit;\">Kietumas \u2013<\/span><\/span><\/strong><span style=\"vertical-align: inherit;\"><span style=\"vertical-align: inherit;\"> \u00a062 HRC +\/- 1<\/span><\/span><\/p>\n<p><strong><span style=\"vertical-align: inherit;\"><span style=\"vertical-align: inherit;\">Visas ilgis &#8211;<\/span><\/span><\/strong><span style=\"vertical-align: inherit;\"><span style=\"vertical-align: inherit;\"> \u00a0245 mm<\/span><\/span><\/p>\n<p><strong><span style=\"vertical-align: inherit;\"><span style=\"vertical-align: inherit;\">A\u0161men\u0173 ilgis &#8211;<\/span><\/span><\/strong><span style=\"vertical-align: inherit;\"><span style=\"vertical-align: inherit;\"> 135 mm<\/span><\/span><\/p>\n<p><strong><span style=\"vertical-align: inherit;\"><span style=\"vertical-align: inherit;\">A\u0161men\u0173 plotis &#8211;<\/span><\/span><\/strong><span style=\"vertical-align: inherit;\"><span style=\"vertical-align: inherit;\"> 28 mm<\/span><\/span><\/p>\n<p><strong><span style=\"vertical-align: inherit;\"><span style=\"vertical-align: inherit;\">A\u0161men\u0173 storis &#8211;<\/span><\/span><\/strong><span style=\"vertical-align: inherit;\"><span style=\"vertical-align: inherit;\"> 1,3 mm<\/span><\/span><\/p>\n<p><strong><span style=\"vertical-align: inherit;\"><span style=\"vertical-align: inherit;\">Rankena &#8211;<\/span><\/span><\/strong><span style=\"vertical-align: inherit;\"><span style=\"vertical-align: inherit;\"> \u00a0juoda Pakkawood su mozaikiniu segtuku<\/span><\/span><\/p>\n<p><strong><span style=\"vertical-align: inherit;\"><span style=\"vertical-align: inherit;\">Svoris &#8211;<\/span><\/span><\/strong><span style=\"vertical-align: inherit;\"><span style=\"vertical-align: inherit;\"> \u00a0apie 90 g<\/span><\/span><\/p>","protected":false},"excerpt":{"rendered":"<p><span style=\"vertical-align: inherit;\"><span style=\"vertical-align: inherit;\">\u201eSuncraft\u201c prek\u0117s \u017eenklo pavyzdin\u0117 serija, nukalta i\u0161 3 plieno sluoksni\u0173. <\/span><span style=\"vertical-align: inherit;\">A\u0161men\u0173 \u0161erdis pagaminta i\u0161 SG2 miltelinio plieno, kurio auk\u0161tas kietumas \u2013 62 HRC. <\/span><span style=\"vertical-align: inherit;\">I\u0161orinis plieno sluoksnis sukuria pie\u0161in\u012f ant kra\u0161to, vadinamo Katana briauna. <\/span><span style=\"vertical-align: inherit;\">Pakkawod medin\u0117 rankena dekoruota mozaikiniu segtuku.<\/span><\/span><\/p>","protected":false},"featured_media":10294,"template":"","meta":[],"product_brand":[],"product_cat":[119],"product_tag":[],"class_list":{"0":"post-10293","1":"product","2":"type-product","3":"status-publish","4":"has-post-thumbnail","6":"product_cat-peiliai","8":"first","9":"instock","10":"taxable","11":"shipping-taxable","12":"purchasable","13":"product-type-simple"},"yoast_head":"<!-- This site is optimized with the Yoast SEO plugin v27.3 - https:\/\/yoast.com\/product\/yoast-seo-wordpress\/ -->\n<title>Suncraft SENZO PROFESSIONAL Smulkus virtuvinis peilis 135mm MP-02 - Cookking.online<\/title>\n<meta name=\"description\" content=\"Suncraft SENZO PROFESSIONAL Smulkus virtuvinis peilis 135mm MP-02 Auk\u0161\u010diausios kokyb\u0117s \u012franga gaminimui, kepimui ant groteli\u0173 ir r\u016bkymui lauke.\" \/>\n<meta name=\"robots\" content=\"index, follow, max-snippet:-1, max-image-preview:large, max-video-preview:-1\" \/>\n<link rel=\"canonical\" href=\"https:\/\/cookking.online\/en\/katalogas\/peiliai\/suncraft-senzo-professional-smulkus-virtuvinis-peilis-135mm-mp-02\/\" \/>\n<meta property=\"og:locale\" content=\"en_US\" \/>\n<meta property=\"og:type\" content=\"article\" \/>\n<meta property=\"og:title\" content=\"Suncraft SENZO PROFESSIONAL Smulkus virtuvinis peilis 135mm MP-02 - Cookking.online\" \/>\n<meta property=\"og:description\" content=\"Suncraft SENZO PROFESSIONAL Smulkus virtuvinis peilis 135mm MP-02 Auk\u0161\u010diausios kokyb\u0117s \u012franga gaminimui, kepimui ant groteli\u0173 ir r\u016bkymui lauke.\" \/>\n<meta property=\"og:url\" content=\"https:\/\/cookking.online\/en\/katalogas\/peiliai\/suncraft-senzo-professional-smulkus-virtuvinis-peilis-135mm-mp-02\/\" \/>\n<meta property=\"og:site_name\" content=\"Cookking.online\" \/>\n<meta property=\"og:image\" content=\"https:\/\/cookking.online\/wp-content\/uploads\/2024\/01\/10925_1.webp\" \/>\n\t<meta property=\"og:image:width\" content=\"1000\" \/>\n\t<meta property=\"og:image:height\" content=\"1000\" \/>\n\t<meta property=\"og:image:type\" content=\"image\/webp\" \/>\n<meta name=\"twitter:card\" content=\"summary_large_image\" \/>\n<meta name=\"twitter:label1\" content=\"Est. reading time\" \/>\n\t<meta name=\"twitter:data1\" content=\"2 minutes\" \/>\n<script type=\"application\/ld+json\" class=\"yoast-schema-graph\">{\"@context\":\"https:\\\/\\\/schema.org\",\"@graph\":[{\"@type\":\"WebPage\",\"@id\":\"https:\\\/\\\/cookking.online\\\/katalogas\\\/peiliai\\\/suncraft-senzo-professional-smulkus-virtuvinis-peilis-135mm-mp-02\\\/\",\"url\":\"https:\\\/\\\/cookking.online\\\/katalogas\\\/peiliai\\\/suncraft-senzo-professional-smulkus-virtuvinis-peilis-135mm-mp-02\\\/\",\"name\":\"Suncraft SENZO PROFESSIONAL Smulkus virtuvinis peilis 135mm MP-02 - Cookking.online\",\"isPartOf\":{\"@id\":\"https:\\\/\\\/cookking.online\\\/#website\"},\"primaryImageOfPage\":{\"@id\":\"https:\\\/\\\/cookking.online\\\/katalogas\\\/peiliai\\\/suncraft-senzo-professional-smulkus-virtuvinis-peilis-135mm-mp-02\\\/#primaryimage\"},\"image\":{\"@id\":\"https:\\\/\\\/cookking.online\\\/katalogas\\\/peiliai\\\/suncraft-senzo-professional-smulkus-virtuvinis-peilis-135mm-mp-02\\\/#primaryimage\"},\"thumbnailUrl\":\"https:\\\/\\\/cookking.online\\\/wp-content\\\/uploads\\\/2024\\\/01\\\/10925_1.webp\",\"datePublished\":\"2026-03-10T09:51:51+00:00\",\"description\":\"Suncraft SENZO PROFESSIONAL Smulkus virtuvinis peilis 135mm MP-02 Auk\u0161\u010diausios kokyb\u0117s \u012franga gaminimui, kepimui ant groteli\u0173 ir r\u016bkymui lauke.\",\"breadcrumb\":{\"@id\":\"https:\\\/\\\/cookking.online\\\/katalogas\\\/peiliai\\\/suncraft-senzo-professional-smulkus-virtuvinis-peilis-135mm-mp-02\\\/#breadcrumb\"},\"inLanguage\":\"en-US\",\"potentialAction\":[{\"@type\":\"ReadAction\",\"target\":[\"https:\\\/\\\/cookking.online\\\/katalogas\\\/peiliai\\\/suncraft-senzo-professional-smulkus-virtuvinis-peilis-135mm-mp-02\\\/\"]}]},{\"@type\":\"ImageObject\",\"inLanguage\":\"en-US\",\"@id\":\"https:\\\/\\\/cookking.online\\\/katalogas\\\/peiliai\\\/suncraft-senzo-professional-smulkus-virtuvinis-peilis-135mm-mp-02\\\/#primaryimage\",\"url\":\"https:\\\/\\\/cookking.online\\\/wp-content\\\/uploads\\\/2024\\\/01\\\/10925_1.webp\",\"contentUrl\":\"https:\\\/\\\/cookking.online\\\/wp-content\\\/uploads\\\/2024\\\/01\\\/10925_1.webp\",\"width\":1000,\"height\":1000,\"caption\":\"Suncraft SENZO PROFESSIONAL Smulkus virtuvinis peilis 135mm MP-02\"},{\"@type\":\"BreadcrumbList\",\"@id\":\"https:\\\/\\\/cookking.online\\\/katalogas\\\/peiliai\\\/suncraft-senzo-professional-smulkus-virtuvinis-peilis-135mm-mp-02\\\/#breadcrumb\",\"itemListElement\":[{\"@type\":\"ListItem\",\"position\":1,\"name\":\"Prad\u017eia\",\"item\":\"https:\\\/\\\/cookking.online\\\/\"},{\"@type\":\"ListItem\",\"position\":2,\"name\":\"Parduotuv\u0117\",\"item\":\"https:\\\/\\\/cookking.online\\\/parduotuve\\\/\"},{\"@type\":\"ListItem\",\"position\":3,\"name\":\"Suncraft SENZO PROFESSIONAL Smulkus virtuvinis peilis 135mm MP-02\"}]},{\"@type\":\"WebSite\",\"@id\":\"https:\\\/\\\/cookking.online\\\/#website\",\"url\":\"https:\\\/\\\/cookking.online\\\/\",\"name\":\"Cookking.online\",\"description\":\"\",\"publisher\":{\"@id\":\"https:\\\/\\\/cookking.online\\\/#organization\"},\"potentialAction\":[{\"@type\":\"SearchAction\",\"target\":{\"@type\":\"EntryPoint\",\"urlTemplate\":\"https:\\\/\\\/cookking.online\\\/?s={search_term_string}\"},\"query-input\":{\"@type\":\"PropertyValueSpecification\",\"valueRequired\":true,\"valueName\":\"search_term_string\"}}],\"inLanguage\":\"en-US\"},{\"@type\":\"Organization\",\"@id\":\"https:\\\/\\\/cookking.online\\\/#organization\",\"name\":\"Cookking.online\",\"url\":\"https:\\\/\\\/cookking.online\\\/\",\"logo\":{\"@type\":\"ImageObject\",\"inLanguage\":\"en-US\",\"@id\":\"https:\\\/\\\/cookking.online\\\/#\\\/schema\\\/logo\\\/image\\\/\",\"url\":\"https:\\\/\\\/cookking.online\\\/wp-content\\\/uploads\\\/2021\\\/11\\\/Logo.png\",\"contentUrl\":\"https:\\\/\\\/cookking.online\\\/wp-content\\\/uploads\\\/2021\\\/11\\\/Logo.png\",\"width\":291,\"height\":100,\"caption\":\"Cookking.online\"},\"image\":{\"@id\":\"https:\\\/\\\/cookking.online\\\/#\\\/schema\\\/logo\\\/image\\\/\"}}]}<\/script>\n<!-- \/ Yoast SEO plugin. -->","yoast_head_json":{"title":"Suncraft SENZO PROFESSIONAL Smulkus virtuvinis peilis 135mm MP-02 - Cookking.online","description":"Suncraft SENZO PROFESSIONAL Smulkus virtuvinis peilis 135mm MP-02 Auk\u0161\u010diausios kokyb\u0117s \u012franga gaminimui, kepimui ant groteli\u0173 ir r\u016bkymui lauke.","robots":{"index":"index","follow":"follow","max-snippet":"max-snippet:-1","max-image-preview":"max-image-preview:large","max-video-preview":"max-video-preview:-1"},"canonical":"https:\/\/cookking.online\/en\/katalogas\/peiliai\/suncraft-senzo-professional-smulkus-virtuvinis-peilis-135mm-mp-02\/","og_locale":"en_US","og_type":"article","og_title":"Suncraft SENZO PROFESSIONAL Smulkus virtuvinis peilis 135mm MP-02 - Cookking.online","og_description":"Suncraft SENZO PROFESSIONAL Smulkus virtuvinis peilis 135mm MP-02 Auk\u0161\u010diausios kokyb\u0117s \u012franga gaminimui, kepimui ant groteli\u0173 ir r\u016bkymui lauke.","og_url":"https:\/\/cookking.online\/en\/katalogas\/peiliai\/suncraft-senzo-professional-smulkus-virtuvinis-peilis-135mm-mp-02\/","og_site_name":"Cookking.online","og_image":[{"width":1000,"height":1000,"url":"https:\/\/cookking.online\/wp-content\/uploads\/2024\/01\/10925_1.webp","type":"image\/webp"}],"twitter_card":"summary_large_image","twitter_misc":{"Est. reading time":"2 minutes"},"schema":{"@context":"https:\/\/schema.org","@graph":[{"@type":"WebPage","@id":"https:\/\/cookking.online\/katalogas\/peiliai\/suncraft-senzo-professional-smulkus-virtuvinis-peilis-135mm-mp-02\/","url":"https:\/\/cookking.online\/katalogas\/peiliai\/suncraft-senzo-professional-smulkus-virtuvinis-peilis-135mm-mp-02\/","name":"Suncraft SENZO PROFESSIONAL Smulkus virtuvinis peilis 135mm MP-02 - Cookking.online","isPartOf":{"@id":"https:\/\/cookking.online\/#website"},"primaryImageOfPage":{"@id":"https:\/\/cookking.online\/katalogas\/peiliai\/suncraft-senzo-professional-smulkus-virtuvinis-peilis-135mm-mp-02\/#primaryimage"},"image":{"@id":"https:\/\/cookking.online\/katalogas\/peiliai\/suncraft-senzo-professional-smulkus-virtuvinis-peilis-135mm-mp-02\/#primaryimage"},"thumbnailUrl":"https:\/\/cookking.online\/wp-content\/uploads\/2024\/01\/10925_1.webp","datePublished":"2026-03-10T09:51:51+00:00","description":"Suncraft SENZO PROFESSIONAL Smulkus virtuvinis peilis 135mm MP-02 Auk\u0161\u010diausios kokyb\u0117s \u012franga gaminimui, kepimui ant groteli\u0173 ir r\u016bkymui lauke.","breadcrumb":{"@id":"https:\/\/cookking.online\/katalogas\/peiliai\/suncraft-senzo-professional-smulkus-virtuvinis-peilis-135mm-mp-02\/#breadcrumb"},"inLanguage":"en-US","potentialAction":[{"@type":"ReadAction","target":["https:\/\/cookking.online\/katalogas\/peiliai\/suncraft-senzo-professional-smulkus-virtuvinis-peilis-135mm-mp-02\/"]}]},{"@type":"ImageObject","inLanguage":"en-US","@id":"https:\/\/cookking.online\/katalogas\/peiliai\/suncraft-senzo-professional-smulkus-virtuvinis-peilis-135mm-mp-02\/#primaryimage","url":"https:\/\/cookking.online\/wp-content\/uploads\/2024\/01\/10925_1.webp","contentUrl":"https:\/\/cookking.online\/wp-content\/uploads\/2024\/01\/10925_1.webp","width":1000,"height":1000,"caption":"Suncraft SENZO PROFESSIONAL Smulkus virtuvinis peilis 135mm MP-02"},{"@type":"BreadcrumbList","@id":"https:\/\/cookking.online\/katalogas\/peiliai\/suncraft-senzo-professional-smulkus-virtuvinis-peilis-135mm-mp-02\/#breadcrumb","itemListElement":[{"@type":"ListItem","position":1,"name":"Prad\u017eia","item":"https:\/\/cookking.online\/"},{"@type":"ListItem","position":2,"name":"Parduotuv\u0117","item":"https:\/\/cookking.online\/parduotuve\/"},{"@type":"ListItem","position":3,"name":"Suncraft SENZO PROFESSIONAL Smulkus virtuvinis peilis 135mm MP-02"}]},{"@type":"WebSite","@id":"https:\/\/cookking.online\/#website","url":"https:\/\/cookking.online\/","name":"Cookking.online","description":"","publisher":{"@id":"https:\/\/cookking.online\/#organization"},"potentialAction":[{"@type":"SearchAction","target":{"@type":"EntryPoint","urlTemplate":"https:\/\/cookking.online\/?s={search_term_string}"},"query-input":{"@type":"PropertyValueSpecification","valueRequired":true,"valueName":"search_term_string"}}],"inLanguage":"en-US"},{"@type":"Organization","@id":"https:\/\/cookking.online\/#organization","name":"Cookking.online","url":"https:\/\/cookking.online\/","logo":{"@type":"ImageObject","inLanguage":"en-US","@id":"https:\/\/cookking.online\/#\/schema\/logo\/image\/","url":"https:\/\/cookking.online\/wp-content\/uploads\/2021\/11\/Logo.png","contentUrl":"https:\/\/cookking.online\/wp-content\/uploads\/2021\/11\/Logo.png","width":291,"height":100,"caption":"Cookking.online"},"image":{"@id":"https:\/\/cookking.online\/#\/schema\/logo\/image\/"}}]}},"_links":{"self":[{"href":"https:\/\/cookking.online\/en\/wp-json\/wp\/v2\/product\/10293","targetHints":{"allow":["GET"]}}],"collection":[{"href":"https:\/\/cookking.online\/en\/wp-json\/wp\/v2\/product"}],"about":[{"href":"https:\/\/cookking.online\/en\/wp-json\/wp\/v2\/types\/product"}],"wp:featuredmedia":[{"embeddable":true,"href":"https:\/\/cookking.online\/en\/wp-json\/wp\/v2\/media\/10294"}],"wp:attachment":[{"href":"https:\/\/cookking.online\/en\/wp-json\/wp\/v2\/media?parent=10293"}],"wp:term":[{"taxonomy":"product_brand","embeddable":true,"href":"https:\/\/cookking.online\/en\/wp-json\/wp\/v2\/product_brand?post=10293"},{"taxonomy":"product_cat","embeddable":true,"href":"https:\/\/cookking.online\/en\/wp-json\/wp\/v2\/product_cat?post=10293"},{"taxonomy":"product_tag","embeddable":true,"href":"https:\/\/cookking.online\/en\/wp-json\/wp\/v2\/product_tag?post=10293"}],"curies":[{"name":"wp","href":"https:\/\/api.w.org\/{rel}","templated":true}]}}