{"id":10377,"date":"2026-03-10T12:51:52","date_gmt":"2026-03-10T09:51:52","guid":{"rendered":"https:\/\/cookking.online\/?post_type=product&#038;p=10377"},"modified":"2026-03-10T12:51:52","modified_gmt":"2026-03-10T09:51:52","slug":"masahiro-neo-chef-peilis-180-mm-10512","status":"publish","type":"product","link":"https:\/\/cookking.online\/en\/katalogas\/peiliai\/masahiro-neo-chef-peilis-180-mm-10512\/","title":{"rendered":"Masahiro NEO Chef peilis 180 mm [10512]"},"content":{"rendered":"<h4>Masahiro NEO Chef peilis 180 mm [10512]<\/h4>\n<p><strong><span style=\"vertical-align: inherit;\"><span style=\"vertical-align: inherit;\">Masahiro NEO Chef virtuvinis peilis 180 mm [10512]<\/span><\/span><\/strong><\/p>\n<p><strong><span style=\"vertical-align: inherit;\"><span style=\"vertical-align: inherit;\">Masahiro NEO Chef<\/span><\/span><\/strong><span style=\"vertical-align: inherit;\"><span style=\"vertical-align: inherit;\"> \u00a0, kurio a\u0161men\u0173 ilgis\u00a0 <\/span><\/span><strong><span style=\"vertical-align: inherit;\"><span style=\"vertical-align: inherit;\">180 mm,<\/span><\/span><\/strong><span style=\"vertical-align: inherit;\"><span style=\"vertical-align: inherit;\"> \u00a0yra vienas da\u017eniausiai pasirenkam\u0173 peili\u0173 tip\u0173. <\/span><span style=\"vertical-align: inherit;\">B\u016bdinga forma kilusi i\u0161 pranc\u016bz\u0173 virtuv\u0117s, o tokio tipo peiliai naudojami daugeliui virtuv\u0117s u\u017eduo\u010di\u0173. <\/span><span style=\"vertical-align: inherit;\">Pavadinimas \u201e\u0160efo peilis\u201c pabr\u0117\u017eia tai, kad tai pagrindinis kiekvieno vir\u0117jo \u012frankis. <\/span><span style=\"vertical-align: inherit;\">Peilis puikiai subalansuotas, o rankena tvirtai telpa kiekvienoje rankoje, tiek didel\u0117je, tiek vyri\u0161koje, tiek ma\u017eoje, moteri\u0161koje. <\/span><span style=\"vertical-align: inherit;\">Puikus a\u0161men\u0173 ir rankenos balansas leid\u017eia labai efektyviai pjaustyti, pjaustyti ir pjaustyti gaminius. <\/span><span style=\"vertical-align: inherit;\">Net ir ilgai naudojant peil\u012f ranka nepavargsta.<\/span><\/span><\/p>\n<p><strong><span style=\"vertical-align: inherit;\"><span style=\"vertical-align: inherit;\">Masahiro NEO<\/span><\/span><\/strong><span style=\"vertical-align: inherit;\"><span style=\"vertical-align: inherit;\"> linija\u00a0 <\/span><span style=\"vertical-align: inherit;\">\u00a0yra auk\u0161\u010diausios kokyb\u0117s japoni\u0161ko plieno derinys su tradicine europieti\u0161ka rankena. <\/span><span style=\"vertical-align: inherit;\">Tai tikras malonumas kiekvienam, kuris tikisi tobulo a\u0161trumo, japoni\u0161ko a\u0161men\u0173 dizaino ir tradicin\u0117s europieti\u0161kos rankenos. <\/span><span style=\"vertical-align: inherit;\">Kalimo meistrai i\u0161 Masahiro naudojo vien\u0105 geriausi\u0173 \u0161ios serijos plien\u0173, t.y.\u00a0 <\/span><\/span><strong><span style=\"vertical-align: inherit;\"><span style=\"vertical-align: inherit;\">*Super Gold 2<\/span><\/span><\/strong><span style=\"vertical-align: inherit;\"><span style=\"vertical-align: inherit;\"> miltelin\u012f plien\u0105 .<\/span><\/span><\/p>\n<p><strong><span style=\"vertical-align: inherit;\"><span style=\"vertical-align: inherit;\">Masahiro NEO<\/span><\/span><\/strong><span style=\"vertical-align: inherit;\"><span style=\"vertical-align: inherit;\"> peili\u0173 gele\u017et\u0117s\u00a0 <\/span><span style=\"vertical-align: inherit;\">\u00a0yra nukaltos i\u0161\u00a0 <\/span><\/span><strong><span style=\"vertical-align: inherit;\"><span style=\"vertical-align: inherit;\">3 sluoksni\u0173 plieno<\/span><\/span><\/strong><span style=\"vertical-align: inherit;\"><span style=\"vertical-align: inherit;\"> , kuri\u0173 \u0161erdis yra SG2 plienas, o i\u0161orinis sluoksnis yra mink\u0161tas SUS410L plienas. <\/span><span style=\"vertical-align: inherit;\">D\u0117l \u0161ios konstrukcijos ant a\u0161men\u0173 sukuriama b\u016bdinga linija, vadinama Katana-Edge\u00a0 <\/span><\/span><strong><span style=\"vertical-align: inherit;\"><span style=\"vertical-align: inherit;\">. <\/span><\/span><\/strong><span style=\"vertical-align: inherit;\"><span style=\"vertical-align: inherit;\">\u00a0\u0160i puo\u0161mena kilusi i\u0161 tradicin\u0117s japon\u0173 kardo gamybos. <\/span><span style=\"vertical-align: inherit;\">Laikui b\u0117gant a\u0161men\u0173 linija gali \u0161iek tiek patams\u0117ti, o tai dar labiau i\u0161ry\u0161kins Tolim\u0173j\u0173 Ryt\u0173 peilio charakter\u012f. \u00a0<\/span><\/span><\/p>\n<h4>Masahiro NEO Chef peilis 180 mm [10512]<\/h4>\n<p><span style=\"vertical-align: inherit;\"><span style=\"vertical-align: inherit;\">Peili\u0173 rankena pagaminta i\u0161 laminuotos medienos su gra\u017eiais juodais gr\u016bdeliais. <\/span><span style=\"vertical-align: inherit;\">Tai derva impregnuota mediena, kuri puikiai apsaugo nuo dr\u0117gm\u0117s. <\/span><span style=\"vertical-align: inherit;\">Peilio rankena prie snapelio tvirtinama trimis knied\u0117mis. <\/span><span style=\"vertical-align: inherit;\">Puikiai profiliuota rankenos forma yra ergonomi\u0161ka ir patogiai telpa rankoje. \u00a0<\/span><\/span><\/p>\n<p><span style=\"vertical-align: inherit;\"><span style=\"vertical-align: inherit;\">Peiliai pagal\u0105sti asimetri\u0161kai 80\/20. <\/span><span style=\"vertical-align: inherit;\">Tai rei\u0161kia, kad pjovimo briauna perkeliama \u012f vien\u0105 pus\u0119 peilio a\u0161yje. <\/span><span style=\"vertical-align: inherit;\">Asimetrinio galandimo prana\u0161umai yra pjovimo briauna, kuri yra iki 35% plonesn\u0117 nei simetri\u0161kas peiliukas, tod\u0117l jis yra daug a\u0161tresnis.<\/span><\/span><\/p>\n<p><strong><span style=\"vertical-align: inherit;\"><span style=\"vertical-align: inherit;\">* SG2 ( Super Gold #2<\/span><\/span><\/strong><span style=\"vertical-align: inherit;\"><span style=\"vertical-align: inherit;\"> ) miltelinis plienas <\/span><span style=\"vertical-align: inherit;\">su dideliu chromo kiekiu (iki 16%) pasi\u017eymi puikiu atsparumu korozijai. <\/span><span style=\"vertical-align: inherit;\">Jis sukuriamas sud\u0117tingo proceso metu, kai itin smulkios plieno nanodalel\u0117s sujungiamos, kaitinamos ir suformuojamos \u012f norim\u0105 form\u0105. <\/span><span style=\"vertical-align: inherit;\">Tai gamybos b\u016bdas visi\u0161kai skiriasi nuo \u201etradicinio\u201c lydymo ir leid\u017eia gauti daug geresni\u0173 eksploatacini\u0173 parametr\u0173 plien\u0105. <\/span><span style=\"vertical-align: inherit;\">Didelis anglies kiekis (iki 1,45 %) leid\u017eia sukietinti peil\u012f iki didelio kietumo, tod\u0117l atsparumas bukams yra didesnis nei vidutinis.<\/span><\/span><\/p>\n<p><strong><span style=\"vertical-align: inherit;\"><span style=\"vertical-align: inherit;\">Techniniai duomenys:<\/span><\/span><\/strong><\/p>\n<p><strong><span style=\"vertical-align: inherit;\"><span style=\"vertical-align: inherit;\">A\u0161menys \u2013<\/span><\/span><\/strong><span style=\"vertical-align: inherit;\"><span style=\"vertical-align: inherit;\"> \u00a03 sluoksni\u0173 plienas, \u0161erdis SG2 miltelinio plieno\u00a0<\/span><\/span><\/p>\n<p><strong><span style=\"vertical-align: inherit;\"><span style=\"vertical-align: inherit;\">Kietumas \u2013<\/span><\/span><\/strong><span style=\"vertical-align: inherit;\"><span style=\"vertical-align: inherit;\"> \u00a060 \u2013 62 HRC<\/span><\/span><\/p>\n<p><strong><span style=\"vertical-align: inherit;\"><span style=\"vertical-align: inherit;\">Visas ilgis &#8211;<\/span><\/span><\/strong><span style=\"vertical-align: inherit;\"><span style=\"vertical-align: inherit;\"> \u00a0305 mm<\/span><\/span><\/p>\n<p><strong><span style=\"vertical-align: inherit;\"><span style=\"vertical-align: inherit;\">A\u0161men\u0173 ilgis &#8211;<\/span><\/span><\/strong><span style=\"vertical-align: inherit;\"><span style=\"vertical-align: inherit;\"> \u00a0180 mm<\/span><\/span><\/p>\n<p><strong><span style=\"vertical-align: inherit;\"><span style=\"vertical-align: inherit;\">A\u0161men\u0173 plotis &#8211;<\/span><\/span><\/strong><span style=\"vertical-align: inherit;\"><span style=\"vertical-align: inherit;\"> \u00a042 mm<\/span><\/span><\/p>\n<p><strong><span style=\"vertical-align: inherit;\"><span style=\"vertical-align: inherit;\">A\u0161men\u0173 storis \u2013\u00a0<\/span><\/span><\/strong><span style=\"vertical-align: inherit;\"><span style=\"vertical-align: inherit;\"> apie 1,8 mm<\/span><\/span><\/p>\n<p><strong><span style=\"vertical-align: inherit;\"><span style=\"vertical-align: inherit;\">Rankena \u2013<\/span><\/span><\/strong><span style=\"vertical-align: inherit;\"><span style=\"vertical-align: inherit;\"> \u00a0laminuota mediena<\/span><\/span><\/p>\n<p><strong><span style=\"vertical-align: inherit;\"><span style=\"vertical-align: inherit;\">Svoris &#8211;<\/span><\/span><\/strong><span style=\"vertical-align: inherit;\"><span style=\"vertical-align: inherit;\"> \u00a0apie 137 g<\/span><\/span><\/p>\n","protected":false},"excerpt":{"rendered":"<p><span style=\"vertical-align: inherit;\"><span style=\"vertical-align: inherit;\">Pavyzdin\u0117 Masahiro peili\u0173 serija. <\/span><span style=\"vertical-align: inherit;\">Peilis pagamintas i\u0161 SG2 miltelinio plieno, kurio ypatingas kietumas yra 62 HRC. <\/span><span style=\"vertical-align: inherit;\">Kra\u0161t\u0105 puo\u0161ia linija, vadinama Katana-Edge. <\/span><span style=\"vertical-align: inherit;\">Europieti\u0161ko stiliaus rankena pagaminta i\u0161 Pakka medienos. <\/span><span style=\"vertical-align: inherit;\">Versija su metaliniu atrama arba be jo.<\/span><\/span><\/p>","protected":false},"featured_media":10378,"template":"","meta":[],"product_brand":[],"product_cat":[119],"product_tag":[120],"class_list":{"0":"post-10377","1":"product","2":"type-product","3":"status-publish","4":"has-post-thumbnail","6":"product_cat-peiliai","7":"product_tag-masahiro","9":"first","10":"instock","11":"taxable","12":"shipping-taxable","13":"purchasable","14":"product-type-simple"},"yoast_head":"<!-- This site is optimized with the Yoast SEO plugin v27.3 - https:\/\/yoast.com\/product\/yoast-seo-wordpress\/ -->\n<title>Masahiro NEO Chef peilis 180 mm [10512] - Cookking.online<\/title>\n<meta name=\"description\" content=\"Masahiro NEO Chef peilis 180 mm [10512] Auk\u0161\u010diausios kokyb\u0117s \u012franga gaminimui, kepimui ant groteli\u0173 ir r\u016bkymui lauke. Japanese knives\" \/>\n<meta name=\"robots\" content=\"index, follow, max-snippet:-1, max-image-preview:large, max-video-preview:-1\" \/>\n<link rel=\"canonical\" href=\"https:\/\/cookking.online\/en\/katalogas\/peiliai\/masahiro-neo-chef-peilis-180-mm-10512\/\" \/>\n<meta property=\"og:locale\" content=\"en_US\" \/>\n<meta property=\"og:type\" content=\"article\" \/>\n<meta property=\"og:title\" content=\"Masahiro NEO Chef peilis 180 mm [10512] - Cookking.online\" \/>\n<meta property=\"og:description\" content=\"Masahiro NEO Chef peilis 180 mm [10512] Auk\u0161\u010diausios kokyb\u0117s \u012franga gaminimui, kepimui ant groteli\u0173 ir r\u016bkymui lauke. Japanese knives\" \/>\n<meta property=\"og:url\" content=\"https:\/\/cookking.online\/en\/katalogas\/peiliai\/masahiro-neo-chef-peilis-180-mm-10512\/\" \/>\n<meta property=\"og:site_name\" content=\"Cookking.online\" \/>\n<meta property=\"og:image\" content=\"https:\/\/cookking.online\/wp-content\/uploads\/2024\/01\/10965_1.webp\" \/>\n\t<meta property=\"og:image:width\" content=\"770\" \/>\n\t<meta property=\"og:image:height\" content=\"770\" \/>\n\t<meta property=\"og:image:type\" content=\"image\/webp\" \/>\n<meta name=\"twitter:card\" content=\"summary_large_image\" \/>\n<meta name=\"twitter:label1\" content=\"Est. reading time\" \/>\n\t<meta name=\"twitter:data1\" content=\"3 minutes\" \/>\n<script type=\"application\/ld+json\" class=\"yoast-schema-graph\">{\"@context\":\"https:\\\/\\\/schema.org\",\"@graph\":[{\"@type\":\"WebPage\",\"@id\":\"https:\\\/\\\/cookking.online\\\/katalogas\\\/peiliai\\\/masahiro-neo-chef-peilis-180-mm-10512\\\/\",\"url\":\"https:\\\/\\\/cookking.online\\\/katalogas\\\/peiliai\\\/masahiro-neo-chef-peilis-180-mm-10512\\\/\",\"name\":\"Masahiro NEO Chef peilis 180 mm [10512] - Cookking.online\",\"isPartOf\":{\"@id\":\"https:\\\/\\\/cookking.online\\\/#website\"},\"primaryImageOfPage\":{\"@id\":\"https:\\\/\\\/cookking.online\\\/katalogas\\\/peiliai\\\/masahiro-neo-chef-peilis-180-mm-10512\\\/#primaryimage\"},\"image\":{\"@id\":\"https:\\\/\\\/cookking.online\\\/katalogas\\\/peiliai\\\/masahiro-neo-chef-peilis-180-mm-10512\\\/#primaryimage\"},\"thumbnailUrl\":\"https:\\\/\\\/cookking.online\\\/wp-content\\\/uploads\\\/2024\\\/01\\\/10965_1.webp\",\"datePublished\":\"2026-03-10T09:51:52+00:00\",\"description\":\"Masahiro NEO Chef peilis 180 mm [10512] Auk\u0161\u010diausios kokyb\u0117s \u012franga gaminimui, kepimui ant groteli\u0173 ir r\u016bkymui lauke. Japanese knives\",\"breadcrumb\":{\"@id\":\"https:\\\/\\\/cookking.online\\\/katalogas\\\/peiliai\\\/masahiro-neo-chef-peilis-180-mm-10512\\\/#breadcrumb\"},\"inLanguage\":\"en-US\",\"potentialAction\":[{\"@type\":\"ReadAction\",\"target\":[\"https:\\\/\\\/cookking.online\\\/katalogas\\\/peiliai\\\/masahiro-neo-chef-peilis-180-mm-10512\\\/\"]}]},{\"@type\":\"ImageObject\",\"inLanguage\":\"en-US\",\"@id\":\"https:\\\/\\\/cookking.online\\\/katalogas\\\/peiliai\\\/masahiro-neo-chef-peilis-180-mm-10512\\\/#primaryimage\",\"url\":\"https:\\\/\\\/cookking.online\\\/wp-content\\\/uploads\\\/2024\\\/01\\\/10965_1.webp\",\"contentUrl\":\"https:\\\/\\\/cookking.online\\\/wp-content\\\/uploads\\\/2024\\\/01\\\/10965_1.webp\",\"width\":770,\"height\":770,\"caption\":\"Masahiro NEO Chef peilis 180 mm [10512]\"},{\"@type\":\"BreadcrumbList\",\"@id\":\"https:\\\/\\\/cookking.online\\\/katalogas\\\/peiliai\\\/masahiro-neo-chef-peilis-180-mm-10512\\\/#breadcrumb\",\"itemListElement\":[{\"@type\":\"ListItem\",\"position\":1,\"name\":\"Prad\u017eia\",\"item\":\"https:\\\/\\\/cookking.online\\\/\"},{\"@type\":\"ListItem\",\"position\":2,\"name\":\"Parduotuv\u0117\",\"item\":\"https:\\\/\\\/cookking.online\\\/parduotuve\\\/\"},{\"@type\":\"ListItem\",\"position\":3,\"name\":\"Masahiro NEO Chef peilis 180 mm [10512]\"}]},{\"@type\":\"WebSite\",\"@id\":\"https:\\\/\\\/cookking.online\\\/#website\",\"url\":\"https:\\\/\\\/cookking.online\\\/\",\"name\":\"Cookking.online\",\"description\":\"\",\"publisher\":{\"@id\":\"https:\\\/\\\/cookking.online\\\/#organization\"},\"potentialAction\":[{\"@type\":\"SearchAction\",\"target\":{\"@type\":\"EntryPoint\",\"urlTemplate\":\"https:\\\/\\\/cookking.online\\\/?s={search_term_string}\"},\"query-input\":{\"@type\":\"PropertyValueSpecification\",\"valueRequired\":true,\"valueName\":\"search_term_string\"}}],\"inLanguage\":\"en-US\"},{\"@type\":\"Organization\",\"@id\":\"https:\\\/\\\/cookking.online\\\/#organization\",\"name\":\"Cookking.online\",\"url\":\"https:\\\/\\\/cookking.online\\\/\",\"logo\":{\"@type\":\"ImageObject\",\"inLanguage\":\"en-US\",\"@id\":\"https:\\\/\\\/cookking.online\\\/#\\\/schema\\\/logo\\\/image\\\/\",\"url\":\"https:\\\/\\\/cookking.online\\\/wp-content\\\/uploads\\\/2021\\\/11\\\/Logo.png\",\"contentUrl\":\"https:\\\/\\\/cookking.online\\\/wp-content\\\/uploads\\\/2021\\\/11\\\/Logo.png\",\"width\":291,\"height\":100,\"caption\":\"Cookking.online\"},\"image\":{\"@id\":\"https:\\\/\\\/cookking.online\\\/#\\\/schema\\\/logo\\\/image\\\/\"}}]}<\/script>\n<!-- \/ Yoast SEO plugin. -->","yoast_head_json":{"title":"Masahiro NEO Chef peilis 180 mm [10512] - Cookking.online","description":"Masahiro NEO Chef peilis 180 mm [10512] Auk\u0161\u010diausios kokyb\u0117s \u012franga gaminimui, kepimui ant groteli\u0173 ir r\u016bkymui lauke. Japanese knives","robots":{"index":"index","follow":"follow","max-snippet":"max-snippet:-1","max-image-preview":"max-image-preview:large","max-video-preview":"max-video-preview:-1"},"canonical":"https:\/\/cookking.online\/en\/katalogas\/peiliai\/masahiro-neo-chef-peilis-180-mm-10512\/","og_locale":"en_US","og_type":"article","og_title":"Masahiro NEO Chef peilis 180 mm [10512] - Cookking.online","og_description":"Masahiro NEO Chef peilis 180 mm [10512] Auk\u0161\u010diausios kokyb\u0117s \u012franga gaminimui, kepimui ant groteli\u0173 ir r\u016bkymui lauke. Japanese knives","og_url":"https:\/\/cookking.online\/en\/katalogas\/peiliai\/masahiro-neo-chef-peilis-180-mm-10512\/","og_site_name":"Cookking.online","og_image":[{"width":770,"height":770,"url":"https:\/\/cookking.online\/wp-content\/uploads\/2024\/01\/10965_1.webp","type":"image\/webp"}],"twitter_card":"summary_large_image","twitter_misc":{"Est. reading time":"3 minutes"},"schema":{"@context":"https:\/\/schema.org","@graph":[{"@type":"WebPage","@id":"https:\/\/cookking.online\/katalogas\/peiliai\/masahiro-neo-chef-peilis-180-mm-10512\/","url":"https:\/\/cookking.online\/katalogas\/peiliai\/masahiro-neo-chef-peilis-180-mm-10512\/","name":"Masahiro NEO Chef peilis 180 mm [10512] - Cookking.online","isPartOf":{"@id":"https:\/\/cookking.online\/#website"},"primaryImageOfPage":{"@id":"https:\/\/cookking.online\/katalogas\/peiliai\/masahiro-neo-chef-peilis-180-mm-10512\/#primaryimage"},"image":{"@id":"https:\/\/cookking.online\/katalogas\/peiliai\/masahiro-neo-chef-peilis-180-mm-10512\/#primaryimage"},"thumbnailUrl":"https:\/\/cookking.online\/wp-content\/uploads\/2024\/01\/10965_1.webp","datePublished":"2026-03-10T09:51:52+00:00","description":"Masahiro NEO Chef peilis 180 mm [10512] Auk\u0161\u010diausios kokyb\u0117s \u012franga gaminimui, kepimui ant groteli\u0173 ir r\u016bkymui lauke. Japanese knives","breadcrumb":{"@id":"https:\/\/cookking.online\/katalogas\/peiliai\/masahiro-neo-chef-peilis-180-mm-10512\/#breadcrumb"},"inLanguage":"en-US","potentialAction":[{"@type":"ReadAction","target":["https:\/\/cookking.online\/katalogas\/peiliai\/masahiro-neo-chef-peilis-180-mm-10512\/"]}]},{"@type":"ImageObject","inLanguage":"en-US","@id":"https:\/\/cookking.online\/katalogas\/peiliai\/masahiro-neo-chef-peilis-180-mm-10512\/#primaryimage","url":"https:\/\/cookking.online\/wp-content\/uploads\/2024\/01\/10965_1.webp","contentUrl":"https:\/\/cookking.online\/wp-content\/uploads\/2024\/01\/10965_1.webp","width":770,"height":770,"caption":"Masahiro NEO Chef peilis 180 mm [10512]"},{"@type":"BreadcrumbList","@id":"https:\/\/cookking.online\/katalogas\/peiliai\/masahiro-neo-chef-peilis-180-mm-10512\/#breadcrumb","itemListElement":[{"@type":"ListItem","position":1,"name":"Prad\u017eia","item":"https:\/\/cookking.online\/"},{"@type":"ListItem","position":2,"name":"Parduotuv\u0117","item":"https:\/\/cookking.online\/parduotuve\/"},{"@type":"ListItem","position":3,"name":"Masahiro NEO Chef peilis 180 mm [10512]"}]},{"@type":"WebSite","@id":"https:\/\/cookking.online\/#website","url":"https:\/\/cookking.online\/","name":"Cookking.online","description":"","publisher":{"@id":"https:\/\/cookking.online\/#organization"},"potentialAction":[{"@type":"SearchAction","target":{"@type":"EntryPoint","urlTemplate":"https:\/\/cookking.online\/?s={search_term_string}"},"query-input":{"@type":"PropertyValueSpecification","valueRequired":true,"valueName":"search_term_string"}}],"inLanguage":"en-US"},{"@type":"Organization","@id":"https:\/\/cookking.online\/#organization","name":"Cookking.online","url":"https:\/\/cookking.online\/","logo":{"@type":"ImageObject","inLanguage":"en-US","@id":"https:\/\/cookking.online\/#\/schema\/logo\/image\/","url":"https:\/\/cookking.online\/wp-content\/uploads\/2021\/11\/Logo.png","contentUrl":"https:\/\/cookking.online\/wp-content\/uploads\/2021\/11\/Logo.png","width":291,"height":100,"caption":"Cookking.online"},"image":{"@id":"https:\/\/cookking.online\/#\/schema\/logo\/image\/"}}]}},"_links":{"self":[{"href":"https:\/\/cookking.online\/en\/wp-json\/wp\/v2\/product\/10377","targetHints":{"allow":["GET"]}}],"collection":[{"href":"https:\/\/cookking.online\/en\/wp-json\/wp\/v2\/product"}],"about":[{"href":"https:\/\/cookking.online\/en\/wp-json\/wp\/v2\/types\/product"}],"wp:featuredmedia":[{"embeddable":true,"href":"https:\/\/cookking.online\/en\/wp-json\/wp\/v2\/media\/10378"}],"wp:attachment":[{"href":"https:\/\/cookking.online\/en\/wp-json\/wp\/v2\/media?parent=10377"}],"wp:term":[{"taxonomy":"product_brand","embeddable":true,"href":"https:\/\/cookking.online\/en\/wp-json\/wp\/v2\/product_brand?post=10377"},{"taxonomy":"product_cat","embeddable":true,"href":"https:\/\/cookking.online\/en\/wp-json\/wp\/v2\/product_cat?post=10377"},{"taxonomy":"product_tag","embeddable":true,"href":"https:\/\/cookking.online\/en\/wp-json\/wp\/v2\/product_tag?post=10377"}],"curies":[{"name":"wp","href":"https:\/\/api.w.org\/{rel}","templated":true}]}}