{"id":10379,"date":"2026-03-10T12:51:52","date_gmt":"2026-03-10T09:51:52","guid":{"rendered":"https:\/\/cookking.online\/?post_type=product&#038;p=10379"},"modified":"2026-03-10T12:51:52","modified_gmt":"2026-03-10T09:51:52","slug":"masahiro-neo-bunka-peilis-165-mm-10503","status":"publish","type":"product","link":"https:\/\/cookking.online\/en\/katalogas\/peiliai\/masahiro-neo-bunka-peilis-165-mm-10503\/","title":{"rendered":"Masahiro NEO Bunka peilis 165 mm [10503]"},"content":{"rendered":"<h4>Masahiro NEO Bunka peilis 165 mm [10503]<\/h4>\n<p>Masahiro NEO Bunka yra peilis, kurio a\u0161men\u0173 ilgis 165 mm. Funkciniu po\u017ei\u016briu jis pana\u0161us \u012f Chef&#8217;s ar Santoku peilius ir gali s\u0117kmingai juos pakeisti virtuv\u0117je. Platus peiliukas, \u0161iek tiek u\u017eapvalinta pjovimo linija ir i\u0161lyginta nugaros dalis sukuria atpa\u017e\u012fstam\u0105 japoni\u0161k\u0105 dizain\u0105. Labai b\u016bdingas \u0161io tipo peili\u0173 bruo\u017eas yra apverstas (nuo\u017eulnus) tanto profilis, pabr\u0117\u017eiantis antgal\u012f. Peilio estetika patraukia d\u0117mes\u012f i\u0161 tolo ir to nepaisyti ne\u012fmanoma.<\/p>\n<p>Masahiro NEO linija sujungia auk\u0161\u010diausios kokyb\u0117s plien\u0105 su tradicine europieti\u0161ka rankena. Tai tikras malonumas kiekvienam, kuris tikisi tobulo a\u0161trumo, japoni\u0161ko a\u0161men\u0173 dizaino ir tradicin\u0117s europieti\u0161kos rankenos. \u0160ios serijos gamybai buvo naudojamas vienas geriausi\u0173 plien\u0173, t.y. *Super Gold 2 miltelinis plienas.<\/p>\n<p>Masahiro NEO peili\u0173 gele\u017et\u0117s yra kaltos i\u0161 3 sluoksni\u0173 plieno, kur \u0161erdis yra SG2 plienas, o i\u0161orinis mink\u0161tas sluoksnis yra SUS410L plienas. D\u0117l \u0161ios konstrukcijos ant a\u0161men\u0173 sukuriama b\u016bdinga linija, vadinama Katana-Edge. \u0160i puo\u0161mena kilusi i\u0161 tradicin\u0117s japon\u0173 kardo gamybos. Laikui b\u0117gant a\u0161men\u0173 linija gali \u0161iek tiek patams\u0117ti, o tai dar labiau i\u0161ry\u0161kins Tolim\u0173j\u0173 Ryt\u0173 peilio charakter\u012f.<\/p>\n<p>Peili\u0173 rankena pagaminta i\u0161 laminuotos medienos su gra\u017eiais juodais gr\u016bdeliais. Tai derva impregnuota mediena, kuri puikiai apsaugo nuo dr\u0117gm\u0117s. Peilio rankena prie snapelio tvirtinama trimis knied\u0117mis. Puikiai profiliuota rankenos forma yra ergonomi\u0161ka ir patogiai telpa rankoje. Rankenos apa\u010dioje yra plieninis \u017eiedas, kuris papildomai apsaugo medien\u0105 nuo ne\u0161varum\u0173 ir palengvina peilio valym\u0105 bei prie\u017ei\u016br\u0105.<\/p>\n<p>Peiliai pagal\u0105sti asimetri\u0161kai 80\/20. Tai rei\u0161kia, kad pjovimo briauna perkeliama \u012f vien\u0105 pus\u0119 peilio a\u0161yje. Asimetrinio galandimo prana\u0161umai yra pjovimo briauna, kuri yra iki 35% plonesn\u0117 nei simetri\u0161kas peiliukas, tod\u0117l jis yra daug a\u0161tresnis.<\/p>\n<p>* SG2 (Super Gold #2) miltelinis plienas su dideliu chromo kiekiu (iki 16%) pasi\u017eymi puikiu atsparumu korozijai. Jis sukuriamas sud\u0117tingo proceso metu, kai itin smulkios plieno nanodalel\u0117s sujungiamos, kaitinamos ir suformuojamos \u012f norim\u0105 form\u0105. Tai gamybos b\u016bdas visi\u0161kai skiriasi nuo \u201etradicinio\u201c lydymo ir leid\u017eia gauti daug geresni\u0173 eksploatacini\u0173 parametr\u0173 plien\u0105. Didelis anglies kiekis (iki 1,45 %) leid\u017eia sukietinti peil\u012f iki didelio kietumo, tod\u0117l atsparumas bukams yra didesnis nei vidutinis.<\/p>\n<h4>Masahiro NEO Bunka peilis 165 mm [10503]\u00a0Techniniai duomenys:<br \/>\nA\u0161menys \u2013 3 sluoksni\u0173 plienas, \u0161erdis SG2 miltelinio plieno<br \/>\nKietumas \u2013 60 \u2013 62 HRC<br \/>\nVisas ilgis &#8211; 290 mm<br \/>\nA\u0161men\u0173 ilgis &#8211; 165 mm<br \/>\nA\u0161men\u0173 plotis &#8211; 47 mm<br \/>\nA\u0161men\u0173 storis \u2013 apie 1,8 mm<br \/>\nRankena \u2013 laminuota mediena<br \/>\nSvoris &#8211; apie 143 g<\/h4>\n","protected":false},"excerpt":{"rendered":"<p>Pavyzdin\u0117 Masahiro peili\u0173 serija. Peilis pagamintas i\u0161 SG2 miltelinio plieno, kurio ypatingas kietumas yra 62 HRC. Kra\u0161t\u0105 puo\u0161ia linija, vadinama Katana-Edge. Europieti\u0161ko stiliaus rankena pagaminta i\u0161 Pakka medienos. Versija su metaliniu atrama arba be jo.<\/p>","protected":false},"featured_media":10380,"template":"","meta":[],"product_brand":[],"product_cat":[119],"product_tag":[120],"class_list":{"0":"post-10379","1":"product","2":"type-product","3":"status-publish","4":"has-post-thumbnail","6":"product_cat-peiliai","7":"product_tag-masahiro","9":"first","10":"instock","11":"taxable","12":"shipping-taxable","13":"purchasable","14":"product-type-simple"},"yoast_head":"<!-- This site is optimized with the Yoast SEO plugin v27.3 - https:\/\/yoast.com\/product\/yoast-seo-wordpress\/ -->\n<title>Masahiro NEO Bunka peilis 165 mm [10503] - Cookking.online<\/title>\n<meta name=\"description\" content=\"Masahiro NEO Bunka peilis 165 mm [10503] Auk\u0161\u010diausios kokyb\u0117s \u012franga gaminimui, kepimui ant groteli\u0173 ir r\u016bkymui lauke. Lau\u017eaviet\u0117s, Trikojai griliui, KETAUS Puodai, Stovai malkoms\" \/>\n<meta name=\"robots\" content=\"index, follow, max-snippet:-1, max-image-preview:large, max-video-preview:-1\" \/>\n<link rel=\"canonical\" href=\"https:\/\/cookking.online\/en\/katalogas\/peiliai\/masahiro-neo-bunka-peilis-165-mm-10503\/\" \/>\n<meta property=\"og:locale\" content=\"en_US\" \/>\n<meta property=\"og:type\" content=\"article\" \/>\n<meta property=\"og:title\" content=\"Masahiro NEO Bunka peilis 165 mm [10503] - Cookking.online\" \/>\n<meta property=\"og:description\" content=\"Masahiro NEO Bunka peilis 165 mm [10503] Auk\u0161\u010diausios kokyb\u0117s \u012franga gaminimui, kepimui ant groteli\u0173 ir r\u016bkymui lauke. Lau\u017eaviet\u0117s, Trikojai griliui, KETAUS Puodai, Stovai malkoms\" \/>\n<meta property=\"og:url\" content=\"https:\/\/cookking.online\/en\/katalogas\/peiliai\/masahiro-neo-bunka-peilis-165-mm-10503\/\" \/>\n<meta property=\"og:site_name\" content=\"Cookking.online\" \/>\n<meta property=\"og:image\" content=\"https:\/\/cookking.online\/wp-content\/uploads\/2024\/01\/10966_1.webp\" \/>\n\t<meta property=\"og:image:width\" content=\"770\" \/>\n\t<meta property=\"og:image:height\" content=\"770\" \/>\n\t<meta property=\"og:image:type\" content=\"image\/webp\" \/>\n<meta name=\"twitter:card\" content=\"summary_large_image\" \/>\n<meta name=\"twitter:label1\" content=\"Est. reading time\" \/>\n\t<meta name=\"twitter:data1\" content=\"3 minutes\" \/>\n<script type=\"application\/ld+json\" class=\"yoast-schema-graph\">{\"@context\":\"https:\\\/\\\/schema.org\",\"@graph\":[{\"@type\":\"WebPage\",\"@id\":\"https:\\\/\\\/cookking.online\\\/katalogas\\\/peiliai\\\/masahiro-neo-bunka-peilis-165-mm-10503\\\/\",\"url\":\"https:\\\/\\\/cookking.online\\\/katalogas\\\/peiliai\\\/masahiro-neo-bunka-peilis-165-mm-10503\\\/\",\"name\":\"Masahiro NEO Bunka peilis 165 mm [10503] - Cookking.online\",\"isPartOf\":{\"@id\":\"https:\\\/\\\/cookking.online\\\/#website\"},\"primaryImageOfPage\":{\"@id\":\"https:\\\/\\\/cookking.online\\\/katalogas\\\/peiliai\\\/masahiro-neo-bunka-peilis-165-mm-10503\\\/#primaryimage\"},\"image\":{\"@id\":\"https:\\\/\\\/cookking.online\\\/katalogas\\\/peiliai\\\/masahiro-neo-bunka-peilis-165-mm-10503\\\/#primaryimage\"},\"thumbnailUrl\":\"https:\\\/\\\/cookking.online\\\/wp-content\\\/uploads\\\/2024\\\/01\\\/10966_1.webp\",\"datePublished\":\"2026-03-10T09:51:52+00:00\",\"description\":\"Masahiro NEO Bunka peilis 165 mm [10503] Auk\u0161\u010diausios kokyb\u0117s \u012franga gaminimui, kepimui ant groteli\u0173 ir r\u016bkymui lauke. Lau\u017eaviet\u0117s, Trikojai griliui, KETAUS Puodai, Stovai malkoms\",\"breadcrumb\":{\"@id\":\"https:\\\/\\\/cookking.online\\\/katalogas\\\/peiliai\\\/masahiro-neo-bunka-peilis-165-mm-10503\\\/#breadcrumb\"},\"inLanguage\":\"en-US\",\"potentialAction\":[{\"@type\":\"ReadAction\",\"target\":[\"https:\\\/\\\/cookking.online\\\/katalogas\\\/peiliai\\\/masahiro-neo-bunka-peilis-165-mm-10503\\\/\"]}]},{\"@type\":\"ImageObject\",\"inLanguage\":\"en-US\",\"@id\":\"https:\\\/\\\/cookking.online\\\/katalogas\\\/peiliai\\\/masahiro-neo-bunka-peilis-165-mm-10503\\\/#primaryimage\",\"url\":\"https:\\\/\\\/cookking.online\\\/wp-content\\\/uploads\\\/2024\\\/01\\\/10966_1.webp\",\"contentUrl\":\"https:\\\/\\\/cookking.online\\\/wp-content\\\/uploads\\\/2024\\\/01\\\/10966_1.webp\",\"width\":770,\"height\":770,\"caption\":\"Masahiro NEO Bunka peilis 165 mm [10503]\"},{\"@type\":\"BreadcrumbList\",\"@id\":\"https:\\\/\\\/cookking.online\\\/katalogas\\\/peiliai\\\/masahiro-neo-bunka-peilis-165-mm-10503\\\/#breadcrumb\",\"itemListElement\":[{\"@type\":\"ListItem\",\"position\":1,\"name\":\"Prad\u017eia\",\"item\":\"https:\\\/\\\/cookking.online\\\/\"},{\"@type\":\"ListItem\",\"position\":2,\"name\":\"Parduotuv\u0117\",\"item\":\"https:\\\/\\\/cookking.online\\\/parduotuve\\\/\"},{\"@type\":\"ListItem\",\"position\":3,\"name\":\"Masahiro NEO Bunka peilis 165 mm [10503]\"}]},{\"@type\":\"WebSite\",\"@id\":\"https:\\\/\\\/cookking.online\\\/#website\",\"url\":\"https:\\\/\\\/cookking.online\\\/\",\"name\":\"Cookking.online\",\"description\":\"\",\"publisher\":{\"@id\":\"https:\\\/\\\/cookking.online\\\/#organization\"},\"potentialAction\":[{\"@type\":\"SearchAction\",\"target\":{\"@type\":\"EntryPoint\",\"urlTemplate\":\"https:\\\/\\\/cookking.online\\\/?s={search_term_string}\"},\"query-input\":{\"@type\":\"PropertyValueSpecification\",\"valueRequired\":true,\"valueName\":\"search_term_string\"}}],\"inLanguage\":\"en-US\"},{\"@type\":\"Organization\",\"@id\":\"https:\\\/\\\/cookking.online\\\/#organization\",\"name\":\"Cookking.online\",\"url\":\"https:\\\/\\\/cookking.online\\\/\",\"logo\":{\"@type\":\"ImageObject\",\"inLanguage\":\"en-US\",\"@id\":\"https:\\\/\\\/cookking.online\\\/#\\\/schema\\\/logo\\\/image\\\/\",\"url\":\"https:\\\/\\\/cookking.online\\\/wp-content\\\/uploads\\\/2021\\\/11\\\/Logo.png\",\"contentUrl\":\"https:\\\/\\\/cookking.online\\\/wp-content\\\/uploads\\\/2021\\\/11\\\/Logo.png\",\"width\":291,\"height\":100,\"caption\":\"Cookking.online\"},\"image\":{\"@id\":\"https:\\\/\\\/cookking.online\\\/#\\\/schema\\\/logo\\\/image\\\/\"}}]}<\/script>\n<!-- \/ Yoast SEO plugin. -->","yoast_head_json":{"title":"Masahiro NEO Bunka peilis 165 mm [10503] - Cookking.online","description":"Masahiro NEO Bunka peilis 165 mm [10503] Auk\u0161\u010diausios kokyb\u0117s \u012franga gaminimui, kepimui ant groteli\u0173 ir r\u016bkymui lauke. Lau\u017eaviet\u0117s, Trikojai griliui, KETAUS Puodai, Stovai malkoms","robots":{"index":"index","follow":"follow","max-snippet":"max-snippet:-1","max-image-preview":"max-image-preview:large","max-video-preview":"max-video-preview:-1"},"canonical":"https:\/\/cookking.online\/en\/katalogas\/peiliai\/masahiro-neo-bunka-peilis-165-mm-10503\/","og_locale":"en_US","og_type":"article","og_title":"Masahiro NEO Bunka peilis 165 mm [10503] - Cookking.online","og_description":"Masahiro NEO Bunka peilis 165 mm [10503] Auk\u0161\u010diausios kokyb\u0117s \u012franga gaminimui, kepimui ant groteli\u0173 ir r\u016bkymui lauke. Lau\u017eaviet\u0117s, Trikojai griliui, KETAUS Puodai, Stovai malkoms","og_url":"https:\/\/cookking.online\/en\/katalogas\/peiliai\/masahiro-neo-bunka-peilis-165-mm-10503\/","og_site_name":"Cookking.online","og_image":[{"width":770,"height":770,"url":"https:\/\/cookking.online\/wp-content\/uploads\/2024\/01\/10966_1.webp","type":"image\/webp"}],"twitter_card":"summary_large_image","twitter_misc":{"Est. reading time":"3 minutes"},"schema":{"@context":"https:\/\/schema.org","@graph":[{"@type":"WebPage","@id":"https:\/\/cookking.online\/katalogas\/peiliai\/masahiro-neo-bunka-peilis-165-mm-10503\/","url":"https:\/\/cookking.online\/katalogas\/peiliai\/masahiro-neo-bunka-peilis-165-mm-10503\/","name":"Masahiro NEO Bunka peilis 165 mm [10503] - Cookking.online","isPartOf":{"@id":"https:\/\/cookking.online\/#website"},"primaryImageOfPage":{"@id":"https:\/\/cookking.online\/katalogas\/peiliai\/masahiro-neo-bunka-peilis-165-mm-10503\/#primaryimage"},"image":{"@id":"https:\/\/cookking.online\/katalogas\/peiliai\/masahiro-neo-bunka-peilis-165-mm-10503\/#primaryimage"},"thumbnailUrl":"https:\/\/cookking.online\/wp-content\/uploads\/2024\/01\/10966_1.webp","datePublished":"2026-03-10T09:51:52+00:00","description":"Masahiro NEO Bunka peilis 165 mm [10503] Auk\u0161\u010diausios kokyb\u0117s \u012franga gaminimui, kepimui ant groteli\u0173 ir r\u016bkymui lauke. Lau\u017eaviet\u0117s, Trikojai griliui, KETAUS Puodai, Stovai malkoms","breadcrumb":{"@id":"https:\/\/cookking.online\/katalogas\/peiliai\/masahiro-neo-bunka-peilis-165-mm-10503\/#breadcrumb"},"inLanguage":"en-US","potentialAction":[{"@type":"ReadAction","target":["https:\/\/cookking.online\/katalogas\/peiliai\/masahiro-neo-bunka-peilis-165-mm-10503\/"]}]},{"@type":"ImageObject","inLanguage":"en-US","@id":"https:\/\/cookking.online\/katalogas\/peiliai\/masahiro-neo-bunka-peilis-165-mm-10503\/#primaryimage","url":"https:\/\/cookking.online\/wp-content\/uploads\/2024\/01\/10966_1.webp","contentUrl":"https:\/\/cookking.online\/wp-content\/uploads\/2024\/01\/10966_1.webp","width":770,"height":770,"caption":"Masahiro NEO Bunka peilis 165 mm [10503]"},{"@type":"BreadcrumbList","@id":"https:\/\/cookking.online\/katalogas\/peiliai\/masahiro-neo-bunka-peilis-165-mm-10503\/#breadcrumb","itemListElement":[{"@type":"ListItem","position":1,"name":"Prad\u017eia","item":"https:\/\/cookking.online\/"},{"@type":"ListItem","position":2,"name":"Parduotuv\u0117","item":"https:\/\/cookking.online\/parduotuve\/"},{"@type":"ListItem","position":3,"name":"Masahiro NEO Bunka peilis 165 mm [10503]"}]},{"@type":"WebSite","@id":"https:\/\/cookking.online\/#website","url":"https:\/\/cookking.online\/","name":"Cookking.online","description":"","publisher":{"@id":"https:\/\/cookking.online\/#organization"},"potentialAction":[{"@type":"SearchAction","target":{"@type":"EntryPoint","urlTemplate":"https:\/\/cookking.online\/?s={search_term_string}"},"query-input":{"@type":"PropertyValueSpecification","valueRequired":true,"valueName":"search_term_string"}}],"inLanguage":"en-US"},{"@type":"Organization","@id":"https:\/\/cookking.online\/#organization","name":"Cookking.online","url":"https:\/\/cookking.online\/","logo":{"@type":"ImageObject","inLanguage":"en-US","@id":"https:\/\/cookking.online\/#\/schema\/logo\/image\/","url":"https:\/\/cookking.online\/wp-content\/uploads\/2021\/11\/Logo.png","contentUrl":"https:\/\/cookking.online\/wp-content\/uploads\/2021\/11\/Logo.png","width":291,"height":100,"caption":"Cookking.online"},"image":{"@id":"https:\/\/cookking.online\/#\/schema\/logo\/image\/"}}]}},"_links":{"self":[{"href":"https:\/\/cookking.online\/en\/wp-json\/wp\/v2\/product\/10379","targetHints":{"allow":["GET"]}}],"collection":[{"href":"https:\/\/cookking.online\/en\/wp-json\/wp\/v2\/product"}],"about":[{"href":"https:\/\/cookking.online\/en\/wp-json\/wp\/v2\/types\/product"}],"wp:featuredmedia":[{"embeddable":true,"href":"https:\/\/cookking.online\/en\/wp-json\/wp\/v2\/media\/10380"}],"wp:attachment":[{"href":"https:\/\/cookking.online\/en\/wp-json\/wp\/v2\/media?parent=10379"}],"wp:term":[{"taxonomy":"product_brand","embeddable":true,"href":"https:\/\/cookking.online\/en\/wp-json\/wp\/v2\/product_brand?post=10379"},{"taxonomy":"product_cat","embeddable":true,"href":"https:\/\/cookking.online\/en\/wp-json\/wp\/v2\/product_cat?post=10379"},{"taxonomy":"product_tag","embeddable":true,"href":"https:\/\/cookking.online\/en\/wp-json\/wp\/v2\/product_tag?post=10379"}],"curies":[{"name":"wp","href":"https:\/\/api.w.org\/{rel}","templated":true}]}}