{"id":10497,"date":"2026-03-10T12:51:52","date_gmt":"2026-03-10T09:51:52","guid":{"rendered":"https:\/\/cookking.online\/?post_type=product&#038;p=10497"},"modified":"2026-03-10T12:51:52","modified_gmt":"2026-03-10T09:51:52","slug":"masahiro-ms-8-yanagiba-peilis-210-mm-kairiarankiams","status":"publish","type":"product","link":"https:\/\/cookking.online\/en\/katalogas\/peiliai\/masahiro-ms-8-yanagiba-peilis-210-mm-kairiarankiams\/","title":{"rendered":"Masahiro MS-8 Yanagiba peilis 210 mm kairiarankiams"},"content":{"rendered":"<div class=\"text\">\n<div class=\"text\">\n<h3>Masahiro MS-8 Yanagiba peilis 210 mm kairiarankiams [10062]<\/h3>\n<p>Masahiro Yanagiba, kurio a\u0161men\u0173 ilgis 210 mm, skirtas kairiarankiams &#8211; tai peilis, kurio ilgi ir ploni a\u0161menys naudojami pjaunant labai plonas riekeles ar fil\u0117 \u017euv\u012f. Azijos virtuv\u0117je Yanagiba da\u017eniausiai naudojama su\u0161iams ar sa\u0161imiams ruo\u0161ti. B\u016bdingas tradiciniams japoni\u0161kiems peiliams, jis yra pagal\u0105stas i\u0161 vienos pus\u0117s, tod\u0117l galima tiksliai, visi\u0161kai kontroliuojamai pjaustyti gaminius, kurie lengvai atsiskiria nuo peilio, atskleid\u017eia gra\u017e\u0173 ir blizgant\u012f pjovimo pavir\u0161i\u0173 \u2013 svarbi\u0105 ir vertinam\u0105 japon\u0173 virtuv\u0117s detal\u0119. Yanagi japoni\u0161kai rei\u0161kia gluosn\u012f, o peilio pavadinimas grei\u010diausiai rei\u0161kia ilgas ir lanks\u010dias \u0161io med\u017eio \u0161akas.<\/p>\n<h4>Masahiro MS-8 Yanagiba peilis 210 mm kairiarankiams savyb\u0117s yra \u0161ios:<\/h4>\n<p>ilgis \u2013 ilgas peilis naudojamas pjauti tik viena kryptimi (&#8222;\u012f jus&#8221;), kad b\u016bt\u0173 i\u0161vengta zigzago pjovimo \u017eymi\u0173 ir paliktas puikus skerspj\u016bvis,<br \/>\nstoris \u2013 turi labai plon\u0105 gele\u017et\u0119, leid\u017eian\u010di\u0105 pjauti ma\u017ea j\u0117ga, kad nesutrai\u0161kyt\u0173, nesudu\u017et\u0173 ar nesupl\u0117\u0161yt\u0173 nupjaut\u0173 gamini\u0173,<br \/>\nkietumas ir ilgaam\u017ei\u0161kumas \u2013 peiliai pagaminti i\u0161 labai kieto ir patvaraus plieno, leid\u017eian\u010dio puikiai pagal\u0105sti,<br \/>\nPeilio konstrukcija skirta palengvinti nupjaut\u0173 grie\u017ein\u0117li\u0173 atskyrim\u0105 nuo peilio plok\u0161tumos.<\/p>\n<p>\u0160ios linijos peiliai yra pagaminti i\u0161 VG-10 darinio, molibdeno-vanad\u017eio, daug anglies turin\u010dio ner\u016bdijan\u010dio plieno, vadinamo MBS-26, kuris buvo kietinamas trimis etapais, kol pasiekia 58-59 HRC kietum\u0105. Kiekvien\u0105 a\u0161men\u012f i\u0161tobulino meistrai, turintys daugiau nei 30 met\u0173 patirt\u012f, tod\u0117l Masahiro peiliai yra dar nereg\u0117to a\u0161trumo.<\/p>\n<p>Rankena pagaminta atsi\u017evelgiant \u012f Japonijai b\u016bdingas detales, i\u0161 \u0161viesios magnolijos medienos, sutvirtintos plastikiniu \u017eiedu.<\/p>\n<p>D\u0117mesio! MS-8 serijos peiliai yra su dviem skirtingais logotipais (u\u017era\u0161ai japoni\u0161ka arba lotyni\u0161ka ab\u0117c\u0117le).<\/p>\n<\/div>\n<table>\n<tbody>\n<tr>\n<td><strong>Plieno tipas:<\/strong><\/td>\n<td>MBS-26<\/td>\n<\/tr>\n<tr>\n<td><strong>HRC:<\/strong><\/td>\n<td>58-59<\/td>\n<\/tr>\n<tr>\n<td><strong>Rankenos med\u017eiaga:<br \/>\n<\/strong><\/td>\n<td><strong>magnolijos mediena<\/strong><\/td>\n<\/tr>\n<tr>\n<td><strong>Galandimo b\u016bdas:\u00a0<\/strong><\/td>\n<td><strong>vienpusis<\/strong><\/td>\n<\/tr>\n<tr>\n<td><strong>Matmenys:<\/strong><\/td>\n<td><img decoding=\"async\" class=\"grayscale grayscale-off\" src=\"https:\/\/masahiro.pl\/upload\/1\/knife_dimensions_cr_negative2.jpg\" alt=\"\" border=\"0\" \/><\/td>\n<\/tr>\n<tr>\n<td><strong>Bendras ilgis (A):<br \/>\n<\/strong><\/td>\n<td>\u00a0mm<\/td>\n<\/tr>\n<tr>\n<td><strong>A\u0161men\u0173 ilgis (B):<br \/>\n<\/strong><\/td>\n<td>210 mm<\/td>\n<\/tr>\n<tr>\n<td><strong>Plotis (C):<br \/>\n<\/strong><\/td>\n<td>35 mm<\/td>\n<\/tr>\n<tr>\n<td><strong>Storis (D):<br \/>\n<\/strong><\/td>\n<td>2.5 mm<\/td>\n<\/tr>\n<tr>\n<td><strong>Svoris:\u00a0<\/strong><\/td>\n<td>\u00a090 g<\/td>\n<\/tr>\n<\/tbody>\n<\/table>\n<p>Naudinga informacija:<\/p>\n<ul>\n<li>Visi Masahiro peiliai yra itin a\u0161tr\u016bs, tod\u0117l rekomenduojame juos naudoti atsargiai.<\/li>\n<li>Masahiro peiliais negalima pjaustyti \u0161aldyt\u0173 produkt\u0173 (i\u0161skyrus \u0161iam tikslui skirtas serijas).<\/li>\n<li>Nenaudokite peili\u0173 kitiems tikslams nei maistui.<\/li>\n<li>Pjovimui naudokite medines arba plastikines pjaustymo lentas.<\/li>\n<li>Peili\u0173 negalima plauti indaplov\u0117se, nes tai pa\u017eeid\u017eia pjovimo briaun\u0105.<\/li>\n<li>Nuplaukite peil\u012f \u0161iltame vandenyje su trupu\u010diu ind\u0173 ploviklio.<\/li>\n<li>Po plovimo nuvalykite peil\u012f sausai.<\/li>\n<\/ul>\n<\/div>\n<p style=\"text-align: justify;\"><iframe loading=\"lazy\" src=\"\/\/www.youtube.com\/embed\/Wb-ZTJIz9e8?rel=0\" width=\"640\" height=\"360\" frameborder=\"0\"><\/iframe><\/p>\n","protected":false},"excerpt":{"rendered":"<p>Masahiro peili\u0173 serija, skirta entuziastams ir profesionalams, ruo\u0161iantiems su\u0161ius. MBS-26 ner\u016bdijantis plienas, kurio kietumas 59 HRC. Vienoje pus\u0117je pagal\u0105sti peiliai, skirti de\u0161iniarankiams ir kairiarankiams. Magnolijos med\u017eio rankena.<\/p>","protected":false},"featured_media":10498,"template":"","meta":[],"product_brand":[],"product_cat":[119],"product_tag":[120],"class_list":{"0":"post-10497","1":"product","2":"type-product","3":"status-publish","4":"has-post-thumbnail","6":"product_cat-peiliai","7":"product_tag-masahiro","9":"first","10":"outofstock","11":"sale","12":"taxable","13":"shipping-taxable","14":"purchasable","15":"product-type-simple"},"yoast_head":"<!-- This site is optimized with the Yoast SEO plugin v27.3 - https:\/\/yoast.com\/product\/yoast-seo-wordpress\/ -->\n<title>Masahiro MS-8 Yanagiba peilis 210 mm kairiarankiams - Cookking.online<\/title>\n<meta name=\"description\" content=\"Masahiro MS-8 Yanagiba peilis 210 mm kairiarankiams . Auk\u0161\u010diausios kokyb\u0117s \u012franga gaminimui, kepimui Yanagi japoni\u0161kai rei\u0161kia gluosn\u012f, peilio pavadinimas rei\u0161kia ilgas ir lanks\u010dias \u0161io med\u017eio \u0161akas.\" \/>\n<meta name=\"robots\" content=\"index, follow, max-snippet:-1, max-image-preview:large, max-video-preview:-1\" \/>\n<link rel=\"canonical\" href=\"https:\/\/cookking.online\/en\/katalogas\/peiliai\/masahiro-ms-8-yanagiba-peilis-210-mm-kairiarankiams\/\" \/>\n<meta property=\"og:locale\" content=\"en_US\" \/>\n<meta property=\"og:type\" content=\"article\" \/>\n<meta property=\"og:title\" content=\"Masahiro MS-8 Yanagiba peilis 210 mm kairiarankiams - Cookking.online\" \/>\n<meta property=\"og:description\" content=\"Masahiro MS-8 Yanagiba peilis 210 mm kairiarankiams . Auk\u0161\u010diausios kokyb\u0117s \u012franga gaminimui, kepimui Yanagi japoni\u0161kai rei\u0161kia gluosn\u012f, peilio pavadinimas rei\u0161kia ilgas ir lanks\u010dias \u0161io med\u017eio \u0161akas.\" \/>\n<meta property=\"og:url\" content=\"https:\/\/cookking.online\/en\/katalogas\/peiliai\/masahiro-ms-8-yanagiba-peilis-210-mm-kairiarankiams\/\" \/>\n<meta property=\"og:site_name\" content=\"Cookking.online\" \/>\n<meta property=\"og:image\" content=\"https:\/\/cookking.online\/wp-content\/uploads\/2024\/01\/13074_1.webp\" \/>\n\t<meta property=\"og:image:width\" content=\"904\" \/>\n\t<meta property=\"og:image:height\" content=\"900\" \/>\n\t<meta property=\"og:image:type\" content=\"image\/webp\" \/>\n<meta name=\"twitter:card\" content=\"summary_large_image\" \/>\n<meta name=\"twitter:label1\" content=\"Est. reading time\" \/>\n\t<meta name=\"twitter:data1\" content=\"3 minutes\" \/>\n<script type=\"application\/ld+json\" class=\"yoast-schema-graph\">{\"@context\":\"https:\\\/\\\/schema.org\",\"@graph\":[{\"@type\":\"WebPage\",\"@id\":\"https:\\\/\\\/cookking.online\\\/katalogas\\\/peiliai\\\/masahiro-ms-8-yanagiba-peilis-210-mm-kairiarankiams\\\/\",\"url\":\"https:\\\/\\\/cookking.online\\\/katalogas\\\/peiliai\\\/masahiro-ms-8-yanagiba-peilis-210-mm-kairiarankiams\\\/\",\"name\":\"Masahiro MS-8 Yanagiba peilis 210 mm kairiarankiams - Cookking.online\",\"isPartOf\":{\"@id\":\"https:\\\/\\\/cookking.online\\\/#website\"},\"primaryImageOfPage\":{\"@id\":\"https:\\\/\\\/cookking.online\\\/katalogas\\\/peiliai\\\/masahiro-ms-8-yanagiba-peilis-210-mm-kairiarankiams\\\/#primaryimage\"},\"image\":{\"@id\":\"https:\\\/\\\/cookking.online\\\/katalogas\\\/peiliai\\\/masahiro-ms-8-yanagiba-peilis-210-mm-kairiarankiams\\\/#primaryimage\"},\"thumbnailUrl\":\"https:\\\/\\\/cookking.online\\\/wp-content\\\/uploads\\\/2024\\\/01\\\/13074_1.webp\",\"datePublished\":\"2026-03-10T09:51:52+00:00\",\"description\":\"Masahiro MS-8 Yanagiba peilis 210 mm kairiarankiams . Auk\u0161\u010diausios kokyb\u0117s \u012franga gaminimui, kepimui Yanagi japoni\u0161kai rei\u0161kia gluosn\u012f, peilio pavadinimas rei\u0161kia ilgas ir lanks\u010dias \u0161io med\u017eio \u0161akas.\",\"breadcrumb\":{\"@id\":\"https:\\\/\\\/cookking.online\\\/katalogas\\\/peiliai\\\/masahiro-ms-8-yanagiba-peilis-210-mm-kairiarankiams\\\/#breadcrumb\"},\"inLanguage\":\"en-US\",\"potentialAction\":[{\"@type\":\"ReadAction\",\"target\":[\"https:\\\/\\\/cookking.online\\\/katalogas\\\/peiliai\\\/masahiro-ms-8-yanagiba-peilis-210-mm-kairiarankiams\\\/\"]}]},{\"@type\":\"ImageObject\",\"inLanguage\":\"en-US\",\"@id\":\"https:\\\/\\\/cookking.online\\\/katalogas\\\/peiliai\\\/masahiro-ms-8-yanagiba-peilis-210-mm-kairiarankiams\\\/#primaryimage\",\"url\":\"https:\\\/\\\/cookking.online\\\/wp-content\\\/uploads\\\/2024\\\/01\\\/13074_1.webp\",\"contentUrl\":\"https:\\\/\\\/cookking.online\\\/wp-content\\\/uploads\\\/2024\\\/01\\\/13074_1.webp\",\"width\":904,\"height\":900,\"caption\":\"Masahiro MS-8 Yanagiba peilis 210 mm kairiarankiams\"},{\"@type\":\"BreadcrumbList\",\"@id\":\"https:\\\/\\\/cookking.online\\\/katalogas\\\/peiliai\\\/masahiro-ms-8-yanagiba-peilis-210-mm-kairiarankiams\\\/#breadcrumb\",\"itemListElement\":[{\"@type\":\"ListItem\",\"position\":1,\"name\":\"Prad\u017eia\",\"item\":\"https:\\\/\\\/cookking.online\\\/\"},{\"@type\":\"ListItem\",\"position\":2,\"name\":\"Parduotuv\u0117\",\"item\":\"https:\\\/\\\/cookking.online\\\/parduotuve\\\/\"},{\"@type\":\"ListItem\",\"position\":3,\"name\":\"Masahiro MS-8 Yanagiba peilis 210 mm kairiarankiams\"}]},{\"@type\":\"WebSite\",\"@id\":\"https:\\\/\\\/cookking.online\\\/#website\",\"url\":\"https:\\\/\\\/cookking.online\\\/\",\"name\":\"Cookking.online\",\"description\":\"\",\"publisher\":{\"@id\":\"https:\\\/\\\/cookking.online\\\/#organization\"},\"potentialAction\":[{\"@type\":\"SearchAction\",\"target\":{\"@type\":\"EntryPoint\",\"urlTemplate\":\"https:\\\/\\\/cookking.online\\\/?s={search_term_string}\"},\"query-input\":{\"@type\":\"PropertyValueSpecification\",\"valueRequired\":true,\"valueName\":\"search_term_string\"}}],\"inLanguage\":\"en-US\"},{\"@type\":\"Organization\",\"@id\":\"https:\\\/\\\/cookking.online\\\/#organization\",\"name\":\"Cookking.online\",\"url\":\"https:\\\/\\\/cookking.online\\\/\",\"logo\":{\"@type\":\"ImageObject\",\"inLanguage\":\"en-US\",\"@id\":\"https:\\\/\\\/cookking.online\\\/#\\\/schema\\\/logo\\\/image\\\/\",\"url\":\"https:\\\/\\\/cookking.online\\\/wp-content\\\/uploads\\\/2021\\\/11\\\/Logo.png\",\"contentUrl\":\"https:\\\/\\\/cookking.online\\\/wp-content\\\/uploads\\\/2021\\\/11\\\/Logo.png\",\"width\":291,\"height\":100,\"caption\":\"Cookking.online\"},\"image\":{\"@id\":\"https:\\\/\\\/cookking.online\\\/#\\\/schema\\\/logo\\\/image\\\/\"}}]}<\/script>\n<!-- \/ Yoast SEO plugin. -->","yoast_head_json":{"title":"Masahiro MS-8 Yanagiba peilis 210 mm kairiarankiams - Cookking.online","description":"Masahiro MS-8 Yanagiba peilis 210 mm kairiarankiams . Auk\u0161\u010diausios kokyb\u0117s \u012franga gaminimui, kepimui Yanagi japoni\u0161kai rei\u0161kia gluosn\u012f, peilio pavadinimas rei\u0161kia ilgas ir lanks\u010dias \u0161io med\u017eio \u0161akas.","robots":{"index":"index","follow":"follow","max-snippet":"max-snippet:-1","max-image-preview":"max-image-preview:large","max-video-preview":"max-video-preview:-1"},"canonical":"https:\/\/cookking.online\/en\/katalogas\/peiliai\/masahiro-ms-8-yanagiba-peilis-210-mm-kairiarankiams\/","og_locale":"en_US","og_type":"article","og_title":"Masahiro MS-8 Yanagiba peilis 210 mm kairiarankiams - Cookking.online","og_description":"Masahiro MS-8 Yanagiba peilis 210 mm kairiarankiams . Auk\u0161\u010diausios kokyb\u0117s \u012franga gaminimui, kepimui Yanagi japoni\u0161kai rei\u0161kia gluosn\u012f, peilio pavadinimas rei\u0161kia ilgas ir lanks\u010dias \u0161io med\u017eio \u0161akas.","og_url":"https:\/\/cookking.online\/en\/katalogas\/peiliai\/masahiro-ms-8-yanagiba-peilis-210-mm-kairiarankiams\/","og_site_name":"Cookking.online","og_image":[{"width":904,"height":900,"url":"https:\/\/cookking.online\/wp-content\/uploads\/2024\/01\/13074_1.webp","type":"image\/webp"}],"twitter_card":"summary_large_image","twitter_misc":{"Est. reading time":"3 minutes"},"schema":{"@context":"https:\/\/schema.org","@graph":[{"@type":"WebPage","@id":"https:\/\/cookking.online\/katalogas\/peiliai\/masahiro-ms-8-yanagiba-peilis-210-mm-kairiarankiams\/","url":"https:\/\/cookking.online\/katalogas\/peiliai\/masahiro-ms-8-yanagiba-peilis-210-mm-kairiarankiams\/","name":"Masahiro MS-8 Yanagiba peilis 210 mm kairiarankiams - Cookking.online","isPartOf":{"@id":"https:\/\/cookking.online\/#website"},"primaryImageOfPage":{"@id":"https:\/\/cookking.online\/katalogas\/peiliai\/masahiro-ms-8-yanagiba-peilis-210-mm-kairiarankiams\/#primaryimage"},"image":{"@id":"https:\/\/cookking.online\/katalogas\/peiliai\/masahiro-ms-8-yanagiba-peilis-210-mm-kairiarankiams\/#primaryimage"},"thumbnailUrl":"https:\/\/cookking.online\/wp-content\/uploads\/2024\/01\/13074_1.webp","datePublished":"2026-03-10T09:51:52+00:00","description":"Masahiro MS-8 Yanagiba peilis 210 mm kairiarankiams . Auk\u0161\u010diausios kokyb\u0117s \u012franga gaminimui, kepimui Yanagi japoni\u0161kai rei\u0161kia gluosn\u012f, peilio pavadinimas rei\u0161kia ilgas ir lanks\u010dias \u0161io med\u017eio \u0161akas.","breadcrumb":{"@id":"https:\/\/cookking.online\/katalogas\/peiliai\/masahiro-ms-8-yanagiba-peilis-210-mm-kairiarankiams\/#breadcrumb"},"inLanguage":"en-US","potentialAction":[{"@type":"ReadAction","target":["https:\/\/cookking.online\/katalogas\/peiliai\/masahiro-ms-8-yanagiba-peilis-210-mm-kairiarankiams\/"]}]},{"@type":"ImageObject","inLanguage":"en-US","@id":"https:\/\/cookking.online\/katalogas\/peiliai\/masahiro-ms-8-yanagiba-peilis-210-mm-kairiarankiams\/#primaryimage","url":"https:\/\/cookking.online\/wp-content\/uploads\/2024\/01\/13074_1.webp","contentUrl":"https:\/\/cookking.online\/wp-content\/uploads\/2024\/01\/13074_1.webp","width":904,"height":900,"caption":"Masahiro MS-8 Yanagiba peilis 210 mm kairiarankiams"},{"@type":"BreadcrumbList","@id":"https:\/\/cookking.online\/katalogas\/peiliai\/masahiro-ms-8-yanagiba-peilis-210-mm-kairiarankiams\/#breadcrumb","itemListElement":[{"@type":"ListItem","position":1,"name":"Prad\u017eia","item":"https:\/\/cookking.online\/"},{"@type":"ListItem","position":2,"name":"Parduotuv\u0117","item":"https:\/\/cookking.online\/parduotuve\/"},{"@type":"ListItem","position":3,"name":"Masahiro MS-8 Yanagiba peilis 210 mm kairiarankiams"}]},{"@type":"WebSite","@id":"https:\/\/cookking.online\/#website","url":"https:\/\/cookking.online\/","name":"Cookking.online","description":"","publisher":{"@id":"https:\/\/cookking.online\/#organization"},"potentialAction":[{"@type":"SearchAction","target":{"@type":"EntryPoint","urlTemplate":"https:\/\/cookking.online\/?s={search_term_string}"},"query-input":{"@type":"PropertyValueSpecification","valueRequired":true,"valueName":"search_term_string"}}],"inLanguage":"en-US"},{"@type":"Organization","@id":"https:\/\/cookking.online\/#organization","name":"Cookking.online","url":"https:\/\/cookking.online\/","logo":{"@type":"ImageObject","inLanguage":"en-US","@id":"https:\/\/cookking.online\/#\/schema\/logo\/image\/","url":"https:\/\/cookking.online\/wp-content\/uploads\/2021\/11\/Logo.png","contentUrl":"https:\/\/cookking.online\/wp-content\/uploads\/2021\/11\/Logo.png","width":291,"height":100,"caption":"Cookking.online"},"image":{"@id":"https:\/\/cookking.online\/#\/schema\/logo\/image\/"}}]}},"_links":{"self":[{"href":"https:\/\/cookking.online\/en\/wp-json\/wp\/v2\/product\/10497","targetHints":{"allow":["GET"]}}],"collection":[{"href":"https:\/\/cookking.online\/en\/wp-json\/wp\/v2\/product"}],"about":[{"href":"https:\/\/cookking.online\/en\/wp-json\/wp\/v2\/types\/product"}],"wp:featuredmedia":[{"embeddable":true,"href":"https:\/\/cookking.online\/en\/wp-json\/wp\/v2\/media\/10498"}],"wp:attachment":[{"href":"https:\/\/cookking.online\/en\/wp-json\/wp\/v2\/media?parent=10497"}],"wp:term":[{"taxonomy":"product_brand","embeddable":true,"href":"https:\/\/cookking.online\/en\/wp-json\/wp\/v2\/product_brand?post=10497"},{"taxonomy":"product_cat","embeddable":true,"href":"https:\/\/cookking.online\/en\/wp-json\/wp\/v2\/product_cat?post=10497"},{"taxonomy":"product_tag","embeddable":true,"href":"https:\/\/cookking.online\/en\/wp-json\/wp\/v2\/product_tag?post=10497"}],"curies":[{"name":"wp","href":"https:\/\/api.w.org\/{rel}","templated":true}]}}