{"id":2207,"date":"2026-03-10T12:20:28","date_gmt":"2026-03-10T09:20:28","guid":{"rendered":"https:\/\/cookking.online\/?post_type=product&#038;p=2207"},"modified":"2026-03-10T12:20:28","modified_gmt":"2026-03-10T09:20:28","slug":"trikojis-cook-king-su-2xgrotelemis","status":"publish","type":"product","link":"https:\/\/cookking.online\/en\/katalogas\/sodo-griliai\/trikojis-cook-king-su-2xgrotelemis\/","title":{"rendered":"Trikojis Cook King su 2xGrotel\u0117mis"},"content":{"rendered":"<p><a href=\"https:\/\/cookking.online\/en\/product-category\/sodo-griliai\/\" target=\"_blank\" rel=\"noopener\">Trikojis Cook King su 2xGrotel\u0117mis<\/a><\/p>\n<p><a href=\"https:\/\/www.youtube.com\/channel\/UC0eMDwELC0jawxRPy-wDovg\" target=\"_blank\" rel=\"noopener\">\"HAND MADE\" HIGH QUALITY OF WORKMANSHIP, MADE IN EUROPE<\/a><\/p>\n<p>Prek\u0117s apra\u0161ymas:<br \/>\nTrikojis yra puikus gaminys susitikimams su draugais sode. Kaip \u0161ilumos \u0161altin\u012f \u0161iam griliui galite naudoti lau\u017e\u0105 arba tradicinius anglies briketus. Trikojis yra padengtas milteliniu b\u016bdu, tod\u0117l padid\u0117ja jo atsparumas oro s\u0105lygoms. Masyvios grotel\u0117s pagamintos i\u0161 stor\u0173 med\u017eiag\u0173 ir jose telpa didelis kiekis maisto. Stabilus trikojis leid\u017eia naudotojams pastatyti gril\u012f ant bet kokio pavir\u0161iaus, nesvarbu, ar jis lygus, ar ne. Papildomas gaminio privalumas yra tai, kad j\u012f galima greitai surinkti ir i\u0161ardyti, taip pat lengvai transportuoti ir laikyti, nes trikojo kojeles galima sulankstyti per vidur\u012f. \u012esp\u016bdingi papuo\u0161alai, \u012fskaitant kaltinius elementus, paver\u010dia \u0161i\u0105 trikojo kepsnin\u0119 malonia akims. Lengvai reguliuojamas groteli\u0173 auk\u0161tis, ant kurio jos u\u017ed\u0117tos, nesunku.<br \/>\nGali b\u016bti tikrai naudinga tur\u0117ti kepsnin\u0119 su dviem grotel\u0117mis. Trikojis Cook King su 2xGrotel\u0117mis gaminio d\u0117ka \u012fgaunate didesn\u012f kepimo pavir\u0161i\u0173. Papildomas privalumas \u2013 galimyb\u0117 kepti \u017eemesn\u0117s temperat\u016bros reikalaujan\u010dius patiekalus ant ma\u017eesn\u0117s grotel\u0117s arba ant j\u0173 pad\u0117ti paruo\u0161tus patiekalus, kad jie neatv\u0117st\u0173.<\/p>","protected":false},"excerpt":{"rendered":"<p>Trikojis Cook King su 2xGrotel\u0117mis \u201eHAND MADE\u201c AUK\u0160TA DARB\u0172 KOKYB\u0116, PAGAMINTA EUROPOJE Prek\u0117s apra\u0161ymas: Trikojis yra puikus gaminys susitikimams su draugais sode. Kaip \u0161ilumos \u0161altin\u012f \u0161iam griliui galite naudoti lau\u017e\u0105&#8230;<\/p>","protected":false},"featured_media":2301,"template":"","meta":[],"product_brand":[],"product_cat":[17],"product_tag":[],"class_list":{"0":"post-2207","1":"product","2":"type-product","3":"status-publish","4":"has-post-thumbnail","6":"product_cat-sodo-griliai","8":"first","9":"instock","10":"taxable","11":"shipping-taxable","12":"purchasable","13":"product-type-variable"},"yoast_head":"<!-- This site is optimized with the Yoast SEO plugin v27.3 - https:\/\/yoast.com\/product\/yoast-seo-wordpress\/ -->\n<title>Trikojis Cook King su 2xGrotel\u0117mis - Cookking.online<\/title>\n<meta name=\"description\" content=\"Trikojis Cook King su 2xGrotel\u0117mis Auk\u0161\u010diausios kokyb\u0117s \u012franga gaminimui, kepimui ant groteli\u0173 ir r\u016bkymui lauke.\" \/>\n<meta name=\"robots\" content=\"index, follow, max-snippet:-1, max-image-preview:large, max-video-preview:-1\" \/>\n<link rel=\"canonical\" href=\"https:\/\/cookking.online\/en\/katalogas\/sodo-griliai\/trikojis-cook-king-su-2xgrotelemis\/\" \/>\n<meta property=\"og:locale\" content=\"en_US\" \/>\n<meta property=\"og:type\" content=\"article\" \/>\n<meta property=\"og:title\" content=\"Trikojis Cook King su 2xGrotel\u0117mis - Cookking.online\" \/>\n<meta property=\"og:description\" content=\"Trikojis Cook King su 2xGrotel\u0117mis Auk\u0161\u010diausios kokyb\u0117s \u012franga gaminimui, kepimui ant groteli\u0173 ir r\u016bkymui lauke.\" \/>\n<meta property=\"og:url\" content=\"https:\/\/cookking.online\/en\/katalogas\/sodo-griliai\/trikojis-cook-king-su-2xgrotelemis\/\" \/>\n<meta property=\"og:site_name\" content=\"Cookking.online\" \/>\n<meta property=\"og:image\" content=\"https:\/\/cookking.online\/wp-content\/uploads\/2021\/11\/180-cm-tripod-with-2-natural-steel-grates-70-cm-40-cm-19.jpg\" \/>\n\t<meta property=\"og:image:width\" content=\"1519\" \/>\n\t<meta property=\"og:image:height\" content=\"2000\" \/>\n\t<meta property=\"og:image:type\" content=\"image\/jpeg\" \/>\n<meta name=\"twitter:card\" content=\"summary_large_image\" \/>\n<meta name=\"twitter:label1\" content=\"Est. reading time\" \/>\n\t<meta name=\"twitter:data1\" content=\"1 minute\" \/>\n<script type=\"application\/ld+json\" class=\"yoast-schema-graph\">{\"@context\":\"https:\\\/\\\/schema.org\",\"@graph\":[{\"@type\":\"WebPage\",\"@id\":\"https:\\\/\\\/cookking.online\\\/katalogas\\\/sodo-griliai\\\/trikojis-cook-king-su-2xgrotelemis\\\/\",\"url\":\"https:\\\/\\\/cookking.online\\\/katalogas\\\/sodo-griliai\\\/trikojis-cook-king-su-2xgrotelemis\\\/\",\"name\":\"Trikojis Cook King su 2xGrotel\u0117mis - Cookking.online\",\"isPartOf\":{\"@id\":\"https:\\\/\\\/cookking.online\\\/#website\"},\"primaryImageOfPage\":{\"@id\":\"https:\\\/\\\/cookking.online\\\/katalogas\\\/sodo-griliai\\\/trikojis-cook-king-su-2xgrotelemis\\\/#primaryimage\"},\"image\":{\"@id\":\"https:\\\/\\\/cookking.online\\\/katalogas\\\/sodo-griliai\\\/trikojis-cook-king-su-2xgrotelemis\\\/#primaryimage\"},\"thumbnailUrl\":\"https:\\\/\\\/cookking.online\\\/wp-content\\\/uploads\\\/2021\\\/11\\\/180-cm-tripod-with-2-natural-steel-grates-70-cm-40-cm-19.jpg\",\"datePublished\":\"2026-03-10T09:20:28+00:00\",\"description\":\"Trikojis Cook King su 2xGrotel\u0117mis Auk\u0161\u010diausios kokyb\u0117s \u012franga gaminimui, kepimui ant groteli\u0173 ir r\u016bkymui lauke.\",\"breadcrumb\":{\"@id\":\"https:\\\/\\\/cookking.online\\\/katalogas\\\/sodo-griliai\\\/trikojis-cook-king-su-2xgrotelemis\\\/#breadcrumb\"},\"inLanguage\":\"en-US\",\"potentialAction\":[{\"@type\":\"ReadAction\",\"target\":[\"https:\\\/\\\/cookking.online\\\/katalogas\\\/sodo-griliai\\\/trikojis-cook-king-su-2xgrotelemis\\\/\"]}]},{\"@type\":\"ImageObject\",\"inLanguage\":\"en-US\",\"@id\":\"https:\\\/\\\/cookking.online\\\/katalogas\\\/sodo-griliai\\\/trikojis-cook-king-su-2xgrotelemis\\\/#primaryimage\",\"url\":\"https:\\\/\\\/cookking.online\\\/wp-content\\\/uploads\\\/2021\\\/11\\\/180-cm-tripod-with-2-natural-steel-grates-70-cm-40-cm-19.jpg\",\"contentUrl\":\"https:\\\/\\\/cookking.online\\\/wp-content\\\/uploads\\\/2021\\\/11\\\/180-cm-tripod-with-2-natural-steel-grates-70-cm-40-cm-19.jpg\",\"width\":1519,\"height\":2000},{\"@type\":\"BreadcrumbList\",\"@id\":\"https:\\\/\\\/cookking.online\\\/katalogas\\\/sodo-griliai\\\/trikojis-cook-king-su-2xgrotelemis\\\/#breadcrumb\",\"itemListElement\":[{\"@type\":\"ListItem\",\"position\":1,\"name\":\"Prad\u017eia\",\"item\":\"https:\\\/\\\/cookking.online\\\/\"},{\"@type\":\"ListItem\",\"position\":2,\"name\":\"Parduotuv\u0117\",\"item\":\"https:\\\/\\\/cookking.online\\\/parduotuve\\\/\"},{\"@type\":\"ListItem\",\"position\":3,\"name\":\"Trikojis Cook King su 2xGrotel\u0117mis\"}]},{\"@type\":\"WebSite\",\"@id\":\"https:\\\/\\\/cookking.online\\\/#website\",\"url\":\"https:\\\/\\\/cookking.online\\\/\",\"name\":\"Cookking.online\",\"description\":\"\",\"publisher\":{\"@id\":\"https:\\\/\\\/cookking.online\\\/#organization\"},\"potentialAction\":[{\"@type\":\"SearchAction\",\"target\":{\"@type\":\"EntryPoint\",\"urlTemplate\":\"https:\\\/\\\/cookking.online\\\/?s={search_term_string}\"},\"query-input\":{\"@type\":\"PropertyValueSpecification\",\"valueRequired\":true,\"valueName\":\"search_term_string\"}}],\"inLanguage\":\"en-US\"},{\"@type\":\"Organization\",\"@id\":\"https:\\\/\\\/cookking.online\\\/#organization\",\"name\":\"Cookking.online\",\"url\":\"https:\\\/\\\/cookking.online\\\/\",\"logo\":{\"@type\":\"ImageObject\",\"inLanguage\":\"en-US\",\"@id\":\"https:\\\/\\\/cookking.online\\\/#\\\/schema\\\/logo\\\/image\\\/\",\"url\":\"https:\\\/\\\/cookking.online\\\/wp-content\\\/uploads\\\/2021\\\/11\\\/Logo.png\",\"contentUrl\":\"https:\\\/\\\/cookking.online\\\/wp-content\\\/uploads\\\/2021\\\/11\\\/Logo.png\",\"width\":291,\"height\":100,\"caption\":\"Cookking.online\"},\"image\":{\"@id\":\"https:\\\/\\\/cookking.online\\\/#\\\/schema\\\/logo\\\/image\\\/\"}}]}<\/script>\n<!-- \/ Yoast SEO plugin. -->","yoast_head_json":{"title":"Trikojis Cook King su 2xGrotel\u0117mis - Cookking.online","description":"Trikojis Cook King su 2xGrotel\u0117mis Auk\u0161\u010diausios kokyb\u0117s \u012franga gaminimui, kepimui ant groteli\u0173 ir r\u016bkymui lauke.","robots":{"index":"index","follow":"follow","max-snippet":"max-snippet:-1","max-image-preview":"max-image-preview:large","max-video-preview":"max-video-preview:-1"},"canonical":"https:\/\/cookking.online\/en\/katalogas\/sodo-griliai\/trikojis-cook-king-su-2xgrotelemis\/","og_locale":"en_US","og_type":"article","og_title":"Trikojis Cook King su 2xGrotel\u0117mis - Cookking.online","og_description":"Trikojis Cook King su 2xGrotel\u0117mis Auk\u0161\u010diausios kokyb\u0117s \u012franga gaminimui, kepimui ant groteli\u0173 ir r\u016bkymui lauke.","og_url":"https:\/\/cookking.online\/en\/katalogas\/sodo-griliai\/trikojis-cook-king-su-2xgrotelemis\/","og_site_name":"Cookking.online","og_image":[{"width":1519,"height":2000,"url":"https:\/\/cookking.online\/wp-content\/uploads\/2021\/11\/180-cm-tripod-with-2-natural-steel-grates-70-cm-40-cm-19.jpg","type":"image\/jpeg"}],"twitter_card":"summary_large_image","twitter_misc":{"Est. reading time":"1 minute"},"schema":{"@context":"https:\/\/schema.org","@graph":[{"@type":"WebPage","@id":"https:\/\/cookking.online\/katalogas\/sodo-griliai\/trikojis-cook-king-su-2xgrotelemis\/","url":"https:\/\/cookking.online\/katalogas\/sodo-griliai\/trikojis-cook-king-su-2xgrotelemis\/","name":"Trikojis Cook King su 2xGrotel\u0117mis - Cookking.online","isPartOf":{"@id":"https:\/\/cookking.online\/#website"},"primaryImageOfPage":{"@id":"https:\/\/cookking.online\/katalogas\/sodo-griliai\/trikojis-cook-king-su-2xgrotelemis\/#primaryimage"},"image":{"@id":"https:\/\/cookking.online\/katalogas\/sodo-griliai\/trikojis-cook-king-su-2xgrotelemis\/#primaryimage"},"thumbnailUrl":"https:\/\/cookking.online\/wp-content\/uploads\/2021\/11\/180-cm-tripod-with-2-natural-steel-grates-70-cm-40-cm-19.jpg","datePublished":"2026-03-10T09:20:28+00:00","description":"Trikojis Cook King su 2xGrotel\u0117mis Auk\u0161\u010diausios kokyb\u0117s \u012franga gaminimui, kepimui ant groteli\u0173 ir r\u016bkymui lauke.","breadcrumb":{"@id":"https:\/\/cookking.online\/katalogas\/sodo-griliai\/trikojis-cook-king-su-2xgrotelemis\/#breadcrumb"},"inLanguage":"en-US","potentialAction":[{"@type":"ReadAction","target":["https:\/\/cookking.online\/katalogas\/sodo-griliai\/trikojis-cook-king-su-2xgrotelemis\/"]}]},{"@type":"ImageObject","inLanguage":"en-US","@id":"https:\/\/cookking.online\/katalogas\/sodo-griliai\/trikojis-cook-king-su-2xgrotelemis\/#primaryimage","url":"https:\/\/cookking.online\/wp-content\/uploads\/2021\/11\/180-cm-tripod-with-2-natural-steel-grates-70-cm-40-cm-19.jpg","contentUrl":"https:\/\/cookking.online\/wp-content\/uploads\/2021\/11\/180-cm-tripod-with-2-natural-steel-grates-70-cm-40-cm-19.jpg","width":1519,"height":2000},{"@type":"BreadcrumbList","@id":"https:\/\/cookking.online\/katalogas\/sodo-griliai\/trikojis-cook-king-su-2xgrotelemis\/#breadcrumb","itemListElement":[{"@type":"ListItem","position":1,"name":"Prad\u017eia","item":"https:\/\/cookking.online\/"},{"@type":"ListItem","position":2,"name":"Parduotuv\u0117","item":"https:\/\/cookking.online\/parduotuve\/"},{"@type":"ListItem","position":3,"name":"Trikojis Cook King su 2xGrotel\u0117mis"}]},{"@type":"WebSite","@id":"https:\/\/cookking.online\/#website","url":"https:\/\/cookking.online\/","name":"Cookking.online","description":"","publisher":{"@id":"https:\/\/cookking.online\/#organization"},"potentialAction":[{"@type":"SearchAction","target":{"@type":"EntryPoint","urlTemplate":"https:\/\/cookking.online\/?s={search_term_string}"},"query-input":{"@type":"PropertyValueSpecification","valueRequired":true,"valueName":"search_term_string"}}],"inLanguage":"en-US"},{"@type":"Organization","@id":"https:\/\/cookking.online\/#organization","name":"Cookking.online","url":"https:\/\/cookking.online\/","logo":{"@type":"ImageObject","inLanguage":"en-US","@id":"https:\/\/cookking.online\/#\/schema\/logo\/image\/","url":"https:\/\/cookking.online\/wp-content\/uploads\/2021\/11\/Logo.png","contentUrl":"https:\/\/cookking.online\/wp-content\/uploads\/2021\/11\/Logo.png","width":291,"height":100,"caption":"Cookking.online"},"image":{"@id":"https:\/\/cookking.online\/#\/schema\/logo\/image\/"}}]}},"_links":{"self":[{"href":"https:\/\/cookking.online\/en\/wp-json\/wp\/v2\/product\/2207","targetHints":{"allow":["GET"]}}],"collection":[{"href":"https:\/\/cookking.online\/en\/wp-json\/wp\/v2\/product"}],"about":[{"href":"https:\/\/cookking.online\/en\/wp-json\/wp\/v2\/types\/product"}],"wp:featuredmedia":[{"embeddable":true,"href":"https:\/\/cookking.online\/en\/wp-json\/wp\/v2\/media\/2301"}],"wp:attachment":[{"href":"https:\/\/cookking.online\/en\/wp-json\/wp\/v2\/media?parent=2207"}],"wp:term":[{"taxonomy":"product_brand","embeddable":true,"href":"https:\/\/cookking.online\/en\/wp-json\/wp\/v2\/product_brand?post=2207"},{"taxonomy":"product_cat","embeddable":true,"href":"https:\/\/cookking.online\/en\/wp-json\/wp\/v2\/product_cat?post=2207"},{"taxonomy":"product_tag","embeddable":true,"href":"https:\/\/cookking.online\/en\/wp-json\/wp\/v2\/product_tag?post=2207"}],"curies":[{"name":"wp","href":"https:\/\/api.w.org\/{rel}","templated":true}]}}