{"id":2255,"date":"2026-03-10T12:20:31","date_gmt":"2026-03-10T09:20:31","guid":{"rendered":"https:\/\/cookking.online\/?post_type=product&#038;p=2255"},"modified":"2026-03-10T12:20:32","modified_gmt":"2026-03-10T09:20:32","slug":"trikojis-cook-king-su-grotelemis-rite-nerudijancio-plieno","status":"publish","type":"product","link":"https:\/\/cookking.online\/en\/katalogas\/sodo-griliai\/trikojis-cook-king-su-grotelemis-rite-nerudijancio-plieno\/","title":{"rendered":"Trikojis Cook King su Grotel\u0117mis +rite"},"content":{"rendered":"<p><a href=\"https:\/\/cookking.online\/en\/product-category\/sodo-griliai\/\" target=\"_blank\" rel=\"noopener\">Trikojis Cook King su Grotel\u0117mis +rite<\/a><\/p>\n<p><a href=\"https:\/\/www.youtube.com\/channel\/UC0eMDwELC0jawxRPy-wDovg\" target=\"_blank\" rel=\"noopener\">\"HAND MADE\" HIGH QUALITY OF WORKMANSHIP, MADE IN EUROPE<\/a><\/p>\n<p>Prek\u0117s apra\u0161ymas:<br \/>\nTrikojis su grotel\u0117mis i\u0161 ner\u016bdijan\u010dio plieno yra puikus gaminys susitikimams su draugais sode. Kaip \u0161ilumos \u0161altin\u012f \u0161iam griliui galite naudoti lau\u017e\u0105 arba tradicinius anglies briketus. Trikojis yra padengtas milteliniu b\u016bdu, tod\u0117l padid\u0117ja jo atsparumas oro s\u0105lygoms. Masyvios grotel\u0117s pagamintos i\u0161 stor\u0173 med\u017eiag\u0173 ir jose telpa didelis kiekis maisto. Stabilus trikojis leid\u017eia naudotojams pastatyti gril\u012f ant bet kokio pavir\u0161iaus, nesvarbu, ar jis lygus, ar ne. Papildomas gaminio privalumas yra tai, kad j\u012f galima greitai surinkti ir i\u0161ardyti, taip pat lengvai transportuoti ir laikyti, nes trikojo kojeles galima sulankstyti per vidur\u012f. \u012esp\u016bdingi papuo\u0161alai, \u012fskaitant kaltinius elementus, paver\u010dia \u0161i\u0105 trikojo kepsnin\u0119 malonia akims. Svarbu tai, kad prie vienos trikojo kojel\u0117s buvo privirinta gerv\u0117. Jame yra \u017evaig\u017edut\u0117, blokuojanti groteles bet kuriame auk\u0161tyje.<br \/>\nTrikojis Cook King su Grotel\u0117mis +rite d\u0117l nuolatinio grandin\u0117s blokados koordinavimo galite saugiai naudoti kepimo rinkin\u012f, nesibaimindami, kad prie grandin\u0117s pritvirtintos grotel\u0117s gali staiga nuslysti.<\/p>","protected":false},"excerpt":{"rendered":"<p>Trikojis Cook King su Grotel\u0117mis +rite \u201eHAND MADE\u201c AUK\u0160TA DARB\u0172 KOKYB\u0116, PAGAMINTA EUROPOJE Prek\u0117s apra\u0161ymas: Trikojis su grotel\u0117mis i\u0161 ner\u016bdijan\u010dio plieno yra puikus gaminys susitikimams su draugais sode. Kaip \u0161ilumos&#8230;<\/p>","protected":false},"featured_media":2509,"template":"","meta":[],"product_brand":[],"product_cat":[17],"product_tag":[],"class_list":{"0":"post-2255","1":"product","2":"type-product","3":"status-publish","4":"has-post-thumbnail","6":"product_cat-sodo-griliai","8":"first","9":"instock","10":"taxable","11":"shipping-taxable","12":"purchasable","13":"product-type-variable"},"yoast_head":"<!-- This site is optimized with the Yoast SEO plugin v27.3 - https:\/\/yoast.com\/product\/yoast-seo-wordpress\/ -->\n<title>Trikojis Cook King su Grotel\u0117mis +rite - Cookking.online<\/title>\n<meta name=\"description\" content=\"Trikojis Cook King su Grotel\u0117mis +rite Auk\u0161\u010diausios kokyb\u0117s \u012franga gaminimui, kepimui ant groteli\u0173 ir r\u016bkymui lauke.\" \/>\n<meta name=\"robots\" content=\"index, follow, max-snippet:-1, max-image-preview:large, max-video-preview:-1\" \/>\n<link rel=\"canonical\" href=\"https:\/\/cookking.online\/en\/katalogas\/sodo-griliai\/trikojis-cook-king-su-grotelemis-rite-nerudijancio-plieno\/\" \/>\n<meta property=\"og:locale\" content=\"en_US\" \/>\n<meta property=\"og:type\" content=\"article\" \/>\n<meta property=\"og:title\" content=\"Trikojis Cook King su Grotel\u0117mis +rite - Cookking.online\" \/>\n<meta property=\"og:description\" content=\"Trikojis Cook King su Grotel\u0117mis +rite Auk\u0161\u010diausios kokyb\u0117s \u012franga gaminimui, kepimui ant groteli\u0173 ir r\u016bkymui lauke.\" \/>\n<meta property=\"og:url\" content=\"https:\/\/cookking.online\/en\/katalogas\/sodo-griliai\/trikojis-cook-king-su-grotelemis-rite-nerudijancio-plieno\/\" \/>\n<meta property=\"og:site_name\" content=\"Cookking.online\" \/>\n<meta property=\"article:modified_time\" content=\"2026-03-10T09:20:32+00:00\" \/>\n<meta property=\"og:image\" content=\"https:\/\/cookking.online\/wp-content\/uploads\/2021\/11\/180-cm-tripod-with-50-cm-stainless-steel-grate-winch-14.jpg\" \/>\n\t<meta property=\"og:image:width\" content=\"1523\" \/>\n\t<meta property=\"og:image:height\" content=\"2000\" \/>\n\t<meta property=\"og:image:type\" content=\"image\/jpeg\" \/>\n<meta name=\"twitter:card\" content=\"summary_large_image\" \/>\n<meta name=\"twitter:label1\" content=\"Est. reading time\" \/>\n\t<meta name=\"twitter:data1\" content=\"1 minute\" \/>\n<script type=\"application\/ld+json\" class=\"yoast-schema-graph\">{\"@context\":\"https:\\\/\\\/schema.org\",\"@graph\":[{\"@type\":\"WebPage\",\"@id\":\"https:\\\/\\\/cookking.online\\\/katalogas\\\/sodo-griliai\\\/trikojis-cook-king-su-grotelemis-rite-nerudijancio-plieno\\\/\",\"url\":\"https:\\\/\\\/cookking.online\\\/katalogas\\\/sodo-griliai\\\/trikojis-cook-king-su-grotelemis-rite-nerudijancio-plieno\\\/\",\"name\":\"Trikojis Cook King su Grotel\u0117mis +rite - Cookking.online\",\"isPartOf\":{\"@id\":\"https:\\\/\\\/cookking.online\\\/#website\"},\"primaryImageOfPage\":{\"@id\":\"https:\\\/\\\/cookking.online\\\/katalogas\\\/sodo-griliai\\\/trikojis-cook-king-su-grotelemis-rite-nerudijancio-plieno\\\/#primaryimage\"},\"image\":{\"@id\":\"https:\\\/\\\/cookking.online\\\/katalogas\\\/sodo-griliai\\\/trikojis-cook-king-su-grotelemis-rite-nerudijancio-plieno\\\/#primaryimage\"},\"thumbnailUrl\":\"https:\\\/\\\/cookking.online\\\/wp-content\\\/uploads\\\/2021\\\/11\\\/180-cm-tripod-with-50-cm-stainless-steel-grate-winch-14.jpg\",\"datePublished\":\"2026-03-10T09:20:31+00:00\",\"dateModified\":\"2026-03-10T09:20:32+00:00\",\"description\":\"Trikojis Cook King su Grotel\u0117mis +rite Auk\u0161\u010diausios kokyb\u0117s \u012franga gaminimui, kepimui ant groteli\u0173 ir r\u016bkymui lauke.\",\"breadcrumb\":{\"@id\":\"https:\\\/\\\/cookking.online\\\/katalogas\\\/sodo-griliai\\\/trikojis-cook-king-su-grotelemis-rite-nerudijancio-plieno\\\/#breadcrumb\"},\"inLanguage\":\"en-US\",\"potentialAction\":[{\"@type\":\"ReadAction\",\"target\":[\"https:\\\/\\\/cookking.online\\\/katalogas\\\/sodo-griliai\\\/trikojis-cook-king-su-grotelemis-rite-nerudijancio-plieno\\\/\"]}]},{\"@type\":\"ImageObject\",\"inLanguage\":\"en-US\",\"@id\":\"https:\\\/\\\/cookking.online\\\/katalogas\\\/sodo-griliai\\\/trikojis-cook-king-su-grotelemis-rite-nerudijancio-plieno\\\/#primaryimage\",\"url\":\"https:\\\/\\\/cookking.online\\\/wp-content\\\/uploads\\\/2021\\\/11\\\/180-cm-tripod-with-50-cm-stainless-steel-grate-winch-14.jpg\",\"contentUrl\":\"https:\\\/\\\/cookking.online\\\/wp-content\\\/uploads\\\/2021\\\/11\\\/180-cm-tripod-with-50-cm-stainless-steel-grate-winch-14.jpg\",\"width\":1523,\"height\":2000,\"caption\":\"Trikojis Cook King su Grotel\u0117mis +rite\"},{\"@type\":\"BreadcrumbList\",\"@id\":\"https:\\\/\\\/cookking.online\\\/katalogas\\\/sodo-griliai\\\/trikojis-cook-king-su-grotelemis-rite-nerudijancio-plieno\\\/#breadcrumb\",\"itemListElement\":[{\"@type\":\"ListItem\",\"position\":1,\"name\":\"Prad\u017eia\",\"item\":\"https:\\\/\\\/cookking.online\\\/\"},{\"@type\":\"ListItem\",\"position\":2,\"name\":\"Parduotuv\u0117\",\"item\":\"https:\\\/\\\/cookking.online\\\/parduotuve\\\/\"},{\"@type\":\"ListItem\",\"position\":3,\"name\":\"Trikojis Cook King su Grotel\u0117mis +rite\"}]},{\"@type\":\"WebSite\",\"@id\":\"https:\\\/\\\/cookking.online\\\/#website\",\"url\":\"https:\\\/\\\/cookking.online\\\/\",\"name\":\"Cookking.online\",\"description\":\"\",\"publisher\":{\"@id\":\"https:\\\/\\\/cookking.online\\\/#organization\"},\"potentialAction\":[{\"@type\":\"SearchAction\",\"target\":{\"@type\":\"EntryPoint\",\"urlTemplate\":\"https:\\\/\\\/cookking.online\\\/?s={search_term_string}\"},\"query-input\":{\"@type\":\"PropertyValueSpecification\",\"valueRequired\":true,\"valueName\":\"search_term_string\"}}],\"inLanguage\":\"en-US\"},{\"@type\":\"Organization\",\"@id\":\"https:\\\/\\\/cookking.online\\\/#organization\",\"name\":\"Cookking.online\",\"url\":\"https:\\\/\\\/cookking.online\\\/\",\"logo\":{\"@type\":\"ImageObject\",\"inLanguage\":\"en-US\",\"@id\":\"https:\\\/\\\/cookking.online\\\/#\\\/schema\\\/logo\\\/image\\\/\",\"url\":\"https:\\\/\\\/cookking.online\\\/wp-content\\\/uploads\\\/2021\\\/11\\\/Logo.png\",\"contentUrl\":\"https:\\\/\\\/cookking.online\\\/wp-content\\\/uploads\\\/2021\\\/11\\\/Logo.png\",\"width\":291,\"height\":100,\"caption\":\"Cookking.online\"},\"image\":{\"@id\":\"https:\\\/\\\/cookking.online\\\/#\\\/schema\\\/logo\\\/image\\\/\"}}]}<\/script>\n<!-- \/ Yoast SEO plugin. -->","yoast_head_json":{"title":"Trikojis Cook King su Grotel\u0117mis +rite - Cookking.online","description":"Trikojis Cook King su Grotel\u0117mis +rite Auk\u0161\u010diausios kokyb\u0117s \u012franga gaminimui, kepimui ant groteli\u0173 ir r\u016bkymui lauke.","robots":{"index":"index","follow":"follow","max-snippet":"max-snippet:-1","max-image-preview":"max-image-preview:large","max-video-preview":"max-video-preview:-1"},"canonical":"https:\/\/cookking.online\/en\/katalogas\/sodo-griliai\/trikojis-cook-king-su-grotelemis-rite-nerudijancio-plieno\/","og_locale":"en_US","og_type":"article","og_title":"Trikojis Cook King su Grotel\u0117mis +rite - Cookking.online","og_description":"Trikojis Cook King su Grotel\u0117mis +rite Auk\u0161\u010diausios kokyb\u0117s \u012franga gaminimui, kepimui ant groteli\u0173 ir r\u016bkymui lauke.","og_url":"https:\/\/cookking.online\/en\/katalogas\/sodo-griliai\/trikojis-cook-king-su-grotelemis-rite-nerudijancio-plieno\/","og_site_name":"Cookking.online","article_modified_time":"2026-03-10T09:20:32+00:00","og_image":[{"width":1523,"height":2000,"url":"https:\/\/cookking.online\/wp-content\/uploads\/2021\/11\/180-cm-tripod-with-50-cm-stainless-steel-grate-winch-14.jpg","type":"image\/jpeg"}],"twitter_card":"summary_large_image","twitter_misc":{"Est. reading time":"1 minute"},"schema":{"@context":"https:\/\/schema.org","@graph":[{"@type":"WebPage","@id":"https:\/\/cookking.online\/katalogas\/sodo-griliai\/trikojis-cook-king-su-grotelemis-rite-nerudijancio-plieno\/","url":"https:\/\/cookking.online\/katalogas\/sodo-griliai\/trikojis-cook-king-su-grotelemis-rite-nerudijancio-plieno\/","name":"Trikojis Cook King su Grotel\u0117mis +rite - Cookking.online","isPartOf":{"@id":"https:\/\/cookking.online\/#website"},"primaryImageOfPage":{"@id":"https:\/\/cookking.online\/katalogas\/sodo-griliai\/trikojis-cook-king-su-grotelemis-rite-nerudijancio-plieno\/#primaryimage"},"image":{"@id":"https:\/\/cookking.online\/katalogas\/sodo-griliai\/trikojis-cook-king-su-grotelemis-rite-nerudijancio-plieno\/#primaryimage"},"thumbnailUrl":"https:\/\/cookking.online\/wp-content\/uploads\/2021\/11\/180-cm-tripod-with-50-cm-stainless-steel-grate-winch-14.jpg","datePublished":"2026-03-10T09:20:31+00:00","dateModified":"2026-03-10T09:20:32+00:00","description":"Trikojis Cook King su Grotel\u0117mis +rite Auk\u0161\u010diausios kokyb\u0117s \u012franga gaminimui, kepimui ant groteli\u0173 ir r\u016bkymui lauke.","breadcrumb":{"@id":"https:\/\/cookking.online\/katalogas\/sodo-griliai\/trikojis-cook-king-su-grotelemis-rite-nerudijancio-plieno\/#breadcrumb"},"inLanguage":"en-US","potentialAction":[{"@type":"ReadAction","target":["https:\/\/cookking.online\/katalogas\/sodo-griliai\/trikojis-cook-king-su-grotelemis-rite-nerudijancio-plieno\/"]}]},{"@type":"ImageObject","inLanguage":"en-US","@id":"https:\/\/cookking.online\/katalogas\/sodo-griliai\/trikojis-cook-king-su-grotelemis-rite-nerudijancio-plieno\/#primaryimage","url":"https:\/\/cookking.online\/wp-content\/uploads\/2021\/11\/180-cm-tripod-with-50-cm-stainless-steel-grate-winch-14.jpg","contentUrl":"https:\/\/cookking.online\/wp-content\/uploads\/2021\/11\/180-cm-tripod-with-50-cm-stainless-steel-grate-winch-14.jpg","width":1523,"height":2000,"caption":"Trikojis Cook King su Grotel\u0117mis +rite"},{"@type":"BreadcrumbList","@id":"https:\/\/cookking.online\/katalogas\/sodo-griliai\/trikojis-cook-king-su-grotelemis-rite-nerudijancio-plieno\/#breadcrumb","itemListElement":[{"@type":"ListItem","position":1,"name":"Prad\u017eia","item":"https:\/\/cookking.online\/"},{"@type":"ListItem","position":2,"name":"Parduotuv\u0117","item":"https:\/\/cookking.online\/parduotuve\/"},{"@type":"ListItem","position":3,"name":"Trikojis Cook King su Grotel\u0117mis +rite"}]},{"@type":"WebSite","@id":"https:\/\/cookking.online\/#website","url":"https:\/\/cookking.online\/","name":"Cookking.online","description":"","publisher":{"@id":"https:\/\/cookking.online\/#organization"},"potentialAction":[{"@type":"SearchAction","target":{"@type":"EntryPoint","urlTemplate":"https:\/\/cookking.online\/?s={search_term_string}"},"query-input":{"@type":"PropertyValueSpecification","valueRequired":true,"valueName":"search_term_string"}}],"inLanguage":"en-US"},{"@type":"Organization","@id":"https:\/\/cookking.online\/#organization","name":"Cookking.online","url":"https:\/\/cookking.online\/","logo":{"@type":"ImageObject","inLanguage":"en-US","@id":"https:\/\/cookking.online\/#\/schema\/logo\/image\/","url":"https:\/\/cookking.online\/wp-content\/uploads\/2021\/11\/Logo.png","contentUrl":"https:\/\/cookking.online\/wp-content\/uploads\/2021\/11\/Logo.png","width":291,"height":100,"caption":"Cookking.online"},"image":{"@id":"https:\/\/cookking.online\/#\/schema\/logo\/image\/"}}]}},"_links":{"self":[{"href":"https:\/\/cookking.online\/en\/wp-json\/wp\/v2\/product\/2255","targetHints":{"allow":["GET"]}}],"collection":[{"href":"https:\/\/cookking.online\/en\/wp-json\/wp\/v2\/product"}],"about":[{"href":"https:\/\/cookking.online\/en\/wp-json\/wp\/v2\/types\/product"}],"wp:featuredmedia":[{"embeddable":true,"href":"https:\/\/cookking.online\/en\/wp-json\/wp\/v2\/media\/2509"}],"wp:attachment":[{"href":"https:\/\/cookking.online\/en\/wp-json\/wp\/v2\/media?parent=2255"}],"wp:term":[{"taxonomy":"product_brand","embeddable":true,"href":"https:\/\/cookking.online\/en\/wp-json\/wp\/v2\/product_brand?post=2255"},{"taxonomy":"product_cat","embeddable":true,"href":"https:\/\/cookking.online\/en\/wp-json\/wp\/v2\/product_cat?post=2255"},{"taxonomy":"product_tag","embeddable":true,"href":"https:\/\/cookking.online\/en\/wp-json\/wp\/v2\/product_tag?post=2255"}],"curies":[{"name":"wp","href":"https:\/\/api.w.org\/{rel}","templated":true}]}}