{"id":2367,"date":"2026-03-10T12:20:30","date_gmt":"2026-03-10T09:20:30","guid":{"rendered":"https:\/\/cookking.online\/?post_type=product&#038;p=2367"},"modified":"2026-03-10T12:20:31","modified_gmt":"2026-03-10T09:20:31","slug":"trikojis-cook-king-su-wok-puodu-rite","status":"publish","type":"product","link":"https:\/\/cookking.online\/en\/katalogas\/sodo-griliai\/trikojis-cook-king-su-wok-puodu-rite\/","title":{"rendered":"Trikojis Cook King su WOK puodu +rite"},"content":{"rendered":"<p><a href=\"https:\/\/cookking.online\/en\/product-category\/sodo-griliai\/\" target=\"_blank\" rel=\"noopener\">Trikojis Cook King su WOK puodu +rite<\/a><\/p>\n<p><a href=\"https:\/\/www.youtube.com\/channel\/UC0eMDwELC0jawxRPy-wDovg\" target=\"_blank\" rel=\"noopener\">\"HAND MADE\" HIGH QUALITY OF WORKMANSHIP, MADE IN EUROPE<\/a><\/p>\n<p>Prek\u0117s apra\u0161ymas:<br \/>\nVerta pagalvoti ir apie patiekal\u0173 ruo\u0161im\u0105 wok keptuv\u0117je vietoje tradicini\u0173 groteli\u0173. 180 cm auk\u0161\u010dio trikojis padengtas milteliniu b\u016bdu, tod\u0117l padid\u0117ja atsparumas oro s\u0105lygoms. Kaip \u0161ilumos \u0161altin\u012f \u0161iam wok galite naudoti lau\u017e\u0105 arba tradicinius anglies briketus. Masyvi wok keptuv\u0117 pagaminta i\u0161 storos med\u017eiagos ir talpina didel\u012f kiek\u012f maisto. Stabilus trikojis leid\u017eia vartotojams pastatyti wok ind\u0105 ant bet kokio pavir\u0161iaus, nesvarbu, ar jis lygus, ar ne. Trikojis Cook King su WOK puodu +rite papildomas gaminio privalumas yra tai, kad j\u012f galima greitai surinkti ir i\u0161ardyti, taip pat lengvai transportuoti ir laikyti, nes trikojo kojeles galima sulankstyti per vidur\u012f. \u012esp\u016bdingi papuo\u0161alai, \u012fskaitant kaltinius elementus, paver\u010dia wok \u0161vente akims. \u0160io gaminio d\u0117ka gal\u0117site pasigaminti vis\u0173 r\u016b\u0161i\u0173 m\u0117sos ir dar\u017eovi\u0173 patiekalus, \u017euvien\u0119 ir net didel\u0119 porcij\u0105 kiau\u0161inien\u0117s. Svarbu tai, kad prie trikojo kojel\u0117s yra privirinta rit\u0117. Joje yra \u017evaig\u017edut\u0117, fiksuojanti wok bet kuriame auk\u0161tyje. D\u0117l to galite saugiai naudoti kepimo rinkin\u012f, nesibaimindami, kad prie grandin\u0117s pritvirtintas wok gali staiga nuslysti.<\/p>","protected":false},"excerpt":{"rendered":"<p>Trikojis Cook King su WOK puodu +rite \u201eHAND MADE\u201c AUK\u0160TA DARB\u0172 KOKYB\u0116, PAGAMINTA EUROPOJE Prek\u0117s apra\u0161ymas: Verta pagalvoti ir apie patiekal\u0173 ruo\u0161im\u0105 wok keptuv\u0117je vietoje tradicini\u0173 groteli\u0173. 180 cm auk\u0161\u010dio&#8230;<\/p>","protected":false},"featured_media":2620,"template":"","meta":[],"product_brand":[],"product_cat":[17],"product_tag":[],"class_list":{"0":"post-2367","1":"product","2":"type-product","3":"status-publish","4":"has-post-thumbnail","6":"product_cat-sodo-griliai","8":"first","9":"instock","10":"taxable","11":"shipping-taxable","12":"purchasable","13":"product-type-variable"},"yoast_head":"<!-- This site is optimized with the Yoast SEO plugin v27.3 - https:\/\/yoast.com\/product\/yoast-seo-wordpress\/ -->\n<title>Trikojis Cook King su WOK puodu +rite - Cookking.online<\/title>\n<meta name=\"description\" content=\"Trikojis Cook King su WOK puodu +rite Auk\u0161\u010diausios kokyb\u0117s \u012franga gaminimui, kepimui ant groteli\u0173 ir r\u016bkymui lauke.\" \/>\n<meta name=\"robots\" content=\"index, follow, max-snippet:-1, max-image-preview:large, max-video-preview:-1\" \/>\n<link rel=\"canonical\" href=\"https:\/\/cookking.online\/en\/katalogas\/sodo-griliai\/trikojis-cook-king-su-wok-puodu-rite\/\" \/>\n<meta property=\"og:locale\" content=\"en_US\" \/>\n<meta property=\"og:type\" content=\"article\" \/>\n<meta property=\"og:title\" content=\"Trikojis Cook King su WOK puodu +rite - Cookking.online\" \/>\n<meta property=\"og:description\" content=\"Trikojis Cook King su WOK puodu +rite Auk\u0161\u010diausios kokyb\u0117s \u012franga gaminimui, kepimui ant groteli\u0173 ir r\u016bkymui lauke.\" \/>\n<meta property=\"og:url\" content=\"https:\/\/cookking.online\/en\/katalogas\/sodo-griliai\/trikojis-cook-king-su-wok-puodu-rite\/\" \/>\n<meta property=\"og:site_name\" content=\"Cookking.online\" \/>\n<meta property=\"article:modified_time\" content=\"2026-03-10T09:20:31+00:00\" \/>\n<meta property=\"og:image\" content=\"https:\/\/cookking.online\/wp-content\/uploads\/2021\/11\/180-cm-tripod-with-60-cm-natural-steel-wok-winch-7.jpg\" \/>\n\t<meta property=\"og:image:width\" content=\"1594\" \/>\n\t<meta property=\"og:image:height\" content=\"2000\" \/>\n\t<meta property=\"og:image:type\" content=\"image\/jpeg\" \/>\n<meta name=\"twitter:card\" content=\"summary_large_image\" \/>\n<meta name=\"twitter:label1\" content=\"Est. reading time\" \/>\n\t<meta name=\"twitter:data1\" content=\"1 minute\" \/>\n<script type=\"application\/ld+json\" class=\"yoast-schema-graph\">{\"@context\":\"https:\\\/\\\/schema.org\",\"@graph\":[{\"@type\":\"WebPage\",\"@id\":\"https:\\\/\\\/cookking.online\\\/katalogas\\\/sodo-griliai\\\/trikojis-cook-king-su-wok-puodu-rite\\\/\",\"url\":\"https:\\\/\\\/cookking.online\\\/katalogas\\\/sodo-griliai\\\/trikojis-cook-king-su-wok-puodu-rite\\\/\",\"name\":\"Trikojis Cook King su WOK puodu +rite - Cookking.online\",\"isPartOf\":{\"@id\":\"https:\\\/\\\/cookking.online\\\/#website\"},\"primaryImageOfPage\":{\"@id\":\"https:\\\/\\\/cookking.online\\\/katalogas\\\/sodo-griliai\\\/trikojis-cook-king-su-wok-puodu-rite\\\/#primaryimage\"},\"image\":{\"@id\":\"https:\\\/\\\/cookking.online\\\/katalogas\\\/sodo-griliai\\\/trikojis-cook-king-su-wok-puodu-rite\\\/#primaryimage\"},\"thumbnailUrl\":\"https:\\\/\\\/cookking.online\\\/wp-content\\\/uploads\\\/2021\\\/11\\\/180-cm-tripod-with-60-cm-natural-steel-wok-winch-7.jpg\",\"datePublished\":\"2026-03-10T09:20:30+00:00\",\"dateModified\":\"2026-03-10T09:20:31+00:00\",\"description\":\"Trikojis Cook King su WOK puodu +rite Auk\u0161\u010diausios kokyb\u0117s \u012franga gaminimui, kepimui ant groteli\u0173 ir r\u016bkymui lauke.\",\"breadcrumb\":{\"@id\":\"https:\\\/\\\/cookking.online\\\/katalogas\\\/sodo-griliai\\\/trikojis-cook-king-su-wok-puodu-rite\\\/#breadcrumb\"},\"inLanguage\":\"en-US\",\"potentialAction\":[{\"@type\":\"ReadAction\",\"target\":[\"https:\\\/\\\/cookking.online\\\/katalogas\\\/sodo-griliai\\\/trikojis-cook-king-su-wok-puodu-rite\\\/\"]}]},{\"@type\":\"ImageObject\",\"inLanguage\":\"en-US\",\"@id\":\"https:\\\/\\\/cookking.online\\\/katalogas\\\/sodo-griliai\\\/trikojis-cook-king-su-wok-puodu-rite\\\/#primaryimage\",\"url\":\"https:\\\/\\\/cookking.online\\\/wp-content\\\/uploads\\\/2021\\\/11\\\/180-cm-tripod-with-60-cm-natural-steel-wok-winch-7.jpg\",\"contentUrl\":\"https:\\\/\\\/cookking.online\\\/wp-content\\\/uploads\\\/2021\\\/11\\\/180-cm-tripod-with-60-cm-natural-steel-wok-winch-7.jpg\",\"width\":1594,\"height\":2000},{\"@type\":\"BreadcrumbList\",\"@id\":\"https:\\\/\\\/cookking.online\\\/katalogas\\\/sodo-griliai\\\/trikojis-cook-king-su-wok-puodu-rite\\\/#breadcrumb\",\"itemListElement\":[{\"@type\":\"ListItem\",\"position\":1,\"name\":\"Prad\u017eia\",\"item\":\"https:\\\/\\\/cookking.online\\\/\"},{\"@type\":\"ListItem\",\"position\":2,\"name\":\"Parduotuv\u0117\",\"item\":\"https:\\\/\\\/cookking.online\\\/parduotuve\\\/\"},{\"@type\":\"ListItem\",\"position\":3,\"name\":\"Trikojis Cook King su WOK puodu +rite\"}]},{\"@type\":\"WebSite\",\"@id\":\"https:\\\/\\\/cookking.online\\\/#website\",\"url\":\"https:\\\/\\\/cookking.online\\\/\",\"name\":\"Cookking.online\",\"description\":\"\",\"publisher\":{\"@id\":\"https:\\\/\\\/cookking.online\\\/#organization\"},\"potentialAction\":[{\"@type\":\"SearchAction\",\"target\":{\"@type\":\"EntryPoint\",\"urlTemplate\":\"https:\\\/\\\/cookking.online\\\/?s={search_term_string}\"},\"query-input\":{\"@type\":\"PropertyValueSpecification\",\"valueRequired\":true,\"valueName\":\"search_term_string\"}}],\"inLanguage\":\"en-US\"},{\"@type\":\"Organization\",\"@id\":\"https:\\\/\\\/cookking.online\\\/#organization\",\"name\":\"Cookking.online\",\"url\":\"https:\\\/\\\/cookking.online\\\/\",\"logo\":{\"@type\":\"ImageObject\",\"inLanguage\":\"en-US\",\"@id\":\"https:\\\/\\\/cookking.online\\\/#\\\/schema\\\/logo\\\/image\\\/\",\"url\":\"https:\\\/\\\/cookking.online\\\/wp-content\\\/uploads\\\/2021\\\/11\\\/Logo.png\",\"contentUrl\":\"https:\\\/\\\/cookking.online\\\/wp-content\\\/uploads\\\/2021\\\/11\\\/Logo.png\",\"width\":291,\"height\":100,\"caption\":\"Cookking.online\"},\"image\":{\"@id\":\"https:\\\/\\\/cookking.online\\\/#\\\/schema\\\/logo\\\/image\\\/\"}}]}<\/script>\n<!-- \/ Yoast SEO plugin. -->","yoast_head_json":{"title":"Trikojis Cook King su WOK puodu +rite - Cookking.online","description":"Trikojis Cook King su WOK puodu +rite Auk\u0161\u010diausios kokyb\u0117s \u012franga gaminimui, kepimui ant groteli\u0173 ir r\u016bkymui lauke.","robots":{"index":"index","follow":"follow","max-snippet":"max-snippet:-1","max-image-preview":"max-image-preview:large","max-video-preview":"max-video-preview:-1"},"canonical":"https:\/\/cookking.online\/en\/katalogas\/sodo-griliai\/trikojis-cook-king-su-wok-puodu-rite\/","og_locale":"en_US","og_type":"article","og_title":"Trikojis Cook King su WOK puodu +rite - Cookking.online","og_description":"Trikojis Cook King su WOK puodu +rite Auk\u0161\u010diausios kokyb\u0117s \u012franga gaminimui, kepimui ant groteli\u0173 ir r\u016bkymui lauke.","og_url":"https:\/\/cookking.online\/en\/katalogas\/sodo-griliai\/trikojis-cook-king-su-wok-puodu-rite\/","og_site_name":"Cookking.online","article_modified_time":"2026-03-10T09:20:31+00:00","og_image":[{"width":1594,"height":2000,"url":"https:\/\/cookking.online\/wp-content\/uploads\/2021\/11\/180-cm-tripod-with-60-cm-natural-steel-wok-winch-7.jpg","type":"image\/jpeg"}],"twitter_card":"summary_large_image","twitter_misc":{"Est. reading time":"1 minute"},"schema":{"@context":"https:\/\/schema.org","@graph":[{"@type":"WebPage","@id":"https:\/\/cookking.online\/katalogas\/sodo-griliai\/trikojis-cook-king-su-wok-puodu-rite\/","url":"https:\/\/cookking.online\/katalogas\/sodo-griliai\/trikojis-cook-king-su-wok-puodu-rite\/","name":"Trikojis Cook King su WOK puodu +rite - Cookking.online","isPartOf":{"@id":"https:\/\/cookking.online\/#website"},"primaryImageOfPage":{"@id":"https:\/\/cookking.online\/katalogas\/sodo-griliai\/trikojis-cook-king-su-wok-puodu-rite\/#primaryimage"},"image":{"@id":"https:\/\/cookking.online\/katalogas\/sodo-griliai\/trikojis-cook-king-su-wok-puodu-rite\/#primaryimage"},"thumbnailUrl":"https:\/\/cookking.online\/wp-content\/uploads\/2021\/11\/180-cm-tripod-with-60-cm-natural-steel-wok-winch-7.jpg","datePublished":"2026-03-10T09:20:30+00:00","dateModified":"2026-03-10T09:20:31+00:00","description":"Trikojis Cook King su WOK puodu +rite Auk\u0161\u010diausios kokyb\u0117s \u012franga gaminimui, kepimui ant groteli\u0173 ir r\u016bkymui lauke.","breadcrumb":{"@id":"https:\/\/cookking.online\/katalogas\/sodo-griliai\/trikojis-cook-king-su-wok-puodu-rite\/#breadcrumb"},"inLanguage":"en-US","potentialAction":[{"@type":"ReadAction","target":["https:\/\/cookking.online\/katalogas\/sodo-griliai\/trikojis-cook-king-su-wok-puodu-rite\/"]}]},{"@type":"ImageObject","inLanguage":"en-US","@id":"https:\/\/cookking.online\/katalogas\/sodo-griliai\/trikojis-cook-king-su-wok-puodu-rite\/#primaryimage","url":"https:\/\/cookking.online\/wp-content\/uploads\/2021\/11\/180-cm-tripod-with-60-cm-natural-steel-wok-winch-7.jpg","contentUrl":"https:\/\/cookking.online\/wp-content\/uploads\/2021\/11\/180-cm-tripod-with-60-cm-natural-steel-wok-winch-7.jpg","width":1594,"height":2000},{"@type":"BreadcrumbList","@id":"https:\/\/cookking.online\/katalogas\/sodo-griliai\/trikojis-cook-king-su-wok-puodu-rite\/#breadcrumb","itemListElement":[{"@type":"ListItem","position":1,"name":"Prad\u017eia","item":"https:\/\/cookking.online\/"},{"@type":"ListItem","position":2,"name":"Parduotuv\u0117","item":"https:\/\/cookking.online\/parduotuve\/"},{"@type":"ListItem","position":3,"name":"Trikojis Cook King su WOK puodu +rite"}]},{"@type":"WebSite","@id":"https:\/\/cookking.online\/#website","url":"https:\/\/cookking.online\/","name":"Cookking.online","description":"","publisher":{"@id":"https:\/\/cookking.online\/#organization"},"potentialAction":[{"@type":"SearchAction","target":{"@type":"EntryPoint","urlTemplate":"https:\/\/cookking.online\/?s={search_term_string}"},"query-input":{"@type":"PropertyValueSpecification","valueRequired":true,"valueName":"search_term_string"}}],"inLanguage":"en-US"},{"@type":"Organization","@id":"https:\/\/cookking.online\/#organization","name":"Cookking.online","url":"https:\/\/cookking.online\/","logo":{"@type":"ImageObject","inLanguage":"en-US","@id":"https:\/\/cookking.online\/#\/schema\/logo\/image\/","url":"https:\/\/cookking.online\/wp-content\/uploads\/2021\/11\/Logo.png","contentUrl":"https:\/\/cookking.online\/wp-content\/uploads\/2021\/11\/Logo.png","width":291,"height":100,"caption":"Cookking.online"},"image":{"@id":"https:\/\/cookking.online\/#\/schema\/logo\/image\/"}}]}},"_links":{"self":[{"href":"https:\/\/cookking.online\/en\/wp-json\/wp\/v2\/product\/2367","targetHints":{"allow":["GET"]}}],"collection":[{"href":"https:\/\/cookking.online\/en\/wp-json\/wp\/v2\/product"}],"about":[{"href":"https:\/\/cookking.online\/en\/wp-json\/wp\/v2\/types\/product"}],"wp:featuredmedia":[{"embeddable":true,"href":"https:\/\/cookking.online\/en\/wp-json\/wp\/v2\/media\/2620"}],"wp:attachment":[{"href":"https:\/\/cookking.online\/en\/wp-json\/wp\/v2\/media?parent=2367"}],"wp:term":[{"taxonomy":"product_brand","embeddable":true,"href":"https:\/\/cookking.online\/en\/wp-json\/wp\/v2\/product_brand?post=2367"},{"taxonomy":"product_cat","embeddable":true,"href":"https:\/\/cookking.online\/en\/wp-json\/wp\/v2\/product_cat?post=2367"},{"taxonomy":"product_tag","embeddable":true,"href":"https:\/\/cookking.online\/en\/wp-json\/wp\/v2\/product_tag?post=2367"}],"curies":[{"name":"wp","href":"https:\/\/api.w.org\/{rel}","templated":true}]}}