{"id":2727,"date":"2026-03-10T12:20:33","date_gmt":"2026-03-10T09:20:33","guid":{"rendered":"https:\/\/cookking.online\/?post_type=product&#038;p=2727"},"modified":"2026-03-10T12:20:33","modified_gmt":"2026-03-10T09:20:33","slug":"lauzavietes-lauzaviete-cook-king-santiago","status":"publish","type":"product","link":"https:\/\/cookking.online\/en\/katalogas\/lauzavietes\/lauzavietes-lauzaviete-cook-king-santiago\/","title":{"rendered":"Cook King SANTIAGO"},"content":{"rendered":"<h1 class=\"text-2xl font-bold mt-1 text-text-200\">Cook King SANTIAGO Lau\u017eaviet\u0117 &#8211; \u010cilie\u010di\u0173 Lauko Virtuv\u0117s Tradicija<\/h1>\n<p class=\"whitespace-pre-wrap break-words\">\u010cil\u0117s sostin\u0117 Santiago, \u012fsik\u016brusi tarp And\u0173 kaln\u0173 ir Ramiojo vandenyno, \u012fkvepia \u0161i\u0105 i\u0161skirtin\u0119 Lau\u017eaviet\u0117 Cook King SANTIAGO. Kaip ir miestas, gars\u0117jantis savo turtinga kulinarijos tradicija, SANTIAGO lau\u017eaviet\u0117 sukurta tapti j\u016bs\u0173 lauko virtuv\u0117s \u0161irdimi, kur susitinka tradicijos ir \u0161iuolaikinis patogumas.<\/p>\n<h2 class=\"text-xl font-bold text-text-200 mt-1 -mb-0.5\">And\u0173 Stipryb\u0117s \u012ekv\u0117pta Konstrukcija<\/h2>\n<p class=\"whitespace-pre-wrap break-words\">Kaip ir galingi And\u0173 kalnai, SANTIAGO lau\u017eaviet\u0117 pasi\u017eymi nepriekai\u0161tingu tvirtumu. Jos konstrukcija i\u0161 storo plieno primena \u010cil\u0117s kalv\u0173 granito tvirtum\u0105. Kiekvienas suvirinimo ta\u0161kas atliktas su tokiu pat kruop\u0161tumu, kokiu \u010dilie\u010diai ruo\u0161ia savo tradicinius patiekalus. Gilus dubens profilis ne tik saugo nuo Ramiojo vandenyno v\u0117j\u0173, bet ir sukuria tobul\u0105 erdv\u0119 tradiciniam \u010dilie\u010di\u0173 &#8222;asado&#8221; &#8211; lauko kepsni\u0173 tradicijai.<\/p>\n<h2 class=\"text-xl font-bold text-text-200 mt-1 -mb-0.5\">Prakti\u0161kas Mobilumas<\/h2>\n<p class=\"whitespace-pre-wrap break-words\">SANTIAGO suprojektuota galvojant apie \u010dilie\u010di\u0173 meil\u0119 lauko susib\u016brimams:<\/p>\n<ul class=\"[&amp;:not(:last-child)_ul]:pb-1 [&amp;:not(:last-child)_ol]:pb-1 list-disc space-y-1.5 pl-7\">\n<li class=\"whitespace-normal break-words\">Ergonomi\u0161kos rankenos abiejose pus\u0117se u\u017etikrina lengv\u0105 transportavim\u0105<\/li>\n<li class=\"whitespace-normal break-words\">Gili dubens forma i\u0161laiko ugn\u012f kontroliuojam\u0105 net v\u0117juotomis dienomis<\/li>\n<li class=\"whitespace-normal break-words\">Stabili konstrukcija leid\u017eia saugiai gaminti ant \u012fvairi\u0173 pavir\u0161i\u0173<\/li>\n<li class=\"whitespace-normal break-words\">Universalus dizainas tinka tiek tradiciniams, tiek moderniems patiekalams<\/li>\n<\/ul>\n<h2 class=\"text-xl font-bold text-text-200 mt-1 -mb-0.5\">\u0160iuolaikinis Funkcionalumas<\/h2>\n<p class=\"whitespace-pre-wrap break-words\">Kaip ir Santiago miestas, harmoningai derinantis senov\u0119 su modernumu, SANTIAGO lau\u017eaviet\u0117 si\u016blo \u012fvairias panaudojimo galimybes:<\/p>\n<ul class=\"[&amp;:not(:last-child)_ul]:pb-1 [&amp;:not(:last-child)_ol]:pb-1 list-disc space-y-1.5 pl-7\">\n<li class=\"whitespace-normal break-words\">Tradicinis lau\u017eas vakariniams susib\u016brimams<\/li>\n<li class=\"whitespace-normal break-words\">Profesionalus grilis autenti\u0161kiems \u010dilie\u010di\u0173 patiekalams<\/li>\n<li class=\"whitespace-normal break-words\">Efektyvus \u0161ilumos \u0161altinis v\u0117siems And\u0173 vakarams<\/li>\n<li class=\"whitespace-normal break-words\">Atmosferinis ap\u0161vietimas, primenantis Santiago naktinius vaizdu<\/li>\n<\/ul>\n<p class=\"whitespace-pre-wrap break-words\">\u0160is lau\u017eaviet\u0117 n\u0117ra tik dar vienas lauko \u012frenginys &#8211; tai vartai \u012f turting\u0105 \u010cil\u0117s kult\u016br\u0105, kur maisto gaminimas lauke yra ne tik b\u016btinyb\u0117, bet ir menas. Europieti\u0161kas rank\u0173 darbo meistri\u0161kumas u\u017etikrina, kad \u0161i kult\u016brin\u0117 patirtis b\u016bt\u0173 ne tik autenti\u0161ka, bet ir saugi bei ilgaam\u017e\u0117.<\/p>\n<p class=\"whitespace-pre-wrap break-words\"><strong>Atraskite Cook King Bendruomen\u0119!<\/strong><\/p>\n<p class=\"whitespace-pre-wrap break-words\">M\u016bs\u0173 aistra maisto gaminimui po atviru dangumi \u012fkvepia kurti nepamir\u0161tamas akimirkas. Cook King \u2013 tai ne tik prek\u0117s \u017eenklas, bet ir bendruomen\u0117 \u017emoni\u0173, kurie vertina autenti\u0161k\u0105 maisto gaminimo patirt\u012f, pagardint\u0105 v\u0117jo dvelksmu ir ugnies \u0161iluma.<\/p>\n<p class=\"whitespace-pre-wrap break-words\"><strong>Sekite Mus ir \u012ekv\u0117pkite!<\/strong><\/p>\n<p class=\"whitespace-pre-wrap break-words\">Kvie\u010diame prisijungti prie m\u016bs\u0173 augan\u010dios bendruomen\u0117s:<\/p>\n<p class=\"whitespace-pre-wrap break-words\"><strong>Raskite Mus:<\/strong><\/p>\n<p class=\"whitespace-pre-wrap break-words\">\ud83c\udfa5 <a href=\"https:\/\/www.youtube.com\/channel\/UC0eMDwELC0jawxRPy-wDovg\">YouTube<\/a><\/p>\n<p class=\"whitespace-pre-wrap break-words\">\ud83d\udcf1 <a href=\"https:\/\/www.facebook.com\/cookking.online\/\">Facebook<\/a><\/p>\n<p class=\"whitespace-pre-wrap break-words\"><strong>Kartu Kurkime Nepamir\u0161tamas Akimirkas!<\/strong><\/p>\n<p class=\"whitespace-pre-wrap break-words\">Prisijunkite prie Cook King bendruomen\u0117s ir atraskite, kaip m\u016bs\u0173 produktai gali praturtinti j\u016bs\u0173 laisvalaik\u012f su artimaisiais. Leiskite mums \u012fkv\u0117pti j\u016bs\u0173 kulinarinius nuotykius po atviru dangumi!<\/p>\n<p class=\"whitespace-pre-wrap break-words\">#CookKing #OutdoorCooking #GrillMaster #LaukoVirtuv\u0117 #BBQLietuva<\/p>\n","protected":false},"excerpt":{"rendered":"<p>Cook King SANTIAGO Lau\u017eaviet\u0117 &#8211; \u010cilie\u010di\u0173 Lauko Virtuv\u0117s Tradicija \u010cil\u0117s sostin\u0117 Santiago, \u012fsik\u016brusi tarp And\u0173 kaln\u0173 ir Ramiojo vandenyno, \u012fkvepia \u0161i\u0105 i\u0161skirtin\u0119 Lau\u017eaviet\u0117 Cook King SANTIAGO. Kaip ir miestas, gars\u0117jantis&#8230;<\/p>","protected":false},"featured_media":3038,"template":"","meta":[],"product_brand":[],"product_cat":[20],"product_tag":[],"class_list":{"0":"post-2727","1":"product","2":"type-product","3":"status-publish","4":"has-post-thumbnail","6":"product_cat-lauzavietes","8":"first","9":"instock","10":"taxable","11":"shipping-taxable","12":"purchasable","13":"product-type-variable"},"yoast_head":"<!-- This site is optimized with the Yoast SEO plugin v27.3 - https:\/\/yoast.com\/product\/yoast-seo-wordpress\/ -->\n<title>Cook King SANTIAGO Lau\u017eaviet\u0117 | \u010cilieti\u0161ka Lauko Virtuv\u0117s Tradicija - Cookking.online<\/title>\n<meta name=\"description\" content=\"Atraskite Lau\u017eaviet\u0117 Cook King SANTIAGO - europieti\u0161k\u0105 rank\u0173 darbo lau\u017eaviet\u0119, \u012fkv\u0117pt\u0105 \u010cil\u0117s kulinarijos tradicij\u0173. Stabili konstrukcija ir patogios rankenos u\u017etikrina saug\u0173 maisto gaminim\u0105 lauke.\" \/>\n<meta name=\"robots\" content=\"index, follow, max-snippet:-1, max-image-preview:large, max-video-preview:-1\" \/>\n<link rel=\"canonical\" href=\"https:\/\/cookking.online\/en\/katalogas\/lauzavietes\/lauzavietes-lauzaviete-cook-king-santiago\/\" \/>\n<meta property=\"og:locale\" content=\"en_US\" \/>\n<meta property=\"og:type\" content=\"article\" \/>\n<meta property=\"og:title\" content=\"Cook King SANTIAGO Lau\u017eaviet\u0117 | \u010cilieti\u0161ka Lauko Virtuv\u0117s Tradicija - Cookking.online\" \/>\n<meta property=\"og:description\" content=\"Atraskite Lau\u017eaviet\u0117 Cook King SANTIAGO - europieti\u0161k\u0105 rank\u0173 darbo lau\u017eaviet\u0119, \u012fkv\u0117pt\u0105 \u010cil\u0117s kulinarijos tradicij\u0173. Stabili konstrukcija ir patogios rankenos u\u017etikrina saug\u0173 maisto gaminim\u0105 lauke.\" \/>\n<meta property=\"og:url\" content=\"https:\/\/cookking.online\/en\/katalogas\/lauzavietes\/lauzavietes-lauzaviete-cook-king-santiago\/\" \/>\n<meta property=\"og:site_name\" content=\"Cookking.online\" \/>\n<meta property=\"og:image\" content=\"https:\/\/cookking.online\/wp-content\/uploads\/2021\/11\/60-cm-fire-bowl-santiago-2.jpg\" \/>\n\t<meta property=\"og:image:width\" content=\"1554\" \/>\n\t<meta property=\"og:image:height\" content=\"2000\" \/>\n\t<meta property=\"og:image:type\" content=\"image\/jpeg\" \/>\n<meta name=\"twitter:card\" content=\"summary_large_image\" \/>\n<meta name=\"twitter:label1\" content=\"Est. reading time\" \/>\n\t<meta name=\"twitter:data1\" content=\"2 minutes\" \/>\n<script type=\"application\/ld+json\" class=\"yoast-schema-graph\">{\"@context\":\"https:\\\/\\\/schema.org\",\"@graph\":[{\"@type\":\"WebPage\",\"@id\":\"https:\\\/\\\/cookking.online\\\/katalogas\\\/lauzavietes\\\/lauzavietes-lauzaviete-cook-king-santiago\\\/\",\"url\":\"https:\\\/\\\/cookking.online\\\/katalogas\\\/lauzavietes\\\/lauzavietes-lauzaviete-cook-king-santiago\\\/\",\"name\":\"Cook King SANTIAGO Lau\u017eaviet\u0117 | \u010cilieti\u0161ka Lauko Virtuv\u0117s Tradicija - Cookking.online\",\"isPartOf\":{\"@id\":\"https:\\\/\\\/cookking.online\\\/#website\"},\"primaryImageOfPage\":{\"@id\":\"https:\\\/\\\/cookking.online\\\/katalogas\\\/lauzavietes\\\/lauzavietes-lauzaviete-cook-king-santiago\\\/#primaryimage\"},\"image\":{\"@id\":\"https:\\\/\\\/cookking.online\\\/katalogas\\\/lauzavietes\\\/lauzavietes-lauzaviete-cook-king-santiago\\\/#primaryimage\"},\"thumbnailUrl\":\"https:\\\/\\\/cookking.online\\\/wp-content\\\/uploads\\\/2021\\\/11\\\/60-cm-fire-bowl-santiago-2.jpg\",\"datePublished\":\"2026-03-10T09:20:33+00:00\",\"description\":\"Atraskite Lau\u017eaviet\u0117 Cook King SANTIAGO - europieti\u0161k\u0105 rank\u0173 darbo lau\u017eaviet\u0119, \u012fkv\u0117pt\u0105 \u010cil\u0117s kulinarijos tradicij\u0173. Stabili konstrukcija ir patogios rankenos u\u017etikrina saug\u0173 maisto gaminim\u0105 lauke.\",\"breadcrumb\":{\"@id\":\"https:\\\/\\\/cookking.online\\\/katalogas\\\/lauzavietes\\\/lauzavietes-lauzaviete-cook-king-santiago\\\/#breadcrumb\"},\"inLanguage\":\"en-US\",\"potentialAction\":[{\"@type\":\"ReadAction\",\"target\":[\"https:\\\/\\\/cookking.online\\\/katalogas\\\/lauzavietes\\\/lauzavietes-lauzaviete-cook-king-santiago\\\/\"]}]},{\"@type\":\"ImageObject\",\"inLanguage\":\"en-US\",\"@id\":\"https:\\\/\\\/cookking.online\\\/katalogas\\\/lauzavietes\\\/lauzavietes-lauzaviete-cook-king-santiago\\\/#primaryimage\",\"url\":\"https:\\\/\\\/cookking.online\\\/wp-content\\\/uploads\\\/2021\\\/11\\\/60-cm-fire-bowl-santiago-2.jpg\",\"contentUrl\":\"https:\\\/\\\/cookking.online\\\/wp-content\\\/uploads\\\/2021\\\/11\\\/60-cm-fire-bowl-santiago-2.jpg\",\"width\":1554,\"height\":2000,\"caption\":\"Lau\u017eaviet\u0117 Cook King SANTIAGO\"},{\"@type\":\"BreadcrumbList\",\"@id\":\"https:\\\/\\\/cookking.online\\\/katalogas\\\/lauzavietes\\\/lauzavietes-lauzaviete-cook-king-santiago\\\/#breadcrumb\",\"itemListElement\":[{\"@type\":\"ListItem\",\"position\":1,\"name\":\"Prad\u017eia\",\"item\":\"https:\\\/\\\/cookking.online\\\/\"},{\"@type\":\"ListItem\",\"position\":2,\"name\":\"Parduotuv\u0117\",\"item\":\"https:\\\/\\\/cookking.online\\\/parduotuve\\\/\"},{\"@type\":\"ListItem\",\"position\":3,\"name\":\"Lau\u017eaviet\u0117 Cook King SANTIAGO\"}]},{\"@type\":\"WebSite\",\"@id\":\"https:\\\/\\\/cookking.online\\\/#website\",\"url\":\"https:\\\/\\\/cookking.online\\\/\",\"name\":\"Cookking.online\",\"description\":\"\",\"publisher\":{\"@id\":\"https:\\\/\\\/cookking.online\\\/#organization\"},\"potentialAction\":[{\"@type\":\"SearchAction\",\"target\":{\"@type\":\"EntryPoint\",\"urlTemplate\":\"https:\\\/\\\/cookking.online\\\/?s={search_term_string}\"},\"query-input\":{\"@type\":\"PropertyValueSpecification\",\"valueRequired\":true,\"valueName\":\"search_term_string\"}}],\"inLanguage\":\"en-US\"},{\"@type\":\"Organization\",\"@id\":\"https:\\\/\\\/cookking.online\\\/#organization\",\"name\":\"Cookking.online\",\"url\":\"https:\\\/\\\/cookking.online\\\/\",\"logo\":{\"@type\":\"ImageObject\",\"inLanguage\":\"en-US\",\"@id\":\"https:\\\/\\\/cookking.online\\\/#\\\/schema\\\/logo\\\/image\\\/\",\"url\":\"https:\\\/\\\/cookking.online\\\/wp-content\\\/uploads\\\/2021\\\/11\\\/Logo.png\",\"contentUrl\":\"https:\\\/\\\/cookking.online\\\/wp-content\\\/uploads\\\/2021\\\/11\\\/Logo.png\",\"width\":291,\"height\":100,\"caption\":\"Cookking.online\"},\"image\":{\"@id\":\"https:\\\/\\\/cookking.online\\\/#\\\/schema\\\/logo\\\/image\\\/\"}}]}<\/script>\n<!-- \/ Yoast SEO plugin. -->","yoast_head_json":{"title":"Cook King SANTIAGO Lau\u017eaviet\u0117 | \u010cilieti\u0161ka Lauko Virtuv\u0117s Tradicija - Cookking.online","description":"Atraskite Lau\u017eaviet\u0117 Cook King SANTIAGO - europieti\u0161k\u0105 rank\u0173 darbo lau\u017eaviet\u0119, \u012fkv\u0117pt\u0105 \u010cil\u0117s kulinarijos tradicij\u0173. Stabili konstrukcija ir patogios rankenos u\u017etikrina saug\u0173 maisto gaminim\u0105 lauke.","robots":{"index":"index","follow":"follow","max-snippet":"max-snippet:-1","max-image-preview":"max-image-preview:large","max-video-preview":"max-video-preview:-1"},"canonical":"https:\/\/cookking.online\/en\/katalogas\/lauzavietes\/lauzavietes-lauzaviete-cook-king-santiago\/","og_locale":"en_US","og_type":"article","og_title":"Cook King SANTIAGO Lau\u017eaviet\u0117 | \u010cilieti\u0161ka Lauko Virtuv\u0117s Tradicija - Cookking.online","og_description":"Atraskite Lau\u017eaviet\u0117 Cook King SANTIAGO - europieti\u0161k\u0105 rank\u0173 darbo lau\u017eaviet\u0119, \u012fkv\u0117pt\u0105 \u010cil\u0117s kulinarijos tradicij\u0173. Stabili konstrukcija ir patogios rankenos u\u017etikrina saug\u0173 maisto gaminim\u0105 lauke.","og_url":"https:\/\/cookking.online\/en\/katalogas\/lauzavietes\/lauzavietes-lauzaviete-cook-king-santiago\/","og_site_name":"Cookking.online","og_image":[{"width":1554,"height":2000,"url":"https:\/\/cookking.online\/wp-content\/uploads\/2021\/11\/60-cm-fire-bowl-santiago-2.jpg","type":"image\/jpeg"}],"twitter_card":"summary_large_image","twitter_misc":{"Est. reading time":"2 minutes"},"schema":{"@context":"https:\/\/schema.org","@graph":[{"@type":"WebPage","@id":"https:\/\/cookking.online\/katalogas\/lauzavietes\/lauzavietes-lauzaviete-cook-king-santiago\/","url":"https:\/\/cookking.online\/katalogas\/lauzavietes\/lauzavietes-lauzaviete-cook-king-santiago\/","name":"Cook King SANTIAGO Lau\u017eaviet\u0117 | \u010cilieti\u0161ka Lauko Virtuv\u0117s Tradicija - Cookking.online","isPartOf":{"@id":"https:\/\/cookking.online\/#website"},"primaryImageOfPage":{"@id":"https:\/\/cookking.online\/katalogas\/lauzavietes\/lauzavietes-lauzaviete-cook-king-santiago\/#primaryimage"},"image":{"@id":"https:\/\/cookking.online\/katalogas\/lauzavietes\/lauzavietes-lauzaviete-cook-king-santiago\/#primaryimage"},"thumbnailUrl":"https:\/\/cookking.online\/wp-content\/uploads\/2021\/11\/60-cm-fire-bowl-santiago-2.jpg","datePublished":"2026-03-10T09:20:33+00:00","description":"Atraskite Lau\u017eaviet\u0117 Cook King SANTIAGO - europieti\u0161k\u0105 rank\u0173 darbo lau\u017eaviet\u0119, \u012fkv\u0117pt\u0105 \u010cil\u0117s kulinarijos tradicij\u0173. Stabili konstrukcija ir patogios rankenos u\u017etikrina saug\u0173 maisto gaminim\u0105 lauke.","breadcrumb":{"@id":"https:\/\/cookking.online\/katalogas\/lauzavietes\/lauzavietes-lauzaviete-cook-king-santiago\/#breadcrumb"},"inLanguage":"en-US","potentialAction":[{"@type":"ReadAction","target":["https:\/\/cookking.online\/katalogas\/lauzavietes\/lauzavietes-lauzaviete-cook-king-santiago\/"]}]},{"@type":"ImageObject","inLanguage":"en-US","@id":"https:\/\/cookking.online\/katalogas\/lauzavietes\/lauzavietes-lauzaviete-cook-king-santiago\/#primaryimage","url":"https:\/\/cookking.online\/wp-content\/uploads\/2021\/11\/60-cm-fire-bowl-santiago-2.jpg","contentUrl":"https:\/\/cookking.online\/wp-content\/uploads\/2021\/11\/60-cm-fire-bowl-santiago-2.jpg","width":1554,"height":2000,"caption":"Lau\u017eaviet\u0117 Cook King SANTIAGO"},{"@type":"BreadcrumbList","@id":"https:\/\/cookking.online\/katalogas\/lauzavietes\/lauzavietes-lauzaviete-cook-king-santiago\/#breadcrumb","itemListElement":[{"@type":"ListItem","position":1,"name":"Prad\u017eia","item":"https:\/\/cookking.online\/"},{"@type":"ListItem","position":2,"name":"Parduotuv\u0117","item":"https:\/\/cookking.online\/parduotuve\/"},{"@type":"ListItem","position":3,"name":"Lau\u017eaviet\u0117 Cook King SANTIAGO"}]},{"@type":"WebSite","@id":"https:\/\/cookking.online\/#website","url":"https:\/\/cookking.online\/","name":"Cookking.online","description":"","publisher":{"@id":"https:\/\/cookking.online\/#organization"},"potentialAction":[{"@type":"SearchAction","target":{"@type":"EntryPoint","urlTemplate":"https:\/\/cookking.online\/?s={search_term_string}"},"query-input":{"@type":"PropertyValueSpecification","valueRequired":true,"valueName":"search_term_string"}}],"inLanguage":"en-US"},{"@type":"Organization","@id":"https:\/\/cookking.online\/#organization","name":"Cookking.online","url":"https:\/\/cookking.online\/","logo":{"@type":"ImageObject","inLanguage":"en-US","@id":"https:\/\/cookking.online\/#\/schema\/logo\/image\/","url":"https:\/\/cookking.online\/wp-content\/uploads\/2021\/11\/Logo.png","contentUrl":"https:\/\/cookking.online\/wp-content\/uploads\/2021\/11\/Logo.png","width":291,"height":100,"caption":"Cookking.online"},"image":{"@id":"https:\/\/cookking.online\/#\/schema\/logo\/image\/"}}]}},"_links":{"self":[{"href":"https:\/\/cookking.online\/en\/wp-json\/wp\/v2\/product\/2727","targetHints":{"allow":["GET"]}}],"collection":[{"href":"https:\/\/cookking.online\/en\/wp-json\/wp\/v2\/product"}],"about":[{"href":"https:\/\/cookking.online\/en\/wp-json\/wp\/v2\/types\/product"}],"wp:featuredmedia":[{"embeddable":true,"href":"https:\/\/cookking.online\/en\/wp-json\/wp\/v2\/media\/3038"}],"wp:attachment":[{"href":"https:\/\/cookking.online\/en\/wp-json\/wp\/v2\/media?parent=2727"}],"wp:term":[{"taxonomy":"product_brand","embeddable":true,"href":"https:\/\/cookking.online\/en\/wp-json\/wp\/v2\/product_brand?post=2727"},{"taxonomy":"product_cat","embeddable":true,"href":"https:\/\/cookking.online\/en\/wp-json\/wp\/v2\/product_cat?post=2727"},{"taxonomy":"product_tag","embeddable":true,"href":"https:\/\/cookking.online\/en\/wp-json\/wp\/v2\/product_tag?post=2727"}],"curies":[{"name":"wp","href":"https:\/\/api.w.org\/{rel}","templated":true}]}}