{"id":2892,"date":"2026-03-10T12:20:33","date_gmt":"2026-03-10T09:20:33","guid":{"rendered":"https:\/\/cookking.online\/?post_type=product&#038;p=2892"},"modified":"2026-03-10T12:20:33","modified_gmt":"2026-03-10T09:20:33","slug":"lauzavietes-lauzaviete-cook-king-montana-high","status":"publish","type":"product","link":"https:\/\/cookking.online\/en\/katalogas\/lauzavietes\/lauzavietes-lauzaviete-cook-king-montana-high\/","title":{"rendered":"Cook King MONTANA high"},"content":{"rendered":"<h1 class=\"text-2xl font-bold mt-1 text-text-200\">Cook King MONTANA HIGH Lau\u017eaviet\u0117 &#8211; Kaln\u0173 Didyb\u0117 J\u016bs\u0173 Lauko Erdv\u0117je<\/h1>\n<p class=\"whitespace-pre-wrap break-words\">Kaip ir Montanos valstijos i\u0161kil\u016bs kalnai, Cook King MONTANA HIGH lau\u017eaviet\u0117 i\u0161siskiria savo auk\u0161tesne konstrukcija, kuri ne tik sukuria \u012fsp\u016bding\u0105 vaizd\u0105, bet ir prakti\u0161kai pakelia ugn\u012f ar\u010diau patogaus naudojimo auk\u0161\u010dio. \u0160is europieti\u0161kas rank\u0173 darbo gaminys atspindi t\u0105 pat\u012f laukin\u012f, bet rafinuot\u0105 charakter\u012f, kuriuo gars\u0117ja Montanos gamta.<\/p>\n<h2 class=\"text-xl font-bold text-text-200 mt-1 -mb-0.5\">Gamtos \u012ekv\u0117ptas Funkcionalumas<\/h2>\n<p class=\"whitespace-pre-wrap break-words\">MONTANA HIGH lau\u017eaviet\u0117 perteikia Montanos valstijos dvasi\u0105 ne tik savo pavadinimu. Kaip kalnuose kiekvienas takelis yra kruop\u0161\u010diai apgalvotas, taip ir \u0161ioje lau\u017eaviet\u0117je kiekviena detal\u0117 turi savo paskirt\u012f. Storas plienas ir precizi\u0161kas suvirinimas u\u017etikrina stabilum\u0105, o paauk\u0161tinta konstrukcija leid\u017eia patogiau naudotis ugnimi, primindama, kaip auk\u0161tikalni\u0173 stovyklaviet\u0117se lau\u017eas padeda ne tik \u0161ildytis, bet ir gaminti maist\u0105 patogiame auk\u0161tyje.<\/p>\n<h2 class=\"text-xl font-bold text-text-200 mt-1 -mb-0.5\">Mobilumas Kaip Laisv\u0117s Simbolis<\/h2>\n<p class=\"whitespace-pre-wrap break-words\">Kaip tikras Montanos gyventojas turi b\u016bti pasiruo\u0161\u0119s bet kokiems nuotykiams, taip ir MONTANA HIGH suprojektuota maksimaliam mobilumui. Ergonomi\u0161kos rankenos abiejose pus\u0117se leid\u017eia lengvai perkelti lau\u017eaviet\u0119 \u012f bet kuri\u0105 viet\u0105, o gili dubens forma u\u017etikrina, kad ugnis i\u0161liks saugi ir kontroliuojama net ir judant ar esant v\u0117juotoms s\u0105lygoms.<\/p>\n<h2 class=\"text-xl font-bold text-text-200 mt-1 -mb-0.5\">Praktinis Pritaikymas<\/h2>\n<p class=\"whitespace-pre-wrap break-words\">Lau\u017eaviet\u0117 puikiai prisitaiko prie \u012fvairi\u0173 scenarij\u0173:<\/p>\n<ul class=\"[&amp;:not(:last-child)_ul]:pb-1 [&amp;:not(:last-child)_ol]:pb-1 list-disc space-y-1.5 pl-7\">\n<li class=\"whitespace-normal break-words\">Paauk\u0161tinta konstrukcija leid\u017eia patogiau gaminti maist\u0105<\/li>\n<li class=\"whitespace-normal break-words\">Gilus dubuo efektyviai kontroliuoja ugn\u012f ir \u017earijas<\/li>\n<li class=\"whitespace-normal break-words\">Mobilumas suteikia laisv\u0119 keisti lau\u017eo viet\u0105 pagal poreik\u012f<\/li>\n<li class=\"whitespace-normal break-words\">Neapdorotas plienas laikui b\u0117gant \u012fgauna charaktering\u0105 patinos atspalv\u012f<\/li>\n<\/ul>\n<h2 class=\"text-xl font-bold text-text-200 mt-1 -mb-0.5\">Montanos Charakteris<\/h2>\n<p class=\"whitespace-pre-wrap break-words\">Kaip ir pati Montanos valstija, gars\u0117janti savo nepaliestu gro\u017eiu, MONTANA HIGH lau\u017eaviet\u0117 pagaminta i\u0161 neapdoroto plieno, kuris laikui b\u0117gant vystosi ir \u012fgauna unikal\u0173 charakter\u012f. \u0160i nat\u016brali evoliucija ne tik nepakenkia funkcionalumui, bet ir prideda autenti\u0161kumo, primenan\u010dio Montanos kaln\u0173 uolien\u0173 nat\u016bralias tekst\u016bras.<\/p>\n<p class=\"whitespace-pre-wrap break-words\">MONTANA HIGH lau\u017eaviet\u0117 &#8211; tai ne tik \u0161ilumos \u0161altinis ar maisto gaminimo \u012frenginys. Tai tiltas \u012f laukin\u0119 gamt\u0105, leid\u017eiantis patirti tikr\u0105 lauko gyvenimo d\u017eiaugsm\u0105, neprarandant \u0161iuolaikinio komforto ir saugumo. Jos paauk\u0161tinta konstrukcija ir mobilumas sukuria tobul\u0105 balans\u0105 tarp prakti\u0161kumo ir autenti\u0161kos lauko patirties.<\/p>\n<p class=\"whitespace-pre-wrap break-words\"><strong>Atraskite Cook King Bendruomen\u0119!<\/strong><\/p>\n<p class=\"whitespace-pre-wrap break-words\">M\u016bs\u0173 aistra maisto gaminimui po atviru dangumi \u012fkvepia kurti nepamir\u0161tamas akimirkas. Cook King \u2013 tai ne tik prek\u0117s \u017eenklas, bet ir bendruomen\u0117 \u017emoni\u0173, kurie vertina autenti\u0161k\u0105 maisto gaminimo patirt\u012f, pagardint\u0105 v\u0117jo dvelksmu ir ugnies \u0161iluma.<\/p>\n<p class=\"whitespace-pre-wrap break-words\"><strong>Sekite Mus ir \u012ekv\u0117pkite!<\/strong><\/p>\n<p class=\"whitespace-pre-wrap break-words\">Kvie\u010diame prisijungti prie m\u016bs\u0173 augan\u010dios bendruomen\u0117s:<\/p>\n<p class=\"whitespace-pre-wrap break-words\"><strong>Raskite Mus:<\/strong><\/p>\n<p class=\"whitespace-pre-wrap break-words\">\ud83c\udfa5 <a href=\"https:\/\/www.youtube.com\/channel\/UC0eMDwELC0jawxRPy-wDovg\">YouTube<\/a><\/p>\n<p class=\"whitespace-pre-wrap break-words\">\ud83d\udcf1 <a href=\"https:\/\/www.facebook.com\/cookking.online\/\">Facebook<\/a><\/p>\n<p class=\"whitespace-pre-wrap break-words\"><strong>Kartu Kurkime Nepamir\u0161tamas Akimirkas!<\/strong><\/p>\n<p class=\"whitespace-pre-wrap break-words\">Prisijunkite prie Cook King bendruomen\u0117s ir atraskite, kaip m\u016bs\u0173 produktai gali praturtinti j\u016bs\u0173 laisvalaik\u012f su artimaisiais. Leiskite mums \u012fkv\u0117pti j\u016bs\u0173 kulinarinius nuotykius po atviru dangumi!<\/p>\n<p class=\"whitespace-pre-wrap break-words\">#CookKing #OutdoorCooking #GrillMaster #LaukoVirtuv\u0117 #BBQLietuva<\/p>\n","protected":false},"excerpt":{"rendered":"<p>Cook King MONTANA HIGH Lau\u017eaviet\u0117 &#8211; Kaln\u0173 Didyb\u0117 J\u016bs\u0173 Lauko Erdv\u0117je Kaip ir Montanos valstijos i\u0161kil\u016bs kalnai, Cook King MONTANA HIGH lau\u017eaviet\u0117 i\u0161siskiria savo auk\u0161tesne konstrukcija, kuri ne tik sukuria&#8230;<\/p>","protected":false},"featured_media":3106,"template":"","meta":[],"product_brand":[],"product_cat":[20],"product_tag":[],"class_list":{"0":"post-2892","1":"product","2":"type-product","3":"status-publish","4":"has-post-thumbnail","6":"product_cat-lauzavietes","8":"first","9":"instock","10":"taxable","11":"shipping-taxable","12":"purchasable","13":"product-type-variable"},"yoast_head":"<!-- This site is optimized with the Yoast SEO plugin v27.3 - https:\/\/yoast.com\/product\/yoast-seo-wordpress\/ -->\n<title>Cook King MONTANA HIGH Lau\u017eaviet\u0117 | Pakelta Ugnis, Patogesnis Naudojimas - Cookking.online<\/title>\n<meta name=\"description\" content=\"Atraskite Lau\u017eaviet\u0117 Cook King MONTANA high - paauk\u0161tint\u0105 lau\u017eaviet\u0119 su ergonomi\u0161ku dizainu. Europieti\u0161kas rank\u0173 darbas, mobilumas ir saugi konstrukcija j\u016bs\u0173 lauko nuotykiams.\" \/>\n<meta name=\"robots\" content=\"index, follow, max-snippet:-1, max-image-preview:large, max-video-preview:-1\" \/>\n<link rel=\"canonical\" href=\"https:\/\/cookking.online\/en\/katalogas\/lauzavietes\/lauzavietes-lauzaviete-cook-king-montana-high\/\" \/>\n<meta property=\"og:locale\" content=\"en_US\" \/>\n<meta property=\"og:type\" content=\"article\" \/>\n<meta property=\"og:title\" content=\"Cook King MONTANA HIGH Lau\u017eaviet\u0117 | Pakelta Ugnis, Patogesnis Naudojimas - Cookking.online\" \/>\n<meta property=\"og:description\" content=\"Atraskite Lau\u017eaviet\u0117 Cook King MONTANA high - paauk\u0161tint\u0105 lau\u017eaviet\u0119 su ergonomi\u0161ku dizainu. Europieti\u0161kas rank\u0173 darbas, mobilumas ir saugi konstrukcija j\u016bs\u0173 lauko nuotykiams.\" \/>\n<meta property=\"og:url\" content=\"https:\/\/cookking.online\/en\/katalogas\/lauzavietes\/lauzavietes-lauzaviete-cook-king-montana-high\/\" \/>\n<meta property=\"og:site_name\" content=\"Cookking.online\" \/>\n<meta property=\"og:image\" content=\"https:\/\/cookking.online\/wp-content\/uploads\/2021\/11\/60-cm-fire-bowl-montana-high-2.jpg\" \/>\n\t<meta property=\"og:image:width\" content=\"2001\" \/>\n\t<meta property=\"og:image:height\" content=\"2001\" \/>\n\t<meta property=\"og:image:type\" content=\"image\/jpeg\" \/>\n<meta name=\"twitter:card\" content=\"summary_large_image\" \/>\n<meta name=\"twitter:label1\" content=\"Est. reading time\" \/>\n\t<meta name=\"twitter:data1\" content=\"3 minutes\" \/>\n<script type=\"application\/ld+json\" class=\"yoast-schema-graph\">{\"@context\":\"https:\\\/\\\/schema.org\",\"@graph\":[{\"@type\":\"WebPage\",\"@id\":\"https:\\\/\\\/cookking.online\\\/katalogas\\\/lauzavietes\\\/lauzavietes-lauzaviete-cook-king-montana-high\\\/\",\"url\":\"https:\\\/\\\/cookking.online\\\/katalogas\\\/lauzavietes\\\/lauzavietes-lauzaviete-cook-king-montana-high\\\/\",\"name\":\"Cook King MONTANA HIGH Lau\u017eaviet\u0117 | Pakelta Ugnis, Patogesnis Naudojimas - Cookking.online\",\"isPartOf\":{\"@id\":\"https:\\\/\\\/cookking.online\\\/#website\"},\"primaryImageOfPage\":{\"@id\":\"https:\\\/\\\/cookking.online\\\/katalogas\\\/lauzavietes\\\/lauzavietes-lauzaviete-cook-king-montana-high\\\/#primaryimage\"},\"image\":{\"@id\":\"https:\\\/\\\/cookking.online\\\/katalogas\\\/lauzavietes\\\/lauzavietes-lauzaviete-cook-king-montana-high\\\/#primaryimage\"},\"thumbnailUrl\":\"https:\\\/\\\/cookking.online\\\/wp-content\\\/uploads\\\/2021\\\/11\\\/60-cm-fire-bowl-montana-high-2.jpg\",\"datePublished\":\"2026-03-10T09:20:33+00:00\",\"description\":\"Atraskite Lau\u017eaviet\u0117 Cook King MONTANA high - paauk\u0161tint\u0105 lau\u017eaviet\u0119 su ergonomi\u0161ku dizainu. Europieti\u0161kas rank\u0173 darbas, mobilumas ir saugi konstrukcija j\u016bs\u0173 lauko nuotykiams.\",\"breadcrumb\":{\"@id\":\"https:\\\/\\\/cookking.online\\\/katalogas\\\/lauzavietes\\\/lauzavietes-lauzaviete-cook-king-montana-high\\\/#breadcrumb\"},\"inLanguage\":\"en-US\",\"potentialAction\":[{\"@type\":\"ReadAction\",\"target\":[\"https:\\\/\\\/cookking.online\\\/katalogas\\\/lauzavietes\\\/lauzavietes-lauzaviete-cook-king-montana-high\\\/\"]}]},{\"@type\":\"ImageObject\",\"inLanguage\":\"en-US\",\"@id\":\"https:\\\/\\\/cookking.online\\\/katalogas\\\/lauzavietes\\\/lauzavietes-lauzaviete-cook-king-montana-high\\\/#primaryimage\",\"url\":\"https:\\\/\\\/cookking.online\\\/wp-content\\\/uploads\\\/2021\\\/11\\\/60-cm-fire-bowl-montana-high-2.jpg\",\"contentUrl\":\"https:\\\/\\\/cookking.online\\\/wp-content\\\/uploads\\\/2021\\\/11\\\/60-cm-fire-bowl-montana-high-2.jpg\",\"width\":2001,\"height\":2001,\"caption\":\"Lau\u017eaviet\u0117 Cook King MONTANA high\"},{\"@type\":\"BreadcrumbList\",\"@id\":\"https:\\\/\\\/cookking.online\\\/katalogas\\\/lauzavietes\\\/lauzavietes-lauzaviete-cook-king-montana-high\\\/#breadcrumb\",\"itemListElement\":[{\"@type\":\"ListItem\",\"position\":1,\"name\":\"Prad\u017eia\",\"item\":\"https:\\\/\\\/cookking.online\\\/\"},{\"@type\":\"ListItem\",\"position\":2,\"name\":\"Parduotuv\u0117\",\"item\":\"https:\\\/\\\/cookking.online\\\/parduotuve\\\/\"},{\"@type\":\"ListItem\",\"position\":3,\"name\":\"Lau\u017eaviet\u0117 Cook King MONTANA high\"}]},{\"@type\":\"WebSite\",\"@id\":\"https:\\\/\\\/cookking.online\\\/#website\",\"url\":\"https:\\\/\\\/cookking.online\\\/\",\"name\":\"Cookking.online\",\"description\":\"\",\"publisher\":{\"@id\":\"https:\\\/\\\/cookking.online\\\/#organization\"},\"potentialAction\":[{\"@type\":\"SearchAction\",\"target\":{\"@type\":\"EntryPoint\",\"urlTemplate\":\"https:\\\/\\\/cookking.online\\\/?s={search_term_string}\"},\"query-input\":{\"@type\":\"PropertyValueSpecification\",\"valueRequired\":true,\"valueName\":\"search_term_string\"}}],\"inLanguage\":\"en-US\"},{\"@type\":\"Organization\",\"@id\":\"https:\\\/\\\/cookking.online\\\/#organization\",\"name\":\"Cookking.online\",\"url\":\"https:\\\/\\\/cookking.online\\\/\",\"logo\":{\"@type\":\"ImageObject\",\"inLanguage\":\"en-US\",\"@id\":\"https:\\\/\\\/cookking.online\\\/#\\\/schema\\\/logo\\\/image\\\/\",\"url\":\"https:\\\/\\\/cookking.online\\\/wp-content\\\/uploads\\\/2021\\\/11\\\/Logo.png\",\"contentUrl\":\"https:\\\/\\\/cookking.online\\\/wp-content\\\/uploads\\\/2021\\\/11\\\/Logo.png\",\"width\":291,\"height\":100,\"caption\":\"Cookking.online\"},\"image\":{\"@id\":\"https:\\\/\\\/cookking.online\\\/#\\\/schema\\\/logo\\\/image\\\/\"}}]}<\/script>\n<!-- \/ Yoast SEO plugin. -->","yoast_head_json":{"title":"Cook King MONTANA HIGH Lau\u017eaviet\u0117 | Pakelta Ugnis, Patogesnis Naudojimas - Cookking.online","description":"Atraskite Lau\u017eaviet\u0117 Cook King MONTANA high - paauk\u0161tint\u0105 lau\u017eaviet\u0119 su ergonomi\u0161ku dizainu. Europieti\u0161kas rank\u0173 darbas, mobilumas ir saugi konstrukcija j\u016bs\u0173 lauko nuotykiams.","robots":{"index":"index","follow":"follow","max-snippet":"max-snippet:-1","max-image-preview":"max-image-preview:large","max-video-preview":"max-video-preview:-1"},"canonical":"https:\/\/cookking.online\/en\/katalogas\/lauzavietes\/lauzavietes-lauzaviete-cook-king-montana-high\/","og_locale":"en_US","og_type":"article","og_title":"Cook King MONTANA HIGH Lau\u017eaviet\u0117 | Pakelta Ugnis, Patogesnis Naudojimas - Cookking.online","og_description":"Atraskite Lau\u017eaviet\u0117 Cook King MONTANA high - paauk\u0161tint\u0105 lau\u017eaviet\u0119 su ergonomi\u0161ku dizainu. Europieti\u0161kas rank\u0173 darbas, mobilumas ir saugi konstrukcija j\u016bs\u0173 lauko nuotykiams.","og_url":"https:\/\/cookking.online\/en\/katalogas\/lauzavietes\/lauzavietes-lauzaviete-cook-king-montana-high\/","og_site_name":"Cookking.online","og_image":[{"width":2001,"height":2001,"url":"https:\/\/cookking.online\/wp-content\/uploads\/2021\/11\/60-cm-fire-bowl-montana-high-2.jpg","type":"image\/jpeg"}],"twitter_card":"summary_large_image","twitter_misc":{"Est. reading time":"3 minutes"},"schema":{"@context":"https:\/\/schema.org","@graph":[{"@type":"WebPage","@id":"https:\/\/cookking.online\/katalogas\/lauzavietes\/lauzavietes-lauzaviete-cook-king-montana-high\/","url":"https:\/\/cookking.online\/katalogas\/lauzavietes\/lauzavietes-lauzaviete-cook-king-montana-high\/","name":"Cook King MONTANA HIGH Lau\u017eaviet\u0117 | Pakelta Ugnis, Patogesnis Naudojimas - Cookking.online","isPartOf":{"@id":"https:\/\/cookking.online\/#website"},"primaryImageOfPage":{"@id":"https:\/\/cookking.online\/katalogas\/lauzavietes\/lauzavietes-lauzaviete-cook-king-montana-high\/#primaryimage"},"image":{"@id":"https:\/\/cookking.online\/katalogas\/lauzavietes\/lauzavietes-lauzaviete-cook-king-montana-high\/#primaryimage"},"thumbnailUrl":"https:\/\/cookking.online\/wp-content\/uploads\/2021\/11\/60-cm-fire-bowl-montana-high-2.jpg","datePublished":"2026-03-10T09:20:33+00:00","description":"Atraskite Lau\u017eaviet\u0117 Cook King MONTANA high - paauk\u0161tint\u0105 lau\u017eaviet\u0119 su ergonomi\u0161ku dizainu. Europieti\u0161kas rank\u0173 darbas, mobilumas ir saugi konstrukcija j\u016bs\u0173 lauko nuotykiams.","breadcrumb":{"@id":"https:\/\/cookking.online\/katalogas\/lauzavietes\/lauzavietes-lauzaviete-cook-king-montana-high\/#breadcrumb"},"inLanguage":"en-US","potentialAction":[{"@type":"ReadAction","target":["https:\/\/cookking.online\/katalogas\/lauzavietes\/lauzavietes-lauzaviete-cook-king-montana-high\/"]}]},{"@type":"ImageObject","inLanguage":"en-US","@id":"https:\/\/cookking.online\/katalogas\/lauzavietes\/lauzavietes-lauzaviete-cook-king-montana-high\/#primaryimage","url":"https:\/\/cookking.online\/wp-content\/uploads\/2021\/11\/60-cm-fire-bowl-montana-high-2.jpg","contentUrl":"https:\/\/cookking.online\/wp-content\/uploads\/2021\/11\/60-cm-fire-bowl-montana-high-2.jpg","width":2001,"height":2001,"caption":"Lau\u017eaviet\u0117 Cook King MONTANA high"},{"@type":"BreadcrumbList","@id":"https:\/\/cookking.online\/katalogas\/lauzavietes\/lauzavietes-lauzaviete-cook-king-montana-high\/#breadcrumb","itemListElement":[{"@type":"ListItem","position":1,"name":"Prad\u017eia","item":"https:\/\/cookking.online\/"},{"@type":"ListItem","position":2,"name":"Parduotuv\u0117","item":"https:\/\/cookking.online\/parduotuve\/"},{"@type":"ListItem","position":3,"name":"Lau\u017eaviet\u0117 Cook King MONTANA high"}]},{"@type":"WebSite","@id":"https:\/\/cookking.online\/#website","url":"https:\/\/cookking.online\/","name":"Cookking.online","description":"","publisher":{"@id":"https:\/\/cookking.online\/#organization"},"potentialAction":[{"@type":"SearchAction","target":{"@type":"EntryPoint","urlTemplate":"https:\/\/cookking.online\/?s={search_term_string}"},"query-input":{"@type":"PropertyValueSpecification","valueRequired":true,"valueName":"search_term_string"}}],"inLanguage":"en-US"},{"@type":"Organization","@id":"https:\/\/cookking.online\/#organization","name":"Cookking.online","url":"https:\/\/cookking.online\/","logo":{"@type":"ImageObject","inLanguage":"en-US","@id":"https:\/\/cookking.online\/#\/schema\/logo\/image\/","url":"https:\/\/cookking.online\/wp-content\/uploads\/2021\/11\/Logo.png","contentUrl":"https:\/\/cookking.online\/wp-content\/uploads\/2021\/11\/Logo.png","width":291,"height":100,"caption":"Cookking.online"},"image":{"@id":"https:\/\/cookking.online\/#\/schema\/logo\/image\/"}}]}},"_links":{"self":[{"href":"https:\/\/cookking.online\/en\/wp-json\/wp\/v2\/product\/2892","targetHints":{"allow":["GET"]}}],"collection":[{"href":"https:\/\/cookking.online\/en\/wp-json\/wp\/v2\/product"}],"about":[{"href":"https:\/\/cookking.online\/en\/wp-json\/wp\/v2\/types\/product"}],"wp:featuredmedia":[{"embeddable":true,"href":"https:\/\/cookking.online\/en\/wp-json\/wp\/v2\/media\/3106"}],"wp:attachment":[{"href":"https:\/\/cookking.online\/en\/wp-json\/wp\/v2\/media?parent=2892"}],"wp:term":[{"taxonomy":"product_brand","embeddable":true,"href":"https:\/\/cookking.online\/en\/wp-json\/wp\/v2\/product_brand?post=2892"},{"taxonomy":"product_cat","embeddable":true,"href":"https:\/\/cookking.online\/en\/wp-json\/wp\/v2\/product_cat?post=2892"},{"taxonomy":"product_tag","embeddable":true,"href":"https:\/\/cookking.online\/en\/wp-json\/wp\/v2\/product_tag?post=2892"}],"curies":[{"name":"wp","href":"https:\/\/api.w.org\/{rel}","templated":true}]}}