{"id":2970,"date":"2026-03-10T12:21:04","date_gmt":"2026-03-10T09:21:04","guid":{"rendered":"https:\/\/cookking.online\/?post_type=product&#038;p=2970"},"modified":"2026-03-10T12:21:04","modified_gmt":"2026-03-10T09:21:04","slug":"lauzavietes-lauzaviete-cook-king-tunis","status":"publish","type":"product","link":"https:\/\/cookking.online\/en\/katalogas\/lauzavietes\/lauzavietes-lauzaviete-cook-king-tunis\/","title":{"rendered":"Cook King TUNIS"},"content":{"rendered":"<h1 class=\"text-2xl font-bold mt-1 text-text-200\">Cook King TUNIS Lau\u017eaviet\u0117 &#8211; \u0160iaur\u0117s Afrikos Elegancija J\u016bs\u0173 Sode<\/h1>\n<p class=\"whitespace-pre-wrap break-words\">Kaip ir senovinis Tuniso miestas, kur Vidur\u017eemio j\u016bros kult\u016bra susitinka su Sacharos dvasia, Cook King TUNIS lau\u017eaviet\u0117 perteikia egzoti\u0161k\u0105 \u0160iaur\u0117s Afrikos atmosfer\u0105 j\u016bs\u0173 lauko erdv\u0117je. \u0160is europieti\u0161kas rank\u0173 darbo gaminys i\u0161 masyvaus plieno apjungia orientalin\u012f \u017eaves\u012f su \u0161iuolaikiniu funkcionalumu.<\/p>\n<h2 class=\"text-xl font-bold text-text-200 mt-1 -mb-0.5\">Orientalin\u0117 Tradicija Susitinka su Europos Meistri\u0161kumu<\/h2>\n<p class=\"whitespace-pre-wrap break-words\">TUNIS lau\u017eaviet\u0117, kaip ir jos vard\u0105 \u012fkv\u0117p\u0119s miestas, atskleid\u017eia puiki\u0105 kult\u016br\u0173 sintez\u0119. Storas plienas ir precizi\u0161kas europieti\u0161kas suvirinimas garantuoja patvarum\u0105, o dizainas primena tradicinius arabi\u0161kus ugnies indus, kurie \u0161imtme\u010diais buvo naudojami \u0160iaur\u0117s Afrikos dykumose tiek \u0161ilumai, tiek maisto gaminimui.<\/p>\n<h2 class=\"text-xl font-bold text-text-200 mt-1 -mb-0.5\">Mobilumas ir Saugumas &#8211; Nomad\u0173 I\u0161mintis<\/h2>\n<p class=\"whitespace-pre-wrap break-words\">Kaip senov\u0117s nomadai, keliav\u0119 per Sachar\u0105, TUNIS lau\u017eaviet\u0117 pritaikyta mobilumui ir saugumui:<\/p>\n<ul class=\"[&amp;:not(:last-child)_ul]:pb-1 [&amp;:not(:last-child)_ol]:pb-1 list-disc space-y-1.5 pl-7\">\n<li class=\"whitespace-normal break-words\">Ergonomi\u0161kos rankenos abiejose pus\u0117se leid\u017eia lengvai perkelti \u017eidin\u012f<\/li>\n<li class=\"whitespace-normal break-words\">Gilus dubuo kontroliuoja ugn\u012f, kaip tai dar\u0117 dykumos keliautojai<\/li>\n<li class=\"whitespace-normal break-words\">Stabili konstrukcija u\u017etikrina saugum\u0105 ant bet kokio pavir\u0161iaus<\/li>\n<li class=\"whitespace-normal break-words\">Tvirta suvirinimo technologija garantuoja ilgaam\u017ei\u0161kum\u0105<\/li>\n<\/ul>\n<h2 class=\"text-xl font-bold text-text-200 mt-1 -mb-0.5\">Daugiafunkcis Pritaikymas<\/h2>\n<p class=\"whitespace-pre-wrap break-words\">TUNIS, \u012fkv\u0117pta miesto, kuris buvo svarbus prekybos centras, si\u016blo \u012fvairias panaudojimo galimybes:<\/p>\n<ul class=\"[&amp;:not(:last-child)_ul]:pb-1 [&amp;:not(:last-child)_ol]:pb-1 list-disc space-y-1.5 pl-7\">\n<li class=\"whitespace-normal break-words\">Tradicinis lau\u017eas jaukiems vakarams<\/li>\n<li class=\"whitespace-normal break-words\">Mobili lauko virtuv\u0117 su grilio funkcija<\/li>\n<li class=\"whitespace-normal break-words\">Efektyvus \u0161ilumos \u0161altinis v\u0117siems vakarams<\/li>\n<li class=\"whitespace-normal break-words\">Dekoratyvinis ap\u0161vietimo elementas, primenantis rytieti\u0161kus \u017eibintus<\/li>\n<\/ul>\n<h2 class=\"text-xl font-bold text-text-200 mt-1 -mb-0.5\">Nat\u016bralus Charakteris<\/h2>\n<p class=\"whitespace-pre-wrap break-words\">Neapdorotas plienas, i\u0161 kurio pagaminta TUNIS lau\u017eaviet\u0117, turi unikali\u0105 savyb\u0119 vystytis ir keistis, kaip ir pati Tuniso kult\u016bra. Laikui b\u0117gant besiformuojanti patina suteikia kiekvienam gaminiui individual\u0173 charakter\u012f, primenant\u012f senovini\u0173 Tuniso medinos metalini\u0173 dirbini\u0173 \u017eaves\u012f.<\/p>\n<p class=\"whitespace-pre-wrap break-words\">TUNIS lau\u017eaviet\u0117 &#8211; tai ne tik prakti\u0161kas lauko \u012frenginys, bet ir kult\u016brinis tiltas, jungiantis \u0160iaur\u0117s Afrikos dvasi\u0105 su europieti\u0161ku meistri\u0161kumu. Jos dizainas ir funkcionalumas leid\u017eia patirti egzoti\u0161k\u0105 Tuniso atmosfer\u0105 savo kieme, o patvarumas ir mobilumas u\u017etikrina, kad \u0161is kult\u016brinis susitikimas gali vykti bet kurioje j\u016bs\u0173 pasirinkoje vietoje.<\/p>\n<p class=\"whitespace-pre-wrap break-words\"><strong>Atraskite Cook King Bendruomen\u0119!<\/strong><\/p>\n<p class=\"whitespace-pre-wrap break-words\">M\u016bs\u0173 aistra maisto gaminimui po atviru dangumi \u012fkvepia kurti nepamir\u0161tamas akimirkas. Cook King \u2013 tai ne tik prek\u0117s \u017eenklas, bet ir bendruomen\u0117 \u017emoni\u0173, kurie vertina autenti\u0161k\u0105 maisto gaminimo patirt\u012f, pagardint\u0105 v\u0117jo dvelksmu ir ugnies \u0161iluma.<\/p>\n<p class=\"whitespace-pre-wrap break-words\"><strong>Sekite Mus ir \u012ekv\u0117pkite!<\/strong><\/p>\n<p class=\"whitespace-pre-wrap break-words\">Kvie\u010diame prisijungti prie m\u016bs\u0173 augan\u010dios bendruomen\u0117s:<\/p>\n<p class=\"whitespace-pre-wrap break-words\"><strong>Raskite Mus:<\/strong><\/p>\n<p class=\"whitespace-pre-wrap break-words\">\ud83c\udfa5 <a href=\"https:\/\/www.youtube.com\/channel\/UC0eMDwELC0jawxRPy-wDovg\">YouTube<\/a><\/p>\n<p class=\"whitespace-pre-wrap break-words\">\ud83d\udcf1 <a href=\"https:\/\/www.facebook.com\/cookking.online\/\">Facebook<\/a><\/p>\n<p class=\"whitespace-pre-wrap break-words\"><strong>Kartu Kurkime Nepamir\u0161tamas Akimirkas!<\/strong><\/p>\n<p class=\"whitespace-pre-wrap break-words\">Prisijunkite prie Cook King bendruomen\u0117s ir atraskite, kaip m\u016bs\u0173 produktai gali praturtinti j\u016bs\u0173 laisvalaik\u012f su artimaisiais. Leiskite mums \u012fkv\u0117pti j\u016bs\u0173 kulinarinius nuotykius po atviru dangumi!<\/p>\n<p class=\"whitespace-pre-wrap break-words\">#CookKing #OutdoorCooking #GrillMaster #LaukoVirtuv\u0117 #BBQLietuva<\/p>\n","protected":false},"excerpt":{"rendered":"<p>Cook King TUNIS Lau\u017eaviet\u0117 &#8211; \u0160iaur\u0117s Afrikos Elegancija J\u016bs\u0173 Sode Kaip ir senovinis Tuniso miestas, kur Vidur\u017eemio j\u016bros kult\u016bra susitinka su Sacharos dvasia, Cook King TUNIS lau\u017eaviet\u0117 perteikia egzoti\u0161k\u0105 \u0160iaur\u0117s&#8230;<\/p>","protected":false},"featured_media":3166,"template":"","meta":[],"product_brand":[],"product_cat":[20],"product_tag":[],"class_list":{"0":"post-2970","1":"product","2":"type-product","3":"status-publish","4":"has-post-thumbnail","6":"product_cat-lauzavietes","8":"first","9":"instock","10":"featured","11":"taxable","12":"shipping-taxable","13":"purchasable","14":"product-type-variable"},"yoast_head":"<!-- This site is optimized with the Yoast SEO plugin v27.3 - https:\/\/yoast.com\/product\/yoast-seo-wordpress\/ -->\n<title>Lau\u017eaviet\u0117 Cook King TUNIS | Rytieti\u0161kas \u017davesys su Europos Kokybe - Cookking.online<\/title>\n<meta name=\"description\" content=\"Atraskite Lau\u017eaviet\u0117 Cook King TUNIS - mobili\u0105 lau\u017eaviet\u0119 su orientaliniu charakteriu. Prakti\u0161kos rankenos, gilus dubuo ir europieti\u0161kas meistri\u0161kumas sukuria magi\u0161k\u0105 atmosfer\u0105 j\u016bs\u0173 lauko erdv\u0117je.\" \/>\n<meta name=\"robots\" content=\"index, follow, max-snippet:-1, max-image-preview:large, max-video-preview:-1\" \/>\n<link rel=\"canonical\" href=\"https:\/\/cookking.online\/en\/katalogas\/lauzavietes\/lauzavietes-lauzaviete-cook-king-tunis\/\" \/>\n<meta property=\"og:locale\" content=\"en_US\" \/>\n<meta property=\"og:type\" content=\"article\" \/>\n<meta property=\"og:title\" content=\"Lau\u017eaviet\u0117 Cook King TUNIS | Rytieti\u0161kas \u017davesys su Europos Kokybe - Cookking.online\" \/>\n<meta property=\"og:description\" content=\"Atraskite Lau\u017eaviet\u0117 Cook King TUNIS - mobili\u0105 lau\u017eaviet\u0119 su orientaliniu charakteriu. Prakti\u0161kos rankenos, gilus dubuo ir europieti\u0161kas meistri\u0161kumas sukuria magi\u0161k\u0105 atmosfer\u0105 j\u016bs\u0173 lauko erdv\u0117je.\" \/>\n<meta property=\"og:url\" content=\"https:\/\/cookking.online\/en\/katalogas\/lauzavietes\/lauzavietes-lauzaviete-cook-king-tunis\/\" \/>\n<meta property=\"og:site_name\" content=\"Cookking.online\" \/>\n<meta property=\"og:image\" content=\"https:\/\/cookking.online\/wp-content\/uploads\/2021\/11\/60-cm-fire-bowl-tunis-2.jpg\" \/>\n\t<meta property=\"og:image:width\" content=\"2001\" \/>\n\t<meta property=\"og:image:height\" content=\"2001\" \/>\n\t<meta property=\"og:image:type\" content=\"image\/jpeg\" \/>\n<meta name=\"twitter:card\" content=\"summary_large_image\" \/>\n<meta name=\"twitter:label1\" content=\"Est. reading time\" \/>\n\t<meta name=\"twitter:data1\" content=\"3 minutes\" \/>\n<script type=\"application\/ld+json\" class=\"yoast-schema-graph\">{\"@context\":\"https:\\\/\\\/schema.org\",\"@graph\":[{\"@type\":\"WebPage\",\"@id\":\"https:\\\/\\\/cookking.online\\\/katalogas\\\/lauzavietes\\\/lauzavietes-lauzaviete-cook-king-tunis\\\/\",\"url\":\"https:\\\/\\\/cookking.online\\\/katalogas\\\/lauzavietes\\\/lauzavietes-lauzaviete-cook-king-tunis\\\/\",\"name\":\"Lau\u017eaviet\u0117 Cook King TUNIS | Rytieti\u0161kas \u017davesys su Europos Kokybe - Cookking.online\",\"isPartOf\":{\"@id\":\"https:\\\/\\\/cookking.online\\\/#website\"},\"primaryImageOfPage\":{\"@id\":\"https:\\\/\\\/cookking.online\\\/katalogas\\\/lauzavietes\\\/lauzavietes-lauzaviete-cook-king-tunis\\\/#primaryimage\"},\"image\":{\"@id\":\"https:\\\/\\\/cookking.online\\\/katalogas\\\/lauzavietes\\\/lauzavietes-lauzaviete-cook-king-tunis\\\/#primaryimage\"},\"thumbnailUrl\":\"https:\\\/\\\/cookking.online\\\/wp-content\\\/uploads\\\/2021\\\/11\\\/60-cm-fire-bowl-tunis-2.jpg\",\"datePublished\":\"2026-03-10T09:21:04+00:00\",\"description\":\"Atraskite Lau\u017eaviet\u0117 Cook King TUNIS - mobili\u0105 lau\u017eaviet\u0119 su orientaliniu charakteriu. Prakti\u0161kos rankenos, gilus dubuo ir europieti\u0161kas meistri\u0161kumas sukuria magi\u0161k\u0105 atmosfer\u0105 j\u016bs\u0173 lauko erdv\u0117je.\",\"breadcrumb\":{\"@id\":\"https:\\\/\\\/cookking.online\\\/katalogas\\\/lauzavietes\\\/lauzavietes-lauzaviete-cook-king-tunis\\\/#breadcrumb\"},\"inLanguage\":\"en-US\",\"potentialAction\":[{\"@type\":\"ReadAction\",\"target\":[\"https:\\\/\\\/cookking.online\\\/katalogas\\\/lauzavietes\\\/lauzavietes-lauzaviete-cook-king-tunis\\\/\"]}]},{\"@type\":\"ImageObject\",\"inLanguage\":\"en-US\",\"@id\":\"https:\\\/\\\/cookking.online\\\/katalogas\\\/lauzavietes\\\/lauzavietes-lauzaviete-cook-king-tunis\\\/#primaryimage\",\"url\":\"https:\\\/\\\/cookking.online\\\/wp-content\\\/uploads\\\/2021\\\/11\\\/60-cm-fire-bowl-tunis-2.jpg\",\"contentUrl\":\"https:\\\/\\\/cookking.online\\\/wp-content\\\/uploads\\\/2021\\\/11\\\/60-cm-fire-bowl-tunis-2.jpg\",\"width\":2001,\"height\":2001,\"caption\":\"Lau\u017eaviet\u0117 Cook King TUNIS\"},{\"@type\":\"BreadcrumbList\",\"@id\":\"https:\\\/\\\/cookking.online\\\/katalogas\\\/lauzavietes\\\/lauzavietes-lauzaviete-cook-king-tunis\\\/#breadcrumb\",\"itemListElement\":[{\"@type\":\"ListItem\",\"position\":1,\"name\":\"Prad\u017eia\",\"item\":\"https:\\\/\\\/cookking.online\\\/\"},{\"@type\":\"ListItem\",\"position\":2,\"name\":\"Parduotuv\u0117\",\"item\":\"https:\\\/\\\/cookking.online\\\/parduotuve\\\/\"},{\"@type\":\"ListItem\",\"position\":3,\"name\":\"Lau\u017eaviet\u0117 Cook King TUNIS\"}]},{\"@type\":\"WebSite\",\"@id\":\"https:\\\/\\\/cookking.online\\\/#website\",\"url\":\"https:\\\/\\\/cookking.online\\\/\",\"name\":\"Cookking.online\",\"description\":\"\",\"publisher\":{\"@id\":\"https:\\\/\\\/cookking.online\\\/#organization\"},\"potentialAction\":[{\"@type\":\"SearchAction\",\"target\":{\"@type\":\"EntryPoint\",\"urlTemplate\":\"https:\\\/\\\/cookking.online\\\/?s={search_term_string}\"},\"query-input\":{\"@type\":\"PropertyValueSpecification\",\"valueRequired\":true,\"valueName\":\"search_term_string\"}}],\"inLanguage\":\"en-US\"},{\"@type\":\"Organization\",\"@id\":\"https:\\\/\\\/cookking.online\\\/#organization\",\"name\":\"Cookking.online\",\"url\":\"https:\\\/\\\/cookking.online\\\/\",\"logo\":{\"@type\":\"ImageObject\",\"inLanguage\":\"en-US\",\"@id\":\"https:\\\/\\\/cookking.online\\\/#\\\/schema\\\/logo\\\/image\\\/\",\"url\":\"https:\\\/\\\/cookking.online\\\/wp-content\\\/uploads\\\/2021\\\/11\\\/Logo.png\",\"contentUrl\":\"https:\\\/\\\/cookking.online\\\/wp-content\\\/uploads\\\/2021\\\/11\\\/Logo.png\",\"width\":291,\"height\":100,\"caption\":\"Cookking.online\"},\"image\":{\"@id\":\"https:\\\/\\\/cookking.online\\\/#\\\/schema\\\/logo\\\/image\\\/\"}}]}<\/script>\n<!-- \/ Yoast SEO plugin. -->","yoast_head_json":{"title":"Lau\u017eaviet\u0117 Cook King TUNIS | Rytieti\u0161kas \u017davesys su Europos Kokybe - Cookking.online","description":"Atraskite Lau\u017eaviet\u0117 Cook King TUNIS - mobili\u0105 lau\u017eaviet\u0119 su orientaliniu charakteriu. Prakti\u0161kos rankenos, gilus dubuo ir europieti\u0161kas meistri\u0161kumas sukuria magi\u0161k\u0105 atmosfer\u0105 j\u016bs\u0173 lauko erdv\u0117je.","robots":{"index":"index","follow":"follow","max-snippet":"max-snippet:-1","max-image-preview":"max-image-preview:large","max-video-preview":"max-video-preview:-1"},"canonical":"https:\/\/cookking.online\/en\/katalogas\/lauzavietes\/lauzavietes-lauzaviete-cook-king-tunis\/","og_locale":"en_US","og_type":"article","og_title":"Lau\u017eaviet\u0117 Cook King TUNIS | Rytieti\u0161kas \u017davesys su Europos Kokybe - Cookking.online","og_description":"Atraskite Lau\u017eaviet\u0117 Cook King TUNIS - mobili\u0105 lau\u017eaviet\u0119 su orientaliniu charakteriu. Prakti\u0161kos rankenos, gilus dubuo ir europieti\u0161kas meistri\u0161kumas sukuria magi\u0161k\u0105 atmosfer\u0105 j\u016bs\u0173 lauko erdv\u0117je.","og_url":"https:\/\/cookking.online\/en\/katalogas\/lauzavietes\/lauzavietes-lauzaviete-cook-king-tunis\/","og_site_name":"Cookking.online","og_image":[{"width":2001,"height":2001,"url":"https:\/\/cookking.online\/wp-content\/uploads\/2021\/11\/60-cm-fire-bowl-tunis-2.jpg","type":"image\/jpeg"}],"twitter_card":"summary_large_image","twitter_misc":{"Est. reading time":"3 minutes"},"schema":{"@context":"https:\/\/schema.org","@graph":[{"@type":"WebPage","@id":"https:\/\/cookking.online\/katalogas\/lauzavietes\/lauzavietes-lauzaviete-cook-king-tunis\/","url":"https:\/\/cookking.online\/katalogas\/lauzavietes\/lauzavietes-lauzaviete-cook-king-tunis\/","name":"Lau\u017eaviet\u0117 Cook King TUNIS | Rytieti\u0161kas \u017davesys su Europos Kokybe - Cookking.online","isPartOf":{"@id":"https:\/\/cookking.online\/#website"},"primaryImageOfPage":{"@id":"https:\/\/cookking.online\/katalogas\/lauzavietes\/lauzavietes-lauzaviete-cook-king-tunis\/#primaryimage"},"image":{"@id":"https:\/\/cookking.online\/katalogas\/lauzavietes\/lauzavietes-lauzaviete-cook-king-tunis\/#primaryimage"},"thumbnailUrl":"https:\/\/cookking.online\/wp-content\/uploads\/2021\/11\/60-cm-fire-bowl-tunis-2.jpg","datePublished":"2026-03-10T09:21:04+00:00","description":"Atraskite Lau\u017eaviet\u0117 Cook King TUNIS - mobili\u0105 lau\u017eaviet\u0119 su orientaliniu charakteriu. Prakti\u0161kos rankenos, gilus dubuo ir europieti\u0161kas meistri\u0161kumas sukuria magi\u0161k\u0105 atmosfer\u0105 j\u016bs\u0173 lauko erdv\u0117je.","breadcrumb":{"@id":"https:\/\/cookking.online\/katalogas\/lauzavietes\/lauzavietes-lauzaviete-cook-king-tunis\/#breadcrumb"},"inLanguage":"en-US","potentialAction":[{"@type":"ReadAction","target":["https:\/\/cookking.online\/katalogas\/lauzavietes\/lauzavietes-lauzaviete-cook-king-tunis\/"]}]},{"@type":"ImageObject","inLanguage":"en-US","@id":"https:\/\/cookking.online\/katalogas\/lauzavietes\/lauzavietes-lauzaviete-cook-king-tunis\/#primaryimage","url":"https:\/\/cookking.online\/wp-content\/uploads\/2021\/11\/60-cm-fire-bowl-tunis-2.jpg","contentUrl":"https:\/\/cookking.online\/wp-content\/uploads\/2021\/11\/60-cm-fire-bowl-tunis-2.jpg","width":2001,"height":2001,"caption":"Lau\u017eaviet\u0117 Cook King TUNIS"},{"@type":"BreadcrumbList","@id":"https:\/\/cookking.online\/katalogas\/lauzavietes\/lauzavietes-lauzaviete-cook-king-tunis\/#breadcrumb","itemListElement":[{"@type":"ListItem","position":1,"name":"Prad\u017eia","item":"https:\/\/cookking.online\/"},{"@type":"ListItem","position":2,"name":"Parduotuv\u0117","item":"https:\/\/cookking.online\/parduotuve\/"},{"@type":"ListItem","position":3,"name":"Lau\u017eaviet\u0117 Cook King TUNIS"}]},{"@type":"WebSite","@id":"https:\/\/cookking.online\/#website","url":"https:\/\/cookking.online\/","name":"Cookking.online","description":"","publisher":{"@id":"https:\/\/cookking.online\/#organization"},"potentialAction":[{"@type":"SearchAction","target":{"@type":"EntryPoint","urlTemplate":"https:\/\/cookking.online\/?s={search_term_string}"},"query-input":{"@type":"PropertyValueSpecification","valueRequired":true,"valueName":"search_term_string"}}],"inLanguage":"en-US"},{"@type":"Organization","@id":"https:\/\/cookking.online\/#organization","name":"Cookking.online","url":"https:\/\/cookking.online\/","logo":{"@type":"ImageObject","inLanguage":"en-US","@id":"https:\/\/cookking.online\/#\/schema\/logo\/image\/","url":"https:\/\/cookking.online\/wp-content\/uploads\/2021\/11\/Logo.png","contentUrl":"https:\/\/cookking.online\/wp-content\/uploads\/2021\/11\/Logo.png","width":291,"height":100,"caption":"Cookking.online"},"image":{"@id":"https:\/\/cookking.online\/#\/schema\/logo\/image\/"}}]}},"_links":{"self":[{"href":"https:\/\/cookking.online\/en\/wp-json\/wp\/v2\/product\/2970","targetHints":{"allow":["GET"]}}],"collection":[{"href":"https:\/\/cookking.online\/en\/wp-json\/wp\/v2\/product"}],"about":[{"href":"https:\/\/cookking.online\/en\/wp-json\/wp\/v2\/types\/product"}],"wp:featuredmedia":[{"embeddable":true,"href":"https:\/\/cookking.online\/en\/wp-json\/wp\/v2\/media\/3166"}],"wp:attachment":[{"href":"https:\/\/cookking.online\/en\/wp-json\/wp\/v2\/media?parent=2970"}],"wp:term":[{"taxonomy":"product_brand","embeddable":true,"href":"https:\/\/cookking.online\/en\/wp-json\/wp\/v2\/product_brand?post=2970"},{"taxonomy":"product_cat","embeddable":true,"href":"https:\/\/cookking.online\/en\/wp-json\/wp\/v2\/product_cat?post=2970"},{"taxonomy":"product_tag","embeddable":true,"href":"https:\/\/cookking.online\/en\/wp-json\/wp\/v2\/product_tag?post=2970"}],"curies":[{"name":"wp","href":"https:\/\/api.w.org\/{rel}","templated":true}]}}