{"id":33738,"date":"2026-03-10T13:06:16","date_gmt":"2026-03-10T10:06:16","guid":{"rendered":"https:\/\/cookking.online\/?post_type=product&#038;p=33738"},"modified":"2026-03-10T13:10:34","modified_gmt":"2026-03-10T10:10:34","slug":"kanetsugu-saiun-santoku-peilis-170-mm-kn-9003","status":"publish","type":"product","link":"https:\/\/cookking.online\/en\/katalogas\/peiliai\/kanetsugu-saiun-santoku-peilis-170-mm-kn-9003\/","title":{"rendered":"Kanetsugu SAIUN Santoku peilis 170 mm [KN-9003]"},"content":{"rendered":"<h1><span style=\"color: #ff0000\">Kanetsugu SAIUN Santoku peilis 170 mm<\/span><\/h1>\n<\/p>\n<p align=\"justify\">Vienas i\u0161 labiausiai charaktering\u0173 japoni\u0161k\u016f a\u0161men\u0173. <strong>Santoku<\/strong> yra Europoje naudojamo \u0161efkokio peilio atitikmuo, tai labai universali a\u0161men\u0173 dalis. Turi b\u016bding\u0105, \u017eemiau esant\u012f galiuk\u0105 ir stipriai i\u0161linkus\u012f nugaros dal\u012f. Santoku a\u0161menys yra platesni nei \u0161efkokio peilio, tod\u0117l jie tinka smulkinimui, kapojimui ir dar\u017eovi\u0173 pjaustyimui. Ta\u010diau \u0161is i\u0161vaizdos apgauna. <strong>Santoku<\/strong> gali b\u016bti naudojamas tiek vegani\u0161koje ar vegetari\u0161koje virtuv\u0117je, tiek pjaunant m\u0117s\u0105, de\u0161ras ar \u017euvis. Plati <strong>Santoku<\/strong> a\u0161menys leid\u017eia tiesiogiai perkelti supjaustytas prekes \u012f puod\u0105 ar keptuv\u0119.<\/p>\n<p style=\"text-align: justify\">\n<h2 style=\"text-align: justify\">Charakteristin\u0117s savyb\u0117s<\/h2>\n<p align=\"justify\">Kanetsugu <strong>SAIUN<\/strong> peili\u0173 serija pasi\u017eymi subalansuotu, ta\u010diau d\u0117mes\u012f pritraukian\u010diu dizainu. Damastin\u0117 a\u0161mens ra\u0161to, sudaryta i\u0161 32 plienini\u0173 sluoksni\u0173, pritvirtint\u0173 prie <strong>VG-10<\/strong> lydin\u012f turin\u010dio branduolio, yra tai, k\u0105 m\u0117gsta m\u0117g\u0117jai japoni\u0161k\u0173 peili\u0173. A\u0161menys u\u017egr\u016bdinti iki <strong>61 HRC<\/strong> naudojant special\u0173 <em>\u201esub-zero-treatment&#8221;<\/em> proces\u0105, kuris rei\u0161kia labai greit\u0105 a\u0161mens au\u0161inim\u0105 iki -70 laipsni\u0173 Celsijaus temperat\u016bros termin\u0117s apdailos metu. D\u0117l to <strong>SAIUN<\/strong> serijos peiliai turi didesn\u012f pjovimo galingum\u0105 ir ilgiau i\u0161laiko a\u0161trum\u0105.<\/p>\n<p align=\"justify\">\n<p align=\"justify\"><em>Hamaguri<\/em>, arba vadinamasis <em>\u201emoliusk\u0173 kra\u0161tas&#8221;<\/em>, yra retas peili\u0173 apdailos b\u016bdas, panaudotas <strong>SAIUN<\/strong> serijoje. Tai yra a\u0161mens profilio i\u0161kilimas, suteikiantis jam moliusk\u0173 formos. \u0160is sud\u0117tingas apdailos procesas naudojamas, be kita ko, samuraj\u0173 kard\u0173, ir skirtas sustiprinti virtuv\u0117s a\u0161menis, suma\u017einti j\u0173 trapum\u0105, pritaikyti prie japoni\u0161k\u0173 pjaustymo technik\u0173, suma\u017einti pjaunamo produkto prilipim\u0105 prie a\u0161men\u0173.<\/p>\n<p align=\"justify\">\n<p align=\"justify\">Nuostabi juodos <strong>micartos<\/strong> rankena papuo\u0161ta dviem knied\u0117mis ir ry\u0161kiu raudonu \u017eiedu. Pagaminta vakarieti\u0161ku stiliumi, rankiniu b\u016bdu poliruota, u\u017etikrina puiki\u0105 ir ergonomi\u0161k\u0105 sutv\u0117rim\u0105, leid\u017eiant\u012f puikiai kontroliuoti a\u0161menis pjaunant. Be to, micarta yra <strong>antibakterinis<\/strong> med\u017eiaga, atspari dr\u0117gmei ir lengvai valoma. O metalinis \u017eiedas neleid\u017eia pjaunamiems produktams prilipti ir palengvina peili\u0173 valym\u0105.<\/p>\n<p style=\"text-align: justify\">\n<h2 style=\"text-align: justify\">Techniniai duomenys:<\/h2>\n<p style=\"text-align: justify\"><strong>Plieno tipas:<\/strong><span> VG-10<\/span><br \/><strong>Rankenos med\u017eiaga:<\/strong><span> micarta<\/span><br \/><strong>Kietumas:<\/strong><span> +\/- 61 HRC <\/span><br \/><strong>Bendras ilgis:<\/strong><span> 300 mm<\/span><br \/><strong>A\u0161men\u0173 ilgis:<\/strong><span> 170 mm<\/span><br \/><strong>A\u0161men\u0173 plotis:<\/strong><span>  45 mm<\/span><br \/><strong>A\u0161men\u0173 storis:<\/strong><span> apie 2,3 mm<\/span><br \/><strong>Galandimo b\u016bdas:<\/strong><span> dvi\u0161akis simetrinis \u0161lifavimas<\/span><br \/><strong>Svoris:<\/strong><span> apie 220 g<\/span><\/p>","protected":false},"excerpt":{"rendered":"<p>Kanetsugu SAIUN Santoku peilis 170 mm Vienas i\u0161 labiausiai charaktering\u0173 japoni\u0161k\u016f a\u0161men\u0173. Santoku yra Europoje naudojamo \u0161efkokio peilio atitikmuo, tai labai universali a\u0161men\u0173 dalis. Turi b\u016bding\u0105, \u017eemiau esant\u012f galiuk\u0105 ir&#8230;<\/p>","protected":false},"featured_media":33719,"template":"","meta":[],"product_brand":[],"product_cat":[119],"product_tag":[],"class_list":{"0":"post-33738","1":"product","2":"type-product","3":"status-publish","4":"has-post-thumbnail","6":"product_cat-peiliai","8":"first","9":"instock","10":"taxable","11":"shipping-taxable","12":"purchasable","13":"product-type-simple"},"yoast_head":"<!-- This site is optimized with the Yoast SEO plugin v27.5 - https:\/\/yoast.com\/product\/yoast-seo-wordpress\/ -->\n<title>Kanetsugu SAIUN Santoku peilis 170 mm [KN-9003] - Cookking.online<\/title>\n<meta name=\"description\" content=\"Kanetsugu SAIUN Santoku peilis 170 mm Vienas i\u0161 labiausiai charaktering\u0173 japoni\u0161k\u016f a\u0161men\u0173. Santoku yra Europoje naudojamo \u0161efkokio peilio atitikmuo, tai laba...\" \/>\n<meta name=\"robots\" content=\"index, follow, max-snippet:-1, max-image-preview:large, max-video-preview:-1\" \/>\n<link rel=\"canonical\" href=\"https:\/\/cookking.online\/en\/katalogas\/peiliai\/kanetsugu-saiun-santoku-peilis-170-mm-kn-9003\/\" \/>\n<meta property=\"og:locale\" content=\"en_US\" \/>\n<meta property=\"og:type\" content=\"article\" \/>\n<meta property=\"og:title\" content=\"Kanetsugu SAIUN Santoku peilis 170 mm [KN-9003] - Cookking.online\" \/>\n<meta property=\"og:description\" content=\"Kanetsugu SAIUN Santoku peilis 170 mm Vienas i\u0161 labiausiai charaktering\u0173 japoni\u0161k\u016f a\u0161men\u0173. Santoku yra Europoje naudojamo \u0161efkokio peilio atitikmuo, tai laba...\" \/>\n<meta property=\"og:url\" content=\"https:\/\/cookking.online\/en\/katalogas\/peiliai\/kanetsugu-saiun-santoku-peilis-170-mm-kn-9003\/\" \/>\n<meta property=\"og:site_name\" content=\"Cookking.online\" \/>\n<meta property=\"article:modified_time\" content=\"2026-03-10T10:10:34+00:00\" \/>\n<meta property=\"og:image\" content=\"https:\/\/cookking.online\/wp-content\/uploads\/2026\/03\/14242_1-1.jpg\" \/>\n\t<meta property=\"og:image:width\" content=\"1600\" \/>\n\t<meta property=\"og:image:height\" content=\"1600\" \/>\n\t<meta property=\"og:image:type\" content=\"image\/jpeg\" \/>\n<meta name=\"twitter:card\" content=\"summary_large_image\" \/>\n<meta name=\"twitter:label1\" content=\"Est. reading time\" \/>\n\t<meta name=\"twitter:data1\" content=\"2 minutes\" \/>\n<script type=\"application\/ld+json\" class=\"yoast-schema-graph\">{\"@context\":\"https:\\\/\\\/schema.org\",\"@graph\":[{\"@type\":\"WebPage\",\"@id\":\"https:\\\/\\\/cookking.online\\\/katalogas\\\/peiliai\\\/kanetsugu-saiun-santoku-peilis-170-mm-kn-9003\\\/\",\"url\":\"https:\\\/\\\/cookking.online\\\/katalogas\\\/peiliai\\\/kanetsugu-saiun-santoku-peilis-170-mm-kn-9003\\\/\",\"name\":\"Kanetsugu SAIUN Santoku peilis 170 mm [KN-9003] - Cookking.online\",\"isPartOf\":{\"@id\":\"https:\\\/\\\/cookking.online\\\/#website\"},\"primaryImageOfPage\":{\"@id\":\"https:\\\/\\\/cookking.online\\\/katalogas\\\/peiliai\\\/kanetsugu-saiun-santoku-peilis-170-mm-kn-9003\\\/#primaryimage\"},\"image\":{\"@id\":\"https:\\\/\\\/cookking.online\\\/katalogas\\\/peiliai\\\/kanetsugu-saiun-santoku-peilis-170-mm-kn-9003\\\/#primaryimage\"},\"thumbnailUrl\":\"https:\\\/\\\/cookking.online\\\/wp-content\\\/uploads\\\/2026\\\/03\\\/14242_1-1.jpg\",\"datePublished\":\"2026-03-10T10:06:16+00:00\",\"dateModified\":\"2026-03-10T10:10:34+00:00\",\"description\":\"Kanetsugu SAIUN Santoku peilis 170 mm Vienas i\u0161 labiausiai charaktering\u0173 japoni\u0161k\u016f a\u0161men\u0173. Santoku yra Europoje naudojamo \u0161efkokio peilio atitikmuo, tai laba...\",\"breadcrumb\":{\"@id\":\"https:\\\/\\\/cookking.online\\\/katalogas\\\/peiliai\\\/kanetsugu-saiun-santoku-peilis-170-mm-kn-9003\\\/#breadcrumb\"},\"inLanguage\":\"en-US\",\"potentialAction\":[{\"@type\":\"ReadAction\",\"target\":[\"https:\\\/\\\/cookking.online\\\/katalogas\\\/peiliai\\\/kanetsugu-saiun-santoku-peilis-170-mm-kn-9003\\\/\"]}]},{\"@type\":\"ImageObject\",\"inLanguage\":\"en-US\",\"@id\":\"https:\\\/\\\/cookking.online\\\/katalogas\\\/peiliai\\\/kanetsugu-saiun-santoku-peilis-170-mm-kn-9003\\\/#primaryimage\",\"url\":\"https:\\\/\\\/cookking.online\\\/wp-content\\\/uploads\\\/2026\\\/03\\\/14242_1-1.jpg\",\"contentUrl\":\"https:\\\/\\\/cookking.online\\\/wp-content\\\/uploads\\\/2026\\\/03\\\/14242_1-1.jpg\",\"width\":1600,\"height\":1600},{\"@type\":\"BreadcrumbList\",\"@id\":\"https:\\\/\\\/cookking.online\\\/katalogas\\\/peiliai\\\/kanetsugu-saiun-santoku-peilis-170-mm-kn-9003\\\/#breadcrumb\",\"itemListElement\":[{\"@type\":\"ListItem\",\"position\":1,\"name\":\"Prad\u017eia\",\"item\":\"https:\\\/\\\/cookking.online\\\/\"},{\"@type\":\"ListItem\",\"position\":2,\"name\":\"Parduotuv\u0117\",\"item\":\"https:\\\/\\\/cookking.online\\\/parduotuve\\\/\"},{\"@type\":\"ListItem\",\"position\":3,\"name\":\"Kanetsugu SAIUN Santoku peilis 170 mm [KN-9003]\"}]},{\"@type\":\"WebSite\",\"@id\":\"https:\\\/\\\/cookking.online\\\/#website\",\"url\":\"https:\\\/\\\/cookking.online\\\/\",\"name\":\"Cookking.online\",\"description\":\"\",\"publisher\":{\"@id\":\"https:\\\/\\\/cookking.online\\\/#organization\"},\"potentialAction\":[{\"@type\":\"SearchAction\",\"target\":{\"@type\":\"EntryPoint\",\"urlTemplate\":\"https:\\\/\\\/cookking.online\\\/?s={search_term_string}\"},\"query-input\":{\"@type\":\"PropertyValueSpecification\",\"valueRequired\":true,\"valueName\":\"search_term_string\"}}],\"inLanguage\":\"en-US\"},{\"@type\":\"Organization\",\"@id\":\"https:\\\/\\\/cookking.online\\\/#organization\",\"name\":\"Cookking.online\",\"url\":\"https:\\\/\\\/cookking.online\\\/\",\"logo\":{\"@type\":\"ImageObject\",\"inLanguage\":\"en-US\",\"@id\":\"https:\\\/\\\/cookking.online\\\/#\\\/schema\\\/logo\\\/image\\\/\",\"url\":\"https:\\\/\\\/cookking.online\\\/wp-content\\\/uploads\\\/2021\\\/11\\\/Logo.png\",\"contentUrl\":\"https:\\\/\\\/cookking.online\\\/wp-content\\\/uploads\\\/2021\\\/11\\\/Logo.png\",\"width\":291,\"height\":100,\"caption\":\"Cookking.online\"},\"image\":{\"@id\":\"https:\\\/\\\/cookking.online\\\/#\\\/schema\\\/logo\\\/image\\\/\"}}]}<\/script>\n<!-- \/ Yoast SEO plugin. -->","yoast_head_json":{"title":"Kanetsugu SAIUN Santoku peilis 170 mm [KN-9003] - Cookking.online","description":"Kanetsugu SAIUN Santoku peilis 170 mm Vienas i\u0161 labiausiai charaktering\u0173 japoni\u0161k\u016f a\u0161men\u0173. Santoku yra Europoje naudojamo \u0161efkokio peilio atitikmuo, tai laba...","robots":{"index":"index","follow":"follow","max-snippet":"max-snippet:-1","max-image-preview":"max-image-preview:large","max-video-preview":"max-video-preview:-1"},"canonical":"https:\/\/cookking.online\/en\/katalogas\/peiliai\/kanetsugu-saiun-santoku-peilis-170-mm-kn-9003\/","og_locale":"en_US","og_type":"article","og_title":"Kanetsugu SAIUN Santoku peilis 170 mm [KN-9003] - Cookking.online","og_description":"Kanetsugu SAIUN Santoku peilis 170 mm Vienas i\u0161 labiausiai charaktering\u0173 japoni\u0161k\u016f a\u0161men\u0173. Santoku yra Europoje naudojamo \u0161efkokio peilio atitikmuo, tai laba...","og_url":"https:\/\/cookking.online\/en\/katalogas\/peiliai\/kanetsugu-saiun-santoku-peilis-170-mm-kn-9003\/","og_site_name":"Cookking.online","article_modified_time":"2026-03-10T10:10:34+00:00","og_image":[{"width":1600,"height":1600,"url":"https:\/\/cookking.online\/wp-content\/uploads\/2026\/03\/14242_1-1.jpg","type":"image\/jpeg"}],"twitter_card":"summary_large_image","twitter_misc":{"Est. reading time":"2 minutes"},"schema":{"@context":"https:\/\/schema.org","@graph":[{"@type":"WebPage","@id":"https:\/\/cookking.online\/katalogas\/peiliai\/kanetsugu-saiun-santoku-peilis-170-mm-kn-9003\/","url":"https:\/\/cookking.online\/katalogas\/peiliai\/kanetsugu-saiun-santoku-peilis-170-mm-kn-9003\/","name":"Kanetsugu SAIUN Santoku peilis 170 mm [KN-9003] - Cookking.online","isPartOf":{"@id":"https:\/\/cookking.online\/#website"},"primaryImageOfPage":{"@id":"https:\/\/cookking.online\/katalogas\/peiliai\/kanetsugu-saiun-santoku-peilis-170-mm-kn-9003\/#primaryimage"},"image":{"@id":"https:\/\/cookking.online\/katalogas\/peiliai\/kanetsugu-saiun-santoku-peilis-170-mm-kn-9003\/#primaryimage"},"thumbnailUrl":"https:\/\/cookking.online\/wp-content\/uploads\/2026\/03\/14242_1-1.jpg","datePublished":"2026-03-10T10:06:16+00:00","dateModified":"2026-03-10T10:10:34+00:00","description":"Kanetsugu SAIUN Santoku peilis 170 mm Vienas i\u0161 labiausiai charaktering\u0173 japoni\u0161k\u016f a\u0161men\u0173. Santoku yra Europoje naudojamo \u0161efkokio peilio atitikmuo, tai laba...","breadcrumb":{"@id":"https:\/\/cookking.online\/katalogas\/peiliai\/kanetsugu-saiun-santoku-peilis-170-mm-kn-9003\/#breadcrumb"},"inLanguage":"en-US","potentialAction":[{"@type":"ReadAction","target":["https:\/\/cookking.online\/katalogas\/peiliai\/kanetsugu-saiun-santoku-peilis-170-mm-kn-9003\/"]}]},{"@type":"ImageObject","inLanguage":"en-US","@id":"https:\/\/cookking.online\/katalogas\/peiliai\/kanetsugu-saiun-santoku-peilis-170-mm-kn-9003\/#primaryimage","url":"https:\/\/cookking.online\/wp-content\/uploads\/2026\/03\/14242_1-1.jpg","contentUrl":"https:\/\/cookking.online\/wp-content\/uploads\/2026\/03\/14242_1-1.jpg","width":1600,"height":1600},{"@type":"BreadcrumbList","@id":"https:\/\/cookking.online\/katalogas\/peiliai\/kanetsugu-saiun-santoku-peilis-170-mm-kn-9003\/#breadcrumb","itemListElement":[{"@type":"ListItem","position":1,"name":"Prad\u017eia","item":"https:\/\/cookking.online\/"},{"@type":"ListItem","position":2,"name":"Parduotuv\u0117","item":"https:\/\/cookking.online\/parduotuve\/"},{"@type":"ListItem","position":3,"name":"Kanetsugu SAIUN Santoku peilis 170 mm [KN-9003]"}]},{"@type":"WebSite","@id":"https:\/\/cookking.online\/#website","url":"https:\/\/cookking.online\/","name":"Cookking.online","description":"","publisher":{"@id":"https:\/\/cookking.online\/#organization"},"potentialAction":[{"@type":"SearchAction","target":{"@type":"EntryPoint","urlTemplate":"https:\/\/cookking.online\/?s={search_term_string}"},"query-input":{"@type":"PropertyValueSpecification","valueRequired":true,"valueName":"search_term_string"}}],"inLanguage":"en-US"},{"@type":"Organization","@id":"https:\/\/cookking.online\/#organization","name":"Cookking.online","url":"https:\/\/cookking.online\/","logo":{"@type":"ImageObject","inLanguage":"en-US","@id":"https:\/\/cookking.online\/#\/schema\/logo\/image\/","url":"https:\/\/cookking.online\/wp-content\/uploads\/2021\/11\/Logo.png","contentUrl":"https:\/\/cookking.online\/wp-content\/uploads\/2021\/11\/Logo.png","width":291,"height":100,"caption":"Cookking.online"},"image":{"@id":"https:\/\/cookking.online\/#\/schema\/logo\/image\/"}}]}},"_links":{"self":[{"href":"https:\/\/cookking.online\/en\/wp-json\/wp\/v2\/product\/33738","targetHints":{"allow":["GET"]}}],"collection":[{"href":"https:\/\/cookking.online\/en\/wp-json\/wp\/v2\/product"}],"about":[{"href":"https:\/\/cookking.online\/en\/wp-json\/wp\/v2\/types\/product"}],"wp:featuredmedia":[{"embeddable":true,"href":"https:\/\/cookking.online\/en\/wp-json\/wp\/v2\/media\/33719"}],"wp:attachment":[{"href":"https:\/\/cookking.online\/en\/wp-json\/wp\/v2\/media?parent=33738"}],"wp:term":[{"taxonomy":"product_brand","embeddable":true,"href":"https:\/\/cookking.online\/en\/wp-json\/wp\/v2\/product_brand?post=33738"},{"taxonomy":"product_cat","embeddable":true,"href":"https:\/\/cookking.online\/en\/wp-json\/wp\/v2\/product_cat?post=33738"},{"taxonomy":"product_tag","embeddable":true,"href":"https:\/\/cookking.online\/en\/wp-json\/wp\/v2\/product_tag?post=33738"}],"curies":[{"name":"wp","href":"https:\/\/api.w.org\/{rel}","templated":true}]}}