{"id":33763,"date":"2026-03-10T13:06:16","date_gmt":"2026-03-10T10:06:16","guid":{"rendered":"https:\/\/cookking.online\/?post_type=product&#038;p=33763"},"modified":"2026-03-10T13:10:25","modified_gmt":"2026-03-10T10:10:25","slug":"kanetsugu-saiun-utility-peilis-150-mm-kn-9002","status":"publish","type":"product","link":"https:\/\/cookking.online\/en\/katalogas\/peiliai\/kanetsugu-saiun-utility-peilis-150-mm-kn-9002\/","title":{"rendered":"Kanetsugu SAIUN Utility peilis 150 mm [KN-9002]"},"content":{"rendered":"<\/p>\n<h1><span style=\"color: #ff0000\">Kanetsugu SAIUN Utility peilis 150 mm<\/span><\/h1>\n<\/p>\n<p align=\"justify\">Utility tipo peilis yra b\u016btinas kiekvieno kulinarijos m\u0117g\u0117jo kolekcijai papildyti. Jis primena vir\u0117jo peil\u012f i\u0161vaizda. Jo ilgis nevir\u0161ija 150 mm, o naudojimo sritys yra labai universalios. Siaura a\u0161men\u0173 konstrukcija leid\u017eia lengvai manipuliuoti peiliu pjaunant, lupant ar smulkinant ma\u017eo dyd\u017eio produktus. Utility peilis puikiai tinka tiek m\u0117sai, tiek \u017euvims ar dar\u017eov\u0117ms. Da\u017enai vietoj didelio vir\u0117jo peilio pasirenkame Utility tipo peil\u012f, kad greitai supjaustyti pomidor\u0105, kiau\u0161in\u012f ar s\u016brio gabal\u0117l\u012f. D\u0117l savo matmen\u0173 juo nepjausime kop\u016bst\u0173 ar nesukaposime moli\u016bgo, bet puikiai susidoros su kitais produktais, kuriuos paprastai pasiruo\u0161iame, pavyzd\u017eiui, sumu\u0161tiniams. Utility, greta vir\u0117jo peilio, yra da\u017eniausiai pasirenkamas peilis.<\/p>\n<p style=\"text-align: justify\">\n<h2 style=\"text-align: justify\">Pagrindin\u0117s savyb\u0117s.<\/h2>\n<p align=\"justify\">Kanetsugu SAIUN peili\u0173 serija pasi\u017eymi subalansuota, bet ak\u012f traukian\u010dia dizaino estetika. Damastiniai a\u0161menys, sudaryti i\u0161 32 suporintos plienin\u0117s konstrukcijos su VG-10 lydinio branduoliu, yra tai, k\u0105 m\u0117gsta japonini\u0173 peili\u0173 entuziastai. Be to, a\u0161menys u\u017egr\u016bdinti iki 61 HRC pagal ypating\u0105 &#8222;sub-zero treatment&#8221; apdorojimo proces\u0105, kuriuo a\u0161menys labai greitai atv\u0117sinami iki -70 laipsni\u0173 Celsijaus terminio apdorojimo metu. D\u0117l to SAIUN serijos a\u0161menys turi didesn\u012f pjovimo agresyvum\u0105 ir ilgiau i\u0161laiko a\u0161trum\u0105.<\/p>\n<p align=\"justify\">\n<p align=\"justify\">Retas peili\u0173 apdailos b\u016bdas, pritaikytas SAIUN serijos peili\u0173, yra Hamaguri, vadinamasis &#8222;kriaukl\u0117s kra\u0161tas&#8221;. Tai a\u0161mens profilio i\u0161kilumas, suteikiantis jam kriaukl\u0117s form\u0105. \u0160is sud\u0117tingas apdorojimas taikomas, be kita ko, samuraji\u0161kiems kalavijams ir skirtas sustiprinti virtuvinio peilio a\u0161men\u012f bei suma\u017einti jo trapum\u0105, pritaikyti prie japon\u0173 pjaustymo technik\u0173, suma\u017einti prilipusi\u0173 produkt\u0173 prie a\u0161men\u0173.<\/p>\n<p align=\"justify\">\n<p align=\"justify\">Nuostabi juodos micartos rankena puo\u0161ta dviem knied\u0117mis ir ry\u0161kiu raudonu \u017eiedu. Pagaminta pagal vakarieti\u0161k\u0105 stilistik\u0105, rankiai poliruota, u\u017etikrina puiki\u0105 ir ergonomi\u0161k\u0105 suimamum\u0105, garantuojant\u012f puiki\u0105 a\u0161mens kontrol\u0119 pjaunant. Be to, micarta yra antibakterinis, dr\u0117gmei atsparus ir lengvai valomas materiolas. O apvadinis metalinis \u017eiedas neleid\u017eia pjautiniams produktams prilipti ir palengvina peili\u0173 plovim\u0105.<\/p>\n<p style=\"text-align: justify\">\n<h2 style=\"text-align: justify\">Techniniai duomenys:<\/h2>\n<p style=\"text-align: justify\"><strong>Plieno tipas:<\/strong><span> VG-10<\/span><br \/><strong>Rankenos med\u017eiaga:<\/strong><span> micarta<\/span><br \/><strong>Kietumas:<\/strong><span> +\/- 61 HRC <\/span><br \/><strong>Bendras ilgis:<\/strong><span> 260 mm<\/span><br \/><strong>A\u0161men\u0173 ilgis:<\/strong><span> 150 mm<\/span><br \/><strong>A\u0161men\u0173 plotis:<\/strong><span>  30 mm<\/span><br \/><strong>A\u0161men\u0173 storis:<\/strong><span> apie 1.7 mm<\/span><br \/><strong>Galandimo metodas:<\/strong><span> dvi\u0161akis simetrinis \u0161lifavimas<\/span><br \/><strong>Svoris:<\/strong><span> apie 100 g<\/span><\/p>","protected":false},"excerpt":{"rendered":"<p>Kanetsugu SAIUN Utility peilis 150 mm Utility tipo peilis yra b\u016btinas kiekvieno kulinarijos m\u0117g\u0117jo kolekcijai papildyti. Jis primena vir\u0117jo peil\u012f i\u0161vaizda. Jo ilgis nevir\u0161ija 150 mm, o naudojimo sritys yra&#8230;<\/p>","protected":false},"featured_media":33741,"template":"","meta":[],"product_brand":[],"product_cat":[119],"product_tag":[],"class_list":{"0":"post-33763","1":"product","2":"type-product","3":"status-publish","4":"has-post-thumbnail","6":"product_cat-peiliai","8":"first","9":"instock","10":"taxable","11":"shipping-taxable","12":"purchasable","13":"product-type-simple"},"yoast_head":"<!-- This site is optimized with the Yoast SEO plugin v27.5 - https:\/\/yoast.com\/product\/yoast-seo-wordpress\/ -->\n<title>Kanetsugu SAIUN Utility peilis 150 mm [KN-9002] - Cookking.online<\/title>\n<meta name=\"description\" content=\"Kanetsugu SAIUN Utility peilis 150 mm Utility tipo peilis yra b\u016btinas kiekvieno kulinarijos m\u0117g\u0117jo kolekcijai papildyti. Jis primena vir\u0117jo peil\u012f i\u0161vaizda. J...\" \/>\n<meta name=\"robots\" content=\"index, follow, max-snippet:-1, max-image-preview:large, max-video-preview:-1\" \/>\n<link rel=\"canonical\" href=\"https:\/\/cookking.online\/en\/katalogas\/peiliai\/kanetsugu-saiun-utility-peilis-150-mm-kn-9002\/\" \/>\n<meta property=\"og:locale\" content=\"en_US\" \/>\n<meta property=\"og:type\" content=\"article\" \/>\n<meta property=\"og:title\" content=\"Kanetsugu SAIUN Utility peilis 150 mm [KN-9002] - Cookking.online\" \/>\n<meta property=\"og:description\" content=\"Kanetsugu SAIUN Utility peilis 150 mm Utility tipo peilis yra b\u016btinas kiekvieno kulinarijos m\u0117g\u0117jo kolekcijai papildyti. Jis primena vir\u0117jo peil\u012f i\u0161vaizda. J...\" \/>\n<meta property=\"og:url\" content=\"https:\/\/cookking.online\/en\/katalogas\/peiliai\/kanetsugu-saiun-utility-peilis-150-mm-kn-9002\/\" \/>\n<meta property=\"og:site_name\" content=\"Cookking.online\" \/>\n<meta property=\"article:modified_time\" content=\"2026-03-10T10:10:25+00:00\" \/>\n<meta property=\"og:image\" content=\"https:\/\/cookking.online\/wp-content\/uploads\/2026\/03\/14241_9-1.jpg\" \/>\n\t<meta property=\"og:image:width\" content=\"1600\" \/>\n\t<meta property=\"og:image:height\" content=\"1600\" \/>\n\t<meta property=\"og:image:type\" content=\"image\/jpeg\" \/>\n<meta name=\"twitter:card\" content=\"summary_large_image\" \/>\n<meta name=\"twitter:label1\" content=\"Est. reading time\" \/>\n\t<meta name=\"twitter:data1\" content=\"2 minutes\" \/>\n<script type=\"application\/ld+json\" class=\"yoast-schema-graph\">{\"@context\":\"https:\\\/\\\/schema.org\",\"@graph\":[{\"@type\":\"WebPage\",\"@id\":\"https:\\\/\\\/cookking.online\\\/katalogas\\\/peiliai\\\/kanetsugu-saiun-utility-peilis-150-mm-kn-9002\\\/\",\"url\":\"https:\\\/\\\/cookking.online\\\/katalogas\\\/peiliai\\\/kanetsugu-saiun-utility-peilis-150-mm-kn-9002\\\/\",\"name\":\"Kanetsugu SAIUN Utility peilis 150 mm [KN-9002] - Cookking.online\",\"isPartOf\":{\"@id\":\"https:\\\/\\\/cookking.online\\\/#website\"},\"primaryImageOfPage\":{\"@id\":\"https:\\\/\\\/cookking.online\\\/katalogas\\\/peiliai\\\/kanetsugu-saiun-utility-peilis-150-mm-kn-9002\\\/#primaryimage\"},\"image\":{\"@id\":\"https:\\\/\\\/cookking.online\\\/katalogas\\\/peiliai\\\/kanetsugu-saiun-utility-peilis-150-mm-kn-9002\\\/#primaryimage\"},\"thumbnailUrl\":\"https:\\\/\\\/cookking.online\\\/wp-content\\\/uploads\\\/2026\\\/03\\\/14241_9-1.jpg\",\"datePublished\":\"2026-03-10T10:06:16+00:00\",\"dateModified\":\"2026-03-10T10:10:25+00:00\",\"description\":\"Kanetsugu SAIUN Utility peilis 150 mm Utility tipo peilis yra b\u016btinas kiekvieno kulinarijos m\u0117g\u0117jo kolekcijai papildyti. Jis primena vir\u0117jo peil\u012f i\u0161vaizda. J...\",\"breadcrumb\":{\"@id\":\"https:\\\/\\\/cookking.online\\\/katalogas\\\/peiliai\\\/kanetsugu-saiun-utility-peilis-150-mm-kn-9002\\\/#breadcrumb\"},\"inLanguage\":\"en-US\",\"potentialAction\":[{\"@type\":\"ReadAction\",\"target\":[\"https:\\\/\\\/cookking.online\\\/katalogas\\\/peiliai\\\/kanetsugu-saiun-utility-peilis-150-mm-kn-9002\\\/\"]}]},{\"@type\":\"ImageObject\",\"inLanguage\":\"en-US\",\"@id\":\"https:\\\/\\\/cookking.online\\\/katalogas\\\/peiliai\\\/kanetsugu-saiun-utility-peilis-150-mm-kn-9002\\\/#primaryimage\",\"url\":\"https:\\\/\\\/cookking.online\\\/wp-content\\\/uploads\\\/2026\\\/03\\\/14241_9-1.jpg\",\"contentUrl\":\"https:\\\/\\\/cookking.online\\\/wp-content\\\/uploads\\\/2026\\\/03\\\/14241_9-1.jpg\",\"width\":1600,\"height\":1600},{\"@type\":\"BreadcrumbList\",\"@id\":\"https:\\\/\\\/cookking.online\\\/katalogas\\\/peiliai\\\/kanetsugu-saiun-utility-peilis-150-mm-kn-9002\\\/#breadcrumb\",\"itemListElement\":[{\"@type\":\"ListItem\",\"position\":1,\"name\":\"Prad\u017eia\",\"item\":\"https:\\\/\\\/cookking.online\\\/\"},{\"@type\":\"ListItem\",\"position\":2,\"name\":\"Parduotuv\u0117\",\"item\":\"https:\\\/\\\/cookking.online\\\/parduotuve\\\/\"},{\"@type\":\"ListItem\",\"position\":3,\"name\":\"Kanetsugu SAIUN Utility peilis 150 mm [KN-9002]\"}]},{\"@type\":\"WebSite\",\"@id\":\"https:\\\/\\\/cookking.online\\\/#website\",\"url\":\"https:\\\/\\\/cookking.online\\\/\",\"name\":\"Cookking.online\",\"description\":\"\",\"publisher\":{\"@id\":\"https:\\\/\\\/cookking.online\\\/#organization\"},\"potentialAction\":[{\"@type\":\"SearchAction\",\"target\":{\"@type\":\"EntryPoint\",\"urlTemplate\":\"https:\\\/\\\/cookking.online\\\/?s={search_term_string}\"},\"query-input\":{\"@type\":\"PropertyValueSpecification\",\"valueRequired\":true,\"valueName\":\"search_term_string\"}}],\"inLanguage\":\"en-US\"},{\"@type\":\"Organization\",\"@id\":\"https:\\\/\\\/cookking.online\\\/#organization\",\"name\":\"Cookking.online\",\"url\":\"https:\\\/\\\/cookking.online\\\/\",\"logo\":{\"@type\":\"ImageObject\",\"inLanguage\":\"en-US\",\"@id\":\"https:\\\/\\\/cookking.online\\\/#\\\/schema\\\/logo\\\/image\\\/\",\"url\":\"https:\\\/\\\/cookking.online\\\/wp-content\\\/uploads\\\/2021\\\/11\\\/Logo.png\",\"contentUrl\":\"https:\\\/\\\/cookking.online\\\/wp-content\\\/uploads\\\/2021\\\/11\\\/Logo.png\",\"width\":291,\"height\":100,\"caption\":\"Cookking.online\"},\"image\":{\"@id\":\"https:\\\/\\\/cookking.online\\\/#\\\/schema\\\/logo\\\/image\\\/\"}}]}<\/script>\n<!-- \/ Yoast SEO plugin. -->","yoast_head_json":{"title":"Kanetsugu SAIUN Utility peilis 150 mm [KN-9002] - Cookking.online","description":"Kanetsugu SAIUN Utility peilis 150 mm Utility tipo peilis yra b\u016btinas kiekvieno kulinarijos m\u0117g\u0117jo kolekcijai papildyti. Jis primena vir\u0117jo peil\u012f i\u0161vaizda. J...","robots":{"index":"index","follow":"follow","max-snippet":"max-snippet:-1","max-image-preview":"max-image-preview:large","max-video-preview":"max-video-preview:-1"},"canonical":"https:\/\/cookking.online\/en\/katalogas\/peiliai\/kanetsugu-saiun-utility-peilis-150-mm-kn-9002\/","og_locale":"en_US","og_type":"article","og_title":"Kanetsugu SAIUN Utility peilis 150 mm [KN-9002] - Cookking.online","og_description":"Kanetsugu SAIUN Utility peilis 150 mm Utility tipo peilis yra b\u016btinas kiekvieno kulinarijos m\u0117g\u0117jo kolekcijai papildyti. Jis primena vir\u0117jo peil\u012f i\u0161vaizda. J...","og_url":"https:\/\/cookking.online\/en\/katalogas\/peiliai\/kanetsugu-saiun-utility-peilis-150-mm-kn-9002\/","og_site_name":"Cookking.online","article_modified_time":"2026-03-10T10:10:25+00:00","og_image":[{"width":1600,"height":1600,"url":"https:\/\/cookking.online\/wp-content\/uploads\/2026\/03\/14241_9-1.jpg","type":"image\/jpeg"}],"twitter_card":"summary_large_image","twitter_misc":{"Est. reading time":"2 minutes"},"schema":{"@context":"https:\/\/schema.org","@graph":[{"@type":"WebPage","@id":"https:\/\/cookking.online\/katalogas\/peiliai\/kanetsugu-saiun-utility-peilis-150-mm-kn-9002\/","url":"https:\/\/cookking.online\/katalogas\/peiliai\/kanetsugu-saiun-utility-peilis-150-mm-kn-9002\/","name":"Kanetsugu SAIUN Utility peilis 150 mm [KN-9002] - Cookking.online","isPartOf":{"@id":"https:\/\/cookking.online\/#website"},"primaryImageOfPage":{"@id":"https:\/\/cookking.online\/katalogas\/peiliai\/kanetsugu-saiun-utility-peilis-150-mm-kn-9002\/#primaryimage"},"image":{"@id":"https:\/\/cookking.online\/katalogas\/peiliai\/kanetsugu-saiun-utility-peilis-150-mm-kn-9002\/#primaryimage"},"thumbnailUrl":"https:\/\/cookking.online\/wp-content\/uploads\/2026\/03\/14241_9-1.jpg","datePublished":"2026-03-10T10:06:16+00:00","dateModified":"2026-03-10T10:10:25+00:00","description":"Kanetsugu SAIUN Utility peilis 150 mm Utility tipo peilis yra b\u016btinas kiekvieno kulinarijos m\u0117g\u0117jo kolekcijai papildyti. Jis primena vir\u0117jo peil\u012f i\u0161vaizda. J...","breadcrumb":{"@id":"https:\/\/cookking.online\/katalogas\/peiliai\/kanetsugu-saiun-utility-peilis-150-mm-kn-9002\/#breadcrumb"},"inLanguage":"en-US","potentialAction":[{"@type":"ReadAction","target":["https:\/\/cookking.online\/katalogas\/peiliai\/kanetsugu-saiun-utility-peilis-150-mm-kn-9002\/"]}]},{"@type":"ImageObject","inLanguage":"en-US","@id":"https:\/\/cookking.online\/katalogas\/peiliai\/kanetsugu-saiun-utility-peilis-150-mm-kn-9002\/#primaryimage","url":"https:\/\/cookking.online\/wp-content\/uploads\/2026\/03\/14241_9-1.jpg","contentUrl":"https:\/\/cookking.online\/wp-content\/uploads\/2026\/03\/14241_9-1.jpg","width":1600,"height":1600},{"@type":"BreadcrumbList","@id":"https:\/\/cookking.online\/katalogas\/peiliai\/kanetsugu-saiun-utility-peilis-150-mm-kn-9002\/#breadcrumb","itemListElement":[{"@type":"ListItem","position":1,"name":"Prad\u017eia","item":"https:\/\/cookking.online\/"},{"@type":"ListItem","position":2,"name":"Parduotuv\u0117","item":"https:\/\/cookking.online\/parduotuve\/"},{"@type":"ListItem","position":3,"name":"Kanetsugu SAIUN Utility peilis 150 mm [KN-9002]"}]},{"@type":"WebSite","@id":"https:\/\/cookking.online\/#website","url":"https:\/\/cookking.online\/","name":"Cookking.online","description":"","publisher":{"@id":"https:\/\/cookking.online\/#organization"},"potentialAction":[{"@type":"SearchAction","target":{"@type":"EntryPoint","urlTemplate":"https:\/\/cookking.online\/?s={search_term_string}"},"query-input":{"@type":"PropertyValueSpecification","valueRequired":true,"valueName":"search_term_string"}}],"inLanguage":"en-US"},{"@type":"Organization","@id":"https:\/\/cookking.online\/#organization","name":"Cookking.online","url":"https:\/\/cookking.online\/","logo":{"@type":"ImageObject","inLanguage":"en-US","@id":"https:\/\/cookking.online\/#\/schema\/logo\/image\/","url":"https:\/\/cookking.online\/wp-content\/uploads\/2021\/11\/Logo.png","contentUrl":"https:\/\/cookking.online\/wp-content\/uploads\/2021\/11\/Logo.png","width":291,"height":100,"caption":"Cookking.online"},"image":{"@id":"https:\/\/cookking.online\/#\/schema\/logo\/image\/"}}]}},"_links":{"self":[{"href":"https:\/\/cookking.online\/en\/wp-json\/wp\/v2\/product\/33763","targetHints":{"allow":["GET"]}}],"collection":[{"href":"https:\/\/cookking.online\/en\/wp-json\/wp\/v2\/product"}],"about":[{"href":"https:\/\/cookking.online\/en\/wp-json\/wp\/v2\/types\/product"}],"wp:featuredmedia":[{"embeddable":true,"href":"https:\/\/cookking.online\/en\/wp-json\/wp\/v2\/media\/33741"}],"wp:attachment":[{"href":"https:\/\/cookking.online\/en\/wp-json\/wp\/v2\/media?parent=33763"}],"wp:term":[{"taxonomy":"product_brand","embeddable":true,"href":"https:\/\/cookking.online\/en\/wp-json\/wp\/v2\/product_brand?post=33763"},{"taxonomy":"product_cat","embeddable":true,"href":"https:\/\/cookking.online\/en\/wp-json\/wp\/v2\/product_cat?post=33763"},{"taxonomy":"product_tag","embeddable":true,"href":"https:\/\/cookking.online\/en\/wp-json\/wp\/v2\/product_tag?post=33763"}],"curies":[{"name":"wp","href":"https:\/\/api.w.org\/{rel}","templated":true}]}}