{"id":33786,"date":"2026-03-10T13:06:17","date_gmt":"2026-03-10T10:06:17","guid":{"rendered":"https:\/\/cookking.online\/?post_type=product&#038;p=33786"},"modified":"2026-03-10T13:11:03","modified_gmt":"2026-03-10T10:11:03","slug":"kanetsugu-saiun-daugiafunkcis-peilis-120-mm-kn-9001","status":"publish","type":"product","link":"https:\/\/cookking.online\/en\/katalogas\/peiliai\/kanetsugu-saiun-daugiafunkcis-peilis-120-mm-kn-9001\/","title":{"rendered":"Kanetsugu SAIUN daugiafunkcis peilis 120 mm [KN-9001]"},"content":{"rendered":"<h1><span style=\"color: #ff0000\">Kanetsugu SAIUN Utility 120 mm peilis<\/span><\/h1>\n<\/p>\n<p align=\"justify\">Utility tipo peilis yra papildantis \u012frankis kiekvieno kulinarijos m\u0117g\u0117jo kolekcijoje. Savo i\u0161vaizda jis primena vir\u0117jo peil\u012f. Jo ilgis nevir\u0161ija 150 mm, o pritaikymas yra labai universalus. Siauros gele\u017et\u0117s leid\u017eia laisvai manevruoti peiliu atkerpant, lupant ar pjaunant nedidelio dyd\u017eio produktus. Utility peilis puikiai susitvarko tiek su m\u0117sa, tiek su \u017euvimis ar dar\u017eov\u0117mis. Da\u017enai vietoje to, kad si\u0119gtume po didel\u012f vir\u0117jo peil\u012f, imame b\u016btent Utility tipo a\u0161men\u012f, kad patogiai supjaustyti pomidor\u0105, kiau\u0161in\u012f ar s\u016brio gabal\u0117l\u012f. D\u0117l savo matmen\u0173 juo nesukapositume kop\u016bsto ar neperpl\u0117\u0161ime moli\u016bgo, bet puikiai tvarkysim\u0117s su kitais produktais, kuriuos paprastai renkat\u0117s, kad pasiruo\u0161tum\u0117te, pavyzd\u017eiui, sumu\u0161tin\u012f. Utility peilis kartu su vir\u0117jo peiliu yra da\u017eniausiai pasirenkamas a\u0161muo.<\/p>\n<p style=\"text-align: justify\">\n<h2 style=\"text-align: justify\">Charakteristin\u0117s savyb\u0117s.<\/h2>\n<p align=\"justify\">Kanetsugu peili\u0173 serija SAIUN pasi\u017eymi subalansuotu, bet ak\u012f traukian\u010diu dizainu. Damastinio ra\u0161to gele\u017et\u0117, sudaryta i\u0161 32 plienini\u0173 sluoksni\u0173, kalama ant VG-10 lydinio \u0161erdies, yra ka\u017ekas, k\u0105 m\u0117gsta japonini\u0173 peili\u0173 entuziastai. Be to, a\u0161muo u\u017egr\u016bdintas iki 61 HRC pagal special\u0173 \u201esub-zero-treatment&#8221; b\u016bd\u0105, rei\u0161kiant\u012f labai greit\u0105 gele\u017et\u0117s atv\u0117sinim\u0105 iki -70 laipsni\u0173 Celsijaus temperat\u016bros terminio apdorojimo metu. D\u0117l to SAIUN serijos a\u0161menys turi didesn\u012f pjovimo agresyvum\u0105 ir ilgiau i\u0161laiko a\u0161trum\u0105.<\/p>\n<p align=\"justify\">\n<p align=\"justify\">Retas peili\u0173 apdailos metodas, panaudotas SAIUN serijoje, yra Hamaguri, arba vadinamasis \u201ekriaukl\u0117s kra\u0161tas&#8221;. Tai yra gele\u017et\u0117s profilio i\u0161kilimas, suteikiantis jai j\u016brini\u0173 kriaukli\u0173 form\u0105. \u0160is sud\u0117tingas apdorojimas taikomas, be kita ko, samuraji\u0161kiems kalavijams ir yra skirtas virtuv\u0117s peili\u0173 a\u0161men\u0173 sustiprinimui, j\u0173 trapumo suma\u017einimui, prisitaikymui prie japon\u0173 pjovimo technik\u0173, pjaunamo produkto prilipimo prie gele\u017et\u0117s suma\u017einimui.<\/p>\n<p align=\"justify\">\n<p align=\"justify\">Nuostabi juodos micarta rankena buvo papuo\u0161ta dviem vinimis ir \u012fsp\u016bdingu raudonu \u017eiedu. Pagaminta vakarieti\u0161kuosiuose stilistikoje, rankiniu b\u016bdu poliruota, turi puiki\u0105 ir ergonomi\u0161k\u0105 su\u0117mim\u0105, u\u017etikrinant\u012f puiki\u0105 a\u0161men\u0173 kontrol\u0119 pjaunant. Be to, micarta yra antibakterinis, dr\u0117gmei atsparus ir lengvai pri\u017ei\u016brimas med\u017eiaga. O metalinis \u017eiedas u\u017ebaigia dizain\u0105 ir padeda apsaugoti nuo pjaunam\u0173 produkt\u0173 prilipimo bei palengvina peili\u0173 plovim\u0105.<\/p>\n<p style=\"text-align: justify\">\n<h2 style=\"text-align: justify\">Techniniai duomenys:<\/h2>\n<p style=\"text-align: justify\"><strong>Plieno tipas:<\/strong><span> VG-10<\/span><br \/><strong>Rankenos med\u017eiaga:<\/strong><span> micarta<\/span><br \/><strong>Kietumas:<\/strong><span> +\/- 61 HRC <\/span><br \/><strong>Bendras ilgis:<\/strong><span> 230 mm<\/span><br \/><strong>A\u0161men\u0173 ilgis:<\/strong><span> 120 mm<\/span><br \/><strong>A\u0161men\u0173 plotis:<\/strong><span>  24 mm<\/span><br \/><strong>A\u0161men\u0173 storis:<\/strong><span> apie 1.7 mm<\/span><br \/><strong>Galandimo b\u016bdas:<\/strong><span> abipusis simetrinis \u0161lifavimas<\/span><br \/><strong>Svoris:<\/strong><span> apie 85 g<\/span><\/p>","protected":false},"excerpt":{"rendered":"<p>Kanetsugu SAIUN Utility 120 mm peilis Utility tipo peilis yra papildantis \u012frankis kiekvieno kulinarijos m\u0117g\u0117jo kolekcijoje. Savo i\u0161vaizda jis primena vir\u0117jo peil\u012f. Jo ilgis nevir\u0161ija 150 mm, o pritaikymas yra&#8230;<\/p>","protected":false},"featured_media":33769,"template":"","meta":[],"product_brand":[],"product_cat":[119],"product_tag":[],"class_list":{"0":"post-33786","1":"product","2":"type-product","3":"status-publish","4":"has-post-thumbnail","6":"product_cat-peiliai","8":"first","9":"instock","10":"taxable","11":"shipping-taxable","12":"purchasable","13":"product-type-simple"},"yoast_head":"<!-- This site is optimized with the Yoast SEO plugin v27.5 - https:\/\/yoast.com\/product\/yoast-seo-wordpress\/ -->\n<title>Kanetsugu SAIUN daugiafunkcis peilis 120 mm [KN-9001] - Cookking.online<\/title>\n<meta name=\"description\" content=\"Kanetsugu SAIUN Utility 120 mm peilis Utility tipo peilis yra papildantis \u012frankis kiekvieno kulinarijos m\u0117g\u0117jo kolekcijoje. Savo i\u0161vaizda jis primena vir\u0117jo ...\" \/>\n<meta name=\"robots\" content=\"index, follow, max-snippet:-1, max-image-preview:large, max-video-preview:-1\" \/>\n<link rel=\"canonical\" href=\"https:\/\/cookking.online\/en\/katalogas\/peiliai\/kanetsugu-saiun-daugiafunkcis-peilis-120-mm-kn-9001\/\" \/>\n<meta property=\"og:locale\" content=\"en_US\" \/>\n<meta property=\"og:type\" content=\"article\" \/>\n<meta property=\"og:title\" content=\"Kanetsugu SAIUN daugiafunkcis peilis 120 mm [KN-9001] - Cookking.online\" \/>\n<meta property=\"og:description\" content=\"Kanetsugu SAIUN Utility 120 mm peilis Utility tipo peilis yra papildantis \u012frankis kiekvieno kulinarijos m\u0117g\u0117jo kolekcijoje. Savo i\u0161vaizda jis primena vir\u0117jo ...\" \/>\n<meta property=\"og:url\" content=\"https:\/\/cookking.online\/en\/katalogas\/peiliai\/kanetsugu-saiun-daugiafunkcis-peilis-120-mm-kn-9001\/\" \/>\n<meta property=\"og:site_name\" content=\"Cookking.online\" \/>\n<meta property=\"article:modified_time\" content=\"2026-03-10T10:11:03+00:00\" \/>\n<meta property=\"og:image\" content=\"https:\/\/cookking.online\/wp-content\/uploads\/2026\/03\/14240_1-1.jpg\" \/>\n\t<meta property=\"og:image:width\" content=\"1600\" \/>\n\t<meta property=\"og:image:height\" content=\"1600\" \/>\n\t<meta property=\"og:image:type\" content=\"image\/jpeg\" \/>\n<meta name=\"twitter:card\" content=\"summary_large_image\" \/>\n<meta name=\"twitter:label1\" content=\"Est. reading time\" \/>\n\t<meta name=\"twitter:data1\" content=\"2 minutes\" \/>\n<script type=\"application\/ld+json\" class=\"yoast-schema-graph\">{\"@context\":\"https:\\\/\\\/schema.org\",\"@graph\":[{\"@type\":\"WebPage\",\"@id\":\"https:\\\/\\\/cookking.online\\\/katalogas\\\/peiliai\\\/kanetsugu-saiun-daugiafunkcis-peilis-120-mm-kn-9001\\\/\",\"url\":\"https:\\\/\\\/cookking.online\\\/katalogas\\\/peiliai\\\/kanetsugu-saiun-daugiafunkcis-peilis-120-mm-kn-9001\\\/\",\"name\":\"Kanetsugu SAIUN daugiafunkcis peilis 120 mm [KN-9001] - Cookking.online\",\"isPartOf\":{\"@id\":\"https:\\\/\\\/cookking.online\\\/#website\"},\"primaryImageOfPage\":{\"@id\":\"https:\\\/\\\/cookking.online\\\/katalogas\\\/peiliai\\\/kanetsugu-saiun-daugiafunkcis-peilis-120-mm-kn-9001\\\/#primaryimage\"},\"image\":{\"@id\":\"https:\\\/\\\/cookking.online\\\/katalogas\\\/peiliai\\\/kanetsugu-saiun-daugiafunkcis-peilis-120-mm-kn-9001\\\/#primaryimage\"},\"thumbnailUrl\":\"https:\\\/\\\/cookking.online\\\/wp-content\\\/uploads\\\/2026\\\/03\\\/14240_1-1.jpg\",\"datePublished\":\"2026-03-10T10:06:17+00:00\",\"dateModified\":\"2026-03-10T10:11:03+00:00\",\"description\":\"Kanetsugu SAIUN Utility 120 mm peilis Utility tipo peilis yra papildantis \u012frankis kiekvieno kulinarijos m\u0117g\u0117jo kolekcijoje. Savo i\u0161vaizda jis primena vir\u0117jo ...\",\"breadcrumb\":{\"@id\":\"https:\\\/\\\/cookking.online\\\/katalogas\\\/peiliai\\\/kanetsugu-saiun-daugiafunkcis-peilis-120-mm-kn-9001\\\/#breadcrumb\"},\"inLanguage\":\"en-US\",\"potentialAction\":[{\"@type\":\"ReadAction\",\"target\":[\"https:\\\/\\\/cookking.online\\\/katalogas\\\/peiliai\\\/kanetsugu-saiun-daugiafunkcis-peilis-120-mm-kn-9001\\\/\"]}]},{\"@type\":\"ImageObject\",\"inLanguage\":\"en-US\",\"@id\":\"https:\\\/\\\/cookking.online\\\/katalogas\\\/peiliai\\\/kanetsugu-saiun-daugiafunkcis-peilis-120-mm-kn-9001\\\/#primaryimage\",\"url\":\"https:\\\/\\\/cookking.online\\\/wp-content\\\/uploads\\\/2026\\\/03\\\/14240_1-1.jpg\",\"contentUrl\":\"https:\\\/\\\/cookking.online\\\/wp-content\\\/uploads\\\/2026\\\/03\\\/14240_1-1.jpg\",\"width\":1600,\"height\":1600},{\"@type\":\"BreadcrumbList\",\"@id\":\"https:\\\/\\\/cookking.online\\\/katalogas\\\/peiliai\\\/kanetsugu-saiun-daugiafunkcis-peilis-120-mm-kn-9001\\\/#breadcrumb\",\"itemListElement\":[{\"@type\":\"ListItem\",\"position\":1,\"name\":\"Prad\u017eia\",\"item\":\"https:\\\/\\\/cookking.online\\\/\"},{\"@type\":\"ListItem\",\"position\":2,\"name\":\"Parduotuv\u0117\",\"item\":\"https:\\\/\\\/cookking.online\\\/parduotuve\\\/\"},{\"@type\":\"ListItem\",\"position\":3,\"name\":\"Kanetsugu SAIUN daugiafunkcis peilis 120 mm [KN-9001]\"}]},{\"@type\":\"WebSite\",\"@id\":\"https:\\\/\\\/cookking.online\\\/#website\",\"url\":\"https:\\\/\\\/cookking.online\\\/\",\"name\":\"Cookking.online\",\"description\":\"\",\"publisher\":{\"@id\":\"https:\\\/\\\/cookking.online\\\/#organization\"},\"potentialAction\":[{\"@type\":\"SearchAction\",\"target\":{\"@type\":\"EntryPoint\",\"urlTemplate\":\"https:\\\/\\\/cookking.online\\\/?s={search_term_string}\"},\"query-input\":{\"@type\":\"PropertyValueSpecification\",\"valueRequired\":true,\"valueName\":\"search_term_string\"}}],\"inLanguage\":\"en-US\"},{\"@type\":\"Organization\",\"@id\":\"https:\\\/\\\/cookking.online\\\/#organization\",\"name\":\"Cookking.online\",\"url\":\"https:\\\/\\\/cookking.online\\\/\",\"logo\":{\"@type\":\"ImageObject\",\"inLanguage\":\"en-US\",\"@id\":\"https:\\\/\\\/cookking.online\\\/#\\\/schema\\\/logo\\\/image\\\/\",\"url\":\"https:\\\/\\\/cookking.online\\\/wp-content\\\/uploads\\\/2021\\\/11\\\/Logo.png\",\"contentUrl\":\"https:\\\/\\\/cookking.online\\\/wp-content\\\/uploads\\\/2021\\\/11\\\/Logo.png\",\"width\":291,\"height\":100,\"caption\":\"Cookking.online\"},\"image\":{\"@id\":\"https:\\\/\\\/cookking.online\\\/#\\\/schema\\\/logo\\\/image\\\/\"}}]}<\/script>\n<!-- \/ Yoast SEO plugin. -->","yoast_head_json":{"title":"Kanetsugu SAIUN daugiafunkcis peilis 120 mm [KN-9001] - Cookking.online","description":"Kanetsugu SAIUN Utility 120 mm peilis Utility tipo peilis yra papildantis \u012frankis kiekvieno kulinarijos m\u0117g\u0117jo kolekcijoje. Savo i\u0161vaizda jis primena vir\u0117jo ...","robots":{"index":"index","follow":"follow","max-snippet":"max-snippet:-1","max-image-preview":"max-image-preview:large","max-video-preview":"max-video-preview:-1"},"canonical":"https:\/\/cookking.online\/en\/katalogas\/peiliai\/kanetsugu-saiun-daugiafunkcis-peilis-120-mm-kn-9001\/","og_locale":"en_US","og_type":"article","og_title":"Kanetsugu SAIUN daugiafunkcis peilis 120 mm [KN-9001] - Cookking.online","og_description":"Kanetsugu SAIUN Utility 120 mm peilis Utility tipo peilis yra papildantis \u012frankis kiekvieno kulinarijos m\u0117g\u0117jo kolekcijoje. Savo i\u0161vaizda jis primena vir\u0117jo ...","og_url":"https:\/\/cookking.online\/en\/katalogas\/peiliai\/kanetsugu-saiun-daugiafunkcis-peilis-120-mm-kn-9001\/","og_site_name":"Cookking.online","article_modified_time":"2026-03-10T10:11:03+00:00","og_image":[{"width":1600,"height":1600,"url":"https:\/\/cookking.online\/wp-content\/uploads\/2026\/03\/14240_1-1.jpg","type":"image\/jpeg"}],"twitter_card":"summary_large_image","twitter_misc":{"Est. reading time":"2 minutes"},"schema":{"@context":"https:\/\/schema.org","@graph":[{"@type":"WebPage","@id":"https:\/\/cookking.online\/katalogas\/peiliai\/kanetsugu-saiun-daugiafunkcis-peilis-120-mm-kn-9001\/","url":"https:\/\/cookking.online\/katalogas\/peiliai\/kanetsugu-saiun-daugiafunkcis-peilis-120-mm-kn-9001\/","name":"Kanetsugu SAIUN daugiafunkcis peilis 120 mm [KN-9001] - Cookking.online","isPartOf":{"@id":"https:\/\/cookking.online\/#website"},"primaryImageOfPage":{"@id":"https:\/\/cookking.online\/katalogas\/peiliai\/kanetsugu-saiun-daugiafunkcis-peilis-120-mm-kn-9001\/#primaryimage"},"image":{"@id":"https:\/\/cookking.online\/katalogas\/peiliai\/kanetsugu-saiun-daugiafunkcis-peilis-120-mm-kn-9001\/#primaryimage"},"thumbnailUrl":"https:\/\/cookking.online\/wp-content\/uploads\/2026\/03\/14240_1-1.jpg","datePublished":"2026-03-10T10:06:17+00:00","dateModified":"2026-03-10T10:11:03+00:00","description":"Kanetsugu SAIUN Utility 120 mm peilis Utility tipo peilis yra papildantis \u012frankis kiekvieno kulinarijos m\u0117g\u0117jo kolekcijoje. Savo i\u0161vaizda jis primena vir\u0117jo ...","breadcrumb":{"@id":"https:\/\/cookking.online\/katalogas\/peiliai\/kanetsugu-saiun-daugiafunkcis-peilis-120-mm-kn-9001\/#breadcrumb"},"inLanguage":"en-US","potentialAction":[{"@type":"ReadAction","target":["https:\/\/cookking.online\/katalogas\/peiliai\/kanetsugu-saiun-daugiafunkcis-peilis-120-mm-kn-9001\/"]}]},{"@type":"ImageObject","inLanguage":"en-US","@id":"https:\/\/cookking.online\/katalogas\/peiliai\/kanetsugu-saiun-daugiafunkcis-peilis-120-mm-kn-9001\/#primaryimage","url":"https:\/\/cookking.online\/wp-content\/uploads\/2026\/03\/14240_1-1.jpg","contentUrl":"https:\/\/cookking.online\/wp-content\/uploads\/2026\/03\/14240_1-1.jpg","width":1600,"height":1600},{"@type":"BreadcrumbList","@id":"https:\/\/cookking.online\/katalogas\/peiliai\/kanetsugu-saiun-daugiafunkcis-peilis-120-mm-kn-9001\/#breadcrumb","itemListElement":[{"@type":"ListItem","position":1,"name":"Prad\u017eia","item":"https:\/\/cookking.online\/"},{"@type":"ListItem","position":2,"name":"Parduotuv\u0117","item":"https:\/\/cookking.online\/parduotuve\/"},{"@type":"ListItem","position":3,"name":"Kanetsugu SAIUN daugiafunkcis peilis 120 mm [KN-9001]"}]},{"@type":"WebSite","@id":"https:\/\/cookking.online\/#website","url":"https:\/\/cookking.online\/","name":"Cookking.online","description":"","publisher":{"@id":"https:\/\/cookking.online\/#organization"},"potentialAction":[{"@type":"SearchAction","target":{"@type":"EntryPoint","urlTemplate":"https:\/\/cookking.online\/?s={search_term_string}"},"query-input":{"@type":"PropertyValueSpecification","valueRequired":true,"valueName":"search_term_string"}}],"inLanguage":"en-US"},{"@type":"Organization","@id":"https:\/\/cookking.online\/#organization","name":"Cookking.online","url":"https:\/\/cookking.online\/","logo":{"@type":"ImageObject","inLanguage":"en-US","@id":"https:\/\/cookking.online\/#\/schema\/logo\/image\/","url":"https:\/\/cookking.online\/wp-content\/uploads\/2021\/11\/Logo.png","contentUrl":"https:\/\/cookking.online\/wp-content\/uploads\/2021\/11\/Logo.png","width":291,"height":100,"caption":"Cookking.online"},"image":{"@id":"https:\/\/cookking.online\/#\/schema\/logo\/image\/"}}]}},"_links":{"self":[{"href":"https:\/\/cookking.online\/en\/wp-json\/wp\/v2\/product\/33786","targetHints":{"allow":["GET"]}}],"collection":[{"href":"https:\/\/cookking.online\/en\/wp-json\/wp\/v2\/product"}],"about":[{"href":"https:\/\/cookking.online\/en\/wp-json\/wp\/v2\/types\/product"}],"wp:featuredmedia":[{"embeddable":true,"href":"https:\/\/cookking.online\/en\/wp-json\/wp\/v2\/media\/33769"}],"wp:attachment":[{"href":"https:\/\/cookking.online\/en\/wp-json\/wp\/v2\/media?parent=33786"}],"wp:term":[{"taxonomy":"product_brand","embeddable":true,"href":"https:\/\/cookking.online\/en\/wp-json\/wp\/v2\/product_brand?post=33786"},{"taxonomy":"product_cat","embeddable":true,"href":"https:\/\/cookking.online\/en\/wp-json\/wp\/v2\/product_cat?post=33786"},{"taxonomy":"product_tag","embeddable":true,"href":"https:\/\/cookking.online\/en\/wp-json\/wp\/v2\/product_tag?post=33786"}],"curies":[{"name":"wp","href":"https:\/\/api.w.org\/{rel}","templated":true}]}}