{"id":33870,"date":"2026-03-10T13:06:15","date_gmt":"2026-03-10T10:06:15","guid":{"rendered":"https:\/\/cookking.online\/?post_type=product&#038;p=33870"},"modified":"2026-03-10T13:10:11","modified_gmt":"2026-03-10T10:10:11","slug":"meginimo-siulas-astrumui-matuoti-pagal-edge-on-up-bess-tm02","status":"publish","type":"product","link":"https:\/\/cookking.online\/en\/katalogas\/peiliai\/meginimo-siulas-astrumui-matuoti-pagal-edge-on-up-bess-tm02\/","title":{"rendered":"M\u0117ginimo si\u016blas a\u0161trumui matuoti pagal Edge On Up BESS TM02"},"content":{"rendered":"<div style=\"flex-direction: column\" class=\"iai-section-b518b711-327c-49dd-a6df-803f52333dbe-description-wrapper\">\n<div style=\"text-align: justify\" class=\"iai-section-b518b711-327c-49dd-a6df-803f52333dbe iai-section-b518b711-327c-49dd-a6df-803f52333dbe-html\">\n<p style=\"text-align: justify\"><!--StartFragment--><\/p>\n<p style=\"text-align: justify\" data-start=\"286\" data-end=\"669\"><strong data-start=\"320\" data-end=\"382\">Sertifikuota BESS [TM02] DoubleX bandymo gija<\/strong>&nbsp;skirta <strong data-start=\"400\" data-end=\"440\">a\u0161men\u0173 a\u0161tumo tiksliam matavimui<\/strong> profesionaliosiose a\u0161tumo matavimu \u012frenginiuose (pvz., i\u0161 PT50 serijos). Tai yra <strong data-start=\"506\" data-end=\"594\">standartin\u0117 bandymo med\u017eiaga, naudojama BESS (Brubacher Edge Sharpness Scale) skal\u0117je<\/strong>, u\u017etikrinanti pakartojamus ir palyginamus matavim\u0173 rezultatus visame pasaulyje.<\/p>\n<p style=\"text-align: justify\" data-start=\"671\" data-end=\"1256\"><strong data-start=\"674\" data-end=\"698\">Pagrindin\u0117s savyb\u0117s:<\/strong><\/p>\n<ul style=\"text-align: justify\">\n<li data-start=\"671\" data-end=\"1256\"><strong data-start=\"704\" data-end=\"734\">TM02 DoubleX bandymo gija<\/strong> &#8211; specialiai a\u0161men\u0173 a\u0161tumo matavimams skirta bandymo med\u017eiaga<\/li>\n<li data-start=\"671\" data-end=\"1256\"><strong data-start=\"807\" data-end=\"824\">BESS standartas<\/strong> &#8211; etaloninis med\u017eiaga, naudojamas profesionaliuose ir pramoniniuose a\u0161tumo matavimuose<\/li>\n<li data-start=\"671\" data-end=\"1256\"><strong data-start=\"915\" data-end=\"945\">Pastovios fizin\u0117s savyb\u0117s<\/strong> &#8211; atsparumas dr\u0117gmei ir temperat\u016bros poky\u010diams u\u017etikrina patikimus rezultatus<\/li>\n<li data-start=\"671\" data-end=\"1256\"><strong data-start=\"1023\" data-end=\"1041\" data-is-only-node=\"\">Didel\u0117 efektyvumas<\/strong> &#8211; vienas ritinys pakankamas \u0161imtams bandym\u0173 (priklausomai nuo bandini\u0173 ilgio)<\/li>\n<li data-start=\"671\" data-end=\"1256\"><strong data-start=\"1124\" data-end=\"1150\">Platus suderinamumas<\/strong> &#8211; ideali a\u0161tumo matavimo \u012frenginiams, tokiems kaip PT50A, PT50B ir kitiems BESS standart\u0105 atitinkantiems prietaisams<\/li>\n<\/ul>\n<p style=\"text-align: justify\" data-start=\"1258\" data-end=\"1538\">Bandymo med\u017eiaga TM02 DoubleX leid\u017eia:<\/p>\n<ul style=\"text-align: justify\">\n<li data-start=\"1258\" data-end=\"1538\">objektyviai palyginti peili\u0173 ir a\u0161men\u0173 a\u0161trum\u0105,<\/li>\n<li data-start=\"1258\" data-end=\"1538\">kontroliuoti galandimo efektus,<\/li>\n<li data-start=\"1258\" data-end=\"1538\">atlikti matavimus pagal tarptautin\u0119 BESS skal\u0119,<\/li>\n<li data-start=\"1258\" data-end=\"1538\">standartizuoti rezultatus galandimo servisuose ir dirbtuv\u0117se.<\/li>\n<\/ul>\n<p style=\"text-align: justify\" data-start=\"1540\" data-end=\"1760\"><strong data-start=\"1543\" data-end=\"1556\">Kam skirta:<\/strong><\/p>\n<ul style=\"text-align: justify\">\n<li data-start=\"1540\" data-end=\"1760\">profesional\u016bs galandimo servisai,<\/li>\n<li data-start=\"1540\" data-end=\"1760\">peili\u0173 ir a\u0161men\u0173 \u012franki\u0173 gamintojai,<\/li>\n<li data-start=\"1540\" data-end=\"1760\">galandimo entuziastai ir peili\u0173 kolekcionieriai,<\/li>\n<li data-start=\"1540\" data-end=\"1760\">vir\u0117jai, amatininkai ir naudotojai, reikalaujantys tikslios a\u0161tumo kontrol\u0117s.<\/li>\n<\/ul>\n<p style=\"text-align: justify\" data-start=\"1762\" data-end=\"2024\">TM02 DoubleX bandymo gija turi ma\u017edaug <strong data-start=\"1837\" data-end=\"1848\">0,23 mm<\/strong> skersmens ir buvo specialiai sukurta BESS matavimams, tod\u0117l gaunami rezultatai yra <strong data-start=\"1937\" data-end=\"1979\">pakartojami, patikimi ir palyginami<\/strong> tarp \u012fvairi\u0173 naudotoj\u0173 ir \u012frengini\u0173.<\/p>\n<p style=\"text-align: justify\"><!--EndFragment--><\/p>\n<\/div>\n<\/div>\n","protected":false},"excerpt":{"rendered":"<p>Sertifikuota BESS [TM02] DoubleX bandymo gija&nbsp;skirta a\u0161men\u0173 a\u0161tumo tiksliam matavimui profesionaliosiose a\u0161tumo matavimu \u012frenginiuose (pvz., i\u0161 PT50 serijos). Tai yra standartin\u0117 bandymo med\u017eiaga, naudojama BESS (Brubacher Edge Sharpness Scale) skal\u0117je,&#8230;<\/p>\n","protected":false},"featured_media":33869,"template":"","meta":[],"product_brand":[],"product_cat":[119],"product_tag":[],"class_list":{"0":"post-33870","1":"product","2":"type-product","3":"status-publish","4":"has-post-thumbnail","6":"product_cat-peiliai","8":"first","9":"instock","10":"taxable","11":"shipping-taxable","12":"purchasable","13":"product-type-simple"},"yoast_head":"<!-- This site is optimized with the Yoast SEO plugin v27.3 - https:\/\/yoast.com\/product\/yoast-seo-wordpress\/ -->\n<title>M\u0117ginimo si\u016blas a\u0161trumui matuoti pagal Edge On Up BESS TM02 - Cookking.online<\/title>\n<meta name=\"description\" content=\"Sertifikuota BESS [TM02] DoubleX bandymo gija&nbsp;skirta a\u0161men\u0173 a\u0161tumo tiksliam matavimui profesionaliosiose a\u0161tumo matavimu \u012frenginiuose (pvz., i\u0161 PT50 ser...\" \/>\n<meta name=\"robots\" content=\"index, follow, max-snippet:-1, max-image-preview:large, max-video-preview:-1\" \/>\n<link rel=\"canonical\" href=\"https:\/\/cookking.online\/en\/katalogas\/peiliai\/meginimo-siulas-astrumui-matuoti-pagal-edge-on-up-bess-tm02\/\" \/>\n<meta property=\"og:locale\" content=\"en_US\" \/>\n<meta property=\"og:type\" content=\"article\" \/>\n<meta property=\"og:title\" content=\"M\u0117ginimo si\u016blas a\u0161trumui matuoti pagal Edge On Up BESS TM02 - Cookking.online\" \/>\n<meta property=\"og:description\" content=\"Sertifikuota BESS [TM02] DoubleX bandymo gija&nbsp;skirta a\u0161men\u0173 a\u0161tumo tiksliam matavimui profesionaliosiose a\u0161tumo matavimu \u012frenginiuose (pvz., i\u0161 PT50 ser...\" \/>\n<meta property=\"og:url\" content=\"https:\/\/cookking.online\/en\/katalogas\/peiliai\/meginimo-siulas-astrumui-matuoti-pagal-edge-on-up-bess-tm02\/\" \/>\n<meta property=\"og:site_name\" content=\"Cookking.online\" \/>\n<meta property=\"article:modified_time\" content=\"2026-03-10T10:10:11+00:00\" \/>\n<meta property=\"og:image\" content=\"https:\/\/cookking.online\/wp-content\/uploads\/2026\/03\/16654_1-1.jpg\" \/>\n\t<meta property=\"og:image:width\" content=\"345\" \/>\n\t<meta property=\"og:image:height\" content=\"421\" \/>\n\t<meta property=\"og:image:type\" content=\"image\/jpeg\" \/>\n<meta name=\"twitter:card\" content=\"summary_large_image\" \/>\n<meta name=\"twitter:label1\" content=\"Est. reading time\" \/>\n\t<meta name=\"twitter:data1\" content=\"1 minute\" \/>\n<script type=\"application\/ld+json\" class=\"yoast-schema-graph\">{\"@context\":\"https:\\\/\\\/schema.org\",\"@graph\":[{\"@type\":\"WebPage\",\"@id\":\"https:\\\/\\\/cookking.online\\\/katalogas\\\/peiliai\\\/meginimo-siulas-astrumui-matuoti-pagal-edge-on-up-bess-tm02\\\/\",\"url\":\"https:\\\/\\\/cookking.online\\\/katalogas\\\/peiliai\\\/meginimo-siulas-astrumui-matuoti-pagal-edge-on-up-bess-tm02\\\/\",\"name\":\"M\u0117ginimo si\u016blas a\u0161trumui matuoti pagal Edge On Up BESS TM02 - Cookking.online\",\"isPartOf\":{\"@id\":\"https:\\\/\\\/cookking.online\\\/#website\"},\"primaryImageOfPage\":{\"@id\":\"https:\\\/\\\/cookking.online\\\/katalogas\\\/peiliai\\\/meginimo-siulas-astrumui-matuoti-pagal-edge-on-up-bess-tm02\\\/#primaryimage\"},\"image\":{\"@id\":\"https:\\\/\\\/cookking.online\\\/katalogas\\\/peiliai\\\/meginimo-siulas-astrumui-matuoti-pagal-edge-on-up-bess-tm02\\\/#primaryimage\"},\"thumbnailUrl\":\"https:\\\/\\\/cookking.online\\\/wp-content\\\/uploads\\\/2026\\\/03\\\/16654_1-1.jpg\",\"datePublished\":\"2026-03-10T10:06:15+00:00\",\"dateModified\":\"2026-03-10T10:10:11+00:00\",\"description\":\"Sertifikuota BESS [TM02] DoubleX bandymo gija&nbsp;skirta a\u0161men\u0173 a\u0161tumo tiksliam matavimui profesionaliosiose a\u0161tumo matavimu \u012frenginiuose (pvz., i\u0161 PT50 ser...\",\"breadcrumb\":{\"@id\":\"https:\\\/\\\/cookking.online\\\/katalogas\\\/peiliai\\\/meginimo-siulas-astrumui-matuoti-pagal-edge-on-up-bess-tm02\\\/#breadcrumb\"},\"inLanguage\":\"en-US\",\"potentialAction\":[{\"@type\":\"ReadAction\",\"target\":[\"https:\\\/\\\/cookking.online\\\/katalogas\\\/peiliai\\\/meginimo-siulas-astrumui-matuoti-pagal-edge-on-up-bess-tm02\\\/\"]}]},{\"@type\":\"ImageObject\",\"inLanguage\":\"en-US\",\"@id\":\"https:\\\/\\\/cookking.online\\\/katalogas\\\/peiliai\\\/meginimo-siulas-astrumui-matuoti-pagal-edge-on-up-bess-tm02\\\/#primaryimage\",\"url\":\"https:\\\/\\\/cookking.online\\\/wp-content\\\/uploads\\\/2026\\\/03\\\/16654_1-1.jpg\",\"contentUrl\":\"https:\\\/\\\/cookking.online\\\/wp-content\\\/uploads\\\/2026\\\/03\\\/16654_1-1.jpg\",\"width\":345,\"height\":421},{\"@type\":\"BreadcrumbList\",\"@id\":\"https:\\\/\\\/cookking.online\\\/katalogas\\\/peiliai\\\/meginimo-siulas-astrumui-matuoti-pagal-edge-on-up-bess-tm02\\\/#breadcrumb\",\"itemListElement\":[{\"@type\":\"ListItem\",\"position\":1,\"name\":\"Prad\u017eia\",\"item\":\"https:\\\/\\\/cookking.online\\\/\"},{\"@type\":\"ListItem\",\"position\":2,\"name\":\"Parduotuv\u0117\",\"item\":\"https:\\\/\\\/cookking.online\\\/parduotuve\\\/\"},{\"@type\":\"ListItem\",\"position\":3,\"name\":\"M\u0117ginimo si\u016blas a\u0161trumui matuoti pagal Edge On Up BESS TM02\"}]},{\"@type\":\"WebSite\",\"@id\":\"https:\\\/\\\/cookking.online\\\/#website\",\"url\":\"https:\\\/\\\/cookking.online\\\/\",\"name\":\"Cookking.online\",\"description\":\"\",\"publisher\":{\"@id\":\"https:\\\/\\\/cookking.online\\\/#organization\"},\"potentialAction\":[{\"@type\":\"SearchAction\",\"target\":{\"@type\":\"EntryPoint\",\"urlTemplate\":\"https:\\\/\\\/cookking.online\\\/?s={search_term_string}\"},\"query-input\":{\"@type\":\"PropertyValueSpecification\",\"valueRequired\":true,\"valueName\":\"search_term_string\"}}],\"inLanguage\":\"en-US\"},{\"@type\":\"Organization\",\"@id\":\"https:\\\/\\\/cookking.online\\\/#organization\",\"name\":\"Cookking.online\",\"url\":\"https:\\\/\\\/cookking.online\\\/\",\"logo\":{\"@type\":\"ImageObject\",\"inLanguage\":\"en-US\",\"@id\":\"https:\\\/\\\/cookking.online\\\/#\\\/schema\\\/logo\\\/image\\\/\",\"url\":\"https:\\\/\\\/cookking.online\\\/wp-content\\\/uploads\\\/2021\\\/11\\\/Logo.png\",\"contentUrl\":\"https:\\\/\\\/cookking.online\\\/wp-content\\\/uploads\\\/2021\\\/11\\\/Logo.png\",\"width\":291,\"height\":100,\"caption\":\"Cookking.online\"},\"image\":{\"@id\":\"https:\\\/\\\/cookking.online\\\/#\\\/schema\\\/logo\\\/image\\\/\"}}]}<\/script>\n<!-- \/ Yoast SEO plugin. -->","yoast_head_json":{"title":"M\u0117ginimo si\u016blas a\u0161trumui matuoti pagal Edge On Up BESS TM02 - Cookking.online","description":"Sertifikuota BESS [TM02] DoubleX bandymo gija&nbsp;skirta a\u0161men\u0173 a\u0161tumo tiksliam matavimui profesionaliosiose a\u0161tumo matavimu \u012frenginiuose (pvz., i\u0161 PT50 ser...","robots":{"index":"index","follow":"follow","max-snippet":"max-snippet:-1","max-image-preview":"max-image-preview:large","max-video-preview":"max-video-preview:-1"},"canonical":"https:\/\/cookking.online\/en\/katalogas\/peiliai\/meginimo-siulas-astrumui-matuoti-pagal-edge-on-up-bess-tm02\/","og_locale":"en_US","og_type":"article","og_title":"M\u0117ginimo si\u016blas a\u0161trumui matuoti pagal Edge On Up BESS TM02 - Cookking.online","og_description":"Sertifikuota BESS [TM02] DoubleX bandymo gija&nbsp;skirta a\u0161men\u0173 a\u0161tumo tiksliam matavimui profesionaliosiose a\u0161tumo matavimu \u012frenginiuose (pvz., i\u0161 PT50 ser...","og_url":"https:\/\/cookking.online\/en\/katalogas\/peiliai\/meginimo-siulas-astrumui-matuoti-pagal-edge-on-up-bess-tm02\/","og_site_name":"Cookking.online","article_modified_time":"2026-03-10T10:10:11+00:00","og_image":[{"width":345,"height":421,"url":"https:\/\/cookking.online\/wp-content\/uploads\/2026\/03\/16654_1-1.jpg","type":"image\/jpeg"}],"twitter_card":"summary_large_image","twitter_misc":{"Est. reading time":"1 minute"},"schema":{"@context":"https:\/\/schema.org","@graph":[{"@type":"WebPage","@id":"https:\/\/cookking.online\/katalogas\/peiliai\/meginimo-siulas-astrumui-matuoti-pagal-edge-on-up-bess-tm02\/","url":"https:\/\/cookking.online\/katalogas\/peiliai\/meginimo-siulas-astrumui-matuoti-pagal-edge-on-up-bess-tm02\/","name":"M\u0117ginimo si\u016blas a\u0161trumui matuoti pagal Edge On Up BESS TM02 - Cookking.online","isPartOf":{"@id":"https:\/\/cookking.online\/#website"},"primaryImageOfPage":{"@id":"https:\/\/cookking.online\/katalogas\/peiliai\/meginimo-siulas-astrumui-matuoti-pagal-edge-on-up-bess-tm02\/#primaryimage"},"image":{"@id":"https:\/\/cookking.online\/katalogas\/peiliai\/meginimo-siulas-astrumui-matuoti-pagal-edge-on-up-bess-tm02\/#primaryimage"},"thumbnailUrl":"https:\/\/cookking.online\/wp-content\/uploads\/2026\/03\/16654_1-1.jpg","datePublished":"2026-03-10T10:06:15+00:00","dateModified":"2026-03-10T10:10:11+00:00","description":"Sertifikuota BESS [TM02] DoubleX bandymo gija&nbsp;skirta a\u0161men\u0173 a\u0161tumo tiksliam matavimui profesionaliosiose a\u0161tumo matavimu \u012frenginiuose (pvz., i\u0161 PT50 ser...","breadcrumb":{"@id":"https:\/\/cookking.online\/katalogas\/peiliai\/meginimo-siulas-astrumui-matuoti-pagal-edge-on-up-bess-tm02\/#breadcrumb"},"inLanguage":"en-US","potentialAction":[{"@type":"ReadAction","target":["https:\/\/cookking.online\/katalogas\/peiliai\/meginimo-siulas-astrumui-matuoti-pagal-edge-on-up-bess-tm02\/"]}]},{"@type":"ImageObject","inLanguage":"en-US","@id":"https:\/\/cookking.online\/katalogas\/peiliai\/meginimo-siulas-astrumui-matuoti-pagal-edge-on-up-bess-tm02\/#primaryimage","url":"https:\/\/cookking.online\/wp-content\/uploads\/2026\/03\/16654_1-1.jpg","contentUrl":"https:\/\/cookking.online\/wp-content\/uploads\/2026\/03\/16654_1-1.jpg","width":345,"height":421},{"@type":"BreadcrumbList","@id":"https:\/\/cookking.online\/katalogas\/peiliai\/meginimo-siulas-astrumui-matuoti-pagal-edge-on-up-bess-tm02\/#breadcrumb","itemListElement":[{"@type":"ListItem","position":1,"name":"Prad\u017eia","item":"https:\/\/cookking.online\/"},{"@type":"ListItem","position":2,"name":"Parduotuv\u0117","item":"https:\/\/cookking.online\/parduotuve\/"},{"@type":"ListItem","position":3,"name":"M\u0117ginimo si\u016blas a\u0161trumui matuoti pagal Edge On Up BESS TM02"}]},{"@type":"WebSite","@id":"https:\/\/cookking.online\/#website","url":"https:\/\/cookking.online\/","name":"Cookking.online","description":"","publisher":{"@id":"https:\/\/cookking.online\/#organization"},"potentialAction":[{"@type":"SearchAction","target":{"@type":"EntryPoint","urlTemplate":"https:\/\/cookking.online\/?s={search_term_string}"},"query-input":{"@type":"PropertyValueSpecification","valueRequired":true,"valueName":"search_term_string"}}],"inLanguage":"en-US"},{"@type":"Organization","@id":"https:\/\/cookking.online\/#organization","name":"Cookking.online","url":"https:\/\/cookking.online\/","logo":{"@type":"ImageObject","inLanguage":"en-US","@id":"https:\/\/cookking.online\/#\/schema\/logo\/image\/","url":"https:\/\/cookking.online\/wp-content\/uploads\/2021\/11\/Logo.png","contentUrl":"https:\/\/cookking.online\/wp-content\/uploads\/2021\/11\/Logo.png","width":291,"height":100,"caption":"Cookking.online"},"image":{"@id":"https:\/\/cookking.online\/#\/schema\/logo\/image\/"}}]}},"_links":{"self":[{"href":"https:\/\/cookking.online\/en\/wp-json\/wp\/v2\/product\/33870","targetHints":{"allow":["GET"]}}],"collection":[{"href":"https:\/\/cookking.online\/en\/wp-json\/wp\/v2\/product"}],"about":[{"href":"https:\/\/cookking.online\/en\/wp-json\/wp\/v2\/types\/product"}],"wp:featuredmedia":[{"embeddable":true,"href":"https:\/\/cookking.online\/en\/wp-json\/wp\/v2\/media\/33869"}],"wp:attachment":[{"href":"https:\/\/cookking.online\/en\/wp-json\/wp\/v2\/media?parent=33870"}],"wp:term":[{"taxonomy":"product_brand","embeddable":true,"href":"https:\/\/cookking.online\/en\/wp-json\/wp\/v2\/product_brand?post=33870"},{"taxonomy":"product_cat","embeddable":true,"href":"https:\/\/cookking.online\/en\/wp-json\/wp\/v2\/product_cat?post=33870"},{"taxonomy":"product_tag","embeddable":true,"href":"https:\/\/cookking.online\/en\/wp-json\/wp\/v2\/product_tag?post=33870"}],"curies":[{"name":"wp","href":"https:\/\/api.w.org\/{rel}","templated":true}]}}