{"id":34357,"date":"2026-03-10T12:18:51","date_gmt":"2026-03-10T09:18:51","guid":{"rendered":"https:\/\/cookking.online\/?post_type=product&#038;p=34357"},"modified":"2026-03-10T13:13:09","modified_gmt":"2026-03-10T10:13:09","slug":"tetsuhiro-kas-petty-120-mm-kas-954-virtuves-peilis","status":"publish","type":"product","link":"https:\/\/cookking.online\/en\/katalogas\/peiliai\/tetsuhiro-kas-petty-120-mm-kas-954-virtuves-peilis\/","title":{"rendered":"Tetsuhiro KAS Petty 120 mm [KAS-954] virtuv\u0117s peilis"},"content":{"rendered":"<h1><span style=\"color: #ff0000\">Tetsuhiro KAS Petty 120 mm virtuvinis peilis<\/span><\/h1>\n<\/p>\n<p style=\"text-align: justify\">Virtuv\u0117je naudingas peilis yra <strong>Petty<\/strong> tipo peilis. Jis i\u0161vaizda primena vir\u0117jo peil\u012f ir yra labai universalus. Siaura gele\u017et\u0117 leid\u017eia lengvai manevruoti peiliu i\u0161pjaunant, lupant ar pjaunant ma\u017eus produktus. Peilis puikiai tinka tiek m\u0117sai, tiek \u017euvims ar dar\u017eov\u0117ms. Da\u017enai vietoj siekti didelio vir\u0117jo peilio imame b\u016btent <strong>Petty<\/strong> tipo a\u0161men\u012f, kad greitai supjaustyti pomidor\u0105, kiau\u0161in\u012f ar s\u016brio gabal\u0105. Juo nepa\u0161iau\u0161kumsime kop\u016bst\u0173 ar nesukaposime moli\u016bgo, bet puikiai tvarkysis su kitais produktais, kuriuos \u012fprastai renkam\u0117s, pvz. ruo\u0161dami sumu\u0161tin\u012f. \u0160alia vir\u0117jo peilio tai yra populiariausia ir da\u017eniausiai renkama a\u0161men\u0173 r\u016b\u0161is.<\/p>\n<\/p>\n<h2>B\u016bdingos savyb\u0117s.<\/h2>\n<p style=\"text-align: justify\" align=\"justify\"><span>Minimalistin\u0117 <span>mark\u0117s <strong>Tetsuhiro<\/strong> peili\u0173 serija<\/span> i\u0161 legendin\u0117s <em>Aogami Super<\/em> plieno. Paprasta gele\u017et\u0117, kurios vienintelis puo\u0161ybos elementas yra ra\u0161t\u0173, vadinam\u0173 <em>katana-edge<\/em>, ra\u0161tas ant a\u0161men\u0173. Be to, juodas <strong>micarta<\/strong> rankena europieti\u0161kame stiliuje. Ta\u010diau nepasikliaukite \u0161iuo ramumu. U\u017e KAS serijos stovi ekstremali 65 HRC kietumas ir i\u0161 ties\u0173 ne\u012ftik\u0117tinas a\u0161trumas. \u0160ios serijos peiliai virtuv\u0117je rodo tikr\u0105 corrid\u0105 ir jokios kovos nepralaim\u0117s. Jei jums reikia besikompromiso a\u0161men\u0173, esate pataik\u0119 tiesiai \u012f de\u0161imt.<\/span><\/p>\n<p style=\"text-align: justify\" align=\"justify\">\n<h2>Technin\u0117s charakteristikos:<\/h2>\n<p><strong>Plieno tipas:<\/strong><span> Aogami Super<\/span><br \/><strong>Rankenos med\u017eiaga:<\/strong><span> micarta<\/span><br \/><strong>Kietumas:<\/strong><span> +\/- 64\/65 HRC <\/span><br \/><strong>Bendras ilgis:<\/strong><span> 225 mm<\/span><br \/><strong>A\u0161men\u0173 ilgis:<\/strong><span> 120 mm<\/span><br \/><strong>A\u0161men\u0173 plotis:<\/strong><span>  26 mm<\/span><br \/><strong>A\u0161men\u0173 storis:<\/strong><span> apie 1,6 mm<\/span><br \/><strong>Galandimo b\u016bdas:<\/strong><span> dvi\u0161alis simetrinis \u0161lifavimas<\/span><br \/><strong>Svoris:<\/strong><span> apie 68 g<\/span><\/p>","protected":false},"excerpt":{"rendered":"<p>Tetsuhiro KAS Petty 120 mm virtuvinis peilis Virtuv\u0117je naudingas peilis yra Petty tipo peilis. Jis i\u0161vaizda primena vir\u0117jo peil\u012f ir yra labai universalus. Siaura gele\u017et\u0117 leid\u017eia lengvai manevruoti peiliu i\u0161pjaunant,&#8230;<\/p>","protected":false},"featured_media":34329,"template":"","meta":[],"product_brand":[],"product_cat":[119],"product_tag":[],"class_list":{"0":"post-34357","1":"product","2":"type-product","3":"status-publish","4":"has-post-thumbnail","6":"product_cat-peiliai","8":"first","9":"instock","10":"taxable","11":"shipping-taxable","12":"purchasable","13":"product-type-simple"},"yoast_head":"<!-- This site is optimized with the Yoast SEO plugin v27.3 - https:\/\/yoast.com\/product\/yoast-seo-wordpress\/ -->\n<title>Tetsuhiro KAS Petty 120 mm [KAS-954] virtuv\u0117s peilis - Cookking.online<\/title>\n<meta name=\"description\" content=\"Tetsuhiro KAS Petty 120 mm virtuvinis peilis Virtuv\u0117je naudingas peilis yra Petty tipo peilis. Jis i\u0161vaizda primena vir\u0117jo peil\u012f ir yra labai universalus. Si...\" \/>\n<meta name=\"robots\" content=\"index, follow, max-snippet:-1, max-image-preview:large, max-video-preview:-1\" \/>\n<link rel=\"canonical\" href=\"https:\/\/cookking.online\/en\/katalogas\/peiliai\/tetsuhiro-kas-petty-120-mm-kas-954-virtuves-peilis\/\" \/>\n<meta property=\"og:locale\" content=\"en_US\" \/>\n<meta property=\"og:type\" content=\"article\" \/>\n<meta property=\"og:title\" content=\"Tetsuhiro KAS Petty 120 mm [KAS-954] virtuv\u0117s peilis - Cookking.online\" \/>\n<meta property=\"og:description\" content=\"Tetsuhiro KAS Petty 120 mm virtuvinis peilis Virtuv\u0117je naudingas peilis yra Petty tipo peilis. Jis i\u0161vaizda primena vir\u0117jo peil\u012f ir yra labai universalus. Si...\" \/>\n<meta property=\"og:url\" content=\"https:\/\/cookking.online\/en\/katalogas\/peiliai\/tetsuhiro-kas-petty-120-mm-kas-954-virtuves-peilis\/\" \/>\n<meta property=\"og:site_name\" content=\"Cookking.online\" \/>\n<meta property=\"article:modified_time\" content=\"2026-03-10T10:13:09+00:00\" \/>\n<meta property=\"og:image\" content=\"https:\/\/cookking.online\/wp-content\/uploads\/2026\/03\/14207_4.png\" \/>\n\t<meta property=\"og:image:width\" content=\"1077\" \/>\n\t<meta property=\"og:image:height\" content=\"680\" \/>\n\t<meta property=\"og:image:type\" content=\"image\/png\" \/>\n<meta name=\"twitter:card\" content=\"summary_large_image\" \/>\n<meta name=\"twitter:label1\" content=\"Est. reading time\" \/>\n\t<meta name=\"twitter:data1\" content=\"1 minute\" \/>\n<script type=\"application\/ld+json\" class=\"yoast-schema-graph\">{\"@context\":\"https:\\\/\\\/schema.org\",\"@graph\":[{\"@type\":\"WebPage\",\"@id\":\"https:\\\/\\\/cookking.online\\\/katalogas\\\/peiliai\\\/tetsuhiro-kas-petty-120-mm-kas-954-virtuves-peilis\\\/\",\"url\":\"https:\\\/\\\/cookking.online\\\/katalogas\\\/peiliai\\\/tetsuhiro-kas-petty-120-mm-kas-954-virtuves-peilis\\\/\",\"name\":\"Tetsuhiro KAS Petty 120 mm [KAS-954] virtuv\u0117s peilis - Cookking.online\",\"isPartOf\":{\"@id\":\"https:\\\/\\\/cookking.online\\\/#website\"},\"primaryImageOfPage\":{\"@id\":\"https:\\\/\\\/cookking.online\\\/katalogas\\\/peiliai\\\/tetsuhiro-kas-petty-120-mm-kas-954-virtuves-peilis\\\/#primaryimage\"},\"image\":{\"@id\":\"https:\\\/\\\/cookking.online\\\/katalogas\\\/peiliai\\\/tetsuhiro-kas-petty-120-mm-kas-954-virtuves-peilis\\\/#primaryimage\"},\"thumbnailUrl\":\"https:\\\/\\\/cookking.online\\\/wp-content\\\/uploads\\\/2026\\\/03\\\/14207_4.png\",\"datePublished\":\"2026-03-10T09:18:51+00:00\",\"dateModified\":\"2026-03-10T10:13:09+00:00\",\"description\":\"Tetsuhiro KAS Petty 120 mm virtuvinis peilis Virtuv\u0117je naudingas peilis yra Petty tipo peilis. Jis i\u0161vaizda primena vir\u0117jo peil\u012f ir yra labai universalus. Si...\",\"breadcrumb\":{\"@id\":\"https:\\\/\\\/cookking.online\\\/katalogas\\\/peiliai\\\/tetsuhiro-kas-petty-120-mm-kas-954-virtuves-peilis\\\/#breadcrumb\"},\"inLanguage\":\"en-US\",\"potentialAction\":[{\"@type\":\"ReadAction\",\"target\":[\"https:\\\/\\\/cookking.online\\\/katalogas\\\/peiliai\\\/tetsuhiro-kas-petty-120-mm-kas-954-virtuves-peilis\\\/\"]}]},{\"@type\":\"ImageObject\",\"inLanguage\":\"en-US\",\"@id\":\"https:\\\/\\\/cookking.online\\\/katalogas\\\/peiliai\\\/tetsuhiro-kas-petty-120-mm-kas-954-virtuves-peilis\\\/#primaryimage\",\"url\":\"https:\\\/\\\/cookking.online\\\/wp-content\\\/uploads\\\/2026\\\/03\\\/14207_4.png\",\"contentUrl\":\"https:\\\/\\\/cookking.online\\\/wp-content\\\/uploads\\\/2026\\\/03\\\/14207_4.png\",\"width\":1077,\"height\":680},{\"@type\":\"BreadcrumbList\",\"@id\":\"https:\\\/\\\/cookking.online\\\/katalogas\\\/peiliai\\\/tetsuhiro-kas-petty-120-mm-kas-954-virtuves-peilis\\\/#breadcrumb\",\"itemListElement\":[{\"@type\":\"ListItem\",\"position\":1,\"name\":\"Prad\u017eia\",\"item\":\"https:\\\/\\\/cookking.online\\\/\"},{\"@type\":\"ListItem\",\"position\":2,\"name\":\"Parduotuv\u0117\",\"item\":\"https:\\\/\\\/cookking.online\\\/parduotuve\\\/\"},{\"@type\":\"ListItem\",\"position\":3,\"name\":\"Tetsuhiro KAS Petty 120 mm [KAS-954] virtuv\u0117s peilis\"}]},{\"@type\":\"WebSite\",\"@id\":\"https:\\\/\\\/cookking.online\\\/#website\",\"url\":\"https:\\\/\\\/cookking.online\\\/\",\"name\":\"Cookking.online\",\"description\":\"\",\"publisher\":{\"@id\":\"https:\\\/\\\/cookking.online\\\/#organization\"},\"potentialAction\":[{\"@type\":\"SearchAction\",\"target\":{\"@type\":\"EntryPoint\",\"urlTemplate\":\"https:\\\/\\\/cookking.online\\\/?s={search_term_string}\"},\"query-input\":{\"@type\":\"PropertyValueSpecification\",\"valueRequired\":true,\"valueName\":\"search_term_string\"}}],\"inLanguage\":\"en-US\"},{\"@type\":\"Organization\",\"@id\":\"https:\\\/\\\/cookking.online\\\/#organization\",\"name\":\"Cookking.online\",\"url\":\"https:\\\/\\\/cookking.online\\\/\",\"logo\":{\"@type\":\"ImageObject\",\"inLanguage\":\"en-US\",\"@id\":\"https:\\\/\\\/cookking.online\\\/#\\\/schema\\\/logo\\\/image\\\/\",\"url\":\"https:\\\/\\\/cookking.online\\\/wp-content\\\/uploads\\\/2021\\\/11\\\/Logo.png\",\"contentUrl\":\"https:\\\/\\\/cookking.online\\\/wp-content\\\/uploads\\\/2021\\\/11\\\/Logo.png\",\"width\":291,\"height\":100,\"caption\":\"Cookking.online\"},\"image\":{\"@id\":\"https:\\\/\\\/cookking.online\\\/#\\\/schema\\\/logo\\\/image\\\/\"}}]}<\/script>\n<!-- \/ Yoast SEO plugin. -->","yoast_head_json":{"title":"Tetsuhiro KAS Petty 120 mm [KAS-954] virtuv\u0117s peilis - Cookking.online","description":"Tetsuhiro KAS Petty 120 mm virtuvinis peilis Virtuv\u0117je naudingas peilis yra Petty tipo peilis. Jis i\u0161vaizda primena vir\u0117jo peil\u012f ir yra labai universalus. Si...","robots":{"index":"index","follow":"follow","max-snippet":"max-snippet:-1","max-image-preview":"max-image-preview:large","max-video-preview":"max-video-preview:-1"},"canonical":"https:\/\/cookking.online\/en\/katalogas\/peiliai\/tetsuhiro-kas-petty-120-mm-kas-954-virtuves-peilis\/","og_locale":"en_US","og_type":"article","og_title":"Tetsuhiro KAS Petty 120 mm [KAS-954] virtuv\u0117s peilis - Cookking.online","og_description":"Tetsuhiro KAS Petty 120 mm virtuvinis peilis Virtuv\u0117je naudingas peilis yra Petty tipo peilis. Jis i\u0161vaizda primena vir\u0117jo peil\u012f ir yra labai universalus. Si...","og_url":"https:\/\/cookking.online\/en\/katalogas\/peiliai\/tetsuhiro-kas-petty-120-mm-kas-954-virtuves-peilis\/","og_site_name":"Cookking.online","article_modified_time":"2026-03-10T10:13:09+00:00","og_image":[{"width":1077,"height":680,"url":"https:\/\/cookking.online\/wp-content\/uploads\/2026\/03\/14207_4.png","type":"image\/png"}],"twitter_card":"summary_large_image","twitter_misc":{"Est. reading time":"1 minute"},"schema":{"@context":"https:\/\/schema.org","@graph":[{"@type":"WebPage","@id":"https:\/\/cookking.online\/katalogas\/peiliai\/tetsuhiro-kas-petty-120-mm-kas-954-virtuves-peilis\/","url":"https:\/\/cookking.online\/katalogas\/peiliai\/tetsuhiro-kas-petty-120-mm-kas-954-virtuves-peilis\/","name":"Tetsuhiro KAS Petty 120 mm [KAS-954] virtuv\u0117s peilis - Cookking.online","isPartOf":{"@id":"https:\/\/cookking.online\/#website"},"primaryImageOfPage":{"@id":"https:\/\/cookking.online\/katalogas\/peiliai\/tetsuhiro-kas-petty-120-mm-kas-954-virtuves-peilis\/#primaryimage"},"image":{"@id":"https:\/\/cookking.online\/katalogas\/peiliai\/tetsuhiro-kas-petty-120-mm-kas-954-virtuves-peilis\/#primaryimage"},"thumbnailUrl":"https:\/\/cookking.online\/wp-content\/uploads\/2026\/03\/14207_4.png","datePublished":"2026-03-10T09:18:51+00:00","dateModified":"2026-03-10T10:13:09+00:00","description":"Tetsuhiro KAS Petty 120 mm virtuvinis peilis Virtuv\u0117je naudingas peilis yra Petty tipo peilis. Jis i\u0161vaizda primena vir\u0117jo peil\u012f ir yra labai universalus. Si...","breadcrumb":{"@id":"https:\/\/cookking.online\/katalogas\/peiliai\/tetsuhiro-kas-petty-120-mm-kas-954-virtuves-peilis\/#breadcrumb"},"inLanguage":"en-US","potentialAction":[{"@type":"ReadAction","target":["https:\/\/cookking.online\/katalogas\/peiliai\/tetsuhiro-kas-petty-120-mm-kas-954-virtuves-peilis\/"]}]},{"@type":"ImageObject","inLanguage":"en-US","@id":"https:\/\/cookking.online\/katalogas\/peiliai\/tetsuhiro-kas-petty-120-mm-kas-954-virtuves-peilis\/#primaryimage","url":"https:\/\/cookking.online\/wp-content\/uploads\/2026\/03\/14207_4.png","contentUrl":"https:\/\/cookking.online\/wp-content\/uploads\/2026\/03\/14207_4.png","width":1077,"height":680},{"@type":"BreadcrumbList","@id":"https:\/\/cookking.online\/katalogas\/peiliai\/tetsuhiro-kas-petty-120-mm-kas-954-virtuves-peilis\/#breadcrumb","itemListElement":[{"@type":"ListItem","position":1,"name":"Prad\u017eia","item":"https:\/\/cookking.online\/"},{"@type":"ListItem","position":2,"name":"Parduotuv\u0117","item":"https:\/\/cookking.online\/parduotuve\/"},{"@type":"ListItem","position":3,"name":"Tetsuhiro KAS Petty 120 mm [KAS-954] virtuv\u0117s peilis"}]},{"@type":"WebSite","@id":"https:\/\/cookking.online\/#website","url":"https:\/\/cookking.online\/","name":"Cookking.online","description":"","publisher":{"@id":"https:\/\/cookking.online\/#organization"},"potentialAction":[{"@type":"SearchAction","target":{"@type":"EntryPoint","urlTemplate":"https:\/\/cookking.online\/?s={search_term_string}"},"query-input":{"@type":"PropertyValueSpecification","valueRequired":true,"valueName":"search_term_string"}}],"inLanguage":"en-US"},{"@type":"Organization","@id":"https:\/\/cookking.online\/#organization","name":"Cookking.online","url":"https:\/\/cookking.online\/","logo":{"@type":"ImageObject","inLanguage":"en-US","@id":"https:\/\/cookking.online\/#\/schema\/logo\/image\/","url":"https:\/\/cookking.online\/wp-content\/uploads\/2021\/11\/Logo.png","contentUrl":"https:\/\/cookking.online\/wp-content\/uploads\/2021\/11\/Logo.png","width":291,"height":100,"caption":"Cookking.online"},"image":{"@id":"https:\/\/cookking.online\/#\/schema\/logo\/image\/"}}]}},"_links":{"self":[{"href":"https:\/\/cookking.online\/en\/wp-json\/wp\/v2\/product\/34357","targetHints":{"allow":["GET"]}}],"collection":[{"href":"https:\/\/cookking.online\/en\/wp-json\/wp\/v2\/product"}],"about":[{"href":"https:\/\/cookking.online\/en\/wp-json\/wp\/v2\/types\/product"}],"wp:featuredmedia":[{"embeddable":true,"href":"https:\/\/cookking.online\/en\/wp-json\/wp\/v2\/media\/34329"}],"wp:attachment":[{"href":"https:\/\/cookking.online\/en\/wp-json\/wp\/v2\/media?parent=34357"}],"wp:term":[{"taxonomy":"product_brand","embeddable":true,"href":"https:\/\/cookking.online\/en\/wp-json\/wp\/v2\/product_brand?post=34357"},{"taxonomy":"product_cat","embeddable":true,"href":"https:\/\/cookking.online\/en\/wp-json\/wp\/v2\/product_cat?post=34357"},{"taxonomy":"product_tag","embeddable":true,"href":"https:\/\/cookking.online\/en\/wp-json\/wp\/v2\/product_tag?post=34357"}],"curies":[{"name":"wp","href":"https:\/\/api.w.org\/{rel}","templated":true}]}}