{"id":34425,"date":"2026-03-10T12:18:52","date_gmt":"2026-03-10T09:18:52","guid":{"rendered":"https:\/\/cookking.online\/?post_type=product&#038;p=34425"},"modified":"2026-03-10T13:09:17","modified_gmt":"2026-03-10T10:09:17","slug":"tetsuhiro-kas-peti-150-mm-kas-953-virtuvinis-peilis","status":"publish","type":"product","link":"https:\/\/cookking.online\/en\/katalogas\/peiliai\/tetsuhiro-kas-peti-150-mm-kas-953-virtuvinis-peilis\/","title":{"rendered":"Tetsuhiro KAS pet\u012f 150 mm [KAS-953] virtuvinis peilis"},"content":{"rendered":"<h1><span style=\"color: #ff0000\">Tetsuhiro KAS Petty 150 mm virtuv\u0117s peilis<\/span><\/h1>\n<\/p>\n<p style=\"text-align: justify\">Kiekvienoje virtuv\u0117je naudingas a\u0161trus peilis yra Petty tipo peilis. Jis i\u0161vaizda primena vir\u0117j\u0173 peil\u012f ir yra labai universalus. Siaura a\u0161men\u0173 dalis leid\u017eia laisvai valdyti peil\u012f pjaunant, lupant ar smulkinant ma\u017eo dyd\u017eio produktus. Peilis puikiai tinka tiek m\u0117sai, tiek \u017euvims ar dar\u017eov\u0117ms. Da\u017enai vietoj didelio vir\u0117j\u0173 peilio imame b\u016btent Petty tipo a\u0161men\u012f, kad greitai supjaustyti pomidor\u0105, kiau\u0161in\u012f ar s\u016brio gabal\u0117l\u012f. Juo nesukapojame kop\u016bsto ar neperpl\u0117\u0161ime moli\u016bgo, bet puikiai atliks kit\u0173 produkt\u0173, kuriuos paprastai pasirenkame, pavyzd\u017eiui, ruo\u0161dami sumu\u0161tin\u012f, pjaustymo darb\u0105. \u0160alia vir\u0117j\u0173 peilio, tai yra populiariausi ir da\u017eniausiai pasirenkami a\u0161menys.<\/p>\n<\/p>\n<h2>Pagrindin\u0117s charakteristikos.<\/h2>\n<p style=\"text-align: justify\" align=\"justify\"><span>Minimalistin\u0117 <span>Tetsuhiro<\/span> mark\u0117s peili\u0173 serija, pagaminta i\u0161 legendin\u0117s <em>Aogami Super<\/em> plieno. Plok\u0161\u010dias a\u0161men\u0173 profilis su vienintele dekoracija &#8211; &#8222;katana-edge&#8221; ra\u0161tu. Prie to europieti\u0161ko stiliaus juoda <strong>micarta<\/strong> rankena. Ta\u010diau nereikia b\u016bti apgautiems \u0161io ramaus dizaino. U\u017e serijos KAS stovi ekstremalus a\u0161men\u0173 kietumas, siekiantis <strong>65 HRC<\/strong>, ir tarsi dangaus dovana a\u0161trumo. \u0160ios serijos peiliai virtuv\u0117je rodo tikr\u0105 bullfight\u0105 ir nenugalimi jokiose kovose. Jei jums reikia kompromiso ne\u017einan\u010di\u0173 a\u0161men\u0173, tai labai tinkama pasirinkimas.<\/span><\/p>\n<p style=\"text-align: justify\" align=\"justify\">\n<h2>Techniniai parametrai:<\/h2>\n<p><strong>Plieno tipas:<\/strong><span> Aogami Super<\/span><br \/><strong>Rankenos med\u017eiaga:<\/strong><span> micarta<\/span><br \/><strong>Kietumas:<\/strong><span> +\/- 64\/65 HRC <\/span><br \/><strong>Bendras ilgis:<\/strong><span> 254 mm<\/span><br \/><strong>A\u0161men\u0173 ilgis:<\/strong><span> 150 mm<\/span><br \/><strong>A\u0161men\u0173 plotis:<\/strong><span>  27 mm<\/span><br \/><strong>A\u0161men\u0173 storis:<\/strong><span> apie 1.75 mm<\/span><br \/><strong>Galandimo b\u016bdas:<\/strong><span> dvipusis simetrinis \u0161lifavimas<\/span><br \/><strong>Svoris:<\/strong><span> apie 76 g<\/span><\/p>","protected":false},"excerpt":{"rendered":"<p>Tetsuhiro KAS Petty 150 mm virtuv\u0117s peilis Kiekvienoje virtuv\u0117je naudingas a\u0161trus peilis yra Petty tipo peilis. Jis i\u0161vaizda primena vir\u0117j\u0173 peil\u012f ir yra labai universalus. Siaura a\u0161men\u0173 dalis leid\u017eia laisvai&#8230;<\/p>","protected":false},"featured_media":34397,"template":"","meta":[],"product_brand":[],"product_cat":[119],"product_tag":[],"class_list":{"0":"post-34425","1":"product","2":"type-product","3":"status-publish","4":"has-post-thumbnail","6":"product_cat-peiliai","8":"first","9":"instock","10":"taxable","11":"shipping-taxable","12":"purchasable","13":"product-type-simple"},"yoast_head":"<!-- This site is optimized with the Yoast SEO plugin v27.3 - https:\/\/yoast.com\/product\/yoast-seo-wordpress\/ -->\n<title>Tetsuhiro KAS pet\u012f 150 mm [KAS-953] virtuvinis peilis - Cookking.online<\/title>\n<meta name=\"description\" content=\"Tetsuhiro KAS Petty 150 mm virtuv\u0117s peilis Kiekvienoje virtuv\u0117je naudingas a\u0161trus peilis yra Petty tipo peilis. Jis i\u0161vaizda primena vir\u0117j\u0173 peil\u012f ir yra laba...\" \/>\n<meta name=\"robots\" content=\"index, follow, max-snippet:-1, max-image-preview:large, max-video-preview:-1\" \/>\n<link rel=\"canonical\" href=\"https:\/\/cookking.online\/en\/katalogas\/peiliai\/tetsuhiro-kas-peti-150-mm-kas-953-virtuvinis-peilis\/\" \/>\n<meta property=\"og:locale\" content=\"en_US\" \/>\n<meta property=\"og:type\" content=\"article\" \/>\n<meta property=\"og:title\" content=\"Tetsuhiro KAS pet\u012f 150 mm [KAS-953] virtuvinis peilis - Cookking.online\" \/>\n<meta property=\"og:description\" content=\"Tetsuhiro KAS Petty 150 mm virtuv\u0117s peilis Kiekvienoje virtuv\u0117je naudingas a\u0161trus peilis yra Petty tipo peilis. Jis i\u0161vaizda primena vir\u0117j\u0173 peil\u012f ir yra laba...\" \/>\n<meta property=\"og:url\" content=\"https:\/\/cookking.online\/en\/katalogas\/peiliai\/tetsuhiro-kas-peti-150-mm-kas-953-virtuvinis-peilis\/\" \/>\n<meta property=\"og:site_name\" content=\"Cookking.online\" \/>\n<meta property=\"article:modified_time\" content=\"2026-03-10T10:09:17+00:00\" \/>\n<meta property=\"og:image\" content=\"https:\/\/cookking.online\/wp-content\/uploads\/2026\/03\/14206_2.png\" \/>\n\t<meta property=\"og:image:width\" content=\"1140\" \/>\n\t<meta property=\"og:image:height\" content=\"641\" \/>\n\t<meta property=\"og:image:type\" content=\"image\/png\" \/>\n<meta name=\"twitter:card\" content=\"summary_large_image\" \/>\n<meta name=\"twitter:label1\" content=\"Est. reading time\" \/>\n\t<meta name=\"twitter:data1\" content=\"1 minute\" \/>\n<script type=\"application\/ld+json\" class=\"yoast-schema-graph\">{\"@context\":\"https:\\\/\\\/schema.org\",\"@graph\":[{\"@type\":\"WebPage\",\"@id\":\"https:\\\/\\\/cookking.online\\\/katalogas\\\/peiliai\\\/tetsuhiro-kas-peti-150-mm-kas-953-virtuvinis-peilis\\\/\",\"url\":\"https:\\\/\\\/cookking.online\\\/katalogas\\\/peiliai\\\/tetsuhiro-kas-peti-150-mm-kas-953-virtuvinis-peilis\\\/\",\"name\":\"Tetsuhiro KAS pet\u012f 150 mm [KAS-953] virtuvinis peilis - Cookking.online\",\"isPartOf\":{\"@id\":\"https:\\\/\\\/cookking.online\\\/#website\"},\"primaryImageOfPage\":{\"@id\":\"https:\\\/\\\/cookking.online\\\/katalogas\\\/peiliai\\\/tetsuhiro-kas-peti-150-mm-kas-953-virtuvinis-peilis\\\/#primaryimage\"},\"image\":{\"@id\":\"https:\\\/\\\/cookking.online\\\/katalogas\\\/peiliai\\\/tetsuhiro-kas-peti-150-mm-kas-953-virtuvinis-peilis\\\/#primaryimage\"},\"thumbnailUrl\":\"https:\\\/\\\/cookking.online\\\/wp-content\\\/uploads\\\/2026\\\/03\\\/14206_2.png\",\"datePublished\":\"2026-03-10T09:18:52+00:00\",\"dateModified\":\"2026-03-10T10:09:17+00:00\",\"description\":\"Tetsuhiro KAS Petty 150 mm virtuv\u0117s peilis Kiekvienoje virtuv\u0117je naudingas a\u0161trus peilis yra Petty tipo peilis. Jis i\u0161vaizda primena vir\u0117j\u0173 peil\u012f ir yra laba...\",\"breadcrumb\":{\"@id\":\"https:\\\/\\\/cookking.online\\\/katalogas\\\/peiliai\\\/tetsuhiro-kas-peti-150-mm-kas-953-virtuvinis-peilis\\\/#breadcrumb\"},\"inLanguage\":\"en-US\",\"potentialAction\":[{\"@type\":\"ReadAction\",\"target\":[\"https:\\\/\\\/cookking.online\\\/katalogas\\\/peiliai\\\/tetsuhiro-kas-peti-150-mm-kas-953-virtuvinis-peilis\\\/\"]}]},{\"@type\":\"ImageObject\",\"inLanguage\":\"en-US\",\"@id\":\"https:\\\/\\\/cookking.online\\\/katalogas\\\/peiliai\\\/tetsuhiro-kas-peti-150-mm-kas-953-virtuvinis-peilis\\\/#primaryimage\",\"url\":\"https:\\\/\\\/cookking.online\\\/wp-content\\\/uploads\\\/2026\\\/03\\\/14206_2.png\",\"contentUrl\":\"https:\\\/\\\/cookking.online\\\/wp-content\\\/uploads\\\/2026\\\/03\\\/14206_2.png\",\"width\":1140,\"height\":641},{\"@type\":\"BreadcrumbList\",\"@id\":\"https:\\\/\\\/cookking.online\\\/katalogas\\\/peiliai\\\/tetsuhiro-kas-peti-150-mm-kas-953-virtuvinis-peilis\\\/#breadcrumb\",\"itemListElement\":[{\"@type\":\"ListItem\",\"position\":1,\"name\":\"Prad\u017eia\",\"item\":\"https:\\\/\\\/cookking.online\\\/\"},{\"@type\":\"ListItem\",\"position\":2,\"name\":\"Parduotuv\u0117\",\"item\":\"https:\\\/\\\/cookking.online\\\/parduotuve\\\/\"},{\"@type\":\"ListItem\",\"position\":3,\"name\":\"Tetsuhiro KAS pet\u012f 150 mm [KAS-953] virtuvinis peilis\"}]},{\"@type\":\"WebSite\",\"@id\":\"https:\\\/\\\/cookking.online\\\/#website\",\"url\":\"https:\\\/\\\/cookking.online\\\/\",\"name\":\"Cookking.online\",\"description\":\"\",\"publisher\":{\"@id\":\"https:\\\/\\\/cookking.online\\\/#organization\"},\"potentialAction\":[{\"@type\":\"SearchAction\",\"target\":{\"@type\":\"EntryPoint\",\"urlTemplate\":\"https:\\\/\\\/cookking.online\\\/?s={search_term_string}\"},\"query-input\":{\"@type\":\"PropertyValueSpecification\",\"valueRequired\":true,\"valueName\":\"search_term_string\"}}],\"inLanguage\":\"en-US\"},{\"@type\":\"Organization\",\"@id\":\"https:\\\/\\\/cookking.online\\\/#organization\",\"name\":\"Cookking.online\",\"url\":\"https:\\\/\\\/cookking.online\\\/\",\"logo\":{\"@type\":\"ImageObject\",\"inLanguage\":\"en-US\",\"@id\":\"https:\\\/\\\/cookking.online\\\/#\\\/schema\\\/logo\\\/image\\\/\",\"url\":\"https:\\\/\\\/cookking.online\\\/wp-content\\\/uploads\\\/2021\\\/11\\\/Logo.png\",\"contentUrl\":\"https:\\\/\\\/cookking.online\\\/wp-content\\\/uploads\\\/2021\\\/11\\\/Logo.png\",\"width\":291,\"height\":100,\"caption\":\"Cookking.online\"},\"image\":{\"@id\":\"https:\\\/\\\/cookking.online\\\/#\\\/schema\\\/logo\\\/image\\\/\"}}]}<\/script>\n<!-- \/ Yoast SEO plugin. -->","yoast_head_json":{"title":"Tetsuhiro KAS pet\u012f 150 mm [KAS-953] virtuvinis peilis - Cookking.online","description":"Tetsuhiro KAS Petty 150 mm virtuv\u0117s peilis Kiekvienoje virtuv\u0117je naudingas a\u0161trus peilis yra Petty tipo peilis. Jis i\u0161vaizda primena vir\u0117j\u0173 peil\u012f ir yra laba...","robots":{"index":"index","follow":"follow","max-snippet":"max-snippet:-1","max-image-preview":"max-image-preview:large","max-video-preview":"max-video-preview:-1"},"canonical":"https:\/\/cookking.online\/en\/katalogas\/peiliai\/tetsuhiro-kas-peti-150-mm-kas-953-virtuvinis-peilis\/","og_locale":"en_US","og_type":"article","og_title":"Tetsuhiro KAS pet\u012f 150 mm [KAS-953] virtuvinis peilis - Cookking.online","og_description":"Tetsuhiro KAS Petty 150 mm virtuv\u0117s peilis Kiekvienoje virtuv\u0117je naudingas a\u0161trus peilis yra Petty tipo peilis. Jis i\u0161vaizda primena vir\u0117j\u0173 peil\u012f ir yra laba...","og_url":"https:\/\/cookking.online\/en\/katalogas\/peiliai\/tetsuhiro-kas-peti-150-mm-kas-953-virtuvinis-peilis\/","og_site_name":"Cookking.online","article_modified_time":"2026-03-10T10:09:17+00:00","og_image":[{"width":1140,"height":641,"url":"https:\/\/cookking.online\/wp-content\/uploads\/2026\/03\/14206_2.png","type":"image\/png"}],"twitter_card":"summary_large_image","twitter_misc":{"Est. reading time":"1 minute"},"schema":{"@context":"https:\/\/schema.org","@graph":[{"@type":"WebPage","@id":"https:\/\/cookking.online\/katalogas\/peiliai\/tetsuhiro-kas-peti-150-mm-kas-953-virtuvinis-peilis\/","url":"https:\/\/cookking.online\/katalogas\/peiliai\/tetsuhiro-kas-peti-150-mm-kas-953-virtuvinis-peilis\/","name":"Tetsuhiro KAS pet\u012f 150 mm [KAS-953] virtuvinis peilis - Cookking.online","isPartOf":{"@id":"https:\/\/cookking.online\/#website"},"primaryImageOfPage":{"@id":"https:\/\/cookking.online\/katalogas\/peiliai\/tetsuhiro-kas-peti-150-mm-kas-953-virtuvinis-peilis\/#primaryimage"},"image":{"@id":"https:\/\/cookking.online\/katalogas\/peiliai\/tetsuhiro-kas-peti-150-mm-kas-953-virtuvinis-peilis\/#primaryimage"},"thumbnailUrl":"https:\/\/cookking.online\/wp-content\/uploads\/2026\/03\/14206_2.png","datePublished":"2026-03-10T09:18:52+00:00","dateModified":"2026-03-10T10:09:17+00:00","description":"Tetsuhiro KAS Petty 150 mm virtuv\u0117s peilis Kiekvienoje virtuv\u0117je naudingas a\u0161trus peilis yra Petty tipo peilis. Jis i\u0161vaizda primena vir\u0117j\u0173 peil\u012f ir yra laba...","breadcrumb":{"@id":"https:\/\/cookking.online\/katalogas\/peiliai\/tetsuhiro-kas-peti-150-mm-kas-953-virtuvinis-peilis\/#breadcrumb"},"inLanguage":"en-US","potentialAction":[{"@type":"ReadAction","target":["https:\/\/cookking.online\/katalogas\/peiliai\/tetsuhiro-kas-peti-150-mm-kas-953-virtuvinis-peilis\/"]}]},{"@type":"ImageObject","inLanguage":"en-US","@id":"https:\/\/cookking.online\/katalogas\/peiliai\/tetsuhiro-kas-peti-150-mm-kas-953-virtuvinis-peilis\/#primaryimage","url":"https:\/\/cookking.online\/wp-content\/uploads\/2026\/03\/14206_2.png","contentUrl":"https:\/\/cookking.online\/wp-content\/uploads\/2026\/03\/14206_2.png","width":1140,"height":641},{"@type":"BreadcrumbList","@id":"https:\/\/cookking.online\/katalogas\/peiliai\/tetsuhiro-kas-peti-150-mm-kas-953-virtuvinis-peilis\/#breadcrumb","itemListElement":[{"@type":"ListItem","position":1,"name":"Prad\u017eia","item":"https:\/\/cookking.online\/"},{"@type":"ListItem","position":2,"name":"Parduotuv\u0117","item":"https:\/\/cookking.online\/parduotuve\/"},{"@type":"ListItem","position":3,"name":"Tetsuhiro KAS pet\u012f 150 mm [KAS-953] virtuvinis peilis"}]},{"@type":"WebSite","@id":"https:\/\/cookking.online\/#website","url":"https:\/\/cookking.online\/","name":"Cookking.online","description":"","publisher":{"@id":"https:\/\/cookking.online\/#organization"},"potentialAction":[{"@type":"SearchAction","target":{"@type":"EntryPoint","urlTemplate":"https:\/\/cookking.online\/?s={search_term_string}"},"query-input":{"@type":"PropertyValueSpecification","valueRequired":true,"valueName":"search_term_string"}}],"inLanguage":"en-US"},{"@type":"Organization","@id":"https:\/\/cookking.online\/#organization","name":"Cookking.online","url":"https:\/\/cookking.online\/","logo":{"@type":"ImageObject","inLanguage":"en-US","@id":"https:\/\/cookking.online\/#\/schema\/logo\/image\/","url":"https:\/\/cookking.online\/wp-content\/uploads\/2021\/11\/Logo.png","contentUrl":"https:\/\/cookking.online\/wp-content\/uploads\/2021\/11\/Logo.png","width":291,"height":100,"caption":"Cookking.online"},"image":{"@id":"https:\/\/cookking.online\/#\/schema\/logo\/image\/"}}]}},"_links":{"self":[{"href":"https:\/\/cookking.online\/en\/wp-json\/wp\/v2\/product\/34425","targetHints":{"allow":["GET"]}}],"collection":[{"href":"https:\/\/cookking.online\/en\/wp-json\/wp\/v2\/product"}],"about":[{"href":"https:\/\/cookking.online\/en\/wp-json\/wp\/v2\/types\/product"}],"wp:featuredmedia":[{"embeddable":true,"href":"https:\/\/cookking.online\/en\/wp-json\/wp\/v2\/media\/34397"}],"wp:attachment":[{"href":"https:\/\/cookking.online\/en\/wp-json\/wp\/v2\/media?parent=34425"}],"wp:term":[{"taxonomy":"product_brand","embeddable":true,"href":"https:\/\/cookking.online\/en\/wp-json\/wp\/v2\/product_brand?post=34425"},{"taxonomy":"product_cat","embeddable":true,"href":"https:\/\/cookking.online\/en\/wp-json\/wp\/v2\/product_cat?post=34425"},{"taxonomy":"product_tag","embeddable":true,"href":"https:\/\/cookking.online\/en\/wp-json\/wp\/v2\/product_tag?post=34425"}],"curies":[{"name":"wp","href":"https:\/\/api.w.org\/{rel}","templated":true}]}}