{"id":34433,"date":"2026-03-10T12:18:51","date_gmt":"2026-03-10T09:18:51","guid":{"rendered":"https:\/\/cookking.online\/?post_type=product&#038;p=34433"},"modified":"2026-03-10T13:09:10","modified_gmt":"2026-03-10T10:09:10","slug":"masahiro-sankei-205-mm-rudos-spalvos-grandymo-peilis-35923","status":"publish","type":"product","link":"https:\/\/cookking.online\/en\/katalogas\/peiliai\/masahiro-sankei-205-mm-rudos-spalvos-grandymo-peilis-35923\/","title":{"rendered":"Masahiro SANKEI 205 mm rudos spalvos grandymo peilis [35923]"},"content":{"rendered":"<h1 style=\"text-align: justify\"><span style=\"color: #ff0000\"><strong>Masahiro SANKEI Carving peilis 205 mm<\/strong><\/span><br \/> <\/h1>\n<p class=\"western\" align=\"justify\">Carving tipo peilis yra charakteristinis ilgas ir siauras a\u0161menys. Jis puikiai tinka tiek japon\u0173 virtuvei, ruo\u0161iant su\u0161ius ir sa\u0161imus, tiek Europos virtuvei, pjaunant ir supjaus\u010diant m\u0117s\u0105, kepsnius, kump\u012f ar kitus r\u016bkytus produktus. Tvirta ir ilga gele\u017et\u0117 leid\u017eia atlikti tiksli\u0173 pj\u016bvi\u0173 net ir dideliuose m\u0117sos gabaluose, o siauras peilio galiukas leid\u017eia pasiekti sunkiai prieinamas vietas ir tobulai i\u0161pjaustyti, pavyzd\u017eiui, dar\u017eoves ar vaisius.<\/p>\n<p class=\"western\" align=\"justify\">\n<p style=\"text-align: justify\">Peili\u0173 gamybai naudota <strong>MBS-26<\/strong> plieno mark\u0117 yra i\u0161skirtinis anglies (0,85-1,00%), chromo (13-15%) ir molibdeno, mangano bei vanado lydinio derinys. \u0160is med\u017eiagos yra ypating\u0173 savybi\u0173, d\u0117l specialaus \u0161iluminio apdorojimo proceso. Trij\u0173 etap\u0173 procesas, kur\u012f sudaro u\u017egr\u016bdinimas, au\u0161inimas labai \u017eemoje temperat\u016broje ir atspalvinimas, kol pasiekiama<span> <\/span><strong>58-59 HRC<\/strong><span> <\/span>kietumas, \u017einomas tik \u012fmon\u0117s \u0161eimininkams &#8211; <strong>Hattori<\/strong> \u0161eimai. Tokiu b\u016bdu pagamintas plienas leid\u017eia pasiekti nepaprast\u0105 a\u0161trum\u0105, o didel\u0117 pjaunan\u010dio kra\u0161to agresija i\u0161lieka ilg\u0105 laik\u0105 &#8211; tai savyb\u0117, kuri\u0105 pripa\u017e\u012fsta vartotojai visame pasaulyje. <strong>MBS-26<\/strong><span> <\/span>priklauso ner\u016bdijan\u010di\u0173 plien\u0173 grupei, tod\u0117l nesureaguoja su r\u016bg\u0161tiniais produktais nei spalvos, nei kvapo pakitimais. \u0160io lydinio peili\u0173 prie\u017ei\u016bra ir i\u0161laikymas blizgan\u010dios i\u0161vaizdos nekelia joki\u0173 problem\u0173. U\u017etenka \u012fprastos plovimo \u0161iltame vandenyje su ind\u0173 plovimo skys\u010dio proced\u016bros. Tik reikia atsiminti nu\u0161luostyti peil\u012f, kad nelikt\u0173 dr\u0117gm\u0117s.<\/p>\n<p style=\"text-align: justify\">Paprastas ir funkcionalus <strong>pakkawood<\/strong><span> <\/span>ranken\u0173 forma suteikia peiliui ypating\u0105 charakter\u012f. Idealiai i\u0161poliruota rankena, kurioje nejuntamos dvi kinitn\u0117s, u\u017etikrina labai patog\u0173 darb\u0105 su \u0161iuo \u012frankiu, net ir ilgesn\u012f laik\u0105.<\/p>\n<p><strong>Sankei<\/strong><span> <\/span>serija skirta pagrindiniai virtuv\u0117s m\u0117g\u0117jams, bet be joki\u0173 problem\u0173 pasitarnaus ir sunkiose restorano virtuv\u0117s s\u0105lygomis. Serija susideda i\u0161 \u0161e\u0161i\u0173 pagrindini\u0173 peili\u0173, toki\u0173 kaip: \u0161ef\u0173 peilis, santoku, luptuv\u0117lis (paring), ma\u017eesnis universalus peilis (15 cm a\u0161men\u0173 ilgio) ir duonos pjaustymo bei raikymo peilis. Kompakti\u0161ki matmenys, puikus balansas ir nedidelis svoris yra \u0161ios serijos ypatyb\u0117s. D\u0117l saugumo visi modeliai (i\u0161skyrus duonos peil\u012f) turi nuslifuotus kampus (peilio kakta &#8211; pjaunamasis kra\u0161tas), apsaugantys nuo atsitiktini\u0173 \u012fsipjovim\u0173. Kaip ir visi <strong>Masahiro<\/strong> produktai, <strong>Sankei<\/strong><span> <\/span>peiliai pagaminti kruop\u0161\u010diai ir su meile net ma\u017eiausioms detal\u0117ms.<\/p>\n<p style=\"text-align: justify\">\n<table>\n<tbody>\n<tr>\n<td><strong>Plieno tipas:<\/strong><\/td>\n<td>MBS-26<\/td>\n<\/tr>\n<tr>\n<td><strong>HRC:<\/strong><\/td>\n<td>58-59<\/td>\n<\/tr>\n<tr>\n<td><strong>Rankenos med\u017eiaga:<\/strong><\/td>\n<td>pakkawood mediena<\/td>\n<\/tr>\n<tr>\n<td><strong>Galandinimo b\u016bdas:<\/strong><\/td>\n<td>dvi\u0161akis, asimetri\u0161kas 80\/20<\/td>\n<\/tr>\n<tr>\n<td><strong>Matmenys:<\/strong><\/td>\n<td><img decoding=\"async\" class=\"grayscale grayscale-off\" src=\"https:\/\/masahiro.pl\/upload\/1\/knife_dimensions_cr_negative2.jpg\" border=\"0\" alt=\"\" \/><\/td>\n<\/tr>\n<tr>\n<td><strong>Bendras ilgis (A):<\/strong><\/td>\n<td> 330 mm<\/td>\n<\/tr>\n<tr>\n<td><strong>Gele\u017et\u0117s ilgis (B):<\/strong><\/td>\n<td> 205 mm<\/td>\n<\/tr>\n<tr>\n<td><strong>Plotis (C):<\/strong><\/td>\n<td> 34 mm<\/td>\n<\/tr>\n<tr>\n<td><strong>Storis (D):<\/strong><\/td>\n<td> 1.8 mm<\/td>\n<\/tr>\n<tr>\n<td><strong>Svoris:<\/strong><\/td>\n<td> 100 g<\/td>\n<\/tr>\n<\/tbody>\n<\/table>\n<p style=\"text-align: justify\">\n<p><strong>Naudingi patarimai:<\/strong><\/p>\n<ul>\n<li>Visi Masahiro peiliai yra itin a\u0161tr\u016bs, tod\u0117l juos reikia naudoti atsargiai.<\/li>\n<li>Masahiro peili\u0173 negalima naudoti \u0161aldytiems produktams pjaustyti (i\u0161skyrus tam skirt\u0105 serij\u0105).<\/li>\n<li>Nenaudokite peili\u0173 kitiems, ne maisto produktams skirtiem tikslams.<\/li>\n<li>Pjovimui naudokite medines arba plastikines pjaustymo lentas.<\/li>\n<li>Neplaukite peili\u0173 indaplov\u0117je, nes tai gali pa\u017eeisti pjaunant\u012f kra\u0161t\u0105.<\/li>\n<li>Plaukite peil\u012f \u0161iltame vandenyje su ind\u0173 plovimo skys\u010diu.<\/li>\n<li>Po plovimo, nusausinkite peil\u012f.<\/li>\n<\/ul>\n<p style=\"text-align: justify\">","protected":false},"excerpt":{"rendered":"<p>Masahiro SANKEI Carving peilis 205 mm Carving tipo peilis yra charakteristinis ilgas ir siauras a\u0161menys. Jis puikiai tinka tiek japon\u0173 virtuvei, ruo\u0161iant su\u0161ius ir sa\u0161imus, tiek Europos virtuvei, pjaunant ir&#8230;<\/p>","protected":false},"featured_media":34427,"template":"","meta":[],"product_brand":[],"product_cat":[119],"product_tag":[],"class_list":{"0":"post-34433","1":"product","2":"type-product","3":"status-publish","4":"has-post-thumbnail","6":"product_cat-peiliai","8":"first","9":"instock","10":"taxable","11":"shipping-taxable","12":"purchasable","13":"product-type-simple"},"yoast_head":"<!-- This site is optimized with the Yoast SEO plugin v27.3 - https:\/\/yoast.com\/product\/yoast-seo-wordpress\/ -->\n<title>Masahiro SANKEI 205 mm rudos spalvos grandymo peilis [35923] - Cookking.online<\/title>\n<meta name=\"description\" content=\"Masahiro SANKEI Carving peilis 205 mm Carving tipo peilis yra charakteristinis ilgas ir siauras a\u0161menys. Jis puikiai tinka tiek japon\u0173 virtuvei, ruo\u0161iant su\u0161...\" \/>\n<meta name=\"robots\" content=\"index, follow, max-snippet:-1, max-image-preview:large, max-video-preview:-1\" \/>\n<link rel=\"canonical\" href=\"https:\/\/cookking.online\/en\/katalogas\/peiliai\/masahiro-sankei-205-mm-rudos-spalvos-grandymo-peilis-35923\/\" \/>\n<meta property=\"og:locale\" content=\"en_US\" \/>\n<meta property=\"og:type\" content=\"article\" \/>\n<meta property=\"og:title\" content=\"Masahiro SANKEI 205 mm rudos spalvos grandymo peilis [35923] - Cookking.online\" \/>\n<meta property=\"og:description\" content=\"Masahiro SANKEI Carving peilis 205 mm Carving tipo peilis yra charakteristinis ilgas ir siauras a\u0161menys. Jis puikiai tinka tiek japon\u0173 virtuvei, ruo\u0161iant su\u0161...\" \/>\n<meta property=\"og:url\" content=\"https:\/\/cookking.online\/en\/katalogas\/peiliai\/masahiro-sankei-205-mm-rudos-spalvos-grandymo-peilis-35923\/\" \/>\n<meta property=\"og:site_name\" content=\"Cookking.online\" \/>\n<meta property=\"article:modified_time\" content=\"2026-03-10T10:09:10+00:00\" \/>\n<meta property=\"og:image\" content=\"https:\/\/cookking.online\/wp-content\/uploads\/2026\/03\/14280_3-1.png\" \/>\n\t<meta property=\"og:image:width\" content=\"1500\" \/>\n\t<meta property=\"og:image:height\" content=\"1500\" \/>\n\t<meta property=\"og:image:type\" content=\"image\/png\" \/>\n<meta name=\"twitter:card\" content=\"summary_large_image\" \/>\n<meta name=\"twitter:label1\" content=\"Est. reading time\" \/>\n\t<meta name=\"twitter:data1\" content=\"2 minutes\" \/>\n<script type=\"application\/ld+json\" class=\"yoast-schema-graph\">{\"@context\":\"https:\\\/\\\/schema.org\",\"@graph\":[{\"@type\":\"WebPage\",\"@id\":\"https:\\\/\\\/cookking.online\\\/katalogas\\\/peiliai\\\/masahiro-sankei-205-mm-rudos-spalvos-grandymo-peilis-35923\\\/\",\"url\":\"https:\\\/\\\/cookking.online\\\/katalogas\\\/peiliai\\\/masahiro-sankei-205-mm-rudos-spalvos-grandymo-peilis-35923\\\/\",\"name\":\"Masahiro SANKEI 205 mm rudos spalvos grandymo peilis [35923] - Cookking.online\",\"isPartOf\":{\"@id\":\"https:\\\/\\\/cookking.online\\\/#website\"},\"primaryImageOfPage\":{\"@id\":\"https:\\\/\\\/cookking.online\\\/katalogas\\\/peiliai\\\/masahiro-sankei-205-mm-rudos-spalvos-grandymo-peilis-35923\\\/#primaryimage\"},\"image\":{\"@id\":\"https:\\\/\\\/cookking.online\\\/katalogas\\\/peiliai\\\/masahiro-sankei-205-mm-rudos-spalvos-grandymo-peilis-35923\\\/#primaryimage\"},\"thumbnailUrl\":\"https:\\\/\\\/cookking.online\\\/wp-content\\\/uploads\\\/2026\\\/03\\\/14280_3-1.png\",\"datePublished\":\"2026-03-10T09:18:51+00:00\",\"dateModified\":\"2026-03-10T10:09:10+00:00\",\"description\":\"Masahiro SANKEI Carving peilis 205 mm Carving tipo peilis yra charakteristinis ilgas ir siauras a\u0161menys. Jis puikiai tinka tiek japon\u0173 virtuvei, ruo\u0161iant su\u0161...\",\"breadcrumb\":{\"@id\":\"https:\\\/\\\/cookking.online\\\/katalogas\\\/peiliai\\\/masahiro-sankei-205-mm-rudos-spalvos-grandymo-peilis-35923\\\/#breadcrumb\"},\"inLanguage\":\"en-US\",\"potentialAction\":[{\"@type\":\"ReadAction\",\"target\":[\"https:\\\/\\\/cookking.online\\\/katalogas\\\/peiliai\\\/masahiro-sankei-205-mm-rudos-spalvos-grandymo-peilis-35923\\\/\"]}]},{\"@type\":\"ImageObject\",\"inLanguage\":\"en-US\",\"@id\":\"https:\\\/\\\/cookking.online\\\/katalogas\\\/peiliai\\\/masahiro-sankei-205-mm-rudos-spalvos-grandymo-peilis-35923\\\/#primaryimage\",\"url\":\"https:\\\/\\\/cookking.online\\\/wp-content\\\/uploads\\\/2026\\\/03\\\/14280_3-1.png\",\"contentUrl\":\"https:\\\/\\\/cookking.online\\\/wp-content\\\/uploads\\\/2026\\\/03\\\/14280_3-1.png\",\"width\":1500,\"height\":1500},{\"@type\":\"BreadcrumbList\",\"@id\":\"https:\\\/\\\/cookking.online\\\/katalogas\\\/peiliai\\\/masahiro-sankei-205-mm-rudos-spalvos-grandymo-peilis-35923\\\/#breadcrumb\",\"itemListElement\":[{\"@type\":\"ListItem\",\"position\":1,\"name\":\"Prad\u017eia\",\"item\":\"https:\\\/\\\/cookking.online\\\/\"},{\"@type\":\"ListItem\",\"position\":2,\"name\":\"Parduotuv\u0117\",\"item\":\"https:\\\/\\\/cookking.online\\\/parduotuve\\\/\"},{\"@type\":\"ListItem\",\"position\":3,\"name\":\"Masahiro SANKEI 205 mm rudos spalvos grandymo peilis [35923]\"}]},{\"@type\":\"WebSite\",\"@id\":\"https:\\\/\\\/cookking.online\\\/#website\",\"url\":\"https:\\\/\\\/cookking.online\\\/\",\"name\":\"Cookking.online\",\"description\":\"\",\"publisher\":{\"@id\":\"https:\\\/\\\/cookking.online\\\/#organization\"},\"potentialAction\":[{\"@type\":\"SearchAction\",\"target\":{\"@type\":\"EntryPoint\",\"urlTemplate\":\"https:\\\/\\\/cookking.online\\\/?s={search_term_string}\"},\"query-input\":{\"@type\":\"PropertyValueSpecification\",\"valueRequired\":true,\"valueName\":\"search_term_string\"}}],\"inLanguage\":\"en-US\"},{\"@type\":\"Organization\",\"@id\":\"https:\\\/\\\/cookking.online\\\/#organization\",\"name\":\"Cookking.online\",\"url\":\"https:\\\/\\\/cookking.online\\\/\",\"logo\":{\"@type\":\"ImageObject\",\"inLanguage\":\"en-US\",\"@id\":\"https:\\\/\\\/cookking.online\\\/#\\\/schema\\\/logo\\\/image\\\/\",\"url\":\"https:\\\/\\\/cookking.online\\\/wp-content\\\/uploads\\\/2021\\\/11\\\/Logo.png\",\"contentUrl\":\"https:\\\/\\\/cookking.online\\\/wp-content\\\/uploads\\\/2021\\\/11\\\/Logo.png\",\"width\":291,\"height\":100,\"caption\":\"Cookking.online\"},\"image\":{\"@id\":\"https:\\\/\\\/cookking.online\\\/#\\\/schema\\\/logo\\\/image\\\/\"}}]}<\/script>\n<!-- \/ Yoast SEO plugin. -->","yoast_head_json":{"title":"Masahiro SANKEI 205 mm rudos spalvos grandymo peilis [35923] - Cookking.online","description":"Masahiro SANKEI Carving peilis 205 mm Carving tipo peilis yra charakteristinis ilgas ir siauras a\u0161menys. Jis puikiai tinka tiek japon\u0173 virtuvei, ruo\u0161iant su\u0161...","robots":{"index":"index","follow":"follow","max-snippet":"max-snippet:-1","max-image-preview":"max-image-preview:large","max-video-preview":"max-video-preview:-1"},"canonical":"https:\/\/cookking.online\/en\/katalogas\/peiliai\/masahiro-sankei-205-mm-rudos-spalvos-grandymo-peilis-35923\/","og_locale":"en_US","og_type":"article","og_title":"Masahiro SANKEI 205 mm rudos spalvos grandymo peilis [35923] - Cookking.online","og_description":"Masahiro SANKEI Carving peilis 205 mm Carving tipo peilis yra charakteristinis ilgas ir siauras a\u0161menys. Jis puikiai tinka tiek japon\u0173 virtuvei, ruo\u0161iant su\u0161...","og_url":"https:\/\/cookking.online\/en\/katalogas\/peiliai\/masahiro-sankei-205-mm-rudos-spalvos-grandymo-peilis-35923\/","og_site_name":"Cookking.online","article_modified_time":"2026-03-10T10:09:10+00:00","og_image":[{"width":1500,"height":1500,"url":"https:\/\/cookking.online\/wp-content\/uploads\/2026\/03\/14280_3-1.png","type":"image\/png"}],"twitter_card":"summary_large_image","twitter_misc":{"Est. reading time":"2 minutes"},"schema":{"@context":"https:\/\/schema.org","@graph":[{"@type":"WebPage","@id":"https:\/\/cookking.online\/katalogas\/peiliai\/masahiro-sankei-205-mm-rudos-spalvos-grandymo-peilis-35923\/","url":"https:\/\/cookking.online\/katalogas\/peiliai\/masahiro-sankei-205-mm-rudos-spalvos-grandymo-peilis-35923\/","name":"Masahiro SANKEI 205 mm rudos spalvos grandymo peilis [35923] - Cookking.online","isPartOf":{"@id":"https:\/\/cookking.online\/#website"},"primaryImageOfPage":{"@id":"https:\/\/cookking.online\/katalogas\/peiliai\/masahiro-sankei-205-mm-rudos-spalvos-grandymo-peilis-35923\/#primaryimage"},"image":{"@id":"https:\/\/cookking.online\/katalogas\/peiliai\/masahiro-sankei-205-mm-rudos-spalvos-grandymo-peilis-35923\/#primaryimage"},"thumbnailUrl":"https:\/\/cookking.online\/wp-content\/uploads\/2026\/03\/14280_3-1.png","datePublished":"2026-03-10T09:18:51+00:00","dateModified":"2026-03-10T10:09:10+00:00","description":"Masahiro SANKEI Carving peilis 205 mm Carving tipo peilis yra charakteristinis ilgas ir siauras a\u0161menys. Jis puikiai tinka tiek japon\u0173 virtuvei, ruo\u0161iant su\u0161...","breadcrumb":{"@id":"https:\/\/cookking.online\/katalogas\/peiliai\/masahiro-sankei-205-mm-rudos-spalvos-grandymo-peilis-35923\/#breadcrumb"},"inLanguage":"en-US","potentialAction":[{"@type":"ReadAction","target":["https:\/\/cookking.online\/katalogas\/peiliai\/masahiro-sankei-205-mm-rudos-spalvos-grandymo-peilis-35923\/"]}]},{"@type":"ImageObject","inLanguage":"en-US","@id":"https:\/\/cookking.online\/katalogas\/peiliai\/masahiro-sankei-205-mm-rudos-spalvos-grandymo-peilis-35923\/#primaryimage","url":"https:\/\/cookking.online\/wp-content\/uploads\/2026\/03\/14280_3-1.png","contentUrl":"https:\/\/cookking.online\/wp-content\/uploads\/2026\/03\/14280_3-1.png","width":1500,"height":1500},{"@type":"BreadcrumbList","@id":"https:\/\/cookking.online\/katalogas\/peiliai\/masahiro-sankei-205-mm-rudos-spalvos-grandymo-peilis-35923\/#breadcrumb","itemListElement":[{"@type":"ListItem","position":1,"name":"Prad\u017eia","item":"https:\/\/cookking.online\/"},{"@type":"ListItem","position":2,"name":"Parduotuv\u0117","item":"https:\/\/cookking.online\/parduotuve\/"},{"@type":"ListItem","position":3,"name":"Masahiro SANKEI 205 mm rudos spalvos grandymo peilis [35923]"}]},{"@type":"WebSite","@id":"https:\/\/cookking.online\/#website","url":"https:\/\/cookking.online\/","name":"Cookking.online","description":"","publisher":{"@id":"https:\/\/cookking.online\/#organization"},"potentialAction":[{"@type":"SearchAction","target":{"@type":"EntryPoint","urlTemplate":"https:\/\/cookking.online\/?s={search_term_string}"},"query-input":{"@type":"PropertyValueSpecification","valueRequired":true,"valueName":"search_term_string"}}],"inLanguage":"en-US"},{"@type":"Organization","@id":"https:\/\/cookking.online\/#organization","name":"Cookking.online","url":"https:\/\/cookking.online\/","logo":{"@type":"ImageObject","inLanguage":"en-US","@id":"https:\/\/cookking.online\/#\/schema\/logo\/image\/","url":"https:\/\/cookking.online\/wp-content\/uploads\/2021\/11\/Logo.png","contentUrl":"https:\/\/cookking.online\/wp-content\/uploads\/2021\/11\/Logo.png","width":291,"height":100,"caption":"Cookking.online"},"image":{"@id":"https:\/\/cookking.online\/#\/schema\/logo\/image\/"}}]}},"_links":{"self":[{"href":"https:\/\/cookking.online\/en\/wp-json\/wp\/v2\/product\/34433","targetHints":{"allow":["GET"]}}],"collection":[{"href":"https:\/\/cookking.online\/en\/wp-json\/wp\/v2\/product"}],"about":[{"href":"https:\/\/cookking.online\/en\/wp-json\/wp\/v2\/types\/product"}],"wp:featuredmedia":[{"embeddable":true,"href":"https:\/\/cookking.online\/en\/wp-json\/wp\/v2\/media\/34427"}],"wp:attachment":[{"href":"https:\/\/cookking.online\/en\/wp-json\/wp\/v2\/media?parent=34433"}],"wp:term":[{"taxonomy":"product_brand","embeddable":true,"href":"https:\/\/cookking.online\/en\/wp-json\/wp\/v2\/product_brand?post=34433"},{"taxonomy":"product_cat","embeddable":true,"href":"https:\/\/cookking.online\/en\/wp-json\/wp\/v2\/product_cat?post=34433"},{"taxonomy":"product_tag","embeddable":true,"href":"https:\/\/cookking.online\/en\/wp-json\/wp\/v2\/product_tag?post=34433"}],"curies":[{"name":"wp","href":"https:\/\/api.w.org\/{rel}","templated":true}]}}