{"id":34467,"date":"2026-03-10T12:18:51","date_gmt":"2026-03-10T09:18:51","guid":{"rendered":"https:\/\/cookking.online\/?post_type=product&#038;p=34467"},"modified":"2026-03-10T13:09:03","modified_gmt":"2026-03-10T10:09:03","slug":"tetsuhiro-kas-santoku-170-mm-kas-951-virtuvinis-peilis","status":"publish","type":"product","link":"https:\/\/cookking.online\/en\/katalogas\/peiliai\/tetsuhiro-kas-santoku-170-mm-kas-951-virtuvinis-peilis\/","title":{"rendered":"Tetsuhiro KAS Santoku 170 mm [KAS-951] virtuvinis peilis"},"content":{"rendered":"<h1><span style=\"color: #ff0000\">Tetsuhiro KAS Santoku 170 mm virtuvinis peilis<\/span><\/h1>\n<\/p>\n<p align=\"justify\"><strong><span><span>Santoku<\/span><\/span><\/strong><span><span> yra a\u0161muo, labai b\u016bdingas japoni\u0161kai virtuvei. Charakteringas, \u017eemai \u012fsikib\u0119s galiukas, stipriai i\u0161link\u0119s nugaros dalis ir plok\u0161\u010dias a\u0161men\u0173 darbinis pavir\u0161ius yra palank\u016bs tarkavimui, smulkinimui ir dar\u017eovi\u0173 pjaustymu. Ta\u010diau tegul niekas nesuveda \u0161io peilio i\u0161vaizdos. <\/span><\/span><strong><span><span>Santoku<\/span><\/span><\/strong><span><span> naudojamas vienodai tiek vegani\u0161kai ar vegetari\u0161kai virtuvei, tiek ir m\u0117sai, de\u0161roms bei \u017euvims pjaustyti. Tai ypa\u010d universalus a\u0161muo, o plati gele\u017et\u0117 leid\u017eia tiesiog perkelti supjaustytas produktus \u012f puod\u0105 ar keptuv\u0119. <\/span><\/span><\/p>\n<\/p>\n<h2>Charakteristikos.<\/h2>\n<p style=\"text-align: justify\" align=\"justify\"><span>Minimalisti<\/span><span>n\u0117<\/span><span><span> <\/span>prek\u0117s \u017eenklo<span> <\/span><strong>Tetsuhiro<\/strong><span> <\/span>peili\u0173 serija i\u0161 legendin\u0117s<span> <\/span><em>Aogami Super<\/em> plieno. Paprasta gele\u017et\u0117 su vienintele puo\u0161mena &#8211; <em>katana-edge<\/em> ra\u0161tais. Dar ir rankena i\u0161 juodos<span> <\/span><strong>micartos<\/strong><span> <\/span>europiniu stiliumi. Bet tegul jus nesuklaidina \u0161i ramyb\u0117. U\u017e serijos KAS stovi itin didelis 65 HRC kietumas ir beveik negird\u0117ta a\u0161truma. \u0160ios serijos peiliai virtuv\u0117je rodo tikr\u0105 corrid\u0105 ir n\u0117 vienos kovos nepralaim\u0117s. Jei jums reikia kompromiso neken\u010dian\u010dio a\u0161mens, tai gerai pataik\u0117te.<\/span><\/p>\n<p style=\"text-align: justify\" align=\"justify\">\n<h2>Techniniai duomenys:<\/h2>\n<p><strong>Plieno tipas:<\/strong><span> Aogami Super<\/span><br \/><strong>Rankenos med\u017eiaga:<\/strong><span> micarta<\/span><br \/><strong>Kietumas:<\/strong><span> +\/- 64\/65 HRC <\/span><br \/><strong>Bendras ilgis:<\/strong><span> 299 mm<\/span><br \/><strong>A\u0161men\u0173 ilgis:<\/strong><span> 170 mm<\/span><br \/><strong>Gele\u017et\u0117s plotis:<\/strong><span>  46 mm<\/span><br \/><strong>Gele\u017et\u0117s storis:<\/strong><span> apie 1.7 mm<\/span><br \/><strong>Gal\u0105stymo b\u016bdas:<\/strong><span> dvipusis simetri\u0161kas \u0161lifavimas<\/span><br \/><strong>Svoris:<\/strong><span> apie 168 g<\/span><\/p>","protected":false},"excerpt":{"rendered":"<p>Tetsuhiro KAS Santoku 170 mm virtuvinis peilis Santoku yra a\u0161muo, labai b\u016bdingas japoni\u0161kai virtuvei. Charakteringas, \u017eemai \u012fsikib\u0119s galiukas, stipriai i\u0161link\u0119s nugaros dalis ir plok\u0161\u010dias a\u0161men\u0173 darbinis pavir\u0161ius yra palank\u016bs tarkavimui,&#8230;<\/p>","protected":false},"featured_media":34434,"template":"","meta":[],"product_brand":[],"product_cat":[119],"product_tag":[],"class_list":{"0":"post-34467","1":"product","2":"type-product","3":"status-publish","4":"has-post-thumbnail","6":"product_cat-peiliai","8":"first","9":"instock","10":"taxable","11":"shipping-taxable","12":"purchasable","13":"product-type-simple"},"yoast_head":"<!-- This site is optimized with the Yoast SEO plugin v27.3 - https:\/\/yoast.com\/product\/yoast-seo-wordpress\/ -->\n<title>Tetsuhiro KAS Santoku 170 mm [KAS-951] virtuvinis peilis - Cookking.online<\/title>\n<meta name=\"description\" content=\"Tetsuhiro KAS Santoku 170 mm virtuvinis peilis Santoku yra a\u0161muo, labai b\u016bdingas japoni\u0161kai virtuvei. Charakteringas, \u017eemai \u012fsikib\u0119s galiukas, stipriai i\u0161lin...\" \/>\n<meta name=\"robots\" content=\"index, follow, max-snippet:-1, max-image-preview:large, max-video-preview:-1\" \/>\n<link rel=\"canonical\" href=\"https:\/\/cookking.online\/en\/katalogas\/peiliai\/tetsuhiro-kas-santoku-170-mm-kas-951-virtuvinis-peilis\/\" \/>\n<meta property=\"og:locale\" content=\"en_US\" \/>\n<meta property=\"og:type\" content=\"article\" \/>\n<meta property=\"og:title\" content=\"Tetsuhiro KAS Santoku 170 mm [KAS-951] virtuvinis peilis - Cookking.online\" \/>\n<meta property=\"og:description\" content=\"Tetsuhiro KAS Santoku 170 mm virtuvinis peilis Santoku yra a\u0161muo, labai b\u016bdingas japoni\u0161kai virtuvei. Charakteringas, \u017eemai \u012fsikib\u0119s galiukas, stipriai i\u0161lin...\" \/>\n<meta property=\"og:url\" content=\"https:\/\/cookking.online\/en\/katalogas\/peiliai\/tetsuhiro-kas-santoku-170-mm-kas-951-virtuvinis-peilis\/\" \/>\n<meta property=\"og:site_name\" content=\"Cookking.online\" \/>\n<meta property=\"article:modified_time\" content=\"2026-03-10T10:09:03+00:00\" \/>\n<meta property=\"og:image\" content=\"https:\/\/cookking.online\/wp-content\/uploads\/2026\/03\/14205_1.png\" \/>\n\t<meta property=\"og:image:width\" content=\"1141\" \/>\n\t<meta property=\"og:image:height\" content=\"682\" \/>\n\t<meta property=\"og:image:type\" content=\"image\/png\" \/>\n<meta name=\"twitter:card\" content=\"summary_large_image\" \/>\n<meta name=\"twitter:label1\" content=\"Est. reading time\" \/>\n\t<meta name=\"twitter:data1\" content=\"1 minute\" \/>\n<script type=\"application\/ld+json\" class=\"yoast-schema-graph\">{\"@context\":\"https:\\\/\\\/schema.org\",\"@graph\":[{\"@type\":\"WebPage\",\"@id\":\"https:\\\/\\\/cookking.online\\\/katalogas\\\/peiliai\\\/tetsuhiro-kas-santoku-170-mm-kas-951-virtuvinis-peilis\\\/\",\"url\":\"https:\\\/\\\/cookking.online\\\/katalogas\\\/peiliai\\\/tetsuhiro-kas-santoku-170-mm-kas-951-virtuvinis-peilis\\\/\",\"name\":\"Tetsuhiro KAS Santoku 170 mm [KAS-951] virtuvinis peilis - Cookking.online\",\"isPartOf\":{\"@id\":\"https:\\\/\\\/cookking.online\\\/#website\"},\"primaryImageOfPage\":{\"@id\":\"https:\\\/\\\/cookking.online\\\/katalogas\\\/peiliai\\\/tetsuhiro-kas-santoku-170-mm-kas-951-virtuvinis-peilis\\\/#primaryimage\"},\"image\":{\"@id\":\"https:\\\/\\\/cookking.online\\\/katalogas\\\/peiliai\\\/tetsuhiro-kas-santoku-170-mm-kas-951-virtuvinis-peilis\\\/#primaryimage\"},\"thumbnailUrl\":\"https:\\\/\\\/cookking.online\\\/wp-content\\\/uploads\\\/2026\\\/03\\\/14205_1.png\",\"datePublished\":\"2026-03-10T09:18:51+00:00\",\"dateModified\":\"2026-03-10T10:09:03+00:00\",\"description\":\"Tetsuhiro KAS Santoku 170 mm virtuvinis peilis Santoku yra a\u0161muo, labai b\u016bdingas japoni\u0161kai virtuvei. Charakteringas, \u017eemai \u012fsikib\u0119s galiukas, stipriai i\u0161lin...\",\"breadcrumb\":{\"@id\":\"https:\\\/\\\/cookking.online\\\/katalogas\\\/peiliai\\\/tetsuhiro-kas-santoku-170-mm-kas-951-virtuvinis-peilis\\\/#breadcrumb\"},\"inLanguage\":\"en-US\",\"potentialAction\":[{\"@type\":\"ReadAction\",\"target\":[\"https:\\\/\\\/cookking.online\\\/katalogas\\\/peiliai\\\/tetsuhiro-kas-santoku-170-mm-kas-951-virtuvinis-peilis\\\/\"]}]},{\"@type\":\"ImageObject\",\"inLanguage\":\"en-US\",\"@id\":\"https:\\\/\\\/cookking.online\\\/katalogas\\\/peiliai\\\/tetsuhiro-kas-santoku-170-mm-kas-951-virtuvinis-peilis\\\/#primaryimage\",\"url\":\"https:\\\/\\\/cookking.online\\\/wp-content\\\/uploads\\\/2026\\\/03\\\/14205_1.png\",\"contentUrl\":\"https:\\\/\\\/cookking.online\\\/wp-content\\\/uploads\\\/2026\\\/03\\\/14205_1.png\",\"width\":1141,\"height\":682},{\"@type\":\"BreadcrumbList\",\"@id\":\"https:\\\/\\\/cookking.online\\\/katalogas\\\/peiliai\\\/tetsuhiro-kas-santoku-170-mm-kas-951-virtuvinis-peilis\\\/#breadcrumb\",\"itemListElement\":[{\"@type\":\"ListItem\",\"position\":1,\"name\":\"Prad\u017eia\",\"item\":\"https:\\\/\\\/cookking.online\\\/\"},{\"@type\":\"ListItem\",\"position\":2,\"name\":\"Parduotuv\u0117\",\"item\":\"https:\\\/\\\/cookking.online\\\/parduotuve\\\/\"},{\"@type\":\"ListItem\",\"position\":3,\"name\":\"Tetsuhiro KAS Santoku 170 mm [KAS-951] virtuvinis peilis\"}]},{\"@type\":\"WebSite\",\"@id\":\"https:\\\/\\\/cookking.online\\\/#website\",\"url\":\"https:\\\/\\\/cookking.online\\\/\",\"name\":\"Cookking.online\",\"description\":\"\",\"publisher\":{\"@id\":\"https:\\\/\\\/cookking.online\\\/#organization\"},\"potentialAction\":[{\"@type\":\"SearchAction\",\"target\":{\"@type\":\"EntryPoint\",\"urlTemplate\":\"https:\\\/\\\/cookking.online\\\/?s={search_term_string}\"},\"query-input\":{\"@type\":\"PropertyValueSpecification\",\"valueRequired\":true,\"valueName\":\"search_term_string\"}}],\"inLanguage\":\"en-US\"},{\"@type\":\"Organization\",\"@id\":\"https:\\\/\\\/cookking.online\\\/#organization\",\"name\":\"Cookking.online\",\"url\":\"https:\\\/\\\/cookking.online\\\/\",\"logo\":{\"@type\":\"ImageObject\",\"inLanguage\":\"en-US\",\"@id\":\"https:\\\/\\\/cookking.online\\\/#\\\/schema\\\/logo\\\/image\\\/\",\"url\":\"https:\\\/\\\/cookking.online\\\/wp-content\\\/uploads\\\/2021\\\/11\\\/Logo.png\",\"contentUrl\":\"https:\\\/\\\/cookking.online\\\/wp-content\\\/uploads\\\/2021\\\/11\\\/Logo.png\",\"width\":291,\"height\":100,\"caption\":\"Cookking.online\"},\"image\":{\"@id\":\"https:\\\/\\\/cookking.online\\\/#\\\/schema\\\/logo\\\/image\\\/\"}}]}<\/script>\n<!-- \/ Yoast SEO plugin. -->","yoast_head_json":{"title":"Tetsuhiro KAS Santoku 170 mm [KAS-951] virtuvinis peilis - Cookking.online","description":"Tetsuhiro KAS Santoku 170 mm virtuvinis peilis Santoku yra a\u0161muo, labai b\u016bdingas japoni\u0161kai virtuvei. Charakteringas, \u017eemai \u012fsikib\u0119s galiukas, stipriai i\u0161lin...","robots":{"index":"index","follow":"follow","max-snippet":"max-snippet:-1","max-image-preview":"max-image-preview:large","max-video-preview":"max-video-preview:-1"},"canonical":"https:\/\/cookking.online\/en\/katalogas\/peiliai\/tetsuhiro-kas-santoku-170-mm-kas-951-virtuvinis-peilis\/","og_locale":"en_US","og_type":"article","og_title":"Tetsuhiro KAS Santoku 170 mm [KAS-951] virtuvinis peilis - Cookking.online","og_description":"Tetsuhiro KAS Santoku 170 mm virtuvinis peilis Santoku yra a\u0161muo, labai b\u016bdingas japoni\u0161kai virtuvei. Charakteringas, \u017eemai \u012fsikib\u0119s galiukas, stipriai i\u0161lin...","og_url":"https:\/\/cookking.online\/en\/katalogas\/peiliai\/tetsuhiro-kas-santoku-170-mm-kas-951-virtuvinis-peilis\/","og_site_name":"Cookking.online","article_modified_time":"2026-03-10T10:09:03+00:00","og_image":[{"width":1141,"height":682,"url":"https:\/\/cookking.online\/wp-content\/uploads\/2026\/03\/14205_1.png","type":"image\/png"}],"twitter_card":"summary_large_image","twitter_misc":{"Est. reading time":"1 minute"},"schema":{"@context":"https:\/\/schema.org","@graph":[{"@type":"WebPage","@id":"https:\/\/cookking.online\/katalogas\/peiliai\/tetsuhiro-kas-santoku-170-mm-kas-951-virtuvinis-peilis\/","url":"https:\/\/cookking.online\/katalogas\/peiliai\/tetsuhiro-kas-santoku-170-mm-kas-951-virtuvinis-peilis\/","name":"Tetsuhiro KAS Santoku 170 mm [KAS-951] virtuvinis peilis - Cookking.online","isPartOf":{"@id":"https:\/\/cookking.online\/#website"},"primaryImageOfPage":{"@id":"https:\/\/cookking.online\/katalogas\/peiliai\/tetsuhiro-kas-santoku-170-mm-kas-951-virtuvinis-peilis\/#primaryimage"},"image":{"@id":"https:\/\/cookking.online\/katalogas\/peiliai\/tetsuhiro-kas-santoku-170-mm-kas-951-virtuvinis-peilis\/#primaryimage"},"thumbnailUrl":"https:\/\/cookking.online\/wp-content\/uploads\/2026\/03\/14205_1.png","datePublished":"2026-03-10T09:18:51+00:00","dateModified":"2026-03-10T10:09:03+00:00","description":"Tetsuhiro KAS Santoku 170 mm virtuvinis peilis Santoku yra a\u0161muo, labai b\u016bdingas japoni\u0161kai virtuvei. Charakteringas, \u017eemai \u012fsikib\u0119s galiukas, stipriai i\u0161lin...","breadcrumb":{"@id":"https:\/\/cookking.online\/katalogas\/peiliai\/tetsuhiro-kas-santoku-170-mm-kas-951-virtuvinis-peilis\/#breadcrumb"},"inLanguage":"en-US","potentialAction":[{"@type":"ReadAction","target":["https:\/\/cookking.online\/katalogas\/peiliai\/tetsuhiro-kas-santoku-170-mm-kas-951-virtuvinis-peilis\/"]}]},{"@type":"ImageObject","inLanguage":"en-US","@id":"https:\/\/cookking.online\/katalogas\/peiliai\/tetsuhiro-kas-santoku-170-mm-kas-951-virtuvinis-peilis\/#primaryimage","url":"https:\/\/cookking.online\/wp-content\/uploads\/2026\/03\/14205_1.png","contentUrl":"https:\/\/cookking.online\/wp-content\/uploads\/2026\/03\/14205_1.png","width":1141,"height":682},{"@type":"BreadcrumbList","@id":"https:\/\/cookking.online\/katalogas\/peiliai\/tetsuhiro-kas-santoku-170-mm-kas-951-virtuvinis-peilis\/#breadcrumb","itemListElement":[{"@type":"ListItem","position":1,"name":"Prad\u017eia","item":"https:\/\/cookking.online\/"},{"@type":"ListItem","position":2,"name":"Parduotuv\u0117","item":"https:\/\/cookking.online\/parduotuve\/"},{"@type":"ListItem","position":3,"name":"Tetsuhiro KAS Santoku 170 mm [KAS-951] virtuvinis peilis"}]},{"@type":"WebSite","@id":"https:\/\/cookking.online\/#website","url":"https:\/\/cookking.online\/","name":"Cookking.online","description":"","publisher":{"@id":"https:\/\/cookking.online\/#organization"},"potentialAction":[{"@type":"SearchAction","target":{"@type":"EntryPoint","urlTemplate":"https:\/\/cookking.online\/?s={search_term_string}"},"query-input":{"@type":"PropertyValueSpecification","valueRequired":true,"valueName":"search_term_string"}}],"inLanguage":"en-US"},{"@type":"Organization","@id":"https:\/\/cookking.online\/#organization","name":"Cookking.online","url":"https:\/\/cookking.online\/","logo":{"@type":"ImageObject","inLanguage":"en-US","@id":"https:\/\/cookking.online\/#\/schema\/logo\/image\/","url":"https:\/\/cookking.online\/wp-content\/uploads\/2021\/11\/Logo.png","contentUrl":"https:\/\/cookking.online\/wp-content\/uploads\/2021\/11\/Logo.png","width":291,"height":100,"caption":"Cookking.online"},"image":{"@id":"https:\/\/cookking.online\/#\/schema\/logo\/image\/"}}]}},"_links":{"self":[{"href":"https:\/\/cookking.online\/en\/wp-json\/wp\/v2\/product\/34467","targetHints":{"allow":["GET"]}}],"collection":[{"href":"https:\/\/cookking.online\/en\/wp-json\/wp\/v2\/product"}],"about":[{"href":"https:\/\/cookking.online\/en\/wp-json\/wp\/v2\/types\/product"}],"wp:featuredmedia":[{"embeddable":true,"href":"https:\/\/cookking.online\/en\/wp-json\/wp\/v2\/media\/34434"}],"wp:attachment":[{"href":"https:\/\/cookking.online\/en\/wp-json\/wp\/v2\/media?parent=34467"}],"wp:term":[{"taxonomy":"product_brand","embeddable":true,"href":"https:\/\/cookking.online\/en\/wp-json\/wp\/v2\/product_brand?post=34467"},{"taxonomy":"product_cat","embeddable":true,"href":"https:\/\/cookking.online\/en\/wp-json\/wp\/v2\/product_cat?post=34467"},{"taxonomy":"product_tag","embeddable":true,"href":"https:\/\/cookking.online\/en\/wp-json\/wp\/v2\/product_tag?post=34467"}],"curies":[{"name":"wp","href":"https:\/\/api.w.org\/{rel}","templated":true}]}}