{"id":34491,"date":"2026-03-10T12:18:52","date_gmt":"2026-03-10T09:18:52","guid":{"rendered":"https:\/\/cookking.online\/?post_type=product&#038;p=34491"},"modified":"2026-03-10T13:13:03","modified_gmt":"2026-03-10T10:13:03","slug":"masahiro-sankei-carving-peilis-205-mm-juodas-35843","status":"publish","type":"product","link":"https:\/\/cookking.online\/en\/katalogas\/peiliai\/masahiro-sankei-carving-peilis-205-mm-juodas-35843\/","title":{"rendered":"Masahiro SANKEI Carving peilis 205 mm, juodas [35843]"},"content":{"rendered":"<p>&#8222;Masahiro SANKEI Carving peilis 205 mm&#8221;<\/p>","protected":false},"excerpt":{"rendered":"<p>&#8222;Masahiro SANKEI Carving peilis 205 mm&#8221;<\/p>","protected":false},"featured_media":34472,"template":"","meta":[],"product_brand":[],"product_cat":[119],"product_tag":[],"class_list":{"0":"post-34491","1":"product","2":"type-product","3":"status-publish","4":"has-post-thumbnail","6":"product_cat-peiliai","8":"first","9":"instock","10":"taxable","11":"shipping-taxable","12":"purchasable","13":"product-type-simple"},"yoast_head":"<!-- This site is optimized with the Yoast SEO plugin v27.3 - https:\/\/yoast.com\/product\/yoast-seo-wordpress\/ -->\n<title>Masahiro SANKEI Carving peilis 205 mm, juodas [35843] - Cookking.online<\/title>\n<meta name=\"description\" content=\"Masahiro SANKEI Carving peilis 205 mm, juodas [35843]. Auk\u0161tos kokyb\u0117s virtuv\u0117s \u012frankiai ir priedai.\" \/>\n<meta name=\"robots\" content=\"index, follow, max-snippet:-1, max-image-preview:large, max-video-preview:-1\" \/>\n<link rel=\"canonical\" href=\"https:\/\/cookking.online\/en\/katalogas\/peiliai\/masahiro-sankei-carving-peilis-205-mm-juodas-35843\/\" \/>\n<meta property=\"og:locale\" content=\"en_US\" \/>\n<meta property=\"og:type\" content=\"article\" \/>\n<meta property=\"og:title\" content=\"Masahiro SANKEI Carving peilis 205 mm, juodas [35843] - Cookking.online\" \/>\n<meta property=\"og:description\" content=\"Masahiro SANKEI Carving peilis 205 mm, juodas [35843]. Auk\u0161tos kokyb\u0117s virtuv\u0117s \u012frankiai ir priedai.\" \/>\n<meta property=\"og:url\" content=\"https:\/\/cookking.online\/en\/katalogas\/peiliai\/masahiro-sankei-carving-peilis-205-mm-juodas-35843\/\" \/>\n<meta property=\"og:site_name\" content=\"Cookking.online\" \/>\n<meta property=\"article:modified_time\" content=\"2026-03-10T10:13:03+00:00\" \/>\n<meta property=\"og:image\" content=\"https:\/\/cookking.online\/wp-content\/uploads\/2026\/03\/14279_5-1.png\" \/>\n\t<meta property=\"og:image:width\" content=\"1500\" \/>\n\t<meta property=\"og:image:height\" content=\"1500\" \/>\n\t<meta property=\"og:image:type\" content=\"image\/png\" \/>\n<meta name=\"twitter:card\" content=\"summary_large_image\" \/>\n<script type=\"application\/ld+json\" class=\"yoast-schema-graph\">{\"@context\":\"https:\\\/\\\/schema.org\",\"@graph\":[{\"@type\":\"WebPage\",\"@id\":\"https:\\\/\\\/cookking.online\\\/katalogas\\\/peiliai\\\/masahiro-sankei-carving-peilis-205-mm-juodas-35843\\\/\",\"url\":\"https:\\\/\\\/cookking.online\\\/katalogas\\\/peiliai\\\/masahiro-sankei-carving-peilis-205-mm-juodas-35843\\\/\",\"name\":\"Masahiro SANKEI Carving peilis 205 mm, juodas [35843] - Cookking.online\",\"isPartOf\":{\"@id\":\"https:\\\/\\\/cookking.online\\\/#website\"},\"primaryImageOfPage\":{\"@id\":\"https:\\\/\\\/cookking.online\\\/katalogas\\\/peiliai\\\/masahiro-sankei-carving-peilis-205-mm-juodas-35843\\\/#primaryimage\"},\"image\":{\"@id\":\"https:\\\/\\\/cookking.online\\\/katalogas\\\/peiliai\\\/masahiro-sankei-carving-peilis-205-mm-juodas-35843\\\/#primaryimage\"},\"thumbnailUrl\":\"https:\\\/\\\/cookking.online\\\/wp-content\\\/uploads\\\/2026\\\/03\\\/14279_5-1.png\",\"datePublished\":\"2026-03-10T09:18:52+00:00\",\"dateModified\":\"2026-03-10T10:13:03+00:00\",\"description\":\"Masahiro SANKEI Carving peilis 205 mm, juodas [35843]. Auk\u0161tos kokyb\u0117s virtuv\u0117s \u012frankiai ir priedai.\",\"breadcrumb\":{\"@id\":\"https:\\\/\\\/cookking.online\\\/katalogas\\\/peiliai\\\/masahiro-sankei-carving-peilis-205-mm-juodas-35843\\\/#breadcrumb\"},\"inLanguage\":\"en-US\",\"potentialAction\":[{\"@type\":\"ReadAction\",\"target\":[\"https:\\\/\\\/cookking.online\\\/katalogas\\\/peiliai\\\/masahiro-sankei-carving-peilis-205-mm-juodas-35843\\\/\"]}]},{\"@type\":\"ImageObject\",\"inLanguage\":\"en-US\",\"@id\":\"https:\\\/\\\/cookking.online\\\/katalogas\\\/peiliai\\\/masahiro-sankei-carving-peilis-205-mm-juodas-35843\\\/#primaryimage\",\"url\":\"https:\\\/\\\/cookking.online\\\/wp-content\\\/uploads\\\/2026\\\/03\\\/14279_5-1.png\",\"contentUrl\":\"https:\\\/\\\/cookking.online\\\/wp-content\\\/uploads\\\/2026\\\/03\\\/14279_5-1.png\",\"width\":1500,\"height\":1500},{\"@type\":\"BreadcrumbList\",\"@id\":\"https:\\\/\\\/cookking.online\\\/katalogas\\\/peiliai\\\/masahiro-sankei-carving-peilis-205-mm-juodas-35843\\\/#breadcrumb\",\"itemListElement\":[{\"@type\":\"ListItem\",\"position\":1,\"name\":\"Prad\u017eia\",\"item\":\"https:\\\/\\\/cookking.online\\\/\"},{\"@type\":\"ListItem\",\"position\":2,\"name\":\"Parduotuv\u0117\",\"item\":\"https:\\\/\\\/cookking.online\\\/parduotuve\\\/\"},{\"@type\":\"ListItem\",\"position\":3,\"name\":\"Masahiro SANKEI Carving peilis 205 mm, juodas [35843]\"}]},{\"@type\":\"WebSite\",\"@id\":\"https:\\\/\\\/cookking.online\\\/#website\",\"url\":\"https:\\\/\\\/cookking.online\\\/\",\"name\":\"Cookking.online\",\"description\":\"\",\"publisher\":{\"@id\":\"https:\\\/\\\/cookking.online\\\/#organization\"},\"potentialAction\":[{\"@type\":\"SearchAction\",\"target\":{\"@type\":\"EntryPoint\",\"urlTemplate\":\"https:\\\/\\\/cookking.online\\\/?s={search_term_string}\"},\"query-input\":{\"@type\":\"PropertyValueSpecification\",\"valueRequired\":true,\"valueName\":\"search_term_string\"}}],\"inLanguage\":\"en-US\"},{\"@type\":\"Organization\",\"@id\":\"https:\\\/\\\/cookking.online\\\/#organization\",\"name\":\"Cookking.online\",\"url\":\"https:\\\/\\\/cookking.online\\\/\",\"logo\":{\"@type\":\"ImageObject\",\"inLanguage\":\"en-US\",\"@id\":\"https:\\\/\\\/cookking.online\\\/#\\\/schema\\\/logo\\\/image\\\/\",\"url\":\"https:\\\/\\\/cookking.online\\\/wp-content\\\/uploads\\\/2021\\\/11\\\/Logo.png\",\"contentUrl\":\"https:\\\/\\\/cookking.online\\\/wp-content\\\/uploads\\\/2021\\\/11\\\/Logo.png\",\"width\":291,\"height\":100,\"caption\":\"Cookking.online\"},\"image\":{\"@id\":\"https:\\\/\\\/cookking.online\\\/#\\\/schema\\\/logo\\\/image\\\/\"}}]}<\/script>\n<!-- \/ Yoast SEO plugin. -->","yoast_head_json":{"title":"Masahiro SANKEI Carving peilis 205 mm, juodas [35843] - Cookking.online","description":"Masahiro SANKEI Carving peilis 205 mm, juodas [35843]. Auk\u0161tos kokyb\u0117s virtuv\u0117s \u012frankiai ir priedai.","robots":{"index":"index","follow":"follow","max-snippet":"max-snippet:-1","max-image-preview":"max-image-preview:large","max-video-preview":"max-video-preview:-1"},"canonical":"https:\/\/cookking.online\/en\/katalogas\/peiliai\/masahiro-sankei-carving-peilis-205-mm-juodas-35843\/","og_locale":"en_US","og_type":"article","og_title":"Masahiro SANKEI Carving peilis 205 mm, juodas [35843] - Cookking.online","og_description":"Masahiro SANKEI Carving peilis 205 mm, juodas [35843]. Auk\u0161tos kokyb\u0117s virtuv\u0117s \u012frankiai ir priedai.","og_url":"https:\/\/cookking.online\/en\/katalogas\/peiliai\/masahiro-sankei-carving-peilis-205-mm-juodas-35843\/","og_site_name":"Cookking.online","article_modified_time":"2026-03-10T10:13:03+00:00","og_image":[{"width":1500,"height":1500,"url":"https:\/\/cookking.online\/wp-content\/uploads\/2026\/03\/14279_5-1.png","type":"image\/png"}],"twitter_card":"summary_large_image","schema":{"@context":"https:\/\/schema.org","@graph":[{"@type":"WebPage","@id":"https:\/\/cookking.online\/katalogas\/peiliai\/masahiro-sankei-carving-peilis-205-mm-juodas-35843\/","url":"https:\/\/cookking.online\/katalogas\/peiliai\/masahiro-sankei-carving-peilis-205-mm-juodas-35843\/","name":"Masahiro SANKEI Carving peilis 205 mm, juodas [35843] - Cookking.online","isPartOf":{"@id":"https:\/\/cookking.online\/#website"},"primaryImageOfPage":{"@id":"https:\/\/cookking.online\/katalogas\/peiliai\/masahiro-sankei-carving-peilis-205-mm-juodas-35843\/#primaryimage"},"image":{"@id":"https:\/\/cookking.online\/katalogas\/peiliai\/masahiro-sankei-carving-peilis-205-mm-juodas-35843\/#primaryimage"},"thumbnailUrl":"https:\/\/cookking.online\/wp-content\/uploads\/2026\/03\/14279_5-1.png","datePublished":"2026-03-10T09:18:52+00:00","dateModified":"2026-03-10T10:13:03+00:00","description":"Masahiro SANKEI Carving peilis 205 mm, juodas [35843]. Auk\u0161tos kokyb\u0117s virtuv\u0117s \u012frankiai ir priedai.","breadcrumb":{"@id":"https:\/\/cookking.online\/katalogas\/peiliai\/masahiro-sankei-carving-peilis-205-mm-juodas-35843\/#breadcrumb"},"inLanguage":"en-US","potentialAction":[{"@type":"ReadAction","target":["https:\/\/cookking.online\/katalogas\/peiliai\/masahiro-sankei-carving-peilis-205-mm-juodas-35843\/"]}]},{"@type":"ImageObject","inLanguage":"en-US","@id":"https:\/\/cookking.online\/katalogas\/peiliai\/masahiro-sankei-carving-peilis-205-mm-juodas-35843\/#primaryimage","url":"https:\/\/cookking.online\/wp-content\/uploads\/2026\/03\/14279_5-1.png","contentUrl":"https:\/\/cookking.online\/wp-content\/uploads\/2026\/03\/14279_5-1.png","width":1500,"height":1500},{"@type":"BreadcrumbList","@id":"https:\/\/cookking.online\/katalogas\/peiliai\/masahiro-sankei-carving-peilis-205-mm-juodas-35843\/#breadcrumb","itemListElement":[{"@type":"ListItem","position":1,"name":"Prad\u017eia","item":"https:\/\/cookking.online\/"},{"@type":"ListItem","position":2,"name":"Parduotuv\u0117","item":"https:\/\/cookking.online\/parduotuve\/"},{"@type":"ListItem","position":3,"name":"Masahiro SANKEI Carving peilis 205 mm, juodas [35843]"}]},{"@type":"WebSite","@id":"https:\/\/cookking.online\/#website","url":"https:\/\/cookking.online\/","name":"Cookking.online","description":"","publisher":{"@id":"https:\/\/cookking.online\/#organization"},"potentialAction":[{"@type":"SearchAction","target":{"@type":"EntryPoint","urlTemplate":"https:\/\/cookking.online\/?s={search_term_string}"},"query-input":{"@type":"PropertyValueSpecification","valueRequired":true,"valueName":"search_term_string"}}],"inLanguage":"en-US"},{"@type":"Organization","@id":"https:\/\/cookking.online\/#organization","name":"Cookking.online","url":"https:\/\/cookking.online\/","logo":{"@type":"ImageObject","inLanguage":"en-US","@id":"https:\/\/cookking.online\/#\/schema\/logo\/image\/","url":"https:\/\/cookking.online\/wp-content\/uploads\/2021\/11\/Logo.png","contentUrl":"https:\/\/cookking.online\/wp-content\/uploads\/2021\/11\/Logo.png","width":291,"height":100,"caption":"Cookking.online"},"image":{"@id":"https:\/\/cookking.online\/#\/schema\/logo\/image\/"}}]}},"_links":{"self":[{"href":"https:\/\/cookking.online\/en\/wp-json\/wp\/v2\/product\/34491","targetHints":{"allow":["GET"]}}],"collection":[{"href":"https:\/\/cookking.online\/en\/wp-json\/wp\/v2\/product"}],"about":[{"href":"https:\/\/cookking.online\/en\/wp-json\/wp\/v2\/types\/product"}],"wp:featuredmedia":[{"embeddable":true,"href":"https:\/\/cookking.online\/en\/wp-json\/wp\/v2\/media\/34472"}],"wp:attachment":[{"href":"https:\/\/cookking.online\/en\/wp-json\/wp\/v2\/media?parent=34491"}],"wp:term":[{"taxonomy":"product_brand","embeddable":true,"href":"https:\/\/cookking.online\/en\/wp-json\/wp\/v2\/product_brand?post=34491"},{"taxonomy":"product_cat","embeddable":true,"href":"https:\/\/cookking.online\/en\/wp-json\/wp\/v2\/product_cat?post=34491"},{"taxonomy":"product_tag","embeddable":true,"href":"https:\/\/cookking.online\/en\/wp-json\/wp\/v2\/product_tag?post=34491"}],"curies":[{"name":"wp","href":"https:\/\/api.w.org\/{rel}","templated":true}]}}