{"id":34495,"date":"2026-03-10T12:18:52","date_gmt":"2026-03-10T09:18:52","guid":{"rendered":"https:\/\/cookking.online\/?post_type=product&#038;p=34495"},"modified":"2026-03-10T13:12:49","modified_gmt":"2026-03-10T10:12:49","slug":"peiliu-astruma-tikrinantis-edge-on-up-e-lab-b-dp-profesionalus-laboratorijos-rinkinys","status":"publish","type":"product","link":"https:\/\/cookking.online\/en\/katalogas\/peiliai\/peiliu-astruma-tikrinantis-edge-on-up-e-lab-b-dp-profesionalus-laboratorijos-rinkinys\/","title":{"rendered":"Peili\u0173 a\u0161trum\u0105 tikrinantis &#8222;Edge On Up E-Lab B DP&#8221; profesionalus laboratorijos rinkinys"},"content":{"rendered":"<div class=\"iai-section-b518b711-327c-49dd-a6df-803f52333dbe-description-wrapper\">\n<div style=\"text-align: justify\" class=\"iai-section-b518b711-327c-49dd-a6df-803f52333dbe iai-section-b518b711-327c-49dd-a6df-803f52333dbe-html\">\n<p style=\"text-align: justify\"><!--StartFragment--><\/p>\n<p style=\"text-align: justify\" data-start=\"247\" data-end=\"824\"><strong data-start=\"281\" data-end=\"306\">E-Lab B DP<\/strong> &#8211; pa\u017eangus bandym\u0173 rinkinys profesionalams ir a\u0161trinimo entuziastams, sujungiantis \u012frankius <strong data-start=\"415\" data-end=\"477\">i\u0161samiai a\u0161men\u0173 a\u0161tumo ir pjovimo efektyvumo analizei<\/strong>. Tai i\u0161pl\u0117stin\u0117 E-Lab B modelio versija, skirta vartotojams, kuriems reikia daugiau nei \u012fprastas a\u0161mens testeris &#8211; rinkinys leid\u017eia analizuoti tiek <strong data-start=\"646\" data-end=\"716\">pjovimo j\u0117g\u0105 (push cut), tiek ilgesni\u0173 pj\u016bvi\u0173 efektyvum\u0105 (slicing)<\/strong>, si\u016blydamas dar daugiau matavimo duomen\u0173 ir didesn\u012f a\u0161men\u0173 \u012fvertinimo tikslum\u0105. <span class=\"\" data-state=\"closed\"><\/span><\/p>\n<p style=\"text-align: justify\"><strong data-start=\"829\" data-end=\"856\">Pagrindin\u0117s rinkinio savyb\u0117s:<\/strong><\/p>\n<ul style=\"text-align: justify\">\n<li><strong data-start=\"862\" data-end=\"895\">I\u0161samus bandym\u0173 \u012frankis<\/strong> &#8211; leid\u017eia analizuoti a\u0161menis ir pjovimo efektyvum\u0105 tiek statiniuose, tiek ilgesniuose pj\u016bviuose (slicing).<\/li>\n<li><strong data-start=\"1061\" data-end=\"1111\">I\u0161pl\u0117stin\u0117 E-Lab B versija (Discovery Package)<\/strong> &#8211; apima papildomus priedus, tokius kaip vadovai ir programin\u0117 \u012franga, kurie padidina rinkinio matavimo galimybes.<\/li>\n<li><strong data-start=\"1272\" data-end=\"1299\">Auk\u0161tas matavimo tikslumas<\/strong> &#8211; leid\u017eia analizuoti \u012fvairius pjovimo j\u0117gos parametrus, suteikdamas geresn\u012f reali\u0173 a\u0161men\u0173 galimybi\u0173 vaizd\u0105.<\/li>\n<li><strong data-start=\"1449\" data-end=\"1489\">Idealus slicing ir push cut bandymams<\/strong> &#8211; bandym\u0173 rinkinys si\u016blo priemones ir \u012frankius ne tik standartiniams a\u0161tumo testams, bet ir pa\u017eangesniems ilgesni\u0173 pj\u016bvi\u0173 testams.<\/li>\n<li><strong data-start=\"1692\" data-end=\"1733\">Dedikuota programin\u0117 \u012franga ir priedai<\/strong> &#8211; leid\u017eia prijungti prie kompiuterio ir analizuoti matavimo rezultatus, taip pat generuoti ataskaitas. <span class=\"\" data-state=\"closed\"><\/span><\/li>\n<\/ul>\n<p style=\"text-align: justify\" data-start=\"1870\" data-end=\"2281\">E-Lab B DP yra <strong data-start=\"1920\" data-end=\"1950\">i\u0161pl\u0117stinis bandym\u0173 rinkinys<\/strong>, kuris:<\/p>\n<ul style=\"text-align: justify\">\n<li data-start=\"1870\" data-end=\"2281\">atlieka <strong data-start=\"1970\" data-end=\"2011\">tikslius a\u0161men\u0173 pjovimo j\u0117gos matavimus<\/strong>,<\/li>\n<li data-start=\"1870\" data-end=\"2281\">leid\u017eia analizuoti rezultatus pla\u010diame bandym\u0173 spektre (\u012fskaitant slicing cut),<\/li>\n<li data-start=\"1870\" data-end=\"2281\">teikia i\u0161samesni\u0173 duomen\u0173 nei \u012fprastiniai a\u0161tumo testeriai,<\/li>\n<li data-start=\"1870\" data-end=\"2281\">yra idealus skirting\u0173 a\u0161trinimo metod\u0173 ir a\u0161men\u0173 geometrijos palyginimui.&nbsp;<span class=\"\" data-state=\"closed\"><\/span><\/li>\n<\/ul>\n<p style=\"text-align: justify\" data-start=\"2283\" data-end=\"2619\"><strong data-start=\"2286\" data-end=\"2299\">Kam skirta:<\/strong>&nbsp;<\/p>\n<ul style=\"text-align: justify\">\n<li data-start=\"2283\" data-end=\"2619\">profesionaliems a\u0161trinimo servisams ir \u012franki\u0173 gamintojams,<\/li>\n<li data-start=\"2283\" data-end=\"2619\">asmenims, testuojantiems peili\u0173 ir a\u0161men\u0173 na\u0161um\u0105 \u012fvairiomis pjovimo s\u0105lygomis,<\/li>\n<li data-start=\"2283\" data-end=\"2619\">vartotojams, reikalaujantiems tikslios savo pjovimo \u012franki\u0173 analiz\u0117s,<\/li>\n<li data-start=\"2283\">dirbtuv\u0117ms ir laboratorijoms, kuriose tiksl\u016bs matavimai yra ypa\u010d svarb\u016bs.&nbsp;<\/li>\n<\/ul>\n<p style=\"text-align: justify\" data-start=\"2621\" data-end=\"2989\">E-Lab B DP rinkinys yra ne tik \u012fprastas a\u0161tumo testeris &#8211; tai <strong data-start=\"2709\" data-end=\"2743\">i\u0161sami tyrim\u0173 platforma<\/strong>, leid\u017eianti atlikti pa\u017eangesnius pjovimo \u012franki\u0173 palyginimus ir analizes. Jei reikia profesionali\u0173 matavim\u0173 ir i\u0161sami\u0173 duomen\u0173, \u0161is rinkinys atveria naujas galimybes a\u0161men\u0173 a\u0161tumo \u012fvertinimui.<span class=\"\" data-state=\"closed\"><\/span><\/p>\n<\/p>\n<p style=\"text-align: justify\"><!--EndFragment--><\/p>\n<p style=\"text-align: justify\"><!--EndFragment--><\/p>\n<\/div>\n<\/div>","protected":false},"excerpt":{"rendered":"<p>E-Lab B DP &#8211; pa\u017eangus bandym\u0173 rinkinys profesionalams ir a\u0161trinimo entuziastams, sujungiantis \u012frankius i\u0161samiai a\u0161men\u0173 a\u0161tumo ir pjovimo efektyvumo analizei. Tai i\u0161pl\u0117stin\u0117 E-Lab B modelio versija, skirta vartotojams, kuriems reikia&#8230;<\/p>","protected":false},"featured_media":34494,"template":"","meta":[],"product_brand":[],"product_cat":[119],"product_tag":[],"class_list":{"0":"post-34495","1":"product","2":"type-product","3":"status-publish","4":"has-post-thumbnail","6":"product_cat-peiliai","8":"first","9":"outofstock","10":"taxable","11":"shipping-taxable","12":"purchasable","13":"product-type-simple"},"yoast_head":"<!-- This site is optimized with the Yoast SEO plugin v27.3 - https:\/\/yoast.com\/product\/yoast-seo-wordpress\/ -->\n<title>Peili\u0173 a\u0161trum\u0105 tikrinantis &quot;Edge On Up E-Lab B DP&quot; profesionalus laboratorijos rinkinys - Cookking.online<\/title>\n<meta name=\"description\" content=\"E-Lab B DP - pa\u017eangus bandym\u0173 rinkinys profesionalams ir a\u0161trinimo entuziastams, sujungiantis \u012frankius i\u0161samiai a\u0161men\u0173 a\u0161tumo ir pjovimo efektyvumo analizei....\" \/>\n<meta name=\"robots\" content=\"index, follow, max-snippet:-1, max-image-preview:large, max-video-preview:-1\" \/>\n<link rel=\"canonical\" href=\"https:\/\/cookking.online\/en\/katalogas\/peiliai\/peiliu-astruma-tikrinantis-edge-on-up-e-lab-b-dp-profesionalus-laboratorijos-rinkinys\/\" \/>\n<meta property=\"og:locale\" content=\"en_US\" \/>\n<meta property=\"og:type\" content=\"article\" \/>\n<meta property=\"og:title\" content=\"Peili\u0173 a\u0161trum\u0105 tikrinantis &quot;Edge On Up E-Lab B DP&quot; profesionalus laboratorijos rinkinys - Cookking.online\" \/>\n<meta property=\"og:description\" content=\"E-Lab B DP - pa\u017eangus bandym\u0173 rinkinys profesionalams ir a\u0161trinimo entuziastams, sujungiantis \u012frankius i\u0161samiai a\u0161men\u0173 a\u0161tumo ir pjovimo efektyvumo analizei....\" \/>\n<meta property=\"og:url\" content=\"https:\/\/cookking.online\/en\/katalogas\/peiliai\/peiliu-astruma-tikrinantis-edge-on-up-e-lab-b-dp-profesionalus-laboratorijos-rinkinys\/\" \/>\n<meta property=\"og:site_name\" content=\"Cookking.online\" \/>\n<meta property=\"article:modified_time\" content=\"2026-03-10T10:12:49+00:00\" \/>\n<meta property=\"og:image\" content=\"https:\/\/cookking.online\/wp-content\/uploads\/2026\/03\/16656_1.jpg\" \/>\n\t<meta property=\"og:image:width\" content=\"471\" \/>\n\t<meta property=\"og:image:height\" content=\"372\" \/>\n\t<meta property=\"og:image:type\" content=\"image\/jpeg\" \/>\n<meta name=\"twitter:card\" content=\"summary_large_image\" \/>\n<meta name=\"twitter:label1\" content=\"Est. reading time\" \/>\n\t<meta name=\"twitter:data1\" content=\"2 minutes\" \/>\n<script type=\"application\/ld+json\" class=\"yoast-schema-graph\">{\"@context\":\"https:\\\/\\\/schema.org\",\"@graph\":[{\"@type\":\"WebPage\",\"@id\":\"https:\\\/\\\/cookking.online\\\/katalogas\\\/peiliai\\\/peiliu-astruma-tikrinantis-edge-on-up-e-lab-b-dp-profesionalus-laboratorijos-rinkinys\\\/\",\"url\":\"https:\\\/\\\/cookking.online\\\/katalogas\\\/peiliai\\\/peiliu-astruma-tikrinantis-edge-on-up-e-lab-b-dp-profesionalus-laboratorijos-rinkinys\\\/\",\"name\":\"Peili\u0173 a\u0161trum\u0105 tikrinantis \\\"Edge On Up E-Lab B DP\\\" profesionalus laboratorijos rinkinys - Cookking.online\",\"isPartOf\":{\"@id\":\"https:\\\/\\\/cookking.online\\\/#website\"},\"primaryImageOfPage\":{\"@id\":\"https:\\\/\\\/cookking.online\\\/katalogas\\\/peiliai\\\/peiliu-astruma-tikrinantis-edge-on-up-e-lab-b-dp-profesionalus-laboratorijos-rinkinys\\\/#primaryimage\"},\"image\":{\"@id\":\"https:\\\/\\\/cookking.online\\\/katalogas\\\/peiliai\\\/peiliu-astruma-tikrinantis-edge-on-up-e-lab-b-dp-profesionalus-laboratorijos-rinkinys\\\/#primaryimage\"},\"thumbnailUrl\":\"https:\\\/\\\/cookking.online\\\/wp-content\\\/uploads\\\/2026\\\/03\\\/16656_1.jpg\",\"datePublished\":\"2026-03-10T09:18:52+00:00\",\"dateModified\":\"2026-03-10T10:12:49+00:00\",\"description\":\"E-Lab B DP - pa\u017eangus bandym\u0173 rinkinys profesionalams ir a\u0161trinimo entuziastams, sujungiantis \u012frankius i\u0161samiai a\u0161men\u0173 a\u0161tumo ir pjovimo efektyvumo analizei....\",\"breadcrumb\":{\"@id\":\"https:\\\/\\\/cookking.online\\\/katalogas\\\/peiliai\\\/peiliu-astruma-tikrinantis-edge-on-up-e-lab-b-dp-profesionalus-laboratorijos-rinkinys\\\/#breadcrumb\"},\"inLanguage\":\"en-US\",\"potentialAction\":[{\"@type\":\"ReadAction\",\"target\":[\"https:\\\/\\\/cookking.online\\\/katalogas\\\/peiliai\\\/peiliu-astruma-tikrinantis-edge-on-up-e-lab-b-dp-profesionalus-laboratorijos-rinkinys\\\/\"]}]},{\"@type\":\"ImageObject\",\"inLanguage\":\"en-US\",\"@id\":\"https:\\\/\\\/cookking.online\\\/katalogas\\\/peiliai\\\/peiliu-astruma-tikrinantis-edge-on-up-e-lab-b-dp-profesionalus-laboratorijos-rinkinys\\\/#primaryimage\",\"url\":\"https:\\\/\\\/cookking.online\\\/wp-content\\\/uploads\\\/2026\\\/03\\\/16656_1.jpg\",\"contentUrl\":\"https:\\\/\\\/cookking.online\\\/wp-content\\\/uploads\\\/2026\\\/03\\\/16656_1.jpg\",\"width\":471,\"height\":372},{\"@type\":\"BreadcrumbList\",\"@id\":\"https:\\\/\\\/cookking.online\\\/katalogas\\\/peiliai\\\/peiliu-astruma-tikrinantis-edge-on-up-e-lab-b-dp-profesionalus-laboratorijos-rinkinys\\\/#breadcrumb\",\"itemListElement\":[{\"@type\":\"ListItem\",\"position\":1,\"name\":\"Prad\u017eia\",\"item\":\"https:\\\/\\\/cookking.online\\\/\"},{\"@type\":\"ListItem\",\"position\":2,\"name\":\"Parduotuv\u0117\",\"item\":\"https:\\\/\\\/cookking.online\\\/parduotuve\\\/\"},{\"@type\":\"ListItem\",\"position\":3,\"name\":\"Peili\u0173 a\u0161trum\u0105 tikrinantis &#8222;Edge On Up E-Lab B DP&#8221; profesionalus laboratorijos rinkinys\"}]},{\"@type\":\"WebSite\",\"@id\":\"https:\\\/\\\/cookking.online\\\/#website\",\"url\":\"https:\\\/\\\/cookking.online\\\/\",\"name\":\"Cookking.online\",\"description\":\"\",\"publisher\":{\"@id\":\"https:\\\/\\\/cookking.online\\\/#organization\"},\"potentialAction\":[{\"@type\":\"SearchAction\",\"target\":{\"@type\":\"EntryPoint\",\"urlTemplate\":\"https:\\\/\\\/cookking.online\\\/?s={search_term_string}\"},\"query-input\":{\"@type\":\"PropertyValueSpecification\",\"valueRequired\":true,\"valueName\":\"search_term_string\"}}],\"inLanguage\":\"en-US\"},{\"@type\":\"Organization\",\"@id\":\"https:\\\/\\\/cookking.online\\\/#organization\",\"name\":\"Cookking.online\",\"url\":\"https:\\\/\\\/cookking.online\\\/\",\"logo\":{\"@type\":\"ImageObject\",\"inLanguage\":\"en-US\",\"@id\":\"https:\\\/\\\/cookking.online\\\/#\\\/schema\\\/logo\\\/image\\\/\",\"url\":\"https:\\\/\\\/cookking.online\\\/wp-content\\\/uploads\\\/2021\\\/11\\\/Logo.png\",\"contentUrl\":\"https:\\\/\\\/cookking.online\\\/wp-content\\\/uploads\\\/2021\\\/11\\\/Logo.png\",\"width\":291,\"height\":100,\"caption\":\"Cookking.online\"},\"image\":{\"@id\":\"https:\\\/\\\/cookking.online\\\/#\\\/schema\\\/logo\\\/image\\\/\"}}]}<\/script>\n<!-- \/ Yoast SEO plugin. -->","yoast_head_json":{"title":"Peili\u0173 a\u0161trum\u0105 tikrinantis \"Edge On Up E-Lab B DP\" profesionalus laboratorijos rinkinys - Cookking.online","description":"E-Lab B DP - pa\u017eangus bandym\u0173 rinkinys profesionalams ir a\u0161trinimo entuziastams, sujungiantis \u012frankius i\u0161samiai a\u0161men\u0173 a\u0161tumo ir pjovimo efektyvumo analizei....","robots":{"index":"index","follow":"follow","max-snippet":"max-snippet:-1","max-image-preview":"max-image-preview:large","max-video-preview":"max-video-preview:-1"},"canonical":"https:\/\/cookking.online\/en\/katalogas\/peiliai\/peiliu-astruma-tikrinantis-edge-on-up-e-lab-b-dp-profesionalus-laboratorijos-rinkinys\/","og_locale":"en_US","og_type":"article","og_title":"Peili\u0173 a\u0161trum\u0105 tikrinantis \"Edge On Up E-Lab B DP\" profesionalus laboratorijos rinkinys - Cookking.online","og_description":"E-Lab B DP - pa\u017eangus bandym\u0173 rinkinys profesionalams ir a\u0161trinimo entuziastams, sujungiantis \u012frankius i\u0161samiai a\u0161men\u0173 a\u0161tumo ir pjovimo efektyvumo analizei....","og_url":"https:\/\/cookking.online\/en\/katalogas\/peiliai\/peiliu-astruma-tikrinantis-edge-on-up-e-lab-b-dp-profesionalus-laboratorijos-rinkinys\/","og_site_name":"Cookking.online","article_modified_time":"2026-03-10T10:12:49+00:00","og_image":[{"width":471,"height":372,"url":"https:\/\/cookking.online\/wp-content\/uploads\/2026\/03\/16656_1.jpg","type":"image\/jpeg"}],"twitter_card":"summary_large_image","twitter_misc":{"Est. reading time":"2 minutes"},"schema":{"@context":"https:\/\/schema.org","@graph":[{"@type":"WebPage","@id":"https:\/\/cookking.online\/katalogas\/peiliai\/peiliu-astruma-tikrinantis-edge-on-up-e-lab-b-dp-profesionalus-laboratorijos-rinkinys\/","url":"https:\/\/cookking.online\/katalogas\/peiliai\/peiliu-astruma-tikrinantis-edge-on-up-e-lab-b-dp-profesionalus-laboratorijos-rinkinys\/","name":"Peili\u0173 a\u0161trum\u0105 tikrinantis \"Edge On Up E-Lab B DP\" profesionalus laboratorijos rinkinys - Cookking.online","isPartOf":{"@id":"https:\/\/cookking.online\/#website"},"primaryImageOfPage":{"@id":"https:\/\/cookking.online\/katalogas\/peiliai\/peiliu-astruma-tikrinantis-edge-on-up-e-lab-b-dp-profesionalus-laboratorijos-rinkinys\/#primaryimage"},"image":{"@id":"https:\/\/cookking.online\/katalogas\/peiliai\/peiliu-astruma-tikrinantis-edge-on-up-e-lab-b-dp-profesionalus-laboratorijos-rinkinys\/#primaryimage"},"thumbnailUrl":"https:\/\/cookking.online\/wp-content\/uploads\/2026\/03\/16656_1.jpg","datePublished":"2026-03-10T09:18:52+00:00","dateModified":"2026-03-10T10:12:49+00:00","description":"E-Lab B DP - pa\u017eangus bandym\u0173 rinkinys profesionalams ir a\u0161trinimo entuziastams, sujungiantis \u012frankius i\u0161samiai a\u0161men\u0173 a\u0161tumo ir pjovimo efektyvumo analizei....","breadcrumb":{"@id":"https:\/\/cookking.online\/katalogas\/peiliai\/peiliu-astruma-tikrinantis-edge-on-up-e-lab-b-dp-profesionalus-laboratorijos-rinkinys\/#breadcrumb"},"inLanguage":"en-US","potentialAction":[{"@type":"ReadAction","target":["https:\/\/cookking.online\/katalogas\/peiliai\/peiliu-astruma-tikrinantis-edge-on-up-e-lab-b-dp-profesionalus-laboratorijos-rinkinys\/"]}]},{"@type":"ImageObject","inLanguage":"en-US","@id":"https:\/\/cookking.online\/katalogas\/peiliai\/peiliu-astruma-tikrinantis-edge-on-up-e-lab-b-dp-profesionalus-laboratorijos-rinkinys\/#primaryimage","url":"https:\/\/cookking.online\/wp-content\/uploads\/2026\/03\/16656_1.jpg","contentUrl":"https:\/\/cookking.online\/wp-content\/uploads\/2026\/03\/16656_1.jpg","width":471,"height":372},{"@type":"BreadcrumbList","@id":"https:\/\/cookking.online\/katalogas\/peiliai\/peiliu-astruma-tikrinantis-edge-on-up-e-lab-b-dp-profesionalus-laboratorijos-rinkinys\/#breadcrumb","itemListElement":[{"@type":"ListItem","position":1,"name":"Prad\u017eia","item":"https:\/\/cookking.online\/"},{"@type":"ListItem","position":2,"name":"Parduotuv\u0117","item":"https:\/\/cookking.online\/parduotuve\/"},{"@type":"ListItem","position":3,"name":"Peili\u0173 a\u0161trum\u0105 tikrinantis &#8222;Edge On Up E-Lab B DP&#8221; profesionalus laboratorijos rinkinys"}]},{"@type":"WebSite","@id":"https:\/\/cookking.online\/#website","url":"https:\/\/cookking.online\/","name":"Cookking.online","description":"","publisher":{"@id":"https:\/\/cookking.online\/#organization"},"potentialAction":[{"@type":"SearchAction","target":{"@type":"EntryPoint","urlTemplate":"https:\/\/cookking.online\/?s={search_term_string}"},"query-input":{"@type":"PropertyValueSpecification","valueRequired":true,"valueName":"search_term_string"}}],"inLanguage":"en-US"},{"@type":"Organization","@id":"https:\/\/cookking.online\/#organization","name":"Cookking.online","url":"https:\/\/cookking.online\/","logo":{"@type":"ImageObject","inLanguage":"en-US","@id":"https:\/\/cookking.online\/#\/schema\/logo\/image\/","url":"https:\/\/cookking.online\/wp-content\/uploads\/2021\/11\/Logo.png","contentUrl":"https:\/\/cookking.online\/wp-content\/uploads\/2021\/11\/Logo.png","width":291,"height":100,"caption":"Cookking.online"},"image":{"@id":"https:\/\/cookking.online\/#\/schema\/logo\/image\/"}}]}},"_links":{"self":[{"href":"https:\/\/cookking.online\/en\/wp-json\/wp\/v2\/product\/34495","targetHints":{"allow":["GET"]}}],"collection":[{"href":"https:\/\/cookking.online\/en\/wp-json\/wp\/v2\/product"}],"about":[{"href":"https:\/\/cookking.online\/en\/wp-json\/wp\/v2\/types\/product"}],"wp:featuredmedia":[{"embeddable":true,"href":"https:\/\/cookking.online\/en\/wp-json\/wp\/v2\/media\/34494"}],"wp:attachment":[{"href":"https:\/\/cookking.online\/en\/wp-json\/wp\/v2\/media?parent=34495"}],"wp:term":[{"taxonomy":"product_brand","embeddable":true,"href":"https:\/\/cookking.online\/en\/wp-json\/wp\/v2\/product_brand?post=34495"},{"taxonomy":"product_cat","embeddable":true,"href":"https:\/\/cookking.online\/en\/wp-json\/wp\/v2\/product_cat?post=34495"},{"taxonomy":"product_tag","embeddable":true,"href":"https:\/\/cookking.online\/en\/wp-json\/wp\/v2\/product_tag?post=34495"}],"curies":[{"name":"wp","href":"https:\/\/api.w.org\/{rel}","templated":true}]}}