{"id":34523,"date":"2026-03-10T12:18:52","date_gmt":"2026-03-10T09:18:52","guid":{"rendered":"https:\/\/cookking.online\/?post_type=product&#038;p=34523"},"modified":"2026-03-10T13:09:39","modified_gmt":"2026-03-10T10:09:39","slug":"tetsuhiro-kd-petty-120-mm-kd-864-virtuves-peilis","status":"publish","type":"product","link":"https:\/\/cookking.online\/en\/katalogas\/peiliai\/tetsuhiro-kd-petty-120-mm-kd-864-virtuves-peilis\/","title":{"rendered":"Tetsuhiro KD Petty 120 mm [KD-864] virtuv\u0117s peilis"},"content":{"rendered":"<h1><span style=\"color: #ff0000\">Tetsuhiro KD Petty 120 mm virtuvinis peilis<\/span><\/h1>\n<\/p>\n<p style=\"text-align: justify\" align=\"justify\"><span><span>Kiekviename virtuv\u0117je naudinga tur\u0117ti <\/span><\/span><strong><span><span>Petty<\/span><\/span><\/strong><span><span> tipo peil\u012f. I\u0161vaizda primena vir\u0117jo peil\u012f ir yra labai universalus. Siaura a\u0161men\u0173 dalis leid\u017eia patogiai manevruoti peiliu pjaunant, lu\u10deant ar smulkinant ma\u017eus produktus. Peilis puikiai tinka tiek m\u0117sai, tiek \u017euviai ar dar\u017eov\u0117ms. Da\u017enai vietoje didelio vir\u0117jo peilio imame b\u016btent <\/span><\/span><strong><span><span>Petty<\/span><\/span><\/strong><span><span> tipo a\u0161men\u012f, kad greitai supjausty\u0442ume pomidor\u0105, kiau\u0161in\u012f ar s\u016brio gabal\u0105. Juo nepjausime kop\u016bst\u0173 ar nei\u0161praksime moli\u016bgo, bet puikiai tvar\u043aysis su kitais produktais, kuriuos paprastai parengiame, pvz., sudarydami sumu\u0161tin\u012f. \u0160alia vir\u0117jo peilio tai populiariausia ir da\u017eniausiai pasirenkama a\u0161mens forma.<\/span><\/span><\/p>\n<\/p>\n<h2>Charakteristikos.<\/h2>\n<p style=\"text-align: justify\" align=\"justify\"><span>KD serijos peiliai traukia d\u0117mes\u012f nuostabia damasko ra\u0161to a\u0161men\u0173, pagamint\u0173 i\u0161 VG-10 plieno, i\u0161vaizda.<span> <\/span><\/span><span>Kiekvienas peilis yra unikalus ir nerasite dviej\u0173 vienod\u0173. Auk\u0161\u010diausios kokyb\u0117s VG-10 plieno a\u0161menys u\u017egr\u016bdinti iki 61 HRC kietumo, o tai suteikia did\u017eiul\u012f kietum\u0105 ir nepakartojam\u0105 a\u0161trunum\u0105. Subtili\u0105 stilistik\u0105 papildo europieti\u0161ko dizaino juoda micarto rankena.<span> <\/span><\/span><span>Ranken\u0105 vainikuoja ner\u016bdijan\u010dio plieno \u017eiedas, apsaugantis nuo dr\u0117gm\u0117s patekimo ir palengvinantis peilio prie\u017ei\u016br\u0105.<\/span><\/p>\n<\/p>\n<h2 style=\"text-align: justify\">Technin\u0117s charakteristikos:<\/h2>\n<p style=\"text-align: justify\"><strong>Plieno tipas:<\/strong><span> VG-10<\/span><br \/><strong>Rankenos med\u017eiaga:<\/strong><span> micarta<\/span><br \/><strong>Kietumas:<\/strong><span> +\/- 60\/61 HRC <\/span><br \/><strong>Bendra ilgis:<\/strong><span> 226 mm<\/span><br \/><strong>A\u0161mens ilgis:<\/strong><span> 120 mm<\/span><br \/><strong>A\u0161mens plotis:<\/strong><span>  26 mm<\/span><br \/><strong>A\u0161mens storis:<\/strong><span> apie 1.6 mm<\/span><br \/><strong>Galandimo b\u016bdas:<\/strong><span> dvipusis simetriskas \u0161lifis<\/span><br \/><strong>Svoris:<\/strong><span> apie 65 g<\/span><\/p>","protected":false},"excerpt":{"rendered":"<p>Tetsuhiro KD Petty 120 mm virtuvinis peilis Kiekviename virtuv\u0117je naudinga tur\u0117ti Petty tipo peil\u012f. I\u0161vaizda primena vir\u0117jo peil\u012f ir yra labai universalus. Siaura a\u0161men\u0173 dalis leid\u017eia patogiai manevruoti peiliu pjaunant,&#8230;<\/p>","protected":false},"featured_media":34497,"template":"","meta":[],"product_brand":[],"product_cat":[119],"product_tag":[],"class_list":{"0":"post-34523","1":"product","2":"type-product","3":"status-publish","4":"has-post-thumbnail","6":"product_cat-peiliai","8":"first","9":"instock","10":"taxable","11":"shipping-taxable","12":"purchasable","13":"product-type-simple"},"yoast_head":"<!-- This site is optimized with the Yoast SEO plugin v27.3 - https:\/\/yoast.com\/product\/yoast-seo-wordpress\/ -->\n<title>Tetsuhiro KD Petty 120 mm [KD-864] virtuv\u0117s peilis - Cookking.online<\/title>\n<meta name=\"description\" content=\"Tetsuhiro KD Petty 120 mm virtuvinis peilis Kiekviename virtuv\u0117je naudinga tur\u0117ti Petty tipo peil\u012f. I\u0161vaizda primena vir\u0117jo peil\u012f ir yra labai universalus. S...\" \/>\n<meta name=\"robots\" content=\"index, follow, max-snippet:-1, max-image-preview:large, max-video-preview:-1\" \/>\n<link rel=\"canonical\" href=\"https:\/\/cookking.online\/en\/katalogas\/peiliai\/tetsuhiro-kd-petty-120-mm-kd-864-virtuves-peilis\/\" \/>\n<meta property=\"og:locale\" content=\"en_US\" \/>\n<meta property=\"og:type\" content=\"article\" \/>\n<meta property=\"og:title\" content=\"Tetsuhiro KD Petty 120 mm [KD-864] virtuv\u0117s peilis - Cookking.online\" \/>\n<meta property=\"og:description\" content=\"Tetsuhiro KD Petty 120 mm virtuvinis peilis Kiekviename virtuv\u0117je naudinga tur\u0117ti Petty tipo peil\u012f. I\u0161vaizda primena vir\u0117jo peil\u012f ir yra labai universalus. S...\" \/>\n<meta property=\"og:url\" content=\"https:\/\/cookking.online\/en\/katalogas\/peiliai\/tetsuhiro-kd-petty-120-mm-kd-864-virtuves-peilis\/\" \/>\n<meta property=\"og:site_name\" content=\"Cookking.online\" \/>\n<meta property=\"article:modified_time\" content=\"2026-03-10T10:09:39+00:00\" \/>\n<meta property=\"og:image\" content=\"https:\/\/cookking.online\/wp-content\/uploads\/2026\/03\/14204_2.png\" \/>\n\t<meta property=\"og:image:width\" content=\"1045\" \/>\n\t<meta property=\"og:image:height\" content=\"699\" \/>\n\t<meta property=\"og:image:type\" content=\"image\/png\" \/>\n<meta name=\"twitter:card\" content=\"summary_large_image\" \/>\n<meta name=\"twitter:label1\" content=\"Est. reading time\" \/>\n\t<meta name=\"twitter:data1\" content=\"1 minute\" \/>\n<script type=\"application\/ld+json\" class=\"yoast-schema-graph\">{\"@context\":\"https:\\\/\\\/schema.org\",\"@graph\":[{\"@type\":\"WebPage\",\"@id\":\"https:\\\/\\\/cookking.online\\\/katalogas\\\/peiliai\\\/tetsuhiro-kd-petty-120-mm-kd-864-virtuves-peilis\\\/\",\"url\":\"https:\\\/\\\/cookking.online\\\/katalogas\\\/peiliai\\\/tetsuhiro-kd-petty-120-mm-kd-864-virtuves-peilis\\\/\",\"name\":\"Tetsuhiro KD Petty 120 mm [KD-864] virtuv\u0117s peilis - Cookking.online\",\"isPartOf\":{\"@id\":\"https:\\\/\\\/cookking.online\\\/#website\"},\"primaryImageOfPage\":{\"@id\":\"https:\\\/\\\/cookking.online\\\/katalogas\\\/peiliai\\\/tetsuhiro-kd-petty-120-mm-kd-864-virtuves-peilis\\\/#primaryimage\"},\"image\":{\"@id\":\"https:\\\/\\\/cookking.online\\\/katalogas\\\/peiliai\\\/tetsuhiro-kd-petty-120-mm-kd-864-virtuves-peilis\\\/#primaryimage\"},\"thumbnailUrl\":\"https:\\\/\\\/cookking.online\\\/wp-content\\\/uploads\\\/2026\\\/03\\\/14204_2.png\",\"datePublished\":\"2026-03-10T09:18:52+00:00\",\"dateModified\":\"2026-03-10T10:09:39+00:00\",\"description\":\"Tetsuhiro KD Petty 120 mm virtuvinis peilis Kiekviename virtuv\u0117je naudinga tur\u0117ti Petty tipo peil\u012f. I\u0161vaizda primena vir\u0117jo peil\u012f ir yra labai universalus. S...\",\"breadcrumb\":{\"@id\":\"https:\\\/\\\/cookking.online\\\/katalogas\\\/peiliai\\\/tetsuhiro-kd-petty-120-mm-kd-864-virtuves-peilis\\\/#breadcrumb\"},\"inLanguage\":\"en-US\",\"potentialAction\":[{\"@type\":\"ReadAction\",\"target\":[\"https:\\\/\\\/cookking.online\\\/katalogas\\\/peiliai\\\/tetsuhiro-kd-petty-120-mm-kd-864-virtuves-peilis\\\/\"]}]},{\"@type\":\"ImageObject\",\"inLanguage\":\"en-US\",\"@id\":\"https:\\\/\\\/cookking.online\\\/katalogas\\\/peiliai\\\/tetsuhiro-kd-petty-120-mm-kd-864-virtuves-peilis\\\/#primaryimage\",\"url\":\"https:\\\/\\\/cookking.online\\\/wp-content\\\/uploads\\\/2026\\\/03\\\/14204_2.png\",\"contentUrl\":\"https:\\\/\\\/cookking.online\\\/wp-content\\\/uploads\\\/2026\\\/03\\\/14204_2.png\",\"width\":1045,\"height\":699},{\"@type\":\"BreadcrumbList\",\"@id\":\"https:\\\/\\\/cookking.online\\\/katalogas\\\/peiliai\\\/tetsuhiro-kd-petty-120-mm-kd-864-virtuves-peilis\\\/#breadcrumb\",\"itemListElement\":[{\"@type\":\"ListItem\",\"position\":1,\"name\":\"Prad\u017eia\",\"item\":\"https:\\\/\\\/cookking.online\\\/\"},{\"@type\":\"ListItem\",\"position\":2,\"name\":\"Parduotuv\u0117\",\"item\":\"https:\\\/\\\/cookking.online\\\/parduotuve\\\/\"},{\"@type\":\"ListItem\",\"position\":3,\"name\":\"Tetsuhiro KD Petty 120 mm [KD-864] virtuv\u0117s peilis\"}]},{\"@type\":\"WebSite\",\"@id\":\"https:\\\/\\\/cookking.online\\\/#website\",\"url\":\"https:\\\/\\\/cookking.online\\\/\",\"name\":\"Cookking.online\",\"description\":\"\",\"publisher\":{\"@id\":\"https:\\\/\\\/cookking.online\\\/#organization\"},\"potentialAction\":[{\"@type\":\"SearchAction\",\"target\":{\"@type\":\"EntryPoint\",\"urlTemplate\":\"https:\\\/\\\/cookking.online\\\/?s={search_term_string}\"},\"query-input\":{\"@type\":\"PropertyValueSpecification\",\"valueRequired\":true,\"valueName\":\"search_term_string\"}}],\"inLanguage\":\"en-US\"},{\"@type\":\"Organization\",\"@id\":\"https:\\\/\\\/cookking.online\\\/#organization\",\"name\":\"Cookking.online\",\"url\":\"https:\\\/\\\/cookking.online\\\/\",\"logo\":{\"@type\":\"ImageObject\",\"inLanguage\":\"en-US\",\"@id\":\"https:\\\/\\\/cookking.online\\\/#\\\/schema\\\/logo\\\/image\\\/\",\"url\":\"https:\\\/\\\/cookking.online\\\/wp-content\\\/uploads\\\/2021\\\/11\\\/Logo.png\",\"contentUrl\":\"https:\\\/\\\/cookking.online\\\/wp-content\\\/uploads\\\/2021\\\/11\\\/Logo.png\",\"width\":291,\"height\":100,\"caption\":\"Cookking.online\"},\"image\":{\"@id\":\"https:\\\/\\\/cookking.online\\\/#\\\/schema\\\/logo\\\/image\\\/\"}}]}<\/script>\n<!-- \/ Yoast SEO plugin. -->","yoast_head_json":{"title":"Tetsuhiro KD Petty 120 mm [KD-864] virtuv\u0117s peilis - Cookking.online","description":"Tetsuhiro KD Petty 120 mm virtuvinis peilis Kiekviename virtuv\u0117je naudinga tur\u0117ti Petty tipo peil\u012f. I\u0161vaizda primena vir\u0117jo peil\u012f ir yra labai universalus. S...","robots":{"index":"index","follow":"follow","max-snippet":"max-snippet:-1","max-image-preview":"max-image-preview:large","max-video-preview":"max-video-preview:-1"},"canonical":"https:\/\/cookking.online\/en\/katalogas\/peiliai\/tetsuhiro-kd-petty-120-mm-kd-864-virtuves-peilis\/","og_locale":"en_US","og_type":"article","og_title":"Tetsuhiro KD Petty 120 mm [KD-864] virtuv\u0117s peilis - Cookking.online","og_description":"Tetsuhiro KD Petty 120 mm virtuvinis peilis Kiekviename virtuv\u0117je naudinga tur\u0117ti Petty tipo peil\u012f. I\u0161vaizda primena vir\u0117jo peil\u012f ir yra labai universalus. S...","og_url":"https:\/\/cookking.online\/en\/katalogas\/peiliai\/tetsuhiro-kd-petty-120-mm-kd-864-virtuves-peilis\/","og_site_name":"Cookking.online","article_modified_time":"2026-03-10T10:09:39+00:00","og_image":[{"width":1045,"height":699,"url":"https:\/\/cookking.online\/wp-content\/uploads\/2026\/03\/14204_2.png","type":"image\/png"}],"twitter_card":"summary_large_image","twitter_misc":{"Est. reading time":"1 minute"},"schema":{"@context":"https:\/\/schema.org","@graph":[{"@type":"WebPage","@id":"https:\/\/cookking.online\/katalogas\/peiliai\/tetsuhiro-kd-petty-120-mm-kd-864-virtuves-peilis\/","url":"https:\/\/cookking.online\/katalogas\/peiliai\/tetsuhiro-kd-petty-120-mm-kd-864-virtuves-peilis\/","name":"Tetsuhiro KD Petty 120 mm [KD-864] virtuv\u0117s peilis - Cookking.online","isPartOf":{"@id":"https:\/\/cookking.online\/#website"},"primaryImageOfPage":{"@id":"https:\/\/cookking.online\/katalogas\/peiliai\/tetsuhiro-kd-petty-120-mm-kd-864-virtuves-peilis\/#primaryimage"},"image":{"@id":"https:\/\/cookking.online\/katalogas\/peiliai\/tetsuhiro-kd-petty-120-mm-kd-864-virtuves-peilis\/#primaryimage"},"thumbnailUrl":"https:\/\/cookking.online\/wp-content\/uploads\/2026\/03\/14204_2.png","datePublished":"2026-03-10T09:18:52+00:00","dateModified":"2026-03-10T10:09:39+00:00","description":"Tetsuhiro KD Petty 120 mm virtuvinis peilis Kiekviename virtuv\u0117je naudinga tur\u0117ti Petty tipo peil\u012f. I\u0161vaizda primena vir\u0117jo peil\u012f ir yra labai universalus. S...","breadcrumb":{"@id":"https:\/\/cookking.online\/katalogas\/peiliai\/tetsuhiro-kd-petty-120-mm-kd-864-virtuves-peilis\/#breadcrumb"},"inLanguage":"en-US","potentialAction":[{"@type":"ReadAction","target":["https:\/\/cookking.online\/katalogas\/peiliai\/tetsuhiro-kd-petty-120-mm-kd-864-virtuves-peilis\/"]}]},{"@type":"ImageObject","inLanguage":"en-US","@id":"https:\/\/cookking.online\/katalogas\/peiliai\/tetsuhiro-kd-petty-120-mm-kd-864-virtuves-peilis\/#primaryimage","url":"https:\/\/cookking.online\/wp-content\/uploads\/2026\/03\/14204_2.png","contentUrl":"https:\/\/cookking.online\/wp-content\/uploads\/2026\/03\/14204_2.png","width":1045,"height":699},{"@type":"BreadcrumbList","@id":"https:\/\/cookking.online\/katalogas\/peiliai\/tetsuhiro-kd-petty-120-mm-kd-864-virtuves-peilis\/#breadcrumb","itemListElement":[{"@type":"ListItem","position":1,"name":"Prad\u017eia","item":"https:\/\/cookking.online\/"},{"@type":"ListItem","position":2,"name":"Parduotuv\u0117","item":"https:\/\/cookking.online\/parduotuve\/"},{"@type":"ListItem","position":3,"name":"Tetsuhiro KD Petty 120 mm [KD-864] virtuv\u0117s peilis"}]},{"@type":"WebSite","@id":"https:\/\/cookking.online\/#website","url":"https:\/\/cookking.online\/","name":"Cookking.online","description":"","publisher":{"@id":"https:\/\/cookking.online\/#organization"},"potentialAction":[{"@type":"SearchAction","target":{"@type":"EntryPoint","urlTemplate":"https:\/\/cookking.online\/?s={search_term_string}"},"query-input":{"@type":"PropertyValueSpecification","valueRequired":true,"valueName":"search_term_string"}}],"inLanguage":"en-US"},{"@type":"Organization","@id":"https:\/\/cookking.online\/#organization","name":"Cookking.online","url":"https:\/\/cookking.online\/","logo":{"@type":"ImageObject","inLanguage":"en-US","@id":"https:\/\/cookking.online\/#\/schema\/logo\/image\/","url":"https:\/\/cookking.online\/wp-content\/uploads\/2021\/11\/Logo.png","contentUrl":"https:\/\/cookking.online\/wp-content\/uploads\/2021\/11\/Logo.png","width":291,"height":100,"caption":"Cookking.online"},"image":{"@id":"https:\/\/cookking.online\/#\/schema\/logo\/image\/"}}]}},"_links":{"self":[{"href":"https:\/\/cookking.online\/en\/wp-json\/wp\/v2\/product\/34523","targetHints":{"allow":["GET"]}}],"collection":[{"href":"https:\/\/cookking.online\/en\/wp-json\/wp\/v2\/product"}],"about":[{"href":"https:\/\/cookking.online\/en\/wp-json\/wp\/v2\/types\/product"}],"wp:featuredmedia":[{"embeddable":true,"href":"https:\/\/cookking.online\/en\/wp-json\/wp\/v2\/media\/34497"}],"wp:attachment":[{"href":"https:\/\/cookking.online\/en\/wp-json\/wp\/v2\/media?parent=34523"}],"wp:term":[{"taxonomy":"product_brand","embeddable":true,"href":"https:\/\/cookking.online\/en\/wp-json\/wp\/v2\/product_brand?post=34523"},{"taxonomy":"product_cat","embeddable":true,"href":"https:\/\/cookking.online\/en\/wp-json\/wp\/v2\/product_cat?post=34523"},{"taxonomy":"product_tag","embeddable":true,"href":"https:\/\/cookking.online\/en\/wp-json\/wp\/v2\/product_tag?post=34523"}],"curies":[{"name":"wp","href":"https:\/\/api.w.org\/{rel}","templated":true}]}}