{"id":34529,"date":"2026-03-10T12:18:52","date_gmt":"2026-03-10T09:18:52","guid":{"rendered":"https:\/\/cookking.online\/?post_type=product&#038;p=34529"},"modified":"2026-03-10T13:09:32","modified_gmt":"2026-03-10T10:09:32","slug":"bandziamieji-klipai-asmenu-astrumui-matuoti-edge-on-up-dtc100-100-vnt","status":"publish","type":"product","link":"https:\/\/cookking.online\/en\/katalogas\/peiliai\/bandziamieji-klipai-asmenu-astrumui-matuoti-edge-on-up-dtc100-100-vnt\/","title":{"rendered":"Band\u017eiamieji klipai a\u0161men\u0173 a\u0161trumui matuoti Edge On Up DTC100, 100 vnt."},"content":{"rendered":"<div style=\"flex-direction: column\" class=\"iai-section-b518b711-327c-49dd-a6df-803f52333dbe-description-wrapper\">\n<div style=\"text-align: justify\" class=\"iai-section-b518b711-327c-49dd-a6df-803f52333dbe iai-section-b518b711-327c-49dd-a6df-803f52333dbe-html\">\n<p style=\"text-align: justify\"><!--StartFragment--><\/p>\n<p style=\"text-align: justify\" data-start=\"227\" data-end=\"671\">100 vienkartini\u0173 bandymo spaustukai [DTC100], kurie palengvina ir paspartina a\u0161men\u0173 a\u0161trum\u0105 matuojant \u012frenginiuose, tokiuose kaip PT50A, PT50B ir kituose \u201eEdge-On-Up&#8221; \u012frenginiuose. Kiekviename spaustuke yra \u012fmontuotas bandymo si\u016blas, tod\u0117l j\u012f u\u017etenka <strong data-start=\"519\" data-end=\"553\">pritvirtinti prie spaustuk\u0173 pagrindo<\/strong>, kad atliktum\u0117te matavim\u0105 &#8211; be atskiro bandymo med\u017eiagos u\u017ed\u0117jimo. <span class=\"\" data-state=\"closed\"><\/span><\/p>\n<p style=\"text-align: justify\" data-start=\"673\" data-end=\"1421\"><strong data-start=\"676\" data-end=\"700\">Pagrindin\u0117s funkcijos:<\/strong><\/p>\n<ul style=\"text-align: justify\">\n<li data-start=\"673\" data-end=\"1421\"><strong data-start=\"706\" data-end=\"738\">100 DTC100 bandymo spaustuk\u0173<\/strong> &#8211; didelis kiekis daugybei matavim\u0173 ir pakartotini\u0173 a\u0161tumo bandym\u0173<\/li>\n<li data-start=\"673\" data-end=\"1421\"><strong data-start=\"848\" data-end=\"875\">\u012emontuotas bandymo si\u016blas<\/strong> kiekviename spaustuke &#8211; greitas keitimas ir pasirengimas matavimams<\/li>\n<li data-start=\"673\" data-end=\"1421\"><strong data-start=\"976\" data-end=\"995\">Lengva tvirtinti<\/strong> &#8211; spaustukus galima naudoti su spaustuk\u0173 pagrindu (pvz., DCB10) arba kitais suderintais adapteriais<\/li>\n<li data-start=\"673\" data-end=\"1421\"><strong data-start=\"1132\" data-end=\"1160\">Paruo\u0161tas naudoti i\u0161kart<\/strong> &#8211; nereikia papildomos bandymo med\u017eiagos<\/li>\n<li data-start=\"673\" data-end=\"1421\"><strong data-start=\"1252\" data-end=\"1280\">Universalus naudojimas<\/strong> &#8211; idealus a\u0161men\u0173, \u012franki\u0173 ir kit\u0173 a\u0161tri\u0173 daikt\u0173 a\u0161tumo testeriai, suderinami su \u201eEdge-On-Up&#8221; sistema <span class=\"\" data-state=\"closed\"><\/span><\/li>\n<\/ul>\n<p style=\"text-align: justify\" data-start=\"1423\" data-end=\"1757\"><strong data-start=\"1426\" data-end=\"1443\">Naudojimas:<\/strong><br data-start=\"1443\" data-end=\"1446\">DTC100 bandymo spaustukai yra prakti\u0161kas <strong data-start=\"1482\" data-end=\"1532\">priedas, palengvinantis a\u0161men\u0173 a\u0161tumo matavimus<\/strong>, ypa\u010d atliekant daug test\u0173 arba reikalaujant greitai pakeisti bandymo med\u017eiag\u0105 tarp matavim\u0173. Jie naudojami tiek dirbtuv\u0117se, tiek \u0161lifavimo ir \u012franki\u0173 gamybos servisuose.<\/p>\n<p style=\"text-align: justify\" data-start=\"1759\" data-end=\"1961\"><strong data-start=\"1762\" data-end=\"1775\">Kam skirta:<\/strong><\/p>\n<ul style=\"text-align: justify\">\n<li data-start=\"1759\" data-end=\"1961\">profesional\u016bs \u0161lifavimo servisai,<\/li>\n<li data-start=\"1759\" data-end=\"1961\">a\u0161men\u0173 a\u0161tumo matavimo \u012frengini\u0173 (pvz., PT50A\/PT50B) naudotojai,<\/li>\n<li data-start=\"1759\" data-end=\"1961\">peili\u0173 ir pjaunam\u0173j\u0173 \u012franki\u0173 gamintojai,<\/li>\n<li data-start=\"1759\" data-end=\"1961\">hobistai-\u0161lifuotojai ir peili\u0173 kolekcionieriai.<\/li>\n<\/ul>\n<p style=\"text-align: justify\"><!--EndFragment--><\/p>\n<\/div>\n<\/div>\n","protected":false},"excerpt":{"rendered":"<p>100 vienkartini\u0173 bandymo spaustukai [DTC100], kurie palengvina ir paspartina a\u0161men\u0173 a\u0161trum\u0105 matuojant \u012frenginiuose, tokiuose kaip PT50A, PT50B ir kituose \u201eEdge-On-Up&#8221; \u012frenginiuose. Kiekviename spaustuke yra \u012fmontuotas bandymo si\u016blas, tod\u0117l j\u012f u\u017etenka&#8230;<\/p>\n","protected":false},"featured_media":34528,"template":"","meta":[],"product_brand":[],"product_cat":[119],"product_tag":[],"class_list":{"0":"post-34529","1":"product","2":"type-product","3":"status-publish","4":"has-post-thumbnail","6":"product_cat-peiliai","8":"first","9":"instock","10":"taxable","11":"shipping-taxable","12":"purchasable","13":"product-type-simple"},"yoast_head":"<!-- This site is optimized with the Yoast SEO plugin v27.5 - https:\/\/yoast.com\/product\/yoast-seo-wordpress\/ -->\n<title>Band\u017eiamieji klipai a\u0161men\u0173 a\u0161trumui matuoti Edge On Up DTC100, 100 vnt. - Cookking.online<\/title>\n<meta name=\"description\" content=\"100 vienkartini\u0173 bandymo spaustukai [DTC100], kurie palengvina ir paspartina a\u0161men\u0173 a\u0161trum\u0105 matuojant \u012frenginiuose, tokiuose kaip PT50A, PT50B ir kituose \u201eEd...\" \/>\n<meta name=\"robots\" content=\"index, follow, max-snippet:-1, max-image-preview:large, max-video-preview:-1\" \/>\n<link rel=\"canonical\" href=\"https:\/\/cookking.online\/en\/katalogas\/peiliai\/bandziamieji-klipai-asmenu-astrumui-matuoti-edge-on-up-dtc100-100-vnt\/\" \/>\n<meta property=\"og:locale\" content=\"en_US\" \/>\n<meta property=\"og:type\" content=\"article\" \/>\n<meta property=\"og:title\" content=\"Band\u017eiamieji klipai a\u0161men\u0173 a\u0161trumui matuoti Edge On Up DTC100, 100 vnt. - Cookking.online\" \/>\n<meta property=\"og:description\" content=\"100 vienkartini\u0173 bandymo spaustukai [DTC100], kurie palengvina ir paspartina a\u0161men\u0173 a\u0161trum\u0105 matuojant \u012frenginiuose, tokiuose kaip PT50A, PT50B ir kituose \u201eEd...\" \/>\n<meta property=\"og:url\" content=\"https:\/\/cookking.online\/en\/katalogas\/peiliai\/bandziamieji-klipai-asmenu-astrumui-matuoti-edge-on-up-dtc100-100-vnt\/\" \/>\n<meta property=\"og:site_name\" content=\"Cookking.online\" \/>\n<meta property=\"article:modified_time\" content=\"2026-03-10T10:09:32+00:00\" \/>\n<meta property=\"og:image\" content=\"https:\/\/cookking.online\/wp-content\/uploads\/2026\/03\/16655_1.jpg\" \/>\n\t<meta property=\"og:image:width\" content=\"368\" \/>\n\t<meta property=\"og:image:height\" content=\"500\" \/>\n\t<meta property=\"og:image:type\" content=\"image\/jpeg\" \/>\n<meta name=\"twitter:card\" content=\"summary_large_image\" \/>\n<meta name=\"twitter:label1\" content=\"Est. reading time\" \/>\n\t<meta name=\"twitter:data1\" content=\"1 minute\" \/>\n<script type=\"application\/ld+json\" class=\"yoast-schema-graph\">{\"@context\":\"https:\\\/\\\/schema.org\",\"@graph\":[{\"@type\":\"WebPage\",\"@id\":\"https:\\\/\\\/cookking.online\\\/katalogas\\\/peiliai\\\/bandziamieji-klipai-asmenu-astrumui-matuoti-edge-on-up-dtc100-100-vnt\\\/\",\"url\":\"https:\\\/\\\/cookking.online\\\/katalogas\\\/peiliai\\\/bandziamieji-klipai-asmenu-astrumui-matuoti-edge-on-up-dtc100-100-vnt\\\/\",\"name\":\"Band\u017eiamieji klipai a\u0161men\u0173 a\u0161trumui matuoti Edge On Up DTC100, 100 vnt. - Cookking.online\",\"isPartOf\":{\"@id\":\"https:\\\/\\\/cookking.online\\\/#website\"},\"primaryImageOfPage\":{\"@id\":\"https:\\\/\\\/cookking.online\\\/katalogas\\\/peiliai\\\/bandziamieji-klipai-asmenu-astrumui-matuoti-edge-on-up-dtc100-100-vnt\\\/#primaryimage\"},\"image\":{\"@id\":\"https:\\\/\\\/cookking.online\\\/katalogas\\\/peiliai\\\/bandziamieji-klipai-asmenu-astrumui-matuoti-edge-on-up-dtc100-100-vnt\\\/#primaryimage\"},\"thumbnailUrl\":\"https:\\\/\\\/cookking.online\\\/wp-content\\\/uploads\\\/2026\\\/03\\\/16655_1.jpg\",\"datePublished\":\"2026-03-10T09:18:52+00:00\",\"dateModified\":\"2026-03-10T10:09:32+00:00\",\"description\":\"100 vienkartini\u0173 bandymo spaustukai [DTC100], kurie palengvina ir paspartina a\u0161men\u0173 a\u0161trum\u0105 matuojant \u012frenginiuose, tokiuose kaip PT50A, PT50B ir kituose \u201eEd...\",\"breadcrumb\":{\"@id\":\"https:\\\/\\\/cookking.online\\\/katalogas\\\/peiliai\\\/bandziamieji-klipai-asmenu-astrumui-matuoti-edge-on-up-dtc100-100-vnt\\\/#breadcrumb\"},\"inLanguage\":\"en-US\",\"potentialAction\":[{\"@type\":\"ReadAction\",\"target\":[\"https:\\\/\\\/cookking.online\\\/katalogas\\\/peiliai\\\/bandziamieji-klipai-asmenu-astrumui-matuoti-edge-on-up-dtc100-100-vnt\\\/\"]}]},{\"@type\":\"ImageObject\",\"inLanguage\":\"en-US\",\"@id\":\"https:\\\/\\\/cookking.online\\\/katalogas\\\/peiliai\\\/bandziamieji-klipai-asmenu-astrumui-matuoti-edge-on-up-dtc100-100-vnt\\\/#primaryimage\",\"url\":\"https:\\\/\\\/cookking.online\\\/wp-content\\\/uploads\\\/2026\\\/03\\\/16655_1.jpg\",\"contentUrl\":\"https:\\\/\\\/cookking.online\\\/wp-content\\\/uploads\\\/2026\\\/03\\\/16655_1.jpg\",\"width\":368,\"height\":500},{\"@type\":\"BreadcrumbList\",\"@id\":\"https:\\\/\\\/cookking.online\\\/katalogas\\\/peiliai\\\/bandziamieji-klipai-asmenu-astrumui-matuoti-edge-on-up-dtc100-100-vnt\\\/#breadcrumb\",\"itemListElement\":[{\"@type\":\"ListItem\",\"position\":1,\"name\":\"Prad\u017eia\",\"item\":\"https:\\\/\\\/cookking.online\\\/\"},{\"@type\":\"ListItem\",\"position\":2,\"name\":\"Parduotuv\u0117\",\"item\":\"https:\\\/\\\/cookking.online\\\/parduotuve\\\/\"},{\"@type\":\"ListItem\",\"position\":3,\"name\":\"Band\u017eiamieji klipai a\u0161men\u0173 a\u0161trumui matuoti Edge On Up DTC100, 100 vnt.\"}]},{\"@type\":\"WebSite\",\"@id\":\"https:\\\/\\\/cookking.online\\\/#website\",\"url\":\"https:\\\/\\\/cookking.online\\\/\",\"name\":\"Cookking.online\",\"description\":\"\",\"publisher\":{\"@id\":\"https:\\\/\\\/cookking.online\\\/#organization\"},\"potentialAction\":[{\"@type\":\"SearchAction\",\"target\":{\"@type\":\"EntryPoint\",\"urlTemplate\":\"https:\\\/\\\/cookking.online\\\/?s={search_term_string}\"},\"query-input\":{\"@type\":\"PropertyValueSpecification\",\"valueRequired\":true,\"valueName\":\"search_term_string\"}}],\"inLanguage\":\"en-US\"},{\"@type\":\"Organization\",\"@id\":\"https:\\\/\\\/cookking.online\\\/#organization\",\"name\":\"Cookking.online\",\"url\":\"https:\\\/\\\/cookking.online\\\/\",\"logo\":{\"@type\":\"ImageObject\",\"inLanguage\":\"en-US\",\"@id\":\"https:\\\/\\\/cookking.online\\\/#\\\/schema\\\/logo\\\/image\\\/\",\"url\":\"https:\\\/\\\/cookking.online\\\/wp-content\\\/uploads\\\/2021\\\/11\\\/Logo.png\",\"contentUrl\":\"https:\\\/\\\/cookking.online\\\/wp-content\\\/uploads\\\/2021\\\/11\\\/Logo.png\",\"width\":291,\"height\":100,\"caption\":\"Cookking.online\"},\"image\":{\"@id\":\"https:\\\/\\\/cookking.online\\\/#\\\/schema\\\/logo\\\/image\\\/\"}}]}<\/script>\n<!-- \/ Yoast SEO plugin. -->","yoast_head_json":{"title":"Band\u017eiamieji klipai a\u0161men\u0173 a\u0161trumui matuoti Edge On Up DTC100, 100 vnt. - Cookking.online","description":"100 vienkartini\u0173 bandymo spaustukai [DTC100], kurie palengvina ir paspartina a\u0161men\u0173 a\u0161trum\u0105 matuojant \u012frenginiuose, tokiuose kaip PT50A, PT50B ir kituose \u201eEd...","robots":{"index":"index","follow":"follow","max-snippet":"max-snippet:-1","max-image-preview":"max-image-preview:large","max-video-preview":"max-video-preview:-1"},"canonical":"https:\/\/cookking.online\/en\/katalogas\/peiliai\/bandziamieji-klipai-asmenu-astrumui-matuoti-edge-on-up-dtc100-100-vnt\/","og_locale":"en_US","og_type":"article","og_title":"Band\u017eiamieji klipai a\u0161men\u0173 a\u0161trumui matuoti Edge On Up DTC100, 100 vnt. - Cookking.online","og_description":"100 vienkartini\u0173 bandymo spaustukai [DTC100], kurie palengvina ir paspartina a\u0161men\u0173 a\u0161trum\u0105 matuojant \u012frenginiuose, tokiuose kaip PT50A, PT50B ir kituose \u201eEd...","og_url":"https:\/\/cookking.online\/en\/katalogas\/peiliai\/bandziamieji-klipai-asmenu-astrumui-matuoti-edge-on-up-dtc100-100-vnt\/","og_site_name":"Cookking.online","article_modified_time":"2026-03-10T10:09:32+00:00","og_image":[{"width":368,"height":500,"url":"https:\/\/cookking.online\/wp-content\/uploads\/2026\/03\/16655_1.jpg","type":"image\/jpeg"}],"twitter_card":"summary_large_image","twitter_misc":{"Est. reading time":"1 minute"},"schema":{"@context":"https:\/\/schema.org","@graph":[{"@type":"WebPage","@id":"https:\/\/cookking.online\/katalogas\/peiliai\/bandziamieji-klipai-asmenu-astrumui-matuoti-edge-on-up-dtc100-100-vnt\/","url":"https:\/\/cookking.online\/katalogas\/peiliai\/bandziamieji-klipai-asmenu-astrumui-matuoti-edge-on-up-dtc100-100-vnt\/","name":"Band\u017eiamieji klipai a\u0161men\u0173 a\u0161trumui matuoti Edge On Up DTC100, 100 vnt. - Cookking.online","isPartOf":{"@id":"https:\/\/cookking.online\/#website"},"primaryImageOfPage":{"@id":"https:\/\/cookking.online\/katalogas\/peiliai\/bandziamieji-klipai-asmenu-astrumui-matuoti-edge-on-up-dtc100-100-vnt\/#primaryimage"},"image":{"@id":"https:\/\/cookking.online\/katalogas\/peiliai\/bandziamieji-klipai-asmenu-astrumui-matuoti-edge-on-up-dtc100-100-vnt\/#primaryimage"},"thumbnailUrl":"https:\/\/cookking.online\/wp-content\/uploads\/2026\/03\/16655_1.jpg","datePublished":"2026-03-10T09:18:52+00:00","dateModified":"2026-03-10T10:09:32+00:00","description":"100 vienkartini\u0173 bandymo spaustukai [DTC100], kurie palengvina ir paspartina a\u0161men\u0173 a\u0161trum\u0105 matuojant \u012frenginiuose, tokiuose kaip PT50A, PT50B ir kituose \u201eEd...","breadcrumb":{"@id":"https:\/\/cookking.online\/katalogas\/peiliai\/bandziamieji-klipai-asmenu-astrumui-matuoti-edge-on-up-dtc100-100-vnt\/#breadcrumb"},"inLanguage":"en-US","potentialAction":[{"@type":"ReadAction","target":["https:\/\/cookking.online\/katalogas\/peiliai\/bandziamieji-klipai-asmenu-astrumui-matuoti-edge-on-up-dtc100-100-vnt\/"]}]},{"@type":"ImageObject","inLanguage":"en-US","@id":"https:\/\/cookking.online\/katalogas\/peiliai\/bandziamieji-klipai-asmenu-astrumui-matuoti-edge-on-up-dtc100-100-vnt\/#primaryimage","url":"https:\/\/cookking.online\/wp-content\/uploads\/2026\/03\/16655_1.jpg","contentUrl":"https:\/\/cookking.online\/wp-content\/uploads\/2026\/03\/16655_1.jpg","width":368,"height":500},{"@type":"BreadcrumbList","@id":"https:\/\/cookking.online\/katalogas\/peiliai\/bandziamieji-klipai-asmenu-astrumui-matuoti-edge-on-up-dtc100-100-vnt\/#breadcrumb","itemListElement":[{"@type":"ListItem","position":1,"name":"Prad\u017eia","item":"https:\/\/cookking.online\/"},{"@type":"ListItem","position":2,"name":"Parduotuv\u0117","item":"https:\/\/cookking.online\/parduotuve\/"},{"@type":"ListItem","position":3,"name":"Band\u017eiamieji klipai a\u0161men\u0173 a\u0161trumui matuoti Edge On Up DTC100, 100 vnt."}]},{"@type":"WebSite","@id":"https:\/\/cookking.online\/#website","url":"https:\/\/cookking.online\/","name":"Cookking.online","description":"","publisher":{"@id":"https:\/\/cookking.online\/#organization"},"potentialAction":[{"@type":"SearchAction","target":{"@type":"EntryPoint","urlTemplate":"https:\/\/cookking.online\/?s={search_term_string}"},"query-input":{"@type":"PropertyValueSpecification","valueRequired":true,"valueName":"search_term_string"}}],"inLanguage":"en-US"},{"@type":"Organization","@id":"https:\/\/cookking.online\/#organization","name":"Cookking.online","url":"https:\/\/cookking.online\/","logo":{"@type":"ImageObject","inLanguage":"en-US","@id":"https:\/\/cookking.online\/#\/schema\/logo\/image\/","url":"https:\/\/cookking.online\/wp-content\/uploads\/2021\/11\/Logo.png","contentUrl":"https:\/\/cookking.online\/wp-content\/uploads\/2021\/11\/Logo.png","width":291,"height":100,"caption":"Cookking.online"},"image":{"@id":"https:\/\/cookking.online\/#\/schema\/logo\/image\/"}}]}},"_links":{"self":[{"href":"https:\/\/cookking.online\/en\/wp-json\/wp\/v2\/product\/34529","targetHints":{"allow":["GET"]}}],"collection":[{"href":"https:\/\/cookking.online\/en\/wp-json\/wp\/v2\/product"}],"about":[{"href":"https:\/\/cookking.online\/en\/wp-json\/wp\/v2\/types\/product"}],"wp:featuredmedia":[{"embeddable":true,"href":"https:\/\/cookking.online\/en\/wp-json\/wp\/v2\/media\/34528"}],"wp:attachment":[{"href":"https:\/\/cookking.online\/en\/wp-json\/wp\/v2\/media?parent=34529"}],"wp:term":[{"taxonomy":"product_brand","embeddable":true,"href":"https:\/\/cookking.online\/en\/wp-json\/wp\/v2\/product_brand?post=34529"},{"taxonomy":"product_cat","embeddable":true,"href":"https:\/\/cookking.online\/en\/wp-json\/wp\/v2\/product_cat?post=34529"},{"taxonomy":"product_tag","embeddable":true,"href":"https:\/\/cookking.online\/en\/wp-json\/wp\/v2\/product_tag?post=34529"}],"curies":[{"name":"wp","href":"https:\/\/api.w.org\/{rel}","templated":true}]}}