{"id":34549,"date":"2026-03-10T12:18:52","date_gmt":"2026-03-10T09:18:52","guid":{"rendered":"https:\/\/cookking.online\/?post_type=product&#038;p=34549"},"modified":"2026-03-10T13:09:25","modified_gmt":"2026-03-10T10:09:25","slug":"kanetsugu-saiun-pjaustytuvas-210-mm-kn-9009","status":"publish","type":"product","link":"https:\/\/cookking.online\/en\/katalogas\/peiliai\/kanetsugu-saiun-pjaustytuvas-210-mm-kn-9009\/","title":{"rendered":"Kanetsugu SAIUN pjaustytuvas 210 mm [KN-9009]"},"content":{"rendered":"<h1><span style=\"color: #ff0000\">Kanetsugu SAIUN Slicer 210 mm peilis<\/span><\/h1>\n<\/p>\n<p align=\"justify\"><span>Ilgas ir plonas a\u0161menys naudojami tiek japon\u0173 virtuv\u0117je, gaminant su\u0161\u012f ir sa\u0161imi, tiek Europos virtuv\u0117je pjaunant ir supjaustant m\u0117s\u0105, kepsnius, kump\u012f ar kitus m\u0117sos gaminius. &#8222;<\/span><strong><span>Slicer<\/span><\/strong><span>&#8221; tipo peilis turi tvirt\u0105 ir ilg\u0105 gele\u017et\u0119, leid\u017eian\u010di\u0105 tiksliai pjauti net didelius m\u0117sos gabalus, o plonas peilio galiukas leid\u017eia pasiekti sunkiai prieinamas vietas ir tobulai pjauti, pavyzd\u017eiui, dar\u017eoves ar vaisius.<\/span><\/p>\n<p style=\"text-align: justify\">\n<h2 style=\"text-align: justify\">Charakteristikos.<\/h2>\n<p align=\"justify\">Kanetsugu <strong>SAIUN<\/strong> peili\u0173 serija pasi\u017eymi sant\u016bria, bet ak\u012f traukian\u010dia stilistika. <strong>Damaskin\u0117s<\/strong> ra\u0161to gele\u017et\u0117, sudaryta i\u0161 32 plienini\u0173 sluoksni\u0173, kurie u\u017ekaldinti ant <strong>VG-10<\/strong> lydinio \u0161erdies, yra tai, k\u0105 m\u0117gsta japonini\u0173 peili\u0173 entuziastai. Be to, a\u0161menys u\u017egr\u016bdyti iki <strong>61 HRC<\/strong> naudojant special\u0173 <em>\u201esub-zero-treatment&#8221;<\/em> proces\u0105, rei\u0161kiant\u012f labai greit\u0105 a\u0161men\u0173 atv\u0117sinim\u0105 iki -70 laipsni\u0173 Celsijaus terminio apdorojimo metu. D\u0117l to <strong>SAIUN<\/strong> serijos a\u0161menys turi didesn\u012f pjovimo agresyvum\u0105 ir ilgiau laiko a\u0161trum\u0105.<\/p>\n<p align=\"justify\">\n<p align=\"justify\">Retai sutinkamas peili\u0173 apdailos b\u016bdas, panaudotas <strong>SAIUN<\/strong> serijos, yra <em>Hamaguri<\/em>, arba vadinamasis <em>\u201ekriauklel\u0117s kra\u0161tas&#8221;<\/em>. Tai yra gele\u017et\u0117s profilio i\u0161kilimas, suteikiantis jai kriauklel\u0117s form\u0105. \u0160is sud\u0117tingas apdailos b\u016bdas naudojamas, be kita ko, samuraj\u0173 kardams ir skirtas virtuv\u0117s peili\u0173 a\u0161menims sustiprinti, suma\u017einti j\u0173 trapum\u0105, pritaikyti japoni\u0161kiems pjovimo b\u016bdams, suma\u017einti pjaunamos med\u017eiagos prilipim\u0105 prie a\u0161men\u0173.<\/p>\n<p align=\"justify\">\n<p align=\"justify\">Nuostabi juodos <strong>micartos<\/strong> rankena puo\u0161ta dviem knied\u0117mis ir ak\u012f traukian\u010diu raudonu \u017eiedu. Pagaminta vakarieti\u0161ko stiliaus, rankiniu b\u016bdu poliruota, suteikianti puiki\u0105 ir ergonomi\u0161k\u0105 ranken\u0105, u\u017etikrinan\u010di\u0105 puiki\u0105 a\u0161men\u0173 kontrol\u0119 pjaunant. Be to, micarta yra <strong>antibakterinis<\/strong> ir dr\u0117gmei atsparus med\u017eiaga, lengvai pri\u017ei\u016brima. O j\u0105 vainikuojantis metalinis \u017eiedas neleid\u017eia pjaunamai med\u017eiagai prilipti ir palengvina peili\u0173 plovim\u0105.<\/p>\n<p style=\"text-align: justify\">\n<h2 style=\"text-align: justify\">Technin\u0117s specifikacijos:<\/h2>\n<p style=\"text-align: justify\"><strong>Plieno tipas:<\/strong><span> VG-10<\/span><br \/><strong>Rankenos med\u017eiaga:<\/strong><span> micarta<\/span><br \/><strong>Kietumas:<\/strong><span> +\/- 61 HRC <\/span><br \/><strong>Bendras ilgis:<\/strong><span> 340 mm<\/span><br \/><strong>Gele\u017et\u0117s ilgis:<\/strong><span> 210 mm<\/span><br \/><strong>Gele\u017et\u0117s plotis:<\/strong><span>  35 mm<\/span><br \/><strong>Gele\u017et\u0117s storis:<\/strong><span> apie 2,3 mm<\/span><br \/><strong>Galandimo b\u016bdas:<\/strong><span> dvipusis simetrinis \u0161lifavimas<\/span><br \/><strong>Svoris:<\/strong><span> apie 210 g<\/span><\/p>","protected":false},"excerpt":{"rendered":"<p>Kanetsugu SAIUN Slicer 210 mm peilis Ilgas ir plonas a\u0161menys naudojami tiek japon\u0173 virtuv\u0117je, gaminant su\u0161\u012f ir sa\u0161imi, tiek Europos virtuv\u0117je pjaunant ir supjaustant m\u0117s\u0105, kepsnius, kump\u012f ar kitus m\u0117sos&#8230;<\/p>","protected":false},"featured_media":34534,"template":"","meta":[],"product_brand":[],"product_cat":[119],"product_tag":[],"class_list":{"0":"post-34549","1":"product","2":"type-product","3":"status-publish","4":"has-post-thumbnail","6":"product_cat-peiliai","8":"first","9":"outofstock","10":"taxable","11":"shipping-taxable","12":"purchasable","13":"product-type-simple"},"yoast_head":"<!-- This site is optimized with the Yoast SEO plugin v27.5 - https:\/\/yoast.com\/product\/yoast-seo-wordpress\/ -->\n<title>Kanetsugu SAIUN pjaustytuvas 210 mm [KN-9009] - Cookking.online<\/title>\n<meta name=\"description\" content=\"Kanetsugu SAIUN Slicer 210 mm peilis Ilgas ir plonas a\u0161menys naudojami tiek japon\u0173 virtuv\u0117je, gaminant su\u0161\u012f ir sa\u0161imi, tiek Europos virtuv\u0117je pjaunant ir sup...\" \/>\n<meta name=\"robots\" content=\"index, follow, max-snippet:-1, max-image-preview:large, max-video-preview:-1\" \/>\n<link rel=\"canonical\" href=\"https:\/\/cookking.online\/en\/katalogas\/peiliai\/kanetsugu-saiun-pjaustytuvas-210-mm-kn-9009\/\" \/>\n<meta property=\"og:locale\" content=\"en_US\" \/>\n<meta property=\"og:type\" content=\"article\" \/>\n<meta property=\"og:title\" content=\"Kanetsugu SAIUN pjaustytuvas 210 mm [KN-9009] - Cookking.online\" \/>\n<meta property=\"og:description\" content=\"Kanetsugu SAIUN Slicer 210 mm peilis Ilgas ir plonas a\u0161menys naudojami tiek japon\u0173 virtuv\u0117je, gaminant su\u0161\u012f ir sa\u0161imi, tiek Europos virtuv\u0117je pjaunant ir sup...\" \/>\n<meta property=\"og:url\" content=\"https:\/\/cookking.online\/en\/katalogas\/peiliai\/kanetsugu-saiun-pjaustytuvas-210-mm-kn-9009\/\" \/>\n<meta property=\"og:site_name\" content=\"Cookking.online\" \/>\n<meta property=\"article:modified_time\" content=\"2026-03-10T10:09:25+00:00\" \/>\n<meta property=\"og:image\" content=\"https:\/\/cookking.online\/wp-content\/uploads\/2026\/03\/14245_1-1.jpg\" \/>\n\t<meta property=\"og:image:width\" content=\"1600\" \/>\n\t<meta property=\"og:image:height\" content=\"1600\" \/>\n\t<meta property=\"og:image:type\" content=\"image\/jpeg\" \/>\n<meta name=\"twitter:card\" content=\"summary_large_image\" \/>\n<meta name=\"twitter:label1\" content=\"Est. reading time\" \/>\n\t<meta name=\"twitter:data1\" content=\"2 minutes\" \/>\n<script type=\"application\/ld+json\" class=\"yoast-schema-graph\">{\"@context\":\"https:\\\/\\\/schema.org\",\"@graph\":[{\"@type\":\"WebPage\",\"@id\":\"https:\\\/\\\/cookking.online\\\/katalogas\\\/peiliai\\\/kanetsugu-saiun-pjaustytuvas-210-mm-kn-9009\\\/\",\"url\":\"https:\\\/\\\/cookking.online\\\/katalogas\\\/peiliai\\\/kanetsugu-saiun-pjaustytuvas-210-mm-kn-9009\\\/\",\"name\":\"Kanetsugu SAIUN pjaustytuvas 210 mm [KN-9009] - Cookking.online\",\"isPartOf\":{\"@id\":\"https:\\\/\\\/cookking.online\\\/#website\"},\"primaryImageOfPage\":{\"@id\":\"https:\\\/\\\/cookking.online\\\/katalogas\\\/peiliai\\\/kanetsugu-saiun-pjaustytuvas-210-mm-kn-9009\\\/#primaryimage\"},\"image\":{\"@id\":\"https:\\\/\\\/cookking.online\\\/katalogas\\\/peiliai\\\/kanetsugu-saiun-pjaustytuvas-210-mm-kn-9009\\\/#primaryimage\"},\"thumbnailUrl\":\"https:\\\/\\\/cookking.online\\\/wp-content\\\/uploads\\\/2026\\\/03\\\/14245_1-1.jpg\",\"datePublished\":\"2026-03-10T09:18:52+00:00\",\"dateModified\":\"2026-03-10T10:09:25+00:00\",\"description\":\"Kanetsugu SAIUN Slicer 210 mm peilis Ilgas ir plonas a\u0161menys naudojami tiek japon\u0173 virtuv\u0117je, gaminant su\u0161\u012f ir sa\u0161imi, tiek Europos virtuv\u0117je pjaunant ir sup...\",\"breadcrumb\":{\"@id\":\"https:\\\/\\\/cookking.online\\\/katalogas\\\/peiliai\\\/kanetsugu-saiun-pjaustytuvas-210-mm-kn-9009\\\/#breadcrumb\"},\"inLanguage\":\"en-US\",\"potentialAction\":[{\"@type\":\"ReadAction\",\"target\":[\"https:\\\/\\\/cookking.online\\\/katalogas\\\/peiliai\\\/kanetsugu-saiun-pjaustytuvas-210-mm-kn-9009\\\/\"]}]},{\"@type\":\"ImageObject\",\"inLanguage\":\"en-US\",\"@id\":\"https:\\\/\\\/cookking.online\\\/katalogas\\\/peiliai\\\/kanetsugu-saiun-pjaustytuvas-210-mm-kn-9009\\\/#primaryimage\",\"url\":\"https:\\\/\\\/cookking.online\\\/wp-content\\\/uploads\\\/2026\\\/03\\\/14245_1-1.jpg\",\"contentUrl\":\"https:\\\/\\\/cookking.online\\\/wp-content\\\/uploads\\\/2026\\\/03\\\/14245_1-1.jpg\",\"width\":1600,\"height\":1600},{\"@type\":\"BreadcrumbList\",\"@id\":\"https:\\\/\\\/cookking.online\\\/katalogas\\\/peiliai\\\/kanetsugu-saiun-pjaustytuvas-210-mm-kn-9009\\\/#breadcrumb\",\"itemListElement\":[{\"@type\":\"ListItem\",\"position\":1,\"name\":\"Prad\u017eia\",\"item\":\"https:\\\/\\\/cookking.online\\\/\"},{\"@type\":\"ListItem\",\"position\":2,\"name\":\"Parduotuv\u0117\",\"item\":\"https:\\\/\\\/cookking.online\\\/parduotuve\\\/\"},{\"@type\":\"ListItem\",\"position\":3,\"name\":\"Kanetsugu SAIUN pjaustytuvas 210 mm [KN-9009]\"}]},{\"@type\":\"WebSite\",\"@id\":\"https:\\\/\\\/cookking.online\\\/#website\",\"url\":\"https:\\\/\\\/cookking.online\\\/\",\"name\":\"Cookking.online\",\"description\":\"\",\"publisher\":{\"@id\":\"https:\\\/\\\/cookking.online\\\/#organization\"},\"potentialAction\":[{\"@type\":\"SearchAction\",\"target\":{\"@type\":\"EntryPoint\",\"urlTemplate\":\"https:\\\/\\\/cookking.online\\\/?s={search_term_string}\"},\"query-input\":{\"@type\":\"PropertyValueSpecification\",\"valueRequired\":true,\"valueName\":\"search_term_string\"}}],\"inLanguage\":\"en-US\"},{\"@type\":\"Organization\",\"@id\":\"https:\\\/\\\/cookking.online\\\/#organization\",\"name\":\"Cookking.online\",\"url\":\"https:\\\/\\\/cookking.online\\\/\",\"logo\":{\"@type\":\"ImageObject\",\"inLanguage\":\"en-US\",\"@id\":\"https:\\\/\\\/cookking.online\\\/#\\\/schema\\\/logo\\\/image\\\/\",\"url\":\"https:\\\/\\\/cookking.online\\\/wp-content\\\/uploads\\\/2021\\\/11\\\/Logo.png\",\"contentUrl\":\"https:\\\/\\\/cookking.online\\\/wp-content\\\/uploads\\\/2021\\\/11\\\/Logo.png\",\"width\":291,\"height\":100,\"caption\":\"Cookking.online\"},\"image\":{\"@id\":\"https:\\\/\\\/cookking.online\\\/#\\\/schema\\\/logo\\\/image\\\/\"}}]}<\/script>\n<!-- \/ Yoast SEO plugin. -->","yoast_head_json":{"title":"Kanetsugu SAIUN pjaustytuvas 210 mm [KN-9009] - Cookking.online","description":"Kanetsugu SAIUN Slicer 210 mm peilis Ilgas ir plonas a\u0161menys naudojami tiek japon\u0173 virtuv\u0117je, gaminant su\u0161\u012f ir sa\u0161imi, tiek Europos virtuv\u0117je pjaunant ir sup...","robots":{"index":"index","follow":"follow","max-snippet":"max-snippet:-1","max-image-preview":"max-image-preview:large","max-video-preview":"max-video-preview:-1"},"canonical":"https:\/\/cookking.online\/en\/katalogas\/peiliai\/kanetsugu-saiun-pjaustytuvas-210-mm-kn-9009\/","og_locale":"en_US","og_type":"article","og_title":"Kanetsugu SAIUN pjaustytuvas 210 mm [KN-9009] - Cookking.online","og_description":"Kanetsugu SAIUN Slicer 210 mm peilis Ilgas ir plonas a\u0161menys naudojami tiek japon\u0173 virtuv\u0117je, gaminant su\u0161\u012f ir sa\u0161imi, tiek Europos virtuv\u0117je pjaunant ir sup...","og_url":"https:\/\/cookking.online\/en\/katalogas\/peiliai\/kanetsugu-saiun-pjaustytuvas-210-mm-kn-9009\/","og_site_name":"Cookking.online","article_modified_time":"2026-03-10T10:09:25+00:00","og_image":[{"width":1600,"height":1600,"url":"https:\/\/cookking.online\/wp-content\/uploads\/2026\/03\/14245_1-1.jpg","type":"image\/jpeg"}],"twitter_card":"summary_large_image","twitter_misc":{"Est. reading time":"2 minutes"},"schema":{"@context":"https:\/\/schema.org","@graph":[{"@type":"WebPage","@id":"https:\/\/cookking.online\/katalogas\/peiliai\/kanetsugu-saiun-pjaustytuvas-210-mm-kn-9009\/","url":"https:\/\/cookking.online\/katalogas\/peiliai\/kanetsugu-saiun-pjaustytuvas-210-mm-kn-9009\/","name":"Kanetsugu SAIUN pjaustytuvas 210 mm [KN-9009] - Cookking.online","isPartOf":{"@id":"https:\/\/cookking.online\/#website"},"primaryImageOfPage":{"@id":"https:\/\/cookking.online\/katalogas\/peiliai\/kanetsugu-saiun-pjaustytuvas-210-mm-kn-9009\/#primaryimage"},"image":{"@id":"https:\/\/cookking.online\/katalogas\/peiliai\/kanetsugu-saiun-pjaustytuvas-210-mm-kn-9009\/#primaryimage"},"thumbnailUrl":"https:\/\/cookking.online\/wp-content\/uploads\/2026\/03\/14245_1-1.jpg","datePublished":"2026-03-10T09:18:52+00:00","dateModified":"2026-03-10T10:09:25+00:00","description":"Kanetsugu SAIUN Slicer 210 mm peilis Ilgas ir plonas a\u0161menys naudojami tiek japon\u0173 virtuv\u0117je, gaminant su\u0161\u012f ir sa\u0161imi, tiek Europos virtuv\u0117je pjaunant ir sup...","breadcrumb":{"@id":"https:\/\/cookking.online\/katalogas\/peiliai\/kanetsugu-saiun-pjaustytuvas-210-mm-kn-9009\/#breadcrumb"},"inLanguage":"en-US","potentialAction":[{"@type":"ReadAction","target":["https:\/\/cookking.online\/katalogas\/peiliai\/kanetsugu-saiun-pjaustytuvas-210-mm-kn-9009\/"]}]},{"@type":"ImageObject","inLanguage":"en-US","@id":"https:\/\/cookking.online\/katalogas\/peiliai\/kanetsugu-saiun-pjaustytuvas-210-mm-kn-9009\/#primaryimage","url":"https:\/\/cookking.online\/wp-content\/uploads\/2026\/03\/14245_1-1.jpg","contentUrl":"https:\/\/cookking.online\/wp-content\/uploads\/2026\/03\/14245_1-1.jpg","width":1600,"height":1600},{"@type":"BreadcrumbList","@id":"https:\/\/cookking.online\/katalogas\/peiliai\/kanetsugu-saiun-pjaustytuvas-210-mm-kn-9009\/#breadcrumb","itemListElement":[{"@type":"ListItem","position":1,"name":"Prad\u017eia","item":"https:\/\/cookking.online\/"},{"@type":"ListItem","position":2,"name":"Parduotuv\u0117","item":"https:\/\/cookking.online\/parduotuve\/"},{"@type":"ListItem","position":3,"name":"Kanetsugu SAIUN pjaustytuvas 210 mm [KN-9009]"}]},{"@type":"WebSite","@id":"https:\/\/cookking.online\/#website","url":"https:\/\/cookking.online\/","name":"Cookking.online","description":"","publisher":{"@id":"https:\/\/cookking.online\/#organization"},"potentialAction":[{"@type":"SearchAction","target":{"@type":"EntryPoint","urlTemplate":"https:\/\/cookking.online\/?s={search_term_string}"},"query-input":{"@type":"PropertyValueSpecification","valueRequired":true,"valueName":"search_term_string"}}],"inLanguage":"en-US"},{"@type":"Organization","@id":"https:\/\/cookking.online\/#organization","name":"Cookking.online","url":"https:\/\/cookking.online\/","logo":{"@type":"ImageObject","inLanguage":"en-US","@id":"https:\/\/cookking.online\/#\/schema\/logo\/image\/","url":"https:\/\/cookking.online\/wp-content\/uploads\/2021\/11\/Logo.png","contentUrl":"https:\/\/cookking.online\/wp-content\/uploads\/2021\/11\/Logo.png","width":291,"height":100,"caption":"Cookking.online"},"image":{"@id":"https:\/\/cookking.online\/#\/schema\/logo\/image\/"}}]}},"_links":{"self":[{"href":"https:\/\/cookking.online\/en\/wp-json\/wp\/v2\/product\/34549","targetHints":{"allow":["GET"]}}],"collection":[{"href":"https:\/\/cookking.online\/en\/wp-json\/wp\/v2\/product"}],"about":[{"href":"https:\/\/cookking.online\/en\/wp-json\/wp\/v2\/types\/product"}],"wp:featuredmedia":[{"embeddable":true,"href":"https:\/\/cookking.online\/en\/wp-json\/wp\/v2\/media\/34534"}],"wp:attachment":[{"href":"https:\/\/cookking.online\/en\/wp-json\/wp\/v2\/media?parent=34549"}],"wp:term":[{"taxonomy":"product_brand","embeddable":true,"href":"https:\/\/cookking.online\/en\/wp-json\/wp\/v2\/product_brand?post=34549"},{"taxonomy":"product_cat","embeddable":true,"href":"https:\/\/cookking.online\/en\/wp-json\/wp\/v2\/product_cat?post=34549"},{"taxonomy":"product_tag","embeddable":true,"href":"https:\/\/cookking.online\/en\/wp-json\/wp\/v2\/product_tag?post=34549"}],"curies":[{"name":"wp","href":"https:\/\/api.w.org\/{rel}","templated":true}]}}