{"id":34554,"date":"2026-03-10T12:18:54","date_gmt":"2026-03-10T09:18:54","guid":{"rendered":"https:\/\/cookking.online\/?post_type=product&#038;p=34554"},"modified":"2026-03-10T13:09:44","modified_gmt":"2026-03-10T10:09:44","slug":"asmenu-astumo-matavimo-bandomoji-gija-edge-on-up-bess-tm02","status":"publish","type":"product","link":"https:\/\/cookking.online\/en\/katalogas\/peiliai\/asmenu-astumo-matavimo-bandomoji-gija-edge-on-up-bess-tm02\/","title":{"rendered":"A\u0161men\u0173 a\u0161tumo matavimo bandomoji gija \u201eEdge On Up BESS TM02&#8243;"},"content":{"rendered":"<div style=\"flex-direction: column\" class=\"iai-section-b518b711-327c-49dd-a6df-803f52333dbe-description-wrapper\">\n<div style=\"text-align: justify\" class=\"iai-section-b518b711-327c-49dd-a6df-803f52333dbe iai-section-b518b711-327c-49dd-a6df-803f52333dbe-html\">\n<p style=\"text-align: justify\"><!--StartFragment--><\/p>\n<p style=\"text-align: justify\" data-start=\"286\" data-end=\"669\"><strong data-start=\"320\" data-end=\"382\">Sertifikuota BESS [TM02] DoubleX bandymo gija<!--EndFragment--> <\/strong>&nbsp;skirta <strong data-start=\"400\" data-end=\"440\">a\u0161men\u0173 a\u0161trumui tiksliai i\u0161matuoti<\/strong> profesionaliuose a\u0161tri\u0173 \u012franki\u0173 testuose (pvz., PT50 serijos). Tai yra <strong data-start=\"506\" data-end=\"594\">standartin\u0117 bandymo med\u017eiaga, naudojama BESS (Brubacher Edge Sharpness Scale) skal\u0117je<\/strong>, u\u017etikrinanti pakartojamus ir palyginamus rezultatus visame pasaulyje.<\/p>\n<p style=\"text-align: justify\" data-start=\"671\" data-end=\"1256\"><strong data-start=\"674\" data-end=\"698\">Pagrindin\u0117s savyb\u0117s:<\/strong><\/p>\n<ul style=\"text-align: justify\">\n<li data-start=\"671\" data-end=\"1256\"><strong data-start=\"704\" data-end=\"734\">TM02 DoubleX bandymo gija<\/strong> &#8211; specialiai sukurta bandymo med\u017eiaga pjaunamiesiems a\u0161menims matuoti<\/li>\n<li data-start=\"671\" data-end=\"1256\"><strong data-start=\"807\" data-end=\"824\">BESS standartas<\/strong> &#8211; referencin\u0117 med\u017eiaga, naudojama profesionaliuose ir pramoniniuose a\u0161tumos matavimuose<\/li>\n<li data-start=\"671\" data-end=\"1256\"><strong data-start=\"915\" data-end=\"945\">Pastovios fizin\u0117s savyb\u0117s<\/strong> &#8211; atsparumas dr\u0117gmei ir temperat\u016bros poky\u010diams u\u017etikrina patikimus rezultatus<\/li>\n<li data-start=\"671\" data-end=\"1256\"><strong data-start=\"1023\" data-end=\"1041\" data-is-only-node=\"\">Didel\u0117 efektyvumas<\/strong> &#8211; viena rit\u0117 pakanka \u0161imtams test\u0173 (priklausomai nuo bandini\u0173 ilgio)<\/li>\n<li data-start=\"671\" data-end=\"1256\"><strong data-start=\"1124\" data-end=\"1150\">Plati suderinamumas<\/strong> &#8211; ideali PT50A, PT50B ir kitiems BESS standart\u0105 atitinkantiems a\u0161tumos testuojimams<\/li>\n<\/ul>\n<p style=\"text-align: justify\" data-start=\"1258\" data-end=\"1538\">TM02 DoubleX bandymo med\u017eiaga leid\u017eia:<\/p>\n<ul style=\"text-align: justify\">\n<li data-start=\"1258\" data-end=\"1538\">objektyviai palyginti peili\u0173 ir pjaunam\u0173j\u0173 \u012franki\u0173 a\u0161trum\u0105,<\/li>\n<li data-start=\"1258\" data-end=\"1538\">kontroliuoti galandimo efektus,<\/li>\n<li data-start=\"1258\" data-end=\"1538\">atlikti matavimus pagal tarptautin\u0119 BESS skal\u0119,<\/li>\n<li data-start=\"1258\" data-end=\"1538\">standartizuoti rezultatus galandinimo paslaugose ir dirbtuv\u0117se.<\/li>\n<\/ul>\n<p style=\"text-align: justify\" data-start=\"1540\" data-end=\"1760\"><strong data-start=\"1543\" data-end=\"1556\">Kam skirta:<\/strong><\/p>\n<ul style=\"text-align: justify\">\n<li data-start=\"1540\" data-end=\"1760\">profesionali\u0173 galandinimo paslaug\u0173 teik\u0117jams,<\/li>\n<li data-start=\"1540\" data-end=\"1760\">peili\u0173 ir pjaunam\u0173j\u0173 \u012franki\u0173 gamintojams,<\/li>\n<li data-start=\"1540\" data-end=\"1760\">galandimo entuziastams ir peili\u0173 kolekcionieriams,<\/li>\n<li data-start=\"1540\" data-end=\"1760\">vir\u0117jams, amatininkams ir kitiems vartotojams, reikalaujan\u010di\u0173 tikslios a\u0161tumos kontrol\u0117s.<\/li>\n<\/ul>\n<p style=\"text-align: justify\" data-start=\"1762\" data-end=\"2024\">TM02 DoubleX bandymo gija turi ma\u017edaug <strong data-start=\"1837\" data-end=\"1848\">0,23 mm<\/strong> skersmens ir buvo specialiai sukurta BESS matavimams, tod\u0117l gaunami rezultatai yra <strong data-start=\"1937\" data-end=\"1979\">pakartojami, patikimi ir palyginami<\/strong> tarp \u012fvairi\u0173 vartotoj\u0173 ir \u012frengini\u0173.<\/p>\n<p style=\"text-align: justify\"><!--EndFragment--><\/p>\n<\/div>\n<\/div>\n","protected":false},"excerpt":{"rendered":"<p>Sertifikuota BESS [TM02] DoubleX bandymo gija &nbsp;skirta a\u0161men\u0173 a\u0161trumui tiksliai i\u0161matuoti profesionaliuose a\u0161tri\u0173 \u012franki\u0173 testuose (pvz., PT50 serijos). Tai yra standartin\u0117 bandymo med\u017eiaga, naudojama BESS (Brubacher Edge Sharpness Scale) skal\u0117je,&#8230;<\/p>\n","protected":false},"featured_media":34553,"template":"","meta":[],"product_brand":[],"product_cat":[119],"product_tag":[],"class_list":{"0":"post-34554","1":"product","2":"type-product","3":"status-publish","4":"has-post-thumbnail","6":"product_cat-peiliai","8":"first","9":"instock","10":"taxable","11":"shipping-taxable","12":"purchasable","13":"product-type-simple"},"yoast_head":"<!-- This site is optimized with the Yoast SEO plugin v27.5 - https:\/\/yoast.com\/product\/yoast-seo-wordpress\/ -->\n<title>A\u0161men\u0173 a\u0161tumo matavimo bandomoji gija \u201eEdge On Up BESS TM02&quot; - Cookking.online<\/title>\n<meta name=\"description\" content=\"Sertifikuota BESS [TM02] DoubleX bandymo gija &nbsp;skirta a\u0161men\u0173 a\u0161trumui tiksliai i\u0161matuoti profesionaliuose a\u0161tri\u0173 \u012franki\u0173 testuose (pvz., PT50 serijos). ...\" \/>\n<meta name=\"robots\" content=\"index, follow, max-snippet:-1, max-image-preview:large, max-video-preview:-1\" \/>\n<link rel=\"canonical\" href=\"https:\/\/cookking.online\/en\/katalogas\/peiliai\/asmenu-astumo-matavimo-bandomoji-gija-edge-on-up-bess-tm02\/\" \/>\n<meta property=\"og:locale\" content=\"en_US\" \/>\n<meta property=\"og:type\" content=\"article\" \/>\n<meta property=\"og:title\" content=\"A\u0161men\u0173 a\u0161tumo matavimo bandomoji gija \u201eEdge On Up BESS TM02&quot; - Cookking.online\" \/>\n<meta property=\"og:description\" content=\"Sertifikuota BESS [TM02] DoubleX bandymo gija &nbsp;skirta a\u0161men\u0173 a\u0161trumui tiksliai i\u0161matuoti profesionaliuose a\u0161tri\u0173 \u012franki\u0173 testuose (pvz., PT50 serijos). ...\" \/>\n<meta property=\"og:url\" content=\"https:\/\/cookking.online\/en\/katalogas\/peiliai\/asmenu-astumo-matavimo-bandomoji-gija-edge-on-up-bess-tm02\/\" \/>\n<meta property=\"og:site_name\" content=\"Cookking.online\" \/>\n<meta property=\"article:modified_time\" content=\"2026-03-10T10:09:44+00:00\" \/>\n<meta property=\"og:image\" content=\"https:\/\/cookking.online\/wp-content\/uploads\/2026\/03\/16654_1.jpg\" \/>\n\t<meta property=\"og:image:width\" content=\"345\" \/>\n\t<meta property=\"og:image:height\" content=\"421\" \/>\n\t<meta property=\"og:image:type\" content=\"image\/jpeg\" \/>\n<meta name=\"twitter:card\" content=\"summary_large_image\" \/>\n<meta name=\"twitter:label1\" content=\"Est. reading time\" \/>\n\t<meta name=\"twitter:data1\" content=\"1 minute\" \/>\n<script type=\"application\/ld+json\" class=\"yoast-schema-graph\">{\"@context\":\"https:\\\/\\\/schema.org\",\"@graph\":[{\"@type\":\"WebPage\",\"@id\":\"https:\\\/\\\/cookking.online\\\/katalogas\\\/peiliai\\\/asmenu-astumo-matavimo-bandomoji-gija-edge-on-up-bess-tm02\\\/\",\"url\":\"https:\\\/\\\/cookking.online\\\/katalogas\\\/peiliai\\\/asmenu-astumo-matavimo-bandomoji-gija-edge-on-up-bess-tm02\\\/\",\"name\":\"A\u0161men\u0173 a\u0161tumo matavimo bandomoji gija \u201eEdge On Up BESS TM02\\\" - Cookking.online\",\"isPartOf\":{\"@id\":\"https:\\\/\\\/cookking.online\\\/#website\"},\"primaryImageOfPage\":{\"@id\":\"https:\\\/\\\/cookking.online\\\/katalogas\\\/peiliai\\\/asmenu-astumo-matavimo-bandomoji-gija-edge-on-up-bess-tm02\\\/#primaryimage\"},\"image\":{\"@id\":\"https:\\\/\\\/cookking.online\\\/katalogas\\\/peiliai\\\/asmenu-astumo-matavimo-bandomoji-gija-edge-on-up-bess-tm02\\\/#primaryimage\"},\"thumbnailUrl\":\"https:\\\/\\\/cookking.online\\\/wp-content\\\/uploads\\\/2026\\\/03\\\/16654_1.jpg\",\"datePublished\":\"2026-03-10T09:18:54+00:00\",\"dateModified\":\"2026-03-10T10:09:44+00:00\",\"description\":\"Sertifikuota BESS [TM02] DoubleX bandymo gija &nbsp;skirta a\u0161men\u0173 a\u0161trumui tiksliai i\u0161matuoti profesionaliuose a\u0161tri\u0173 \u012franki\u0173 testuose (pvz., PT50 serijos). ...\",\"breadcrumb\":{\"@id\":\"https:\\\/\\\/cookking.online\\\/katalogas\\\/peiliai\\\/asmenu-astumo-matavimo-bandomoji-gija-edge-on-up-bess-tm02\\\/#breadcrumb\"},\"inLanguage\":\"en-US\",\"potentialAction\":[{\"@type\":\"ReadAction\",\"target\":[\"https:\\\/\\\/cookking.online\\\/katalogas\\\/peiliai\\\/asmenu-astumo-matavimo-bandomoji-gija-edge-on-up-bess-tm02\\\/\"]}]},{\"@type\":\"ImageObject\",\"inLanguage\":\"en-US\",\"@id\":\"https:\\\/\\\/cookking.online\\\/katalogas\\\/peiliai\\\/asmenu-astumo-matavimo-bandomoji-gija-edge-on-up-bess-tm02\\\/#primaryimage\",\"url\":\"https:\\\/\\\/cookking.online\\\/wp-content\\\/uploads\\\/2026\\\/03\\\/16654_1.jpg\",\"contentUrl\":\"https:\\\/\\\/cookking.online\\\/wp-content\\\/uploads\\\/2026\\\/03\\\/16654_1.jpg\",\"width\":345,\"height\":421},{\"@type\":\"BreadcrumbList\",\"@id\":\"https:\\\/\\\/cookking.online\\\/katalogas\\\/peiliai\\\/asmenu-astumo-matavimo-bandomoji-gija-edge-on-up-bess-tm02\\\/#breadcrumb\",\"itemListElement\":[{\"@type\":\"ListItem\",\"position\":1,\"name\":\"Prad\u017eia\",\"item\":\"https:\\\/\\\/cookking.online\\\/\"},{\"@type\":\"ListItem\",\"position\":2,\"name\":\"Parduotuv\u0117\",\"item\":\"https:\\\/\\\/cookking.online\\\/parduotuve\\\/\"},{\"@type\":\"ListItem\",\"position\":3,\"name\":\"A\u0161men\u0173 a\u0161tumo matavimo bandomoji gija \u201eEdge On Up BESS TM02&#8243;\"}]},{\"@type\":\"WebSite\",\"@id\":\"https:\\\/\\\/cookking.online\\\/#website\",\"url\":\"https:\\\/\\\/cookking.online\\\/\",\"name\":\"Cookking.online\",\"description\":\"\",\"publisher\":{\"@id\":\"https:\\\/\\\/cookking.online\\\/#organization\"},\"potentialAction\":[{\"@type\":\"SearchAction\",\"target\":{\"@type\":\"EntryPoint\",\"urlTemplate\":\"https:\\\/\\\/cookking.online\\\/?s={search_term_string}\"},\"query-input\":{\"@type\":\"PropertyValueSpecification\",\"valueRequired\":true,\"valueName\":\"search_term_string\"}}],\"inLanguage\":\"en-US\"},{\"@type\":\"Organization\",\"@id\":\"https:\\\/\\\/cookking.online\\\/#organization\",\"name\":\"Cookking.online\",\"url\":\"https:\\\/\\\/cookking.online\\\/\",\"logo\":{\"@type\":\"ImageObject\",\"inLanguage\":\"en-US\",\"@id\":\"https:\\\/\\\/cookking.online\\\/#\\\/schema\\\/logo\\\/image\\\/\",\"url\":\"https:\\\/\\\/cookking.online\\\/wp-content\\\/uploads\\\/2021\\\/11\\\/Logo.png\",\"contentUrl\":\"https:\\\/\\\/cookking.online\\\/wp-content\\\/uploads\\\/2021\\\/11\\\/Logo.png\",\"width\":291,\"height\":100,\"caption\":\"Cookking.online\"},\"image\":{\"@id\":\"https:\\\/\\\/cookking.online\\\/#\\\/schema\\\/logo\\\/image\\\/\"}}]}<\/script>\n<!-- \/ Yoast SEO plugin. -->","yoast_head_json":{"title":"A\u0161men\u0173 a\u0161tumo matavimo bandomoji gija \u201eEdge On Up BESS TM02\" - Cookking.online","description":"Sertifikuota BESS [TM02] DoubleX bandymo gija &nbsp;skirta a\u0161men\u0173 a\u0161trumui tiksliai i\u0161matuoti profesionaliuose a\u0161tri\u0173 \u012franki\u0173 testuose (pvz., PT50 serijos). ...","robots":{"index":"index","follow":"follow","max-snippet":"max-snippet:-1","max-image-preview":"max-image-preview:large","max-video-preview":"max-video-preview:-1"},"canonical":"https:\/\/cookking.online\/en\/katalogas\/peiliai\/asmenu-astumo-matavimo-bandomoji-gija-edge-on-up-bess-tm02\/","og_locale":"en_US","og_type":"article","og_title":"A\u0161men\u0173 a\u0161tumo matavimo bandomoji gija \u201eEdge On Up BESS TM02\" - Cookking.online","og_description":"Sertifikuota BESS [TM02] DoubleX bandymo gija &nbsp;skirta a\u0161men\u0173 a\u0161trumui tiksliai i\u0161matuoti profesionaliuose a\u0161tri\u0173 \u012franki\u0173 testuose (pvz., PT50 serijos). ...","og_url":"https:\/\/cookking.online\/en\/katalogas\/peiliai\/asmenu-astumo-matavimo-bandomoji-gija-edge-on-up-bess-tm02\/","og_site_name":"Cookking.online","article_modified_time":"2026-03-10T10:09:44+00:00","og_image":[{"width":345,"height":421,"url":"https:\/\/cookking.online\/wp-content\/uploads\/2026\/03\/16654_1.jpg","type":"image\/jpeg"}],"twitter_card":"summary_large_image","twitter_misc":{"Est. reading time":"1 minute"},"schema":{"@context":"https:\/\/schema.org","@graph":[{"@type":"WebPage","@id":"https:\/\/cookking.online\/katalogas\/peiliai\/asmenu-astumo-matavimo-bandomoji-gija-edge-on-up-bess-tm02\/","url":"https:\/\/cookking.online\/katalogas\/peiliai\/asmenu-astumo-matavimo-bandomoji-gija-edge-on-up-bess-tm02\/","name":"A\u0161men\u0173 a\u0161tumo matavimo bandomoji gija \u201eEdge On Up BESS TM02\" - Cookking.online","isPartOf":{"@id":"https:\/\/cookking.online\/#website"},"primaryImageOfPage":{"@id":"https:\/\/cookking.online\/katalogas\/peiliai\/asmenu-astumo-matavimo-bandomoji-gija-edge-on-up-bess-tm02\/#primaryimage"},"image":{"@id":"https:\/\/cookking.online\/katalogas\/peiliai\/asmenu-astumo-matavimo-bandomoji-gija-edge-on-up-bess-tm02\/#primaryimage"},"thumbnailUrl":"https:\/\/cookking.online\/wp-content\/uploads\/2026\/03\/16654_1.jpg","datePublished":"2026-03-10T09:18:54+00:00","dateModified":"2026-03-10T10:09:44+00:00","description":"Sertifikuota BESS [TM02] DoubleX bandymo gija &nbsp;skirta a\u0161men\u0173 a\u0161trumui tiksliai i\u0161matuoti profesionaliuose a\u0161tri\u0173 \u012franki\u0173 testuose (pvz., PT50 serijos). ...","breadcrumb":{"@id":"https:\/\/cookking.online\/katalogas\/peiliai\/asmenu-astumo-matavimo-bandomoji-gija-edge-on-up-bess-tm02\/#breadcrumb"},"inLanguage":"en-US","potentialAction":[{"@type":"ReadAction","target":["https:\/\/cookking.online\/katalogas\/peiliai\/asmenu-astumo-matavimo-bandomoji-gija-edge-on-up-bess-tm02\/"]}]},{"@type":"ImageObject","inLanguage":"en-US","@id":"https:\/\/cookking.online\/katalogas\/peiliai\/asmenu-astumo-matavimo-bandomoji-gija-edge-on-up-bess-tm02\/#primaryimage","url":"https:\/\/cookking.online\/wp-content\/uploads\/2026\/03\/16654_1.jpg","contentUrl":"https:\/\/cookking.online\/wp-content\/uploads\/2026\/03\/16654_1.jpg","width":345,"height":421},{"@type":"BreadcrumbList","@id":"https:\/\/cookking.online\/katalogas\/peiliai\/asmenu-astumo-matavimo-bandomoji-gija-edge-on-up-bess-tm02\/#breadcrumb","itemListElement":[{"@type":"ListItem","position":1,"name":"Prad\u017eia","item":"https:\/\/cookking.online\/"},{"@type":"ListItem","position":2,"name":"Parduotuv\u0117","item":"https:\/\/cookking.online\/parduotuve\/"},{"@type":"ListItem","position":3,"name":"A\u0161men\u0173 a\u0161tumo matavimo bandomoji gija \u201eEdge On Up BESS TM02&#8243;"}]},{"@type":"WebSite","@id":"https:\/\/cookking.online\/#website","url":"https:\/\/cookking.online\/","name":"Cookking.online","description":"","publisher":{"@id":"https:\/\/cookking.online\/#organization"},"potentialAction":[{"@type":"SearchAction","target":{"@type":"EntryPoint","urlTemplate":"https:\/\/cookking.online\/?s={search_term_string}"},"query-input":{"@type":"PropertyValueSpecification","valueRequired":true,"valueName":"search_term_string"}}],"inLanguage":"en-US"},{"@type":"Organization","@id":"https:\/\/cookking.online\/#organization","name":"Cookking.online","url":"https:\/\/cookking.online\/","logo":{"@type":"ImageObject","inLanguage":"en-US","@id":"https:\/\/cookking.online\/#\/schema\/logo\/image\/","url":"https:\/\/cookking.online\/wp-content\/uploads\/2021\/11\/Logo.png","contentUrl":"https:\/\/cookking.online\/wp-content\/uploads\/2021\/11\/Logo.png","width":291,"height":100,"caption":"Cookking.online"},"image":{"@id":"https:\/\/cookking.online\/#\/schema\/logo\/image\/"}}]}},"_links":{"self":[{"href":"https:\/\/cookking.online\/en\/wp-json\/wp\/v2\/product\/34554","targetHints":{"allow":["GET"]}}],"collection":[{"href":"https:\/\/cookking.online\/en\/wp-json\/wp\/v2\/product"}],"about":[{"href":"https:\/\/cookking.online\/en\/wp-json\/wp\/v2\/types\/product"}],"wp:featuredmedia":[{"embeddable":true,"href":"https:\/\/cookking.online\/en\/wp-json\/wp\/v2\/media\/34553"}],"wp:attachment":[{"href":"https:\/\/cookking.online\/en\/wp-json\/wp\/v2\/media?parent=34554"}],"wp:term":[{"taxonomy":"product_brand","embeddable":true,"href":"https:\/\/cookking.online\/en\/wp-json\/wp\/v2\/product_brand?post=34554"},{"taxonomy":"product_cat","embeddable":true,"href":"https:\/\/cookking.online\/en\/wp-json\/wp\/v2\/product_cat?post=34554"},{"taxonomy":"product_tag","embeddable":true,"href":"https:\/\/cookking.online\/en\/wp-json\/wp\/v2\/product_tag?post=34554"}],"curies":[{"name":"wp","href":"https:\/\/api.w.org\/{rel}","templated":true}]}}