{"id":34560,"date":"2026-03-10T13:06:16","date_gmt":"2026-03-10T10:06:16","guid":{"rendered":"https:\/\/cookking.online\/?post_type=product&#038;p=34560"},"modified":"2026-03-10T13:10:17","modified_gmt":"2026-03-10T10:10:17","slug":"025-mm-polimeras-edge-on-up-slctm30-astrumas-testinis-modelis-testeriu","status":"publish","type":"product","link":"https:\/\/cookking.online\/en\/katalogas\/peiliai\/025-mm-polimeras-edge-on-up-slctm30-astrumas-testinis-modelis-testeriu\/","title":{"rendered":"0,25 mm polimeras Edge On Up SLCTM30 a\u0161trumas testinis modelis testeri\u0173"},"content":{"rendered":"<div style=\"flex-direction: column\" class=\"iai-section-b518b711-327c-49dd-a6df-803f52333dbe-description-wrapper\">\n<div style=\"text-align: justify\" class=\"iai-section-b518b711-327c-49dd-a6df-803f52333dbe iai-section-b518b711-327c-49dd-a6df-803f52333dbe-html\"><strong>Bandomieji \u012fklipai [SLCTM30] Slice Test Media&nbsp;<\/strong>&#8211;<strong data-start=\"226\" data-end=\"326\"> <\/strong>profesionalus bandomasis med\u017eiaga, skirta \u012fvertinti a\u0161men\u0173 a\u0161trum\u0105 ir pjovimo efektyvum\u0105, specialiai sukurta naudoti su <strong data-start=\"383\" data-end=\"398\">E Lab A ir B<\/strong> serijos testeriais. \u012eklipai leid\u017eia atlikti <strong data-start=\"457\" data-end=\"473\">ilgus pj\u016bvius<\/strong> (iki ~100 mm vienu prajjimu), tod\u0117l a\u0161men\u0173 geometrijos poveikis bandym\u0173 rezultatams tampa akivaizdesnis nei naudojant standartines bandom\u0105sias priemones.&nbsp;<span class=\"\" data-state=\"closed\"><\/span><\/p>\n<p data-start=\"663\" data-end=\"1510\"><strong data-start=\"666\" data-end=\"690\">Pagrindin\u0117s savyb\u0117s:<\/strong><\/p>\n<ul>\n<li data-start=\"663\" data-end=\"1510\"><strong data-start=\"696\" data-end=\"736\">Profesionali bandomoji med\u017eiaga SLCTM30<\/strong> &#8211; skirta slicing cut ir push cut bandymams, kai jums r\u016bpi i\u0161samesn\u0117 a\u0161men\u0173 kokyb\u0117s analiz\u0117.<\/li>\n<li data-start=\"663\" data-end=\"1510\"><strong data-start=\"885\" data-end=\"913\">Skirta E Lab A ir B testeri\u0173 naudotojams<\/strong> &#8211; idealiai tinka \u0161i\u0173 a\u0161men\u0173 na\u0161umo testeri\u0173 modeli\u0173 naudojimui.<\/li>\n<li data-start=\"663\" data-end=\"1510\"><strong data-start=\"1025\" data-end=\"1053\">Leid\u017eia atlikti ilgus pj\u016bvius<\/strong> &#8211; suteikia galimyb\u0119 testuoti ilgesnius a\u0161men\u0173 ruo\u017eus vienu prajjimu (iki apie 100 mm), atskleid\u017eiant a\u0161men\u0173 geometrijos \u012ftak\u0105 pjovimo j\u0117gai.<\/li>\n<li data-start=\"663\" data-end=\"1510\"><strong data-start=\"1235\" data-end=\"1266\">Atsparus 0,25 mm storio med\u017eiaga<\/strong> &#8211; bandomoji med\u017eiaga pagaminta i\u0161 ply\u0161imui atsparaus polimero.<\/li>\n<li data-start=\"663\" data-end=\"1510\"><strong data-start=\"1370\" data-end=\"1389\">Rinkinys i\u0161 50 vnt.<\/strong> &#8211; leid\u017eia atlikti <strong data-start=\"1403\" data-end=\"1419\">100 matavim\u0173<\/strong> d\u0117l galimyb\u0117s naudoti abiej\u0173 pusi\u0173 lak\u0161tus. <span class=\"\" data-state=\"closed\"><\/span><\/li>\n<\/ul>\n<p data-start=\"1512\" data-end=\"1889\"><strong data-start=\"1515\" data-end=\"1532\">Paskirtis:<\/strong><br data-start=\"1532\" data-end=\"1535\">SLCTM30 \u012fklipai skirti pa\u017eangesniems <strong data-start=\"1600\" data-end=\"1615\">slicing cut<\/strong> bandymams, kai svarbi analiz\u0117, kaip a\u0161menys elgiasi pilno ilgio pj\u016bvio per med\u017eiag\u0105 metu. D\u0117l to galite <strong data-start=\"1722\" data-end=\"1794\">palyginti \u012fvairi\u0173 peili\u0173 ir a\u0161men\u0173 \u012franki\u0173 efektyvum\u0105<\/strong> ir analizuoti a\u0161men\u0173 geometrijos \u012ftak\u0105 pjovimo kokybei. <span class=\"\" data-state=\"closed\"><\/span><\/p>\n<p data-start=\"1891\" data-end=\"2149\"><strong data-start=\"1894\" data-end=\"1907\">Kam tinka:<\/strong><\/p>\n<ul>\n<li data-start=\"1891\" data-end=\"2149\">Profesional\u016bs a\u0161men\u0173 galandimo ir testavimo servisai<\/li>\n<li data-start=\"1891\" data-end=\"2149\">E Lab A ir B testeri\u0173 naudotojai<\/li>\n<li data-start=\"1891\">Peili\u0173 ir \u012franki\u0173 m\u0117g\u0117jai, turintys auk\u0161tus kokyb\u0117s reikalavimus<\/li>\n<li data-start=\"1891\">Virtuv\u0117, dirbtuv\u0117s, lauko veikla &#8211; ten, kur svarbi tiksli a\u0161men\u0173 b\u016bkl\u0117s \u012fvertinimas<\/li>\n<\/ul>\n<\/div>\n<\/div>\n","protected":false},"excerpt":{"rendered":"<p>Bandomieji \u012fklipai [SLCTM30] Slice Test Media&nbsp;&#8211; profesionalus bandomasis med\u017eiaga, skirta \u012fvertinti a\u0161men\u0173 a\u0161trum\u0105 ir pjovimo efektyvum\u0105, specialiai sukurta naudoti su E Lab A ir B serijos testeriais. \u012eklipai leid\u017eia atlikti&#8230;<\/p>\n","protected":false},"featured_media":34559,"template":"","meta":[],"product_brand":[],"product_cat":[119],"product_tag":[],"class_list":{"0":"post-34560","1":"product","2":"type-product","3":"status-publish","4":"has-post-thumbnail","6":"product_cat-peiliai","8":"first","9":"instock","10":"taxable","11":"shipping-taxable","12":"purchasable","13":"product-type-simple"},"yoast_head":"<!-- This site is optimized with the Yoast SEO plugin v27.5 - https:\/\/yoast.com\/product\/yoast-seo-wordpress\/ -->\n<title>0,25 mm polimeras Edge On Up SLCTM30 a\u0161trumas testinis modelis testeri\u0173 - Cookking.online<\/title>\n<meta name=\"description\" content=\"Bandomieji \u012fklipai [SLCTM30] Slice Test Media&nbsp;- profesionalus bandomasis med\u017eiaga, skirta \u012fvertinti a\u0161men\u0173 a\u0161trum\u0105 ir pjovimo efektyvum\u0105, specialiai suk...\" \/>\n<meta name=\"robots\" content=\"index, follow, max-snippet:-1, max-image-preview:large, max-video-preview:-1\" \/>\n<link rel=\"canonical\" href=\"https:\/\/cookking.online\/en\/katalogas\/peiliai\/025-mm-polimeras-edge-on-up-slctm30-astrumas-testinis-modelis-testeriu\/\" \/>\n<meta property=\"og:locale\" content=\"en_US\" \/>\n<meta property=\"og:type\" content=\"article\" \/>\n<meta property=\"og:title\" content=\"0,25 mm polimeras Edge On Up SLCTM30 a\u0161trumas testinis modelis testeri\u0173 - Cookking.online\" \/>\n<meta property=\"og:description\" content=\"Bandomieji \u012fklipai [SLCTM30] Slice Test Media&nbsp;- profesionalus bandomasis med\u017eiaga, skirta \u012fvertinti a\u0161men\u0173 a\u0161trum\u0105 ir pjovimo efektyvum\u0105, specialiai suk...\" \/>\n<meta property=\"og:url\" content=\"https:\/\/cookking.online\/en\/katalogas\/peiliai\/025-mm-polimeras-edge-on-up-slctm30-astrumas-testinis-modelis-testeriu\/\" \/>\n<meta property=\"og:site_name\" content=\"Cookking.online\" \/>\n<meta property=\"article:modified_time\" content=\"2026-03-10T10:10:17+00:00\" \/>\n<meta property=\"og:image\" content=\"https:\/\/cookking.online\/wp-content\/uploads\/2026\/03\/16653_1.jpg\" \/>\n\t<meta property=\"og:image:width\" content=\"456\" \/>\n\t<meta property=\"og:image:height\" content=\"470\" \/>\n\t<meta property=\"og:image:type\" content=\"image\/jpeg\" \/>\n<meta name=\"twitter:card\" content=\"summary_large_image\" \/>\n<meta name=\"twitter:label1\" content=\"Est. reading time\" \/>\n\t<meta name=\"twitter:data1\" content=\"1 minute\" \/>\n<script type=\"application\/ld+json\" class=\"yoast-schema-graph\">{\"@context\":\"https:\\\/\\\/schema.org\",\"@graph\":[{\"@type\":\"WebPage\",\"@id\":\"https:\\\/\\\/cookking.online\\\/katalogas\\\/peiliai\\\/025-mm-polimeras-edge-on-up-slctm30-astrumas-testinis-modelis-testeriu\\\/\",\"url\":\"https:\\\/\\\/cookking.online\\\/katalogas\\\/peiliai\\\/025-mm-polimeras-edge-on-up-slctm30-astrumas-testinis-modelis-testeriu\\\/\",\"name\":\"0,25 mm polimeras Edge On Up SLCTM30 a\u0161trumas testinis modelis testeri\u0173 - Cookking.online\",\"isPartOf\":{\"@id\":\"https:\\\/\\\/cookking.online\\\/#website\"},\"primaryImageOfPage\":{\"@id\":\"https:\\\/\\\/cookking.online\\\/katalogas\\\/peiliai\\\/025-mm-polimeras-edge-on-up-slctm30-astrumas-testinis-modelis-testeriu\\\/#primaryimage\"},\"image\":{\"@id\":\"https:\\\/\\\/cookking.online\\\/katalogas\\\/peiliai\\\/025-mm-polimeras-edge-on-up-slctm30-astrumas-testinis-modelis-testeriu\\\/#primaryimage\"},\"thumbnailUrl\":\"https:\\\/\\\/cookking.online\\\/wp-content\\\/uploads\\\/2026\\\/03\\\/16653_1.jpg\",\"datePublished\":\"2026-03-10T10:06:16+00:00\",\"dateModified\":\"2026-03-10T10:10:17+00:00\",\"description\":\"Bandomieji \u012fklipai [SLCTM30] Slice Test Media&nbsp;- profesionalus bandomasis med\u017eiaga, skirta \u012fvertinti a\u0161men\u0173 a\u0161trum\u0105 ir pjovimo efektyvum\u0105, specialiai suk...\",\"breadcrumb\":{\"@id\":\"https:\\\/\\\/cookking.online\\\/katalogas\\\/peiliai\\\/025-mm-polimeras-edge-on-up-slctm30-astrumas-testinis-modelis-testeriu\\\/#breadcrumb\"},\"inLanguage\":\"en-US\",\"potentialAction\":[{\"@type\":\"ReadAction\",\"target\":[\"https:\\\/\\\/cookking.online\\\/katalogas\\\/peiliai\\\/025-mm-polimeras-edge-on-up-slctm30-astrumas-testinis-modelis-testeriu\\\/\"]}]},{\"@type\":\"ImageObject\",\"inLanguage\":\"en-US\",\"@id\":\"https:\\\/\\\/cookking.online\\\/katalogas\\\/peiliai\\\/025-mm-polimeras-edge-on-up-slctm30-astrumas-testinis-modelis-testeriu\\\/#primaryimage\",\"url\":\"https:\\\/\\\/cookking.online\\\/wp-content\\\/uploads\\\/2026\\\/03\\\/16653_1.jpg\",\"contentUrl\":\"https:\\\/\\\/cookking.online\\\/wp-content\\\/uploads\\\/2026\\\/03\\\/16653_1.jpg\",\"width\":456,\"height\":470},{\"@type\":\"BreadcrumbList\",\"@id\":\"https:\\\/\\\/cookking.online\\\/katalogas\\\/peiliai\\\/025-mm-polimeras-edge-on-up-slctm30-astrumas-testinis-modelis-testeriu\\\/#breadcrumb\",\"itemListElement\":[{\"@type\":\"ListItem\",\"position\":1,\"name\":\"Prad\u017eia\",\"item\":\"https:\\\/\\\/cookking.online\\\/\"},{\"@type\":\"ListItem\",\"position\":2,\"name\":\"Parduotuv\u0117\",\"item\":\"https:\\\/\\\/cookking.online\\\/parduotuve\\\/\"},{\"@type\":\"ListItem\",\"position\":3,\"name\":\"0,25 mm polimeras Edge On Up SLCTM30 a\u0161trumas testinis modelis testeri\u0173\"}]},{\"@type\":\"WebSite\",\"@id\":\"https:\\\/\\\/cookking.online\\\/#website\",\"url\":\"https:\\\/\\\/cookking.online\\\/\",\"name\":\"Cookking.online\",\"description\":\"\",\"publisher\":{\"@id\":\"https:\\\/\\\/cookking.online\\\/#organization\"},\"potentialAction\":[{\"@type\":\"SearchAction\",\"target\":{\"@type\":\"EntryPoint\",\"urlTemplate\":\"https:\\\/\\\/cookking.online\\\/?s={search_term_string}\"},\"query-input\":{\"@type\":\"PropertyValueSpecification\",\"valueRequired\":true,\"valueName\":\"search_term_string\"}}],\"inLanguage\":\"en-US\"},{\"@type\":\"Organization\",\"@id\":\"https:\\\/\\\/cookking.online\\\/#organization\",\"name\":\"Cookking.online\",\"url\":\"https:\\\/\\\/cookking.online\\\/\",\"logo\":{\"@type\":\"ImageObject\",\"inLanguage\":\"en-US\",\"@id\":\"https:\\\/\\\/cookking.online\\\/#\\\/schema\\\/logo\\\/image\\\/\",\"url\":\"https:\\\/\\\/cookking.online\\\/wp-content\\\/uploads\\\/2021\\\/11\\\/Logo.png\",\"contentUrl\":\"https:\\\/\\\/cookking.online\\\/wp-content\\\/uploads\\\/2021\\\/11\\\/Logo.png\",\"width\":291,\"height\":100,\"caption\":\"Cookking.online\"},\"image\":{\"@id\":\"https:\\\/\\\/cookking.online\\\/#\\\/schema\\\/logo\\\/image\\\/\"}}]}<\/script>\n<!-- \/ Yoast SEO plugin. -->","yoast_head_json":{"title":"0,25 mm polimeras Edge On Up SLCTM30 a\u0161trumas testinis modelis testeri\u0173 - Cookking.online","description":"Bandomieji \u012fklipai [SLCTM30] Slice Test Media&nbsp;- profesionalus bandomasis med\u017eiaga, skirta \u012fvertinti a\u0161men\u0173 a\u0161trum\u0105 ir pjovimo efektyvum\u0105, specialiai suk...","robots":{"index":"index","follow":"follow","max-snippet":"max-snippet:-1","max-image-preview":"max-image-preview:large","max-video-preview":"max-video-preview:-1"},"canonical":"https:\/\/cookking.online\/en\/katalogas\/peiliai\/025-mm-polimeras-edge-on-up-slctm30-astrumas-testinis-modelis-testeriu\/","og_locale":"en_US","og_type":"article","og_title":"0,25 mm polimeras Edge On Up SLCTM30 a\u0161trumas testinis modelis testeri\u0173 - Cookking.online","og_description":"Bandomieji \u012fklipai [SLCTM30] Slice Test Media&nbsp;- profesionalus bandomasis med\u017eiaga, skirta \u012fvertinti a\u0161men\u0173 a\u0161trum\u0105 ir pjovimo efektyvum\u0105, specialiai suk...","og_url":"https:\/\/cookking.online\/en\/katalogas\/peiliai\/025-mm-polimeras-edge-on-up-slctm30-astrumas-testinis-modelis-testeriu\/","og_site_name":"Cookking.online","article_modified_time":"2026-03-10T10:10:17+00:00","og_image":[{"width":456,"height":470,"url":"https:\/\/cookking.online\/wp-content\/uploads\/2026\/03\/16653_1.jpg","type":"image\/jpeg"}],"twitter_card":"summary_large_image","twitter_misc":{"Est. reading time":"1 minute"},"schema":{"@context":"https:\/\/schema.org","@graph":[{"@type":"WebPage","@id":"https:\/\/cookking.online\/katalogas\/peiliai\/025-mm-polimeras-edge-on-up-slctm30-astrumas-testinis-modelis-testeriu\/","url":"https:\/\/cookking.online\/katalogas\/peiliai\/025-mm-polimeras-edge-on-up-slctm30-astrumas-testinis-modelis-testeriu\/","name":"0,25 mm polimeras Edge On Up SLCTM30 a\u0161trumas testinis modelis testeri\u0173 - Cookking.online","isPartOf":{"@id":"https:\/\/cookking.online\/#website"},"primaryImageOfPage":{"@id":"https:\/\/cookking.online\/katalogas\/peiliai\/025-mm-polimeras-edge-on-up-slctm30-astrumas-testinis-modelis-testeriu\/#primaryimage"},"image":{"@id":"https:\/\/cookking.online\/katalogas\/peiliai\/025-mm-polimeras-edge-on-up-slctm30-astrumas-testinis-modelis-testeriu\/#primaryimage"},"thumbnailUrl":"https:\/\/cookking.online\/wp-content\/uploads\/2026\/03\/16653_1.jpg","datePublished":"2026-03-10T10:06:16+00:00","dateModified":"2026-03-10T10:10:17+00:00","description":"Bandomieji \u012fklipai [SLCTM30] Slice Test Media&nbsp;- profesionalus bandomasis med\u017eiaga, skirta \u012fvertinti a\u0161men\u0173 a\u0161trum\u0105 ir pjovimo efektyvum\u0105, specialiai suk...","breadcrumb":{"@id":"https:\/\/cookking.online\/katalogas\/peiliai\/025-mm-polimeras-edge-on-up-slctm30-astrumas-testinis-modelis-testeriu\/#breadcrumb"},"inLanguage":"en-US","potentialAction":[{"@type":"ReadAction","target":["https:\/\/cookking.online\/katalogas\/peiliai\/025-mm-polimeras-edge-on-up-slctm30-astrumas-testinis-modelis-testeriu\/"]}]},{"@type":"ImageObject","inLanguage":"en-US","@id":"https:\/\/cookking.online\/katalogas\/peiliai\/025-mm-polimeras-edge-on-up-slctm30-astrumas-testinis-modelis-testeriu\/#primaryimage","url":"https:\/\/cookking.online\/wp-content\/uploads\/2026\/03\/16653_1.jpg","contentUrl":"https:\/\/cookking.online\/wp-content\/uploads\/2026\/03\/16653_1.jpg","width":456,"height":470},{"@type":"BreadcrumbList","@id":"https:\/\/cookking.online\/katalogas\/peiliai\/025-mm-polimeras-edge-on-up-slctm30-astrumas-testinis-modelis-testeriu\/#breadcrumb","itemListElement":[{"@type":"ListItem","position":1,"name":"Prad\u017eia","item":"https:\/\/cookking.online\/"},{"@type":"ListItem","position":2,"name":"Parduotuv\u0117","item":"https:\/\/cookking.online\/parduotuve\/"},{"@type":"ListItem","position":3,"name":"0,25 mm polimeras Edge On Up SLCTM30 a\u0161trumas testinis modelis testeri\u0173"}]},{"@type":"WebSite","@id":"https:\/\/cookking.online\/#website","url":"https:\/\/cookking.online\/","name":"Cookking.online","description":"","publisher":{"@id":"https:\/\/cookking.online\/#organization"},"potentialAction":[{"@type":"SearchAction","target":{"@type":"EntryPoint","urlTemplate":"https:\/\/cookking.online\/?s={search_term_string}"},"query-input":{"@type":"PropertyValueSpecification","valueRequired":true,"valueName":"search_term_string"}}],"inLanguage":"en-US"},{"@type":"Organization","@id":"https:\/\/cookking.online\/#organization","name":"Cookking.online","url":"https:\/\/cookking.online\/","logo":{"@type":"ImageObject","inLanguage":"en-US","@id":"https:\/\/cookking.online\/#\/schema\/logo\/image\/","url":"https:\/\/cookking.online\/wp-content\/uploads\/2021\/11\/Logo.png","contentUrl":"https:\/\/cookking.online\/wp-content\/uploads\/2021\/11\/Logo.png","width":291,"height":100,"caption":"Cookking.online"},"image":{"@id":"https:\/\/cookking.online\/#\/schema\/logo\/image\/"}}]}},"_links":{"self":[{"href":"https:\/\/cookking.online\/en\/wp-json\/wp\/v2\/product\/34560","targetHints":{"allow":["GET"]}}],"collection":[{"href":"https:\/\/cookking.online\/en\/wp-json\/wp\/v2\/product"}],"about":[{"href":"https:\/\/cookking.online\/en\/wp-json\/wp\/v2\/types\/product"}],"wp:featuredmedia":[{"embeddable":true,"href":"https:\/\/cookking.online\/en\/wp-json\/wp\/v2\/media\/34559"}],"wp:attachment":[{"href":"https:\/\/cookking.online\/en\/wp-json\/wp\/v2\/media?parent=34560"}],"wp:term":[{"taxonomy":"product_brand","embeddable":true,"href":"https:\/\/cookking.online\/en\/wp-json\/wp\/v2\/product_brand?post=34560"},{"taxonomy":"product_cat","embeddable":true,"href":"https:\/\/cookking.online\/en\/wp-json\/wp\/v2\/product_cat?post=34560"},{"taxonomy":"product_tag","embeddable":true,"href":"https:\/\/cookking.online\/en\/wp-json\/wp\/v2\/product_tag?post=34560"}],"curies":[{"name":"wp","href":"https:\/\/api.w.org\/{rel}","templated":true}]}}