{"id":34562,"date":"2026-03-10T13:06:18","date_gmt":"2026-03-10T10:06:18","guid":{"rendered":"https:\/\/cookking.online\/?post_type=product&#038;p=34562"},"modified":"2026-03-10T13:11:45","modified_gmt":"2026-03-10T10:11:45","slug":"kanetsugu-saiun-sefu-peilis-230-mm-kn-9006","status":"publish","type":"product","link":"https:\/\/cookking.online\/en\/katalogas\/peiliai\/kanetsugu-saiun-sefu-peilis-230-mm-kn-9006\/","title":{"rendered":"Kanetsugu SAIUN \u0160ef\u0173 peilis 230 mm [KN-9006]"},"content":{"rendered":"<h1><span style=\"color: #ff0000\">Kanetsugu SAIUN Chef peilis 230 mm<\/span><\/h1>\n<\/p>\n<p align=\"justify\">\u0160efui skirtas peilis yra universaliausias a\u0161muo, naudojamas tiek profesionalioje, tiek namuose. J\u012f i\u0161skiria ergonomi\u0161kumas ir a\u0161trumas. Tinkamas ilgis ir peilio plo\u010dio klapas puikiai tinka produktams pjauti ar smulkinti. Stipriai lenktasis a\u0161men\u0173 profilis padeda naudoti s\u016bpuoklin\u012f judes\u012f pjaunant. \u0160is peilis tiks m\u0117sai, \u017euvims ir dar\u017eov\u0117ms pjauti. Tai da\u017enai pirmasis \u012frankis, prie kurio griebiasi vir\u0117jas ruo\u0161damas patiekalus.<\/p>\n<p style=\"text-align: justify\">\n<h2 style=\"text-align: justify\">Charakteristikos.<\/h2>\n<p align=\"justify\">Kanetsugu peili\u0173 serija SAIUN pasi\u017eymi subalansuota, ta\u010diau ak\u012f traukian\u010dia stilistika. Damaskinio plieno ra\u0161tas, sudarytas i\u0161 32 VG-10 alavin\u0117s plienin\u0117s branduolio sluoksni\u0173, yra tai, kas \u017eavisi Japonijos peili\u0173 entuziastai. Be to, a\u0161menys u\u017egr\u016bdinti iki 61 HRC, pritaikius special\u0173 &#8222;sub-zero-treatment&#8221; terminio apdorojimo proces\u0105, kurio metu peilio a\u0161menys per trump\u0105 laik\u0105 atv\u0117sinami iki -70 laipsni\u0173 Celsijaus. Tod\u0117l SAIUN serijos peiliai turi didesn\u012f pjovimo agresyvum\u0105 ir ilgiau i\u0161laiko a\u0161trum\u0105.<\/p>\n<p align=\"justify\">\n<p align=\"justify\">Retai pasitaikan\u010diu SAIUN serijos peili\u0173 apdailos b\u016bdu yra &#8222;Hamaguri&#8221;, vadinamas &#8222;kriauklel\u0117s kra\u0161tu&#8221;. Tai yra peilio a\u0161men\u0173 profilio i\u0161kilimas, suteikiantis jiems moliusk\u0173 kriauklel\u0117s form\u0105. \u0160is sud\u0117tingas apdorojimas, taikomas ir samuraj\u0173 kalavijams, turi sustiprinti virtuvinius a\u0161menis, suma\u017einti j\u0173 trapum\u0105, pritaikyti prie japonini\u0173 pjovimo technik\u0173, suma\u017einti kerpam\u0173 produkt\u0173 prilipim\u0105 prie a\u0161men\u0173.<\/p>\n<p align=\"justify\">\n<p align=\"justify\">Gra\u017ei juoda mikarta ranken\u0117l\u0117 yra papuo\u0161ta dviem nitimisr ir \u012fmantriu raudonu \u017eiedu. Pagaminta vakarie\u010di\u0173 stiliumi, rankini\u0105pal\u0161yta, pasi\u017eymi puikiu, ergonomi\u0161k\u0173 gripu, u\u017etikrinan\u010diu puiki\u0105 a\u0161men\u0173 kontrol\u0119 pjaunant. Be to, mikarta yra antibakterin\u0117, atspari dr\u0117gmei ir lengvai pri\u017ei\u016brima med\u017eiaga. O metalinis \u017eiedas ant ranken\u0117l\u0117s neleid\u017eia maisto produktams prilipti ir palengvina peili\u0173 valym\u0105.<\/p>\n<p style=\"text-align: justify\">\n<h2 style=\"text-align: justify\">Techniniai duomenys:<\/h2>\n<p style=\"text-align: justify\"><strong>Plieno tipas:<\/strong><span> VG-10<\/span><br \/><strong>Rankenos med\u017eiaga:<\/strong><span> mikarta<\/span><br \/><strong>Kietumas:<\/strong><span> +\/- 61 HRC <\/span><br \/><strong>Bendras ilgis:<\/strong><span> 360 mm<\/span><br \/><strong>A\u0161men\u0173 ilgis:<\/strong><span> 230 mm<\/span><br \/><strong>A\u0161men\u0173 plotis:<\/strong><span>  50 mm<\/span><br \/><strong>A\u0161men\u0173 storis:<\/strong><span> apie 2.3 mm<\/span><br \/><strong>A\u0161trinimo b\u016bdas:<\/strong><span> dvipusis simetrinis \u0161lifavimas<\/span><br \/><strong>Svoris:<\/strong><span> apie 245 g<\/span><\/p>","protected":false},"excerpt":{"rendered":"<p>Kanetsugu SAIUN Chef peilis 230 mm \u0160efui skirtas peilis yra universaliausias a\u0161muo, naudojamas tiek profesionalioje, tiek namuose. J\u012f i\u0161skiria ergonomi\u0161kumas ir a\u0161trumas. Tinkamas ilgis ir peilio plo\u010dio klapas puikiai tinka&#8230;<\/p>","protected":false},"featured_media":34561,"template":"","meta":[],"product_brand":[],"product_cat":[119],"product_tag":[],"class_list":{"0":"post-34562","1":"product","2":"type-product","3":"status-publish","4":"has-post-thumbnail","6":"product_cat-peiliai","8":"first","9":"outofstock","10":"taxable","11":"shipping-taxable","12":"purchasable","13":"product-type-simple"},"yoast_head":"<!-- This site is optimized with the Yoast SEO plugin v27.5 - https:\/\/yoast.com\/product\/yoast-seo-wordpress\/ -->\n<title>Kanetsugu SAIUN \u0160ef\u0173 peilis 230 mm [KN-9006] - Cookking.online<\/title>\n<meta name=\"description\" content=\"Kanetsugu SAIUN Chef peilis 230 mm \u0160efui skirtas peilis yra universaliausias a\u0161muo, naudojamas tiek profesionalioje, tiek namuose. J\u012f i\u0161skiria ergonomi\u0161kumas...\" \/>\n<meta name=\"robots\" content=\"index, follow, max-snippet:-1, max-image-preview:large, max-video-preview:-1\" \/>\n<link rel=\"canonical\" href=\"https:\/\/cookking.online\/en\/katalogas\/peiliai\/kanetsugu-saiun-sefu-peilis-230-mm-kn-9006\/\" \/>\n<meta property=\"og:locale\" content=\"en_US\" \/>\n<meta property=\"og:type\" content=\"article\" \/>\n<meta property=\"og:title\" content=\"Kanetsugu SAIUN \u0160ef\u0173 peilis 230 mm [KN-9006] - Cookking.online\" \/>\n<meta property=\"og:description\" content=\"Kanetsugu SAIUN Chef peilis 230 mm \u0160efui skirtas peilis yra universaliausias a\u0161muo, naudojamas tiek profesionalioje, tiek namuose. J\u012f i\u0161skiria ergonomi\u0161kumas...\" \/>\n<meta property=\"og:url\" content=\"https:\/\/cookking.online\/en\/katalogas\/peiliai\/kanetsugu-saiun-sefu-peilis-230-mm-kn-9006\/\" \/>\n<meta property=\"og:site_name\" content=\"Cookking.online\" \/>\n<meta property=\"article:modified_time\" content=\"2026-03-10T10:11:45+00:00\" \/>\n<meta property=\"og:image\" content=\"https:\/\/cookking.online\/wp-content\/uploads\/2026\/03\/14244_1-1.jpg\" \/>\n\t<meta property=\"og:image:width\" content=\"1600\" \/>\n\t<meta property=\"og:image:height\" content=\"1600\" \/>\n\t<meta property=\"og:image:type\" content=\"image\/jpeg\" \/>\n<meta name=\"twitter:card\" content=\"summary_large_image\" \/>\n<meta name=\"twitter:label1\" content=\"Est. reading time\" \/>\n\t<meta name=\"twitter:data1\" content=\"2 minutes\" \/>\n<script type=\"application\/ld+json\" class=\"yoast-schema-graph\">{\"@context\":\"https:\\\/\\\/schema.org\",\"@graph\":[{\"@type\":\"WebPage\",\"@id\":\"https:\\\/\\\/cookking.online\\\/katalogas\\\/peiliai\\\/kanetsugu-saiun-sefu-peilis-230-mm-kn-9006\\\/\",\"url\":\"https:\\\/\\\/cookking.online\\\/katalogas\\\/peiliai\\\/kanetsugu-saiun-sefu-peilis-230-mm-kn-9006\\\/\",\"name\":\"Kanetsugu SAIUN \u0160ef\u0173 peilis 230 mm [KN-9006] - Cookking.online\",\"isPartOf\":{\"@id\":\"https:\\\/\\\/cookking.online\\\/#website\"},\"primaryImageOfPage\":{\"@id\":\"https:\\\/\\\/cookking.online\\\/katalogas\\\/peiliai\\\/kanetsugu-saiun-sefu-peilis-230-mm-kn-9006\\\/#primaryimage\"},\"image\":{\"@id\":\"https:\\\/\\\/cookking.online\\\/katalogas\\\/peiliai\\\/kanetsugu-saiun-sefu-peilis-230-mm-kn-9006\\\/#primaryimage\"},\"thumbnailUrl\":\"https:\\\/\\\/cookking.online\\\/wp-content\\\/uploads\\\/2026\\\/03\\\/14244_1-1.jpg\",\"datePublished\":\"2026-03-10T10:06:18+00:00\",\"dateModified\":\"2026-03-10T10:11:45+00:00\",\"description\":\"Kanetsugu SAIUN Chef peilis 230 mm \u0160efui skirtas peilis yra universaliausias a\u0161muo, naudojamas tiek profesionalioje, tiek namuose. J\u012f i\u0161skiria ergonomi\u0161kumas...\",\"breadcrumb\":{\"@id\":\"https:\\\/\\\/cookking.online\\\/katalogas\\\/peiliai\\\/kanetsugu-saiun-sefu-peilis-230-mm-kn-9006\\\/#breadcrumb\"},\"inLanguage\":\"en-US\",\"potentialAction\":[{\"@type\":\"ReadAction\",\"target\":[\"https:\\\/\\\/cookking.online\\\/katalogas\\\/peiliai\\\/kanetsugu-saiun-sefu-peilis-230-mm-kn-9006\\\/\"]}]},{\"@type\":\"ImageObject\",\"inLanguage\":\"en-US\",\"@id\":\"https:\\\/\\\/cookking.online\\\/katalogas\\\/peiliai\\\/kanetsugu-saiun-sefu-peilis-230-mm-kn-9006\\\/#primaryimage\",\"url\":\"https:\\\/\\\/cookking.online\\\/wp-content\\\/uploads\\\/2026\\\/03\\\/14244_1-1.jpg\",\"contentUrl\":\"https:\\\/\\\/cookking.online\\\/wp-content\\\/uploads\\\/2026\\\/03\\\/14244_1-1.jpg\",\"width\":1600,\"height\":1600},{\"@type\":\"BreadcrumbList\",\"@id\":\"https:\\\/\\\/cookking.online\\\/katalogas\\\/peiliai\\\/kanetsugu-saiun-sefu-peilis-230-mm-kn-9006\\\/#breadcrumb\",\"itemListElement\":[{\"@type\":\"ListItem\",\"position\":1,\"name\":\"Prad\u017eia\",\"item\":\"https:\\\/\\\/cookking.online\\\/\"},{\"@type\":\"ListItem\",\"position\":2,\"name\":\"Parduotuv\u0117\",\"item\":\"https:\\\/\\\/cookking.online\\\/parduotuve\\\/\"},{\"@type\":\"ListItem\",\"position\":3,\"name\":\"Kanetsugu SAIUN \u0160ef\u0173 peilis 230 mm [KN-9006]\"}]},{\"@type\":\"WebSite\",\"@id\":\"https:\\\/\\\/cookking.online\\\/#website\",\"url\":\"https:\\\/\\\/cookking.online\\\/\",\"name\":\"Cookking.online\",\"description\":\"\",\"publisher\":{\"@id\":\"https:\\\/\\\/cookking.online\\\/#organization\"},\"potentialAction\":[{\"@type\":\"SearchAction\",\"target\":{\"@type\":\"EntryPoint\",\"urlTemplate\":\"https:\\\/\\\/cookking.online\\\/?s={search_term_string}\"},\"query-input\":{\"@type\":\"PropertyValueSpecification\",\"valueRequired\":true,\"valueName\":\"search_term_string\"}}],\"inLanguage\":\"en-US\"},{\"@type\":\"Organization\",\"@id\":\"https:\\\/\\\/cookking.online\\\/#organization\",\"name\":\"Cookking.online\",\"url\":\"https:\\\/\\\/cookking.online\\\/\",\"logo\":{\"@type\":\"ImageObject\",\"inLanguage\":\"en-US\",\"@id\":\"https:\\\/\\\/cookking.online\\\/#\\\/schema\\\/logo\\\/image\\\/\",\"url\":\"https:\\\/\\\/cookking.online\\\/wp-content\\\/uploads\\\/2021\\\/11\\\/Logo.png\",\"contentUrl\":\"https:\\\/\\\/cookking.online\\\/wp-content\\\/uploads\\\/2021\\\/11\\\/Logo.png\",\"width\":291,\"height\":100,\"caption\":\"Cookking.online\"},\"image\":{\"@id\":\"https:\\\/\\\/cookking.online\\\/#\\\/schema\\\/logo\\\/image\\\/\"}}]}<\/script>\n<!-- \/ Yoast SEO plugin. -->","yoast_head_json":{"title":"Kanetsugu SAIUN \u0160ef\u0173 peilis 230 mm [KN-9006] - Cookking.online","description":"Kanetsugu SAIUN Chef peilis 230 mm \u0160efui skirtas peilis yra universaliausias a\u0161muo, naudojamas tiek profesionalioje, tiek namuose. J\u012f i\u0161skiria ergonomi\u0161kumas...","robots":{"index":"index","follow":"follow","max-snippet":"max-snippet:-1","max-image-preview":"max-image-preview:large","max-video-preview":"max-video-preview:-1"},"canonical":"https:\/\/cookking.online\/en\/katalogas\/peiliai\/kanetsugu-saiun-sefu-peilis-230-mm-kn-9006\/","og_locale":"en_US","og_type":"article","og_title":"Kanetsugu SAIUN \u0160ef\u0173 peilis 230 mm [KN-9006] - Cookking.online","og_description":"Kanetsugu SAIUN Chef peilis 230 mm \u0160efui skirtas peilis yra universaliausias a\u0161muo, naudojamas tiek profesionalioje, tiek namuose. J\u012f i\u0161skiria ergonomi\u0161kumas...","og_url":"https:\/\/cookking.online\/en\/katalogas\/peiliai\/kanetsugu-saiun-sefu-peilis-230-mm-kn-9006\/","og_site_name":"Cookking.online","article_modified_time":"2026-03-10T10:11:45+00:00","og_image":[{"width":1600,"height":1600,"url":"https:\/\/cookking.online\/wp-content\/uploads\/2026\/03\/14244_1-1.jpg","type":"image\/jpeg"}],"twitter_card":"summary_large_image","twitter_misc":{"Est. reading time":"2 minutes"},"schema":{"@context":"https:\/\/schema.org","@graph":[{"@type":"WebPage","@id":"https:\/\/cookking.online\/katalogas\/peiliai\/kanetsugu-saiun-sefu-peilis-230-mm-kn-9006\/","url":"https:\/\/cookking.online\/katalogas\/peiliai\/kanetsugu-saiun-sefu-peilis-230-mm-kn-9006\/","name":"Kanetsugu SAIUN \u0160ef\u0173 peilis 230 mm [KN-9006] - Cookking.online","isPartOf":{"@id":"https:\/\/cookking.online\/#website"},"primaryImageOfPage":{"@id":"https:\/\/cookking.online\/katalogas\/peiliai\/kanetsugu-saiun-sefu-peilis-230-mm-kn-9006\/#primaryimage"},"image":{"@id":"https:\/\/cookking.online\/katalogas\/peiliai\/kanetsugu-saiun-sefu-peilis-230-mm-kn-9006\/#primaryimage"},"thumbnailUrl":"https:\/\/cookking.online\/wp-content\/uploads\/2026\/03\/14244_1-1.jpg","datePublished":"2026-03-10T10:06:18+00:00","dateModified":"2026-03-10T10:11:45+00:00","description":"Kanetsugu SAIUN Chef peilis 230 mm \u0160efui skirtas peilis yra universaliausias a\u0161muo, naudojamas tiek profesionalioje, tiek namuose. J\u012f i\u0161skiria ergonomi\u0161kumas...","breadcrumb":{"@id":"https:\/\/cookking.online\/katalogas\/peiliai\/kanetsugu-saiun-sefu-peilis-230-mm-kn-9006\/#breadcrumb"},"inLanguage":"en-US","potentialAction":[{"@type":"ReadAction","target":["https:\/\/cookking.online\/katalogas\/peiliai\/kanetsugu-saiun-sefu-peilis-230-mm-kn-9006\/"]}]},{"@type":"ImageObject","inLanguage":"en-US","@id":"https:\/\/cookking.online\/katalogas\/peiliai\/kanetsugu-saiun-sefu-peilis-230-mm-kn-9006\/#primaryimage","url":"https:\/\/cookking.online\/wp-content\/uploads\/2026\/03\/14244_1-1.jpg","contentUrl":"https:\/\/cookking.online\/wp-content\/uploads\/2026\/03\/14244_1-1.jpg","width":1600,"height":1600},{"@type":"BreadcrumbList","@id":"https:\/\/cookking.online\/katalogas\/peiliai\/kanetsugu-saiun-sefu-peilis-230-mm-kn-9006\/#breadcrumb","itemListElement":[{"@type":"ListItem","position":1,"name":"Prad\u017eia","item":"https:\/\/cookking.online\/"},{"@type":"ListItem","position":2,"name":"Parduotuv\u0117","item":"https:\/\/cookking.online\/parduotuve\/"},{"@type":"ListItem","position":3,"name":"Kanetsugu SAIUN \u0160ef\u0173 peilis 230 mm [KN-9006]"}]},{"@type":"WebSite","@id":"https:\/\/cookking.online\/#website","url":"https:\/\/cookking.online\/","name":"Cookking.online","description":"","publisher":{"@id":"https:\/\/cookking.online\/#organization"},"potentialAction":[{"@type":"SearchAction","target":{"@type":"EntryPoint","urlTemplate":"https:\/\/cookking.online\/?s={search_term_string}"},"query-input":{"@type":"PropertyValueSpecification","valueRequired":true,"valueName":"search_term_string"}}],"inLanguage":"en-US"},{"@type":"Organization","@id":"https:\/\/cookking.online\/#organization","name":"Cookking.online","url":"https:\/\/cookking.online\/","logo":{"@type":"ImageObject","inLanguage":"en-US","@id":"https:\/\/cookking.online\/#\/schema\/logo\/image\/","url":"https:\/\/cookking.online\/wp-content\/uploads\/2021\/11\/Logo.png","contentUrl":"https:\/\/cookking.online\/wp-content\/uploads\/2021\/11\/Logo.png","width":291,"height":100,"caption":"Cookking.online"},"image":{"@id":"https:\/\/cookking.online\/#\/schema\/logo\/image\/"}}]}},"_links":{"self":[{"href":"https:\/\/cookking.online\/en\/wp-json\/wp\/v2\/product\/34562","targetHints":{"allow":["GET"]}}],"collection":[{"href":"https:\/\/cookking.online\/en\/wp-json\/wp\/v2\/product"}],"about":[{"href":"https:\/\/cookking.online\/en\/wp-json\/wp\/v2\/types\/product"}],"wp:featuredmedia":[{"embeddable":true,"href":"https:\/\/cookking.online\/en\/wp-json\/wp\/v2\/media\/34561"}],"wp:attachment":[{"href":"https:\/\/cookking.online\/en\/wp-json\/wp\/v2\/media?parent=34562"}],"wp:term":[{"taxonomy":"product_brand","embeddable":true,"href":"https:\/\/cookking.online\/en\/wp-json\/wp\/v2\/product_brand?post=34562"},{"taxonomy":"product_cat","embeddable":true,"href":"https:\/\/cookking.online\/en\/wp-json\/wp\/v2\/product_cat?post=34562"},{"taxonomy":"product_tag","embeddable":true,"href":"https:\/\/cookking.online\/en\/wp-json\/wp\/v2\/product_tag?post=34562"}],"curies":[{"name":"wp","href":"https:\/\/api.w.org\/{rel}","templated":true}]}}