{"id":34597,"date":"2026-03-10T13:06:18","date_gmt":"2026-03-10T10:06:18","guid":{"rendered":"https:\/\/cookking.online\/?post_type=product&#038;p=34597"},"modified":"2026-03-10T13:12:00","modified_gmt":"2026-03-10T10:12:00","slug":"tetsuhiro-kd-santoku-170-mm-kd-861-virtuvinis-peilis","status":"publish","type":"product","link":"https:\/\/cookking.online\/en\/katalogas\/peiliai\/tetsuhiro-kd-santoku-170-mm-kd-861-virtuvinis-peilis\/","title":{"rendered":"Tetsuhiro KD Santoku 170 mm [KD-861] virtuvinis peilis"},"content":{"rendered":"<h1><span style=\"color: #ff0000\">Tetsuhiro KD Santoku 170 mm virtuvinis peilis<\/span><\/h1>\n<\/p>\n<p align=\"justify\"><strong><span><span>Santoku<\/span><\/span><\/strong><span><span> yra labai b\u016bdingas Japonijos virtuv\u0117s peilis. Charakteristin\u0117, \u017eemoje pad\u0117tyje esanti vir\u0161\u016bn\u0117, stipriai i\u0161lenkta nugarin\u0117 a\u0161men\u0173 dalis ir plok\u0161ti a\u0161menys, palengvinantys kapojim\u0105, pjaustyti ir pjaustyti dar\u017eoves. Ta\u010diau niekas netur\u0117t\u0173 b\u016bti suklaidintas \u0161io peilio i\u0161vaizda. <\/span><\/span><strong><span><span>Santoku<\/span><\/span><\/strong><span><span> vienodai naudojamas vegani\u0161koje ar vegetari\u0161koje virtuv\u0117je, taip pat pjaunant m\u0117s\u0105, de\u0161ras ar \u017euvis. Tai ypa\u010d universalus gele\u017et\u0117, o plati gele\u017et\u0117 leid\u017eia tiesiogiai perkelti supjaustytas prekes \u012f puod\u0105 ar keptuv\u0119. <\/span><\/span><\/p>\n<\/p>\n<h2>Charakteristin\u0117s savyb\u0117s.<\/h2>\n<p style=\"text-align: justify\" align=\"justify\"><span>KD serijos peiliai traukia d\u0117mes\u012f nuostabia damasko ra\u0161to gele\u017ete, pagaminta i\u0161 VG-10 plieno.<span> <\/span><\/span><span>Kiekvienas peilis yra unikalus ir negalima rasti dviej\u0173 toki\u0173 pa\u010di\u0173. Gele\u017et\u0117 i\u0161 auk\u0161tos kokyb\u0117s VG-10 plieno buvo gr\u016bdinta iki 61 HRC, suteikiant did\u017eiul\u012f kietum\u0105 ir nepriekai\u0161ting\u0105 a\u0161trum\u0105. Ne\u012fklijuot\u0105 stilistik\u0105 papildo juoda mikartos rankena europieti\u0161kame stiliuje.<span> <\/span><\/span><span>Ji vainikuota plieniniu \u017eiedu, kuris neleid\u017eia dr\u0117gmei skverbtis ir palengvina peilio i\u0161laikym\u0105 \u0161variame.<\/span><\/p>\n<h2 style=\"text-align: justify\"> <\/h2>\n<h2 style=\"text-align: justify\">Technin\u0117s charakteristikos:<\/h2>\n<p style=\"text-align: justify\"><strong>Plieno tipas:<\/strong><span> VG-10<\/span><br \/><strong>Rankenos med\u017eiaga:<\/strong><span> micarta<\/span><br \/><strong>Kietumas:<\/strong><span> +\/- 60\/61 HRC <\/span><br \/><strong>Bendras ilgis:<\/strong><span> 298 mm<\/span><br \/><strong>A\u0161mens ilgis:<\/strong><span> 170 mm<\/span><br \/><strong>A\u0161mens plotis:<\/strong><span>  46 mm<\/span><br \/><strong>A\u0161mens storis:<\/strong><span> apie 1,7 mm<\/span><br \/><strong>Galandimo b\u016bdas:<\/strong><span> dvipusis simetrinis \u0161lifavimas<\/span><br \/><strong>Svoris:<\/strong><span> apie 168 g<\/span><\/p>","protected":false},"excerpt":{"rendered":"<p>Tetsuhiro KD Santoku 170 mm virtuvinis peilis Santoku yra labai b\u016bdingas Japonijos virtuv\u0117s peilis. Charakteristin\u0117, \u017eemoje pad\u0117tyje esanti vir\u0161\u016bn\u0117, stipriai i\u0161lenkta nugarin\u0117 a\u0161men\u0173 dalis ir plok\u0161ti a\u0161menys, palengvinantys kapojim\u0105, pjaustyti&#8230;<\/p>","protected":false},"featured_media":34563,"template":"","meta":[],"product_brand":[],"product_cat":[119],"product_tag":[],"class_list":{"0":"post-34597","1":"product","2":"type-product","3":"status-publish","4":"has-post-thumbnail","6":"product_cat-peiliai","8":"first","9":"instock","10":"taxable","11":"shipping-taxable","12":"purchasable","13":"product-type-simple"},"yoast_head":"<!-- This site is optimized with the Yoast SEO plugin v27.3 - https:\/\/yoast.com\/product\/yoast-seo-wordpress\/ -->\n<title>Tetsuhiro KD Santoku 170 mm [KD-861] virtuvinis peilis - Cookking.online<\/title>\n<meta name=\"description\" content=\"Tetsuhiro KD Santoku 170 mm virtuvinis peilis Santoku yra labai b\u016bdingas Japonijos virtuv\u0117s peilis. Charakteristin\u0117, \u017eemoje pad\u0117tyje esanti vir\u0161\u016bn\u0117, stipriai...\" \/>\n<meta name=\"robots\" content=\"index, follow, max-snippet:-1, max-image-preview:large, max-video-preview:-1\" \/>\n<link rel=\"canonical\" href=\"https:\/\/cookking.online\/en\/katalogas\/peiliai\/tetsuhiro-kd-santoku-170-mm-kd-861-virtuvinis-peilis\/\" \/>\n<meta property=\"og:locale\" content=\"en_US\" \/>\n<meta property=\"og:type\" content=\"article\" \/>\n<meta property=\"og:title\" content=\"Tetsuhiro KD Santoku 170 mm [KD-861] virtuvinis peilis - Cookking.online\" \/>\n<meta property=\"og:description\" content=\"Tetsuhiro KD Santoku 170 mm virtuvinis peilis Santoku yra labai b\u016bdingas Japonijos virtuv\u0117s peilis. Charakteristin\u0117, \u017eemoje pad\u0117tyje esanti vir\u0161\u016bn\u0117, stipriai...\" \/>\n<meta property=\"og:url\" content=\"https:\/\/cookking.online\/en\/katalogas\/peiliai\/tetsuhiro-kd-santoku-170-mm-kd-861-virtuvinis-peilis\/\" \/>\n<meta property=\"og:site_name\" content=\"Cookking.online\" \/>\n<meta property=\"article:modified_time\" content=\"2026-03-10T10:12:00+00:00\" \/>\n<meta property=\"og:image\" content=\"https:\/\/cookking.online\/wp-content\/uploads\/2026\/03\/14203_1.png\" \/>\n\t<meta property=\"og:image:width\" content=\"1180\" \/>\n\t<meta property=\"og:image:height\" content=\"690\" \/>\n\t<meta property=\"og:image:type\" content=\"image\/png\" \/>\n<meta name=\"twitter:card\" content=\"summary_large_image\" \/>\n<meta name=\"twitter:label1\" content=\"Est. reading time\" \/>\n\t<meta name=\"twitter:data1\" content=\"1 minute\" \/>\n<script type=\"application\/ld+json\" class=\"yoast-schema-graph\">{\"@context\":\"https:\\\/\\\/schema.org\",\"@graph\":[{\"@type\":\"WebPage\",\"@id\":\"https:\\\/\\\/cookking.online\\\/katalogas\\\/peiliai\\\/tetsuhiro-kd-santoku-170-mm-kd-861-virtuvinis-peilis\\\/\",\"url\":\"https:\\\/\\\/cookking.online\\\/katalogas\\\/peiliai\\\/tetsuhiro-kd-santoku-170-mm-kd-861-virtuvinis-peilis\\\/\",\"name\":\"Tetsuhiro KD Santoku 170 mm [KD-861] virtuvinis peilis - Cookking.online\",\"isPartOf\":{\"@id\":\"https:\\\/\\\/cookking.online\\\/#website\"},\"primaryImageOfPage\":{\"@id\":\"https:\\\/\\\/cookking.online\\\/katalogas\\\/peiliai\\\/tetsuhiro-kd-santoku-170-mm-kd-861-virtuvinis-peilis\\\/#primaryimage\"},\"image\":{\"@id\":\"https:\\\/\\\/cookking.online\\\/katalogas\\\/peiliai\\\/tetsuhiro-kd-santoku-170-mm-kd-861-virtuvinis-peilis\\\/#primaryimage\"},\"thumbnailUrl\":\"https:\\\/\\\/cookking.online\\\/wp-content\\\/uploads\\\/2026\\\/03\\\/14203_1.png\",\"datePublished\":\"2026-03-10T10:06:18+00:00\",\"dateModified\":\"2026-03-10T10:12:00+00:00\",\"description\":\"Tetsuhiro KD Santoku 170 mm virtuvinis peilis Santoku yra labai b\u016bdingas Japonijos virtuv\u0117s peilis. Charakteristin\u0117, \u017eemoje pad\u0117tyje esanti vir\u0161\u016bn\u0117, stipriai...\",\"breadcrumb\":{\"@id\":\"https:\\\/\\\/cookking.online\\\/katalogas\\\/peiliai\\\/tetsuhiro-kd-santoku-170-mm-kd-861-virtuvinis-peilis\\\/#breadcrumb\"},\"inLanguage\":\"en-US\",\"potentialAction\":[{\"@type\":\"ReadAction\",\"target\":[\"https:\\\/\\\/cookking.online\\\/katalogas\\\/peiliai\\\/tetsuhiro-kd-santoku-170-mm-kd-861-virtuvinis-peilis\\\/\"]}]},{\"@type\":\"ImageObject\",\"inLanguage\":\"en-US\",\"@id\":\"https:\\\/\\\/cookking.online\\\/katalogas\\\/peiliai\\\/tetsuhiro-kd-santoku-170-mm-kd-861-virtuvinis-peilis\\\/#primaryimage\",\"url\":\"https:\\\/\\\/cookking.online\\\/wp-content\\\/uploads\\\/2026\\\/03\\\/14203_1.png\",\"contentUrl\":\"https:\\\/\\\/cookking.online\\\/wp-content\\\/uploads\\\/2026\\\/03\\\/14203_1.png\",\"width\":1180,\"height\":690},{\"@type\":\"BreadcrumbList\",\"@id\":\"https:\\\/\\\/cookking.online\\\/katalogas\\\/peiliai\\\/tetsuhiro-kd-santoku-170-mm-kd-861-virtuvinis-peilis\\\/#breadcrumb\",\"itemListElement\":[{\"@type\":\"ListItem\",\"position\":1,\"name\":\"Prad\u017eia\",\"item\":\"https:\\\/\\\/cookking.online\\\/\"},{\"@type\":\"ListItem\",\"position\":2,\"name\":\"Parduotuv\u0117\",\"item\":\"https:\\\/\\\/cookking.online\\\/parduotuve\\\/\"},{\"@type\":\"ListItem\",\"position\":3,\"name\":\"Tetsuhiro KD Santoku 170 mm [KD-861] virtuvinis peilis\"}]},{\"@type\":\"WebSite\",\"@id\":\"https:\\\/\\\/cookking.online\\\/#website\",\"url\":\"https:\\\/\\\/cookking.online\\\/\",\"name\":\"Cookking.online\",\"description\":\"\",\"publisher\":{\"@id\":\"https:\\\/\\\/cookking.online\\\/#organization\"},\"potentialAction\":[{\"@type\":\"SearchAction\",\"target\":{\"@type\":\"EntryPoint\",\"urlTemplate\":\"https:\\\/\\\/cookking.online\\\/?s={search_term_string}\"},\"query-input\":{\"@type\":\"PropertyValueSpecification\",\"valueRequired\":true,\"valueName\":\"search_term_string\"}}],\"inLanguage\":\"en-US\"},{\"@type\":\"Organization\",\"@id\":\"https:\\\/\\\/cookking.online\\\/#organization\",\"name\":\"Cookking.online\",\"url\":\"https:\\\/\\\/cookking.online\\\/\",\"logo\":{\"@type\":\"ImageObject\",\"inLanguage\":\"en-US\",\"@id\":\"https:\\\/\\\/cookking.online\\\/#\\\/schema\\\/logo\\\/image\\\/\",\"url\":\"https:\\\/\\\/cookking.online\\\/wp-content\\\/uploads\\\/2021\\\/11\\\/Logo.png\",\"contentUrl\":\"https:\\\/\\\/cookking.online\\\/wp-content\\\/uploads\\\/2021\\\/11\\\/Logo.png\",\"width\":291,\"height\":100,\"caption\":\"Cookking.online\"},\"image\":{\"@id\":\"https:\\\/\\\/cookking.online\\\/#\\\/schema\\\/logo\\\/image\\\/\"}}]}<\/script>\n<!-- \/ Yoast SEO plugin. -->","yoast_head_json":{"title":"Tetsuhiro KD Santoku 170 mm [KD-861] virtuvinis peilis - Cookking.online","description":"Tetsuhiro KD Santoku 170 mm virtuvinis peilis Santoku yra labai b\u016bdingas Japonijos virtuv\u0117s peilis. Charakteristin\u0117, \u017eemoje pad\u0117tyje esanti vir\u0161\u016bn\u0117, stipriai...","robots":{"index":"index","follow":"follow","max-snippet":"max-snippet:-1","max-image-preview":"max-image-preview:large","max-video-preview":"max-video-preview:-1"},"canonical":"https:\/\/cookking.online\/en\/katalogas\/peiliai\/tetsuhiro-kd-santoku-170-mm-kd-861-virtuvinis-peilis\/","og_locale":"en_US","og_type":"article","og_title":"Tetsuhiro KD Santoku 170 mm [KD-861] virtuvinis peilis - Cookking.online","og_description":"Tetsuhiro KD Santoku 170 mm virtuvinis peilis Santoku yra labai b\u016bdingas Japonijos virtuv\u0117s peilis. Charakteristin\u0117, \u017eemoje pad\u0117tyje esanti vir\u0161\u016bn\u0117, stipriai...","og_url":"https:\/\/cookking.online\/en\/katalogas\/peiliai\/tetsuhiro-kd-santoku-170-mm-kd-861-virtuvinis-peilis\/","og_site_name":"Cookking.online","article_modified_time":"2026-03-10T10:12:00+00:00","og_image":[{"width":1180,"height":690,"url":"https:\/\/cookking.online\/wp-content\/uploads\/2026\/03\/14203_1.png","type":"image\/png"}],"twitter_card":"summary_large_image","twitter_misc":{"Est. reading time":"1 minute"},"schema":{"@context":"https:\/\/schema.org","@graph":[{"@type":"WebPage","@id":"https:\/\/cookking.online\/katalogas\/peiliai\/tetsuhiro-kd-santoku-170-mm-kd-861-virtuvinis-peilis\/","url":"https:\/\/cookking.online\/katalogas\/peiliai\/tetsuhiro-kd-santoku-170-mm-kd-861-virtuvinis-peilis\/","name":"Tetsuhiro KD Santoku 170 mm [KD-861] virtuvinis peilis - Cookking.online","isPartOf":{"@id":"https:\/\/cookking.online\/#website"},"primaryImageOfPage":{"@id":"https:\/\/cookking.online\/katalogas\/peiliai\/tetsuhiro-kd-santoku-170-mm-kd-861-virtuvinis-peilis\/#primaryimage"},"image":{"@id":"https:\/\/cookking.online\/katalogas\/peiliai\/tetsuhiro-kd-santoku-170-mm-kd-861-virtuvinis-peilis\/#primaryimage"},"thumbnailUrl":"https:\/\/cookking.online\/wp-content\/uploads\/2026\/03\/14203_1.png","datePublished":"2026-03-10T10:06:18+00:00","dateModified":"2026-03-10T10:12:00+00:00","description":"Tetsuhiro KD Santoku 170 mm virtuvinis peilis Santoku yra labai b\u016bdingas Japonijos virtuv\u0117s peilis. Charakteristin\u0117, \u017eemoje pad\u0117tyje esanti vir\u0161\u016bn\u0117, stipriai...","breadcrumb":{"@id":"https:\/\/cookking.online\/katalogas\/peiliai\/tetsuhiro-kd-santoku-170-mm-kd-861-virtuvinis-peilis\/#breadcrumb"},"inLanguage":"en-US","potentialAction":[{"@type":"ReadAction","target":["https:\/\/cookking.online\/katalogas\/peiliai\/tetsuhiro-kd-santoku-170-mm-kd-861-virtuvinis-peilis\/"]}]},{"@type":"ImageObject","inLanguage":"en-US","@id":"https:\/\/cookking.online\/katalogas\/peiliai\/tetsuhiro-kd-santoku-170-mm-kd-861-virtuvinis-peilis\/#primaryimage","url":"https:\/\/cookking.online\/wp-content\/uploads\/2026\/03\/14203_1.png","contentUrl":"https:\/\/cookking.online\/wp-content\/uploads\/2026\/03\/14203_1.png","width":1180,"height":690},{"@type":"BreadcrumbList","@id":"https:\/\/cookking.online\/katalogas\/peiliai\/tetsuhiro-kd-santoku-170-mm-kd-861-virtuvinis-peilis\/#breadcrumb","itemListElement":[{"@type":"ListItem","position":1,"name":"Prad\u017eia","item":"https:\/\/cookking.online\/"},{"@type":"ListItem","position":2,"name":"Parduotuv\u0117","item":"https:\/\/cookking.online\/parduotuve\/"},{"@type":"ListItem","position":3,"name":"Tetsuhiro KD Santoku 170 mm [KD-861] virtuvinis peilis"}]},{"@type":"WebSite","@id":"https:\/\/cookking.online\/#website","url":"https:\/\/cookking.online\/","name":"Cookking.online","description":"","publisher":{"@id":"https:\/\/cookking.online\/#organization"},"potentialAction":[{"@type":"SearchAction","target":{"@type":"EntryPoint","urlTemplate":"https:\/\/cookking.online\/?s={search_term_string}"},"query-input":{"@type":"PropertyValueSpecification","valueRequired":true,"valueName":"search_term_string"}}],"inLanguage":"en-US"},{"@type":"Organization","@id":"https:\/\/cookking.online\/#organization","name":"Cookking.online","url":"https:\/\/cookking.online\/","logo":{"@type":"ImageObject","inLanguage":"en-US","@id":"https:\/\/cookking.online\/#\/schema\/logo\/image\/","url":"https:\/\/cookking.online\/wp-content\/uploads\/2021\/11\/Logo.png","contentUrl":"https:\/\/cookking.online\/wp-content\/uploads\/2021\/11\/Logo.png","width":291,"height":100,"caption":"Cookking.online"},"image":{"@id":"https:\/\/cookking.online\/#\/schema\/logo\/image\/"}}]}},"_links":{"self":[{"href":"https:\/\/cookking.online\/en\/wp-json\/wp\/v2\/product\/34597","targetHints":{"allow":["GET"]}}],"collection":[{"href":"https:\/\/cookking.online\/en\/wp-json\/wp\/v2\/product"}],"about":[{"href":"https:\/\/cookking.online\/en\/wp-json\/wp\/v2\/types\/product"}],"wp:featuredmedia":[{"embeddable":true,"href":"https:\/\/cookking.online\/en\/wp-json\/wp\/v2\/media\/34563"}],"wp:attachment":[{"href":"https:\/\/cookking.online\/en\/wp-json\/wp\/v2\/media?parent=34597"}],"wp:term":[{"taxonomy":"product_brand","embeddable":true,"href":"https:\/\/cookking.online\/en\/wp-json\/wp\/v2\/product_brand?post=34597"},{"taxonomy":"product_cat","embeddable":true,"href":"https:\/\/cookking.online\/en\/wp-json\/wp\/v2\/product_cat?post=34597"},{"taxonomy":"product_tag","embeddable":true,"href":"https:\/\/cookking.online\/en\/wp-json\/wp\/v2\/product_tag?post=34597"}],"curies":[{"name":"wp","href":"https:\/\/api.w.org\/{rel}","templated":true}]}}