{"id":34600,"date":"2026-03-10T13:06:18","date_gmt":"2026-03-10T10:06:18","guid":{"rendered":"https:\/\/cookking.online\/?post_type=product&#038;p=34600"},"modified":"2026-03-10T13:11:52","modified_gmt":"2026-03-10T10:11:52","slug":"tikrinimo-spaustuku-medija-slctm20-briaunos-astrumui-ismatuoti","status":"publish","type":"product","link":"https:\/\/cookking.online\/en\/katalogas\/peiliai\/tikrinimo-spaustuku-medija-slctm20-briaunos-astrumui-ismatuoti\/","title":{"rendered":"Tikrinimo spaustuk\u0173 medija SLCTM20 briaunos a\u0161trumui i\u0161matuoti"},"content":{"rendered":"<div style=\"flex-direction: column\" class=\"iai-section-b518b711-327c-49dd-a6df-803f52333dbe-description-wrapper\">\n<div style=\"text-align: justify\" class=\"iai-section-b518b711-327c-49dd-a6df-803f52333dbe iai-section-b518b711-327c-49dd-a6df-803f52333dbe-html\">\n<p style=\"text-align: justify\" data-start=\"225\" data-end=\"690\"><strong data-start=\"259\" data-end=\"298\">Bandomosios spausdinimo plok\u0161tel\u0117s [SLCTM20] &#8222;Slice Test Media&#8221;<\/strong> &#8211; specializuota <strong data-start=\"317\" data-end=\"382\">bandomoji med\u017eiaga skirta a\u0161men\u0173 a\u0161trumui ir pjovimo efektyvumui \u012fvertinti<\/strong>, skirta naudoti su <strong data-start=\"438\" data-end=\"453\">E Lab A ir B a\u0161men\u0173 testavimo prietaisais<\/strong> (a\u0161men\u0173 testavimo prietais\u0173 modeliai). D\u0117l unikalios konstrukcijos su <strong data-start=\"511\" data-end=\"564\">horizontaliu pj\u016bviu, kontroliuojan\u010diu pjovimo gyl\u012f<\/strong>, galite tiksliai palyginti a\u0161men\u0173 geb\u0117jim\u0105 atlikti pj\u016bvius ir slicing cut testus. <span class=\"\" data-state=\"closed\"><\/span><\/p>\n<p style=\"text-align: justify\" data-start=\"692\" data-end=\"1535\"><strong data-start=\"695\" data-end=\"719\">Pagrindin\u0117s savyb\u0117s:<\/strong><\/p>\n<ul style=\"text-align: justify\">\n<li data-start=\"692\" data-end=\"1535\"><strong data-start=\"725\" data-end=\"765\">Profesionalios bandomosios plok\u0161tel\u0117s [SLCTM20]<\/strong> &#8211; skirtos tiksliam slicingo testui ir a\u0161men\u0173 a\u0161tumo palyginimui.<\/li>\n<li data-start=\"692\" data-end=\"1535\"><strong data-start=\"890\" data-end=\"930\">Suderinamos su E Lab A ir B testavimo prietaisais<\/strong> &#8211; specialiai sukurtos naudoti su \u0161iais Edge-On-Up testavimo prietais\u0173 modeliais.<\/li>\n<li data-start=\"692\" data-end=\"1535\"><strong data-start=\"1200\" data-end=\"1219\">Atsparus med\u017eiagos<\/strong> &#8211; pagamintos i\u0161 0,25 mm (.010\u2033) storio atpl\u0117\u0161imo atsparaus polimero, u\u017etikrinan\u010dio patikimus testavimo rezultatus.<\/li>\n<li data-start=\"692\" data-end=\"1535\"><strong data-start=\"1378\" data-end=\"1408\">Universalus naudojimas<\/strong> &#8211; idealios slicing cut ir push cut testams atlikti naudojant tinkam\u0105 \u012ftais\u0105.<\/li>\n<li data-start=\"692\" data-end=\"1535\"><!--StartFragment--><strong data-start=\"1051\" data-end=\"1085\">Parduodamos po 50 vnt.<\/strong> &#8211; kiekviena plok\u0161tel\u0117 gali b\u016bti naudojama i\u0161 abiej\u0173 pusi\u0173, taigi galima atlikti net <strong data-start=\"1139\" data-end=\"1155\">100 matavim\u0173<\/strong>.<!--EndFragment--><\/li>\n<\/ul>\n<p style=\"text-align: justify\" data-start=\"1537\" data-end=\"1804\">SLCTM20 plok\u0161tel\u0117s leid\u017eia <strong data-start=\"1588\" data-end=\"1637\">palyginti skirting\u0173 a\u0161men\u0173 (pvz., peili\u0173, pjovimo \u012franki\u0173) pjovimo efektyvum\u0105<\/strong>, suteikdamos papildom\u0173 duomen\u0173 apie a\u0161men\u0173 savybes ir j\u0173 elges\u012f naudojant pjovimo technikas. <span class=\"\" data-state=\"closed\"><\/span><\/p>\n<p style=\"text-align: justify\" data-start=\"1806\" data-end=\"2050\"><strong data-start=\"1809\" data-end=\"1822\">Kam skirta:<\/strong><\/p>\n<ul style=\"text-align: justify\">\n<li data-start=\"1806\" data-end=\"2050\">Dildymo entuziastams ir a\u0161men\u0173 testavimo prietais\u0173 naudotojams,<\/li>\n<li data-start=\"1806\" data-end=\"2050\">Profesional\u016bs dildymo servisai ir a\u0161men\u0173 gamintojai,<\/li>\n<li data-start=\"1806\" data-end=\"2050\">Virtuv\u0117, dirbtuv\u0117s, lauko \u012franga &#8211; visur, kur svarbus \u012franki\u0173 a\u0161trumas,<\/li>\n<li data-start=\"1806\" data-end=\"2050\">Asmenys lyginantys skirtingus dildymo metodus.<\/li>\n<\/ul>\n<p style=\"text-align: justify\"><!--EndFragment--><\/p>\n<\/div>\n<\/div>\n","protected":false},"excerpt":{"rendered":"<p>Bandomosios spausdinimo plok\u0161tel\u0117s [SLCTM20] &#8222;Slice Test Media&#8221; &#8211; specializuota bandomoji med\u017eiaga skirta a\u0161men\u0173 a\u0161trumui ir pjovimo efektyvumui \u012fvertinti, skirta naudoti su E Lab A ir B a\u0161men\u0173 testavimo prietaisais (a\u0161men\u0173&#8230;<\/p>\n","protected":false},"featured_media":34599,"template":"","meta":[],"product_brand":[],"product_cat":[119],"product_tag":[],"class_list":{"0":"post-34600","1":"product","2":"type-product","3":"status-publish","4":"has-post-thumbnail","6":"product_cat-peiliai","8":"first","9":"instock","10":"taxable","11":"shipping-taxable","12":"purchasable","13":"product-type-simple"},"yoast_head":"<!-- This site is optimized with the Yoast SEO plugin v27.3 - https:\/\/yoast.com\/product\/yoast-seo-wordpress\/ -->\n<title>Tikrinimo spaustuk\u0173 medija SLCTM20 briaunos a\u0161trumui i\u0161matuoti - Cookking.online<\/title>\n<meta name=\"description\" content=\"Bandomosios spausdinimo plok\u0161tel\u0117s [SLCTM20] &quot;Slice Test Media&quot; - specializuota bandomoji med\u017eiaga skirta a\u0161men\u0173 a\u0161trumui ir pjovimo efektyvumui \u012fvertinti, s...\" \/>\n<meta name=\"robots\" content=\"index, follow, max-snippet:-1, max-image-preview:large, max-video-preview:-1\" \/>\n<link rel=\"canonical\" href=\"https:\/\/cookking.online\/en\/katalogas\/peiliai\/tikrinimo-spaustuku-medija-slctm20-briaunos-astrumui-ismatuoti\/\" \/>\n<meta property=\"og:locale\" content=\"en_US\" \/>\n<meta property=\"og:type\" content=\"article\" \/>\n<meta property=\"og:title\" content=\"Tikrinimo spaustuk\u0173 medija SLCTM20 briaunos a\u0161trumui i\u0161matuoti - Cookking.online\" \/>\n<meta property=\"og:description\" content=\"Bandomosios spausdinimo plok\u0161tel\u0117s [SLCTM20] &quot;Slice Test Media&quot; - specializuota bandomoji med\u017eiaga skirta a\u0161men\u0173 a\u0161trumui ir pjovimo efektyvumui \u012fvertinti, s...\" \/>\n<meta property=\"og:url\" content=\"https:\/\/cookking.online\/en\/katalogas\/peiliai\/tikrinimo-spaustuku-medija-slctm20-briaunos-astrumui-ismatuoti\/\" \/>\n<meta property=\"og:site_name\" content=\"Cookking.online\" \/>\n<meta property=\"article:modified_time\" content=\"2026-03-10T10:11:52+00:00\" \/>\n<meta property=\"og:image\" content=\"https:\/\/cookking.online\/wp-content\/uploads\/2026\/03\/16652_1.jpg\" \/>\n\t<meta property=\"og:image:width\" content=\"445\" \/>\n\t<meta property=\"og:image:height\" content=\"497\" \/>\n\t<meta property=\"og:image:type\" content=\"image\/jpeg\" \/>\n<meta name=\"twitter:card\" content=\"summary_large_image\" \/>\n<meta name=\"twitter:label1\" content=\"Est. reading time\" \/>\n\t<meta name=\"twitter:data1\" content=\"1 minute\" \/>\n<script type=\"application\/ld+json\" class=\"yoast-schema-graph\">{\"@context\":\"https:\\\/\\\/schema.org\",\"@graph\":[{\"@type\":\"WebPage\",\"@id\":\"https:\\\/\\\/cookking.online\\\/katalogas\\\/peiliai\\\/tikrinimo-spaustuku-medija-slctm20-briaunos-astrumui-ismatuoti\\\/\",\"url\":\"https:\\\/\\\/cookking.online\\\/katalogas\\\/peiliai\\\/tikrinimo-spaustuku-medija-slctm20-briaunos-astrumui-ismatuoti\\\/\",\"name\":\"Tikrinimo spaustuk\u0173 medija SLCTM20 briaunos a\u0161trumui i\u0161matuoti - Cookking.online\",\"isPartOf\":{\"@id\":\"https:\\\/\\\/cookking.online\\\/#website\"},\"primaryImageOfPage\":{\"@id\":\"https:\\\/\\\/cookking.online\\\/katalogas\\\/peiliai\\\/tikrinimo-spaustuku-medija-slctm20-briaunos-astrumui-ismatuoti\\\/#primaryimage\"},\"image\":{\"@id\":\"https:\\\/\\\/cookking.online\\\/katalogas\\\/peiliai\\\/tikrinimo-spaustuku-medija-slctm20-briaunos-astrumui-ismatuoti\\\/#primaryimage\"},\"thumbnailUrl\":\"https:\\\/\\\/cookking.online\\\/wp-content\\\/uploads\\\/2026\\\/03\\\/16652_1.jpg\",\"datePublished\":\"2026-03-10T10:06:18+00:00\",\"dateModified\":\"2026-03-10T10:11:52+00:00\",\"description\":\"Bandomosios spausdinimo plok\u0161tel\u0117s [SLCTM20] \\\"Slice Test Media\\\" - specializuota bandomoji med\u017eiaga skirta a\u0161men\u0173 a\u0161trumui ir pjovimo efektyvumui \u012fvertinti, s...\",\"breadcrumb\":{\"@id\":\"https:\\\/\\\/cookking.online\\\/katalogas\\\/peiliai\\\/tikrinimo-spaustuku-medija-slctm20-briaunos-astrumui-ismatuoti\\\/#breadcrumb\"},\"inLanguage\":\"en-US\",\"potentialAction\":[{\"@type\":\"ReadAction\",\"target\":[\"https:\\\/\\\/cookking.online\\\/katalogas\\\/peiliai\\\/tikrinimo-spaustuku-medija-slctm20-briaunos-astrumui-ismatuoti\\\/\"]}]},{\"@type\":\"ImageObject\",\"inLanguage\":\"en-US\",\"@id\":\"https:\\\/\\\/cookking.online\\\/katalogas\\\/peiliai\\\/tikrinimo-spaustuku-medija-slctm20-briaunos-astrumui-ismatuoti\\\/#primaryimage\",\"url\":\"https:\\\/\\\/cookking.online\\\/wp-content\\\/uploads\\\/2026\\\/03\\\/16652_1.jpg\",\"contentUrl\":\"https:\\\/\\\/cookking.online\\\/wp-content\\\/uploads\\\/2026\\\/03\\\/16652_1.jpg\",\"width\":445,\"height\":497},{\"@type\":\"BreadcrumbList\",\"@id\":\"https:\\\/\\\/cookking.online\\\/katalogas\\\/peiliai\\\/tikrinimo-spaustuku-medija-slctm20-briaunos-astrumui-ismatuoti\\\/#breadcrumb\",\"itemListElement\":[{\"@type\":\"ListItem\",\"position\":1,\"name\":\"Prad\u017eia\",\"item\":\"https:\\\/\\\/cookking.online\\\/\"},{\"@type\":\"ListItem\",\"position\":2,\"name\":\"Parduotuv\u0117\",\"item\":\"https:\\\/\\\/cookking.online\\\/parduotuve\\\/\"},{\"@type\":\"ListItem\",\"position\":3,\"name\":\"Tikrinimo spaustuk\u0173 medija SLCTM20 briaunos a\u0161trumui i\u0161matuoti\"}]},{\"@type\":\"WebSite\",\"@id\":\"https:\\\/\\\/cookking.online\\\/#website\",\"url\":\"https:\\\/\\\/cookking.online\\\/\",\"name\":\"Cookking.online\",\"description\":\"\",\"publisher\":{\"@id\":\"https:\\\/\\\/cookking.online\\\/#organization\"},\"potentialAction\":[{\"@type\":\"SearchAction\",\"target\":{\"@type\":\"EntryPoint\",\"urlTemplate\":\"https:\\\/\\\/cookking.online\\\/?s={search_term_string}\"},\"query-input\":{\"@type\":\"PropertyValueSpecification\",\"valueRequired\":true,\"valueName\":\"search_term_string\"}}],\"inLanguage\":\"en-US\"},{\"@type\":\"Organization\",\"@id\":\"https:\\\/\\\/cookking.online\\\/#organization\",\"name\":\"Cookking.online\",\"url\":\"https:\\\/\\\/cookking.online\\\/\",\"logo\":{\"@type\":\"ImageObject\",\"inLanguage\":\"en-US\",\"@id\":\"https:\\\/\\\/cookking.online\\\/#\\\/schema\\\/logo\\\/image\\\/\",\"url\":\"https:\\\/\\\/cookking.online\\\/wp-content\\\/uploads\\\/2021\\\/11\\\/Logo.png\",\"contentUrl\":\"https:\\\/\\\/cookking.online\\\/wp-content\\\/uploads\\\/2021\\\/11\\\/Logo.png\",\"width\":291,\"height\":100,\"caption\":\"Cookking.online\"},\"image\":{\"@id\":\"https:\\\/\\\/cookking.online\\\/#\\\/schema\\\/logo\\\/image\\\/\"}}]}<\/script>\n<!-- \/ Yoast SEO plugin. -->","yoast_head_json":{"title":"Tikrinimo spaustuk\u0173 medija SLCTM20 briaunos a\u0161trumui i\u0161matuoti - Cookking.online","description":"Bandomosios spausdinimo plok\u0161tel\u0117s [SLCTM20] \"Slice Test Media\" - specializuota bandomoji med\u017eiaga skirta a\u0161men\u0173 a\u0161trumui ir pjovimo efektyvumui \u012fvertinti, s...","robots":{"index":"index","follow":"follow","max-snippet":"max-snippet:-1","max-image-preview":"max-image-preview:large","max-video-preview":"max-video-preview:-1"},"canonical":"https:\/\/cookking.online\/en\/katalogas\/peiliai\/tikrinimo-spaustuku-medija-slctm20-briaunos-astrumui-ismatuoti\/","og_locale":"en_US","og_type":"article","og_title":"Tikrinimo spaustuk\u0173 medija SLCTM20 briaunos a\u0161trumui i\u0161matuoti - Cookking.online","og_description":"Bandomosios spausdinimo plok\u0161tel\u0117s [SLCTM20] \"Slice Test Media\" - specializuota bandomoji med\u017eiaga skirta a\u0161men\u0173 a\u0161trumui ir pjovimo efektyvumui \u012fvertinti, s...","og_url":"https:\/\/cookking.online\/en\/katalogas\/peiliai\/tikrinimo-spaustuku-medija-slctm20-briaunos-astrumui-ismatuoti\/","og_site_name":"Cookking.online","article_modified_time":"2026-03-10T10:11:52+00:00","og_image":[{"width":445,"height":497,"url":"https:\/\/cookking.online\/wp-content\/uploads\/2026\/03\/16652_1.jpg","type":"image\/jpeg"}],"twitter_card":"summary_large_image","twitter_misc":{"Est. reading time":"1 minute"},"schema":{"@context":"https:\/\/schema.org","@graph":[{"@type":"WebPage","@id":"https:\/\/cookking.online\/katalogas\/peiliai\/tikrinimo-spaustuku-medija-slctm20-briaunos-astrumui-ismatuoti\/","url":"https:\/\/cookking.online\/katalogas\/peiliai\/tikrinimo-spaustuku-medija-slctm20-briaunos-astrumui-ismatuoti\/","name":"Tikrinimo spaustuk\u0173 medija SLCTM20 briaunos a\u0161trumui i\u0161matuoti - Cookking.online","isPartOf":{"@id":"https:\/\/cookking.online\/#website"},"primaryImageOfPage":{"@id":"https:\/\/cookking.online\/katalogas\/peiliai\/tikrinimo-spaustuku-medija-slctm20-briaunos-astrumui-ismatuoti\/#primaryimage"},"image":{"@id":"https:\/\/cookking.online\/katalogas\/peiliai\/tikrinimo-spaustuku-medija-slctm20-briaunos-astrumui-ismatuoti\/#primaryimage"},"thumbnailUrl":"https:\/\/cookking.online\/wp-content\/uploads\/2026\/03\/16652_1.jpg","datePublished":"2026-03-10T10:06:18+00:00","dateModified":"2026-03-10T10:11:52+00:00","description":"Bandomosios spausdinimo plok\u0161tel\u0117s [SLCTM20] \"Slice Test Media\" - specializuota bandomoji med\u017eiaga skirta a\u0161men\u0173 a\u0161trumui ir pjovimo efektyvumui \u012fvertinti, s...","breadcrumb":{"@id":"https:\/\/cookking.online\/katalogas\/peiliai\/tikrinimo-spaustuku-medija-slctm20-briaunos-astrumui-ismatuoti\/#breadcrumb"},"inLanguage":"en-US","potentialAction":[{"@type":"ReadAction","target":["https:\/\/cookking.online\/katalogas\/peiliai\/tikrinimo-spaustuku-medija-slctm20-briaunos-astrumui-ismatuoti\/"]}]},{"@type":"ImageObject","inLanguage":"en-US","@id":"https:\/\/cookking.online\/katalogas\/peiliai\/tikrinimo-spaustuku-medija-slctm20-briaunos-astrumui-ismatuoti\/#primaryimage","url":"https:\/\/cookking.online\/wp-content\/uploads\/2026\/03\/16652_1.jpg","contentUrl":"https:\/\/cookking.online\/wp-content\/uploads\/2026\/03\/16652_1.jpg","width":445,"height":497},{"@type":"BreadcrumbList","@id":"https:\/\/cookking.online\/katalogas\/peiliai\/tikrinimo-spaustuku-medija-slctm20-briaunos-astrumui-ismatuoti\/#breadcrumb","itemListElement":[{"@type":"ListItem","position":1,"name":"Prad\u017eia","item":"https:\/\/cookking.online\/"},{"@type":"ListItem","position":2,"name":"Parduotuv\u0117","item":"https:\/\/cookking.online\/parduotuve\/"},{"@type":"ListItem","position":3,"name":"Tikrinimo spaustuk\u0173 medija SLCTM20 briaunos a\u0161trumui i\u0161matuoti"}]},{"@type":"WebSite","@id":"https:\/\/cookking.online\/#website","url":"https:\/\/cookking.online\/","name":"Cookking.online","description":"","publisher":{"@id":"https:\/\/cookking.online\/#organization"},"potentialAction":[{"@type":"SearchAction","target":{"@type":"EntryPoint","urlTemplate":"https:\/\/cookking.online\/?s={search_term_string}"},"query-input":{"@type":"PropertyValueSpecification","valueRequired":true,"valueName":"search_term_string"}}],"inLanguage":"en-US"},{"@type":"Organization","@id":"https:\/\/cookking.online\/#organization","name":"Cookking.online","url":"https:\/\/cookking.online\/","logo":{"@type":"ImageObject","inLanguage":"en-US","@id":"https:\/\/cookking.online\/#\/schema\/logo\/image\/","url":"https:\/\/cookking.online\/wp-content\/uploads\/2021\/11\/Logo.png","contentUrl":"https:\/\/cookking.online\/wp-content\/uploads\/2021\/11\/Logo.png","width":291,"height":100,"caption":"Cookking.online"},"image":{"@id":"https:\/\/cookking.online\/#\/schema\/logo\/image\/"}}]}},"_links":{"self":[{"href":"https:\/\/cookking.online\/en\/wp-json\/wp\/v2\/product\/34600","targetHints":{"allow":["GET"]}}],"collection":[{"href":"https:\/\/cookking.online\/en\/wp-json\/wp\/v2\/product"}],"about":[{"href":"https:\/\/cookking.online\/en\/wp-json\/wp\/v2\/types\/product"}],"wp:featuredmedia":[{"embeddable":true,"href":"https:\/\/cookking.online\/en\/wp-json\/wp\/v2\/media\/34599"}],"wp:attachment":[{"href":"https:\/\/cookking.online\/en\/wp-json\/wp\/v2\/media?parent=34600"}],"wp:term":[{"taxonomy":"product_brand","embeddable":true,"href":"https:\/\/cookking.online\/en\/wp-json\/wp\/v2\/product_brand?post=34600"},{"taxonomy":"product_cat","embeddable":true,"href":"https:\/\/cookking.online\/en\/wp-json\/wp\/v2\/product_cat?post=34600"},{"taxonomy":"product_tag","embeddable":true,"href":"https:\/\/cookking.online\/en\/wp-json\/wp\/v2\/product_tag?post=34600"}],"curies":[{"name":"wp","href":"https:\/\/api.w.org\/{rel}","templated":true}]}}