{"id":34621,"date":"2026-03-10T13:06:19","date_gmt":"2026-03-10T10:06:19","guid":{"rendered":"https:\/\/cookking.online\/?post_type=product&#038;p=34621"},"modified":"2026-03-10T13:11:18","modified_gmt":"2026-03-10T10:11:18","slug":"kanetsugu-saiun-virejo-peilis-200-mm-kn-9005","status":"publish","type":"product","link":"https:\/\/cookking.online\/en\/katalogas\/peiliai\/kanetsugu-saiun-virejo-peilis-200-mm-kn-9005\/","title":{"rendered":"Kanetsugu SAIUN vir\u0117jo peilis 200 mm [KN-9005]"},"content":{"rendered":"<h1><span style=\"color: #ff0000\">Kanetsugu SAIUN Vir\u0117jo peilis 200 mm<\/span><\/h1>\n<\/p>\n<p align=\"justify\">Vir\u0117jo peilis yra universaliausias a\u0161menys, naudojami tiek profesionalioje, tiek nam\u0173 virtuv\u0117je. J\u012f charakterizuoja ne\u012ftik\u0117tina ergonomika ir a\u0161trumas. Tinkamas ilgis ir a\u0161men\u0173 plotis puikiai tinka tiek pjovimui, tiek smulkinimui. A\u0161menys, sulenkti \u012f stipr\u0173 lank\u0105, skatina \u0161vytuoklinio judesio naudojim\u0105 pjaustant. \u0160is peilis bus tinkamas tiek m\u0117sai, \u017euvims, tiek dar\u017eov\u0117ms pjauti. Da\u017enai tai pirmasis peilis, kur\u012f virtuv\u0117s \u0161efas pasiima ruo\u0161damas patiekalus.<\/p>\n<p style=\"text-align: justify\">\n<h2 style=\"text-align: justify\">Charakteristin\u0117s savyb\u0117s.<\/h2>\n<p align=\"justify\">Kanetsugu \u201eSAIUN&#8221; peili\u0173 serija pasi\u017eymi subalansuotu, bet ak\u012f traukian\u010diu dizainu. Damastin\u0117 a\u0161men\u0173 ra\u0161to tema, sudaryta i\u0161 32 plienini\u0173 sluoksni\u0173, sukalto ant \u201eVG-10&#8243; lydin\u010dio branduolio, yra tai, k\u0105 m\u0117gsta japonini\u0173 peili\u0173 entuziastai. Be to, a\u0161menys u\u017egr\u016bdinti iki 61 HRC pagal special\u0173 \u201esub-zero-treatment&#8221; proces\u0105, kurio metu a\u0161menys atv\u0117sinami iki -70 \u00b0C terminio apdirbimo metu. D\u0117l to \u201eSAIUN&#8221; serijos a\u0161menys turi didesn\u012f pjovimo agresyvum\u0105 ir ilgiau i\u0161laiko a\u0161trum\u0105.<\/p>\n<p align=\"justify\">\n<p align=\"justify\">Retas peili\u0173 apdailos b\u016bdas, panaudotas \u201eSAIUN&#8221; serijos peili\u0173, yra \u201eHamaguri&#8221;, arba vadinamasis \u201ekriauklel\u0117s kra\u0161tas&#8221;. Tai yra a\u0161men\u0173 profilio i\u0161kilimas, suteikiantis jiems kriauklel\u0117s form\u0105. \u0160is sud\u0117tingas apdailos procesas, taikomas, be kita ko, samurajo kalavijams, skirtas peili\u0173 a\u0161men\u0173 sustiprinimui, trapumo suma\u017einimui, prisitaikymui prie japoni\u0161kai kirtimo technikai, pjaustom\u0173 produkt\u0173 prilipimo prie a\u0161men\u0173 suma\u017einimui.<\/p>\n<p align=\"justify\">\n<p align=\"justify\">Nuostabi juodos \u201emicartos&#8221; rankena papuo\u0161ta dviem knied\u0117mis ir ry\u0161kiai raudonu \u017eiedu. Pagaminta pagal vakarieti\u0161k\u0105 stilistik\u0105, rankinai poliruota, turi puik\u0173 ir ergonomi\u0161k\u0105 su\u0117mim\u0105, u\u017etikrinant\u012f puiki\u0105 a\u0161men\u0173 kontrol\u0119 pjaunant. Be to, micarta yra <strong>antibakterinis<\/strong> med\u017eiaga, atspari dr\u0117gmei ir lengvai valoma. O metalinis \u017eiedas u\u017ekerta keli\u0105 pjautin\u0173 produkt\u0173 susikaupimui ir palengvina peili\u0173 plovim\u0105.<\/p>\n<p style=\"text-align: justify\">\n<h2 style=\"text-align: justify\">Techniniai duomenys:<\/h2>\n<p style=\"text-align: justify\"><strong>Plieno tipas:<\/strong><span> VG-10<\/span><br \/><strong>Rankenos med\u017eiaga:<\/strong><span> micarta<\/span><br \/><strong>Kietumas:<\/strong><span> +\/- 61 HRC <\/span><br \/><strong>Bendras ilgis:<\/strong><span> 325 mm<\/span><br \/><strong>A\u0161men\u0173 ilgis:<\/strong><span> 200 mm<\/span><br \/><strong>A\u0161men\u0173 plotis:<\/strong><span>  45 mm<\/span><br \/><strong>A\u0161men\u0173 storis:<\/strong><span> apie 2,3 mm<\/span><br \/><strong>Galandimo b\u016bdas:<\/strong><span> dvipusis simetrinis \u0161lifas<\/span><br \/><strong>Svoris:<\/strong><span> apie 220 g<\/span><\/p>","protected":false},"excerpt":{"rendered":"<p>Kanetsugu SAIUN Vir\u0117jo peilis 200 mm Vir\u0117jo peilis yra universaliausias a\u0161menys, naudojami tiek profesionalioje, tiek nam\u0173 virtuv\u0117je. J\u012f charakterizuoja ne\u012ftik\u0117tina ergonomika ir a\u0161trumas. Tinkamas ilgis ir a\u0161men\u0173 plotis puikiai tinka&#8230;<\/p>","protected":false},"featured_media":34601,"template":"","meta":[],"product_brand":[],"product_cat":[119],"product_tag":[],"class_list":{"0":"post-34621","1":"product","2":"type-product","3":"status-publish","4":"has-post-thumbnail","6":"product_cat-peiliai","8":"first","9":"instock","10":"taxable","11":"shipping-taxable","12":"purchasable","13":"product-type-simple"},"yoast_head":"<!-- This site is optimized with the Yoast SEO plugin v27.5 - https:\/\/yoast.com\/product\/yoast-seo-wordpress\/ -->\n<title>Kanetsugu SAIUN vir\u0117jo peilis 200 mm [KN-9005] - Cookking.online<\/title>\n<meta name=\"description\" content=\"Kanetsugu SAIUN Vir\u0117jo peilis 200 mm Vir\u0117jo peilis yra universaliausias a\u0161menys, naudojami tiek profesionalioje, tiek nam\u0173 virtuv\u0117je. J\u012f charakterizuoja ne\u012ft...\" \/>\n<meta name=\"robots\" content=\"index, follow, max-snippet:-1, max-image-preview:large, max-video-preview:-1\" \/>\n<link rel=\"canonical\" href=\"https:\/\/cookking.online\/en\/katalogas\/peiliai\/kanetsugu-saiun-virejo-peilis-200-mm-kn-9005\/\" \/>\n<meta property=\"og:locale\" content=\"en_US\" \/>\n<meta property=\"og:type\" content=\"article\" \/>\n<meta property=\"og:title\" content=\"Kanetsugu SAIUN vir\u0117jo peilis 200 mm [KN-9005] - Cookking.online\" \/>\n<meta property=\"og:description\" content=\"Kanetsugu SAIUN Vir\u0117jo peilis 200 mm Vir\u0117jo peilis yra universaliausias a\u0161menys, naudojami tiek profesionalioje, tiek nam\u0173 virtuv\u0117je. J\u012f charakterizuoja ne\u012ft...\" \/>\n<meta property=\"og:url\" content=\"https:\/\/cookking.online\/en\/katalogas\/peiliai\/kanetsugu-saiun-virejo-peilis-200-mm-kn-9005\/\" \/>\n<meta property=\"og:site_name\" content=\"Cookking.online\" \/>\n<meta property=\"article:modified_time\" content=\"2026-03-10T10:11:18+00:00\" \/>\n<meta property=\"og:image\" content=\"https:\/\/cookking.online\/wp-content\/uploads\/2026\/03\/14243_1-1.jpg\" \/>\n\t<meta property=\"og:image:width\" content=\"1600\" \/>\n\t<meta property=\"og:image:height\" content=\"1600\" \/>\n\t<meta property=\"og:image:type\" content=\"image\/jpeg\" \/>\n<meta name=\"twitter:card\" content=\"summary_large_image\" \/>\n<meta name=\"twitter:label1\" content=\"Est. reading time\" \/>\n\t<meta name=\"twitter:data1\" content=\"2 minutes\" \/>\n<script type=\"application\/ld+json\" class=\"yoast-schema-graph\">{\"@context\":\"https:\\\/\\\/schema.org\",\"@graph\":[{\"@type\":\"WebPage\",\"@id\":\"https:\\\/\\\/cookking.online\\\/katalogas\\\/peiliai\\\/kanetsugu-saiun-virejo-peilis-200-mm-kn-9005\\\/\",\"url\":\"https:\\\/\\\/cookking.online\\\/katalogas\\\/peiliai\\\/kanetsugu-saiun-virejo-peilis-200-mm-kn-9005\\\/\",\"name\":\"Kanetsugu SAIUN vir\u0117jo peilis 200 mm [KN-9005] - Cookking.online\",\"isPartOf\":{\"@id\":\"https:\\\/\\\/cookking.online\\\/#website\"},\"primaryImageOfPage\":{\"@id\":\"https:\\\/\\\/cookking.online\\\/katalogas\\\/peiliai\\\/kanetsugu-saiun-virejo-peilis-200-mm-kn-9005\\\/#primaryimage\"},\"image\":{\"@id\":\"https:\\\/\\\/cookking.online\\\/katalogas\\\/peiliai\\\/kanetsugu-saiun-virejo-peilis-200-mm-kn-9005\\\/#primaryimage\"},\"thumbnailUrl\":\"https:\\\/\\\/cookking.online\\\/wp-content\\\/uploads\\\/2026\\\/03\\\/14243_1-1.jpg\",\"datePublished\":\"2026-03-10T10:06:19+00:00\",\"dateModified\":\"2026-03-10T10:11:18+00:00\",\"description\":\"Kanetsugu SAIUN Vir\u0117jo peilis 200 mm Vir\u0117jo peilis yra universaliausias a\u0161menys, naudojami tiek profesionalioje, tiek nam\u0173 virtuv\u0117je. J\u012f charakterizuoja ne\u012ft...\",\"breadcrumb\":{\"@id\":\"https:\\\/\\\/cookking.online\\\/katalogas\\\/peiliai\\\/kanetsugu-saiun-virejo-peilis-200-mm-kn-9005\\\/#breadcrumb\"},\"inLanguage\":\"en-US\",\"potentialAction\":[{\"@type\":\"ReadAction\",\"target\":[\"https:\\\/\\\/cookking.online\\\/katalogas\\\/peiliai\\\/kanetsugu-saiun-virejo-peilis-200-mm-kn-9005\\\/\"]}]},{\"@type\":\"ImageObject\",\"inLanguage\":\"en-US\",\"@id\":\"https:\\\/\\\/cookking.online\\\/katalogas\\\/peiliai\\\/kanetsugu-saiun-virejo-peilis-200-mm-kn-9005\\\/#primaryimage\",\"url\":\"https:\\\/\\\/cookking.online\\\/wp-content\\\/uploads\\\/2026\\\/03\\\/14243_1-1.jpg\",\"contentUrl\":\"https:\\\/\\\/cookking.online\\\/wp-content\\\/uploads\\\/2026\\\/03\\\/14243_1-1.jpg\",\"width\":1600,\"height\":1600},{\"@type\":\"BreadcrumbList\",\"@id\":\"https:\\\/\\\/cookking.online\\\/katalogas\\\/peiliai\\\/kanetsugu-saiun-virejo-peilis-200-mm-kn-9005\\\/#breadcrumb\",\"itemListElement\":[{\"@type\":\"ListItem\",\"position\":1,\"name\":\"Prad\u017eia\",\"item\":\"https:\\\/\\\/cookking.online\\\/\"},{\"@type\":\"ListItem\",\"position\":2,\"name\":\"Parduotuv\u0117\",\"item\":\"https:\\\/\\\/cookking.online\\\/parduotuve\\\/\"},{\"@type\":\"ListItem\",\"position\":3,\"name\":\"Kanetsugu SAIUN vir\u0117jo peilis 200 mm [KN-9005]\"}]},{\"@type\":\"WebSite\",\"@id\":\"https:\\\/\\\/cookking.online\\\/#website\",\"url\":\"https:\\\/\\\/cookking.online\\\/\",\"name\":\"Cookking.online\",\"description\":\"\",\"publisher\":{\"@id\":\"https:\\\/\\\/cookking.online\\\/#organization\"},\"potentialAction\":[{\"@type\":\"SearchAction\",\"target\":{\"@type\":\"EntryPoint\",\"urlTemplate\":\"https:\\\/\\\/cookking.online\\\/?s={search_term_string}\"},\"query-input\":{\"@type\":\"PropertyValueSpecification\",\"valueRequired\":true,\"valueName\":\"search_term_string\"}}],\"inLanguage\":\"en-US\"},{\"@type\":\"Organization\",\"@id\":\"https:\\\/\\\/cookking.online\\\/#organization\",\"name\":\"Cookking.online\",\"url\":\"https:\\\/\\\/cookking.online\\\/\",\"logo\":{\"@type\":\"ImageObject\",\"inLanguage\":\"en-US\",\"@id\":\"https:\\\/\\\/cookking.online\\\/#\\\/schema\\\/logo\\\/image\\\/\",\"url\":\"https:\\\/\\\/cookking.online\\\/wp-content\\\/uploads\\\/2021\\\/11\\\/Logo.png\",\"contentUrl\":\"https:\\\/\\\/cookking.online\\\/wp-content\\\/uploads\\\/2021\\\/11\\\/Logo.png\",\"width\":291,\"height\":100,\"caption\":\"Cookking.online\"},\"image\":{\"@id\":\"https:\\\/\\\/cookking.online\\\/#\\\/schema\\\/logo\\\/image\\\/\"}}]}<\/script>\n<!-- \/ Yoast SEO plugin. -->","yoast_head_json":{"title":"Kanetsugu SAIUN vir\u0117jo peilis 200 mm [KN-9005] - Cookking.online","description":"Kanetsugu SAIUN Vir\u0117jo peilis 200 mm Vir\u0117jo peilis yra universaliausias a\u0161menys, naudojami tiek profesionalioje, tiek nam\u0173 virtuv\u0117je. J\u012f charakterizuoja ne\u012ft...","robots":{"index":"index","follow":"follow","max-snippet":"max-snippet:-1","max-image-preview":"max-image-preview:large","max-video-preview":"max-video-preview:-1"},"canonical":"https:\/\/cookking.online\/en\/katalogas\/peiliai\/kanetsugu-saiun-virejo-peilis-200-mm-kn-9005\/","og_locale":"en_US","og_type":"article","og_title":"Kanetsugu SAIUN vir\u0117jo peilis 200 mm [KN-9005] - Cookking.online","og_description":"Kanetsugu SAIUN Vir\u0117jo peilis 200 mm Vir\u0117jo peilis yra universaliausias a\u0161menys, naudojami tiek profesionalioje, tiek nam\u0173 virtuv\u0117je. J\u012f charakterizuoja ne\u012ft...","og_url":"https:\/\/cookking.online\/en\/katalogas\/peiliai\/kanetsugu-saiun-virejo-peilis-200-mm-kn-9005\/","og_site_name":"Cookking.online","article_modified_time":"2026-03-10T10:11:18+00:00","og_image":[{"width":1600,"height":1600,"url":"https:\/\/cookking.online\/wp-content\/uploads\/2026\/03\/14243_1-1.jpg","type":"image\/jpeg"}],"twitter_card":"summary_large_image","twitter_misc":{"Est. reading time":"2 minutes"},"schema":{"@context":"https:\/\/schema.org","@graph":[{"@type":"WebPage","@id":"https:\/\/cookking.online\/katalogas\/peiliai\/kanetsugu-saiun-virejo-peilis-200-mm-kn-9005\/","url":"https:\/\/cookking.online\/katalogas\/peiliai\/kanetsugu-saiun-virejo-peilis-200-mm-kn-9005\/","name":"Kanetsugu SAIUN vir\u0117jo peilis 200 mm [KN-9005] - Cookking.online","isPartOf":{"@id":"https:\/\/cookking.online\/#website"},"primaryImageOfPage":{"@id":"https:\/\/cookking.online\/katalogas\/peiliai\/kanetsugu-saiun-virejo-peilis-200-mm-kn-9005\/#primaryimage"},"image":{"@id":"https:\/\/cookking.online\/katalogas\/peiliai\/kanetsugu-saiun-virejo-peilis-200-mm-kn-9005\/#primaryimage"},"thumbnailUrl":"https:\/\/cookking.online\/wp-content\/uploads\/2026\/03\/14243_1-1.jpg","datePublished":"2026-03-10T10:06:19+00:00","dateModified":"2026-03-10T10:11:18+00:00","description":"Kanetsugu SAIUN Vir\u0117jo peilis 200 mm Vir\u0117jo peilis yra universaliausias a\u0161menys, naudojami tiek profesionalioje, tiek nam\u0173 virtuv\u0117je. J\u012f charakterizuoja ne\u012ft...","breadcrumb":{"@id":"https:\/\/cookking.online\/katalogas\/peiliai\/kanetsugu-saiun-virejo-peilis-200-mm-kn-9005\/#breadcrumb"},"inLanguage":"en-US","potentialAction":[{"@type":"ReadAction","target":["https:\/\/cookking.online\/katalogas\/peiliai\/kanetsugu-saiun-virejo-peilis-200-mm-kn-9005\/"]}]},{"@type":"ImageObject","inLanguage":"en-US","@id":"https:\/\/cookking.online\/katalogas\/peiliai\/kanetsugu-saiun-virejo-peilis-200-mm-kn-9005\/#primaryimage","url":"https:\/\/cookking.online\/wp-content\/uploads\/2026\/03\/14243_1-1.jpg","contentUrl":"https:\/\/cookking.online\/wp-content\/uploads\/2026\/03\/14243_1-1.jpg","width":1600,"height":1600},{"@type":"BreadcrumbList","@id":"https:\/\/cookking.online\/katalogas\/peiliai\/kanetsugu-saiun-virejo-peilis-200-mm-kn-9005\/#breadcrumb","itemListElement":[{"@type":"ListItem","position":1,"name":"Prad\u017eia","item":"https:\/\/cookking.online\/"},{"@type":"ListItem","position":2,"name":"Parduotuv\u0117","item":"https:\/\/cookking.online\/parduotuve\/"},{"@type":"ListItem","position":3,"name":"Kanetsugu SAIUN vir\u0117jo peilis 200 mm [KN-9005]"}]},{"@type":"WebSite","@id":"https:\/\/cookking.online\/#website","url":"https:\/\/cookking.online\/","name":"Cookking.online","description":"","publisher":{"@id":"https:\/\/cookking.online\/#organization"},"potentialAction":[{"@type":"SearchAction","target":{"@type":"EntryPoint","urlTemplate":"https:\/\/cookking.online\/?s={search_term_string}"},"query-input":{"@type":"PropertyValueSpecification","valueRequired":true,"valueName":"search_term_string"}}],"inLanguage":"en-US"},{"@type":"Organization","@id":"https:\/\/cookking.online\/#organization","name":"Cookking.online","url":"https:\/\/cookking.online\/","logo":{"@type":"ImageObject","inLanguage":"en-US","@id":"https:\/\/cookking.online\/#\/schema\/logo\/image\/","url":"https:\/\/cookking.online\/wp-content\/uploads\/2021\/11\/Logo.png","contentUrl":"https:\/\/cookking.online\/wp-content\/uploads\/2021\/11\/Logo.png","width":291,"height":100,"caption":"Cookking.online"},"image":{"@id":"https:\/\/cookking.online\/#\/schema\/logo\/image\/"}}]}},"_links":{"self":[{"href":"https:\/\/cookking.online\/en\/wp-json\/wp\/v2\/product\/34621","targetHints":{"allow":["GET"]}}],"collection":[{"href":"https:\/\/cookking.online\/en\/wp-json\/wp\/v2\/product"}],"about":[{"href":"https:\/\/cookking.online\/en\/wp-json\/wp\/v2\/types\/product"}],"wp:featuredmedia":[{"embeddable":true,"href":"https:\/\/cookking.online\/en\/wp-json\/wp\/v2\/media\/34601"}],"wp:attachment":[{"href":"https:\/\/cookking.online\/en\/wp-json\/wp\/v2\/media?parent=34621"}],"wp:term":[{"taxonomy":"product_brand","embeddable":true,"href":"https:\/\/cookking.online\/en\/wp-json\/wp\/v2\/product_brand?post=34621"},{"taxonomy":"product_cat","embeddable":true,"href":"https:\/\/cookking.online\/en\/wp-json\/wp\/v2\/product_cat?post=34621"},{"taxonomy":"product_tag","embeddable":true,"href":"https:\/\/cookking.online\/en\/wp-json\/wp\/v2\/product_tag?post=34621"}],"curies":[{"name":"wp","href":"https:\/\/api.w.org\/{rel}","templated":true}]}}