{"id":34624,"date":"2026-03-10T13:06:19","date_gmt":"2026-03-10T10:06:19","guid":{"rendered":"https:\/\/cookking.online\/?post_type=product&#038;p=34624"},"modified":"2026-03-10T13:11:26","modified_gmt":"2026-03-10T10:11:26","slug":"pagrindas-bandomiesiems-klipsams-edge-on-up-dcb10-astrumo-tikrinimui","status":"publish","type":"product","link":"https:\/\/cookking.online\/en\/katalogas\/peiliai\/pagrindas-bandomiesiems-klipsams-edge-on-up-dcb10-astrumo-tikrinimui\/","title":{"rendered":"Pagrindas bandomiesiems klipsams Edge On Up DCB10 a\u0161trumo tikrinimui"},"content":{"rendered":"<div style=\"flex-direction: column\" class=\"iai-section-b518b711-327c-49dd-a6df-803f52333dbe-description-wrapper\">\n<div style=\"text-align: justify\" class=\"iai-section-b518b711-327c-49dd-a6df-803f52333dbe iai-section-b518b711-327c-49dd-a6df-803f52333dbe-html\">\n<p style=\"text-align: justify\"><!--StartFragment--><\/p>\n<p style=\"text-align: justify\" data-start=\"219\" data-end=\"751\"><strong data-start=\"253\" data-end=\"339\">Apkabos pagrindas [Clip base DCB10], skirtas naudoti su kintamaisiais bandymo s\u0105var\u017eomis<\/strong>. Tai prakti\u0161kas <strong data-start=\"355\" data-end=\"445\">priedas, suderinamas su a\u0161men\u0173 a\u0161trikliais ir kitais elektroniniais tikrintuvais<\/strong>, leid\u017eiantis greitai ir stabiliai pritvirtinti bandymo s\u0105var\u017ea be papildom\u0173 tvirtinim\u0173. Produktas <strong data-start=\"567\" data-end=\"600\">neturi bandymo s\u0105var\u017e\u0173<\/strong>, bet yra suderinamas su dauguma standartini\u0173 s\u0105var\u017e\u0173, naudojam\u0173 profesionaliuose matavimo \u012frenginiuose. <span class=\"\" data-state=\"closed\"><\/span><\/p>\n<p style=\"text-align: justify\" data-start=\"753\" data-end=\"1402\"><strong data-start=\"756\" data-end=\"781\">Naudojimas ir savyb\u0117s:<\/strong><\/p>\n<ul>\n<li style=\"text-align: justify\" data-start=\"753\" data-end=\"1402\"><strong data-start=\"787\" data-end=\"813\">DCB10 apkabos pagrindas<\/strong> &#8211; naudojamas kaip tvirtinimo priemon\u0117 bandymo s\u0105var\u017eoms, laikan\u010dioms a\u0161menis\/\u012frankius tikrintuvuose.<\/li>\n<li style=\"text-align: justify\" data-start=\"753\" data-end=\"1402\"><strong data-start=\"948\" data-end=\"1018\">Suderinamas su a\u0161men\u0173 tikrintuvais ir kitais elektroniniais tikrintuvais<\/strong> &#8211; puikiai tinka kaip priedas prie matavimo rinkini\u0173 (pvz., Sharp Check PT50A\/B).<\/li>\n<li style=\"text-align: justify\" data-start=\"753\" data-end=\"1402\"><strong data-start=\"1141\" data-end=\"1172\">Lengva montuoti ir keisti<\/strong> &#8211; greitas s\u0105var\u017e\u0173 montavimas ir i\u0161montavimas.<\/li>\n<li style=\"text-align: justify\" data-start=\"753\" data-end=\"1402\"><strong data-start=\"1257\" data-end=\"1287\">Lengva ir tvirta konstrukcija<\/strong> &#8211; solid\u017eios kokyb\u0117s leid\u017eia da\u017enai naudoti dirbtuv\u0117se ir remonto centruose. <span class=\"\" data-state=\"closed\"><\/span><\/li>\n<\/ul>\n<p style=\"text-align: justify\" data-start=\"1404\" data-end=\"1632\"><strong data-start=\"1407\" data-end=\"1420\">Kam skirta:<\/strong><\/p>\n<ul>\n<li style=\"text-align: justify\" data-start=\"1404\" data-end=\"1632\">Profesional\u016bs galandimo servisai<\/li>\n<li style=\"text-align: justify\" data-start=\"1404\" data-end=\"1632\">A\u0161men\u0173 a\u0161trikli\u0173 naudotojai (pvz., Sharp Check)<\/li>\n<li style=\"text-align: justify\" data-start=\"1404\" data-end=\"1632\">\u012eranki\u0173 ir technin\u0117s prie\u017ei\u016bros dirbtuv\u0117s<\/li>\n<li style=\"text-align: justify\" data-start=\"1404\" data-end=\"1632\">Visi, kuriems reikia tikslaus ir stabilaus bandymo s\u0105var\u017e\u0173 tvirtinimo<\/li>\n<\/ul>\n<p style=\"text-align: justify\" data-start=\"1634\" data-end=\"1809\"><strong data-start=\"1637\" data-end=\"1647\">Pastaba:<\/strong> Produktas apima <strong data-start=\"1665\" data-end=\"1700\">tik adapter\u012f (\u201eclip base&#8221;) DCB10<\/strong> &#8211; <strong data-start=\"1703\" data-end=\"1770\">neturi bandymo s\u0105var\u017e\u0173 ar kit\u0173 montavimo pried\u0173<\/strong>.<\/p>\n<p style=\"text-align: justify\"><!--EndFragment--><\/p>\n<\/div>\n<\/div>\n","protected":false},"excerpt":{"rendered":"<p>Apkabos pagrindas [Clip base DCB10], skirtas naudoti su kintamaisiais bandymo s\u0105var\u017eomis. Tai prakti\u0161kas priedas, suderinamas su a\u0161men\u0173 a\u0161trikliais ir kitais elektroniniais tikrintuvais, leid\u017eiantis greitai ir stabiliai pritvirtinti bandymo s\u0105var\u017ea be&#8230;<\/p>\n","protected":false},"featured_media":34623,"template":"","meta":[],"product_brand":[],"product_cat":[119],"product_tag":[],"class_list":{"0":"post-34624","1":"product","2":"type-product","3":"status-publish","4":"has-post-thumbnail","6":"product_cat-peiliai","8":"first","9":"instock","10":"taxable","11":"shipping-taxable","12":"purchasable","13":"product-type-simple"},"yoast_head":"<!-- This site is optimized with the Yoast SEO plugin v27.3 - https:\/\/yoast.com\/product\/yoast-seo-wordpress\/ -->\n<title>Pagrindas bandomiesiems klipsams Edge On Up DCB10 a\u0161trumo tikrinimui - Cookking.online<\/title>\n<meta name=\"description\" content=\"Apkabos pagrindas [Clip base DCB10], skirtas naudoti su kintamaisiais bandymo s\u0105var\u017eomis. Tai prakti\u0161kas priedas, suderinamas su a\u0161men\u0173 a\u0161trikliais ir kitais...\" \/>\n<meta name=\"robots\" content=\"index, follow, max-snippet:-1, max-image-preview:large, max-video-preview:-1\" \/>\n<link rel=\"canonical\" href=\"https:\/\/cookking.online\/en\/katalogas\/peiliai\/pagrindas-bandomiesiems-klipsams-edge-on-up-dcb10-astrumo-tikrinimui\/\" \/>\n<meta property=\"og:locale\" content=\"en_US\" \/>\n<meta property=\"og:type\" content=\"article\" \/>\n<meta property=\"og:title\" content=\"Pagrindas bandomiesiems klipsams Edge On Up DCB10 a\u0161trumo tikrinimui - Cookking.online\" \/>\n<meta property=\"og:description\" content=\"Apkabos pagrindas [Clip base DCB10], skirtas naudoti su kintamaisiais bandymo s\u0105var\u017eomis. Tai prakti\u0161kas priedas, suderinamas su a\u0161men\u0173 a\u0161trikliais ir kitais...\" \/>\n<meta property=\"og:url\" content=\"https:\/\/cookking.online\/en\/katalogas\/peiliai\/pagrindas-bandomiesiems-klipsams-edge-on-up-dcb10-astrumo-tikrinimui\/\" \/>\n<meta property=\"og:site_name\" content=\"Cookking.online\" \/>\n<meta property=\"article:modified_time\" content=\"2026-03-10T10:11:26+00:00\" \/>\n<meta property=\"og:image\" content=\"https:\/\/cookking.online\/wp-content\/uploads\/2026\/03\/16651_1.jpg\" \/>\n\t<meta property=\"og:image:width\" content=\"165\" \/>\n\t<meta property=\"og:image:height\" content=\"157\" \/>\n\t<meta property=\"og:image:type\" content=\"image\/jpeg\" \/>\n<meta name=\"twitter:card\" content=\"summary_large_image\" \/>\n<meta name=\"twitter:label1\" content=\"Est. reading time\" \/>\n\t<meta name=\"twitter:data1\" content=\"1 minute\" \/>\n<script type=\"application\/ld+json\" class=\"yoast-schema-graph\">{\"@context\":\"https:\\\/\\\/schema.org\",\"@graph\":[{\"@type\":\"WebPage\",\"@id\":\"https:\\\/\\\/cookking.online\\\/katalogas\\\/peiliai\\\/pagrindas-bandomiesiems-klipsams-edge-on-up-dcb10-astrumo-tikrinimui\\\/\",\"url\":\"https:\\\/\\\/cookking.online\\\/katalogas\\\/peiliai\\\/pagrindas-bandomiesiems-klipsams-edge-on-up-dcb10-astrumo-tikrinimui\\\/\",\"name\":\"Pagrindas bandomiesiems klipsams Edge On Up DCB10 a\u0161trumo tikrinimui - Cookking.online\",\"isPartOf\":{\"@id\":\"https:\\\/\\\/cookking.online\\\/#website\"},\"primaryImageOfPage\":{\"@id\":\"https:\\\/\\\/cookking.online\\\/katalogas\\\/peiliai\\\/pagrindas-bandomiesiems-klipsams-edge-on-up-dcb10-astrumo-tikrinimui\\\/#primaryimage\"},\"image\":{\"@id\":\"https:\\\/\\\/cookking.online\\\/katalogas\\\/peiliai\\\/pagrindas-bandomiesiems-klipsams-edge-on-up-dcb10-astrumo-tikrinimui\\\/#primaryimage\"},\"thumbnailUrl\":\"https:\\\/\\\/cookking.online\\\/wp-content\\\/uploads\\\/2026\\\/03\\\/16651_1.jpg\",\"datePublished\":\"2026-03-10T10:06:19+00:00\",\"dateModified\":\"2026-03-10T10:11:26+00:00\",\"description\":\"Apkabos pagrindas [Clip base DCB10], skirtas naudoti su kintamaisiais bandymo s\u0105var\u017eomis. Tai prakti\u0161kas priedas, suderinamas su a\u0161men\u0173 a\u0161trikliais ir kitais...\",\"breadcrumb\":{\"@id\":\"https:\\\/\\\/cookking.online\\\/katalogas\\\/peiliai\\\/pagrindas-bandomiesiems-klipsams-edge-on-up-dcb10-astrumo-tikrinimui\\\/#breadcrumb\"},\"inLanguage\":\"en-US\",\"potentialAction\":[{\"@type\":\"ReadAction\",\"target\":[\"https:\\\/\\\/cookking.online\\\/katalogas\\\/peiliai\\\/pagrindas-bandomiesiems-klipsams-edge-on-up-dcb10-astrumo-tikrinimui\\\/\"]}]},{\"@type\":\"ImageObject\",\"inLanguage\":\"en-US\",\"@id\":\"https:\\\/\\\/cookking.online\\\/katalogas\\\/peiliai\\\/pagrindas-bandomiesiems-klipsams-edge-on-up-dcb10-astrumo-tikrinimui\\\/#primaryimage\",\"url\":\"https:\\\/\\\/cookking.online\\\/wp-content\\\/uploads\\\/2026\\\/03\\\/16651_1.jpg\",\"contentUrl\":\"https:\\\/\\\/cookking.online\\\/wp-content\\\/uploads\\\/2026\\\/03\\\/16651_1.jpg\",\"width\":165,\"height\":157},{\"@type\":\"BreadcrumbList\",\"@id\":\"https:\\\/\\\/cookking.online\\\/katalogas\\\/peiliai\\\/pagrindas-bandomiesiems-klipsams-edge-on-up-dcb10-astrumo-tikrinimui\\\/#breadcrumb\",\"itemListElement\":[{\"@type\":\"ListItem\",\"position\":1,\"name\":\"Prad\u017eia\",\"item\":\"https:\\\/\\\/cookking.online\\\/\"},{\"@type\":\"ListItem\",\"position\":2,\"name\":\"Parduotuv\u0117\",\"item\":\"https:\\\/\\\/cookking.online\\\/parduotuve\\\/\"},{\"@type\":\"ListItem\",\"position\":3,\"name\":\"Pagrindas bandomiesiems klipsams Edge On Up DCB10 a\u0161trumo tikrinimui\"}]},{\"@type\":\"WebSite\",\"@id\":\"https:\\\/\\\/cookking.online\\\/#website\",\"url\":\"https:\\\/\\\/cookking.online\\\/\",\"name\":\"Cookking.online\",\"description\":\"\",\"publisher\":{\"@id\":\"https:\\\/\\\/cookking.online\\\/#organization\"},\"potentialAction\":[{\"@type\":\"SearchAction\",\"target\":{\"@type\":\"EntryPoint\",\"urlTemplate\":\"https:\\\/\\\/cookking.online\\\/?s={search_term_string}\"},\"query-input\":{\"@type\":\"PropertyValueSpecification\",\"valueRequired\":true,\"valueName\":\"search_term_string\"}}],\"inLanguage\":\"en-US\"},{\"@type\":\"Organization\",\"@id\":\"https:\\\/\\\/cookking.online\\\/#organization\",\"name\":\"Cookking.online\",\"url\":\"https:\\\/\\\/cookking.online\\\/\",\"logo\":{\"@type\":\"ImageObject\",\"inLanguage\":\"en-US\",\"@id\":\"https:\\\/\\\/cookking.online\\\/#\\\/schema\\\/logo\\\/image\\\/\",\"url\":\"https:\\\/\\\/cookking.online\\\/wp-content\\\/uploads\\\/2021\\\/11\\\/Logo.png\",\"contentUrl\":\"https:\\\/\\\/cookking.online\\\/wp-content\\\/uploads\\\/2021\\\/11\\\/Logo.png\",\"width\":291,\"height\":100,\"caption\":\"Cookking.online\"},\"image\":{\"@id\":\"https:\\\/\\\/cookking.online\\\/#\\\/schema\\\/logo\\\/image\\\/\"}}]}<\/script>\n<!-- \/ Yoast SEO plugin. -->","yoast_head_json":{"title":"Pagrindas bandomiesiems klipsams Edge On Up DCB10 a\u0161trumo tikrinimui - Cookking.online","description":"Apkabos pagrindas [Clip base DCB10], skirtas naudoti su kintamaisiais bandymo s\u0105var\u017eomis. Tai prakti\u0161kas priedas, suderinamas su a\u0161men\u0173 a\u0161trikliais ir kitais...","robots":{"index":"index","follow":"follow","max-snippet":"max-snippet:-1","max-image-preview":"max-image-preview:large","max-video-preview":"max-video-preview:-1"},"canonical":"https:\/\/cookking.online\/en\/katalogas\/peiliai\/pagrindas-bandomiesiems-klipsams-edge-on-up-dcb10-astrumo-tikrinimui\/","og_locale":"en_US","og_type":"article","og_title":"Pagrindas bandomiesiems klipsams Edge On Up DCB10 a\u0161trumo tikrinimui - Cookking.online","og_description":"Apkabos pagrindas [Clip base DCB10], skirtas naudoti su kintamaisiais bandymo s\u0105var\u017eomis. Tai prakti\u0161kas priedas, suderinamas su a\u0161men\u0173 a\u0161trikliais ir kitais...","og_url":"https:\/\/cookking.online\/en\/katalogas\/peiliai\/pagrindas-bandomiesiems-klipsams-edge-on-up-dcb10-astrumo-tikrinimui\/","og_site_name":"Cookking.online","article_modified_time":"2026-03-10T10:11:26+00:00","og_image":[{"width":165,"height":157,"url":"https:\/\/cookking.online\/wp-content\/uploads\/2026\/03\/16651_1.jpg","type":"image\/jpeg"}],"twitter_card":"summary_large_image","twitter_misc":{"Est. reading time":"1 minute"},"schema":{"@context":"https:\/\/schema.org","@graph":[{"@type":"WebPage","@id":"https:\/\/cookking.online\/katalogas\/peiliai\/pagrindas-bandomiesiems-klipsams-edge-on-up-dcb10-astrumo-tikrinimui\/","url":"https:\/\/cookking.online\/katalogas\/peiliai\/pagrindas-bandomiesiems-klipsams-edge-on-up-dcb10-astrumo-tikrinimui\/","name":"Pagrindas bandomiesiems klipsams Edge On Up DCB10 a\u0161trumo tikrinimui - Cookking.online","isPartOf":{"@id":"https:\/\/cookking.online\/#website"},"primaryImageOfPage":{"@id":"https:\/\/cookking.online\/katalogas\/peiliai\/pagrindas-bandomiesiems-klipsams-edge-on-up-dcb10-astrumo-tikrinimui\/#primaryimage"},"image":{"@id":"https:\/\/cookking.online\/katalogas\/peiliai\/pagrindas-bandomiesiems-klipsams-edge-on-up-dcb10-astrumo-tikrinimui\/#primaryimage"},"thumbnailUrl":"https:\/\/cookking.online\/wp-content\/uploads\/2026\/03\/16651_1.jpg","datePublished":"2026-03-10T10:06:19+00:00","dateModified":"2026-03-10T10:11:26+00:00","description":"Apkabos pagrindas [Clip base DCB10], skirtas naudoti su kintamaisiais bandymo s\u0105var\u017eomis. Tai prakti\u0161kas priedas, suderinamas su a\u0161men\u0173 a\u0161trikliais ir kitais...","breadcrumb":{"@id":"https:\/\/cookking.online\/katalogas\/peiliai\/pagrindas-bandomiesiems-klipsams-edge-on-up-dcb10-astrumo-tikrinimui\/#breadcrumb"},"inLanguage":"en-US","potentialAction":[{"@type":"ReadAction","target":["https:\/\/cookking.online\/katalogas\/peiliai\/pagrindas-bandomiesiems-klipsams-edge-on-up-dcb10-astrumo-tikrinimui\/"]}]},{"@type":"ImageObject","inLanguage":"en-US","@id":"https:\/\/cookking.online\/katalogas\/peiliai\/pagrindas-bandomiesiems-klipsams-edge-on-up-dcb10-astrumo-tikrinimui\/#primaryimage","url":"https:\/\/cookking.online\/wp-content\/uploads\/2026\/03\/16651_1.jpg","contentUrl":"https:\/\/cookking.online\/wp-content\/uploads\/2026\/03\/16651_1.jpg","width":165,"height":157},{"@type":"BreadcrumbList","@id":"https:\/\/cookking.online\/katalogas\/peiliai\/pagrindas-bandomiesiems-klipsams-edge-on-up-dcb10-astrumo-tikrinimui\/#breadcrumb","itemListElement":[{"@type":"ListItem","position":1,"name":"Prad\u017eia","item":"https:\/\/cookking.online\/"},{"@type":"ListItem","position":2,"name":"Parduotuv\u0117","item":"https:\/\/cookking.online\/parduotuve\/"},{"@type":"ListItem","position":3,"name":"Pagrindas bandomiesiems klipsams Edge On Up DCB10 a\u0161trumo tikrinimui"}]},{"@type":"WebSite","@id":"https:\/\/cookking.online\/#website","url":"https:\/\/cookking.online\/","name":"Cookking.online","description":"","publisher":{"@id":"https:\/\/cookking.online\/#organization"},"potentialAction":[{"@type":"SearchAction","target":{"@type":"EntryPoint","urlTemplate":"https:\/\/cookking.online\/?s={search_term_string}"},"query-input":{"@type":"PropertyValueSpecification","valueRequired":true,"valueName":"search_term_string"}}],"inLanguage":"en-US"},{"@type":"Organization","@id":"https:\/\/cookking.online\/#organization","name":"Cookking.online","url":"https:\/\/cookking.online\/","logo":{"@type":"ImageObject","inLanguage":"en-US","@id":"https:\/\/cookking.online\/#\/schema\/logo\/image\/","url":"https:\/\/cookking.online\/wp-content\/uploads\/2021\/11\/Logo.png","contentUrl":"https:\/\/cookking.online\/wp-content\/uploads\/2021\/11\/Logo.png","width":291,"height":100,"caption":"Cookking.online"},"image":{"@id":"https:\/\/cookking.online\/#\/schema\/logo\/image\/"}}]}},"_links":{"self":[{"href":"https:\/\/cookking.online\/en\/wp-json\/wp\/v2\/product\/34624","targetHints":{"allow":["GET"]}}],"collection":[{"href":"https:\/\/cookking.online\/en\/wp-json\/wp\/v2\/product"}],"about":[{"href":"https:\/\/cookking.online\/en\/wp-json\/wp\/v2\/types\/product"}],"wp:featuredmedia":[{"embeddable":true,"href":"https:\/\/cookking.online\/en\/wp-json\/wp\/v2\/media\/34623"}],"wp:attachment":[{"href":"https:\/\/cookking.online\/en\/wp-json\/wp\/v2\/media?parent=34624"}],"wp:term":[{"taxonomy":"product_brand","embeddable":true,"href":"https:\/\/cookking.online\/en\/wp-json\/wp\/v2\/product_brand?post=34624"},{"taxonomy":"product_cat","embeddable":true,"href":"https:\/\/cookking.online\/en\/wp-json\/wp\/v2\/product_cat?post=34624"},{"taxonomy":"product_tag","embeddable":true,"href":"https:\/\/cookking.online\/en\/wp-json\/wp\/v2\/product_tag?post=34624"}],"curies":[{"name":"wp","href":"https:\/\/api.w.org\/{rel}","templated":true}]}}