{"id":34626,"date":"2026-03-10T12:18:50","date_gmt":"2026-03-10T09:18:50","guid":{"rendered":"https:\/\/cookking.online\/?post_type=product&#038;p=34626"},"modified":"2026-03-10T13:08:48","modified_gmt":"2026-03-10T10:08:48","slug":"asmenu-astrumo-tikrintojas-edge-on-up-pt50b-professional-elektronine-bess-sistema","status":"publish","type":"product","link":"https:\/\/cookking.online\/en\/katalogas\/peiliai\/asmenu-astrumo-tikrintojas-edge-on-up-pt50b-professional-elektronine-bess-sistema\/","title":{"rendered":"A\u0161men\u0173 a\u0161trumo tikrintojas Edge On Up PT50B Professional elektronin\u0117 BESS sistema"},"content":{"rendered":"<div style=\"flex-direction: column\" class=\"iai-section-b518b711-327c-49dd-a6df-803f52333dbe-description-wrapper\">\n<div style=\"text-align: justify\" class=\"iai-section-b518b711-327c-49dd-a6df-803f52333dbe iai-section-b518b711-327c-49dd-a6df-803f52333dbe-html\">\n<p style=\"text-align: justify\"><!--StartFragment--><\/p>\n<p style=\"text-align: justify\" data-start=\"256\" data-end=\"737\"><span data-start=\"291\" data-end=\"363\">Profesionalus a\u0161men\u0173 a\u0161trum\u0173 testuotojas &#8211; &#8222;Edge-On-Up PT50B Professional&#8221;<\/span>, \u012frankis sukurtas \u017emon\u0117ms, kuriems reikia <strong data-start=\"421\" data-end=\"486\">objektyviai i\u0161matuoti peili\u0173, pjovimo \u012franki\u0173 ir a\u0161men\u0173 a\u0161trum\u0105<\/strong>. \u012erenginys matuoja j\u0117g\u0105 (gramais), reikaling\u0105 sertifikuotai med\u017eiagai perpjauti, leid\u017eiant tiksliai nustatyti a\u0161men\u0173 a\u0161trum\u0105 &#8211; daug tiksliau nei tradiciniai popieriaus ar plauk\u0173 pjovimo metodai. <span class=\"\" data-state=\"closed\"><\/span><\/p>\n<p style=\"text-align: justify\" data-start=\"739\" data-end=\"1525\"><strong data-start=\"743\" data-end=\"767\">Pagrindin\u0117s savyb\u0117s:<\/strong><\/p>\n<ul>\n<li style=\"text-align: justify\" data-start=\"739\" data-end=\"1525\"><strong data-start=\"773\" data-end=\"801\">Tikslus matavimas kas 5 g<\/strong> &#8211; tikslumas, tinkamas profesionalams ir reikliems hobistams.<\/li>\n<li style=\"text-align: justify\" data-start=\"739\" data-end=\"1525\"><strong data-start=\"917\" data-end=\"979\">Sertifikuota BESS (Brubacher Edge Sharpness Scale)<\/strong> metodika &#8211; pasaulinis a\u0161trum\u0173 matavimo standartas.<\/li>\n<li style=\"text-align: justify\" data-start=\"739\" data-end=\"1525\"><strong data-start=\"1061\" data-end=\"1091\">Tvirta plienin\u0117 platforma<\/strong> &#8211; stabil\u016bs matavim\u0173 rezultatai.<\/li>\n<li style=\"text-align: justify\" data-start=\"739\" data-end=\"1525\"><strong data-start=\"1163\" data-end=\"1195\">Paprasta 3 mygtuk\u0173 valdyba<\/strong> &#8211; patogi ir greita naudoti.<\/li>\n<li style=\"text-align: justify\" data-start=\"739\" data-end=\"1525\"><strong data-start=\"1272\" data-end=\"1293\">Lengvas ir ne\u0161iojamas<\/strong> &#8211; idealus dirbtuv\u0117ms, galandimo tarnybai ar darbui lauke.<\/li>\n<li style=\"text-align: justify\" data-start=\"739\" data-end=\"1525\"><strong data-start=\"1400\" data-end=\"1444\">Maitinimas AAA baterijomis (2 vnt. komplekte)<\/strong> &#8211; paruo\u0161tas darbui i\u0161 karto i\u0161pakavus. <span class=\"\" data-state=\"closed\"><\/span><\/li>\n<\/ul>\n<p style=\"text-align: justify\" data-start=\"1527\" data-end=\"1868\"><strong data-start=\"1530\" data-end=\"1545\">Komplektacijoje:<\/strong><\/p>\n<ul>\n<li style=\"text-align: justify\" data-start=\"1527\" data-end=\"1868\">Edge-On-Up PT50B Professional testuoklis<\/li>\n<li style=\"text-align: justify\" data-start=\"1527\" data-end=\"1868\">A\u0161men\u0173 atrama (Fulcrum support)<\/li>\n<li style=\"text-align: justify\" data-start=\"1527\" data-end=\"1868\">Aliuminin\u0117 pagrindin\u0117 plok\u0161t\u0117 ir bandomoji med\u017eiaga<\/li>\n<li style=\"text-align: justify\" data-start=\"1527\" data-end=\"1868\">Nauji prietaisai matavim\u0173 validacijai<\/li>\n<\/ul>\n<p style=\"text-align: justify\" data-start=\"1870\" data-end=\"2174\"><strong data-start=\"1873\" data-end=\"1890\"> <!--StartFragment--><\/strong><\/p>\n<p>\u012erenginys leid\u017eia greitai ir patikimai \u012fvertinti a\u0161men\u0173 a\u0161trum\u0105 <strong data-start=\"1782\" data-end=\"1800\">be sp\u0117liojimo<\/strong> &#8211; rezultatas pateikiamas gramais.<\/p>\n<p style=\"text-align: justify\" data-start=\"1870\" data-end=\"2174\"><strong>Idealus:<\/strong><\/p>\n<ul>\n<li style=\"text-align: justify\" data-start=\"1870\" data-end=\"2174\">profesionalioms galandimo tarnyboms<\/li>\n<li style=\"text-align: justify\" data-start=\"1870\" data-end=\"2174\">peili\u0173 kolekcionieriams ir a\u0161tri\u0173 \u012franki\u0173 entuziastams<\/li>\n<li style=\"text-align: justify\" data-start=\"1870\" data-end=\"2174\">staloriams, skulptoriams, vir\u0117jams ir visiems, kurie pri\u017ei\u016bri tikslius a\u0161menis<\/li>\n<li style=\"text-align: justify\" data-start=\"1870\" data-end=\"2174\">galandimo efektams tikrinti ar \u012fvairi\u0173 metod\u0173 ir \u012franki\u0173 palyginimui<\/li>\n<\/ul>\n<p style=\"text-align: justify\" data-start=\"2176\" data-end=\"2449\">PT50B testuoklis pateikia <strong data-start=\"2217\" data-end=\"2273\">konkre\u010dius skai\u010dius, o ne subjektyvius a\u0161trum\u0173 \u012fvertinimus<\/strong>. Su juo galite palyginti \u012fvairi\u0173 \u012franki\u0173 a\u0161menis, patikrinti galandimo rezultatus ir teikti patikim\u0105 galandimo paslaug\u0105 klientams.<\/p>\n<p style=\"text-align: justify\"><!--EndFragment--><\/p>\n<\/div>\n<\/div>","protected":false},"excerpt":{"rendered":"<p>Profesionalus a\u0161men\u0173 a\u0161trum\u0173 testuotojas &#8211; &#8222;Edge-On-Up PT50B Professional&#8221;, \u012frankis sukurtas \u017emon\u0117ms, kuriems reikia objektyviai i\u0161matuoti peili\u0173, pjovimo \u012franki\u0173 ir a\u0161men\u0173 a\u0161trum\u0105. \u012erenginys matuoja j\u0117g\u0105 (gramais), reikaling\u0105 sertifikuotai med\u017eiagai perpjauti, leid\u017eiant&#8230;<\/p>","protected":false},"featured_media":34625,"template":"","meta":[],"product_brand":[],"product_cat":[119],"product_tag":[],"class_list":{"0":"post-34626","1":"product","2":"type-product","3":"status-publish","4":"has-post-thumbnail","6":"product_cat-peiliai","8":"first","9":"instock","10":"taxable","11":"shipping-taxable","12":"purchasable","13":"product-type-simple"},"yoast_head":"<!-- This site is optimized with the Yoast SEO plugin v27.5 - https:\/\/yoast.com\/product\/yoast-seo-wordpress\/ -->\n<title>A\u0161men\u0173 a\u0161trumo tikrintojas Edge On Up PT50B Professional elektronin\u0117 BESS sistema - Cookking.online<\/title>\n<meta name=\"description\" content=\"Profesionalus a\u0161men\u0173 a\u0161trum\u0173 testuotojas - &quot;Edge-On-Up PT50B Professional&quot;, \u012frankis sukurtas \u017emon\u0117ms, kuriems reikia objektyviai i\u0161matuoti peili\u0173, pjovimo \u012fr...\" \/>\n<meta name=\"robots\" content=\"index, follow, max-snippet:-1, max-image-preview:large, max-video-preview:-1\" \/>\n<link rel=\"canonical\" href=\"https:\/\/cookking.online\/en\/katalogas\/peiliai\/asmenu-astrumo-tikrintojas-edge-on-up-pt50b-professional-elektronine-bess-sistema\/\" \/>\n<meta property=\"og:locale\" content=\"en_US\" \/>\n<meta property=\"og:type\" content=\"article\" \/>\n<meta property=\"og:title\" content=\"A\u0161men\u0173 a\u0161trumo tikrintojas Edge On Up PT50B Professional elektronin\u0117 BESS sistema - Cookking.online\" \/>\n<meta property=\"og:description\" content=\"Profesionalus a\u0161men\u0173 a\u0161trum\u0173 testuotojas - &quot;Edge-On-Up PT50B Professional&quot;, \u012frankis sukurtas \u017emon\u0117ms, kuriems reikia objektyviai i\u0161matuoti peili\u0173, pjovimo \u012fr...\" \/>\n<meta property=\"og:url\" content=\"https:\/\/cookking.online\/en\/katalogas\/peiliai\/asmenu-astrumo-tikrintojas-edge-on-up-pt50b-professional-elektronine-bess-sistema\/\" \/>\n<meta property=\"og:site_name\" content=\"Cookking.online\" \/>\n<meta property=\"article:modified_time\" content=\"2026-03-10T10:08:48+00:00\" \/>\n<meta property=\"og:image\" content=\"https:\/\/cookking.online\/wp-content\/uploads\/2026\/03\/16650_1.jpg\" \/>\n\t<meta property=\"og:image:width\" content=\"459\" \/>\n\t<meta property=\"og:image:height\" content=\"482\" \/>\n\t<meta property=\"og:image:type\" content=\"image\/jpeg\" \/>\n<meta name=\"twitter:card\" content=\"summary_large_image\" \/>\n<meta name=\"twitter:label1\" content=\"Est. reading time\" \/>\n\t<meta name=\"twitter:data1\" content=\"1 minute\" \/>\n<script type=\"application\/ld+json\" class=\"yoast-schema-graph\">{\"@context\":\"https:\\\/\\\/schema.org\",\"@graph\":[{\"@type\":\"WebPage\",\"@id\":\"https:\\\/\\\/cookking.online\\\/katalogas\\\/peiliai\\\/asmenu-astrumo-tikrintojas-edge-on-up-pt50b-professional-elektronine-bess-sistema\\\/\",\"url\":\"https:\\\/\\\/cookking.online\\\/katalogas\\\/peiliai\\\/asmenu-astrumo-tikrintojas-edge-on-up-pt50b-professional-elektronine-bess-sistema\\\/\",\"name\":\"A\u0161men\u0173 a\u0161trumo tikrintojas Edge On Up PT50B Professional elektronin\u0117 BESS sistema - Cookking.online\",\"isPartOf\":{\"@id\":\"https:\\\/\\\/cookking.online\\\/#website\"},\"primaryImageOfPage\":{\"@id\":\"https:\\\/\\\/cookking.online\\\/katalogas\\\/peiliai\\\/asmenu-astrumo-tikrintojas-edge-on-up-pt50b-professional-elektronine-bess-sistema\\\/#primaryimage\"},\"image\":{\"@id\":\"https:\\\/\\\/cookking.online\\\/katalogas\\\/peiliai\\\/asmenu-astrumo-tikrintojas-edge-on-up-pt50b-professional-elektronine-bess-sistema\\\/#primaryimage\"},\"thumbnailUrl\":\"https:\\\/\\\/cookking.online\\\/wp-content\\\/uploads\\\/2026\\\/03\\\/16650_1.jpg\",\"datePublished\":\"2026-03-10T09:18:50+00:00\",\"dateModified\":\"2026-03-10T10:08:48+00:00\",\"description\":\"Profesionalus a\u0161men\u0173 a\u0161trum\u0173 testuotojas - \\\"Edge-On-Up PT50B Professional\\\", \u012frankis sukurtas \u017emon\u0117ms, kuriems reikia objektyviai i\u0161matuoti peili\u0173, pjovimo \u012fr...\",\"breadcrumb\":{\"@id\":\"https:\\\/\\\/cookking.online\\\/katalogas\\\/peiliai\\\/asmenu-astrumo-tikrintojas-edge-on-up-pt50b-professional-elektronine-bess-sistema\\\/#breadcrumb\"},\"inLanguage\":\"en-US\",\"potentialAction\":[{\"@type\":\"ReadAction\",\"target\":[\"https:\\\/\\\/cookking.online\\\/katalogas\\\/peiliai\\\/asmenu-astrumo-tikrintojas-edge-on-up-pt50b-professional-elektronine-bess-sistema\\\/\"]}]},{\"@type\":\"ImageObject\",\"inLanguage\":\"en-US\",\"@id\":\"https:\\\/\\\/cookking.online\\\/katalogas\\\/peiliai\\\/asmenu-astrumo-tikrintojas-edge-on-up-pt50b-professional-elektronine-bess-sistema\\\/#primaryimage\",\"url\":\"https:\\\/\\\/cookking.online\\\/wp-content\\\/uploads\\\/2026\\\/03\\\/16650_1.jpg\",\"contentUrl\":\"https:\\\/\\\/cookking.online\\\/wp-content\\\/uploads\\\/2026\\\/03\\\/16650_1.jpg\",\"width\":459,\"height\":482},{\"@type\":\"BreadcrumbList\",\"@id\":\"https:\\\/\\\/cookking.online\\\/katalogas\\\/peiliai\\\/asmenu-astrumo-tikrintojas-edge-on-up-pt50b-professional-elektronine-bess-sistema\\\/#breadcrumb\",\"itemListElement\":[{\"@type\":\"ListItem\",\"position\":1,\"name\":\"Prad\u017eia\",\"item\":\"https:\\\/\\\/cookking.online\\\/\"},{\"@type\":\"ListItem\",\"position\":2,\"name\":\"Parduotuv\u0117\",\"item\":\"https:\\\/\\\/cookking.online\\\/parduotuve\\\/\"},{\"@type\":\"ListItem\",\"position\":3,\"name\":\"A\u0161men\u0173 a\u0161trumo tikrintojas Edge On Up PT50B Professional elektronin\u0117 BESS sistema\"}]},{\"@type\":\"WebSite\",\"@id\":\"https:\\\/\\\/cookking.online\\\/#website\",\"url\":\"https:\\\/\\\/cookking.online\\\/\",\"name\":\"Cookking.online\",\"description\":\"\",\"publisher\":{\"@id\":\"https:\\\/\\\/cookking.online\\\/#organization\"},\"potentialAction\":[{\"@type\":\"SearchAction\",\"target\":{\"@type\":\"EntryPoint\",\"urlTemplate\":\"https:\\\/\\\/cookking.online\\\/?s={search_term_string}\"},\"query-input\":{\"@type\":\"PropertyValueSpecification\",\"valueRequired\":true,\"valueName\":\"search_term_string\"}}],\"inLanguage\":\"en-US\"},{\"@type\":\"Organization\",\"@id\":\"https:\\\/\\\/cookking.online\\\/#organization\",\"name\":\"Cookking.online\",\"url\":\"https:\\\/\\\/cookking.online\\\/\",\"logo\":{\"@type\":\"ImageObject\",\"inLanguage\":\"en-US\",\"@id\":\"https:\\\/\\\/cookking.online\\\/#\\\/schema\\\/logo\\\/image\\\/\",\"url\":\"https:\\\/\\\/cookking.online\\\/wp-content\\\/uploads\\\/2021\\\/11\\\/Logo.png\",\"contentUrl\":\"https:\\\/\\\/cookking.online\\\/wp-content\\\/uploads\\\/2021\\\/11\\\/Logo.png\",\"width\":291,\"height\":100,\"caption\":\"Cookking.online\"},\"image\":{\"@id\":\"https:\\\/\\\/cookking.online\\\/#\\\/schema\\\/logo\\\/image\\\/\"}}]}<\/script>\n<!-- \/ Yoast SEO plugin. -->","yoast_head_json":{"title":"A\u0161men\u0173 a\u0161trumo tikrintojas Edge On Up PT50B Professional elektronin\u0117 BESS sistema - Cookking.online","description":"Profesionalus a\u0161men\u0173 a\u0161trum\u0173 testuotojas - \"Edge-On-Up PT50B Professional\", \u012frankis sukurtas \u017emon\u0117ms, kuriems reikia objektyviai i\u0161matuoti peili\u0173, pjovimo \u012fr...","robots":{"index":"index","follow":"follow","max-snippet":"max-snippet:-1","max-image-preview":"max-image-preview:large","max-video-preview":"max-video-preview:-1"},"canonical":"https:\/\/cookking.online\/en\/katalogas\/peiliai\/asmenu-astrumo-tikrintojas-edge-on-up-pt50b-professional-elektronine-bess-sistema\/","og_locale":"en_US","og_type":"article","og_title":"A\u0161men\u0173 a\u0161trumo tikrintojas Edge On Up PT50B Professional elektronin\u0117 BESS sistema - Cookking.online","og_description":"Profesionalus a\u0161men\u0173 a\u0161trum\u0173 testuotojas - \"Edge-On-Up PT50B Professional\", \u012frankis sukurtas \u017emon\u0117ms, kuriems reikia objektyviai i\u0161matuoti peili\u0173, pjovimo \u012fr...","og_url":"https:\/\/cookking.online\/en\/katalogas\/peiliai\/asmenu-astrumo-tikrintojas-edge-on-up-pt50b-professional-elektronine-bess-sistema\/","og_site_name":"Cookking.online","article_modified_time":"2026-03-10T10:08:48+00:00","og_image":[{"width":459,"height":482,"url":"https:\/\/cookking.online\/wp-content\/uploads\/2026\/03\/16650_1.jpg","type":"image\/jpeg"}],"twitter_card":"summary_large_image","twitter_misc":{"Est. reading time":"1 minute"},"schema":{"@context":"https:\/\/schema.org","@graph":[{"@type":"WebPage","@id":"https:\/\/cookking.online\/katalogas\/peiliai\/asmenu-astrumo-tikrintojas-edge-on-up-pt50b-professional-elektronine-bess-sistema\/","url":"https:\/\/cookking.online\/katalogas\/peiliai\/asmenu-astrumo-tikrintojas-edge-on-up-pt50b-professional-elektronine-bess-sistema\/","name":"A\u0161men\u0173 a\u0161trumo tikrintojas Edge On Up PT50B Professional elektronin\u0117 BESS sistema - Cookking.online","isPartOf":{"@id":"https:\/\/cookking.online\/#website"},"primaryImageOfPage":{"@id":"https:\/\/cookking.online\/katalogas\/peiliai\/asmenu-astrumo-tikrintojas-edge-on-up-pt50b-professional-elektronine-bess-sistema\/#primaryimage"},"image":{"@id":"https:\/\/cookking.online\/katalogas\/peiliai\/asmenu-astrumo-tikrintojas-edge-on-up-pt50b-professional-elektronine-bess-sistema\/#primaryimage"},"thumbnailUrl":"https:\/\/cookking.online\/wp-content\/uploads\/2026\/03\/16650_1.jpg","datePublished":"2026-03-10T09:18:50+00:00","dateModified":"2026-03-10T10:08:48+00:00","description":"Profesionalus a\u0161men\u0173 a\u0161trum\u0173 testuotojas - \"Edge-On-Up PT50B Professional\", \u012frankis sukurtas \u017emon\u0117ms, kuriems reikia objektyviai i\u0161matuoti peili\u0173, pjovimo \u012fr...","breadcrumb":{"@id":"https:\/\/cookking.online\/katalogas\/peiliai\/asmenu-astrumo-tikrintojas-edge-on-up-pt50b-professional-elektronine-bess-sistema\/#breadcrumb"},"inLanguage":"en-US","potentialAction":[{"@type":"ReadAction","target":["https:\/\/cookking.online\/katalogas\/peiliai\/asmenu-astrumo-tikrintojas-edge-on-up-pt50b-professional-elektronine-bess-sistema\/"]}]},{"@type":"ImageObject","inLanguage":"en-US","@id":"https:\/\/cookking.online\/katalogas\/peiliai\/asmenu-astrumo-tikrintojas-edge-on-up-pt50b-professional-elektronine-bess-sistema\/#primaryimage","url":"https:\/\/cookking.online\/wp-content\/uploads\/2026\/03\/16650_1.jpg","contentUrl":"https:\/\/cookking.online\/wp-content\/uploads\/2026\/03\/16650_1.jpg","width":459,"height":482},{"@type":"BreadcrumbList","@id":"https:\/\/cookking.online\/katalogas\/peiliai\/asmenu-astrumo-tikrintojas-edge-on-up-pt50b-professional-elektronine-bess-sistema\/#breadcrumb","itemListElement":[{"@type":"ListItem","position":1,"name":"Prad\u017eia","item":"https:\/\/cookking.online\/"},{"@type":"ListItem","position":2,"name":"Parduotuv\u0117","item":"https:\/\/cookking.online\/parduotuve\/"},{"@type":"ListItem","position":3,"name":"A\u0161men\u0173 a\u0161trumo tikrintojas Edge On Up PT50B Professional elektronin\u0117 BESS sistema"}]},{"@type":"WebSite","@id":"https:\/\/cookking.online\/#website","url":"https:\/\/cookking.online\/","name":"Cookking.online","description":"","publisher":{"@id":"https:\/\/cookking.online\/#organization"},"potentialAction":[{"@type":"SearchAction","target":{"@type":"EntryPoint","urlTemplate":"https:\/\/cookking.online\/?s={search_term_string}"},"query-input":{"@type":"PropertyValueSpecification","valueRequired":true,"valueName":"search_term_string"}}],"inLanguage":"en-US"},{"@type":"Organization","@id":"https:\/\/cookking.online\/#organization","name":"Cookking.online","url":"https:\/\/cookking.online\/","logo":{"@type":"ImageObject","inLanguage":"en-US","@id":"https:\/\/cookking.online\/#\/schema\/logo\/image\/","url":"https:\/\/cookking.online\/wp-content\/uploads\/2021\/11\/Logo.png","contentUrl":"https:\/\/cookking.online\/wp-content\/uploads\/2021\/11\/Logo.png","width":291,"height":100,"caption":"Cookking.online"},"image":{"@id":"https:\/\/cookking.online\/#\/schema\/logo\/image\/"}}]}},"_links":{"self":[{"href":"https:\/\/cookking.online\/en\/wp-json\/wp\/v2\/product\/34626","targetHints":{"allow":["GET"]}}],"collection":[{"href":"https:\/\/cookking.online\/en\/wp-json\/wp\/v2\/product"}],"about":[{"href":"https:\/\/cookking.online\/en\/wp-json\/wp\/v2\/types\/product"}],"wp:featuredmedia":[{"embeddable":true,"href":"https:\/\/cookking.online\/en\/wp-json\/wp\/v2\/media\/34625"}],"wp:attachment":[{"href":"https:\/\/cookking.online\/en\/wp-json\/wp\/v2\/media?parent=34626"}],"wp:term":[{"taxonomy":"product_brand","embeddable":true,"href":"https:\/\/cookking.online\/en\/wp-json\/wp\/v2\/product_brand?post=34626"},{"taxonomy":"product_cat","embeddable":true,"href":"https:\/\/cookking.online\/en\/wp-json\/wp\/v2\/product_cat?post=34626"},{"taxonomy":"product_tag","embeddable":true,"href":"https:\/\/cookking.online\/en\/wp-json\/wp\/v2\/product_tag?post=34626"}],"curies":[{"name":"wp","href":"https:\/\/api.w.org\/{rel}","templated":true}]}}