{"id":34628,"date":"2026-03-10T12:18:51","date_gmt":"2026-03-10T09:18:51","guid":{"rendered":"https:\/\/cookking.online\/?post_type=product&#038;p=34628"},"modified":"2026-03-10T13:12:56","modified_gmt":"2026-03-10T10:12:56","slug":"astraus-pjuklo-tikrinimas-edge-on-up-sharp-check-pt50a-pramoninis","status":"publish","type":"product","link":"https:\/\/cookking.online\/en\/katalogas\/peiliai\/astraus-pjuklo-tikrinimas-edge-on-up-sharp-check-pt50a-pramoninis\/","title":{"rendered":"A\u0161traus pj\u016bklo tikrinimas &#8222;Edge On Up Sharp Check PT50A&#8221; pramoninis"},"content":{"rendered":"<div style=\"flex-direction: column\" class=\"iai-section-b518b711-327c-49dd-a6df-803f52333dbe-description-wrapper\">\n<div style=\"text-align: justify\" class=\"iai-section-b518b711-327c-49dd-a6df-803f52333dbe iai-section-b518b711-327c-49dd-a6df-803f52333dbe-html\">&nbsp;<!--StartFragment-->Profesionalus a\u0161men\u0173 a\u0161tumo testeris <strong data-start=\"313\" data-end=\"345\">Sharp Check PT50A Industrial<\/strong>, sukurtas amatininkams, \u012franki\u0173 gamintojams, peili\u0173 kolekcionieriams ir a\u0161tryklos paslaugoms. Tai <strong data-start=\"455\" data-end=\"492\">pa\u017eangus matavimo prietaisas<\/strong>, leid\u017eiantis \u012fvertinti, kiek a\u0161tri yra \u012frankio ar peilio briauna &#8211; ne subjektyvia patirtimi, bet d\u0117ka <strong data-start=\"602\" data-end=\"658\">tiksling\u0173, skaitmenini\u0173 pjovimo j\u0117gos matavim\u0173 gramais<\/strong>. <span class=\"\" data-state=\"closed\"><\/span><\/p>\n<p data-start=\"699\" data-end=\"1463\"><strong data-start=\"702\" data-end=\"726\">Pagrindin\u0117s savyb\u0117s:<\/strong><\/p>\n<ul>\n<li data-start=\"699\" data-end=\"1463\"><strong data-start=\"732\" data-end=\"756\">1 g matavimo tikslumas<\/strong> &#8211; itin tiksl\u016bs rezultatai d\u0117l labai jautraus jutiklio ir auk\u0161tos rai\u0161kos matavim\u0173.<\/li>\n<li data-start=\"699\" data-end=\"1463\"><strong data-start=\"895\" data-end=\"930\">Greiti rodmenys (25 matavimai\/s)<\/strong> &#8211; nedelsiant gauti a\u0161tumo bandym\u0173 rezultatai.<\/li>\n<li data-start=\"699\" data-end=\"1463\"><strong data-start=\"1015\" data-end=\"1053\">Auk\u0161tos klas\u0117s matavimo platforma<\/strong> i\u0161 plieno &#8211; tvirta ir stabili.<\/li>\n<li data-start=\"699\" data-end=\"1463\"><strong data-start=\"1136\" data-end=\"1161\">Ne\u0161iojama konstrukcija<\/strong> &#8211; lengva, ta\u010diau tvirta, ideali dirbtuv\u0117ms, kokyb\u0117s kontrolei ar mobiliems darbams.<\/li>\n<li data-start=\"699\" data-end=\"1463\"><strong data-start=\"1297\" data-end=\"1341\">Pramoninis ir laboratorinis naudojimas<\/strong> &#8211; \u0161is PT50A modelis yra vienintelis serijos, turintis komercin\u0119\/pramonin\u0119 garantij\u0105. <span class=\"\" data-state=\"closed\"><\/span><\/li>\n<\/ul>\n<p data-start=\"1465\" data-end=\"1762\"><strong data-start=\"1468\" data-end=\"1490\">K\u0105 komplekte rasite:<\/strong><\/p>\n<ul>\n<li data-start=\"1465\" data-end=\"1762\">Testeris Sharp Check PT50A Industrial<\/li>\n<li data-start=\"1465\" data-end=\"1762\">Aliuminio bandymo \u012ftaisas su bandymo terp\u0117<\/li>\n<li data-start=\"1465\" data-end=\"1762\">Pagrindas ir bandymo spaustuvai<\/li>\n<li data-start=\"1465\" data-end=\"1762\">Peilio atrama<\/li>\n<li data-start=\"1465\" data-end=\"1762\">Baterijos (2\u00d7AAA)<br \/><span class=\"\" data-state=\"closed\"><\/span><\/li>\n<\/ul>\n<p data-start=\"1764\" data-end=\"2067\"><strong data-start=\"1767\" data-end=\"1786\">Kam skirtas:<\/strong><br data-start=\"1786\" data-end=\"1789\">\u0160is \u012frankis leid\u017eia <strong data-start=\"1810\" data-end=\"1845\">kiekybi\u0161kai \u012fvertinti a\u0161men\u0173 a\u0161trum\u0105<\/strong>, matuojant j\u0117g\u0105, reikaling\u0105 perkirpti sertifikuot\u0105 bandymo terp\u0119 (BESS). Rezultatas gramais panaikina sp\u0117liojim\u0105 ir subjektyvius \u012fvertinimus &#8211; <em data-start=\"1986\" data-end=\"2002\">kuo ma\u017eesn\u0117 reik\u0161m\u0117<\/em>, tuo a\u0161tresn\u0117 briauna. <span class=\"\" data-state=\"closed\"><\/span><\/p>\n<p data-start=\"2069\" data-end=\"2286\"><strong data-start=\"2073\" data-end=\"2089\">Idealus:<\/strong><\/p>\n<ul>\n<li data-start=\"2069\" data-end=\"2286\">Profesionalioms a\u0161tryklos paslaugoms<\/li>\n<li data-start=\"2069\" data-end=\"2286\">\u012eranki\u0173 dirbtuv\u0117ms ir pramonei<\/li>\n<li data-start=\"2069\" data-end=\"2286\">Peili\u0173 ir pjaunam\u0173j\u0173 \u012franki\u0173 gamintojams<\/li>\n<li data-start=\"2069\" data-end=\"2286\">Kolekcionieriams, norintiems objektyviai \u012fvertinti a\u0161trum\u0105<\/li>\n<\/ul>\n<p data-start=\"2288\" data-end=\"2589\">PT50A produktas si\u016blo <strong data-start=\"2335\" data-end=\"2374\">matavim\u0173 tikslum\u0105 ir pasikartojamum\u0105<\/strong>, kuri\u0173 negali suteikti \u012fprastiniai bandymai (pvz., popierius ar plaukai). D\u0117l to greitai ir efektyviai palyginti \u012fvairi\u0173 a\u0161men\u0173 a\u0161trum\u0105 arba patikrinti j\u016bs\u0173 pa\u010di\u0173 a\u0161trinimo rezultatus.<\/p>\n<p><!--EndFragment--><\/div>\n<\/div>","protected":false},"excerpt":{"rendered":"<p>&nbsp;Profesionalus a\u0161men\u0173 a\u0161tumo testeris Sharp Check PT50A Industrial, sukurtas amatininkams, \u012franki\u0173 gamintojams, peili\u0173 kolekcionieriams ir a\u0161tryklos paslaugoms. Tai pa\u017eangus matavimo prietaisas, leid\u017eiantis \u012fvertinti, kiek a\u0161tri yra \u012frankio ar peilio briauna&#8230;<\/p>","protected":false},"featured_media":34627,"template":"","meta":[],"product_brand":[],"product_cat":[119],"product_tag":[],"class_list":{"0":"post-34628","1":"product","2":"type-product","3":"status-publish","4":"has-post-thumbnail","6":"product_cat-peiliai","8":"first","9":"instock","10":"taxable","11":"shipping-taxable","12":"purchasable","13":"product-type-simple"},"yoast_head":"<!-- This site is optimized with the Yoast SEO plugin v27.5 - https:\/\/yoast.com\/product\/yoast-seo-wordpress\/ -->\n<title>A\u0161traus pj\u016bklo tikrinimas &quot;Edge On Up Sharp Check PT50A&quot; pramoninis - Cookking.online<\/title>\n<meta name=\"description\" content=\"&nbsp;Profesionalus a\u0161men\u0173 a\u0161tumo testeris Sharp Check PT50A Industrial, sukurtas amatininkams, \u012franki\u0173 gamintojams, peili\u0173 kolekcionieriams ir a\u0161tryklos pas...\" \/>\n<meta name=\"robots\" content=\"index, follow, max-snippet:-1, max-image-preview:large, max-video-preview:-1\" \/>\n<link rel=\"canonical\" href=\"https:\/\/cookking.online\/en\/katalogas\/peiliai\/astraus-pjuklo-tikrinimas-edge-on-up-sharp-check-pt50a-pramoninis\/\" \/>\n<meta property=\"og:locale\" content=\"en_US\" \/>\n<meta property=\"og:type\" content=\"article\" \/>\n<meta property=\"og:title\" content=\"A\u0161traus pj\u016bklo tikrinimas &quot;Edge On Up Sharp Check PT50A&quot; pramoninis - Cookking.online\" \/>\n<meta property=\"og:description\" content=\"&nbsp;Profesionalus a\u0161men\u0173 a\u0161tumo testeris Sharp Check PT50A Industrial, sukurtas amatininkams, \u012franki\u0173 gamintojams, peili\u0173 kolekcionieriams ir a\u0161tryklos pas...\" \/>\n<meta property=\"og:url\" content=\"https:\/\/cookking.online\/en\/katalogas\/peiliai\/astraus-pjuklo-tikrinimas-edge-on-up-sharp-check-pt50a-pramoninis\/\" \/>\n<meta property=\"og:site_name\" content=\"Cookking.online\" \/>\n<meta property=\"article:modified_time\" content=\"2026-03-10T10:12:56+00:00\" \/>\n<meta property=\"og:image\" content=\"https:\/\/cookking.online\/wp-content\/uploads\/2026\/03\/16649_1.jpg\" \/>\n\t<meta property=\"og:image:width\" content=\"480\" \/>\n\t<meta property=\"og:image:height\" content=\"483\" \/>\n\t<meta property=\"og:image:type\" content=\"image\/jpeg\" \/>\n<meta name=\"twitter:card\" content=\"summary_large_image\" \/>\n<meta name=\"twitter:label1\" content=\"Est. reading time\" \/>\n\t<meta name=\"twitter:data1\" content=\"1 minute\" \/>\n<script type=\"application\/ld+json\" class=\"yoast-schema-graph\">{\"@context\":\"https:\\\/\\\/schema.org\",\"@graph\":[{\"@type\":\"WebPage\",\"@id\":\"https:\\\/\\\/cookking.online\\\/katalogas\\\/peiliai\\\/astraus-pjuklo-tikrinimas-edge-on-up-sharp-check-pt50a-pramoninis\\\/\",\"url\":\"https:\\\/\\\/cookking.online\\\/katalogas\\\/peiliai\\\/astraus-pjuklo-tikrinimas-edge-on-up-sharp-check-pt50a-pramoninis\\\/\",\"name\":\"A\u0161traus pj\u016bklo tikrinimas \\\"Edge On Up Sharp Check PT50A\\\" pramoninis - Cookking.online\",\"isPartOf\":{\"@id\":\"https:\\\/\\\/cookking.online\\\/#website\"},\"primaryImageOfPage\":{\"@id\":\"https:\\\/\\\/cookking.online\\\/katalogas\\\/peiliai\\\/astraus-pjuklo-tikrinimas-edge-on-up-sharp-check-pt50a-pramoninis\\\/#primaryimage\"},\"image\":{\"@id\":\"https:\\\/\\\/cookking.online\\\/katalogas\\\/peiliai\\\/astraus-pjuklo-tikrinimas-edge-on-up-sharp-check-pt50a-pramoninis\\\/#primaryimage\"},\"thumbnailUrl\":\"https:\\\/\\\/cookking.online\\\/wp-content\\\/uploads\\\/2026\\\/03\\\/16649_1.jpg\",\"datePublished\":\"2026-03-10T09:18:51+00:00\",\"dateModified\":\"2026-03-10T10:12:56+00:00\",\"description\":\"&nbsp;Profesionalus a\u0161men\u0173 a\u0161tumo testeris Sharp Check PT50A Industrial, sukurtas amatininkams, \u012franki\u0173 gamintojams, peili\u0173 kolekcionieriams ir a\u0161tryklos pas...\",\"breadcrumb\":{\"@id\":\"https:\\\/\\\/cookking.online\\\/katalogas\\\/peiliai\\\/astraus-pjuklo-tikrinimas-edge-on-up-sharp-check-pt50a-pramoninis\\\/#breadcrumb\"},\"inLanguage\":\"en-US\",\"potentialAction\":[{\"@type\":\"ReadAction\",\"target\":[\"https:\\\/\\\/cookking.online\\\/katalogas\\\/peiliai\\\/astraus-pjuklo-tikrinimas-edge-on-up-sharp-check-pt50a-pramoninis\\\/\"]}]},{\"@type\":\"ImageObject\",\"inLanguage\":\"en-US\",\"@id\":\"https:\\\/\\\/cookking.online\\\/katalogas\\\/peiliai\\\/astraus-pjuklo-tikrinimas-edge-on-up-sharp-check-pt50a-pramoninis\\\/#primaryimage\",\"url\":\"https:\\\/\\\/cookking.online\\\/wp-content\\\/uploads\\\/2026\\\/03\\\/16649_1.jpg\",\"contentUrl\":\"https:\\\/\\\/cookking.online\\\/wp-content\\\/uploads\\\/2026\\\/03\\\/16649_1.jpg\",\"width\":480,\"height\":483},{\"@type\":\"BreadcrumbList\",\"@id\":\"https:\\\/\\\/cookking.online\\\/katalogas\\\/peiliai\\\/astraus-pjuklo-tikrinimas-edge-on-up-sharp-check-pt50a-pramoninis\\\/#breadcrumb\",\"itemListElement\":[{\"@type\":\"ListItem\",\"position\":1,\"name\":\"Prad\u017eia\",\"item\":\"https:\\\/\\\/cookking.online\\\/\"},{\"@type\":\"ListItem\",\"position\":2,\"name\":\"Parduotuv\u0117\",\"item\":\"https:\\\/\\\/cookking.online\\\/parduotuve\\\/\"},{\"@type\":\"ListItem\",\"position\":3,\"name\":\"A\u0161traus pj\u016bklo tikrinimas &#8222;Edge On Up Sharp Check PT50A&#8221; pramoninis\"}]},{\"@type\":\"WebSite\",\"@id\":\"https:\\\/\\\/cookking.online\\\/#website\",\"url\":\"https:\\\/\\\/cookking.online\\\/\",\"name\":\"Cookking.online\",\"description\":\"\",\"publisher\":{\"@id\":\"https:\\\/\\\/cookking.online\\\/#organization\"},\"potentialAction\":[{\"@type\":\"SearchAction\",\"target\":{\"@type\":\"EntryPoint\",\"urlTemplate\":\"https:\\\/\\\/cookking.online\\\/?s={search_term_string}\"},\"query-input\":{\"@type\":\"PropertyValueSpecification\",\"valueRequired\":true,\"valueName\":\"search_term_string\"}}],\"inLanguage\":\"en-US\"},{\"@type\":\"Organization\",\"@id\":\"https:\\\/\\\/cookking.online\\\/#organization\",\"name\":\"Cookking.online\",\"url\":\"https:\\\/\\\/cookking.online\\\/\",\"logo\":{\"@type\":\"ImageObject\",\"inLanguage\":\"en-US\",\"@id\":\"https:\\\/\\\/cookking.online\\\/#\\\/schema\\\/logo\\\/image\\\/\",\"url\":\"https:\\\/\\\/cookking.online\\\/wp-content\\\/uploads\\\/2021\\\/11\\\/Logo.png\",\"contentUrl\":\"https:\\\/\\\/cookking.online\\\/wp-content\\\/uploads\\\/2021\\\/11\\\/Logo.png\",\"width\":291,\"height\":100,\"caption\":\"Cookking.online\"},\"image\":{\"@id\":\"https:\\\/\\\/cookking.online\\\/#\\\/schema\\\/logo\\\/image\\\/\"}}]}<\/script>\n<!-- \/ Yoast SEO plugin. -->","yoast_head_json":{"title":"A\u0161traus pj\u016bklo tikrinimas \"Edge On Up Sharp Check PT50A\" pramoninis - Cookking.online","description":"&nbsp;Profesionalus a\u0161men\u0173 a\u0161tumo testeris Sharp Check PT50A Industrial, sukurtas amatininkams, \u012franki\u0173 gamintojams, peili\u0173 kolekcionieriams ir a\u0161tryklos pas...","robots":{"index":"index","follow":"follow","max-snippet":"max-snippet:-1","max-image-preview":"max-image-preview:large","max-video-preview":"max-video-preview:-1"},"canonical":"https:\/\/cookking.online\/en\/katalogas\/peiliai\/astraus-pjuklo-tikrinimas-edge-on-up-sharp-check-pt50a-pramoninis\/","og_locale":"en_US","og_type":"article","og_title":"A\u0161traus pj\u016bklo tikrinimas \"Edge On Up Sharp Check PT50A\" pramoninis - Cookking.online","og_description":"&nbsp;Profesionalus a\u0161men\u0173 a\u0161tumo testeris Sharp Check PT50A Industrial, sukurtas amatininkams, \u012franki\u0173 gamintojams, peili\u0173 kolekcionieriams ir a\u0161tryklos pas...","og_url":"https:\/\/cookking.online\/en\/katalogas\/peiliai\/astraus-pjuklo-tikrinimas-edge-on-up-sharp-check-pt50a-pramoninis\/","og_site_name":"Cookking.online","article_modified_time":"2026-03-10T10:12:56+00:00","og_image":[{"width":480,"height":483,"url":"https:\/\/cookking.online\/wp-content\/uploads\/2026\/03\/16649_1.jpg","type":"image\/jpeg"}],"twitter_card":"summary_large_image","twitter_misc":{"Est. reading time":"1 minute"},"schema":{"@context":"https:\/\/schema.org","@graph":[{"@type":"WebPage","@id":"https:\/\/cookking.online\/katalogas\/peiliai\/astraus-pjuklo-tikrinimas-edge-on-up-sharp-check-pt50a-pramoninis\/","url":"https:\/\/cookking.online\/katalogas\/peiliai\/astraus-pjuklo-tikrinimas-edge-on-up-sharp-check-pt50a-pramoninis\/","name":"A\u0161traus pj\u016bklo tikrinimas \"Edge On Up Sharp Check PT50A\" pramoninis - Cookking.online","isPartOf":{"@id":"https:\/\/cookking.online\/#website"},"primaryImageOfPage":{"@id":"https:\/\/cookking.online\/katalogas\/peiliai\/astraus-pjuklo-tikrinimas-edge-on-up-sharp-check-pt50a-pramoninis\/#primaryimage"},"image":{"@id":"https:\/\/cookking.online\/katalogas\/peiliai\/astraus-pjuklo-tikrinimas-edge-on-up-sharp-check-pt50a-pramoninis\/#primaryimage"},"thumbnailUrl":"https:\/\/cookking.online\/wp-content\/uploads\/2026\/03\/16649_1.jpg","datePublished":"2026-03-10T09:18:51+00:00","dateModified":"2026-03-10T10:12:56+00:00","description":"&nbsp;Profesionalus a\u0161men\u0173 a\u0161tumo testeris Sharp Check PT50A Industrial, sukurtas amatininkams, \u012franki\u0173 gamintojams, peili\u0173 kolekcionieriams ir a\u0161tryklos pas...","breadcrumb":{"@id":"https:\/\/cookking.online\/katalogas\/peiliai\/astraus-pjuklo-tikrinimas-edge-on-up-sharp-check-pt50a-pramoninis\/#breadcrumb"},"inLanguage":"en-US","potentialAction":[{"@type":"ReadAction","target":["https:\/\/cookking.online\/katalogas\/peiliai\/astraus-pjuklo-tikrinimas-edge-on-up-sharp-check-pt50a-pramoninis\/"]}]},{"@type":"ImageObject","inLanguage":"en-US","@id":"https:\/\/cookking.online\/katalogas\/peiliai\/astraus-pjuklo-tikrinimas-edge-on-up-sharp-check-pt50a-pramoninis\/#primaryimage","url":"https:\/\/cookking.online\/wp-content\/uploads\/2026\/03\/16649_1.jpg","contentUrl":"https:\/\/cookking.online\/wp-content\/uploads\/2026\/03\/16649_1.jpg","width":480,"height":483},{"@type":"BreadcrumbList","@id":"https:\/\/cookking.online\/katalogas\/peiliai\/astraus-pjuklo-tikrinimas-edge-on-up-sharp-check-pt50a-pramoninis\/#breadcrumb","itemListElement":[{"@type":"ListItem","position":1,"name":"Prad\u017eia","item":"https:\/\/cookking.online\/"},{"@type":"ListItem","position":2,"name":"Parduotuv\u0117","item":"https:\/\/cookking.online\/parduotuve\/"},{"@type":"ListItem","position":3,"name":"A\u0161traus pj\u016bklo tikrinimas &#8222;Edge On Up Sharp Check PT50A&#8221; pramoninis"}]},{"@type":"WebSite","@id":"https:\/\/cookking.online\/#website","url":"https:\/\/cookking.online\/","name":"Cookking.online","description":"","publisher":{"@id":"https:\/\/cookking.online\/#organization"},"potentialAction":[{"@type":"SearchAction","target":{"@type":"EntryPoint","urlTemplate":"https:\/\/cookking.online\/?s={search_term_string}"},"query-input":{"@type":"PropertyValueSpecification","valueRequired":true,"valueName":"search_term_string"}}],"inLanguage":"en-US"},{"@type":"Organization","@id":"https:\/\/cookking.online\/#organization","name":"Cookking.online","url":"https:\/\/cookking.online\/","logo":{"@type":"ImageObject","inLanguage":"en-US","@id":"https:\/\/cookking.online\/#\/schema\/logo\/image\/","url":"https:\/\/cookking.online\/wp-content\/uploads\/2021\/11\/Logo.png","contentUrl":"https:\/\/cookking.online\/wp-content\/uploads\/2021\/11\/Logo.png","width":291,"height":100,"caption":"Cookking.online"},"image":{"@id":"https:\/\/cookking.online\/#\/schema\/logo\/image\/"}}]}},"_links":{"self":[{"href":"https:\/\/cookking.online\/en\/wp-json\/wp\/v2\/product\/34628","targetHints":{"allow":["GET"]}}],"collection":[{"href":"https:\/\/cookking.online\/en\/wp-json\/wp\/v2\/product"}],"about":[{"href":"https:\/\/cookking.online\/en\/wp-json\/wp\/v2\/types\/product"}],"wp:featuredmedia":[{"embeddable":true,"href":"https:\/\/cookking.online\/en\/wp-json\/wp\/v2\/media\/34627"}],"wp:attachment":[{"href":"https:\/\/cookking.online\/en\/wp-json\/wp\/v2\/media?parent=34628"}],"wp:term":[{"taxonomy":"product_brand","embeddable":true,"href":"https:\/\/cookking.online\/en\/wp-json\/wp\/v2\/product_brand?post=34628"},{"taxonomy":"product_cat","embeddable":true,"href":"https:\/\/cookking.online\/en\/wp-json\/wp\/v2\/product_cat?post=34628"},{"taxonomy":"product_tag","embeddable":true,"href":"https:\/\/cookking.online\/en\/wp-json\/wp\/v2\/product_tag?post=34628"}],"curies":[{"name":"wp","href":"https:\/\/api.w.org\/{rel}","templated":true}]}}