{"id":34650,"date":"2026-03-10T12:18:50","date_gmt":"2026-03-10T09:18:50","guid":{"rendered":"https:\/\/cookking.online\/?post_type=product&#038;p=34650"},"modified":"2026-03-10T13:08:41","modified_gmt":"2026-03-10T10:08:41","slug":"kanetsugu-saiun-santoku-peilis-170-mm-kn-9003-2","status":"publish","type":"product","link":"https:\/\/cookking.online\/en\/katalogas\/peiliai\/kanetsugu-saiun-santoku-peilis-170-mm-kn-9003-2\/","title":{"rendered":"Kanetsugu SAIUN Santoku peilis 170 mm [KN-9003]"},"content":{"rendered":"<h1><span style=\"color: #ff0000\">Kanetsugu SAIUN Santoku 170 mm peilis<\/span><\/h1>\n<\/p>\n<p align=\"justify\">Vienas i\u0161 labiausiai charaktering\u0173 japon\u0173 a\u0161men\u0173. <strong>Santoku<\/strong> yra Europos vir\u0117jo peilio atitikmenys, t.y. itin universalus gele\u017et\u0117. Turi b\u016bding\u0105, \u017eem\u0105 gal\u0105 ir stipriai i\u0161linkusi\u0105 nugarin\u0119 dal\u012f. Plok\u0161tesnis nei vir\u0117jo peilio gele\u017et\u0117 palengvina dar\u017eovi\u0173 pjaustymo, smulkinimo ir kapojimo proces\u0105. Ta\u010diau \u0161is i\u0161vaizda neturi klaidinti. <strong>Santoku<\/strong> galima lygiai taip pat naudoti tiek vegani\u0161kai, tiek vegetari\u0161kai virtuvei, tiek ir m\u0117sai, de\u0161roms ar \u017euvims pjauti.<\/p>\n<p style=\"text-align: justify\">\n<h2 style=\"text-align: justify\">Charakteristin\u0117s savyb\u0117s.<\/h2>\n<p align=\"justify\">Kanetsugu <strong>SAIUN<\/strong> peili\u0173 serija pasi\u017eymi sant\u016bria, ta\u010diau ak\u012f traukian\u010dia stilistika. Damaskinin\u0117 gele\u017et\u0117s ra\u0161tin\u0117, sudaryta i\u0161 32 plienini\u0173 sluoksni\u0173, u\u017egr\u016bdint\u0173 ant <strong>VG-10<\/strong> lydini\u0173 \u0161erdies, yra tai, k\u0105 m\u0117gsta japonini\u0173 peili\u0173 entuziastai. Be to, gele\u017et\u0117 u\u017egr\u016bdinta iki <strong>61 HRC<\/strong> pagal special\u0173 <em>\u201esub-zero-treatment&#8221;<\/em> proces\u0105, rei\u0161kiant\u012f itin greit\u0105 gele\u017et\u0117s atv\u0117sinim\u0105 iki -70 laipsni\u0173 Celsijaus terminio apdorojimo metu. Tod\u0117l <strong>SAIUN<\/strong> serijos a\u0161menys pasi\u017eymi didesniu pjovimo agresyvumu ir ilgiau i\u0161laiko a\u0161trum\u0105.<\/p>\n<p align=\"justify\">\n<p align=\"justify\">Retas peili\u0173 apdailos b\u016bdas, panaudotas <strong>SAIUN<\/strong> serijoje, yra <em>Hamaguri<\/em>, vadinamas <em>\u201ekriauklel\u0117s briauna&#8221;<\/em>. Tai i\u0161kilusi gele\u017et\u0117s profilio dalis, suteikianti jai kriauklel\u0117s form\u0105. \u0160is sud\u0117tingas apdailos procesas taikomas, inter alia, samuraji\u0161kuose karduose ir skirtas virtuviniams a\u0161menims sustiprinti, suma\u017einti j\u0173 trapum\u0105, pritaikyti prie japoni\u0161k\u0173 pjaustymo technik\u0173, suma\u017einti pjaunam\u0173 produkt\u0173 prilipim\u0105 prie gele\u017et\u0117s.<\/p>\n<p align=\"justify\">\n<p align=\"justify\">Gra\u017ei juodos <strong>micartos<\/strong> rankena puo\u0161ta dviem knied\u0117mis ir ry\u0161kiu raudonu \u017eiedu. Pagaminta Vakar\u0173 stilistikoje, rankin\u0117 poliruota rankomis, u\u017etikrina puiki\u0105 kontrol\u0119 pjaunant gele\u017ete. Be to, micarta yra <strong>antibakterinis<\/strong> med\u017eiaga, atspari dr\u0117gmei ir lengvai valoma. O juos vainikuojantis metalinis \u017eiedas apsaugo nuo pjaut\u0173 produkt\u0173 nus\u0117dimo ir palengvina peili\u0173 plovim\u0105.<\/p>\n<p style=\"text-align: justify\">\n<h2 style=\"text-align: justify\">Techniniai duomenys:<\/h2>\n<p style=\"text-align: justify\"><strong>Plieno tipas:<\/strong><span> VG-10<\/span><br \/><strong>Rankenos med\u017eiaga:<\/strong><span> micarta<\/span><br \/><strong>Kietumas:<\/strong><span> +\/- 61 HRC <\/span><br \/><strong>Bendras ilgis:<\/strong><span> 300 mm<\/span><br \/><strong>A\u0161men\u0173 ilgis:<\/strong><span> 170 mm<\/span><br \/><strong>A\u0161men\u0173 plotis:<\/strong><span>  45 mm<\/span><br \/><strong>A\u0161men\u0173 storis:<\/strong><span> apie 2.3 mm<\/span><br \/><strong>A\u0161trinimo b\u016bdas:<\/strong><span> simetri\u0161kas dvipusis \u0161lifavimas<\/span><br \/><strong>Svoris:<\/strong><span> apie 220 g<\/span><\/p>","protected":false},"excerpt":{"rendered":"<p>Kanetsugu SAIUN Santoku 170 mm peilis Vienas i\u0161 labiausiai charaktering\u0173 japon\u0173 a\u0161men\u0173. Santoku yra Europos vir\u0117jo peilio atitikmenys, t.y. itin universalus gele\u017et\u0117. Turi b\u016bding\u0105, \u017eem\u0105 gal\u0105 ir stipriai i\u0161linkusi\u0105 nugarin\u0119&#8230;<\/p>","protected":false},"featured_media":34631,"template":"","meta":[],"product_brand":[],"product_cat":[119],"product_tag":[],"class_list":{"0":"post-34650","1":"product","2":"type-product","3":"status-publish","4":"has-post-thumbnail","6":"product_cat-peiliai","8":"first","9":"instock","10":"taxable","11":"shipping-taxable","12":"purchasable","13":"product-type-simple"},"yoast_head":"<!-- This site is optimized with the Yoast SEO plugin v27.5 - https:\/\/yoast.com\/product\/yoast-seo-wordpress\/ -->\n<title>Kanetsugu SAIUN Santoku peilis 170 mm [KN-9003] - Cookking.online<\/title>\n<meta name=\"description\" content=\"Kanetsugu SAIUN Santoku 170 mm peilis Vienas i\u0161 labiausiai charaktering\u0173 japon\u0173 a\u0161men\u0173. Santoku yra Europos vir\u0117jo peilio atitikmenys, t.y. itin universalus ...\" \/>\n<meta name=\"robots\" content=\"index, follow, max-snippet:-1, max-image-preview:large, max-video-preview:-1\" \/>\n<link rel=\"canonical\" href=\"https:\/\/cookking.online\/en\/katalogas\/peiliai\/kanetsugu-saiun-santoku-peilis-170-mm-kn-9003-2\/\" \/>\n<meta property=\"og:locale\" content=\"en_US\" \/>\n<meta property=\"og:type\" content=\"article\" \/>\n<meta property=\"og:title\" content=\"Kanetsugu SAIUN Santoku peilis 170 mm [KN-9003] - Cookking.online\" \/>\n<meta property=\"og:description\" content=\"Kanetsugu SAIUN Santoku 170 mm peilis Vienas i\u0161 labiausiai charaktering\u0173 japon\u0173 a\u0161men\u0173. Santoku yra Europos vir\u0117jo peilio atitikmenys, t.y. itin universalus ...\" \/>\n<meta property=\"og:url\" content=\"https:\/\/cookking.online\/en\/katalogas\/peiliai\/kanetsugu-saiun-santoku-peilis-170-mm-kn-9003-2\/\" \/>\n<meta property=\"og:site_name\" content=\"Cookking.online\" \/>\n<meta property=\"article:modified_time\" content=\"2026-03-10T10:08:41+00:00\" \/>\n<meta property=\"og:image\" content=\"https:\/\/cookking.online\/wp-content\/uploads\/2026\/03\/14242_1.jpg\" \/>\n\t<meta property=\"og:image:width\" content=\"1600\" \/>\n\t<meta property=\"og:image:height\" content=\"1600\" \/>\n\t<meta property=\"og:image:type\" content=\"image\/jpeg\" \/>\n<meta name=\"twitter:card\" content=\"summary_large_image\" \/>\n<meta name=\"twitter:label1\" content=\"Est. reading time\" \/>\n\t<meta name=\"twitter:data1\" content=\"2 minutes\" \/>\n<script type=\"application\/ld+json\" class=\"yoast-schema-graph\">{\"@context\":\"https:\\\/\\\/schema.org\",\"@graph\":[{\"@type\":\"WebPage\",\"@id\":\"https:\\\/\\\/cookking.online\\\/katalogas\\\/peiliai\\\/kanetsugu-saiun-santoku-peilis-170-mm-kn-9003-2\\\/\",\"url\":\"https:\\\/\\\/cookking.online\\\/katalogas\\\/peiliai\\\/kanetsugu-saiun-santoku-peilis-170-mm-kn-9003-2\\\/\",\"name\":\"Kanetsugu SAIUN Santoku peilis 170 mm [KN-9003] - Cookking.online\",\"isPartOf\":{\"@id\":\"https:\\\/\\\/cookking.online\\\/#website\"},\"primaryImageOfPage\":{\"@id\":\"https:\\\/\\\/cookking.online\\\/katalogas\\\/peiliai\\\/kanetsugu-saiun-santoku-peilis-170-mm-kn-9003-2\\\/#primaryimage\"},\"image\":{\"@id\":\"https:\\\/\\\/cookking.online\\\/katalogas\\\/peiliai\\\/kanetsugu-saiun-santoku-peilis-170-mm-kn-9003-2\\\/#primaryimage\"},\"thumbnailUrl\":\"https:\\\/\\\/cookking.online\\\/wp-content\\\/uploads\\\/2026\\\/03\\\/14242_1.jpg\",\"datePublished\":\"2026-03-10T09:18:50+00:00\",\"dateModified\":\"2026-03-10T10:08:41+00:00\",\"description\":\"Kanetsugu SAIUN Santoku 170 mm peilis Vienas i\u0161 labiausiai charaktering\u0173 japon\u0173 a\u0161men\u0173. Santoku yra Europos vir\u0117jo peilio atitikmenys, t.y. itin universalus ...\",\"breadcrumb\":{\"@id\":\"https:\\\/\\\/cookking.online\\\/katalogas\\\/peiliai\\\/kanetsugu-saiun-santoku-peilis-170-mm-kn-9003-2\\\/#breadcrumb\"},\"inLanguage\":\"en-US\",\"potentialAction\":[{\"@type\":\"ReadAction\",\"target\":[\"https:\\\/\\\/cookking.online\\\/katalogas\\\/peiliai\\\/kanetsugu-saiun-santoku-peilis-170-mm-kn-9003-2\\\/\"]}]},{\"@type\":\"ImageObject\",\"inLanguage\":\"en-US\",\"@id\":\"https:\\\/\\\/cookking.online\\\/katalogas\\\/peiliai\\\/kanetsugu-saiun-santoku-peilis-170-mm-kn-9003-2\\\/#primaryimage\",\"url\":\"https:\\\/\\\/cookking.online\\\/wp-content\\\/uploads\\\/2026\\\/03\\\/14242_1.jpg\",\"contentUrl\":\"https:\\\/\\\/cookking.online\\\/wp-content\\\/uploads\\\/2026\\\/03\\\/14242_1.jpg\",\"width\":1600,\"height\":1600},{\"@type\":\"BreadcrumbList\",\"@id\":\"https:\\\/\\\/cookking.online\\\/katalogas\\\/peiliai\\\/kanetsugu-saiun-santoku-peilis-170-mm-kn-9003-2\\\/#breadcrumb\",\"itemListElement\":[{\"@type\":\"ListItem\",\"position\":1,\"name\":\"Prad\u017eia\",\"item\":\"https:\\\/\\\/cookking.online\\\/\"},{\"@type\":\"ListItem\",\"position\":2,\"name\":\"Parduotuv\u0117\",\"item\":\"https:\\\/\\\/cookking.online\\\/parduotuve\\\/\"},{\"@type\":\"ListItem\",\"position\":3,\"name\":\"Kanetsugu SAIUN Santoku peilis 170 mm [KN-9003]\"}]},{\"@type\":\"WebSite\",\"@id\":\"https:\\\/\\\/cookking.online\\\/#website\",\"url\":\"https:\\\/\\\/cookking.online\\\/\",\"name\":\"Cookking.online\",\"description\":\"\",\"publisher\":{\"@id\":\"https:\\\/\\\/cookking.online\\\/#organization\"},\"potentialAction\":[{\"@type\":\"SearchAction\",\"target\":{\"@type\":\"EntryPoint\",\"urlTemplate\":\"https:\\\/\\\/cookking.online\\\/?s={search_term_string}\"},\"query-input\":{\"@type\":\"PropertyValueSpecification\",\"valueRequired\":true,\"valueName\":\"search_term_string\"}}],\"inLanguage\":\"en-US\"},{\"@type\":\"Organization\",\"@id\":\"https:\\\/\\\/cookking.online\\\/#organization\",\"name\":\"Cookking.online\",\"url\":\"https:\\\/\\\/cookking.online\\\/\",\"logo\":{\"@type\":\"ImageObject\",\"inLanguage\":\"en-US\",\"@id\":\"https:\\\/\\\/cookking.online\\\/#\\\/schema\\\/logo\\\/image\\\/\",\"url\":\"https:\\\/\\\/cookking.online\\\/wp-content\\\/uploads\\\/2021\\\/11\\\/Logo.png\",\"contentUrl\":\"https:\\\/\\\/cookking.online\\\/wp-content\\\/uploads\\\/2021\\\/11\\\/Logo.png\",\"width\":291,\"height\":100,\"caption\":\"Cookking.online\"},\"image\":{\"@id\":\"https:\\\/\\\/cookking.online\\\/#\\\/schema\\\/logo\\\/image\\\/\"}}]}<\/script>\n<!-- \/ Yoast SEO plugin. -->","yoast_head_json":{"title":"Kanetsugu SAIUN Santoku peilis 170 mm [KN-9003] - Cookking.online","description":"Kanetsugu SAIUN Santoku 170 mm peilis Vienas i\u0161 labiausiai charaktering\u0173 japon\u0173 a\u0161men\u0173. Santoku yra Europos vir\u0117jo peilio atitikmenys, t.y. itin universalus ...","robots":{"index":"index","follow":"follow","max-snippet":"max-snippet:-1","max-image-preview":"max-image-preview:large","max-video-preview":"max-video-preview:-1"},"canonical":"https:\/\/cookking.online\/en\/katalogas\/peiliai\/kanetsugu-saiun-santoku-peilis-170-mm-kn-9003-2\/","og_locale":"en_US","og_type":"article","og_title":"Kanetsugu SAIUN Santoku peilis 170 mm [KN-9003] - Cookking.online","og_description":"Kanetsugu SAIUN Santoku 170 mm peilis Vienas i\u0161 labiausiai charaktering\u0173 japon\u0173 a\u0161men\u0173. Santoku yra Europos vir\u0117jo peilio atitikmenys, t.y. itin universalus ...","og_url":"https:\/\/cookking.online\/en\/katalogas\/peiliai\/kanetsugu-saiun-santoku-peilis-170-mm-kn-9003-2\/","og_site_name":"Cookking.online","article_modified_time":"2026-03-10T10:08:41+00:00","og_image":[{"width":1600,"height":1600,"url":"https:\/\/cookking.online\/wp-content\/uploads\/2026\/03\/14242_1.jpg","type":"image\/jpeg"}],"twitter_card":"summary_large_image","twitter_misc":{"Est. reading time":"2 minutes"},"schema":{"@context":"https:\/\/schema.org","@graph":[{"@type":"WebPage","@id":"https:\/\/cookking.online\/katalogas\/peiliai\/kanetsugu-saiun-santoku-peilis-170-mm-kn-9003-2\/","url":"https:\/\/cookking.online\/katalogas\/peiliai\/kanetsugu-saiun-santoku-peilis-170-mm-kn-9003-2\/","name":"Kanetsugu SAIUN Santoku peilis 170 mm [KN-9003] - Cookking.online","isPartOf":{"@id":"https:\/\/cookking.online\/#website"},"primaryImageOfPage":{"@id":"https:\/\/cookking.online\/katalogas\/peiliai\/kanetsugu-saiun-santoku-peilis-170-mm-kn-9003-2\/#primaryimage"},"image":{"@id":"https:\/\/cookking.online\/katalogas\/peiliai\/kanetsugu-saiun-santoku-peilis-170-mm-kn-9003-2\/#primaryimage"},"thumbnailUrl":"https:\/\/cookking.online\/wp-content\/uploads\/2026\/03\/14242_1.jpg","datePublished":"2026-03-10T09:18:50+00:00","dateModified":"2026-03-10T10:08:41+00:00","description":"Kanetsugu SAIUN Santoku 170 mm peilis Vienas i\u0161 labiausiai charaktering\u0173 japon\u0173 a\u0161men\u0173. Santoku yra Europos vir\u0117jo peilio atitikmenys, t.y. itin universalus ...","breadcrumb":{"@id":"https:\/\/cookking.online\/katalogas\/peiliai\/kanetsugu-saiun-santoku-peilis-170-mm-kn-9003-2\/#breadcrumb"},"inLanguage":"en-US","potentialAction":[{"@type":"ReadAction","target":["https:\/\/cookking.online\/katalogas\/peiliai\/kanetsugu-saiun-santoku-peilis-170-mm-kn-9003-2\/"]}]},{"@type":"ImageObject","inLanguage":"en-US","@id":"https:\/\/cookking.online\/katalogas\/peiliai\/kanetsugu-saiun-santoku-peilis-170-mm-kn-9003-2\/#primaryimage","url":"https:\/\/cookking.online\/wp-content\/uploads\/2026\/03\/14242_1.jpg","contentUrl":"https:\/\/cookking.online\/wp-content\/uploads\/2026\/03\/14242_1.jpg","width":1600,"height":1600},{"@type":"BreadcrumbList","@id":"https:\/\/cookking.online\/katalogas\/peiliai\/kanetsugu-saiun-santoku-peilis-170-mm-kn-9003-2\/#breadcrumb","itemListElement":[{"@type":"ListItem","position":1,"name":"Prad\u017eia","item":"https:\/\/cookking.online\/"},{"@type":"ListItem","position":2,"name":"Parduotuv\u0117","item":"https:\/\/cookking.online\/parduotuve\/"},{"@type":"ListItem","position":3,"name":"Kanetsugu SAIUN Santoku peilis 170 mm [KN-9003]"}]},{"@type":"WebSite","@id":"https:\/\/cookking.online\/#website","url":"https:\/\/cookking.online\/","name":"Cookking.online","description":"","publisher":{"@id":"https:\/\/cookking.online\/#organization"},"potentialAction":[{"@type":"SearchAction","target":{"@type":"EntryPoint","urlTemplate":"https:\/\/cookking.online\/?s={search_term_string}"},"query-input":{"@type":"PropertyValueSpecification","valueRequired":true,"valueName":"search_term_string"}}],"inLanguage":"en-US"},{"@type":"Organization","@id":"https:\/\/cookking.online\/#organization","name":"Cookking.online","url":"https:\/\/cookking.online\/","logo":{"@type":"ImageObject","inLanguage":"en-US","@id":"https:\/\/cookking.online\/#\/schema\/logo\/image\/","url":"https:\/\/cookking.online\/wp-content\/uploads\/2021\/11\/Logo.png","contentUrl":"https:\/\/cookking.online\/wp-content\/uploads\/2021\/11\/Logo.png","width":291,"height":100,"caption":"Cookking.online"},"image":{"@id":"https:\/\/cookking.online\/#\/schema\/logo\/image\/"}}]}},"_links":{"self":[{"href":"https:\/\/cookking.online\/en\/wp-json\/wp\/v2\/product\/34650","targetHints":{"allow":["GET"]}}],"collection":[{"href":"https:\/\/cookking.online\/en\/wp-json\/wp\/v2\/product"}],"about":[{"href":"https:\/\/cookking.online\/en\/wp-json\/wp\/v2\/types\/product"}],"wp:featuredmedia":[{"embeddable":true,"href":"https:\/\/cookking.online\/en\/wp-json\/wp\/v2\/media\/34631"}],"wp:attachment":[{"href":"https:\/\/cookking.online\/en\/wp-json\/wp\/v2\/media?parent=34650"}],"wp:term":[{"taxonomy":"product_brand","embeddable":true,"href":"https:\/\/cookking.online\/en\/wp-json\/wp\/v2\/product_brand?post=34650"},{"taxonomy":"product_cat","embeddable":true,"href":"https:\/\/cookking.online\/en\/wp-json\/wp\/v2\/product_cat?post=34650"},{"taxonomy":"product_tag","embeddable":true,"href":"https:\/\/cookking.online\/en\/wp-json\/wp\/v2\/product_tag?post=34650"}],"curies":[{"name":"wp","href":"https:\/\/api.w.org\/{rel}","templated":true}]}}