{"id":34684,"date":"2026-03-10T12:18:51","date_gmt":"2026-03-10T09:18:51","guid":{"rendered":"https:\/\/cookking.online\/?post_type=product&#038;p=34684"},"modified":"2026-03-10T13:13:18","modified_gmt":"2026-03-10T10:13:18","slug":"tetsuhiro-kd-gyuto-175-mm-kd-856-virtuvinis-peilis","status":"publish","type":"product","link":"https:\/\/cookking.online\/en\/katalogas\/peiliai\/tetsuhiro-kd-gyuto-175-mm-kd-856-virtuvinis-peilis\/","title":{"rendered":"Tetsuhiro KD Gyuto 175 mm [KD-856] virtuvinis peilis"},"content":{"rendered":"<h1><span style=\"color: #ff0000\">Tetsuhiro KD Gyuto 175 mm virtuvini\u0173 peili\u0173<\/span><\/h1>\n<\/p>\n<p style=\"text-align: justify\" align=\"justify\"><span>Tipo <strong><span>Gyuto<\/span><\/strong><span><span> <\/span>peilis yra pagrindinis peilys<span> <\/span><\/span><span>kiekvieno m\u0117g\u0117jo ir profesionalo virtuv\u0117je.<span> <\/span><\/span><span>Tai daugiafunkcis<span> <\/span><\/span><span>peilys, tinkamas darbui<span> <\/span><\/span><span>su m\u0117sa, \u017euvimis<span> <\/span><\/span><span>ir dar\u017eov\u0117mis. <strong><span>Gyuto<\/span><\/strong><span><span> <\/span>atitinka Europos vir\u0117jo peil\u012f. I\u0161lenkta a\u0161men\u0173 linija palengvina smulkinim\u0105 s\u016bpavimo judesiu, o a\u0161tri vir\u0161\u016bn\u0117 naudinga fileavimui ir karpymui. Pakankamai platus <strong><span>Gyuto<\/span><\/strong><span><span> <\/span>peilio a\u0161men\u0173 plotis leid\u017eia perkelti supjaustytas produktu<\/span><span>s<\/span><span><span> <\/span>tiesiai \u012f puod\u0105 ar keptuv\u0119. \u0160iuo peiliu galime supjaustyti didelius m\u0117sos gabal<\/span><span>us<\/span><span><span> <\/span>ir smulkinti kop\u016bstus, o kiekvienas pj\u016bvis bus idealiai lygus ir be suskilim\u0173. Jei ie\u0161kote savo pirmojo japon\u0173 peilio, <strong><span>Gyuto<\/span><\/strong><span><span> <\/span>yra puikus pasirinkimas.<\/span><\/p>\n<\/p>\n<h2>Charakteristin\u0117s savyb\u0117s.<\/h2>\n<p style=\"text-align: justify\" align=\"justify\"><span>KD serijos peiliai patraukia d\u0117mes\u012f steb\u0117tinu damaskio ra\u0161tu ant<span> <\/span><\/span><span>a\u0161men\u0173<\/span><span><span> <\/span>pagamint<\/span><span>\u0173<\/span><span><span> <\/span>i\u0161 VG-10 plieno.<span> <\/span><\/span><span>Kiekvienas peilis yra unikalus, nerasite dviej\u0173 vienod\u0173. A\u0161menys i\u0161 auk\u0161tos kokyb\u0117s VG-10 plieno buvo u\u017egr\u016bdinti iki 61 HRC lygio, suteikiant jiems didel\u012f kietum\u0105 ir ne\u012ftik\u0117tin\u0105 a\u0161trum\u0105. Sant\u016bri stilistika papildo juoda, europieti\u0161ko stiliaus, micartos rankena.<span> <\/span><\/span><span>J\u0105 vainikuoja ner\u016bdijan\u010dio plieno \u017eiedas, apsaugantis nuo dr\u0117gm\u0117s patekimo ir palengvinantis peilio valym\u0105.<\/span><\/p>\n<\/p>\n<h2 style=\"text-align: justify\">Techniniai duomenys:<\/h2>\n<p style=\"text-align: justify\"><strong>Plieno tipas:<\/strong><span> VG-10<\/span><br \/><strong>Rankenos med\u017eiaga:<\/strong><span> micarta<\/span><br \/><strong>Kietumas:<\/strong><span> +\/- 60\/61 HRC <\/span><br \/><strong>Bendras ilgis:<\/strong><span> 300 mm<\/span><br \/><strong>A\u0161men\u0173 ilgis:<\/strong><span> 175 mm<\/span><br \/><strong>A\u0161men\u0173 plotis:<\/strong><span>  43 mm<\/span><br \/><strong>A\u0161men\u0173 storis:<\/strong><span> apie 1.7 mm<\/span><br \/><strong>Galandinimo b\u016bdas:<\/strong><span> dviej\u0173 pusi\u0173 simetrinis \u0161lifas<\/span><br \/><strong>Svoris:<\/strong><span> apie 154 g<\/span><\/p>","protected":false},"excerpt":{"rendered":"<p>Tetsuhiro KD Gyuto 175 mm virtuvini\u0173 peili\u0173 Tipo Gyuto peilis yra pagrindinis peilys kiekvieno m\u0117g\u0117jo ir profesionalo virtuv\u0117je. Tai daugiafunkcis peilys, tinkamas darbui su m\u0117sa, \u017euvimis ir dar\u017eov\u0117mis. Gyuto atitinka&#8230;<\/p>","protected":false},"featured_media":34653,"template":"","meta":[],"product_brand":[],"product_cat":[119],"product_tag":[],"class_list":{"0":"post-34684","1":"product","2":"type-product","3":"status-publish","4":"has-post-thumbnail","6":"product_cat-peiliai","8":"first","9":"instock","10":"taxable","11":"shipping-taxable","12":"purchasable","13":"product-type-simple"},"yoast_head":"<!-- This site is optimized with the Yoast SEO plugin v27.3 - https:\/\/yoast.com\/product\/yoast-seo-wordpress\/ -->\n<title>Tetsuhiro KD Gyuto 175 mm [KD-856] virtuvinis peilis - Cookking.online<\/title>\n<meta name=\"description\" content=\"Tetsuhiro KD Gyuto 175 mm virtuvini\u0173 peili\u0173 Tipo Gyuto peilis yra pagrindinis peilys kiekvieno m\u0117g\u0117jo ir profesionalo virtuv\u0117je. Tai daugiafunkcis peilys, ti...\" \/>\n<meta name=\"robots\" content=\"index, follow, max-snippet:-1, max-image-preview:large, max-video-preview:-1\" \/>\n<link rel=\"canonical\" href=\"https:\/\/cookking.online\/en\/katalogas\/peiliai\/tetsuhiro-kd-gyuto-175-mm-kd-856-virtuvinis-peilis\/\" \/>\n<meta property=\"og:locale\" content=\"en_US\" \/>\n<meta property=\"og:type\" content=\"article\" \/>\n<meta property=\"og:title\" content=\"Tetsuhiro KD Gyuto 175 mm [KD-856] virtuvinis peilis - Cookking.online\" \/>\n<meta property=\"og:description\" content=\"Tetsuhiro KD Gyuto 175 mm virtuvini\u0173 peili\u0173 Tipo Gyuto peilis yra pagrindinis peilys kiekvieno m\u0117g\u0117jo ir profesionalo virtuv\u0117je. Tai daugiafunkcis peilys, ti...\" \/>\n<meta property=\"og:url\" content=\"https:\/\/cookking.online\/en\/katalogas\/peiliai\/tetsuhiro-kd-gyuto-175-mm-kd-856-virtuvinis-peilis\/\" \/>\n<meta property=\"og:site_name\" content=\"Cookking.online\" \/>\n<meta property=\"article:modified_time\" content=\"2026-03-10T10:13:18+00:00\" \/>\n<meta property=\"og:image\" content=\"https:\/\/cookking.online\/wp-content\/uploads\/2026\/03\/14202_2.png\" \/>\n\t<meta property=\"og:image:width\" content=\"1215\" \/>\n\t<meta property=\"og:image:height\" content=\"677\" \/>\n\t<meta property=\"og:image:type\" content=\"image\/png\" \/>\n<meta name=\"twitter:card\" content=\"summary_large_image\" \/>\n<meta name=\"twitter:label1\" content=\"Est. reading time\" \/>\n\t<meta name=\"twitter:data1\" content=\"1 minute\" \/>\n<script type=\"application\/ld+json\" class=\"yoast-schema-graph\">{\"@context\":\"https:\\\/\\\/schema.org\",\"@graph\":[{\"@type\":\"WebPage\",\"@id\":\"https:\\\/\\\/cookking.online\\\/katalogas\\\/peiliai\\\/tetsuhiro-kd-gyuto-175-mm-kd-856-virtuvinis-peilis\\\/\",\"url\":\"https:\\\/\\\/cookking.online\\\/katalogas\\\/peiliai\\\/tetsuhiro-kd-gyuto-175-mm-kd-856-virtuvinis-peilis\\\/\",\"name\":\"Tetsuhiro KD Gyuto 175 mm [KD-856] virtuvinis peilis - Cookking.online\",\"isPartOf\":{\"@id\":\"https:\\\/\\\/cookking.online\\\/#website\"},\"primaryImageOfPage\":{\"@id\":\"https:\\\/\\\/cookking.online\\\/katalogas\\\/peiliai\\\/tetsuhiro-kd-gyuto-175-mm-kd-856-virtuvinis-peilis\\\/#primaryimage\"},\"image\":{\"@id\":\"https:\\\/\\\/cookking.online\\\/katalogas\\\/peiliai\\\/tetsuhiro-kd-gyuto-175-mm-kd-856-virtuvinis-peilis\\\/#primaryimage\"},\"thumbnailUrl\":\"https:\\\/\\\/cookking.online\\\/wp-content\\\/uploads\\\/2026\\\/03\\\/14202_2.png\",\"datePublished\":\"2026-03-10T09:18:51+00:00\",\"dateModified\":\"2026-03-10T10:13:18+00:00\",\"description\":\"Tetsuhiro KD Gyuto 175 mm virtuvini\u0173 peili\u0173 Tipo Gyuto peilis yra pagrindinis peilys kiekvieno m\u0117g\u0117jo ir profesionalo virtuv\u0117je. Tai daugiafunkcis peilys, ti...\",\"breadcrumb\":{\"@id\":\"https:\\\/\\\/cookking.online\\\/katalogas\\\/peiliai\\\/tetsuhiro-kd-gyuto-175-mm-kd-856-virtuvinis-peilis\\\/#breadcrumb\"},\"inLanguage\":\"en-US\",\"potentialAction\":[{\"@type\":\"ReadAction\",\"target\":[\"https:\\\/\\\/cookking.online\\\/katalogas\\\/peiliai\\\/tetsuhiro-kd-gyuto-175-mm-kd-856-virtuvinis-peilis\\\/\"]}]},{\"@type\":\"ImageObject\",\"inLanguage\":\"en-US\",\"@id\":\"https:\\\/\\\/cookking.online\\\/katalogas\\\/peiliai\\\/tetsuhiro-kd-gyuto-175-mm-kd-856-virtuvinis-peilis\\\/#primaryimage\",\"url\":\"https:\\\/\\\/cookking.online\\\/wp-content\\\/uploads\\\/2026\\\/03\\\/14202_2.png\",\"contentUrl\":\"https:\\\/\\\/cookking.online\\\/wp-content\\\/uploads\\\/2026\\\/03\\\/14202_2.png\",\"width\":1215,\"height\":677},{\"@type\":\"BreadcrumbList\",\"@id\":\"https:\\\/\\\/cookking.online\\\/katalogas\\\/peiliai\\\/tetsuhiro-kd-gyuto-175-mm-kd-856-virtuvinis-peilis\\\/#breadcrumb\",\"itemListElement\":[{\"@type\":\"ListItem\",\"position\":1,\"name\":\"Prad\u017eia\",\"item\":\"https:\\\/\\\/cookking.online\\\/\"},{\"@type\":\"ListItem\",\"position\":2,\"name\":\"Parduotuv\u0117\",\"item\":\"https:\\\/\\\/cookking.online\\\/parduotuve\\\/\"},{\"@type\":\"ListItem\",\"position\":3,\"name\":\"Tetsuhiro KD Gyuto 175 mm [KD-856] virtuvinis peilis\"}]},{\"@type\":\"WebSite\",\"@id\":\"https:\\\/\\\/cookking.online\\\/#website\",\"url\":\"https:\\\/\\\/cookking.online\\\/\",\"name\":\"Cookking.online\",\"description\":\"\",\"publisher\":{\"@id\":\"https:\\\/\\\/cookking.online\\\/#organization\"},\"potentialAction\":[{\"@type\":\"SearchAction\",\"target\":{\"@type\":\"EntryPoint\",\"urlTemplate\":\"https:\\\/\\\/cookking.online\\\/?s={search_term_string}\"},\"query-input\":{\"@type\":\"PropertyValueSpecification\",\"valueRequired\":true,\"valueName\":\"search_term_string\"}}],\"inLanguage\":\"en-US\"},{\"@type\":\"Organization\",\"@id\":\"https:\\\/\\\/cookking.online\\\/#organization\",\"name\":\"Cookking.online\",\"url\":\"https:\\\/\\\/cookking.online\\\/\",\"logo\":{\"@type\":\"ImageObject\",\"inLanguage\":\"en-US\",\"@id\":\"https:\\\/\\\/cookking.online\\\/#\\\/schema\\\/logo\\\/image\\\/\",\"url\":\"https:\\\/\\\/cookking.online\\\/wp-content\\\/uploads\\\/2021\\\/11\\\/Logo.png\",\"contentUrl\":\"https:\\\/\\\/cookking.online\\\/wp-content\\\/uploads\\\/2021\\\/11\\\/Logo.png\",\"width\":291,\"height\":100,\"caption\":\"Cookking.online\"},\"image\":{\"@id\":\"https:\\\/\\\/cookking.online\\\/#\\\/schema\\\/logo\\\/image\\\/\"}}]}<\/script>\n<!-- \/ Yoast SEO plugin. -->","yoast_head_json":{"title":"Tetsuhiro KD Gyuto 175 mm [KD-856] virtuvinis peilis - Cookking.online","description":"Tetsuhiro KD Gyuto 175 mm virtuvini\u0173 peili\u0173 Tipo Gyuto peilis yra pagrindinis peilys kiekvieno m\u0117g\u0117jo ir profesionalo virtuv\u0117je. Tai daugiafunkcis peilys, ti...","robots":{"index":"index","follow":"follow","max-snippet":"max-snippet:-1","max-image-preview":"max-image-preview:large","max-video-preview":"max-video-preview:-1"},"canonical":"https:\/\/cookking.online\/en\/katalogas\/peiliai\/tetsuhiro-kd-gyuto-175-mm-kd-856-virtuvinis-peilis\/","og_locale":"en_US","og_type":"article","og_title":"Tetsuhiro KD Gyuto 175 mm [KD-856] virtuvinis peilis - Cookking.online","og_description":"Tetsuhiro KD Gyuto 175 mm virtuvini\u0173 peili\u0173 Tipo Gyuto peilis yra pagrindinis peilys kiekvieno m\u0117g\u0117jo ir profesionalo virtuv\u0117je. Tai daugiafunkcis peilys, ti...","og_url":"https:\/\/cookking.online\/en\/katalogas\/peiliai\/tetsuhiro-kd-gyuto-175-mm-kd-856-virtuvinis-peilis\/","og_site_name":"Cookking.online","article_modified_time":"2026-03-10T10:13:18+00:00","og_image":[{"width":1215,"height":677,"url":"https:\/\/cookking.online\/wp-content\/uploads\/2026\/03\/14202_2.png","type":"image\/png"}],"twitter_card":"summary_large_image","twitter_misc":{"Est. reading time":"1 minute"},"schema":{"@context":"https:\/\/schema.org","@graph":[{"@type":"WebPage","@id":"https:\/\/cookking.online\/katalogas\/peiliai\/tetsuhiro-kd-gyuto-175-mm-kd-856-virtuvinis-peilis\/","url":"https:\/\/cookking.online\/katalogas\/peiliai\/tetsuhiro-kd-gyuto-175-mm-kd-856-virtuvinis-peilis\/","name":"Tetsuhiro KD Gyuto 175 mm [KD-856] virtuvinis peilis - Cookking.online","isPartOf":{"@id":"https:\/\/cookking.online\/#website"},"primaryImageOfPage":{"@id":"https:\/\/cookking.online\/katalogas\/peiliai\/tetsuhiro-kd-gyuto-175-mm-kd-856-virtuvinis-peilis\/#primaryimage"},"image":{"@id":"https:\/\/cookking.online\/katalogas\/peiliai\/tetsuhiro-kd-gyuto-175-mm-kd-856-virtuvinis-peilis\/#primaryimage"},"thumbnailUrl":"https:\/\/cookking.online\/wp-content\/uploads\/2026\/03\/14202_2.png","datePublished":"2026-03-10T09:18:51+00:00","dateModified":"2026-03-10T10:13:18+00:00","description":"Tetsuhiro KD Gyuto 175 mm virtuvini\u0173 peili\u0173 Tipo Gyuto peilis yra pagrindinis peilys kiekvieno m\u0117g\u0117jo ir profesionalo virtuv\u0117je. Tai daugiafunkcis peilys, ti...","breadcrumb":{"@id":"https:\/\/cookking.online\/katalogas\/peiliai\/tetsuhiro-kd-gyuto-175-mm-kd-856-virtuvinis-peilis\/#breadcrumb"},"inLanguage":"en-US","potentialAction":[{"@type":"ReadAction","target":["https:\/\/cookking.online\/katalogas\/peiliai\/tetsuhiro-kd-gyuto-175-mm-kd-856-virtuvinis-peilis\/"]}]},{"@type":"ImageObject","inLanguage":"en-US","@id":"https:\/\/cookking.online\/katalogas\/peiliai\/tetsuhiro-kd-gyuto-175-mm-kd-856-virtuvinis-peilis\/#primaryimage","url":"https:\/\/cookking.online\/wp-content\/uploads\/2026\/03\/14202_2.png","contentUrl":"https:\/\/cookking.online\/wp-content\/uploads\/2026\/03\/14202_2.png","width":1215,"height":677},{"@type":"BreadcrumbList","@id":"https:\/\/cookking.online\/katalogas\/peiliai\/tetsuhiro-kd-gyuto-175-mm-kd-856-virtuvinis-peilis\/#breadcrumb","itemListElement":[{"@type":"ListItem","position":1,"name":"Prad\u017eia","item":"https:\/\/cookking.online\/"},{"@type":"ListItem","position":2,"name":"Parduotuv\u0117","item":"https:\/\/cookking.online\/parduotuve\/"},{"@type":"ListItem","position":3,"name":"Tetsuhiro KD Gyuto 175 mm [KD-856] virtuvinis peilis"}]},{"@type":"WebSite","@id":"https:\/\/cookking.online\/#website","url":"https:\/\/cookking.online\/","name":"Cookking.online","description":"","publisher":{"@id":"https:\/\/cookking.online\/#organization"},"potentialAction":[{"@type":"SearchAction","target":{"@type":"EntryPoint","urlTemplate":"https:\/\/cookking.online\/?s={search_term_string}"},"query-input":{"@type":"PropertyValueSpecification","valueRequired":true,"valueName":"search_term_string"}}],"inLanguage":"en-US"},{"@type":"Organization","@id":"https:\/\/cookking.online\/#organization","name":"Cookking.online","url":"https:\/\/cookking.online\/","logo":{"@type":"ImageObject","inLanguage":"en-US","@id":"https:\/\/cookking.online\/#\/schema\/logo\/image\/","url":"https:\/\/cookking.online\/wp-content\/uploads\/2021\/11\/Logo.png","contentUrl":"https:\/\/cookking.online\/wp-content\/uploads\/2021\/11\/Logo.png","width":291,"height":100,"caption":"Cookking.online"},"image":{"@id":"https:\/\/cookking.online\/#\/schema\/logo\/image\/"}}]}},"_links":{"self":[{"href":"https:\/\/cookking.online\/en\/wp-json\/wp\/v2\/product\/34684","targetHints":{"allow":["GET"]}}],"collection":[{"href":"https:\/\/cookking.online\/en\/wp-json\/wp\/v2\/product"}],"about":[{"href":"https:\/\/cookking.online\/en\/wp-json\/wp\/v2\/types\/product"}],"wp:featuredmedia":[{"embeddable":true,"href":"https:\/\/cookking.online\/en\/wp-json\/wp\/v2\/media\/34653"}],"wp:attachment":[{"href":"https:\/\/cookking.online\/en\/wp-json\/wp\/v2\/media?parent=34684"}],"wp:term":[{"taxonomy":"product_brand","embeddable":true,"href":"https:\/\/cookking.online\/en\/wp-json\/wp\/v2\/product_brand?post=34684"},{"taxonomy":"product_cat","embeddable":true,"href":"https:\/\/cookking.online\/en\/wp-json\/wp\/v2\/product_cat?post=34684"},{"taxonomy":"product_tag","embeddable":true,"href":"https:\/\/cookking.online\/en\/wp-json\/wp\/v2\/product_tag?post=34684"}],"curies":[{"name":"wp","href":"https:\/\/api.w.org\/{rel}","templated":true}]}}