{"id":34700,"date":"2026-03-10T12:18:51","date_gmt":"2026-03-10T09:18:51","guid":{"rendered":"https:\/\/cookking.online\/?post_type=product&#038;p=34700"},"modified":"2026-03-10T13:08:55","modified_gmt":"2026-03-10T10:08:55","slug":"dellinger-pink-stone-utility-150-mm-k-h255-peile","status":"publish","type":"product","link":"https:\/\/cookking.online\/en\/katalogas\/peiliai\/dellinger-pink-stone-utility-150-mm-k-h255-peile\/","title":{"rendered":"Dellinger PINK STONE Utility 150 mm [K-H255] peil\u0117"},"content":{"rendered":"<h2>Dellinger PINK STONE Utility peilis, 150 mm<\/h2>\n<p style=\"text-align: justify\">Utility peilis yra universalus \u012frankis, kuriuo galite pjauti vaisius, dar\u017eoves, taip pat m\u0117s\u0105 ir s\u016brius. Jo tinkamas ilgis da\u017enai gali pakeisti ilgesn\u012f vir\u0117jo peil\u012f. Pjaustymas \u0161iuo peiliu yra tikras malonumas. Jis yra labai patogus ir kartu su duonos peiliu yra b\u016btinas virtuv\u0117s peili\u0173 papildymas. Jis puikiai tinka ir \u017eolel\u0117ms smulkinti.<\/p>\n<p style=\"text-align: justify\">PINK STONE peili\u0173 serija turi itin kiet\u0105 <strong>VG-10 plieno<\/strong> \u0161erd\u012f, ant kurios u\u017ekaltos 66 sluoksniai mink\u0161tesnio plieno, sudarantys b\u016bding\u0105 <strong>damascenin\u012f ra\u0161t\u0105<\/strong>. Gamybos procese naudojamas tikslus vakuuminis u\u017egr\u016bdinimas, kuris suteikia damasceniniam plienui ne\u012fprast\u0105 patvarum\u0105 ir atsparum\u0105. PINK STONE serijos peiliai pasi\u017eymi i\u0161skirtine a\u0161trumu ir <strong>61 HRC kietumu<\/strong>. Puikiai subalansuoti ir rankiniu b\u016bdu pagal\u0105sti PINK STONE serijos peiliai greitai privers pamir\u0161ti kitus virtuv\u0117je naudojamus peilius. PINK STONE serijos peilio a\u0161menys puo\u0161ti <strong>&#8222;Tsuchime&#8221;<\/strong>, t.y. k\u016bjo efektu. Tai tradicinis japoni\u0161kas peilio pavir\u0161iaus apdailos metodas, suteikiantis jam b\u016bding\u0105, \u0161iurk\u0161t\u0173 i\u0161vaizd\u0105. Japoni\u0161kasis \u017eodis <strong>&#8222;Tsuchime&#8221;<\/strong> rei\u0161kia \u201ek\u016bjo ra\u0161t\u0105&#8221;, tiksliai apib\u016bdinant\u012f \u0161i\u0173 peili\u0173 gamybos proces\u0105. \u012edubos ant peilio pavir\u0161iaus suma\u017eina pjaunamo produkto prilipim\u0105. Dellinger PINK STONE peiliai \u2013 puikus pasirinkimas \u017emon\u0117ms, vertinan\u010diems estetikos ir funkcionalumo derin\u012f.<\/p>\n<p style=\"text-align: justify\">PINK STONE serijos peili\u0173 rankena pagaminta i\u0161 howlito ir yra i\u0161skirtin\u0117 ne tik i\u0161vaizda, bet ir savyb\u0117mis. Howlitas, nat\u016bralus mineralas su b\u016bdingomis gyslomis, da\u017enai yra stabilizuojamas ir da\u017eomas, leid\u017eiantis gauti plat\u0173 patraukli\u0173 spalv\u0173 spektr\u0105 &#8211; nuo tradicinio \u017eydros iki moderni\u0173 atspalvi\u0173, toki\u0173 kaip ro\u017ein\u0117 ar m\u0117lyna. D\u0117l \u0161io proceso rankena tampa atspari dr\u0117gmei, d\u0117v\u0117jimuisi ir tr\u016bkin\u0117jimui, u\u017etikrinant ilg\u0105 tarnavimo laik\u0105. Kiekvienas egzempliorius yra unikalus, nes gysl\u0173 ra\u0161tas sukuria nepakartojamus modelius, suteikian\u010dius peiliui prabang\u0173 i\u0161vaizd\u0105. Howlito rankena ne tik atrodo esteti\u0161kai, bet ir maloniai priglunda prie rankos, u\u017etikrinant patog\u0173 laikym\u0105 darbo metu. \u0160is med\u017eiagas yra puikus pasirinkimas \u017emon\u0117ms, ie\u0161kan\u010diems funkcionalumo ir elegancijos derinimo.<\/p>\n<h2><strong>Peilio parametrai:<\/strong><\/h2>\n<table>\n<tbody>\n<tr>\n<td>Bendra ilgis:<\/td>\n<td>260 mm<\/td>\n<\/tr>\n<tr>\n<td>A\u0161men\u0173 ilgis:<\/td>\n<td>150 mm<\/td>\n<\/tr>\n<tr>\n<td>Rankenos ilgis:<\/td>\n<td>100 mm<\/td>\n<\/tr>\n<tr>\n<td>Svoris:<\/td>\n<td>150 g<\/td>\n<\/tr>\n<\/tbody>\n<\/table>","protected":false},"excerpt":{"rendered":"<p>Dellinger PINK STONE Utility peilis, 150 mm Utility peilis yra universalus \u012frankis, kuriuo galite pjauti vaisius, dar\u017eoves, taip pat m\u0117s\u0105 ir s\u016brius. Jo tinkamas ilgis da\u017enai gali pakeisti ilgesn\u012f vir\u0117jo&#8230;<\/p>","protected":false},"featured_media":34687,"template":"","meta":[],"product_brand":[],"product_cat":[119],"product_tag":[],"class_list":{"0":"post-34700","1":"product","2":"type-product","3":"status-publish","4":"has-post-thumbnail","6":"product_cat-peiliai","8":"first","9":"outofstock","10":"taxable","11":"shipping-taxable","12":"purchasable","13":"product-type-simple"},"yoast_head":"<!-- This site is optimized with the Yoast SEO plugin v27.5 - https:\/\/yoast.com\/product\/yoast-seo-wordpress\/ -->\n<title>Dellinger PINK STONE Utility 150 mm [K-H255] peil\u0117 - Cookking.online<\/title>\n<meta name=\"description\" content=\"Dellinger PINK STONE Utility peilis, 150 mm Utility peilis yra universalus \u012frankis, kuriuo galite pjauti vaisius, dar\u017eoves, taip pat m\u0117s\u0105 ir s\u016brius. Jo tinka...\" \/>\n<meta name=\"robots\" content=\"index, follow, max-snippet:-1, max-image-preview:large, max-video-preview:-1\" \/>\n<link rel=\"canonical\" href=\"https:\/\/cookking.online\/en\/katalogas\/peiliai\/dellinger-pink-stone-utility-150-mm-k-h255-peile\/\" \/>\n<meta property=\"og:locale\" content=\"en_US\" \/>\n<meta property=\"og:type\" content=\"article\" \/>\n<meta property=\"og:title\" content=\"Dellinger PINK STONE Utility 150 mm [K-H255] peil\u0117 - Cookking.online\" \/>\n<meta property=\"og:description\" content=\"Dellinger PINK STONE Utility peilis, 150 mm Utility peilis yra universalus \u012frankis, kuriuo galite pjauti vaisius, dar\u017eoves, taip pat m\u0117s\u0105 ir s\u016brius. Jo tinka...\" \/>\n<meta property=\"og:url\" content=\"https:\/\/cookking.online\/en\/katalogas\/peiliai\/dellinger-pink-stone-utility-150-mm-k-h255-peile\/\" \/>\n<meta property=\"og:site_name\" content=\"Cookking.online\" \/>\n<meta property=\"article:modified_time\" content=\"2026-03-10T10:08:55+00:00\" \/>\n<meta property=\"og:image\" content=\"https:\/\/cookking.online\/wp-content\/uploads\/2026\/03\/16394_6.jpg\" \/>\n\t<meta property=\"og:image:width\" content=\"1024\" \/>\n\t<meta property=\"og:image:height\" content=\"1024\" \/>\n\t<meta property=\"og:image:type\" content=\"image\/jpeg\" \/>\n<meta name=\"twitter:card\" content=\"summary_large_image\" \/>\n<meta name=\"twitter:label1\" content=\"Est. reading time\" \/>\n\t<meta name=\"twitter:data1\" content=\"2 minutes\" \/>\n<script type=\"application\/ld+json\" class=\"yoast-schema-graph\">{\"@context\":\"https:\\\/\\\/schema.org\",\"@graph\":[{\"@type\":\"WebPage\",\"@id\":\"https:\\\/\\\/cookking.online\\\/katalogas\\\/peiliai\\\/dellinger-pink-stone-utility-150-mm-k-h255-peile\\\/\",\"url\":\"https:\\\/\\\/cookking.online\\\/katalogas\\\/peiliai\\\/dellinger-pink-stone-utility-150-mm-k-h255-peile\\\/\",\"name\":\"Dellinger PINK STONE Utility 150 mm [K-H255] peil\u0117 - Cookking.online\",\"isPartOf\":{\"@id\":\"https:\\\/\\\/cookking.online\\\/#website\"},\"primaryImageOfPage\":{\"@id\":\"https:\\\/\\\/cookking.online\\\/katalogas\\\/peiliai\\\/dellinger-pink-stone-utility-150-mm-k-h255-peile\\\/#primaryimage\"},\"image\":{\"@id\":\"https:\\\/\\\/cookking.online\\\/katalogas\\\/peiliai\\\/dellinger-pink-stone-utility-150-mm-k-h255-peile\\\/#primaryimage\"},\"thumbnailUrl\":\"https:\\\/\\\/cookking.online\\\/wp-content\\\/uploads\\\/2026\\\/03\\\/16394_6.jpg\",\"datePublished\":\"2026-03-10T09:18:51+00:00\",\"dateModified\":\"2026-03-10T10:08:55+00:00\",\"description\":\"Dellinger PINK STONE Utility peilis, 150 mm Utility peilis yra universalus \u012frankis, kuriuo galite pjauti vaisius, dar\u017eoves, taip pat m\u0117s\u0105 ir s\u016brius. Jo tinka...\",\"breadcrumb\":{\"@id\":\"https:\\\/\\\/cookking.online\\\/katalogas\\\/peiliai\\\/dellinger-pink-stone-utility-150-mm-k-h255-peile\\\/#breadcrumb\"},\"inLanguage\":\"en-US\",\"potentialAction\":[{\"@type\":\"ReadAction\",\"target\":[\"https:\\\/\\\/cookking.online\\\/katalogas\\\/peiliai\\\/dellinger-pink-stone-utility-150-mm-k-h255-peile\\\/\"]}]},{\"@type\":\"ImageObject\",\"inLanguage\":\"en-US\",\"@id\":\"https:\\\/\\\/cookking.online\\\/katalogas\\\/peiliai\\\/dellinger-pink-stone-utility-150-mm-k-h255-peile\\\/#primaryimage\",\"url\":\"https:\\\/\\\/cookking.online\\\/wp-content\\\/uploads\\\/2026\\\/03\\\/16394_6.jpg\",\"contentUrl\":\"https:\\\/\\\/cookking.online\\\/wp-content\\\/uploads\\\/2026\\\/03\\\/16394_6.jpg\",\"width\":1024,\"height\":1024},{\"@type\":\"BreadcrumbList\",\"@id\":\"https:\\\/\\\/cookking.online\\\/katalogas\\\/peiliai\\\/dellinger-pink-stone-utility-150-mm-k-h255-peile\\\/#breadcrumb\",\"itemListElement\":[{\"@type\":\"ListItem\",\"position\":1,\"name\":\"Prad\u017eia\",\"item\":\"https:\\\/\\\/cookking.online\\\/\"},{\"@type\":\"ListItem\",\"position\":2,\"name\":\"Parduotuv\u0117\",\"item\":\"https:\\\/\\\/cookking.online\\\/parduotuve\\\/\"},{\"@type\":\"ListItem\",\"position\":3,\"name\":\"Dellinger PINK STONE Utility 150 mm [K-H255] peil\u0117\"}]},{\"@type\":\"WebSite\",\"@id\":\"https:\\\/\\\/cookking.online\\\/#website\",\"url\":\"https:\\\/\\\/cookking.online\\\/\",\"name\":\"Cookking.online\",\"description\":\"\",\"publisher\":{\"@id\":\"https:\\\/\\\/cookking.online\\\/#organization\"},\"potentialAction\":[{\"@type\":\"SearchAction\",\"target\":{\"@type\":\"EntryPoint\",\"urlTemplate\":\"https:\\\/\\\/cookking.online\\\/?s={search_term_string}\"},\"query-input\":{\"@type\":\"PropertyValueSpecification\",\"valueRequired\":true,\"valueName\":\"search_term_string\"}}],\"inLanguage\":\"en-US\"},{\"@type\":\"Organization\",\"@id\":\"https:\\\/\\\/cookking.online\\\/#organization\",\"name\":\"Cookking.online\",\"url\":\"https:\\\/\\\/cookking.online\\\/\",\"logo\":{\"@type\":\"ImageObject\",\"inLanguage\":\"en-US\",\"@id\":\"https:\\\/\\\/cookking.online\\\/#\\\/schema\\\/logo\\\/image\\\/\",\"url\":\"https:\\\/\\\/cookking.online\\\/wp-content\\\/uploads\\\/2021\\\/11\\\/Logo.png\",\"contentUrl\":\"https:\\\/\\\/cookking.online\\\/wp-content\\\/uploads\\\/2021\\\/11\\\/Logo.png\",\"width\":291,\"height\":100,\"caption\":\"Cookking.online\"},\"image\":{\"@id\":\"https:\\\/\\\/cookking.online\\\/#\\\/schema\\\/logo\\\/image\\\/\"}}]}<\/script>\n<!-- \/ Yoast SEO plugin. -->","yoast_head_json":{"title":"Dellinger PINK STONE Utility 150 mm [K-H255] peil\u0117 - Cookking.online","description":"Dellinger PINK STONE Utility peilis, 150 mm Utility peilis yra universalus \u012frankis, kuriuo galite pjauti vaisius, dar\u017eoves, taip pat m\u0117s\u0105 ir s\u016brius. Jo tinka...","robots":{"index":"index","follow":"follow","max-snippet":"max-snippet:-1","max-image-preview":"max-image-preview:large","max-video-preview":"max-video-preview:-1"},"canonical":"https:\/\/cookking.online\/en\/katalogas\/peiliai\/dellinger-pink-stone-utility-150-mm-k-h255-peile\/","og_locale":"en_US","og_type":"article","og_title":"Dellinger PINK STONE Utility 150 mm [K-H255] peil\u0117 - Cookking.online","og_description":"Dellinger PINK STONE Utility peilis, 150 mm Utility peilis yra universalus \u012frankis, kuriuo galite pjauti vaisius, dar\u017eoves, taip pat m\u0117s\u0105 ir s\u016brius. Jo tinka...","og_url":"https:\/\/cookking.online\/en\/katalogas\/peiliai\/dellinger-pink-stone-utility-150-mm-k-h255-peile\/","og_site_name":"Cookking.online","article_modified_time":"2026-03-10T10:08:55+00:00","og_image":[{"width":1024,"height":1024,"url":"https:\/\/cookking.online\/wp-content\/uploads\/2026\/03\/16394_6.jpg","type":"image\/jpeg"}],"twitter_card":"summary_large_image","twitter_misc":{"Est. reading time":"2 minutes"},"schema":{"@context":"https:\/\/schema.org","@graph":[{"@type":"WebPage","@id":"https:\/\/cookking.online\/katalogas\/peiliai\/dellinger-pink-stone-utility-150-mm-k-h255-peile\/","url":"https:\/\/cookking.online\/katalogas\/peiliai\/dellinger-pink-stone-utility-150-mm-k-h255-peile\/","name":"Dellinger PINK STONE Utility 150 mm [K-H255] peil\u0117 - Cookking.online","isPartOf":{"@id":"https:\/\/cookking.online\/#website"},"primaryImageOfPage":{"@id":"https:\/\/cookking.online\/katalogas\/peiliai\/dellinger-pink-stone-utility-150-mm-k-h255-peile\/#primaryimage"},"image":{"@id":"https:\/\/cookking.online\/katalogas\/peiliai\/dellinger-pink-stone-utility-150-mm-k-h255-peile\/#primaryimage"},"thumbnailUrl":"https:\/\/cookking.online\/wp-content\/uploads\/2026\/03\/16394_6.jpg","datePublished":"2026-03-10T09:18:51+00:00","dateModified":"2026-03-10T10:08:55+00:00","description":"Dellinger PINK STONE Utility peilis, 150 mm Utility peilis yra universalus \u012frankis, kuriuo galite pjauti vaisius, dar\u017eoves, taip pat m\u0117s\u0105 ir s\u016brius. Jo tinka...","breadcrumb":{"@id":"https:\/\/cookking.online\/katalogas\/peiliai\/dellinger-pink-stone-utility-150-mm-k-h255-peile\/#breadcrumb"},"inLanguage":"en-US","potentialAction":[{"@type":"ReadAction","target":["https:\/\/cookking.online\/katalogas\/peiliai\/dellinger-pink-stone-utility-150-mm-k-h255-peile\/"]}]},{"@type":"ImageObject","inLanguage":"en-US","@id":"https:\/\/cookking.online\/katalogas\/peiliai\/dellinger-pink-stone-utility-150-mm-k-h255-peile\/#primaryimage","url":"https:\/\/cookking.online\/wp-content\/uploads\/2026\/03\/16394_6.jpg","contentUrl":"https:\/\/cookking.online\/wp-content\/uploads\/2026\/03\/16394_6.jpg","width":1024,"height":1024},{"@type":"BreadcrumbList","@id":"https:\/\/cookking.online\/katalogas\/peiliai\/dellinger-pink-stone-utility-150-mm-k-h255-peile\/#breadcrumb","itemListElement":[{"@type":"ListItem","position":1,"name":"Prad\u017eia","item":"https:\/\/cookking.online\/"},{"@type":"ListItem","position":2,"name":"Parduotuv\u0117","item":"https:\/\/cookking.online\/parduotuve\/"},{"@type":"ListItem","position":3,"name":"Dellinger PINK STONE Utility 150 mm [K-H255] peil\u0117"}]},{"@type":"WebSite","@id":"https:\/\/cookking.online\/#website","url":"https:\/\/cookking.online\/","name":"Cookking.online","description":"","publisher":{"@id":"https:\/\/cookking.online\/#organization"},"potentialAction":[{"@type":"SearchAction","target":{"@type":"EntryPoint","urlTemplate":"https:\/\/cookking.online\/?s={search_term_string}"},"query-input":{"@type":"PropertyValueSpecification","valueRequired":true,"valueName":"search_term_string"}}],"inLanguage":"en-US"},{"@type":"Organization","@id":"https:\/\/cookking.online\/#organization","name":"Cookking.online","url":"https:\/\/cookking.online\/","logo":{"@type":"ImageObject","inLanguage":"en-US","@id":"https:\/\/cookking.online\/#\/schema\/logo\/image\/","url":"https:\/\/cookking.online\/wp-content\/uploads\/2021\/11\/Logo.png","contentUrl":"https:\/\/cookking.online\/wp-content\/uploads\/2021\/11\/Logo.png","width":291,"height":100,"caption":"Cookking.online"},"image":{"@id":"https:\/\/cookking.online\/#\/schema\/logo\/image\/"}}]}},"_links":{"self":[{"href":"https:\/\/cookking.online\/en\/wp-json\/wp\/v2\/product\/34700","targetHints":{"allow":["GET"]}}],"collection":[{"href":"https:\/\/cookking.online\/en\/wp-json\/wp\/v2\/product"}],"about":[{"href":"https:\/\/cookking.online\/en\/wp-json\/wp\/v2\/types\/product"}],"wp:featuredmedia":[{"embeddable":true,"href":"https:\/\/cookking.online\/en\/wp-json\/wp\/v2\/media\/34687"}],"wp:attachment":[{"href":"https:\/\/cookking.online\/en\/wp-json\/wp\/v2\/media?parent=34700"}],"wp:term":[{"taxonomy":"product_brand","embeddable":true,"href":"https:\/\/cookking.online\/en\/wp-json\/wp\/v2\/product_brand?post=34700"},{"taxonomy":"product_cat","embeddable":true,"href":"https:\/\/cookking.online\/en\/wp-json\/wp\/v2\/product_cat?post=34700"},{"taxonomy":"product_tag","embeddable":true,"href":"https:\/\/cookking.online\/en\/wp-json\/wp\/v2\/product_tag?post=34700"}],"curies":[{"name":"wp","href":"https:\/\/api.w.org\/{rel}","templated":true}]}}