{"id":34733,"date":"2026-03-10T12:18:50","date_gmt":"2026-03-10T09:18:50","guid":{"rendered":"https:\/\/cookking.online\/?post_type=product&#038;p=34733"},"modified":"2026-03-10T13:08:34","modified_gmt":"2026-03-10T10:08:34","slug":"suncraft-elegancia-steak-120-mm-ksk-06-virtuves-peilis","status":"publish","type":"product","link":"https:\/\/cookking.online\/en\/katalogas\/peiliai\/suncraft-elegancia-steak-120-mm-ksk-06-virtuves-peilis\/","title":{"rendered":"Suncraft ELEGANCIA Steak 120 mm [KSK-06] virtuv\u0117s peilis"},"content":{"rendered":"<div style=\"flex-direction: column\" class=\"iai-section-b518b711-327c-49dd-a6df-803f52333dbe-description-wrapper\">\n<div class=\"iai-section-b518b711-327c-49dd-a6df-803f52333dbe iai-section-b518b711-327c-49dd-a6df-803f52333dbe-html\">\n<h2><strong>Suncraft ELEGANCIA Steak 120 mm virtuvinis peilis<\/strong><\/h2>\n<p style=\"text-align: justify\"><!--StartFragment--><br \/>So\u010di\u0173 steik\u0173 m\u0117g\u0117jai \u012fvertins \u0161io Suncraft peili\u0173 tikslum\u0105. Kruop\u0161\u010diai suprojektuota rankena u\u017etikrina saug\u0173 ir patog\u0173 su\u0117mim\u0105, o lengvai lenktas a\u0161muo leid\u017eia pjauti itin skland\u017eiai. D\u0117l \u0161io a\u0161trika\u0161\u010dio pjovimo m\u0117sa pasiduoda be jokio pasiprie\u0161inimo, i\u0161laikydama savo strukt\u016br\u0105 ir apetiting\u0105 vaizd\u0105. \u0160is patikimas \u012frankis puikiai tiks ne tik steikini\u0173, bet ir vis\u0173 kit\u0173 valgi\u0173 m\u0117sos porcijavimui.<\/p>\n<p style=\"text-align: justify\">&nbsp;<\/p>\n<p style=\"text-align: justify\">Tobul\u0173 virtuv\u0117s peili\u0173 kolekcija <strong>ELEGANCIA<\/strong> yra absoliutus gro\u017eis ir elegancija, sujungta su kompromiso neturin\u010diu, geriausiu peili\u0173 gamybos plienu &#8211; <strong>SG2 POWDER STEEL<\/strong>. Gana didelis a\u0161mens plotis ir specialiai sulenktoji rankena sudaro erdv\u0119 po peiliu, tod\u0117l net ir \u017emon\u0117s su didel\u0117mis rankomis gal\u0117s laisvai manipuliuoti \u012frankiu virtuv\u0117je.<\/p>\n<p style=\"text-align: justify\">&nbsp;<\/p>\n<p style=\"text-align: justify\">Peiliai i\u0161 <strong>ELEGANCIA<\/strong> serijos pagaminti i\u0161 auk\u0161\u010diausios kokyb\u0117s Japonijos med\u017eiag\u0173: <strong>SG2<\/strong> miltelin\u0117s plieno* ir <strong>Pakkawood<\/strong>** rie\u0161utmed\u017eio spalvos. Peili\u0173 <strong>ELEGANCIA<\/strong> i\u0161skirtinumas atsiskleid\u017eia naudojant &#8211; rankena su laiku pakinta ir prisitaiko prie naudotojo rankos, o \u017ealvarinis a\u0161mens svirtinis \u012fsmegtras \u012fgyja kilni\u0105 patin\u0105j\u012f.<\/p>\n<p style=\"text-align: justify\">&nbsp;&nbsp;<\/p>\n<p style=\"text-align: justify\"><span>*<strong>SG2 (Super Gold #2) miltelin\u0117 plieno<\/strong> turi ypating\u0105 atsparum\u0105 korozijai, <strong>populiariai vadinama ner\u016bdijan\u010diu plienu<\/strong>, yra viena i\u0161 geriausi\u0173 med\u017eiag\u0173 peili\u0173 gamybai. Ji gaunama sud\u0117tingu procesu, kurio metu super ma\u017eos plieno dalel\u0117s yra aglomeruojamos, kaitinamos ir formuojamos \u012f norim\u0105 form\u0105. Tai gamybos metodas visi\u0161kai skirtingas nuo &#8222;tradicinio&#8221; lydymo ir leid\u017eia gauti plien\u0105 su daug geresn\u0117mis eksploatacin\u0117mis savyb\u0117mis, o peili\u0173 atveju &#8211; ne\u012fprastu atsparumu atbukimui.<\/span><\/p>\n<p style=\"text-align: justify\">&nbsp;<\/p>\n<p style=\"text-align: justify\"><strong>**Pakkawood<\/strong> yra lakuotas ber\u017eo ar klevo medis, specialiai sukurtas peili\u0173 rankenoms d\u0117l savo ypatingos atsparumo kar\u0161\u010diui ir dr\u0117gmei.<\/p>\n<p style=\"text-align: justify\">&nbsp;<\/p>\n<h2>Techniniai parametrai:<\/h2>\n<p><strong>A\u0161muo<\/strong> &#8211; <span>SG2 (Super Gold #2) miltelin\u0117 plieno<\/span><\/p>\n<p><strong>Kietumas<\/strong> &#8211; <span>63 HRC +\/- 1<\/span><\/p>\n<p><strong>Bendras ilgis<\/strong> &#8211; <span>235<\/span> mm<\/p>\n<p><strong>A\u0161mens ilgis<\/strong> &#8211; 120 mm<\/p>\n<p><strong>Rankena<\/strong> &#8211; <span>Rie\u0161utmed\u017eio Pakkawood<\/span><\/p>\n<p><strong>Svoris<\/strong> &#8211; <span>apie 63 g<\/span><\/p>\n<p><!--EndFragment--><\/div>\n<\/div>","protected":false},"excerpt":{"rendered":"<p>Suncraft ELEGANCIA Steak 120 mm virtuvinis peilis So\u010di\u0173 steik\u0173 m\u0117g\u0117jai \u012fvertins \u0161io Suncraft peili\u0173 tikslum\u0105. Kruop\u0161\u010diai suprojektuota rankena u\u017etikrina saug\u0173 ir patog\u0173 su\u0117mim\u0105, o lengvai lenktas a\u0161muo leid\u017eia pjauti itin&#8230;<\/p>","protected":false},"featured_media":34703,"template":"","meta":[],"product_brand":[],"product_cat":[119],"product_tag":[],"class_list":{"0":"post-34733","1":"product","2":"type-product","3":"status-publish","4":"has-post-thumbnail","6":"product_cat-peiliai","8":"first","9":"instock","10":"taxable","11":"shipping-taxable","12":"purchasable","13":"product-type-simple"},"yoast_head":"<!-- This site is optimized with the Yoast SEO plugin v27.3 - https:\/\/yoast.com\/product\/yoast-seo-wordpress\/ -->\n<title>Suncraft ELEGANCIA Steak 120 mm [KSK-06] virtuv\u0117s peilis - Cookking.online<\/title>\n<meta name=\"description\" content=\"Suncraft ELEGANCIA Steak 120 mm virtuvinis peilis So\u010di\u0173 steik\u0173 m\u0117g\u0117jai \u012fvertins \u0161io Suncraft peili\u0173 tikslum\u0105. Kruop\u0161\u010diai suprojektuota rankena u\u017etikrina saug...\" \/>\n<meta name=\"robots\" content=\"index, follow, max-snippet:-1, max-image-preview:large, max-video-preview:-1\" \/>\n<link rel=\"canonical\" href=\"https:\/\/cookking.online\/en\/katalogas\/peiliai\/suncraft-elegancia-steak-120-mm-ksk-06-virtuves-peilis\/\" \/>\n<meta property=\"og:locale\" content=\"en_US\" \/>\n<meta property=\"og:type\" content=\"article\" \/>\n<meta property=\"og:title\" content=\"Suncraft ELEGANCIA Steak 120 mm [KSK-06] virtuv\u0117s peilis - Cookking.online\" \/>\n<meta property=\"og:description\" content=\"Suncraft ELEGANCIA Steak 120 mm virtuvinis peilis So\u010di\u0173 steik\u0173 m\u0117g\u0117jai \u012fvertins \u0161io Suncraft peili\u0173 tikslum\u0105. Kruop\u0161\u010diai suprojektuota rankena u\u017etikrina saug...\" \/>\n<meta property=\"og:url\" content=\"https:\/\/cookking.online\/en\/katalogas\/peiliai\/suncraft-elegancia-steak-120-mm-ksk-06-virtuves-peilis\/\" \/>\n<meta property=\"og:site_name\" content=\"Cookking.online\" \/>\n<meta property=\"article:modified_time\" content=\"2026-03-10T10:08:34+00:00\" \/>\n<meta property=\"og:image\" content=\"https:\/\/cookking.online\/wp-content\/uploads\/2026\/03\/16393_15.png\" \/>\n\t<meta property=\"og:image:width\" content=\"1080\" \/>\n\t<meta property=\"og:image:height\" content=\"1080\" \/>\n\t<meta property=\"og:image:type\" content=\"image\/png\" \/>\n<meta name=\"twitter:card\" content=\"summary_large_image\" \/>\n<meta name=\"twitter:label1\" content=\"Est. reading time\" \/>\n\t<meta name=\"twitter:data1\" content=\"2 minutes\" \/>\n<script type=\"application\/ld+json\" class=\"yoast-schema-graph\">{\"@context\":\"https:\\\/\\\/schema.org\",\"@graph\":[{\"@type\":\"WebPage\",\"@id\":\"https:\\\/\\\/cookking.online\\\/katalogas\\\/peiliai\\\/suncraft-elegancia-steak-120-mm-ksk-06-virtuves-peilis\\\/\",\"url\":\"https:\\\/\\\/cookking.online\\\/katalogas\\\/peiliai\\\/suncraft-elegancia-steak-120-mm-ksk-06-virtuves-peilis\\\/\",\"name\":\"Suncraft ELEGANCIA Steak 120 mm [KSK-06] virtuv\u0117s peilis - Cookking.online\",\"isPartOf\":{\"@id\":\"https:\\\/\\\/cookking.online\\\/#website\"},\"primaryImageOfPage\":{\"@id\":\"https:\\\/\\\/cookking.online\\\/katalogas\\\/peiliai\\\/suncraft-elegancia-steak-120-mm-ksk-06-virtuves-peilis\\\/#primaryimage\"},\"image\":{\"@id\":\"https:\\\/\\\/cookking.online\\\/katalogas\\\/peiliai\\\/suncraft-elegancia-steak-120-mm-ksk-06-virtuves-peilis\\\/#primaryimage\"},\"thumbnailUrl\":\"https:\\\/\\\/cookking.online\\\/wp-content\\\/uploads\\\/2026\\\/03\\\/16393_15.png\",\"datePublished\":\"2026-03-10T09:18:50+00:00\",\"dateModified\":\"2026-03-10T10:08:34+00:00\",\"description\":\"Suncraft ELEGANCIA Steak 120 mm virtuvinis peilis So\u010di\u0173 steik\u0173 m\u0117g\u0117jai \u012fvertins \u0161io Suncraft peili\u0173 tikslum\u0105. Kruop\u0161\u010diai suprojektuota rankena u\u017etikrina saug...\",\"breadcrumb\":{\"@id\":\"https:\\\/\\\/cookking.online\\\/katalogas\\\/peiliai\\\/suncraft-elegancia-steak-120-mm-ksk-06-virtuves-peilis\\\/#breadcrumb\"},\"inLanguage\":\"en-US\",\"potentialAction\":[{\"@type\":\"ReadAction\",\"target\":[\"https:\\\/\\\/cookking.online\\\/katalogas\\\/peiliai\\\/suncraft-elegancia-steak-120-mm-ksk-06-virtuves-peilis\\\/\"]}]},{\"@type\":\"ImageObject\",\"inLanguage\":\"en-US\",\"@id\":\"https:\\\/\\\/cookking.online\\\/katalogas\\\/peiliai\\\/suncraft-elegancia-steak-120-mm-ksk-06-virtuves-peilis\\\/#primaryimage\",\"url\":\"https:\\\/\\\/cookking.online\\\/wp-content\\\/uploads\\\/2026\\\/03\\\/16393_15.png\",\"contentUrl\":\"https:\\\/\\\/cookking.online\\\/wp-content\\\/uploads\\\/2026\\\/03\\\/16393_15.png\",\"width\":1080,\"height\":1080},{\"@type\":\"BreadcrumbList\",\"@id\":\"https:\\\/\\\/cookking.online\\\/katalogas\\\/peiliai\\\/suncraft-elegancia-steak-120-mm-ksk-06-virtuves-peilis\\\/#breadcrumb\",\"itemListElement\":[{\"@type\":\"ListItem\",\"position\":1,\"name\":\"Prad\u017eia\",\"item\":\"https:\\\/\\\/cookking.online\\\/\"},{\"@type\":\"ListItem\",\"position\":2,\"name\":\"Parduotuv\u0117\",\"item\":\"https:\\\/\\\/cookking.online\\\/parduotuve\\\/\"},{\"@type\":\"ListItem\",\"position\":3,\"name\":\"Suncraft ELEGANCIA Steak 120 mm [KSK-06] virtuv\u0117s peilis\"}]},{\"@type\":\"WebSite\",\"@id\":\"https:\\\/\\\/cookking.online\\\/#website\",\"url\":\"https:\\\/\\\/cookking.online\\\/\",\"name\":\"Cookking.online\",\"description\":\"\",\"publisher\":{\"@id\":\"https:\\\/\\\/cookking.online\\\/#organization\"},\"potentialAction\":[{\"@type\":\"SearchAction\",\"target\":{\"@type\":\"EntryPoint\",\"urlTemplate\":\"https:\\\/\\\/cookking.online\\\/?s={search_term_string}\"},\"query-input\":{\"@type\":\"PropertyValueSpecification\",\"valueRequired\":true,\"valueName\":\"search_term_string\"}}],\"inLanguage\":\"en-US\"},{\"@type\":\"Organization\",\"@id\":\"https:\\\/\\\/cookking.online\\\/#organization\",\"name\":\"Cookking.online\",\"url\":\"https:\\\/\\\/cookking.online\\\/\",\"logo\":{\"@type\":\"ImageObject\",\"inLanguage\":\"en-US\",\"@id\":\"https:\\\/\\\/cookking.online\\\/#\\\/schema\\\/logo\\\/image\\\/\",\"url\":\"https:\\\/\\\/cookking.online\\\/wp-content\\\/uploads\\\/2021\\\/11\\\/Logo.png\",\"contentUrl\":\"https:\\\/\\\/cookking.online\\\/wp-content\\\/uploads\\\/2021\\\/11\\\/Logo.png\",\"width\":291,\"height\":100,\"caption\":\"Cookking.online\"},\"image\":{\"@id\":\"https:\\\/\\\/cookking.online\\\/#\\\/schema\\\/logo\\\/image\\\/\"}}]}<\/script>\n<!-- \/ Yoast SEO plugin. -->","yoast_head_json":{"title":"Suncraft ELEGANCIA Steak 120 mm [KSK-06] virtuv\u0117s peilis - Cookking.online","description":"Suncraft ELEGANCIA Steak 120 mm virtuvinis peilis So\u010di\u0173 steik\u0173 m\u0117g\u0117jai \u012fvertins \u0161io Suncraft peili\u0173 tikslum\u0105. Kruop\u0161\u010diai suprojektuota rankena u\u017etikrina saug...","robots":{"index":"index","follow":"follow","max-snippet":"max-snippet:-1","max-image-preview":"max-image-preview:large","max-video-preview":"max-video-preview:-1"},"canonical":"https:\/\/cookking.online\/en\/katalogas\/peiliai\/suncraft-elegancia-steak-120-mm-ksk-06-virtuves-peilis\/","og_locale":"en_US","og_type":"article","og_title":"Suncraft ELEGANCIA Steak 120 mm [KSK-06] virtuv\u0117s peilis - Cookking.online","og_description":"Suncraft ELEGANCIA Steak 120 mm virtuvinis peilis So\u010di\u0173 steik\u0173 m\u0117g\u0117jai \u012fvertins \u0161io Suncraft peili\u0173 tikslum\u0105. Kruop\u0161\u010diai suprojektuota rankena u\u017etikrina saug...","og_url":"https:\/\/cookking.online\/en\/katalogas\/peiliai\/suncraft-elegancia-steak-120-mm-ksk-06-virtuves-peilis\/","og_site_name":"Cookking.online","article_modified_time":"2026-03-10T10:08:34+00:00","og_image":[{"width":1080,"height":1080,"url":"https:\/\/cookking.online\/wp-content\/uploads\/2026\/03\/16393_15.png","type":"image\/png"}],"twitter_card":"summary_large_image","twitter_misc":{"Est. reading time":"2 minutes"},"schema":{"@context":"https:\/\/schema.org","@graph":[{"@type":"WebPage","@id":"https:\/\/cookking.online\/katalogas\/peiliai\/suncraft-elegancia-steak-120-mm-ksk-06-virtuves-peilis\/","url":"https:\/\/cookking.online\/katalogas\/peiliai\/suncraft-elegancia-steak-120-mm-ksk-06-virtuves-peilis\/","name":"Suncraft ELEGANCIA Steak 120 mm [KSK-06] virtuv\u0117s peilis - Cookking.online","isPartOf":{"@id":"https:\/\/cookking.online\/#website"},"primaryImageOfPage":{"@id":"https:\/\/cookking.online\/katalogas\/peiliai\/suncraft-elegancia-steak-120-mm-ksk-06-virtuves-peilis\/#primaryimage"},"image":{"@id":"https:\/\/cookking.online\/katalogas\/peiliai\/suncraft-elegancia-steak-120-mm-ksk-06-virtuves-peilis\/#primaryimage"},"thumbnailUrl":"https:\/\/cookking.online\/wp-content\/uploads\/2026\/03\/16393_15.png","datePublished":"2026-03-10T09:18:50+00:00","dateModified":"2026-03-10T10:08:34+00:00","description":"Suncraft ELEGANCIA Steak 120 mm virtuvinis peilis So\u010di\u0173 steik\u0173 m\u0117g\u0117jai \u012fvertins \u0161io Suncraft peili\u0173 tikslum\u0105. Kruop\u0161\u010diai suprojektuota rankena u\u017etikrina saug...","breadcrumb":{"@id":"https:\/\/cookking.online\/katalogas\/peiliai\/suncraft-elegancia-steak-120-mm-ksk-06-virtuves-peilis\/#breadcrumb"},"inLanguage":"en-US","potentialAction":[{"@type":"ReadAction","target":["https:\/\/cookking.online\/katalogas\/peiliai\/suncraft-elegancia-steak-120-mm-ksk-06-virtuves-peilis\/"]}]},{"@type":"ImageObject","inLanguage":"en-US","@id":"https:\/\/cookking.online\/katalogas\/peiliai\/suncraft-elegancia-steak-120-mm-ksk-06-virtuves-peilis\/#primaryimage","url":"https:\/\/cookking.online\/wp-content\/uploads\/2026\/03\/16393_15.png","contentUrl":"https:\/\/cookking.online\/wp-content\/uploads\/2026\/03\/16393_15.png","width":1080,"height":1080},{"@type":"BreadcrumbList","@id":"https:\/\/cookking.online\/katalogas\/peiliai\/suncraft-elegancia-steak-120-mm-ksk-06-virtuves-peilis\/#breadcrumb","itemListElement":[{"@type":"ListItem","position":1,"name":"Prad\u017eia","item":"https:\/\/cookking.online\/"},{"@type":"ListItem","position":2,"name":"Parduotuv\u0117","item":"https:\/\/cookking.online\/parduotuve\/"},{"@type":"ListItem","position":3,"name":"Suncraft ELEGANCIA Steak 120 mm [KSK-06] virtuv\u0117s peilis"}]},{"@type":"WebSite","@id":"https:\/\/cookking.online\/#website","url":"https:\/\/cookking.online\/","name":"Cookking.online","description":"","publisher":{"@id":"https:\/\/cookking.online\/#organization"},"potentialAction":[{"@type":"SearchAction","target":{"@type":"EntryPoint","urlTemplate":"https:\/\/cookking.online\/?s={search_term_string}"},"query-input":{"@type":"PropertyValueSpecification","valueRequired":true,"valueName":"search_term_string"}}],"inLanguage":"en-US"},{"@type":"Organization","@id":"https:\/\/cookking.online\/#organization","name":"Cookking.online","url":"https:\/\/cookking.online\/","logo":{"@type":"ImageObject","inLanguage":"en-US","@id":"https:\/\/cookking.online\/#\/schema\/logo\/image\/","url":"https:\/\/cookking.online\/wp-content\/uploads\/2021\/11\/Logo.png","contentUrl":"https:\/\/cookking.online\/wp-content\/uploads\/2021\/11\/Logo.png","width":291,"height":100,"caption":"Cookking.online"},"image":{"@id":"https:\/\/cookking.online\/#\/schema\/logo\/image\/"}}]}},"_links":{"self":[{"href":"https:\/\/cookking.online\/en\/wp-json\/wp\/v2\/product\/34733","targetHints":{"allow":["GET"]}}],"collection":[{"href":"https:\/\/cookking.online\/en\/wp-json\/wp\/v2\/product"}],"about":[{"href":"https:\/\/cookking.online\/en\/wp-json\/wp\/v2\/types\/product"}],"wp:featuredmedia":[{"embeddable":true,"href":"https:\/\/cookking.online\/en\/wp-json\/wp\/v2\/media\/34703"}],"wp:attachment":[{"href":"https:\/\/cookking.online\/en\/wp-json\/wp\/v2\/media?parent=34733"}],"wp:term":[{"taxonomy":"product_brand","embeddable":true,"href":"https:\/\/cookking.online\/en\/wp-json\/wp\/v2\/product_brand?post=34733"},{"taxonomy":"product_cat","embeddable":true,"href":"https:\/\/cookking.online\/en\/wp-json\/wp\/v2\/product_cat?post=34733"},{"taxonomy":"product_tag","embeddable":true,"href":"https:\/\/cookking.online\/en\/wp-json\/wp\/v2\/product_tag?post=34733"}],"curies":[{"name":"wp","href":"https:\/\/api.w.org\/{rel}","templated":true}]}}