{"id":34752,"date":"2026-03-10T12:18:50","date_gmt":"2026-03-10T09:18:50","guid":{"rendered":"https:\/\/cookking.online\/?post_type=product&#038;p=34752"},"modified":"2026-03-10T13:08:25","modified_gmt":"2026-03-10T10:08:25","slug":"kanetsugu-saiun-daugiafunkcis-peilis-150-mm-kn-9002","status":"publish","type":"product","link":"https:\/\/cookking.online\/en\/katalogas\/peiliai\/kanetsugu-saiun-daugiafunkcis-peilis-150-mm-kn-9002\/","title":{"rendered":"Kanetsugu SAIUN daugiafunkcis peilis 150 mm [KN-9002]"},"content":{"rendered":"<\/p>\n<h1><span style=\"color: #ff0000\">Kanetsugu SAIUN daugiafunkcis peilis 150 mm<\/span><\/h1>\n<\/p>\n<p align=\"justify\">Daugiafunkcis peilis yra privalomas kiekvieno kulinarijos m\u0117g\u0117jo kolekcijos papildymas. Savo i\u0161vaizda jis primena \u0161efkokio peil\u012f. Jo ilgis nevir\u0161ija 150 mm, o panaudojimas yra labai universalus. Siaura a\u0161men\u0173 dalis leid\u017eia laisvai manevruoti peiliu pjaunant, lupant ar smulkinant nedidelio dyd\u017eio produktus. Daugiafunkcis peilis puikiai tinka tiek m\u0117sai, tiek \u017euvims ar dar\u017eov\u0117ms pjauti. Da\u017enai, vietoj siekiant didelio \u0161efkokio peilio, imame b\u016btent daugiafunkc\u012f peil\u012f pomidorui, kiau\u0161iniui ar s\u016brio gabal\u0117liui supjaustyt. D\u0117l savo matmen\u0173 juo nesusmulkinsime kop\u016bsto ar nesupiaustysi moli\u016bgo, bet su visais kitais produktais, kuri\u0173 prireikia, pavyzd\u017eiui, ruo\u0161iant sumu\u0161tin\u012f, jis puikiai susitvarko. Daugiafunkcis peilis kartu su \u0161efkokio peiliu yra da\u017eniausiai pasirenkamas peilis.<\/p>\n<p style=\"text-align: justify\">\n<h2 style=\"text-align: justify\">Charakteristin\u0117s savyb\u0117s.<\/h2>\n<p align=\"justify\">Kanetsugu prek\u0117s \u017eenklo \u201eSAIUN&#8221; peili\u0173 serija pasi\u017eymi ramesne, ta\u010diau \u017evilgan\u010dia dizaino stilistika. \u201eDamasceno&#8221; ra\u0161t\u0105 ant a\u0161men\u0173, sudaryt\u0105 i\u0161 32 \u201eVG-10&#8243; lydini\u0173 plienini\u0173 sluoksni\u0173, m\u0117gsta japonini\u0173 peili\u0173 entuziastai. Be to, a\u0161menys gr\u016bdinti iki 61 HRC kietumo pagal speciali\u0105 \u201esub-zero-treatment&#8221; terminio apdorojimo technologij\u0105, kai a\u0161menys labai greitai atv\u0117sinami iki -70 laipsni\u0173 Celsijaus. D\u0117l to \u201eSAIUN&#8221; serijos peili\u0173 a\u0161menys turi didesn\u0119 pjovimo gali\u0105 ir ilgiau i\u0161laiko a\u0161trum\u0105.<\/p>\n<p align=\"justify\">\n<p align=\"justify\">Retas peili\u0173 apdailos b\u016bdas, panaudotas \u201eSAIUN&#8221; serijoje, yra \u201eHamaguri&#8221;, vadinamas \u201emoliusk\u0173 kra\u0161tu&#8221;. Tai i\u0161kilusi a\u0161men\u0173 profilio forma, primenanti j\u016br\u0173 kriaukli\u0173 form\u0105. \u0160is sud\u0117tingas apdorojimas taikomas, be kita ko, samuraj\u0173 kalavijams ir skirtas sustiprinti virtuvinius peilius, suma\u017einti j\u0173 trapum\u0105, pritaikyti juos japoni\u0161kiems pjaustymo metodams, suma\u017einti pjaunamo produkto prilipim\u0105 prie a\u0161men\u0173.<\/p>\n<p align=\"justify\">\n<p align=\"justify\">Puiki juodos \u201emicartos&#8221; rankena papuo\u0161ta dviem knied\u0117mis ir ry\u0161kiu raudonu \u017eiedu. Sukurta pagal vakarieti\u0161k\u0105 stilistik\u0105, rankiniu b\u016bdu poliruota, ji u\u017etikrina puik\u0173 ir ergonomi\u0161k\u0105 laikym\u0105, suteikiant\u012f puiki\u0105 kontrol\u0119 pjaunant a\u0161menimis. Be to, micarta yra \u201eantibakterinis&#8221; med\u017eiaga, atspari dr\u0117gmei ir lengvai valoma. O j\u0105 vainikuojantis metalinis \u017eiedas neleid\u017eia pjaunamo produkto liku\u010diams prilipti ir palengvina peili\u0173 valym\u0105.<\/p>\n<p style=\"text-align: justify\">\n<h2 style=\"text-align: justify\">Techniniai duomenys:<\/h2>\n<p style=\"text-align: justify\"><strong>Plieno tipas:<\/strong><span> VG-10<\/span><br \/><strong>Rankenos med\u017eiaga:<\/strong><span> micarta<\/span><br \/><strong>Kietumas:<\/strong><span> +\/- 61 HRC <\/span><br \/><strong>Bendras ilgis:<\/strong><span> 260 mm<\/span><br \/><strong>A\u0161men\u0173 ilgis:<\/strong><span> 150 mm<\/span><br \/><strong>A\u0161men\u0173 plotis:<\/strong><span>  30 mm<\/span><br \/><strong>A\u0161men\u0173 storis:<\/strong><span> apie 1.7 mm<\/span><br \/><strong>Galandimo b\u016bdas:<\/strong><span> dvipusis simetrinis \u0161lifavimas<\/span><br \/><strong>Svoris:<\/strong><span> apie 100 g<\/span><\/p>","protected":false},"excerpt":{"rendered":"<p>Kanetsugu SAIUN daugiafunkcis peilis 150 mm Daugiafunkcis peilis yra privalomas kiekvieno kulinarijos m\u0117g\u0117jo kolekcijos papildymas. Savo i\u0161vaizda jis primena \u0161efkokio peil\u012f. Jo ilgis nevir\u0161ija 150 mm, o panaudojimas yra labai&#8230;<\/p>","protected":false},"featured_media":34735,"template":"","meta":[],"product_brand":[],"product_cat":[119],"product_tag":[],"class_list":{"0":"post-34752","1":"product","2":"type-product","3":"status-publish","4":"has-post-thumbnail","6":"product_cat-peiliai","8":"first","9":"instock","10":"taxable","11":"shipping-taxable","12":"purchasable","13":"product-type-simple"},"yoast_head":"<!-- This site is optimized with the Yoast SEO plugin v27.5 - https:\/\/yoast.com\/product\/yoast-seo-wordpress\/ -->\n<title>Kanetsugu SAIUN daugiafunkcis peilis 150 mm [KN-9002] - Cookking.online<\/title>\n<meta name=\"description\" content=\"Kanetsugu SAIUN daugiafunkcis peilis 150 mm Daugiafunkcis peilis yra privalomas kiekvieno kulinarijos m\u0117g\u0117jo kolekcijos papildymas. Savo i\u0161vaizda jis primena...\" \/>\n<meta name=\"robots\" content=\"index, follow, max-snippet:-1, max-image-preview:large, max-video-preview:-1\" \/>\n<link rel=\"canonical\" href=\"https:\/\/cookking.online\/en\/katalogas\/peiliai\/kanetsugu-saiun-daugiafunkcis-peilis-150-mm-kn-9002\/\" \/>\n<meta property=\"og:locale\" content=\"en_US\" \/>\n<meta property=\"og:type\" content=\"article\" \/>\n<meta property=\"og:title\" content=\"Kanetsugu SAIUN daugiafunkcis peilis 150 mm [KN-9002] - Cookking.online\" \/>\n<meta property=\"og:description\" content=\"Kanetsugu SAIUN daugiafunkcis peilis 150 mm Daugiafunkcis peilis yra privalomas kiekvieno kulinarijos m\u0117g\u0117jo kolekcijos papildymas. Savo i\u0161vaizda jis primena...\" \/>\n<meta property=\"og:url\" content=\"https:\/\/cookking.online\/en\/katalogas\/peiliai\/kanetsugu-saiun-daugiafunkcis-peilis-150-mm-kn-9002\/\" \/>\n<meta property=\"og:site_name\" content=\"Cookking.online\" \/>\n<meta property=\"article:modified_time\" content=\"2026-03-10T10:08:25+00:00\" \/>\n<meta property=\"og:image\" content=\"https:\/\/cookking.online\/wp-content\/uploads\/2026\/03\/14241_9.jpg\" \/>\n\t<meta property=\"og:image:width\" content=\"1600\" \/>\n\t<meta property=\"og:image:height\" content=\"1600\" \/>\n\t<meta property=\"og:image:type\" content=\"image\/jpeg\" \/>\n<meta name=\"twitter:card\" content=\"summary_large_image\" \/>\n<meta name=\"twitter:label1\" content=\"Est. reading time\" \/>\n\t<meta name=\"twitter:data1\" content=\"2 minutes\" \/>\n<script type=\"application\/ld+json\" class=\"yoast-schema-graph\">{\"@context\":\"https:\\\/\\\/schema.org\",\"@graph\":[{\"@type\":\"WebPage\",\"@id\":\"https:\\\/\\\/cookking.online\\\/katalogas\\\/peiliai\\\/kanetsugu-saiun-daugiafunkcis-peilis-150-mm-kn-9002\\\/\",\"url\":\"https:\\\/\\\/cookking.online\\\/katalogas\\\/peiliai\\\/kanetsugu-saiun-daugiafunkcis-peilis-150-mm-kn-9002\\\/\",\"name\":\"Kanetsugu SAIUN daugiafunkcis peilis 150 mm [KN-9002] - Cookking.online\",\"isPartOf\":{\"@id\":\"https:\\\/\\\/cookking.online\\\/#website\"},\"primaryImageOfPage\":{\"@id\":\"https:\\\/\\\/cookking.online\\\/katalogas\\\/peiliai\\\/kanetsugu-saiun-daugiafunkcis-peilis-150-mm-kn-9002\\\/#primaryimage\"},\"image\":{\"@id\":\"https:\\\/\\\/cookking.online\\\/katalogas\\\/peiliai\\\/kanetsugu-saiun-daugiafunkcis-peilis-150-mm-kn-9002\\\/#primaryimage\"},\"thumbnailUrl\":\"https:\\\/\\\/cookking.online\\\/wp-content\\\/uploads\\\/2026\\\/03\\\/14241_9.jpg\",\"datePublished\":\"2026-03-10T09:18:50+00:00\",\"dateModified\":\"2026-03-10T10:08:25+00:00\",\"description\":\"Kanetsugu SAIUN daugiafunkcis peilis 150 mm Daugiafunkcis peilis yra privalomas kiekvieno kulinarijos m\u0117g\u0117jo kolekcijos papildymas. Savo i\u0161vaizda jis primena...\",\"breadcrumb\":{\"@id\":\"https:\\\/\\\/cookking.online\\\/katalogas\\\/peiliai\\\/kanetsugu-saiun-daugiafunkcis-peilis-150-mm-kn-9002\\\/#breadcrumb\"},\"inLanguage\":\"en-US\",\"potentialAction\":[{\"@type\":\"ReadAction\",\"target\":[\"https:\\\/\\\/cookking.online\\\/katalogas\\\/peiliai\\\/kanetsugu-saiun-daugiafunkcis-peilis-150-mm-kn-9002\\\/\"]}]},{\"@type\":\"ImageObject\",\"inLanguage\":\"en-US\",\"@id\":\"https:\\\/\\\/cookking.online\\\/katalogas\\\/peiliai\\\/kanetsugu-saiun-daugiafunkcis-peilis-150-mm-kn-9002\\\/#primaryimage\",\"url\":\"https:\\\/\\\/cookking.online\\\/wp-content\\\/uploads\\\/2026\\\/03\\\/14241_9.jpg\",\"contentUrl\":\"https:\\\/\\\/cookking.online\\\/wp-content\\\/uploads\\\/2026\\\/03\\\/14241_9.jpg\",\"width\":1600,\"height\":1600},{\"@type\":\"BreadcrumbList\",\"@id\":\"https:\\\/\\\/cookking.online\\\/katalogas\\\/peiliai\\\/kanetsugu-saiun-daugiafunkcis-peilis-150-mm-kn-9002\\\/#breadcrumb\",\"itemListElement\":[{\"@type\":\"ListItem\",\"position\":1,\"name\":\"Prad\u017eia\",\"item\":\"https:\\\/\\\/cookking.online\\\/\"},{\"@type\":\"ListItem\",\"position\":2,\"name\":\"Parduotuv\u0117\",\"item\":\"https:\\\/\\\/cookking.online\\\/parduotuve\\\/\"},{\"@type\":\"ListItem\",\"position\":3,\"name\":\"Kanetsugu SAIUN daugiafunkcis peilis 150 mm [KN-9002]\"}]},{\"@type\":\"WebSite\",\"@id\":\"https:\\\/\\\/cookking.online\\\/#website\",\"url\":\"https:\\\/\\\/cookking.online\\\/\",\"name\":\"Cookking.online\",\"description\":\"\",\"publisher\":{\"@id\":\"https:\\\/\\\/cookking.online\\\/#organization\"},\"potentialAction\":[{\"@type\":\"SearchAction\",\"target\":{\"@type\":\"EntryPoint\",\"urlTemplate\":\"https:\\\/\\\/cookking.online\\\/?s={search_term_string}\"},\"query-input\":{\"@type\":\"PropertyValueSpecification\",\"valueRequired\":true,\"valueName\":\"search_term_string\"}}],\"inLanguage\":\"en-US\"},{\"@type\":\"Organization\",\"@id\":\"https:\\\/\\\/cookking.online\\\/#organization\",\"name\":\"Cookking.online\",\"url\":\"https:\\\/\\\/cookking.online\\\/\",\"logo\":{\"@type\":\"ImageObject\",\"inLanguage\":\"en-US\",\"@id\":\"https:\\\/\\\/cookking.online\\\/#\\\/schema\\\/logo\\\/image\\\/\",\"url\":\"https:\\\/\\\/cookking.online\\\/wp-content\\\/uploads\\\/2021\\\/11\\\/Logo.png\",\"contentUrl\":\"https:\\\/\\\/cookking.online\\\/wp-content\\\/uploads\\\/2021\\\/11\\\/Logo.png\",\"width\":291,\"height\":100,\"caption\":\"Cookking.online\"},\"image\":{\"@id\":\"https:\\\/\\\/cookking.online\\\/#\\\/schema\\\/logo\\\/image\\\/\"}}]}<\/script>\n<!-- \/ Yoast SEO plugin. -->","yoast_head_json":{"title":"Kanetsugu SAIUN daugiafunkcis peilis 150 mm [KN-9002] - Cookking.online","description":"Kanetsugu SAIUN daugiafunkcis peilis 150 mm Daugiafunkcis peilis yra privalomas kiekvieno kulinarijos m\u0117g\u0117jo kolekcijos papildymas. Savo i\u0161vaizda jis primena...","robots":{"index":"index","follow":"follow","max-snippet":"max-snippet:-1","max-image-preview":"max-image-preview:large","max-video-preview":"max-video-preview:-1"},"canonical":"https:\/\/cookking.online\/en\/katalogas\/peiliai\/kanetsugu-saiun-daugiafunkcis-peilis-150-mm-kn-9002\/","og_locale":"en_US","og_type":"article","og_title":"Kanetsugu SAIUN daugiafunkcis peilis 150 mm [KN-9002] - Cookking.online","og_description":"Kanetsugu SAIUN daugiafunkcis peilis 150 mm Daugiafunkcis peilis yra privalomas kiekvieno kulinarijos m\u0117g\u0117jo kolekcijos papildymas. Savo i\u0161vaizda jis primena...","og_url":"https:\/\/cookking.online\/en\/katalogas\/peiliai\/kanetsugu-saiun-daugiafunkcis-peilis-150-mm-kn-9002\/","og_site_name":"Cookking.online","article_modified_time":"2026-03-10T10:08:25+00:00","og_image":[{"width":1600,"height":1600,"url":"https:\/\/cookking.online\/wp-content\/uploads\/2026\/03\/14241_9.jpg","type":"image\/jpeg"}],"twitter_card":"summary_large_image","twitter_misc":{"Est. reading time":"2 minutes"},"schema":{"@context":"https:\/\/schema.org","@graph":[{"@type":"WebPage","@id":"https:\/\/cookking.online\/katalogas\/peiliai\/kanetsugu-saiun-daugiafunkcis-peilis-150-mm-kn-9002\/","url":"https:\/\/cookking.online\/katalogas\/peiliai\/kanetsugu-saiun-daugiafunkcis-peilis-150-mm-kn-9002\/","name":"Kanetsugu SAIUN daugiafunkcis peilis 150 mm [KN-9002] - Cookking.online","isPartOf":{"@id":"https:\/\/cookking.online\/#website"},"primaryImageOfPage":{"@id":"https:\/\/cookking.online\/katalogas\/peiliai\/kanetsugu-saiun-daugiafunkcis-peilis-150-mm-kn-9002\/#primaryimage"},"image":{"@id":"https:\/\/cookking.online\/katalogas\/peiliai\/kanetsugu-saiun-daugiafunkcis-peilis-150-mm-kn-9002\/#primaryimage"},"thumbnailUrl":"https:\/\/cookking.online\/wp-content\/uploads\/2026\/03\/14241_9.jpg","datePublished":"2026-03-10T09:18:50+00:00","dateModified":"2026-03-10T10:08:25+00:00","description":"Kanetsugu SAIUN daugiafunkcis peilis 150 mm Daugiafunkcis peilis yra privalomas kiekvieno kulinarijos m\u0117g\u0117jo kolekcijos papildymas. Savo i\u0161vaizda jis primena...","breadcrumb":{"@id":"https:\/\/cookking.online\/katalogas\/peiliai\/kanetsugu-saiun-daugiafunkcis-peilis-150-mm-kn-9002\/#breadcrumb"},"inLanguage":"en-US","potentialAction":[{"@type":"ReadAction","target":["https:\/\/cookking.online\/katalogas\/peiliai\/kanetsugu-saiun-daugiafunkcis-peilis-150-mm-kn-9002\/"]}]},{"@type":"ImageObject","inLanguage":"en-US","@id":"https:\/\/cookking.online\/katalogas\/peiliai\/kanetsugu-saiun-daugiafunkcis-peilis-150-mm-kn-9002\/#primaryimage","url":"https:\/\/cookking.online\/wp-content\/uploads\/2026\/03\/14241_9.jpg","contentUrl":"https:\/\/cookking.online\/wp-content\/uploads\/2026\/03\/14241_9.jpg","width":1600,"height":1600},{"@type":"BreadcrumbList","@id":"https:\/\/cookking.online\/katalogas\/peiliai\/kanetsugu-saiun-daugiafunkcis-peilis-150-mm-kn-9002\/#breadcrumb","itemListElement":[{"@type":"ListItem","position":1,"name":"Prad\u017eia","item":"https:\/\/cookking.online\/"},{"@type":"ListItem","position":2,"name":"Parduotuv\u0117","item":"https:\/\/cookking.online\/parduotuve\/"},{"@type":"ListItem","position":3,"name":"Kanetsugu SAIUN daugiafunkcis peilis 150 mm [KN-9002]"}]},{"@type":"WebSite","@id":"https:\/\/cookking.online\/#website","url":"https:\/\/cookking.online\/","name":"Cookking.online","description":"","publisher":{"@id":"https:\/\/cookking.online\/#organization"},"potentialAction":[{"@type":"SearchAction","target":{"@type":"EntryPoint","urlTemplate":"https:\/\/cookking.online\/?s={search_term_string}"},"query-input":{"@type":"PropertyValueSpecification","valueRequired":true,"valueName":"search_term_string"}}],"inLanguage":"en-US"},{"@type":"Organization","@id":"https:\/\/cookking.online\/#organization","name":"Cookking.online","url":"https:\/\/cookking.online\/","logo":{"@type":"ImageObject","inLanguage":"en-US","@id":"https:\/\/cookking.online\/#\/schema\/logo\/image\/","url":"https:\/\/cookking.online\/wp-content\/uploads\/2021\/11\/Logo.png","contentUrl":"https:\/\/cookking.online\/wp-content\/uploads\/2021\/11\/Logo.png","width":291,"height":100,"caption":"Cookking.online"},"image":{"@id":"https:\/\/cookking.online\/#\/schema\/logo\/image\/"}}]}},"_links":{"self":[{"href":"https:\/\/cookking.online\/en\/wp-json\/wp\/v2\/product\/34752","targetHints":{"allow":["GET"]}}],"collection":[{"href":"https:\/\/cookking.online\/en\/wp-json\/wp\/v2\/product"}],"about":[{"href":"https:\/\/cookking.online\/en\/wp-json\/wp\/v2\/types\/product"}],"wp:featuredmedia":[{"embeddable":true,"href":"https:\/\/cookking.online\/en\/wp-json\/wp\/v2\/media\/34735"}],"wp:attachment":[{"href":"https:\/\/cookking.online\/en\/wp-json\/wp\/v2\/media?parent=34752"}],"wp:term":[{"taxonomy":"product_brand","embeddable":true,"href":"https:\/\/cookking.online\/en\/wp-json\/wp\/v2\/product_brand?post=34752"},{"taxonomy":"product_cat","embeddable":true,"href":"https:\/\/cookking.online\/en\/wp-json\/wp\/v2\/product_cat?post=34752"},{"taxonomy":"product_tag","embeddable":true,"href":"https:\/\/cookking.online\/en\/wp-json\/wp\/v2\/product_tag?post=34752"}],"curies":[{"name":"wp","href":"https:\/\/api.w.org\/{rel}","templated":true}]}}