{"id":34786,"date":"2026-03-10T12:18:50","date_gmt":"2026-03-10T09:18:50","guid":{"rendered":"https:\/\/cookking.online\/?post_type=product&#038;p=34786"},"modified":"2026-03-10T13:08:16","modified_gmt":"2026-03-10T10:08:16","slug":"tetsuhiro-kd-gyuto-210-mm-kd-855-virtuves-peilis-2","status":"publish","type":"product","link":"https:\/\/cookking.online\/en\/katalogas\/peiliai\/tetsuhiro-kd-gyuto-210-mm-kd-855-virtuves-peilis-2\/","title":{"rendered":"Tetsuhiro KD Gyuto 210 mm [KD-855] virtuv\u0117s peilis"},"content":{"rendered":"<h1><span style=\"color: #ff0000\">Tetsuhiro KD Gyuto 210 mm virtuvinis peilis<\/span><\/h1>\n<\/p>\n<p style=\"text-align: justify\" align=\"justify\"><span>Gyuto tipo peilis yra pagrindinis m\u0117g\u0117jo ir profesionalo virtuv\u0117s peilis. <\/span><span>Tai universalus peilis, tinkantis darbui su m\u0117sa, \u017euvimis ir dar\u017eov\u0117mis. Europos \u0161ef\u0173 peilis yra ekvivalentas Gyuto peili\u0173. Lankstumo suteikianti apvalinta a\u0161men\u0173 forma palengvina pjovim\u0105 svyruojamaisiais judesiais, o a\u0161trus galiukas praver\u010dia fil\u0117jant ir i\u0161pjaunant. Gana pla\u010dios Gyuto peili\u0173 a\u0161menys leid\u017eia perkelti supjaustytas produktas tiesiai \u012f puod\u0105 ar keptuv\u0119. \u0160iuo peiliu galite supjaustyti didelius m\u0117sos gabalus ir smulkinti kop\u016bstus, o kiekvienas pj\u016bvis bus idealiai lygus ir nesupl\u0117\u0161ytas. Jei ie\u0161kote savo pirmojo japon\u0173 peilio, Gyuto yra puikus pasirinkimas.<\/span><\/p>\n<\/p>\n<h2>I\u0161skirtin\u0117s savyb\u0117s.<\/h2>\n<p style=\"text-align: justify\" align=\"justify\"><span>KD serijos peiliai patraukia d\u0117mes\u012f nuostabiu damaskininiu ra\u0161tu ant VG-10 plieno a\u0161men\u0173. <\/span><span>Kiekvienas peilis yra unikalus ir n\u0117ra dviej\u0173 vienod\u0173. A\u0161menys i\u0161 puikios kokyb\u0117s VG-10 plieno u\u017egr\u016bdinti iki 61 HRC lygio, suteikiant jiems did\u017eiul\u012f kietum\u0105 ir i\u0161skirtin\u012f a\u0161trum\u0105. Sant\u016br\u0173 stili\u0173 papildo europieti\u0161kai \u012fkv\u0117pta juoda mikartin\u0117 rankena. <\/span><span>Ja vainikuoja ner\u016bdijan\u010dio plieno \u017eiedas, neleid\u017eiantis dr\u0117gmei patekti \u012f ranken\u0105 ir palengvinantis peilio prie\u017ei\u016br\u0105.<\/span><\/p>\n<\/p>\n<h2>Technin\u0117s specifikacijos:<\/h2>\n<p><strong>Plieno tipas:<\/strong><span> VG-10<\/span><br \/><strong>Rankenos med\u017eiaga:<\/strong><span> mikarta<\/span><br \/><strong>Kietumas:<\/strong><span> +\/- 60\/61 HRC <\/span><br \/><strong>Bendras ilgis:<\/strong><span> 340 mm<\/span><br \/><strong>A\u0161men\u0173 ilgis:<\/strong><span> 210 mm<\/span><br \/><strong>A\u0161men\u0173 plotis:<\/strong><span>  43 mm<\/span><br \/><strong>A\u0161men\u0173 storis:<\/strong><span> apie 1.7 mm<\/span><br \/><strong>Galandimo b\u016bdas:<\/strong><span> dvi\u0161lakis simetrinis gal\u0105stymas<\/span><br \/><strong>Svoris:<\/strong><span> apie 210 g<\/span><\/p>","protected":false},"excerpt":{"rendered":"<p>Tetsuhiro KD Gyuto 210 mm virtuvinis peilis Gyuto tipo peilis yra pagrindinis m\u0117g\u0117jo ir profesionalo virtuv\u0117s peilis. Tai universalus peilis, tinkantis darbui su m\u0117sa, \u017euvimis ir dar\u017eov\u0117mis. Europos \u0161ef\u0173 peilis&#8230;<\/p>","protected":false},"featured_media":34755,"template":"","meta":[],"product_brand":[],"product_cat":[119],"product_tag":[],"class_list":{"0":"post-34786","1":"product","2":"type-product","3":"status-publish","4":"has-post-thumbnail","6":"product_cat-peiliai","8":"first","9":"instock","10":"taxable","11":"shipping-taxable","12":"purchasable","13":"product-type-simple"},"yoast_head":"<!-- This site is optimized with the Yoast SEO plugin v27.3 - https:\/\/yoast.com\/product\/yoast-seo-wordpress\/ -->\n<title>Tetsuhiro KD Gyuto 210 mm [KD-855] virtuv\u0117s peilis - Cookking.online<\/title>\n<meta name=\"description\" content=\"Tetsuhiro KD Gyuto 210 mm virtuvinis peilis Gyuto tipo peilis yra pagrindinis m\u0117g\u0117jo ir profesionalo virtuv\u0117s peilis. Tai universalus peilis, tinkantis darbu...\" \/>\n<meta name=\"robots\" content=\"index, follow, max-snippet:-1, max-image-preview:large, max-video-preview:-1\" \/>\n<link rel=\"canonical\" href=\"https:\/\/cookking.online\/en\/katalogas\/peiliai\/tetsuhiro-kd-gyuto-210-mm-kd-855-virtuves-peilis-2\/\" \/>\n<meta property=\"og:locale\" content=\"en_US\" \/>\n<meta property=\"og:type\" content=\"article\" \/>\n<meta property=\"og:title\" content=\"Tetsuhiro KD Gyuto 210 mm [KD-855] virtuv\u0117s peilis - Cookking.online\" \/>\n<meta property=\"og:description\" content=\"Tetsuhiro KD Gyuto 210 mm virtuvinis peilis Gyuto tipo peilis yra pagrindinis m\u0117g\u0117jo ir profesionalo virtuv\u0117s peilis. Tai universalus peilis, tinkantis darbu...\" \/>\n<meta property=\"og:url\" content=\"https:\/\/cookking.online\/en\/katalogas\/peiliai\/tetsuhiro-kd-gyuto-210-mm-kd-855-virtuves-peilis-2\/\" \/>\n<meta property=\"og:site_name\" content=\"Cookking.online\" \/>\n<meta property=\"article:modified_time\" content=\"2026-03-10T10:08:16+00:00\" \/>\n<meta property=\"og:image\" content=\"https:\/\/cookking.online\/wp-content\/uploads\/2026\/03\/14201_2-1.png\" \/>\n\t<meta property=\"og:image:width\" content=\"1205\" \/>\n\t<meta property=\"og:image:height\" content=\"726\" \/>\n\t<meta property=\"og:image:type\" content=\"image\/png\" \/>\n<meta name=\"twitter:card\" content=\"summary_large_image\" \/>\n<meta name=\"twitter:label1\" content=\"Est. reading time\" \/>\n\t<meta name=\"twitter:data1\" content=\"1 minute\" \/>\n<script type=\"application\/ld+json\" class=\"yoast-schema-graph\">{\"@context\":\"https:\\\/\\\/schema.org\",\"@graph\":[{\"@type\":\"WebPage\",\"@id\":\"https:\\\/\\\/cookking.online\\\/katalogas\\\/peiliai\\\/tetsuhiro-kd-gyuto-210-mm-kd-855-virtuves-peilis-2\\\/\",\"url\":\"https:\\\/\\\/cookking.online\\\/katalogas\\\/peiliai\\\/tetsuhiro-kd-gyuto-210-mm-kd-855-virtuves-peilis-2\\\/\",\"name\":\"Tetsuhiro KD Gyuto 210 mm [KD-855] virtuv\u0117s peilis - Cookking.online\",\"isPartOf\":{\"@id\":\"https:\\\/\\\/cookking.online\\\/#website\"},\"primaryImageOfPage\":{\"@id\":\"https:\\\/\\\/cookking.online\\\/katalogas\\\/peiliai\\\/tetsuhiro-kd-gyuto-210-mm-kd-855-virtuves-peilis-2\\\/#primaryimage\"},\"image\":{\"@id\":\"https:\\\/\\\/cookking.online\\\/katalogas\\\/peiliai\\\/tetsuhiro-kd-gyuto-210-mm-kd-855-virtuves-peilis-2\\\/#primaryimage\"},\"thumbnailUrl\":\"https:\\\/\\\/cookking.online\\\/wp-content\\\/uploads\\\/2026\\\/03\\\/14201_2-1.png\",\"datePublished\":\"2026-03-10T09:18:50+00:00\",\"dateModified\":\"2026-03-10T10:08:16+00:00\",\"description\":\"Tetsuhiro KD Gyuto 210 mm virtuvinis peilis Gyuto tipo peilis yra pagrindinis m\u0117g\u0117jo ir profesionalo virtuv\u0117s peilis. Tai universalus peilis, tinkantis darbu...\",\"breadcrumb\":{\"@id\":\"https:\\\/\\\/cookking.online\\\/katalogas\\\/peiliai\\\/tetsuhiro-kd-gyuto-210-mm-kd-855-virtuves-peilis-2\\\/#breadcrumb\"},\"inLanguage\":\"en-US\",\"potentialAction\":[{\"@type\":\"ReadAction\",\"target\":[\"https:\\\/\\\/cookking.online\\\/katalogas\\\/peiliai\\\/tetsuhiro-kd-gyuto-210-mm-kd-855-virtuves-peilis-2\\\/\"]}]},{\"@type\":\"ImageObject\",\"inLanguage\":\"en-US\",\"@id\":\"https:\\\/\\\/cookking.online\\\/katalogas\\\/peiliai\\\/tetsuhiro-kd-gyuto-210-mm-kd-855-virtuves-peilis-2\\\/#primaryimage\",\"url\":\"https:\\\/\\\/cookking.online\\\/wp-content\\\/uploads\\\/2026\\\/03\\\/14201_2-1.png\",\"contentUrl\":\"https:\\\/\\\/cookking.online\\\/wp-content\\\/uploads\\\/2026\\\/03\\\/14201_2-1.png\",\"width\":1205,\"height\":726},{\"@type\":\"BreadcrumbList\",\"@id\":\"https:\\\/\\\/cookking.online\\\/katalogas\\\/peiliai\\\/tetsuhiro-kd-gyuto-210-mm-kd-855-virtuves-peilis-2\\\/#breadcrumb\",\"itemListElement\":[{\"@type\":\"ListItem\",\"position\":1,\"name\":\"Prad\u017eia\",\"item\":\"https:\\\/\\\/cookking.online\\\/\"},{\"@type\":\"ListItem\",\"position\":2,\"name\":\"Parduotuv\u0117\",\"item\":\"https:\\\/\\\/cookking.online\\\/parduotuve\\\/\"},{\"@type\":\"ListItem\",\"position\":3,\"name\":\"Tetsuhiro KD Gyuto 210 mm [KD-855] virtuv\u0117s peilis\"}]},{\"@type\":\"WebSite\",\"@id\":\"https:\\\/\\\/cookking.online\\\/#website\",\"url\":\"https:\\\/\\\/cookking.online\\\/\",\"name\":\"Cookking.online\",\"description\":\"\",\"publisher\":{\"@id\":\"https:\\\/\\\/cookking.online\\\/#organization\"},\"potentialAction\":[{\"@type\":\"SearchAction\",\"target\":{\"@type\":\"EntryPoint\",\"urlTemplate\":\"https:\\\/\\\/cookking.online\\\/?s={search_term_string}\"},\"query-input\":{\"@type\":\"PropertyValueSpecification\",\"valueRequired\":true,\"valueName\":\"search_term_string\"}}],\"inLanguage\":\"en-US\"},{\"@type\":\"Organization\",\"@id\":\"https:\\\/\\\/cookking.online\\\/#organization\",\"name\":\"Cookking.online\",\"url\":\"https:\\\/\\\/cookking.online\\\/\",\"logo\":{\"@type\":\"ImageObject\",\"inLanguage\":\"en-US\",\"@id\":\"https:\\\/\\\/cookking.online\\\/#\\\/schema\\\/logo\\\/image\\\/\",\"url\":\"https:\\\/\\\/cookking.online\\\/wp-content\\\/uploads\\\/2021\\\/11\\\/Logo.png\",\"contentUrl\":\"https:\\\/\\\/cookking.online\\\/wp-content\\\/uploads\\\/2021\\\/11\\\/Logo.png\",\"width\":291,\"height\":100,\"caption\":\"Cookking.online\"},\"image\":{\"@id\":\"https:\\\/\\\/cookking.online\\\/#\\\/schema\\\/logo\\\/image\\\/\"}}]}<\/script>\n<!-- \/ Yoast SEO plugin. -->","yoast_head_json":{"title":"Tetsuhiro KD Gyuto 210 mm [KD-855] virtuv\u0117s peilis - Cookking.online","description":"Tetsuhiro KD Gyuto 210 mm virtuvinis peilis Gyuto tipo peilis yra pagrindinis m\u0117g\u0117jo ir profesionalo virtuv\u0117s peilis. Tai universalus peilis, tinkantis darbu...","robots":{"index":"index","follow":"follow","max-snippet":"max-snippet:-1","max-image-preview":"max-image-preview:large","max-video-preview":"max-video-preview:-1"},"canonical":"https:\/\/cookking.online\/en\/katalogas\/peiliai\/tetsuhiro-kd-gyuto-210-mm-kd-855-virtuves-peilis-2\/","og_locale":"en_US","og_type":"article","og_title":"Tetsuhiro KD Gyuto 210 mm [KD-855] virtuv\u0117s peilis - Cookking.online","og_description":"Tetsuhiro KD Gyuto 210 mm virtuvinis peilis Gyuto tipo peilis yra pagrindinis m\u0117g\u0117jo ir profesionalo virtuv\u0117s peilis. Tai universalus peilis, tinkantis darbu...","og_url":"https:\/\/cookking.online\/en\/katalogas\/peiliai\/tetsuhiro-kd-gyuto-210-mm-kd-855-virtuves-peilis-2\/","og_site_name":"Cookking.online","article_modified_time":"2026-03-10T10:08:16+00:00","og_image":[{"width":1205,"height":726,"url":"https:\/\/cookking.online\/wp-content\/uploads\/2026\/03\/14201_2-1.png","type":"image\/png"}],"twitter_card":"summary_large_image","twitter_misc":{"Est. reading time":"1 minute"},"schema":{"@context":"https:\/\/schema.org","@graph":[{"@type":"WebPage","@id":"https:\/\/cookking.online\/katalogas\/peiliai\/tetsuhiro-kd-gyuto-210-mm-kd-855-virtuves-peilis-2\/","url":"https:\/\/cookking.online\/katalogas\/peiliai\/tetsuhiro-kd-gyuto-210-mm-kd-855-virtuves-peilis-2\/","name":"Tetsuhiro KD Gyuto 210 mm [KD-855] virtuv\u0117s peilis - Cookking.online","isPartOf":{"@id":"https:\/\/cookking.online\/#website"},"primaryImageOfPage":{"@id":"https:\/\/cookking.online\/katalogas\/peiliai\/tetsuhiro-kd-gyuto-210-mm-kd-855-virtuves-peilis-2\/#primaryimage"},"image":{"@id":"https:\/\/cookking.online\/katalogas\/peiliai\/tetsuhiro-kd-gyuto-210-mm-kd-855-virtuves-peilis-2\/#primaryimage"},"thumbnailUrl":"https:\/\/cookking.online\/wp-content\/uploads\/2026\/03\/14201_2-1.png","datePublished":"2026-03-10T09:18:50+00:00","dateModified":"2026-03-10T10:08:16+00:00","description":"Tetsuhiro KD Gyuto 210 mm virtuvinis peilis Gyuto tipo peilis yra pagrindinis m\u0117g\u0117jo ir profesionalo virtuv\u0117s peilis. Tai universalus peilis, tinkantis darbu...","breadcrumb":{"@id":"https:\/\/cookking.online\/katalogas\/peiliai\/tetsuhiro-kd-gyuto-210-mm-kd-855-virtuves-peilis-2\/#breadcrumb"},"inLanguage":"en-US","potentialAction":[{"@type":"ReadAction","target":["https:\/\/cookking.online\/katalogas\/peiliai\/tetsuhiro-kd-gyuto-210-mm-kd-855-virtuves-peilis-2\/"]}]},{"@type":"ImageObject","inLanguage":"en-US","@id":"https:\/\/cookking.online\/katalogas\/peiliai\/tetsuhiro-kd-gyuto-210-mm-kd-855-virtuves-peilis-2\/#primaryimage","url":"https:\/\/cookking.online\/wp-content\/uploads\/2026\/03\/14201_2-1.png","contentUrl":"https:\/\/cookking.online\/wp-content\/uploads\/2026\/03\/14201_2-1.png","width":1205,"height":726},{"@type":"BreadcrumbList","@id":"https:\/\/cookking.online\/katalogas\/peiliai\/tetsuhiro-kd-gyuto-210-mm-kd-855-virtuves-peilis-2\/#breadcrumb","itemListElement":[{"@type":"ListItem","position":1,"name":"Prad\u017eia","item":"https:\/\/cookking.online\/"},{"@type":"ListItem","position":2,"name":"Parduotuv\u0117","item":"https:\/\/cookking.online\/parduotuve\/"},{"@type":"ListItem","position":3,"name":"Tetsuhiro KD Gyuto 210 mm [KD-855] virtuv\u0117s peilis"}]},{"@type":"WebSite","@id":"https:\/\/cookking.online\/#website","url":"https:\/\/cookking.online\/","name":"Cookking.online","description":"","publisher":{"@id":"https:\/\/cookking.online\/#organization"},"potentialAction":[{"@type":"SearchAction","target":{"@type":"EntryPoint","urlTemplate":"https:\/\/cookking.online\/?s={search_term_string}"},"query-input":{"@type":"PropertyValueSpecification","valueRequired":true,"valueName":"search_term_string"}}],"inLanguage":"en-US"},{"@type":"Organization","@id":"https:\/\/cookking.online\/#organization","name":"Cookking.online","url":"https:\/\/cookking.online\/","logo":{"@type":"ImageObject","inLanguage":"en-US","@id":"https:\/\/cookking.online\/#\/schema\/logo\/image\/","url":"https:\/\/cookking.online\/wp-content\/uploads\/2021\/11\/Logo.png","contentUrl":"https:\/\/cookking.online\/wp-content\/uploads\/2021\/11\/Logo.png","width":291,"height":100,"caption":"Cookking.online"},"image":{"@id":"https:\/\/cookking.online\/#\/schema\/logo\/image\/"}}]}},"_links":{"self":[{"href":"https:\/\/cookking.online\/en\/wp-json\/wp\/v2\/product\/34786","targetHints":{"allow":["GET"]}}],"collection":[{"href":"https:\/\/cookking.online\/en\/wp-json\/wp\/v2\/product"}],"about":[{"href":"https:\/\/cookking.online\/en\/wp-json\/wp\/v2\/types\/product"}],"wp:featuredmedia":[{"embeddable":true,"href":"https:\/\/cookking.online\/en\/wp-json\/wp\/v2\/media\/34755"}],"wp:attachment":[{"href":"https:\/\/cookking.online\/en\/wp-json\/wp\/v2\/media?parent=34786"}],"wp:term":[{"taxonomy":"product_brand","embeddable":true,"href":"https:\/\/cookking.online\/en\/wp-json\/wp\/v2\/product_brand?post=34786"},{"taxonomy":"product_cat","embeddable":true,"href":"https:\/\/cookking.online\/en\/wp-json\/wp\/v2\/product_cat?post=34786"},{"taxonomy":"product_tag","embeddable":true,"href":"https:\/\/cookking.online\/en\/wp-json\/wp\/v2\/product_tag?post=34786"}],"curies":[{"name":"wp","href":"https:\/\/api.w.org\/{rel}","templated":true}]}}