{"id":34800,"date":"2026-03-10T12:18:50","date_gmt":"2026-03-10T09:18:50","guid":{"rendered":"https:\/\/cookking.online\/?post_type=product&#038;p=34800"},"modified":"2026-03-10T13:08:09","modified_gmt":"2026-03-10T10:08:09","slug":"kanetsugu-saiun-naudingumas-120-mm-peilis-kn-9001","status":"publish","type":"product","link":"https:\/\/cookking.online\/en\/katalogas\/peiliai\/kanetsugu-saiun-naudingumas-120-mm-peilis-kn-9001\/","title":{"rendered":"Kanetsugu SAIUN naudingumas 120 mm peilis [KN-9001]"},"content":{"rendered":"<h1><span style=\"color: #ff0000\">Kanetsugu SAIUN Utility 120 mm peilis<\/span><\/h1>\n<\/p>\n<p align=\"justify\">\u012erankio tipo <strong>Utility<\/strong> peilis yra papildomas \u012frankis kiekvieno kulinarijos m\u0117g\u0117jo kolekcijoje. Savo i\u0161vaizda jis priimina vir\u0117jo peil\u012f. Jo ilgis nevir\u0161ija 150 mm, o pritaikymas yra labai universalus. Siauras a\u0161men\u0173 kompleksas leid\u017eia laisvai manevruoti a\u0161meniu pjaunant, lupant ar smulkinant nedidelius produktus. <strong>Utility<\/strong> peilis puikiai susitvarko tiek su m\u0117sa, tiek su \u017euvimis ar dar\u017eov\u0117mis. Da\u017enai vietoj to, kad pasiektume didel\u012f vir\u0117jo peil\u012f, paimame <strong>Utility<\/strong> tipo a\u0161men\u012f, kad greitai supjaustyti pomidor\u0105, kiau\u0161in\u012f ar s\u016brio gabal\u0117l\u012f. D\u0117l savo matmen\u0173 mes nesukapotume kop\u016bsto ar nesumu\u0161tume moli\u016bgo, ta\u010diau puikiai susidoros su kitais produktais, kuriuos paprastai pasirenkame, ruo\u0161dami, pvz., sumu\u0161tin\u012f. <strong>Utility<\/strong>, greta vir\u0117jo peilio, yra da\u017eniausiai pasirenkamas a\u0161muo.<\/p>\n<p style=\"text-align: justify\">\n<h2 style=\"text-align: justify\">Charakteristin\u0117s savyb\u0117s.<\/h2>\n<p align=\"justify\">Kanetsugu <strong>SAIUN<\/strong> peili\u0173 serija pasi\u017eymi sant\u016bria, bet patrauklia estetika. <strong>Dama\u0161kin\u0117s<\/strong> a\u0161men\u0173 ra\u0161to, sudaran\u010dio 32 plienini\u0173 sluoksni\u0173, u\u017ekalt\u0173 ant <strong>VG-10<\/strong> lydini\u0173 branduolio, i\u0161vaizda &#8211; tai ka\u017ekas, k\u0105 m\u0117gsta japonini\u0173 peili\u0173 entuziastai. Be to, a\u0161menys gr\u016bdinti iki <strong>61 HRC<\/strong> naudojant special\u0173 <em>\u201esub-zero-treatment&#8221;<\/em> proces\u0105, rei\u0161kiant\u012f labai greit\u0105 a\u0161mens atv\u0117sinim\u0105 iki -70 laipsni\u0173 Celsijaus terminio apdorojimo metu. D\u0117l to <strong>SAIUN<\/strong> serijos a\u0161menys turi didesn\u012f pjovimo agresij\u0105 ir ilgiau i\u0161laiko a\u0161trum\u0105.<\/p>\n<p align=\"justify\">\n<p align=\"justify\">Retu peili\u0173 apdailos b\u016bdu, panaudotu <strong>SAIUN<\/strong> serijoje, yra <em>Hamaguri<\/em>, vadinamas <em>\u201ekriauklel\u0117s briauna&#8221;<\/em>. Tai a\u0161men\u0173 profilio i\u0161kilumas, suteikiantis jiems kriauklel\u0117s form\u0105. \u0160is sud\u0117tingas apdailos b\u016bdas naudojamas, be kita ko, samuraji\u0161kuose kardluose ir skirtas sustiprinti virtuvinius a\u0161menis bei suma\u017einti j\u0173 trapum\u0105, pritaikyti prie japonini\u0173 pjaustymo technik\u0173, suma\u017einti pjaunamo produkto prilipim\u0105 prie a\u0161men\u0173.<\/p>\n<p align=\"justify\">\n<p align=\"justify\">Puiki juodos <strong>micartos<\/strong> rankena yra papuo\u0161ta dviem knied\u0117mis ir raudonos spalvos \u017eiedu, kuris patraukia d\u0117mes\u012f. Pagaminta pagal vakarieti\u0161k\u0105 stilistik\u0105, rankiai poliruota, u\u017etikrina puik\u0173 ir ergonomi\u0161k\u0105 su\u0117mim\u0105, leid\u017eiant\u012f puikiai kontroliuoti a\u0161men\u012f pjaunant. Be to, micarta yra <strong>antibakterinis<\/strong> med\u017eiaga, atspari dr\u0117gmei ir lengvai pri\u017ei\u016brima. O metalinis \u017eiedas, u\u017ebaigiantis ranken\u0105, u\u017ekerta keli\u0105 pjaut\u0173 produkt\u0173 prilipimui ir palengvina peili\u0173 plovim\u0105.<\/p>\n<p style=\"text-align: justify\">\n<h2 style=\"text-align: justify\">Techniniai duomenys:<\/h2>\n<p style=\"text-align: justify\"><strong>Plieno r\u016b\u0161is:<\/strong><span> VG-10<\/span><br \/><strong>Rankenos med\u017eiaga:<\/strong><span> micarta<\/span><br \/><strong>Kietumas:<\/strong><span> +\/- 61 HRC <\/span><br \/><strong>Bendras ilgis:<\/strong><span> 230 mm<\/span><br \/><strong>A\u0161men\u0173 ilgis:<\/strong><span> 120 mm<\/span><br \/><strong>A\u0161men\u0173 plotis:<\/strong><span>  24 mm<\/span><br \/><strong>A\u0161men\u0173 storis:<\/strong><span> apie 1.7 mm<\/span><br \/><strong>Galandimo b\u016bdas:<\/strong><span> dvipusis simetrinis \u0161lifavimas<\/span><br \/><strong>Svoris:<\/strong><span> apie 85 g<\/span><\/p>","protected":false},"excerpt":{"rendered":"<p>Kanetsugu SAIUN Utility 120 mm peilis \u012erankio tipo Utility peilis yra papildomas \u012frankis kiekvieno kulinarijos m\u0117g\u0117jo kolekcijoje. Savo i\u0161vaizda jis priimina vir\u0117jo peil\u012f. Jo ilgis nevir\u0161ija 150 mm, o pritaikymas&#8230;<\/p>","protected":false},"featured_media":34789,"template":"","meta":[],"product_brand":[],"product_cat":[119],"product_tag":[],"class_list":{"0":"post-34800","1":"product","2":"type-product","3":"status-publish","4":"has-post-thumbnail","6":"product_cat-peiliai","8":"first","9":"instock","10":"taxable","11":"shipping-taxable","12":"purchasable","13":"product-type-simple"},"yoast_head":"<!-- This site is optimized with the Yoast SEO plugin v27.5 - https:\/\/yoast.com\/product\/yoast-seo-wordpress\/ -->\n<title>Kanetsugu SAIUN naudingumas 120 mm peilis [KN-9001] - Cookking.online<\/title>\n<meta name=\"description\" content=\"Kanetsugu SAIUN Utility 120 mm peilis \u012erankio tipo Utility peilis yra papildomas \u012frankis kiekvieno kulinarijos m\u0117g\u0117jo kolekcijoje. Savo i\u0161vaizda jis priimina...\" \/>\n<meta name=\"robots\" content=\"index, follow, max-snippet:-1, max-image-preview:large, max-video-preview:-1\" \/>\n<link rel=\"canonical\" href=\"https:\/\/cookking.online\/en\/katalogas\/peiliai\/kanetsugu-saiun-naudingumas-120-mm-peilis-kn-9001\/\" \/>\n<meta property=\"og:locale\" content=\"en_US\" \/>\n<meta property=\"og:type\" content=\"article\" \/>\n<meta property=\"og:title\" content=\"Kanetsugu SAIUN naudingumas 120 mm peilis [KN-9001] - Cookking.online\" \/>\n<meta property=\"og:description\" content=\"Kanetsugu SAIUN Utility 120 mm peilis \u012erankio tipo Utility peilis yra papildomas \u012frankis kiekvieno kulinarijos m\u0117g\u0117jo kolekcijoje. Savo i\u0161vaizda jis priimina...\" \/>\n<meta property=\"og:url\" content=\"https:\/\/cookking.online\/en\/katalogas\/peiliai\/kanetsugu-saiun-naudingumas-120-mm-peilis-kn-9001\/\" \/>\n<meta property=\"og:site_name\" content=\"Cookking.online\" \/>\n<meta property=\"article:modified_time\" content=\"2026-03-10T10:08:09+00:00\" \/>\n<meta property=\"og:image\" content=\"https:\/\/cookking.online\/wp-content\/uploads\/2026\/03\/14240_1.jpg\" \/>\n\t<meta property=\"og:image:width\" content=\"1600\" \/>\n\t<meta property=\"og:image:height\" content=\"1600\" \/>\n\t<meta property=\"og:image:type\" content=\"image\/jpeg\" \/>\n<meta name=\"twitter:card\" content=\"summary_large_image\" \/>\n<meta name=\"twitter:label1\" content=\"Est. reading time\" \/>\n\t<meta name=\"twitter:data1\" content=\"2 minutes\" \/>\n<script type=\"application\/ld+json\" class=\"yoast-schema-graph\">{\"@context\":\"https:\\\/\\\/schema.org\",\"@graph\":[{\"@type\":\"WebPage\",\"@id\":\"https:\\\/\\\/cookking.online\\\/katalogas\\\/peiliai\\\/kanetsugu-saiun-naudingumas-120-mm-peilis-kn-9001\\\/\",\"url\":\"https:\\\/\\\/cookking.online\\\/katalogas\\\/peiliai\\\/kanetsugu-saiun-naudingumas-120-mm-peilis-kn-9001\\\/\",\"name\":\"Kanetsugu SAIUN naudingumas 120 mm peilis [KN-9001] - Cookking.online\",\"isPartOf\":{\"@id\":\"https:\\\/\\\/cookking.online\\\/#website\"},\"primaryImageOfPage\":{\"@id\":\"https:\\\/\\\/cookking.online\\\/katalogas\\\/peiliai\\\/kanetsugu-saiun-naudingumas-120-mm-peilis-kn-9001\\\/#primaryimage\"},\"image\":{\"@id\":\"https:\\\/\\\/cookking.online\\\/katalogas\\\/peiliai\\\/kanetsugu-saiun-naudingumas-120-mm-peilis-kn-9001\\\/#primaryimage\"},\"thumbnailUrl\":\"https:\\\/\\\/cookking.online\\\/wp-content\\\/uploads\\\/2026\\\/03\\\/14240_1.jpg\",\"datePublished\":\"2026-03-10T09:18:50+00:00\",\"dateModified\":\"2026-03-10T10:08:09+00:00\",\"description\":\"Kanetsugu SAIUN Utility 120 mm peilis \u012erankio tipo Utility peilis yra papildomas \u012frankis kiekvieno kulinarijos m\u0117g\u0117jo kolekcijoje. Savo i\u0161vaizda jis priimina...\",\"breadcrumb\":{\"@id\":\"https:\\\/\\\/cookking.online\\\/katalogas\\\/peiliai\\\/kanetsugu-saiun-naudingumas-120-mm-peilis-kn-9001\\\/#breadcrumb\"},\"inLanguage\":\"en-US\",\"potentialAction\":[{\"@type\":\"ReadAction\",\"target\":[\"https:\\\/\\\/cookking.online\\\/katalogas\\\/peiliai\\\/kanetsugu-saiun-naudingumas-120-mm-peilis-kn-9001\\\/\"]}]},{\"@type\":\"ImageObject\",\"inLanguage\":\"en-US\",\"@id\":\"https:\\\/\\\/cookking.online\\\/katalogas\\\/peiliai\\\/kanetsugu-saiun-naudingumas-120-mm-peilis-kn-9001\\\/#primaryimage\",\"url\":\"https:\\\/\\\/cookking.online\\\/wp-content\\\/uploads\\\/2026\\\/03\\\/14240_1.jpg\",\"contentUrl\":\"https:\\\/\\\/cookking.online\\\/wp-content\\\/uploads\\\/2026\\\/03\\\/14240_1.jpg\",\"width\":1600,\"height\":1600},{\"@type\":\"BreadcrumbList\",\"@id\":\"https:\\\/\\\/cookking.online\\\/katalogas\\\/peiliai\\\/kanetsugu-saiun-naudingumas-120-mm-peilis-kn-9001\\\/#breadcrumb\",\"itemListElement\":[{\"@type\":\"ListItem\",\"position\":1,\"name\":\"Prad\u017eia\",\"item\":\"https:\\\/\\\/cookking.online\\\/\"},{\"@type\":\"ListItem\",\"position\":2,\"name\":\"Parduotuv\u0117\",\"item\":\"https:\\\/\\\/cookking.online\\\/parduotuve\\\/\"},{\"@type\":\"ListItem\",\"position\":3,\"name\":\"Kanetsugu SAIUN naudingumas 120 mm peilis [KN-9001]\"}]},{\"@type\":\"WebSite\",\"@id\":\"https:\\\/\\\/cookking.online\\\/#website\",\"url\":\"https:\\\/\\\/cookking.online\\\/\",\"name\":\"Cookking.online\",\"description\":\"\",\"publisher\":{\"@id\":\"https:\\\/\\\/cookking.online\\\/#organization\"},\"potentialAction\":[{\"@type\":\"SearchAction\",\"target\":{\"@type\":\"EntryPoint\",\"urlTemplate\":\"https:\\\/\\\/cookking.online\\\/?s={search_term_string}\"},\"query-input\":{\"@type\":\"PropertyValueSpecification\",\"valueRequired\":true,\"valueName\":\"search_term_string\"}}],\"inLanguage\":\"en-US\"},{\"@type\":\"Organization\",\"@id\":\"https:\\\/\\\/cookking.online\\\/#organization\",\"name\":\"Cookking.online\",\"url\":\"https:\\\/\\\/cookking.online\\\/\",\"logo\":{\"@type\":\"ImageObject\",\"inLanguage\":\"en-US\",\"@id\":\"https:\\\/\\\/cookking.online\\\/#\\\/schema\\\/logo\\\/image\\\/\",\"url\":\"https:\\\/\\\/cookking.online\\\/wp-content\\\/uploads\\\/2021\\\/11\\\/Logo.png\",\"contentUrl\":\"https:\\\/\\\/cookking.online\\\/wp-content\\\/uploads\\\/2021\\\/11\\\/Logo.png\",\"width\":291,\"height\":100,\"caption\":\"Cookking.online\"},\"image\":{\"@id\":\"https:\\\/\\\/cookking.online\\\/#\\\/schema\\\/logo\\\/image\\\/\"}}]}<\/script>\n<!-- \/ Yoast SEO plugin. -->","yoast_head_json":{"title":"Kanetsugu SAIUN naudingumas 120 mm peilis [KN-9001] - Cookking.online","description":"Kanetsugu SAIUN Utility 120 mm peilis \u012erankio tipo Utility peilis yra papildomas \u012frankis kiekvieno kulinarijos m\u0117g\u0117jo kolekcijoje. Savo i\u0161vaizda jis priimina...","robots":{"index":"index","follow":"follow","max-snippet":"max-snippet:-1","max-image-preview":"max-image-preview:large","max-video-preview":"max-video-preview:-1"},"canonical":"https:\/\/cookking.online\/en\/katalogas\/peiliai\/kanetsugu-saiun-naudingumas-120-mm-peilis-kn-9001\/","og_locale":"en_US","og_type":"article","og_title":"Kanetsugu SAIUN naudingumas 120 mm peilis [KN-9001] - Cookking.online","og_description":"Kanetsugu SAIUN Utility 120 mm peilis \u012erankio tipo Utility peilis yra papildomas \u012frankis kiekvieno kulinarijos m\u0117g\u0117jo kolekcijoje. Savo i\u0161vaizda jis priimina...","og_url":"https:\/\/cookking.online\/en\/katalogas\/peiliai\/kanetsugu-saiun-naudingumas-120-mm-peilis-kn-9001\/","og_site_name":"Cookking.online","article_modified_time":"2026-03-10T10:08:09+00:00","og_image":[{"width":1600,"height":1600,"url":"https:\/\/cookking.online\/wp-content\/uploads\/2026\/03\/14240_1.jpg","type":"image\/jpeg"}],"twitter_card":"summary_large_image","twitter_misc":{"Est. reading time":"2 minutes"},"schema":{"@context":"https:\/\/schema.org","@graph":[{"@type":"WebPage","@id":"https:\/\/cookking.online\/katalogas\/peiliai\/kanetsugu-saiun-naudingumas-120-mm-peilis-kn-9001\/","url":"https:\/\/cookking.online\/katalogas\/peiliai\/kanetsugu-saiun-naudingumas-120-mm-peilis-kn-9001\/","name":"Kanetsugu SAIUN naudingumas 120 mm peilis [KN-9001] - Cookking.online","isPartOf":{"@id":"https:\/\/cookking.online\/#website"},"primaryImageOfPage":{"@id":"https:\/\/cookking.online\/katalogas\/peiliai\/kanetsugu-saiun-naudingumas-120-mm-peilis-kn-9001\/#primaryimage"},"image":{"@id":"https:\/\/cookking.online\/katalogas\/peiliai\/kanetsugu-saiun-naudingumas-120-mm-peilis-kn-9001\/#primaryimage"},"thumbnailUrl":"https:\/\/cookking.online\/wp-content\/uploads\/2026\/03\/14240_1.jpg","datePublished":"2026-03-10T09:18:50+00:00","dateModified":"2026-03-10T10:08:09+00:00","description":"Kanetsugu SAIUN Utility 120 mm peilis \u012erankio tipo Utility peilis yra papildomas \u012frankis kiekvieno kulinarijos m\u0117g\u0117jo kolekcijoje. Savo i\u0161vaizda jis priimina...","breadcrumb":{"@id":"https:\/\/cookking.online\/katalogas\/peiliai\/kanetsugu-saiun-naudingumas-120-mm-peilis-kn-9001\/#breadcrumb"},"inLanguage":"en-US","potentialAction":[{"@type":"ReadAction","target":["https:\/\/cookking.online\/katalogas\/peiliai\/kanetsugu-saiun-naudingumas-120-mm-peilis-kn-9001\/"]}]},{"@type":"ImageObject","inLanguage":"en-US","@id":"https:\/\/cookking.online\/katalogas\/peiliai\/kanetsugu-saiun-naudingumas-120-mm-peilis-kn-9001\/#primaryimage","url":"https:\/\/cookking.online\/wp-content\/uploads\/2026\/03\/14240_1.jpg","contentUrl":"https:\/\/cookking.online\/wp-content\/uploads\/2026\/03\/14240_1.jpg","width":1600,"height":1600},{"@type":"BreadcrumbList","@id":"https:\/\/cookking.online\/katalogas\/peiliai\/kanetsugu-saiun-naudingumas-120-mm-peilis-kn-9001\/#breadcrumb","itemListElement":[{"@type":"ListItem","position":1,"name":"Prad\u017eia","item":"https:\/\/cookking.online\/"},{"@type":"ListItem","position":2,"name":"Parduotuv\u0117","item":"https:\/\/cookking.online\/parduotuve\/"},{"@type":"ListItem","position":3,"name":"Kanetsugu SAIUN naudingumas 120 mm peilis [KN-9001]"}]},{"@type":"WebSite","@id":"https:\/\/cookking.online\/#website","url":"https:\/\/cookking.online\/","name":"Cookking.online","description":"","publisher":{"@id":"https:\/\/cookking.online\/#organization"},"potentialAction":[{"@type":"SearchAction","target":{"@type":"EntryPoint","urlTemplate":"https:\/\/cookking.online\/?s={search_term_string}"},"query-input":{"@type":"PropertyValueSpecification","valueRequired":true,"valueName":"search_term_string"}}],"inLanguage":"en-US"},{"@type":"Organization","@id":"https:\/\/cookking.online\/#organization","name":"Cookking.online","url":"https:\/\/cookking.online\/","logo":{"@type":"ImageObject","inLanguage":"en-US","@id":"https:\/\/cookking.online\/#\/schema\/logo\/image\/","url":"https:\/\/cookking.online\/wp-content\/uploads\/2021\/11\/Logo.png","contentUrl":"https:\/\/cookking.online\/wp-content\/uploads\/2021\/11\/Logo.png","width":291,"height":100,"caption":"Cookking.online"},"image":{"@id":"https:\/\/cookking.online\/#\/schema\/logo\/image\/"}}]}},"_links":{"self":[{"href":"https:\/\/cookking.online\/en\/wp-json\/wp\/v2\/product\/34800","targetHints":{"allow":["GET"]}}],"collection":[{"href":"https:\/\/cookking.online\/en\/wp-json\/wp\/v2\/product"}],"about":[{"href":"https:\/\/cookking.online\/en\/wp-json\/wp\/v2\/types\/product"}],"wp:featuredmedia":[{"embeddable":true,"href":"https:\/\/cookking.online\/en\/wp-json\/wp\/v2\/media\/34789"}],"wp:attachment":[{"href":"https:\/\/cookking.online\/en\/wp-json\/wp\/v2\/media?parent=34800"}],"wp:term":[{"taxonomy":"product_brand","embeddable":true,"href":"https:\/\/cookking.online\/en\/wp-json\/wp\/v2\/product_brand?post=34800"},{"taxonomy":"product_cat","embeddable":true,"href":"https:\/\/cookking.online\/en\/wp-json\/wp\/v2\/product_cat?post=34800"},{"taxonomy":"product_tag","embeddable":true,"href":"https:\/\/cookking.online\/en\/wp-json\/wp\/v2\/product_tag?post=34800"}],"curies":[{"name":"wp","href":"https:\/\/api.w.org\/{rel}","templated":true}]}}