{"id":3541,"date":"2026-03-10T12:21:07","date_gmt":"2026-03-10T09:21:07","guid":{"rendered":"https:\/\/cookking.online\/?post_type=product&#038;p=3541"},"modified":"2026-03-10T12:21:07","modified_gmt":"2026-03-10T09:21:07","slug":"78cm-4-grilio-lekste","status":"publish","type":"product","link":"https:\/\/cookking.online\/en\/katalogas\/priedai\/grilio-lekstes\/78cm-4-grilio-lekste\/","title":{"rendered":"78cm\/4r Grill plate"},"content":{"rendered":"<h1 class=\"text-2xl font-bold mt-1 text-text-200\">Cook King 78cm\/4r Grilio l\u0117k\u0161t\u0117 su 4 Rankenomis &#8211; Rank\u0173 Darbo Kepimo Platforma | Optimalus Dydis J\u016bs\u0173 Lauko Virtuvei<\/h1>\n<p class=\"whitespace-pre-wrap break-words\">Cook King 78cm\/4r Grilio l\u0117k\u0161t\u0117 &#8211; tai europieti\u0161kos gamybos premium klas\u0117s priedas, idealiai subalansuotas kasdieniam naudojimui ir \u0161vent\u0117ms. \u0160is 78 cm skersmens rank\u0173 darbo gaminys su keturiomis ergonomi\u0161komis rankenomis suteikia jums profesionalios lauko virtuv\u0117s galimybes.<\/p>\n<h2 class=\"text-xl font-bold text-text-200 mt-1 -mb-0.5\">Europieti\u0161kas Meistri\u0161kumas<\/h2>\n<p class=\"whitespace-pre-wrap break-words\">Cook King grilio l\u0117k\u0161t\u0117 demonstruoja auk\u0161\u010diausius gamybos standartus, kur kiekviena detal\u0117 kruop\u0161\u010diai apgalvota efektyviam maisto gaminimui. Tvirta plienin\u0117 konstrukcija ir profesionalus surinkimas garantuoja ilgalaik\u012f naudojim\u0105.<\/p>\n<h2 class=\"text-xl font-bold text-text-200 mt-1 -mb-0.5\">Maksimalus Suderinamumas<\/h2>\n<p class=\"whitespace-pre-wrap break-words\">Specialiai suprojektuota \u0161iems modeliams:<\/p>\n<ul>\n<li><a href=\"https:\/\/cookking.online\/katalogas\/lauzavietes\/lauzaviete-cook-king-bali\/\">BALI lau\u017eavietei<\/a><\/li>\n<li><a href=\"https:\/\/cookking.online\/katalogas\/lauzavietes\/lauzavietes-lauzaviete-cook-king-dubai\/\">DUBAI lau\u017eavietei<\/a><\/li>\n<li><a href=\"https:\/\/cookking.online\/katalogas\/lauzavietes\/lauzavietes-lauzaviete-cook-king-polo\/\">POLO lau\u017eavietei<\/a><\/li>\n<li><a href=\"https:\/\/cookking.online\/katalogas\/lauzavietes\/lauzavietes-lauzaviete-cook-king-viking\/\">VIKING lau\u017eavietei<\/a><\/li>\n<li><a href=\"https:\/\/cookking.online\/katalogas\/lauzavietes\/lauzavietes-lauzaviete-cook-king-indiana\/\">INDIANA lau\u017eavietei<\/a><\/li>\n<li><a href=\"https:\/\/cookking.online\/katalogas\/lauzavietes\/lauzavietes-lauzaviete-cook-king-santiago\/\">SANTIAGO lau\u017eavietei<\/a><\/li>\n<li><a href=\"https:\/\/cookking.online\/katalogas\/lauzavietes\/lauzavietes-lauzaviete-cook-king-panama\/\">PANAMA lau\u017eavietei<\/a><\/li>\n<li><a href=\"https:\/\/cookking.online\/katalogas\/lauzavietes\/cook-king-bandito-premium-lauko-zidinys\/\">BANDITO lau\u017eavietei<\/a><\/li>\n<li><a href=\"https:\/\/cookking.online\/katalogas\/lauzavietes\/lauzavietes-lauzaviete-cook-king-palma\/\">PALMA lau\u017eavietei<\/a><\/li>\n<li><a href=\"https:\/\/cookking.online\/katalogas\/lauzavietes\/lauzavietes-lauzaviete-cook-king-haiti\/\">HAITI lau\u017eavietei<\/a><\/li>\n<li><a href=\"https:\/\/cookking.online\/katalogas\/lauzavietes\/lauzavietes-lauzaviete-cook-king-montana-high\/\">MONTANA high lau\u017eavietei<\/a><\/li>\n<\/ul>\n<ul>\n<li><a href=\"https:\/\/cookking.online\/katalogas\/lauzavietes\/lauzavietes-lauzaviete-cook-king-montana\/\">MONTANA<\/a> lau\u017eavietei<\/li>\n<li><a href=\"https:\/\/cookking.online\/katalogas\/sodo-griliai\/auksciausios-kokybes-daugiafunkcis-ugnies-dubuo-montana-x\/\">MONTANA X<\/a> lau\u017eavietei<\/li>\n<\/ul>\n<h2 class=\"text-xl font-bold text-text-200 mt-1 -mb-0.5\">Inovatyvi Konstrukcija<\/h2>\n<p class=\"whitespace-pre-wrap break-words\">Kepimo l\u0117k\u0161t\u0117 pasi\u017eymi:<\/p>\n<ul class=\"[&amp;:not(:last-child)_ul]:pb-1 [&amp;:not(:last-child)_ol]:pb-1 list-disc space-y-1.5 pl-7\">\n<li class=\"whitespace-normal break-words\">78 cm skersmens optimaliu kepimo pavir\u0161iumi<\/li>\n<li class=\"whitespace-normal break-words\">Keturiomis strategi\u0161kai i\u0161d\u0117stytomis rankenomis<\/li>\n<li class=\"whitespace-normal break-words\">Patvaria apvali\u0173 groteli\u0173 sistema<\/li>\n<li class=\"whitespace-normal break-words\">Optimizuota \u0161ilumos sklaida<\/li>\n<li class=\"whitespace-normal break-words\">Profesionalia apdaila<\/li>\n<\/ul>\n<h2 class=\"text-xl font-bold text-text-200 mt-1 -mb-0.5\">Prakti\u0161kas Funkcionalumas<\/h2>\n<p class=\"whitespace-pre-wrap break-words\">I\u0161skirtiniai l\u0117k\u0161t\u0117s privalumai:<\/p>\n<ul class=\"[&amp;:not(:last-child)_ul]:pb-1 [&amp;:not(:last-child)_ol]:pb-1 list-disc space-y-1.5 pl-7\">\n<li class=\"whitespace-normal break-words\">Idealus dydis \u0161eimos susib\u016brimams<\/li>\n<li class=\"whitespace-normal break-words\">Ergonomi\u0161kas ne\u0161imas keturiese<\/li>\n<li class=\"whitespace-normal break-words\">Lengvas montavimas ant lau\u017eaviet\u0117s<\/li>\n<li class=\"whitespace-normal break-words\">Efektyvus valymas<\/li>\n<li class=\"whitespace-normal break-words\">Universalus maisto ruo\u0161imas<\/li>\n<\/ul>\n<h2 class=\"text-xl font-bold text-text-200 mt-1 -mb-0.5\">Kulinarinis Universalumas<\/h2>\n<p class=\"whitespace-pre-wrap break-words\">Cook King l\u0117k\u0161t\u0117 suteikia:<\/p>\n<ul class=\"[&amp;:not(:last-child)_ul]:pb-1 [&amp;:not(:last-child)_ol]:pb-1 list-disc space-y-1.5 pl-7\">\n<li class=\"whitespace-normal break-words\">Galimyb\u0119 gaminti kelis patiekalus vienu metu<\/li>\n<li class=\"whitespace-normal break-words\">Skirtingas kepimo zonas<\/li>\n<li class=\"whitespace-normal break-words\">Profesional\u0173 temperat\u016bros valdym\u0105<\/li>\n<li class=\"whitespace-normal break-words\">Tolyg\u0173 kar\u0161\u010dio paskirstym\u0105<\/li>\n<li class=\"whitespace-normal break-words\">Optimal\u0173 efektyvum\u0105 kasdienai<\/li>\n<\/ul>\n<h3 class=\"text-lg font-bold text-text-200 mt-1 -mb-1.5\">Profesionali Virtuv\u0117 po Atviru Dangumi!<\/h3>\n<p class=\"whitespace-pre-wrap break-words\"><strong>Atraskite Cook King Bendruomen\u0119!<\/strong><\/p>\n<p class=\"whitespace-pre-wrap break-words\">M\u016bs\u0173 aistra maisto gaminimui po atviru dangumi \u012fkvepia kurti nepamir\u0161tamas akimirkas. Cook King \u2013 tai ne tik prek\u0117s \u017eenklas, bet ir bendruomen\u0117 \u017emoni\u0173, kurie vertina autenti\u0161k\u0105 maisto gaminimo patirt\u012f, pagardint\u0105 v\u0117jo dvelksmu ir ugnies \u0161iluma.<\/p>\n<p class=\"whitespace-pre-wrap break-words\"><strong>Sekite Mus ir \u012ekv\u0117pkite!<\/strong><\/p>\n<p class=\"whitespace-pre-wrap break-words\">Kvie\u010diame prisijungti prie m\u016bs\u0173 augan\u010dios bendruomen\u0117s:<\/p>\n<p class=\"whitespace-pre-wrap break-words\"><strong>Raskite Mus:<\/strong><\/p>\n<p class=\"whitespace-pre-wrap break-words\">\ud83c\udfa5 <a href=\"https:\/\/www.youtube.com\/channel\/UC0eMDwELC0jawxRPy-wDovg\">YouTube<\/a><\/p>\n<p class=\"whitespace-pre-wrap break-words\">\ud83d\udcf1 <a href=\"https:\/\/www.facebook.com\/cookking.online\/\">Facebook<\/a><\/p>\n<h3 class=\"text-lg font-bold text-text-200 mt-1 -mb-1.5\">I\u0161pl\u0117skite Savo Kulinarines Galimybes!<\/h3>\n<p class=\"whitespace-pre-wrap break-words\">Transformuokite savo lau\u017eaviet\u0119 \u012f profesionali\u0105 lauko virtuv\u0119 su Cook King 78 cm grilio l\u0117k\u0161te!<\/p>\n<p class=\"whitespace-pre-wrap break-words\">#CookKing #GrillPlate #OutdoorCooking #Lau\u017eoVirtuv\u0117 #HandMade #Europieti\u0161kaKokyb\u0117 #LaukoVirtuv\u0117 #BBQLietuva<\/p>\n","protected":false},"excerpt":{"rendered":"<p>Technical specifications:<br \/>\nDiameter: 78 cm with a hole of 36 cm<br \/>\nWeight: 10kg<br \/>\nThickness of Cook King grill plate: ca. 3mm<br \/>\nMaterial: natural steel<\/p>\n<p><strong>Suitable for fire bowls: BALI, DUBAI, POLO, VIKING, INDIANA, SANTIAGO, PANAMA, BANDITO, PALMA, HAITI, MONTANA<\/strong><\/p>","protected":false},"featured_media":3649,"template":"","meta":[],"product_brand":[],"product_cat":[34,22],"product_tag":[],"class_list":{"0":"post-3541","1":"product","2":"type-product","3":"status-publish","4":"has-post-thumbnail","6":"product_cat-grilio-lekstes","7":"product_cat-priedai","9":"first","10":"instock","11":"taxable","12":"shipping-taxable","13":"purchasable","14":"product-type-simple"},"yoast_head":"<!-- This site is optimized with the Yoast SEO plugin v27.3 - https:\/\/yoast.com\/product\/yoast-seo-wordpress\/ -->\n<title>78cm\/4r Grilio l\u0117k\u0161t\u0117 - Cookking.online<\/title>\n<meta name=\"description\" content=\"78cm\/4r Grilio l\u0117k\u0161t\u0117 Auk\u0161\u010diausios kokyb\u0117s \u012franga gaminimui, kepimui ant groteli\u0173 ir r\u016bkymui lauke. Lau\u017eaviet\u0117s, Trikojai griliui, KETAUS Puodai, Stovai malkoms\" \/>\n<meta name=\"robots\" content=\"index, follow, max-snippet:-1, max-image-preview:large, max-video-preview:-1\" \/>\n<link rel=\"canonical\" href=\"https:\/\/cookking.online\/en\/katalogas\/priedai\/grilio-lekstes\/78cm-4-grilio-lekste\/\" \/>\n<meta property=\"og:locale\" content=\"en_US\" \/>\n<meta property=\"og:type\" content=\"article\" \/>\n<meta property=\"og:title\" content=\"78cm\/4r Grilio l\u0117k\u0161t\u0117 - Cookking.online\" \/>\n<meta property=\"og:description\" content=\"78cm\/4r Grilio l\u0117k\u0161t\u0117 Auk\u0161\u010diausios kokyb\u0117s \u012franga gaminimui, kepimui ant groteli\u0173 ir r\u016bkymui lauke. Lau\u017eaviet\u0117s, Trikojai griliui, KETAUS Puodai, Stovai malkoms\" \/>\n<meta property=\"og:url\" content=\"https:\/\/cookking.online\/en\/katalogas\/priedai\/grilio-lekstes\/78cm-4-grilio-lekste\/\" \/>\n<meta property=\"og:site_name\" content=\"Cookking.online\" \/>\n<meta property=\"og:image\" content=\"https:\/\/cookking.online\/wp-content\/uploads\/2021\/11\/78-cm-grill-plate-for-fire-bowl-4-handles-2.jpg\" \/>\n\t<meta property=\"og:image:width\" content=\"2000\" \/>\n\t<meta property=\"og:image:height\" content=\"1568\" \/>\n\t<meta property=\"og:image:type\" content=\"image\/jpeg\" \/>\n<meta name=\"twitter:card\" content=\"summary_large_image\" \/>\n<meta name=\"twitter:label1\" content=\"Est. reading time\" \/>\n\t<meta name=\"twitter:data1\" content=\"2 minutes\" \/>\n<script type=\"application\/ld+json\" class=\"yoast-schema-graph\">{\"@context\":\"https:\\\/\\\/schema.org\",\"@graph\":[{\"@type\":\"WebPage\",\"@id\":\"https:\\\/\\\/cookking.online\\\/katalogas\\\/priedai\\\/grilio-lekstes\\\/78cm-4-grilio-lekste\\\/\",\"url\":\"https:\\\/\\\/cookking.online\\\/katalogas\\\/priedai\\\/grilio-lekstes\\\/78cm-4-grilio-lekste\\\/\",\"name\":\"78cm\\\/4r Grilio l\u0117k\u0161t\u0117 - Cookking.online\",\"isPartOf\":{\"@id\":\"https:\\\/\\\/cookking.online\\\/#website\"},\"primaryImageOfPage\":{\"@id\":\"https:\\\/\\\/cookking.online\\\/katalogas\\\/priedai\\\/grilio-lekstes\\\/78cm-4-grilio-lekste\\\/#primaryimage\"},\"image\":{\"@id\":\"https:\\\/\\\/cookking.online\\\/katalogas\\\/priedai\\\/grilio-lekstes\\\/78cm-4-grilio-lekste\\\/#primaryimage\"},\"thumbnailUrl\":\"https:\\\/\\\/cookking.online\\\/wp-content\\\/uploads\\\/2021\\\/11\\\/78-cm-grill-plate-for-fire-bowl-4-handles-2.jpg\",\"datePublished\":\"2026-03-10T09:21:07+00:00\",\"description\":\"78cm\\\/4r Grilio l\u0117k\u0161t\u0117 Auk\u0161\u010diausios kokyb\u0117s \u012franga gaminimui, kepimui ant groteli\u0173 ir r\u016bkymui lauke. Lau\u017eaviet\u0117s, Trikojai griliui, KETAUS Puodai, Stovai malkoms\",\"breadcrumb\":{\"@id\":\"https:\\\/\\\/cookking.online\\\/katalogas\\\/priedai\\\/grilio-lekstes\\\/78cm-4-grilio-lekste\\\/#breadcrumb\"},\"inLanguage\":\"en-US\",\"potentialAction\":[{\"@type\":\"ReadAction\",\"target\":[\"https:\\\/\\\/cookking.online\\\/katalogas\\\/priedai\\\/grilio-lekstes\\\/78cm-4-grilio-lekste\\\/\"]}]},{\"@type\":\"ImageObject\",\"inLanguage\":\"en-US\",\"@id\":\"https:\\\/\\\/cookking.online\\\/katalogas\\\/priedai\\\/grilio-lekstes\\\/78cm-4-grilio-lekste\\\/#primaryimage\",\"url\":\"https:\\\/\\\/cookking.online\\\/wp-content\\\/uploads\\\/2021\\\/11\\\/78-cm-grill-plate-for-fire-bowl-4-handles-2.jpg\",\"contentUrl\":\"https:\\\/\\\/cookking.online\\\/wp-content\\\/uploads\\\/2021\\\/11\\\/78-cm-grill-plate-for-fire-bowl-4-handles-2.jpg\",\"width\":2000,\"height\":1568,\"caption\":\"78cm\\\/4r Grilio l\u0117k\u0161t\u0117\"},{\"@type\":\"BreadcrumbList\",\"@id\":\"https:\\\/\\\/cookking.online\\\/katalogas\\\/priedai\\\/grilio-lekstes\\\/78cm-4-grilio-lekste\\\/#breadcrumb\",\"itemListElement\":[{\"@type\":\"ListItem\",\"position\":1,\"name\":\"Prad\u017eia\",\"item\":\"https:\\\/\\\/cookking.online\\\/\"},{\"@type\":\"ListItem\",\"position\":2,\"name\":\"Parduotuv\u0117\",\"item\":\"https:\\\/\\\/cookking.online\\\/parduotuve\\\/\"},{\"@type\":\"ListItem\",\"position\":3,\"name\":\"78cm\\\/4r Grilio l\u0117k\u0161t\u0117\"}]},{\"@type\":\"WebSite\",\"@id\":\"https:\\\/\\\/cookking.online\\\/#website\",\"url\":\"https:\\\/\\\/cookking.online\\\/\",\"name\":\"Cookking.online\",\"description\":\"\",\"publisher\":{\"@id\":\"https:\\\/\\\/cookking.online\\\/#organization\"},\"potentialAction\":[{\"@type\":\"SearchAction\",\"target\":{\"@type\":\"EntryPoint\",\"urlTemplate\":\"https:\\\/\\\/cookking.online\\\/?s={search_term_string}\"},\"query-input\":{\"@type\":\"PropertyValueSpecification\",\"valueRequired\":true,\"valueName\":\"search_term_string\"}}],\"inLanguage\":\"en-US\"},{\"@type\":\"Organization\",\"@id\":\"https:\\\/\\\/cookking.online\\\/#organization\",\"name\":\"Cookking.online\",\"url\":\"https:\\\/\\\/cookking.online\\\/\",\"logo\":{\"@type\":\"ImageObject\",\"inLanguage\":\"en-US\",\"@id\":\"https:\\\/\\\/cookking.online\\\/#\\\/schema\\\/logo\\\/image\\\/\",\"url\":\"https:\\\/\\\/cookking.online\\\/wp-content\\\/uploads\\\/2021\\\/11\\\/Logo.png\",\"contentUrl\":\"https:\\\/\\\/cookking.online\\\/wp-content\\\/uploads\\\/2021\\\/11\\\/Logo.png\",\"width\":291,\"height\":100,\"caption\":\"Cookking.online\"},\"image\":{\"@id\":\"https:\\\/\\\/cookking.online\\\/#\\\/schema\\\/logo\\\/image\\\/\"}}]}<\/script>\n<!-- \/ Yoast SEO plugin. -->","yoast_head_json":{"title":"78cm\/4r Grilio l\u0117k\u0161t\u0117 - Cookking.online","description":"78cm\/4r Grilio l\u0117k\u0161t\u0117 Auk\u0161\u010diausios kokyb\u0117s \u012franga gaminimui, kepimui ant groteli\u0173 ir r\u016bkymui lauke. Lau\u017eaviet\u0117s, Trikojai griliui, KETAUS Puodai, Stovai malkoms","robots":{"index":"index","follow":"follow","max-snippet":"max-snippet:-1","max-image-preview":"max-image-preview:large","max-video-preview":"max-video-preview:-1"},"canonical":"https:\/\/cookking.online\/en\/katalogas\/priedai\/grilio-lekstes\/78cm-4-grilio-lekste\/","og_locale":"en_US","og_type":"article","og_title":"78cm\/4r Grilio l\u0117k\u0161t\u0117 - Cookking.online","og_description":"78cm\/4r Grilio l\u0117k\u0161t\u0117 Auk\u0161\u010diausios kokyb\u0117s \u012franga gaminimui, kepimui ant groteli\u0173 ir r\u016bkymui lauke. Lau\u017eaviet\u0117s, Trikojai griliui, KETAUS Puodai, Stovai malkoms","og_url":"https:\/\/cookking.online\/en\/katalogas\/priedai\/grilio-lekstes\/78cm-4-grilio-lekste\/","og_site_name":"Cookking.online","og_image":[{"width":2000,"height":1568,"url":"https:\/\/cookking.online\/wp-content\/uploads\/2021\/11\/78-cm-grill-plate-for-fire-bowl-4-handles-2.jpg","type":"image\/jpeg"}],"twitter_card":"summary_large_image","twitter_misc":{"Est. reading time":"2 minutes"},"schema":{"@context":"https:\/\/schema.org","@graph":[{"@type":"WebPage","@id":"https:\/\/cookking.online\/katalogas\/priedai\/grilio-lekstes\/78cm-4-grilio-lekste\/","url":"https:\/\/cookking.online\/katalogas\/priedai\/grilio-lekstes\/78cm-4-grilio-lekste\/","name":"78cm\/4r Grilio l\u0117k\u0161t\u0117 - Cookking.online","isPartOf":{"@id":"https:\/\/cookking.online\/#website"},"primaryImageOfPage":{"@id":"https:\/\/cookking.online\/katalogas\/priedai\/grilio-lekstes\/78cm-4-grilio-lekste\/#primaryimage"},"image":{"@id":"https:\/\/cookking.online\/katalogas\/priedai\/grilio-lekstes\/78cm-4-grilio-lekste\/#primaryimage"},"thumbnailUrl":"https:\/\/cookking.online\/wp-content\/uploads\/2021\/11\/78-cm-grill-plate-for-fire-bowl-4-handles-2.jpg","datePublished":"2026-03-10T09:21:07+00:00","description":"78cm\/4r Grilio l\u0117k\u0161t\u0117 Auk\u0161\u010diausios kokyb\u0117s \u012franga gaminimui, kepimui ant groteli\u0173 ir r\u016bkymui lauke. Lau\u017eaviet\u0117s, Trikojai griliui, KETAUS Puodai, Stovai malkoms","breadcrumb":{"@id":"https:\/\/cookking.online\/katalogas\/priedai\/grilio-lekstes\/78cm-4-grilio-lekste\/#breadcrumb"},"inLanguage":"en-US","potentialAction":[{"@type":"ReadAction","target":["https:\/\/cookking.online\/katalogas\/priedai\/grilio-lekstes\/78cm-4-grilio-lekste\/"]}]},{"@type":"ImageObject","inLanguage":"en-US","@id":"https:\/\/cookking.online\/katalogas\/priedai\/grilio-lekstes\/78cm-4-grilio-lekste\/#primaryimage","url":"https:\/\/cookking.online\/wp-content\/uploads\/2021\/11\/78-cm-grill-plate-for-fire-bowl-4-handles-2.jpg","contentUrl":"https:\/\/cookking.online\/wp-content\/uploads\/2021\/11\/78-cm-grill-plate-for-fire-bowl-4-handles-2.jpg","width":2000,"height":1568,"caption":"78cm\/4r Grilio l\u0117k\u0161t\u0117"},{"@type":"BreadcrumbList","@id":"https:\/\/cookking.online\/katalogas\/priedai\/grilio-lekstes\/78cm-4-grilio-lekste\/#breadcrumb","itemListElement":[{"@type":"ListItem","position":1,"name":"Prad\u017eia","item":"https:\/\/cookking.online\/"},{"@type":"ListItem","position":2,"name":"Parduotuv\u0117","item":"https:\/\/cookking.online\/parduotuve\/"},{"@type":"ListItem","position":3,"name":"78cm\/4r Grilio l\u0117k\u0161t\u0117"}]},{"@type":"WebSite","@id":"https:\/\/cookking.online\/#website","url":"https:\/\/cookking.online\/","name":"Cookking.online","description":"","publisher":{"@id":"https:\/\/cookking.online\/#organization"},"potentialAction":[{"@type":"SearchAction","target":{"@type":"EntryPoint","urlTemplate":"https:\/\/cookking.online\/?s={search_term_string}"},"query-input":{"@type":"PropertyValueSpecification","valueRequired":true,"valueName":"search_term_string"}}],"inLanguage":"en-US"},{"@type":"Organization","@id":"https:\/\/cookking.online\/#organization","name":"Cookking.online","url":"https:\/\/cookking.online\/","logo":{"@type":"ImageObject","inLanguage":"en-US","@id":"https:\/\/cookking.online\/#\/schema\/logo\/image\/","url":"https:\/\/cookking.online\/wp-content\/uploads\/2021\/11\/Logo.png","contentUrl":"https:\/\/cookking.online\/wp-content\/uploads\/2021\/11\/Logo.png","width":291,"height":100,"caption":"Cookking.online"},"image":{"@id":"https:\/\/cookking.online\/#\/schema\/logo\/image\/"}}]}},"_links":{"self":[{"href":"https:\/\/cookking.online\/en\/wp-json\/wp\/v2\/product\/3541","targetHints":{"allow":["GET"]}}],"collection":[{"href":"https:\/\/cookking.online\/en\/wp-json\/wp\/v2\/product"}],"about":[{"href":"https:\/\/cookking.online\/en\/wp-json\/wp\/v2\/types\/product"}],"wp:featuredmedia":[{"embeddable":true,"href":"https:\/\/cookking.online\/en\/wp-json\/wp\/v2\/media\/3649"}],"wp:attachment":[{"href":"https:\/\/cookking.online\/en\/wp-json\/wp\/v2\/media?parent=3541"}],"wp:term":[{"taxonomy":"product_brand","embeddable":true,"href":"https:\/\/cookking.online\/en\/wp-json\/wp\/v2\/product_brand?post=3541"},{"taxonomy":"product_cat","embeddable":true,"href":"https:\/\/cookking.online\/en\/wp-json\/wp\/v2\/product_cat?post=3541"},{"taxonomy":"product_tag","embeddable":true,"href":"https:\/\/cookking.online\/en\/wp-json\/wp\/v2\/product_tag?post=3541"}],"curies":[{"name":"wp","href":"https:\/\/api.w.org\/{rel}","templated":true}]}}