{"id":6342,"date":"2026-03-10T12:21:38","date_gmt":"2026-03-10T09:21:38","guid":{"rendered":"https:\/\/cookking.online\/?post_type=product&#038;p=6342"},"modified":"2026-03-10T12:21:38","modified_gmt":"2026-03-10T09:21:38","slug":"lauzaviete-cook-king-kongo","status":"publish","type":"product","link":"https:\/\/cookking.online\/en\/katalogas\/lauzavietes\/lauzaviete-cook-king-kongo\/","title":{"rendered":"Breakwater Cook King KONGO"},"content":{"rendered":"<p>&#8222;&#8221;HAND MADE&#8221;&#8221; AUK\u0160TOS KOKYB\u0116S PRODUKTAS, PAGAMINTA EUROPOJE<\/p>\n<p>Prek\u0117s apra\u0161ymas:<br \/>\n\u0160is auk\u0161tos kokyb\u0117s ugnies dubuo pagamintas Europoje. Ugnies dubuo yra idealus sprendimas tiems, kurie vertina saugum\u0105 kurstant ugn\u012f. Ne\u0161iojam\u0105 ugnies duben\u012f galima naudoti \u012fvairiais b\u016bdais. Tai gali b\u016bti prakti\u0161ka vieta lau\u017eui \u012fkurti, ne\u0161iojamasis grilis, \u0161ilumos \u0161altinis ir stilingas ap\u0161vietimas. Ugnies dubuo pagamintas i\u0161 storo plieno, kurio storis apytiksliai. 3 mm. Gilus dubuo neleid\u017eia plisti degan\u010diai medienai, pavyzd\u017eiui, esant stipriam v\u0117jui.<br \/>\nM\u016bs\u0173 ugnies dubenys yra pagaminti i\u0161 neapdoroto plieno; tod\u0117l j\u0173 spalvos atspalvis gali skirtis nuo nuotraukose pateikto gaminio. Tai nat\u016brali plieno savyb\u0117 ir neturi jokios neigiamos \u012ftakos gaminio funkcionalumui ar stabilumui.<\/p>","protected":false},"excerpt":{"rendered":"<p><strong>Technin\u0117s specifikacijos:<\/strong><br \/>\nCook King ugnies dubens skersmuo: 85 cm<br \/>\nCook King ugnies dubens storis: apie. 3 mm<br \/>\nBendras auk\u0161tis: apytiksliai. 55 cm<br \/>\nSvoris: apytiksliai. 22 kg<br \/>\nMaterial: natural steel<\/p>","protected":false},"featured_media":3247,"template":"","meta":[],"product_brand":[],"product_cat":[20],"product_tag":[],"class_list":{"0":"post-6342","1":"product","2":"type-product","3":"status-publish","4":"has-post-thumbnail","6":"product_cat-lauzavietes","8":"first","9":"outofstock","10":"taxable","11":"shipping-taxable","12":"purchasable","13":"product-type-simple"},"yoast_head":"<!-- This site is optimized with the Yoast SEO plugin v27.3 - https:\/\/yoast.com\/product\/yoast-seo-wordpress\/ -->\n<title>Lau\u017eaviete Cook King KONGO - Cookking.online<\/title>\n<meta name=\"description\" content=\"Auk\u0161\u010diausios kokyb\u0117s \u012franga gaminimui, kepimui ant groteli\u0173 ir r\u016bkymui lauke. Lau\u017eaviet\u0117s, Trikojai griliui, KETAUS Puodai, Stovai malkoms. Lau\u017eaviete Cook King KONGO\" \/>\n<meta name=\"robots\" content=\"index, follow, max-snippet:-1, max-image-preview:large, max-video-preview:-1\" \/>\n<link rel=\"canonical\" href=\"https:\/\/cookking.online\/en\/katalogas\/lauzavietes\/lauzaviete-cook-king-kongo\/\" \/>\n<meta property=\"og:locale\" content=\"en_US\" \/>\n<meta property=\"og:type\" content=\"article\" \/>\n<meta property=\"og:title\" content=\"Lau\u017eaviete Cook King KONGO - Cookking.online\" \/>\n<meta property=\"og:description\" content=\"Auk\u0161\u010diausios kokyb\u0117s \u012franga gaminimui, kepimui ant groteli\u0173 ir r\u016bkymui lauke. Lau\u017eaviet\u0117s, Trikojai griliui, KETAUS Puodai, Stovai malkoms. Lau\u017eaviete Cook King KONGO\" \/>\n<meta property=\"og:url\" content=\"https:\/\/cookking.online\/en\/katalogas\/lauzavietes\/lauzaviete-cook-king-kongo\/\" \/>\n<meta property=\"og:site_name\" content=\"Cookking.online\" \/>\n<meta property=\"og:image\" content=\"https:\/\/cookking.online\/wp-content\/uploads\/2021\/11\/85-cm-premium-deep-fire-bowl-kongo-2.jpg\" \/>\n\t<meta property=\"og:image:width\" content=\"2001\" \/>\n\t<meta property=\"og:image:height\" content=\"2001\" \/>\n\t<meta property=\"og:image:type\" content=\"image\/jpeg\" \/>\n<meta name=\"twitter:card\" content=\"summary_large_image\" \/>\n<meta name=\"twitter:label1\" content=\"Est. reading time\" \/>\n\t<meta name=\"twitter:data1\" content=\"1 minute\" \/>\n<script type=\"application\/ld+json\" class=\"yoast-schema-graph\">{\"@context\":\"https:\\\/\\\/schema.org\",\"@graph\":[{\"@type\":\"WebPage\",\"@id\":\"https:\\\/\\\/cookking.online\\\/katalogas\\\/lauzavietes\\\/lauzaviete-cook-king-kongo\\\/\",\"url\":\"https:\\\/\\\/cookking.online\\\/katalogas\\\/lauzavietes\\\/lauzaviete-cook-king-kongo\\\/\",\"name\":\"Lau\u017eaviete Cook King KONGO - Cookking.online\",\"isPartOf\":{\"@id\":\"https:\\\/\\\/cookking.online\\\/#website\"},\"primaryImageOfPage\":{\"@id\":\"https:\\\/\\\/cookking.online\\\/katalogas\\\/lauzavietes\\\/lauzaviete-cook-king-kongo\\\/#primaryimage\"},\"image\":{\"@id\":\"https:\\\/\\\/cookking.online\\\/katalogas\\\/lauzavietes\\\/lauzaviete-cook-king-kongo\\\/#primaryimage\"},\"thumbnailUrl\":\"https:\\\/\\\/cookking.online\\\/wp-content\\\/uploads\\\/2021\\\/11\\\/85-cm-premium-deep-fire-bowl-kongo-2.jpg\",\"datePublished\":\"2026-03-10T09:21:38+00:00\",\"description\":\"Auk\u0161\u010diausios kokyb\u0117s \u012franga gaminimui, kepimui ant groteli\u0173 ir r\u016bkymui lauke. Lau\u017eaviet\u0117s, Trikojai griliui, KETAUS Puodai, Stovai malkoms. Lau\u017eaviete Cook King KONGO\",\"breadcrumb\":{\"@id\":\"https:\\\/\\\/cookking.online\\\/katalogas\\\/lauzavietes\\\/lauzaviete-cook-king-kongo\\\/#breadcrumb\"},\"inLanguage\":\"en-US\",\"potentialAction\":[{\"@type\":\"ReadAction\",\"target\":[\"https:\\\/\\\/cookking.online\\\/katalogas\\\/lauzavietes\\\/lauzaviete-cook-king-kongo\\\/\"]}]},{\"@type\":\"ImageObject\",\"inLanguage\":\"en-US\",\"@id\":\"https:\\\/\\\/cookking.online\\\/katalogas\\\/lauzavietes\\\/lauzaviete-cook-king-kongo\\\/#primaryimage\",\"url\":\"https:\\\/\\\/cookking.online\\\/wp-content\\\/uploads\\\/2021\\\/11\\\/85-cm-premium-deep-fire-bowl-kongo-2.jpg\",\"contentUrl\":\"https:\\\/\\\/cookking.online\\\/wp-content\\\/uploads\\\/2021\\\/11\\\/85-cm-premium-deep-fire-bowl-kongo-2.jpg\",\"width\":2001,\"height\":2001},{\"@type\":\"BreadcrumbList\",\"@id\":\"https:\\\/\\\/cookking.online\\\/katalogas\\\/lauzavietes\\\/lauzaviete-cook-king-kongo\\\/#breadcrumb\",\"itemListElement\":[{\"@type\":\"ListItem\",\"position\":1,\"name\":\"Prad\u017eia\",\"item\":\"https:\\\/\\\/cookking.online\\\/\"},{\"@type\":\"ListItem\",\"position\":2,\"name\":\"Parduotuv\u0117\",\"item\":\"https:\\\/\\\/cookking.online\\\/parduotuve\\\/\"},{\"@type\":\"ListItem\",\"position\":3,\"name\":\"Lau\u017eaviete Cook King KONGO\"}]},{\"@type\":\"WebSite\",\"@id\":\"https:\\\/\\\/cookking.online\\\/#website\",\"url\":\"https:\\\/\\\/cookking.online\\\/\",\"name\":\"Cookking.online\",\"description\":\"\",\"publisher\":{\"@id\":\"https:\\\/\\\/cookking.online\\\/#organization\"},\"potentialAction\":[{\"@type\":\"SearchAction\",\"target\":{\"@type\":\"EntryPoint\",\"urlTemplate\":\"https:\\\/\\\/cookking.online\\\/?s={search_term_string}\"},\"query-input\":{\"@type\":\"PropertyValueSpecification\",\"valueRequired\":true,\"valueName\":\"search_term_string\"}}],\"inLanguage\":\"en-US\"},{\"@type\":\"Organization\",\"@id\":\"https:\\\/\\\/cookking.online\\\/#organization\",\"name\":\"Cookking.online\",\"url\":\"https:\\\/\\\/cookking.online\\\/\",\"logo\":{\"@type\":\"ImageObject\",\"inLanguage\":\"en-US\",\"@id\":\"https:\\\/\\\/cookking.online\\\/#\\\/schema\\\/logo\\\/image\\\/\",\"url\":\"https:\\\/\\\/cookking.online\\\/wp-content\\\/uploads\\\/2021\\\/11\\\/Logo.png\",\"contentUrl\":\"https:\\\/\\\/cookking.online\\\/wp-content\\\/uploads\\\/2021\\\/11\\\/Logo.png\",\"width\":291,\"height\":100,\"caption\":\"Cookking.online\"},\"image\":{\"@id\":\"https:\\\/\\\/cookking.online\\\/#\\\/schema\\\/logo\\\/image\\\/\"}}]}<\/script>\n<!-- \/ Yoast SEO plugin. -->","yoast_head_json":{"title":"Lau\u017eaviete Cook King KONGO - Cookking.online","description":"Auk\u0161\u010diausios kokyb\u0117s \u012franga gaminimui, kepimui ant groteli\u0173 ir r\u016bkymui lauke. Lau\u017eaviet\u0117s, Trikojai griliui, KETAUS Puodai, Stovai malkoms. Lau\u017eaviete Cook King KONGO","robots":{"index":"index","follow":"follow","max-snippet":"max-snippet:-1","max-image-preview":"max-image-preview:large","max-video-preview":"max-video-preview:-1"},"canonical":"https:\/\/cookking.online\/en\/katalogas\/lauzavietes\/lauzaviete-cook-king-kongo\/","og_locale":"en_US","og_type":"article","og_title":"Lau\u017eaviete Cook King KONGO - Cookking.online","og_description":"Auk\u0161\u010diausios kokyb\u0117s \u012franga gaminimui, kepimui ant groteli\u0173 ir r\u016bkymui lauke. Lau\u017eaviet\u0117s, Trikojai griliui, KETAUS Puodai, Stovai malkoms. Lau\u017eaviete Cook King KONGO","og_url":"https:\/\/cookking.online\/en\/katalogas\/lauzavietes\/lauzaviete-cook-king-kongo\/","og_site_name":"Cookking.online","og_image":[{"width":2001,"height":2001,"url":"https:\/\/cookking.online\/wp-content\/uploads\/2021\/11\/85-cm-premium-deep-fire-bowl-kongo-2.jpg","type":"image\/jpeg"}],"twitter_card":"summary_large_image","twitter_misc":{"Est. reading time":"1 minute"},"schema":{"@context":"https:\/\/schema.org","@graph":[{"@type":"WebPage","@id":"https:\/\/cookking.online\/katalogas\/lauzavietes\/lauzaviete-cook-king-kongo\/","url":"https:\/\/cookking.online\/katalogas\/lauzavietes\/lauzaviete-cook-king-kongo\/","name":"Lau\u017eaviete Cook King KONGO - Cookking.online","isPartOf":{"@id":"https:\/\/cookking.online\/#website"},"primaryImageOfPage":{"@id":"https:\/\/cookking.online\/katalogas\/lauzavietes\/lauzaviete-cook-king-kongo\/#primaryimage"},"image":{"@id":"https:\/\/cookking.online\/katalogas\/lauzavietes\/lauzaviete-cook-king-kongo\/#primaryimage"},"thumbnailUrl":"https:\/\/cookking.online\/wp-content\/uploads\/2021\/11\/85-cm-premium-deep-fire-bowl-kongo-2.jpg","datePublished":"2026-03-10T09:21:38+00:00","description":"Auk\u0161\u010diausios kokyb\u0117s \u012franga gaminimui, kepimui ant groteli\u0173 ir r\u016bkymui lauke. Lau\u017eaviet\u0117s, Trikojai griliui, KETAUS Puodai, Stovai malkoms. Lau\u017eaviete Cook King KONGO","breadcrumb":{"@id":"https:\/\/cookking.online\/katalogas\/lauzavietes\/lauzaviete-cook-king-kongo\/#breadcrumb"},"inLanguage":"en-US","potentialAction":[{"@type":"ReadAction","target":["https:\/\/cookking.online\/katalogas\/lauzavietes\/lauzaviete-cook-king-kongo\/"]}]},{"@type":"ImageObject","inLanguage":"en-US","@id":"https:\/\/cookking.online\/katalogas\/lauzavietes\/lauzaviete-cook-king-kongo\/#primaryimage","url":"https:\/\/cookking.online\/wp-content\/uploads\/2021\/11\/85-cm-premium-deep-fire-bowl-kongo-2.jpg","contentUrl":"https:\/\/cookking.online\/wp-content\/uploads\/2021\/11\/85-cm-premium-deep-fire-bowl-kongo-2.jpg","width":2001,"height":2001},{"@type":"BreadcrumbList","@id":"https:\/\/cookking.online\/katalogas\/lauzavietes\/lauzaviete-cook-king-kongo\/#breadcrumb","itemListElement":[{"@type":"ListItem","position":1,"name":"Prad\u017eia","item":"https:\/\/cookking.online\/"},{"@type":"ListItem","position":2,"name":"Parduotuv\u0117","item":"https:\/\/cookking.online\/parduotuve\/"},{"@type":"ListItem","position":3,"name":"Lau\u017eaviete Cook King KONGO"}]},{"@type":"WebSite","@id":"https:\/\/cookking.online\/#website","url":"https:\/\/cookking.online\/","name":"Cookking.online","description":"","publisher":{"@id":"https:\/\/cookking.online\/#organization"},"potentialAction":[{"@type":"SearchAction","target":{"@type":"EntryPoint","urlTemplate":"https:\/\/cookking.online\/?s={search_term_string}"},"query-input":{"@type":"PropertyValueSpecification","valueRequired":true,"valueName":"search_term_string"}}],"inLanguage":"en-US"},{"@type":"Organization","@id":"https:\/\/cookking.online\/#organization","name":"Cookking.online","url":"https:\/\/cookking.online\/","logo":{"@type":"ImageObject","inLanguage":"en-US","@id":"https:\/\/cookking.online\/#\/schema\/logo\/image\/","url":"https:\/\/cookking.online\/wp-content\/uploads\/2021\/11\/Logo.png","contentUrl":"https:\/\/cookking.online\/wp-content\/uploads\/2021\/11\/Logo.png","width":291,"height":100,"caption":"Cookking.online"},"image":{"@id":"https:\/\/cookking.online\/#\/schema\/logo\/image\/"}}]}},"_links":{"self":[{"href":"https:\/\/cookking.online\/en\/wp-json\/wp\/v2\/product\/6342","targetHints":{"allow":["GET"]}}],"collection":[{"href":"https:\/\/cookking.online\/en\/wp-json\/wp\/v2\/product"}],"about":[{"href":"https:\/\/cookking.online\/en\/wp-json\/wp\/v2\/types\/product"}],"wp:featuredmedia":[{"embeddable":true,"href":"https:\/\/cookking.online\/en\/wp-json\/wp\/v2\/media\/3247"}],"wp:attachment":[{"href":"https:\/\/cookking.online\/en\/wp-json\/wp\/v2\/media?parent=6342"}],"wp:term":[{"taxonomy":"product_brand","embeddable":true,"href":"https:\/\/cookking.online\/en\/wp-json\/wp\/v2\/product_brand?post=6342"},{"taxonomy":"product_cat","embeddable":true,"href":"https:\/\/cookking.online\/en\/wp-json\/wp\/v2\/product_cat?post=6342"},{"taxonomy":"product_tag","embeddable":true,"href":"https:\/\/cookking.online\/en\/wp-json\/wp\/v2\/product_tag?post=6342"}],"curies":[{"name":"wp","href":"https:\/\/api.w.org\/{rel}","templated":true}]}}