{"id":6346,"date":"2026-03-10T12:21:39","date_gmt":"2026-03-10T09:21:39","guid":{"rendered":"https:\/\/cookking.online\/?post_type=product&#038;p=6346"},"modified":"2026-03-10T12:21:39","modified_gmt":"2026-03-10T09:21:39","slug":"lauko-ugniakuras-cook-king-katar","status":"publish","type":"product","link":"https:\/\/cookking.online\/en\/katalogas\/lauzavietes\/lauko-ugniakuras-cook-king-katar\/","title":{"rendered":"Cook King KATAR outdoor fire extinguisher"},"content":{"rendered":"<h1 class=\"text-2xl font-bold mt-1 text-text-200\">Cook King KATAR Lauko Ugniakuras &#8211; Artim\u0173j\u0173 Ryt\u0173 Elegancija J\u016bs\u0173 Terasoje<\/h1>\n<p class=\"whitespace-pre-wrap break-words\">\u012esivaizduokite \u0161ilt\u0105 vasaros vakar\u0105, kai a\u017e\u016brin\u0117s Lauko ugniakuras Cook King KATAR konstrukcijos i\u0161pjautos geometrin\u0117s formos meta magi\u0161kus \u0161e\u0161\u0117lius ant j\u016bs\u0173 terasos grindinio, o pro jas besiver\u017eianti \u0161viesa primena tradicini\u0173 arab\u0173 \u017eibint\u0173 sukuriam\u0105 atmosfer\u0105. \u0160is europieti\u0161kas rank\u0173 darbo ugniakuras, \u012fkv\u0117ptas Artim\u0173j\u0173 Ryt\u0173 estetikos, paver\u010dia paprast\u0105 lauko erdv\u0119 egzoti\u0161ka oaze.<\/p>\n<h2 class=\"text-xl font-bold text-text-200 mt-1 -mb-0.5\">Rytieti\u0161kas Gro\u017eis Susitinka su Europieti\u0161ku Meistri\u0161kumu<\/h2>\n<p class=\"whitespace-pre-wrap break-words\">KATAR n\u0117ra tik paprastas ugniakuras &#8211; tai meno k\u016brinys, kuriame susipina Artim\u0173j\u0173 Ryt\u0173 ornamentika ir europieti\u0161ka gamybos kokyb\u0117. Masyv\u016bs plieniniai strypai, suvirinti \u012f vientis\u0105 konstrukcij\u0105, sukuria ne tik tvirt\u0105 pagrind\u0105, bet ir tampa pagrindu magi\u0161kam \u0161viesos \u0161okiui, kai liepsnos prasiver\u017eia pro a\u017e\u016brines sieneles, primindamos tradicini\u0173 arab\u0173 \u017eibint\u0173 \u0161vyt\u0117jim\u0105.<\/p>\n<h2 class=\"text-xl font-bold text-text-200 mt-1 -mb-0.5\">Funkcionalumas po Gro\u017eio Kauke<\/h2>\n<p class=\"whitespace-pre-wrap break-words\">Nors KATAR pirmiausia patraukia ak\u012f savo i\u0161skirtine estetika, jo praktin\u0117 vert\u0117 nenusileid\u017eia i\u0161vaizdai:<\/p>\n<ul class=\"[&amp;:not(:last-child)_ul]:pb-1 [&amp;:not(:last-child)_ol]:pb-1 list-disc space-y-1.5 pl-7\">\n<li class=\"whitespace-normal break-words\">Erdvi vidaus konstrukcija leid\u017eia sukrauti didel\u012f kiek\u012f malk\u0173<\/li>\n<li class=\"whitespace-normal break-words\">Strategi\u0161kai i\u0161d\u0117stytos rankenos u\u017etikrina saug\u0173 ir patog\u0173 perne\u0161im\u0105<\/li>\n<li class=\"whitespace-normal break-words\">Tvirta konstrukcija garantuoja stabilum\u0105 bet kokiomis s\u0105lygomis<\/li>\n<li class=\"whitespace-normal break-words\">Nat\u016bralus plienas laikui b\u0117gant \u012fgauna dar \u012fsp\u016bdingesn\u0119 patinos tekst\u016br\u0105<\/li>\n<\/ul>\n<h2 class=\"text-xl font-bold text-text-200 mt-1 -mb-0.5\">Atmosferos K\u016br\u0117jas<\/h2>\n<p class=\"whitespace-pre-wrap break-words\">KATAR ugniakuras nat\u016braliai tampa j\u016bs\u0173 lauko erdv\u0117s centru:<\/p>\n<ul class=\"[&amp;:not(:last-child)_ul]:pb-1 [&amp;:not(:last-child)_ol]:pb-1 list-disc space-y-1.5 pl-7\">\n<li class=\"whitespace-normal break-words\">Dien\u0105 tai i\u0161skirtinis dizaino elementas<\/li>\n<li class=\"whitespace-normal break-words\">Sutemus ugnies \u0161viesa sukuria hipnotizuojant\u012f \u0161e\u0161\u0117li\u0173 \u017eaism\u0105<\/li>\n<li class=\"whitespace-normal break-words\">\u0160iluma pritraukia \u017emones susib\u016brti<\/li>\n<li class=\"whitespace-normal break-words\">A\u017e\u016brin\u0117 konstrukcija kuria jauki\u0105, intymi\u0105 atmosfer\u0105<\/li>\n<\/ul>\n<h2 class=\"text-xl font-bold text-text-200 mt-1 -mb-0.5\">Nat\u016bralaus Plieno Charakteris<\/h2>\n<p class=\"whitespace-pre-wrap break-words\">Kiekvienas KATAR ugniakuras pasakoja savo unikali\u0105 istorij\u0105 per nat\u016bralaus plieno spalvos poky\u010dius. Tai n\u0117ra tr\u016bkumas &#8211; tai charakterio \u017eenklas, primenantis tradicini\u0173 arab\u0173 amat\u0173 autenti\u0161kum\u0105, kur kiekvienas daiktas turi savo siel\u0105 ir istorij\u0105. Laikui b\u0117gant besiformuojanti patina tik sustiprina ugniakuro ry\u0161\u012f su gamta ir tradicija.<\/p>\n<p class=\"whitespace-pre-wrap break-words\">KATAR ugniakuras &#8211; tai ne tik \u0161ilumos \u0161altinis ar dekoratyvinis elementas. Tai kult\u016br\u0173 dialogo \u012fsik\u016bnijimas, kur rytieti\u0161kas gro\u017eis susitinka su europieti\u0161ku funkcionalumu, sukurdamas ka\u017ek\u0105 visi\u0161kai naujo ir kartu giliai tradicinio. Tai prietaisas, kuris ne tik \u0161ildo ir ap\u0161vie\u010dia, bet ir kvie\u010dia keliauti \u012f egzoti\u0161k\u0105 pasaul\u012f, net nei\u0161\u0117jus i\u0161 savo kiemo.<\/p>\n<p class=\"whitespace-pre-wrap break-words\"><strong>Atraskite Cook King Bendruomen\u0119!<\/strong><\/p>\n<p class=\"whitespace-pre-wrap break-words\">M\u016bs\u0173 aistra maisto gaminimui po atviru dangumi \u012fkvepia kurti nepamir\u0161tamas akimirkas. Cook King \u2013 tai ne tik prek\u0117s \u017eenklas, bet ir bendruomen\u0117 \u017emoni\u0173, kurie vertina autenti\u0161k\u0105 maisto gaminimo patirt\u012f, pagardint\u0105 v\u0117jo dvelksmu ir ugnies \u0161iluma.<\/p>\n<p class=\"whitespace-pre-wrap break-words\"><strong>Sekite Mus ir \u012ekv\u0117pkite!<\/strong><\/p>\n<p class=\"whitespace-pre-wrap break-words\">Kvie\u010diame prisijungti prie m\u016bs\u0173 augan\u010dios bendruomen\u0117s:<\/p>\n<p class=\"whitespace-pre-wrap break-words\"><strong>Raskite Mus:<\/strong><\/p>\n<p class=\"whitespace-pre-wrap break-words\">\ud83c\udfa5 <a href=\"https:\/\/www.youtube.com\/channel\/UC0eMDwELC0jawxRPy-wDovg\">YouTube<\/a><\/p>\n<p class=\"whitespace-pre-wrap break-words\">\ud83d\udcf1 <a href=\"https:\/\/www.facebook.com\/cookking.online\/\">Facebook<\/a><\/p>\n<p class=\"whitespace-pre-wrap break-words\"><strong>Kartu Kurkime Nepamir\u0161tamas Akimirkas!<\/strong><\/p>\n<p class=\"whitespace-pre-wrap break-words\">Prisijunkite prie Cook King bendruomen\u0117s ir atraskite, kaip m\u016bs\u0173 produktai gali praturtinti j\u016bs\u0173 laisvalaik\u012f su artimaisiais. Leiskite mums \u012fkv\u0117pti j\u016bs\u0173 kulinarinius nuotykius po atviru dangumi!<\/p>\n<p class=\"whitespace-pre-wrap break-words\">#CookKing #OutdoorCooking #GrillMaster #LaukoVirtuv\u0117 #BBQLietuva<\/p>\n","protected":false},"excerpt":{"rendered":"<p><strong>Technin\u0117s specifikacijos:<\/strong><br \/>\nSkersmuo: apytiksliai. 60 cm<br \/>\nBendras auk\u0161tis: apytiksliai. \u0173\u0161 cm<br \/>\nPlieniniai plok\u0161ti strypai: 20x4mm<br \/>\nSvoris: apytiksliai. 20 kg<br \/>\nMaterial: natural steel<\/p>","protected":false},"featured_media":3283,"template":"","meta":[],"product_brand":[],"product_cat":[20],"product_tag":[],"class_list":{"0":"post-6346","1":"product","2":"type-product","3":"status-publish","4":"has-post-thumbnail","6":"product_cat-lauzavietes","8":"first","9":"instock","10":"taxable","11":"shipping-taxable","12":"purchasable","13":"product-type-simple"},"yoast_head":"<!-- This site is optimized with the Yoast SEO plugin v27.3 - https:\/\/yoast.com\/product\/yoast-seo-wordpress\/ -->\n<title>Lauko ugniakuras Cook King KATAR | Rytieti\u0161kas Gro\u017eis J\u016bs\u0173 Sode - Cookking.online<\/title>\n<meta name=\"description\" content=\"Atraskite Lauko ugniakuras Cook King KATAR - europieti\u0161k\u0105 rank\u0173 darbo ugniakur\u0105 su rytieti\u0161kais motyvais. Unikali a\u017e\u016brin\u0117 konstrukcija sukuria magi\u0161k\u0105 atmosfer\u0105 j\u016bs\u0173 lauko erdv\u0117je.\" \/>\n<meta name=\"robots\" content=\"index, follow, max-snippet:-1, max-image-preview:large, max-video-preview:-1\" \/>\n<link rel=\"canonical\" href=\"https:\/\/cookking.online\/en\/katalogas\/lauzavietes\/lauko-ugniakuras-cook-king-katar\/\" \/>\n<meta property=\"og:locale\" content=\"en_US\" \/>\n<meta property=\"og:type\" content=\"article\" \/>\n<meta property=\"og:title\" content=\"Lauko ugniakuras Cook King KATAR | Rytieti\u0161kas Gro\u017eis J\u016bs\u0173 Sode - Cookking.online\" \/>\n<meta property=\"og:description\" content=\"Atraskite Lauko ugniakuras Cook King KATAR - europieti\u0161k\u0105 rank\u0173 darbo ugniakur\u0105 su rytieti\u0161kais motyvais. Unikali a\u017e\u016brin\u0117 konstrukcija sukuria magi\u0161k\u0105 atmosfer\u0105 j\u016bs\u0173 lauko erdv\u0117je.\" \/>\n<meta property=\"og:url\" content=\"https:\/\/cookking.online\/en\/katalogas\/lauzavietes\/lauko-ugniakuras-cook-king-katar\/\" \/>\n<meta property=\"og:site_name\" content=\"Cookking.online\" \/>\n<meta property=\"og:image\" content=\"https:\/\/cookking.online\/wp-content\/uploads\/2021\/11\/fire-basket-katar-2.jpg\" \/>\n\t<meta property=\"og:image:width\" content=\"1554\" \/>\n\t<meta property=\"og:image:height\" content=\"2000\" \/>\n\t<meta property=\"og:image:type\" content=\"image\/jpeg\" \/>\n<meta name=\"twitter:card\" content=\"summary_large_image\" \/>\n<meta name=\"twitter:label1\" content=\"Est. reading time\" \/>\n\t<meta name=\"twitter:data1\" content=\"3 minutes\" \/>\n<script type=\"application\/ld+json\" class=\"yoast-schema-graph\">{\"@context\":\"https:\\\/\\\/schema.org\",\"@graph\":[{\"@type\":\"WebPage\",\"@id\":\"https:\\\/\\\/cookking.online\\\/katalogas\\\/lauzavietes\\\/lauko-ugniakuras-cook-king-katar\\\/\",\"url\":\"https:\\\/\\\/cookking.online\\\/katalogas\\\/lauzavietes\\\/lauko-ugniakuras-cook-king-katar\\\/\",\"name\":\"Lauko ugniakuras Cook King KATAR | Rytieti\u0161kas Gro\u017eis J\u016bs\u0173 Sode - Cookking.online\",\"isPartOf\":{\"@id\":\"https:\\\/\\\/cookking.online\\\/#website\"},\"primaryImageOfPage\":{\"@id\":\"https:\\\/\\\/cookking.online\\\/katalogas\\\/lauzavietes\\\/lauko-ugniakuras-cook-king-katar\\\/#primaryimage\"},\"image\":{\"@id\":\"https:\\\/\\\/cookking.online\\\/katalogas\\\/lauzavietes\\\/lauko-ugniakuras-cook-king-katar\\\/#primaryimage\"},\"thumbnailUrl\":\"https:\\\/\\\/cookking.online\\\/wp-content\\\/uploads\\\/2021\\\/11\\\/fire-basket-katar-2.jpg\",\"datePublished\":\"2026-03-10T09:21:39+00:00\",\"description\":\"Atraskite Lauko ugniakuras Cook King KATAR - europieti\u0161k\u0105 rank\u0173 darbo ugniakur\u0105 su rytieti\u0161kais motyvais. Unikali a\u017e\u016brin\u0117 konstrukcija sukuria magi\u0161k\u0105 atmosfer\u0105 j\u016bs\u0173 lauko erdv\u0117je.\",\"breadcrumb\":{\"@id\":\"https:\\\/\\\/cookking.online\\\/katalogas\\\/lauzavietes\\\/lauko-ugniakuras-cook-king-katar\\\/#breadcrumb\"},\"inLanguage\":\"en-US\",\"potentialAction\":[{\"@type\":\"ReadAction\",\"target\":[\"https:\\\/\\\/cookking.online\\\/katalogas\\\/lauzavietes\\\/lauko-ugniakuras-cook-king-katar\\\/\"]}]},{\"@type\":\"ImageObject\",\"inLanguage\":\"en-US\",\"@id\":\"https:\\\/\\\/cookking.online\\\/katalogas\\\/lauzavietes\\\/lauko-ugniakuras-cook-king-katar\\\/#primaryimage\",\"url\":\"https:\\\/\\\/cookking.online\\\/wp-content\\\/uploads\\\/2021\\\/11\\\/fire-basket-katar-2.jpg\",\"contentUrl\":\"https:\\\/\\\/cookking.online\\\/wp-content\\\/uploads\\\/2021\\\/11\\\/fire-basket-katar-2.jpg\",\"width\":1554,\"height\":2000,\"caption\":\"Lauko ugniakuras Cook King KATAR\"},{\"@type\":\"BreadcrumbList\",\"@id\":\"https:\\\/\\\/cookking.online\\\/katalogas\\\/lauzavietes\\\/lauko-ugniakuras-cook-king-katar\\\/#breadcrumb\",\"itemListElement\":[{\"@type\":\"ListItem\",\"position\":1,\"name\":\"Prad\u017eia\",\"item\":\"https:\\\/\\\/cookking.online\\\/\"},{\"@type\":\"ListItem\",\"position\":2,\"name\":\"Parduotuv\u0117\",\"item\":\"https:\\\/\\\/cookking.online\\\/parduotuve\\\/\"},{\"@type\":\"ListItem\",\"position\":3,\"name\":\"Lauko ugniakuras Cook King KATAR\"}]},{\"@type\":\"WebSite\",\"@id\":\"https:\\\/\\\/cookking.online\\\/#website\",\"url\":\"https:\\\/\\\/cookking.online\\\/\",\"name\":\"Cookking.online\",\"description\":\"\",\"publisher\":{\"@id\":\"https:\\\/\\\/cookking.online\\\/#organization\"},\"potentialAction\":[{\"@type\":\"SearchAction\",\"target\":{\"@type\":\"EntryPoint\",\"urlTemplate\":\"https:\\\/\\\/cookking.online\\\/?s={search_term_string}\"},\"query-input\":{\"@type\":\"PropertyValueSpecification\",\"valueRequired\":true,\"valueName\":\"search_term_string\"}}],\"inLanguage\":\"en-US\"},{\"@type\":\"Organization\",\"@id\":\"https:\\\/\\\/cookking.online\\\/#organization\",\"name\":\"Cookking.online\",\"url\":\"https:\\\/\\\/cookking.online\\\/\",\"logo\":{\"@type\":\"ImageObject\",\"inLanguage\":\"en-US\",\"@id\":\"https:\\\/\\\/cookking.online\\\/#\\\/schema\\\/logo\\\/image\\\/\",\"url\":\"https:\\\/\\\/cookking.online\\\/wp-content\\\/uploads\\\/2021\\\/11\\\/Logo.png\",\"contentUrl\":\"https:\\\/\\\/cookking.online\\\/wp-content\\\/uploads\\\/2021\\\/11\\\/Logo.png\",\"width\":291,\"height\":100,\"caption\":\"Cookking.online\"},\"image\":{\"@id\":\"https:\\\/\\\/cookking.online\\\/#\\\/schema\\\/logo\\\/image\\\/\"}}]}<\/script>\n<!-- \/ Yoast SEO plugin. -->","yoast_head_json":{"title":"Lauko ugniakuras Cook King KATAR | Rytieti\u0161kas Gro\u017eis J\u016bs\u0173 Sode - Cookking.online","description":"Atraskite Lauko ugniakuras Cook King KATAR - europieti\u0161k\u0105 rank\u0173 darbo ugniakur\u0105 su rytieti\u0161kais motyvais. Unikali a\u017e\u016brin\u0117 konstrukcija sukuria magi\u0161k\u0105 atmosfer\u0105 j\u016bs\u0173 lauko erdv\u0117je.","robots":{"index":"index","follow":"follow","max-snippet":"max-snippet:-1","max-image-preview":"max-image-preview:large","max-video-preview":"max-video-preview:-1"},"canonical":"https:\/\/cookking.online\/en\/katalogas\/lauzavietes\/lauko-ugniakuras-cook-king-katar\/","og_locale":"en_US","og_type":"article","og_title":"Lauko ugniakuras Cook King KATAR | Rytieti\u0161kas Gro\u017eis J\u016bs\u0173 Sode - Cookking.online","og_description":"Atraskite Lauko ugniakuras Cook King KATAR - europieti\u0161k\u0105 rank\u0173 darbo ugniakur\u0105 su rytieti\u0161kais motyvais. Unikali a\u017e\u016brin\u0117 konstrukcija sukuria magi\u0161k\u0105 atmosfer\u0105 j\u016bs\u0173 lauko erdv\u0117je.","og_url":"https:\/\/cookking.online\/en\/katalogas\/lauzavietes\/lauko-ugniakuras-cook-king-katar\/","og_site_name":"Cookking.online","og_image":[{"width":1554,"height":2000,"url":"https:\/\/cookking.online\/wp-content\/uploads\/2021\/11\/fire-basket-katar-2.jpg","type":"image\/jpeg"}],"twitter_card":"summary_large_image","twitter_misc":{"Est. reading time":"3 minutes"},"schema":{"@context":"https:\/\/schema.org","@graph":[{"@type":"WebPage","@id":"https:\/\/cookking.online\/katalogas\/lauzavietes\/lauko-ugniakuras-cook-king-katar\/","url":"https:\/\/cookking.online\/katalogas\/lauzavietes\/lauko-ugniakuras-cook-king-katar\/","name":"Lauko ugniakuras Cook King KATAR | Rytieti\u0161kas Gro\u017eis J\u016bs\u0173 Sode - Cookking.online","isPartOf":{"@id":"https:\/\/cookking.online\/#website"},"primaryImageOfPage":{"@id":"https:\/\/cookking.online\/katalogas\/lauzavietes\/lauko-ugniakuras-cook-king-katar\/#primaryimage"},"image":{"@id":"https:\/\/cookking.online\/katalogas\/lauzavietes\/lauko-ugniakuras-cook-king-katar\/#primaryimage"},"thumbnailUrl":"https:\/\/cookking.online\/wp-content\/uploads\/2021\/11\/fire-basket-katar-2.jpg","datePublished":"2026-03-10T09:21:39+00:00","description":"Atraskite Lauko ugniakuras Cook King KATAR - europieti\u0161k\u0105 rank\u0173 darbo ugniakur\u0105 su rytieti\u0161kais motyvais. Unikali a\u017e\u016brin\u0117 konstrukcija sukuria magi\u0161k\u0105 atmosfer\u0105 j\u016bs\u0173 lauko erdv\u0117je.","breadcrumb":{"@id":"https:\/\/cookking.online\/katalogas\/lauzavietes\/lauko-ugniakuras-cook-king-katar\/#breadcrumb"},"inLanguage":"en-US","potentialAction":[{"@type":"ReadAction","target":["https:\/\/cookking.online\/katalogas\/lauzavietes\/lauko-ugniakuras-cook-king-katar\/"]}]},{"@type":"ImageObject","inLanguage":"en-US","@id":"https:\/\/cookking.online\/katalogas\/lauzavietes\/lauko-ugniakuras-cook-king-katar\/#primaryimage","url":"https:\/\/cookking.online\/wp-content\/uploads\/2021\/11\/fire-basket-katar-2.jpg","contentUrl":"https:\/\/cookking.online\/wp-content\/uploads\/2021\/11\/fire-basket-katar-2.jpg","width":1554,"height":2000,"caption":"Lauko ugniakuras Cook King KATAR"},{"@type":"BreadcrumbList","@id":"https:\/\/cookking.online\/katalogas\/lauzavietes\/lauko-ugniakuras-cook-king-katar\/#breadcrumb","itemListElement":[{"@type":"ListItem","position":1,"name":"Prad\u017eia","item":"https:\/\/cookking.online\/"},{"@type":"ListItem","position":2,"name":"Parduotuv\u0117","item":"https:\/\/cookking.online\/parduotuve\/"},{"@type":"ListItem","position":3,"name":"Lauko ugniakuras Cook King KATAR"}]},{"@type":"WebSite","@id":"https:\/\/cookking.online\/#website","url":"https:\/\/cookking.online\/","name":"Cookking.online","description":"","publisher":{"@id":"https:\/\/cookking.online\/#organization"},"potentialAction":[{"@type":"SearchAction","target":{"@type":"EntryPoint","urlTemplate":"https:\/\/cookking.online\/?s={search_term_string}"},"query-input":{"@type":"PropertyValueSpecification","valueRequired":true,"valueName":"search_term_string"}}],"inLanguage":"en-US"},{"@type":"Organization","@id":"https:\/\/cookking.online\/#organization","name":"Cookking.online","url":"https:\/\/cookking.online\/","logo":{"@type":"ImageObject","inLanguage":"en-US","@id":"https:\/\/cookking.online\/#\/schema\/logo\/image\/","url":"https:\/\/cookking.online\/wp-content\/uploads\/2021\/11\/Logo.png","contentUrl":"https:\/\/cookking.online\/wp-content\/uploads\/2021\/11\/Logo.png","width":291,"height":100,"caption":"Cookking.online"},"image":{"@id":"https:\/\/cookking.online\/#\/schema\/logo\/image\/"}}]}},"_links":{"self":[{"href":"https:\/\/cookking.online\/en\/wp-json\/wp\/v2\/product\/6346","targetHints":{"allow":["GET"]}}],"collection":[{"href":"https:\/\/cookking.online\/en\/wp-json\/wp\/v2\/product"}],"about":[{"href":"https:\/\/cookking.online\/en\/wp-json\/wp\/v2\/types\/product"}],"wp:featuredmedia":[{"embeddable":true,"href":"https:\/\/cookking.online\/en\/wp-json\/wp\/v2\/media\/3283"}],"wp:attachment":[{"href":"https:\/\/cookking.online\/en\/wp-json\/wp\/v2\/media?parent=6346"}],"wp:term":[{"taxonomy":"product_brand","embeddable":true,"href":"https:\/\/cookking.online\/en\/wp-json\/wp\/v2\/product_brand?post=6346"},{"taxonomy":"product_cat","embeddable":true,"href":"https:\/\/cookking.online\/en\/wp-json\/wp\/v2\/product_cat?post=6346"},{"taxonomy":"product_tag","embeddable":true,"href":"https:\/\/cookking.online\/en\/wp-json\/wp\/v2\/product_tag?post=6346"}],"curies":[{"name":"wp","href":"https:\/\/api.w.org\/{rel}","templated":true}]}}