{"id":6581,"date":"2026-03-10T12:22:30","date_gmt":"2026-03-10T09:22:30","guid":{"rendered":"https:\/\/cookking.online\/?post_type=product&#038;p=6581"},"modified":"2026-03-10T12:22:30","modified_gmt":"2026-03-10T09:22:30","slug":"lauko-betonine-kepsnine-inca-exclusive","status":"publish","type":"product","link":"https:\/\/cookking.online\/en\/katalogas\/betonines-lauko-kepsnines\/lauko-betonine-kepsnine-inca-exclusive\/","title":{"rendered":"Lauko betonin\u0117 kepsnin\u0117 INCA Exclusive"},"content":{"rendered":"<h1 class=\"text-2xl font-bold mt-1 text-text-200\">Lauko betonin\u0117 kepsnin\u0117 INCA Exclusive: Profesionalus Sodo Dizaino Sprendimas<\/h1>\n<h3 class=\"text-lg font-bold text-text-200 mt-1 -mb-1.5\">Profesionali Lauko Kepsnin\u0117: Inovatyvus Dizaino Sprendimas<\/h3>\n<p class=\"whitespace-pre-wrap break-words\">Lauko betonin\u0117 kepsnin\u0117 INCA Exclusive &#8211; revoliucin\u0117 kepsnin\u0117, sukurta tiems, kurie ie\u0161ko i\u0161skirtinio sodo dizaino sprendimo. \u0160is rank\u0173 darbo betoninis sodo \u017eidinys su \u0161iek tiek suapvalintomis linijomis ir netradicinio dizaino ner\u016bdijan\u010dio plieno stogu yra idealus pasirinkimas moderniems namams. Profesionali \u010deki\u0161ka gamyba derina auk\u0161\u010diausios kokyb\u0117s europieti\u0161k\u0105 dizain\u0105, funkcionalum\u0105 ir estetin\u012f patrauklum\u0105, sukurdama unikal\u0173 sprendim\u0105 \u0161iuolaikin\u0117s architekt\u016bros gerb\u0117jams.<\/p>\n<h3 class=\"text-lg font-bold text-text-200 mt-1 -mb-1.5\">Produkto Technin\u0117s Charakteristikos: Dizaino Inovacija<\/h3>\n<p class=\"whitespace-pre-wrap break-words\">Pagrindiniai parametrai, kurie daro \u0161i\u0105 lauko kepsnin\u0119 i\u0161skirtine:<\/p>\n<ul class=\"[&amp;:not(:last-child)_ul]:pb-1 [&amp;:not(:last-child)_ol]:pb-1 list-disc space-y-1.5 pl-7\">\n<li class=\"whitespace-normal break-words\">Netradicinio dizaino ner\u016bdijan\u010dio plieno stogas<\/li>\n<li class=\"whitespace-normal break-words\">Suapvalintos linijos<\/li>\n<li class=\"whitespace-normal break-words\">100% rank\u0173 darbo gaminys<\/li>\n<li class=\"whitespace-normal break-words\">Sertifikuota gamybos kokyb\u0117<\/li>\n<li class=\"whitespace-normal break-words\">Atitinka grie\u017e\u010diausius ES standartus<\/li>\n<li class=\"whitespace-normal break-words\">Idealiai tinka moderniai architekt\u016brai<\/li>\n<\/ul>\n<h3 class=\"text-lg font-bold text-text-200 mt-1 -mb-1.5\">Stog\u0173 ir Dizaino Variantai: Unikal\u016bs Sprendimai<\/h3>\n<p class=\"whitespace-pre-wrap break-words\">Klientams si\u016blome net 5 unikalius stogo ir dizaino variantus:<\/p>\n<ol class=\"[&amp;:not(:last-child)_ul]:pb-1 [&amp;:not(:last-child)_ol]:pb-1 list-decimal space-y-1.5 pl-7\">\n<li class=\"whitespace-normal break-words\">A. Vario stogas &#8211; eleganti\u0161kas ir itin atsparus korozijai<\/li>\n<li class=\"whitespace-normal break-words\">B. Ner\u016bdijan\u010dio plieno stogas &#8211; modernus ir \u0161iuolaiki\u0161kas<\/li>\n<li class=\"whitespace-normal break-words\">C. Da\u017eytas stogas &#8211; galimyb\u0117 pritaikyti prie j\u016bs\u0173 sodo dizaino<\/li>\n<li class=\"whitespace-normal break-words\">D. Stogas su da\u017eyto plieno r\u016bkykla &#8211; papildoma funkcija m\u0117gstantiems r\u016bkytas u\u017ekandas<\/li>\n<li class=\"whitespace-normal break-words\">E. Stogas su da\u017eyto plieno r\u016bkykla + Quatro r\u016bkykla &#8211; profesionalus sprendimas kulinarams<\/li>\n<\/ol>\n<h3 class=\"text-lg font-bold text-text-200 mt-1 -mb-1.5\">Kod\u0117l Rinktis INCA Exclusive: Profesionalus Sodo Dizainas<\/h3>\n<h4 class=\"text-base font-bold text-text-200 mt-1\">Profesionali Kokyb\u0117 ir Patikimumas<\/h4>\n<ul class=\"[&amp;:not(:last-child)_ul]:pb-1 [&amp;:not(:last-child)_ol]:pb-1 list-disc space-y-1.5 pl-7\">\n<li class=\"whitespace-normal break-words\">25 met\u0173 nepriekai\u0161tinga gamybos patirtis<\/li>\n<li class=\"whitespace-normal break-words\">S\u0105\u017einingas \u010deki\u0161kas gaminys su auk\u0161\u010diausios kokyb\u0117s med\u017eiagomis<\/li>\n<li class=\"whitespace-normal break-words\">Minimalus nusiskundim\u0173 lygis<\/li>\n<li class=\"whitespace-normal break-words\">Garantuotas atsargini\u0173 dali\u0173 prieinamumas<\/li>\n<\/ul>\n<h4 class=\"text-base font-bold text-text-200 mt-1\">Funkcionalumas ir Universalumas<\/h4>\n<ul class=\"[&amp;:not(:last-child)_ul]:pb-1 [&amp;:not(:last-child)_ol]:pb-1 list-disc space-y-1.5 pl-7\">\n<li class=\"whitespace-normal break-words\">Tinka bet kokiam sodui, terasai ar pav\u0117sinei<\/li>\n<li class=\"whitespace-normal break-words\">Lengvas savaranki\u0161kas surinkimas<\/li>\n<li class=\"whitespace-normal break-words\">Minimali prie\u017ei\u016bra<\/li>\n<li class=\"whitespace-normal break-words\">Atsparus \u012fvairioms oro s\u0105lygoms<\/li>\n<\/ul>\n<h4 class=\"text-base font-bold text-text-200 mt-1\">I\u0161skirtiniai Priedai<\/h4>\n<ul class=\"[&amp;:not(:last-child)_ul]:pb-1 [&amp;:not(:last-child)_ol]:pb-1 list-disc space-y-1.5 pl-7\">\n<li class=\"whitespace-normal break-words\">Profesional\u016bs ie\u0161meli\u0173 rinkiniai<\/li>\n<li class=\"whitespace-normal break-words\">Laikikliai ir varikliai kepimui<\/li>\n<li class=\"whitespace-normal break-words\">\u012evairios grilio plok\u0161t\u0117s<\/li>\n<li class=\"whitespace-normal break-words\">\u0160amotinis pamu\u0161alas bazin\u0117je komplektacijoje<\/li>\n<li class=\"whitespace-normal break-words\">Modulin\u0117 sistema &#8211; galimyb\u0117 pl\u0117sti funkcionalum\u0105<\/li>\n<\/ul>\n<h3 class=\"text-lg font-bold text-text-200 mt-1 -mb-1.5\">Kod\u0117l Klientai Mus Renkasi?<\/h3>\n<ul class=\"[&amp;:not(:last-child)_ul]:pb-1 [&amp;:not(:last-child)_ol]:pb-1 list-disc space-y-1.5 pl-7\">\n<li class=\"whitespace-normal break-words\">Daugiau nei 90 000 patenkint\u0173 klient\u0173 Europoje<\/li>\n<li class=\"whitespace-normal break-words\">220 skirting\u0173 lauko \u017eidini\u0173 variant\u0173<\/li>\n<li class=\"whitespace-normal break-words\">Stabili ir patikima konstrukcija<\/li>\n<li class=\"whitespace-normal break-words\">Konkurencinga kaina<\/li>\n<li class=\"whitespace-normal break-words\">Ilgaam\u017ei\u0161kumas<\/li>\n<\/ul>\n<h2 class=\"text-xl font-bold text-text-200 mt-1 -mb-0.5\">Kvie\u010diame Transformuoti Savo Sodo Erdv\u0119!<\/h2>\n<p class=\"whitespace-pre-wrap break-words\">INCA Exclusive &#8211; tai daugiau nei paprasta lauko kepsnin\u0117. Tai kompleksinis sprendimas, kuris taps j\u016bs\u0173 \u0161eimos \u0161ventini\u0173 akimirk\u0173 ir laisvalaikio epicentru.<\/p>\n<h1 class=\"text-2xl font-bold mt-1 text-text-200\">Prisijunkite prie Cook King Bendruomen\u0117s!<\/h1>\n<p class=\"whitespace-pre-wrap break-words\"><strong>Pagardinta V\u0117ju &amp; Ugnimi<\/strong><\/p>\n<p class=\"whitespace-pre-wrap break-words\">\ud83d\udd25 Kvie\u010diame aplankyti Cook King YouTube kanal\u0105, kur rasite vis\u0105 m\u016bs\u0173 produkt\u0173 asortiment\u0105: nuo profesionali\u0173 lauko kepsnini\u0173 iki speciali\u0173 grilio \u012franki\u0173 ir pried\u0173 maisto gaminimui ant ugnies. Steb\u0117kite, kaip m\u016bs\u0173 gaminiai sukuria nepakartojam\u0105 atmosfer\u0105 ir jaukias akimirkas su artimaisiais lauko erdv\u0117je.<\/p>\n<p class=\"whitespace-pre-wrap break-words\">\ud83c\udfa5\u00a0<a href=\"https:\/\/www.youtube.com\/channel\/UC0eMDwELC0jawxRPy-wDovg\">Cook King YouTube Kanalas<\/a><\/p>\n<p class=\"whitespace-pre-wrap break-words\"><strong>Prisijunkite ir pasidalinkite aistra gaminimui po atviru dangumi!<\/strong><\/p>\n","protected":false},"excerpt":{"rendered":"<p>Lauko betonin\u0117 kepsnin\u0117 INCA Exclusive<\/p>\n<p>I\u0161skirtiniai ink\u0173 sodo \u017eidiniai i\u0161siskiria ne\u012fprastu dizaino sprendimu. \u0160iek tiek suapvalintos linijos ir netradicinio dizaino ner\u016bdijan\u010dio plieno \u017eidinio stogas ypa\u010d patiks tiems, kurie ie\u0161ko sodo \u017eidinio, papildan\u010dio \u0161iuolaikin\u0119 moderni\u0105 architekt\u016br\u0105.<\/p>","protected":false},"featured_media":6642,"template":"","meta":[],"product_brand":[],"product_cat":[111],"product_tag":[],"class_list":{"0":"post-6581","1":"product","2":"type-product","3":"status-publish","4":"has-post-thumbnail","6":"product_cat-betonines-lauko-kepsnines","8":"first","9":"instock","10":"taxable","11":"shipping-taxable","12":"purchasable","13":"product-type-simple"},"yoast_head":"<!-- This site is optimized with the Yoast SEO plugin v27.3 - https:\/\/yoast.com\/product\/yoast-seo-wordpress\/ -->\n<title>Lauko betonin\u0117 kepsnin\u0117 INCA Exclusive - Cookking.online<\/title>\n<meta name=\"description\" content=\"Lauko betonin\u0117 kepsnin\u0117 INCA Exclusive - architekt\u016brinis sodo dizaino \u0161edevras su netradicinio ner\u016bdijan\u010dio plieno stogu. I\u0161skirtinis sprendimas moderniems namams, kuris transformuoja lauko erdv\u0119.\" \/>\n<meta name=\"robots\" content=\"index, follow, max-snippet:-1, max-image-preview:large, max-video-preview:-1\" \/>\n<link rel=\"canonical\" href=\"https:\/\/cookking.online\/en\/katalogas\/betonines-lauko-kepsnines\/lauko-betonine-kepsnine-inca-exclusive\/\" \/>\n<meta property=\"og:locale\" content=\"en_US\" \/>\n<meta property=\"og:type\" content=\"article\" \/>\n<meta property=\"og:title\" content=\"Lauko betonin\u0117 kepsnin\u0117 INCA Exclusive - Cookking.online\" \/>\n<meta property=\"og:description\" content=\"Lauko betonin\u0117 kepsnin\u0117 INCA Exclusive - architekt\u016brinis sodo dizaino \u0161edevras su netradicinio ner\u016bdijan\u010dio plieno stogu. I\u0161skirtinis sprendimas moderniems namams, kuris transformuoja lauko erdv\u0119.\" \/>\n<meta property=\"og:url\" content=\"https:\/\/cookking.online\/en\/katalogas\/betonines-lauko-kepsnines\/lauko-betonine-kepsnine-inca-exclusive\/\" \/>\n<meta property=\"og:site_name\" content=\"Cookking.online\" \/>\n<meta property=\"og:image\" content=\"https:\/\/cookking.online\/wp-content\/uploads\/2023\/02\/inca.jpg\" \/>\n\t<meta property=\"og:image:width\" content=\"591\" \/>\n\t<meta property=\"og:image:height\" content=\"800\" \/>\n\t<meta property=\"og:image:type\" content=\"image\/jpeg\" \/>\n<meta name=\"twitter:card\" content=\"summary_large_image\" \/>\n<meta name=\"twitter:label1\" content=\"Est. reading time\" \/>\n\t<meta name=\"twitter:data1\" content=\"2 minutes\" \/>\n<script type=\"application\/ld+json\" class=\"yoast-schema-graph\">{\"@context\":\"https:\\\/\\\/schema.org\",\"@graph\":[{\"@type\":\"WebPage\",\"@id\":\"https:\\\/\\\/cookking.online\\\/katalogas\\\/betonines-lauko-kepsnines\\\/lauko-betonine-kepsnine-inca-exclusive\\\/\",\"url\":\"https:\\\/\\\/cookking.online\\\/katalogas\\\/betonines-lauko-kepsnines\\\/lauko-betonine-kepsnine-inca-exclusive\\\/\",\"name\":\"Lauko betonin\u0117 kepsnin\u0117 INCA Exclusive - Cookking.online\",\"isPartOf\":{\"@id\":\"https:\\\/\\\/cookking.online\\\/#website\"},\"primaryImageOfPage\":{\"@id\":\"https:\\\/\\\/cookking.online\\\/katalogas\\\/betonines-lauko-kepsnines\\\/lauko-betonine-kepsnine-inca-exclusive\\\/#primaryimage\"},\"image\":{\"@id\":\"https:\\\/\\\/cookking.online\\\/katalogas\\\/betonines-lauko-kepsnines\\\/lauko-betonine-kepsnine-inca-exclusive\\\/#primaryimage\"},\"thumbnailUrl\":\"https:\\\/\\\/cookking.online\\\/wp-content\\\/uploads\\\/2023\\\/02\\\/inca.jpg\",\"datePublished\":\"2026-03-10T09:22:30+00:00\",\"description\":\"Lauko betonin\u0117 kepsnin\u0117 INCA Exclusive - architekt\u016brinis sodo dizaino \u0161edevras su netradicinio ner\u016bdijan\u010dio plieno stogu. I\u0161skirtinis sprendimas moderniems namams, kuris transformuoja lauko erdv\u0119.\",\"breadcrumb\":{\"@id\":\"https:\\\/\\\/cookking.online\\\/katalogas\\\/betonines-lauko-kepsnines\\\/lauko-betonine-kepsnine-inca-exclusive\\\/#breadcrumb\"},\"inLanguage\":\"en-US\",\"potentialAction\":[{\"@type\":\"ReadAction\",\"target\":[\"https:\\\/\\\/cookking.online\\\/katalogas\\\/betonines-lauko-kepsnines\\\/lauko-betonine-kepsnine-inca-exclusive\\\/\"]}]},{\"@type\":\"ImageObject\",\"inLanguage\":\"en-US\",\"@id\":\"https:\\\/\\\/cookking.online\\\/katalogas\\\/betonines-lauko-kepsnines\\\/lauko-betonine-kepsnine-inca-exclusive\\\/#primaryimage\",\"url\":\"https:\\\/\\\/cookking.online\\\/wp-content\\\/uploads\\\/2023\\\/02\\\/inca.jpg\",\"contentUrl\":\"https:\\\/\\\/cookking.online\\\/wp-content\\\/uploads\\\/2023\\\/02\\\/inca.jpg\",\"width\":591,\"height\":800,\"caption\":\"Lauko betonin\u0117 kepsnin\u0117 INCA Exclusive\"},{\"@type\":\"BreadcrumbList\",\"@id\":\"https:\\\/\\\/cookking.online\\\/katalogas\\\/betonines-lauko-kepsnines\\\/lauko-betonine-kepsnine-inca-exclusive\\\/#breadcrumb\",\"itemListElement\":[{\"@type\":\"ListItem\",\"position\":1,\"name\":\"Prad\u017eia\",\"item\":\"https:\\\/\\\/cookking.online\\\/\"},{\"@type\":\"ListItem\",\"position\":2,\"name\":\"Parduotuv\u0117\",\"item\":\"https:\\\/\\\/cookking.online\\\/parduotuve\\\/\"},{\"@type\":\"ListItem\",\"position\":3,\"name\":\"Lauko betonin\u0117 kepsnin\u0117 INCA Exclusive\"}]},{\"@type\":\"WebSite\",\"@id\":\"https:\\\/\\\/cookking.online\\\/#website\",\"url\":\"https:\\\/\\\/cookking.online\\\/\",\"name\":\"Cookking.online\",\"description\":\"\",\"publisher\":{\"@id\":\"https:\\\/\\\/cookking.online\\\/#organization\"},\"potentialAction\":[{\"@type\":\"SearchAction\",\"target\":{\"@type\":\"EntryPoint\",\"urlTemplate\":\"https:\\\/\\\/cookking.online\\\/?s={search_term_string}\"},\"query-input\":{\"@type\":\"PropertyValueSpecification\",\"valueRequired\":true,\"valueName\":\"search_term_string\"}}],\"inLanguage\":\"en-US\"},{\"@type\":\"Organization\",\"@id\":\"https:\\\/\\\/cookking.online\\\/#organization\",\"name\":\"Cookking.online\",\"url\":\"https:\\\/\\\/cookking.online\\\/\",\"logo\":{\"@type\":\"ImageObject\",\"inLanguage\":\"en-US\",\"@id\":\"https:\\\/\\\/cookking.online\\\/#\\\/schema\\\/logo\\\/image\\\/\",\"url\":\"https:\\\/\\\/cookking.online\\\/wp-content\\\/uploads\\\/2021\\\/11\\\/Logo.png\",\"contentUrl\":\"https:\\\/\\\/cookking.online\\\/wp-content\\\/uploads\\\/2021\\\/11\\\/Logo.png\",\"width\":291,\"height\":100,\"caption\":\"Cookking.online\"},\"image\":{\"@id\":\"https:\\\/\\\/cookking.online\\\/#\\\/schema\\\/logo\\\/image\\\/\"}}]}<\/script>\n<!-- \/ Yoast SEO plugin. -->","yoast_head_json":{"title":"Lauko betonin\u0117 kepsnin\u0117 INCA Exclusive - Cookking.online","description":"Lauko betonin\u0117 kepsnin\u0117 INCA Exclusive - architekt\u016brinis sodo dizaino \u0161edevras su netradicinio ner\u016bdijan\u010dio plieno stogu. I\u0161skirtinis sprendimas moderniems namams, kuris transformuoja lauko erdv\u0119.","robots":{"index":"index","follow":"follow","max-snippet":"max-snippet:-1","max-image-preview":"max-image-preview:large","max-video-preview":"max-video-preview:-1"},"canonical":"https:\/\/cookking.online\/en\/katalogas\/betonines-lauko-kepsnines\/lauko-betonine-kepsnine-inca-exclusive\/","og_locale":"en_US","og_type":"article","og_title":"Lauko betonin\u0117 kepsnin\u0117 INCA Exclusive - Cookking.online","og_description":"Lauko betonin\u0117 kepsnin\u0117 INCA Exclusive - architekt\u016brinis sodo dizaino \u0161edevras su netradicinio ner\u016bdijan\u010dio plieno stogu. I\u0161skirtinis sprendimas moderniems namams, kuris transformuoja lauko erdv\u0119.","og_url":"https:\/\/cookking.online\/en\/katalogas\/betonines-lauko-kepsnines\/lauko-betonine-kepsnine-inca-exclusive\/","og_site_name":"Cookking.online","og_image":[{"width":591,"height":800,"url":"https:\/\/cookking.online\/wp-content\/uploads\/2023\/02\/inca.jpg","type":"image\/jpeg"}],"twitter_card":"summary_large_image","twitter_misc":{"Est. reading time":"2 minutes"},"schema":{"@context":"https:\/\/schema.org","@graph":[{"@type":"WebPage","@id":"https:\/\/cookking.online\/katalogas\/betonines-lauko-kepsnines\/lauko-betonine-kepsnine-inca-exclusive\/","url":"https:\/\/cookking.online\/katalogas\/betonines-lauko-kepsnines\/lauko-betonine-kepsnine-inca-exclusive\/","name":"Lauko betonin\u0117 kepsnin\u0117 INCA Exclusive - Cookking.online","isPartOf":{"@id":"https:\/\/cookking.online\/#website"},"primaryImageOfPage":{"@id":"https:\/\/cookking.online\/katalogas\/betonines-lauko-kepsnines\/lauko-betonine-kepsnine-inca-exclusive\/#primaryimage"},"image":{"@id":"https:\/\/cookking.online\/katalogas\/betonines-lauko-kepsnines\/lauko-betonine-kepsnine-inca-exclusive\/#primaryimage"},"thumbnailUrl":"https:\/\/cookking.online\/wp-content\/uploads\/2023\/02\/inca.jpg","datePublished":"2026-03-10T09:22:30+00:00","description":"Lauko betonin\u0117 kepsnin\u0117 INCA Exclusive - architekt\u016brinis sodo dizaino \u0161edevras su netradicinio ner\u016bdijan\u010dio plieno stogu. I\u0161skirtinis sprendimas moderniems namams, kuris transformuoja lauko erdv\u0119.","breadcrumb":{"@id":"https:\/\/cookking.online\/katalogas\/betonines-lauko-kepsnines\/lauko-betonine-kepsnine-inca-exclusive\/#breadcrumb"},"inLanguage":"en-US","potentialAction":[{"@type":"ReadAction","target":["https:\/\/cookking.online\/katalogas\/betonines-lauko-kepsnines\/lauko-betonine-kepsnine-inca-exclusive\/"]}]},{"@type":"ImageObject","inLanguage":"en-US","@id":"https:\/\/cookking.online\/katalogas\/betonines-lauko-kepsnines\/lauko-betonine-kepsnine-inca-exclusive\/#primaryimage","url":"https:\/\/cookking.online\/wp-content\/uploads\/2023\/02\/inca.jpg","contentUrl":"https:\/\/cookking.online\/wp-content\/uploads\/2023\/02\/inca.jpg","width":591,"height":800,"caption":"Lauko betonin\u0117 kepsnin\u0117 INCA Exclusive"},{"@type":"BreadcrumbList","@id":"https:\/\/cookking.online\/katalogas\/betonines-lauko-kepsnines\/lauko-betonine-kepsnine-inca-exclusive\/#breadcrumb","itemListElement":[{"@type":"ListItem","position":1,"name":"Prad\u017eia","item":"https:\/\/cookking.online\/"},{"@type":"ListItem","position":2,"name":"Parduotuv\u0117","item":"https:\/\/cookking.online\/parduotuve\/"},{"@type":"ListItem","position":3,"name":"Lauko betonin\u0117 kepsnin\u0117 INCA Exclusive"}]},{"@type":"WebSite","@id":"https:\/\/cookking.online\/#website","url":"https:\/\/cookking.online\/","name":"Cookking.online","description":"","publisher":{"@id":"https:\/\/cookking.online\/#organization"},"potentialAction":[{"@type":"SearchAction","target":{"@type":"EntryPoint","urlTemplate":"https:\/\/cookking.online\/?s={search_term_string}"},"query-input":{"@type":"PropertyValueSpecification","valueRequired":true,"valueName":"search_term_string"}}],"inLanguage":"en-US"},{"@type":"Organization","@id":"https:\/\/cookking.online\/#organization","name":"Cookking.online","url":"https:\/\/cookking.online\/","logo":{"@type":"ImageObject","inLanguage":"en-US","@id":"https:\/\/cookking.online\/#\/schema\/logo\/image\/","url":"https:\/\/cookking.online\/wp-content\/uploads\/2021\/11\/Logo.png","contentUrl":"https:\/\/cookking.online\/wp-content\/uploads\/2021\/11\/Logo.png","width":291,"height":100,"caption":"Cookking.online"},"image":{"@id":"https:\/\/cookking.online\/#\/schema\/logo\/image\/"}}]}},"_links":{"self":[{"href":"https:\/\/cookking.online\/en\/wp-json\/wp\/v2\/product\/6581","targetHints":{"allow":["GET"]}}],"collection":[{"href":"https:\/\/cookking.online\/en\/wp-json\/wp\/v2\/product"}],"about":[{"href":"https:\/\/cookking.online\/en\/wp-json\/wp\/v2\/types\/product"}],"wp:featuredmedia":[{"embeddable":true,"href":"https:\/\/cookking.online\/en\/wp-json\/wp\/v2\/media\/6642"}],"wp:attachment":[{"href":"https:\/\/cookking.online\/en\/wp-json\/wp\/v2\/media?parent=6581"}],"wp:term":[{"taxonomy":"product_brand","embeddable":true,"href":"https:\/\/cookking.online\/en\/wp-json\/wp\/v2\/product_brand?post=6581"},{"taxonomy":"product_cat","embeddable":true,"href":"https:\/\/cookking.online\/en\/wp-json\/wp\/v2\/product_cat?post=6581"},{"taxonomy":"product_tag","embeddable":true,"href":"https:\/\/cookking.online\/en\/wp-json\/wp\/v2\/product_tag?post=6581"}],"curies":[{"name":"wp","href":"https:\/\/api.w.org\/{rel}","templated":true}]}}