{"id":7626,"date":"2026-03-10T12:23:48","date_gmt":"2026-03-10T09:23:48","guid":{"rendered":"https:\/\/cookking.online\/?post_type=product&#038;p=7626"},"modified":"2026-03-10T12:23:48","modified_gmt":"2026-03-10T09:23:48","slug":"masahiro-sankei-santoku-peilis-165mm-35841","status":"publish","type":"product","link":"https:\/\/cookking.online\/en\/katalogas\/peiliai\/masahiro-sankei-santoku-peilis-165mm-35841\/","title":{"rendered":"Masahiro Sankei Santoku peilis 165mm [35841]"},"content":{"rendered":"<h4 style=\"text-align: justify;\"><strong>Masahiro Sankei Santoku peilis 165mm [35841]<\/strong><\/h4>\n<p style=\"text-align: justify;\"><strong><span style=\"vertical-align: inherit;\"><span style=\"vertical-align: inherit;\">Santoku<\/span><\/span><\/strong><span style=\"vertical-align: inherit;\"><span style=\"vertical-align: inherit;\"> \u00a0yra tradicinis japoni\u0161kas peilis, kuris da\u017enai vadinamas vakarieti\u0161ko \u0161efo peilio atitikmeniu. <\/span><span style=\"vertical-align: inherit;\">Japoni\u0161kas \u0161io labai populiaraus peilio pavadinimas rei\u0161kia \u201etrys doryb\u0117s\u201c arba \u201etrys doryb\u0117s\u201c. <\/span><span style=\"vertical-align: inherit;\">Tai rei\u0161kia, kad \u0161is peilis, savo i\u0161vaizda primenantis \u0161efo peilio ir kirtiklio derin\u012f, labai tinka pjaustymui, pjaustymui ir pjaustymui.\u00a0<\/span><\/span><\/p>\n<p style=\"text-align: justify;\"><strong><span style=\"vertical-align: inherit;\"><span style=\"vertical-align: inherit;\">MBS-26 plienas<\/span><\/span><\/strong><span style=\"vertical-align: inherit;\"><span style=\"vertical-align: inherit;\"> , kuris buvo naudojamas \u0161ios serijos peiliams gaminti, yra unikalus anglies (0,85-1,00%), chromo (13-15%) ir molibdeno, mangano ir vanad\u017eio lydinys. <\/span><span style=\"vertical-align: inherit;\">\u0160i med\u017eiaga turi savo unikalias savybes d\u0117l specialaus terminio apdorojimo. <\/span><span style=\"vertical-align: inherit;\">Trij\u0173 etap\u0173 proceso, susidedan\u010dio i\u0161 gr\u016bdinimo, au\u0161inimo labai \u017eemoje temperat\u016broje ir gr\u016bdinimo iki 58-59\u00a0 <\/span><\/span><strong><span style=\"vertical-align: inherit;\"><span style=\"vertical-align: inherit;\">HRC<\/span><\/span><\/strong><span style=\"vertical-align: inherit;\"><span style=\"vertical-align: inherit;\"> \u00a0, paslapt\u012f \u017eino tik \u012fmon\u0117s savininkas &#8211;\u00a0 <\/span><\/span><strong><span style=\"vertical-align: inherit;\"><span style=\"vertical-align: inherit;\">Hattori<\/span><\/span><\/strong><span style=\"vertical-align: inherit;\"><span style=\"vertical-align: inherit;\"> \u0161eima . <\/span><span style=\"vertical-align: inherit;\">Tokiu b\u016bdu gautas plienas gali b\u016bti pagal\u0105stas iki precedento neturin\u010dio a\u0161trumo, o auk\u0161to pjovimo briaunos agresyvumo i\u0161laikymas labai ilg\u0105 laik\u0105 yra b\u016bdinga\u00a0 <\/span><\/span><strong><span style=\"vertical-align: inherit;\"><span style=\"vertical-align: inherit;\">Masahiro<\/span><\/span><\/strong><span style=\"vertical-align: inherit;\"><span style=\"vertical-align: inherit;\"> peili\u0173 savyb\u0117 , pripa\u017einta vartotoj\u0173 visame pasaulyje.\u00a0<\/span><\/span><strong><span style=\"vertical-align: inherit;\"><span style=\"vertical-align: inherit;\">MBS-26<\/span><\/span><\/strong><span style=\"vertical-align: inherit;\"><span style=\"vertical-align: inherit;\"> \u00a0priklauso vadinam\u0173j\u0173 grupei <\/span><span style=\"vertical-align: inherit;\">ner\u016bdijantis plienas, nereaguoja su spalvos ar kvapo pasikeitimu s\u0105lytyje su r\u016bg\u0161tiniais produktais. <\/span><span style=\"vertical-align: inherit;\">I\u0161laikyti peilius, pagamintus i\u0161 \u0161io lydinio, nepriekai\u0161ting\u0105, blizgant\u012f, n\u0117ra problema. <\/span><span style=\"vertical-align: inherit;\">Pakanka paprasto plovimo drungname vandenyje su ind\u0173 plovikliu. <\/span><span style=\"vertical-align: inherit;\">Tik nepamir\u0161kite po plovimo peilio sausai nu\u0161luostyti.<\/span><\/span><\/p>\n<p style=\"text-align: justify;\"><strong><span style=\"vertical-align: inherit;\"><span style=\"vertical-align: inherit;\">Paprasta ir funkcionali i\u0161 pakkamed\u017eio<\/span><\/span><\/strong><span style=\"vertical-align: inherit;\"><span style=\"vertical-align: inherit;\"> pagamintos rankenos forma\u00a0 <\/span><span style=\"vertical-align: inherit;\">\u00a0suteikia peiliui unikalaus charakterio. <\/span><span style=\"vertical-align: inherit;\">Puikiai nupoliruota rankena su dviem nepastebimomis lie\u010diant knied\u0117mis leid\u017eia su \u0161iuo \u012frankiu dirbti itin patogiai, net ir ilgai.<\/span><\/span><\/p>\n<p><strong><span style=\"vertical-align: inherit;\"><span style=\"vertical-align: inherit;\">\u201eSankei\u201c<\/span><\/span><\/strong><span style=\"vertical-align: inherit;\"><span style=\"vertical-align: inherit;\"> \u200b\u200bserija\u00a0 <\/span><span style=\"vertical-align: inherit;\">\u00a0daugiausia skirta vir\u0117jams m\u0117g\u0117jams, ta\u010diau ji gali be joki\u0173 problem\u0173 susidoroti su sud\u0117tingomis restorano virtuv\u0117s s\u0105lygomis. <\/span><span style=\"vertical-align: inherit;\">Grup\u0119 sudaro \u0161e\u0161i pagrindiniai peiliai, tokie kaip: \u0161efo peilis, santoku, skustuvas (skustasis), ma\u017eesnis universalus peilis (15 cm ilgio a\u0161menys) ir peilis duonai pjaustyti ir pjaustyti. <\/span><span style=\"vertical-align: inherit;\">Kompakti\u0161ki dyd\u017eiai, labai geras balansas ir ma\u017eas svoris \u2013 b\u016bdingi \u0161ios serijos bruo\u017eai. <\/span><span style=\"vertical-align: inherit;\">Saugumo sumetimais visi modeliai (i\u0161skyrus duonos peil\u012f) turi \u0161lifuot\u0105 kamp\u0105 (peilio barzda \u2013 pjovimo briauna), kuris apsaugo nuo atsitiktini\u0173 \u012fpjovim\u0173. <\/span><span style=\"vertical-align: inherit;\">Kaip ir visi\u00a0 <\/span><\/span><strong><span style=\"vertical-align: inherit;\"><span style=\"vertical-align: inherit;\">Masahiro<\/span><\/span><\/strong><span style=\"vertical-align: inherit;\"><span style=\"vertical-align: inherit;\"> gaminiai ,\u00a0 <\/span><\/span><strong><span style=\"vertical-align: inherit;\"><span style=\"vertical-align: inherit;\">Sankei\u00a0<\/span><\/span><\/strong><span style=\"vertical-align: inherit;\"><span style=\"vertical-align: inherit;\"> peiliai buvo gaminami su deramu kruop\u0161tumu ir aistra, kad b\u016bt\u0173 galima tobulai u\u017ebaigti net smulkiausias detales.<\/span><\/span><\/p>\n<h4>Masahiro Sankei Santoku peilis 165mm [35841]<\/h4>\n<table>\n<tbody>\n<tr>\n<td><strong><span style=\"vertical-align: inherit;\"><span style=\"vertical-align: inherit;\">Plieno tipas:<\/span><\/span><\/strong><\/td>\n<td><span style=\"vertical-align: inherit;\"><span style=\"vertical-align: inherit;\">MBS-26<\/span><\/span><\/td>\n<\/tr>\n<tr>\n<td><strong><span style=\"vertical-align: inherit;\"><span style=\"vertical-align: inherit;\">HRC:<\/span><\/span><\/strong><\/td>\n<td><span style=\"vertical-align: inherit;\"><span style=\"vertical-align: inherit;\">58-59<\/span><\/span><\/td>\n<\/tr>\n<tr>\n<td><strong><span style=\"vertical-align: inherit;\"><span style=\"vertical-align: inherit;\">Rankenos med\u017eiaga:\u00a0<\/span><\/span><\/strong><\/td>\n<td><span style=\"vertical-align: inherit;\"><span style=\"vertical-align: inherit;\">pakkawood<\/span><\/span><\/td>\n<\/tr>\n<tr>\n<td><strong><span style=\"vertical-align: inherit;\"><span style=\"vertical-align: inherit;\">Galandimo b\u016bdas:<\/span><\/span><\/strong><\/td>\n<td><span style=\"vertical-align: inherit;\"><span style=\"vertical-align: inherit;\">dvipusis, asimetri\u0161kas 80\/20<\/span><\/span><\/td>\n<\/tr>\n<tr>\n<td><strong><span style=\"vertical-align: inherit;\"><span style=\"vertical-align: inherit;\">Matmenys:<\/span><\/span><\/strong><\/td>\n<td><img decoding=\"async\" class=\"grayscale grayscale-off\" src=\"https:\/\/masahiro.pl\/upload\/1\/knife_dimensions_cr_negative2.jpg\" alt=\"\" border=\"0\" \/><\/td>\n<\/tr>\n<tr>\n<td><strong><span style=\"vertical-align: inherit;\"><span style=\"vertical-align: inherit;\">Visas ilgis (A):<\/span><\/span><\/strong><\/td>\n<td><span style=\"vertical-align: inherit;\"><span style=\"vertical-align: inherit;\">285 mm<\/span><\/span><\/td>\n<\/tr>\n<tr>\n<td><strong><span style=\"vertical-align: inherit;\"><span style=\"vertical-align: inherit;\">A\u0161men\u0173 ilgis (B):<\/span><\/span><\/strong><\/td>\n<td><span style=\"vertical-align: inherit;\"><span style=\"vertical-align: inherit;\">165 mm<\/span><\/span><\/td>\n<\/tr>\n<tr>\n<td><strong><span style=\"vertical-align: inherit;\"><span style=\"vertical-align: inherit;\">Plotis (C):<\/span><\/span><\/strong><\/td>\n<td><span style=\"vertical-align: inherit;\"><span style=\"vertical-align: inherit;\">48 mm<\/span><\/span><\/td>\n<\/tr>\n<tr>\n<td><strong><span style=\"vertical-align: inherit;\"><span style=\"vertical-align: inherit;\">Storis (D):<\/span><\/span><\/strong><\/td>\n<td><span style=\"vertical-align: inherit;\"><span style=\"vertical-align: inherit;\">1,8 mm<\/span><\/span><\/td>\n<\/tr>\n<tr>\n<td><strong><span style=\"vertical-align: inherit;\"><span style=\"vertical-align: inherit;\">Svoris:<\/span><\/span><\/strong><\/td>\n<td><span style=\"vertical-align: inherit;\"><span style=\"vertical-align: inherit;\">117 g<\/span><\/span><\/td>\n<\/tr>\n<\/tbody>\n<\/table>\n<p><strong><span style=\"vertical-align: inherit;\"><span style=\"vertical-align: inherit;\">Naudinga informacija:<\/span><\/span><\/strong><\/p>\n<ul>\n<li><span style=\"vertical-align: inherit;\"><span style=\"vertical-align: inherit;\">Visi Masahiro peiliai yra itin a\u0161tr\u016bs, tod\u0117l rekomenduojame juos naudoti atsargiai.<\/span><\/span><\/li>\n<li><span style=\"vertical-align: inherit;\"><span style=\"vertical-align: inherit;\">Masahiro peiliais negalima pjaustyti \u0161aldyt\u0173 produkt\u0173 (i\u0161skyrus \u0161iam tikslui skirtas serijas).<\/span><\/span><\/li>\n<li><span style=\"vertical-align: inherit;\"><span style=\"vertical-align: inherit;\">Nenaudokite peili\u0173 kitiems tikslams nei maistui.<\/span><\/span><\/li>\n<li><span style=\"vertical-align: inherit;\"><span style=\"vertical-align: inherit;\">Pjovimui naudokite medines arba plastikines pjaustymo lentas.<\/span><\/span><\/li>\n<li><span style=\"vertical-align: inherit;\"><span style=\"vertical-align: inherit;\">Neplaukite peili\u0173 indaplov\u0117se, nes jie pa\u017eeid\u017eia pjovimo briaun\u0105.<\/span><\/span><\/li>\n<li><span style=\"vertical-align: inherit;\"><span style=\"vertical-align: inherit;\">Nuplaukite peil\u012f \u0161iltame vandenyje su ind\u0173 plovikliu.<\/span><\/span><\/li>\n<li><span style=\"vertical-align: inherit;\"><span style=\"vertical-align: inherit;\">Po plovimo nuvalykite peil\u012f sausai.<\/span><\/span><\/li>\n<\/ul>\n<p style=\"text-align: justify;\">\n","protected":false},"excerpt":{"rendered":"<p><span style=\"vertical-align: inherit;\"><span style=\"vertical-align: inherit;\">Masahiro virtuvini\u0173 peili\u0173 serija, puikiai tinkanti \u017emon\u0117ms, pradedantiems nuotykius su tikrais japoni\u0161kais peiliais. <\/span><span style=\"vertical-align: inherit;\">Gra\u017eus minimalistinis vaizdas, nurodantis Tekan\u010dios saul\u0117s \u0161alies tradicij\u0105. <\/span><span style=\"vertical-align: inherit;\">Patentuotas gele\u017et\u0117s plienas, gr\u016bdintas iki 58 HRC.<\/span><\/span><\/p>","protected":false},"featured_media":7627,"template":"","meta":[],"product_brand":[],"product_cat":[119],"product_tag":[],"class_list":{"0":"post-7626","1":"product","2":"type-product","3":"status-publish","4":"has-post-thumbnail","6":"product_cat-peiliai","8":"first","9":"instock","10":"taxable","11":"shipping-taxable","12":"purchasable","13":"product-type-simple"},"yoast_head":"<!-- This site is optimized with the Yoast SEO plugin v27.3 - https:\/\/yoast.com\/product\/yoast-seo-wordpress\/ -->\n<title>Masahiro Sankei Santoku peilis 165mm [35841] - Cookking.online<\/title>\n<meta name=\"description\" content=\"Masahiro Sankei Santoku peilis 165mm [35841] Auk\u0161\u010diausios kokyb\u0117s \u012franga gaminimui, kepimui ant groteli\u0173 ir r\u016bkymui lauke. Japanese knives\" \/>\n<meta name=\"robots\" content=\"index, follow, max-snippet:-1, max-image-preview:large, max-video-preview:-1\" \/>\n<link rel=\"canonical\" href=\"https:\/\/cookking.online\/en\/katalogas\/peiliai\/masahiro-sankei-santoku-peilis-165mm-35841\/\" \/>\n<meta property=\"og:locale\" content=\"en_US\" \/>\n<meta property=\"og:type\" content=\"article\" \/>\n<meta property=\"og:title\" content=\"Masahiro Sankei Santoku peilis 165mm [35841] - Cookking.online\" \/>\n<meta property=\"og:description\" content=\"Masahiro Sankei Santoku peilis 165mm [35841] Auk\u0161\u010diausios kokyb\u0117s \u012franga gaminimui, kepimui ant groteli\u0173 ir r\u016bkymui lauke. Japanese knives\" \/>\n<meta property=\"og:url\" content=\"https:\/\/cookking.online\/en\/katalogas\/peiliai\/masahiro-sankei-santoku-peilis-165mm-35841\/\" \/>\n<meta property=\"og:site_name\" content=\"Cookking.online\" \/>\n<meta property=\"og:image\" content=\"https:\/\/cookking.online\/wp-content\/uploads\/2024\/01\/1987_1.webp\" \/>\n\t<meta property=\"og:image:width\" content=\"763\" \/>\n\t<meta property=\"og:image:height\" content=\"763\" \/>\n\t<meta property=\"og:image:type\" content=\"image\/webp\" \/>\n<meta name=\"twitter:card\" content=\"summary_large_image\" \/>\n<meta name=\"twitter:label1\" content=\"Est. reading time\" \/>\n\t<meta name=\"twitter:data1\" content=\"3 minutes\" \/>\n<script type=\"application\/ld+json\" class=\"yoast-schema-graph\">{\"@context\":\"https:\\\/\\\/schema.org\",\"@graph\":[{\"@type\":\"WebPage\",\"@id\":\"https:\\\/\\\/cookking.online\\\/katalogas\\\/peiliai\\\/masahiro-sankei-santoku-peilis-165mm-35841\\\/\",\"url\":\"https:\\\/\\\/cookking.online\\\/katalogas\\\/peiliai\\\/masahiro-sankei-santoku-peilis-165mm-35841\\\/\",\"name\":\"Masahiro Sankei Santoku peilis 165mm [35841] - Cookking.online\",\"isPartOf\":{\"@id\":\"https:\\\/\\\/cookking.online\\\/#website\"},\"primaryImageOfPage\":{\"@id\":\"https:\\\/\\\/cookking.online\\\/katalogas\\\/peiliai\\\/masahiro-sankei-santoku-peilis-165mm-35841\\\/#primaryimage\"},\"image\":{\"@id\":\"https:\\\/\\\/cookking.online\\\/katalogas\\\/peiliai\\\/masahiro-sankei-santoku-peilis-165mm-35841\\\/#primaryimage\"},\"thumbnailUrl\":\"https:\\\/\\\/cookking.online\\\/wp-content\\\/uploads\\\/2024\\\/01\\\/1987_1.webp\",\"datePublished\":\"2026-03-10T09:23:48+00:00\",\"description\":\"Masahiro Sankei Santoku peilis 165mm [35841] Auk\u0161\u010diausios kokyb\u0117s \u012franga gaminimui, kepimui ant groteli\u0173 ir r\u016bkymui lauke. Japanese knives\",\"breadcrumb\":{\"@id\":\"https:\\\/\\\/cookking.online\\\/katalogas\\\/peiliai\\\/masahiro-sankei-santoku-peilis-165mm-35841\\\/#breadcrumb\"},\"inLanguage\":\"en-US\",\"potentialAction\":[{\"@type\":\"ReadAction\",\"target\":[\"https:\\\/\\\/cookking.online\\\/katalogas\\\/peiliai\\\/masahiro-sankei-santoku-peilis-165mm-35841\\\/\"]}]},{\"@type\":\"ImageObject\",\"inLanguage\":\"en-US\",\"@id\":\"https:\\\/\\\/cookking.online\\\/katalogas\\\/peiliai\\\/masahiro-sankei-santoku-peilis-165mm-35841\\\/#primaryimage\",\"url\":\"https:\\\/\\\/cookking.online\\\/wp-content\\\/uploads\\\/2024\\\/01\\\/1987_1.webp\",\"contentUrl\":\"https:\\\/\\\/cookking.online\\\/wp-content\\\/uploads\\\/2024\\\/01\\\/1987_1.webp\",\"width\":763,\"height\":763,\"caption\":\"Masahiro Sankei Santoku peilis 165mm [35841]\"},{\"@type\":\"BreadcrumbList\",\"@id\":\"https:\\\/\\\/cookking.online\\\/katalogas\\\/peiliai\\\/masahiro-sankei-santoku-peilis-165mm-35841\\\/#breadcrumb\",\"itemListElement\":[{\"@type\":\"ListItem\",\"position\":1,\"name\":\"Prad\u017eia\",\"item\":\"https:\\\/\\\/cookking.online\\\/\"},{\"@type\":\"ListItem\",\"position\":2,\"name\":\"Parduotuv\u0117\",\"item\":\"https:\\\/\\\/cookking.online\\\/parduotuve\\\/\"},{\"@type\":\"ListItem\",\"position\":3,\"name\":\"Masahiro Sankei Santoku peilis 165mm [35841]\"}]},{\"@type\":\"WebSite\",\"@id\":\"https:\\\/\\\/cookking.online\\\/#website\",\"url\":\"https:\\\/\\\/cookking.online\\\/\",\"name\":\"Cookking.online\",\"description\":\"\",\"publisher\":{\"@id\":\"https:\\\/\\\/cookking.online\\\/#organization\"},\"potentialAction\":[{\"@type\":\"SearchAction\",\"target\":{\"@type\":\"EntryPoint\",\"urlTemplate\":\"https:\\\/\\\/cookking.online\\\/?s={search_term_string}\"},\"query-input\":{\"@type\":\"PropertyValueSpecification\",\"valueRequired\":true,\"valueName\":\"search_term_string\"}}],\"inLanguage\":\"en-US\"},{\"@type\":\"Organization\",\"@id\":\"https:\\\/\\\/cookking.online\\\/#organization\",\"name\":\"Cookking.online\",\"url\":\"https:\\\/\\\/cookking.online\\\/\",\"logo\":{\"@type\":\"ImageObject\",\"inLanguage\":\"en-US\",\"@id\":\"https:\\\/\\\/cookking.online\\\/#\\\/schema\\\/logo\\\/image\\\/\",\"url\":\"https:\\\/\\\/cookking.online\\\/wp-content\\\/uploads\\\/2021\\\/11\\\/Logo.png\",\"contentUrl\":\"https:\\\/\\\/cookking.online\\\/wp-content\\\/uploads\\\/2021\\\/11\\\/Logo.png\",\"width\":291,\"height\":100,\"caption\":\"Cookking.online\"},\"image\":{\"@id\":\"https:\\\/\\\/cookking.online\\\/#\\\/schema\\\/logo\\\/image\\\/\"}}]}<\/script>\n<!-- \/ Yoast SEO plugin. -->","yoast_head_json":{"title":"Masahiro Sankei Santoku peilis 165mm [35841] - Cookking.online","description":"Masahiro Sankei Santoku peilis 165mm [35841] Auk\u0161\u010diausios kokyb\u0117s \u012franga gaminimui, kepimui ant groteli\u0173 ir r\u016bkymui lauke. Japanese knives","robots":{"index":"index","follow":"follow","max-snippet":"max-snippet:-1","max-image-preview":"max-image-preview:large","max-video-preview":"max-video-preview:-1"},"canonical":"https:\/\/cookking.online\/en\/katalogas\/peiliai\/masahiro-sankei-santoku-peilis-165mm-35841\/","og_locale":"en_US","og_type":"article","og_title":"Masahiro Sankei Santoku peilis 165mm [35841] - Cookking.online","og_description":"Masahiro Sankei Santoku peilis 165mm [35841] Auk\u0161\u010diausios kokyb\u0117s \u012franga gaminimui, kepimui ant groteli\u0173 ir r\u016bkymui lauke. Japanese knives","og_url":"https:\/\/cookking.online\/en\/katalogas\/peiliai\/masahiro-sankei-santoku-peilis-165mm-35841\/","og_site_name":"Cookking.online","og_image":[{"width":763,"height":763,"url":"https:\/\/cookking.online\/wp-content\/uploads\/2024\/01\/1987_1.webp","type":"image\/webp"}],"twitter_card":"summary_large_image","twitter_misc":{"Est. reading time":"3 minutes"},"schema":{"@context":"https:\/\/schema.org","@graph":[{"@type":"WebPage","@id":"https:\/\/cookking.online\/katalogas\/peiliai\/masahiro-sankei-santoku-peilis-165mm-35841\/","url":"https:\/\/cookking.online\/katalogas\/peiliai\/masahiro-sankei-santoku-peilis-165mm-35841\/","name":"Masahiro Sankei Santoku peilis 165mm [35841] - Cookking.online","isPartOf":{"@id":"https:\/\/cookking.online\/#website"},"primaryImageOfPage":{"@id":"https:\/\/cookking.online\/katalogas\/peiliai\/masahiro-sankei-santoku-peilis-165mm-35841\/#primaryimage"},"image":{"@id":"https:\/\/cookking.online\/katalogas\/peiliai\/masahiro-sankei-santoku-peilis-165mm-35841\/#primaryimage"},"thumbnailUrl":"https:\/\/cookking.online\/wp-content\/uploads\/2024\/01\/1987_1.webp","datePublished":"2026-03-10T09:23:48+00:00","description":"Masahiro Sankei Santoku peilis 165mm [35841] Auk\u0161\u010diausios kokyb\u0117s \u012franga gaminimui, kepimui ant groteli\u0173 ir r\u016bkymui lauke. Japanese knives","breadcrumb":{"@id":"https:\/\/cookking.online\/katalogas\/peiliai\/masahiro-sankei-santoku-peilis-165mm-35841\/#breadcrumb"},"inLanguage":"en-US","potentialAction":[{"@type":"ReadAction","target":["https:\/\/cookking.online\/katalogas\/peiliai\/masahiro-sankei-santoku-peilis-165mm-35841\/"]}]},{"@type":"ImageObject","inLanguage":"en-US","@id":"https:\/\/cookking.online\/katalogas\/peiliai\/masahiro-sankei-santoku-peilis-165mm-35841\/#primaryimage","url":"https:\/\/cookking.online\/wp-content\/uploads\/2024\/01\/1987_1.webp","contentUrl":"https:\/\/cookking.online\/wp-content\/uploads\/2024\/01\/1987_1.webp","width":763,"height":763,"caption":"Masahiro Sankei Santoku peilis 165mm [35841]"},{"@type":"BreadcrumbList","@id":"https:\/\/cookking.online\/katalogas\/peiliai\/masahiro-sankei-santoku-peilis-165mm-35841\/#breadcrumb","itemListElement":[{"@type":"ListItem","position":1,"name":"Prad\u017eia","item":"https:\/\/cookking.online\/"},{"@type":"ListItem","position":2,"name":"Parduotuv\u0117","item":"https:\/\/cookking.online\/parduotuve\/"},{"@type":"ListItem","position":3,"name":"Masahiro Sankei Santoku peilis 165mm [35841]"}]},{"@type":"WebSite","@id":"https:\/\/cookking.online\/#website","url":"https:\/\/cookking.online\/","name":"Cookking.online","description":"","publisher":{"@id":"https:\/\/cookking.online\/#organization"},"potentialAction":[{"@type":"SearchAction","target":{"@type":"EntryPoint","urlTemplate":"https:\/\/cookking.online\/?s={search_term_string}"},"query-input":{"@type":"PropertyValueSpecification","valueRequired":true,"valueName":"search_term_string"}}],"inLanguage":"en-US"},{"@type":"Organization","@id":"https:\/\/cookking.online\/#organization","name":"Cookking.online","url":"https:\/\/cookking.online\/","logo":{"@type":"ImageObject","inLanguage":"en-US","@id":"https:\/\/cookking.online\/#\/schema\/logo\/image\/","url":"https:\/\/cookking.online\/wp-content\/uploads\/2021\/11\/Logo.png","contentUrl":"https:\/\/cookking.online\/wp-content\/uploads\/2021\/11\/Logo.png","width":291,"height":100,"caption":"Cookking.online"},"image":{"@id":"https:\/\/cookking.online\/#\/schema\/logo\/image\/"}}]}},"_links":{"self":[{"href":"https:\/\/cookking.online\/en\/wp-json\/wp\/v2\/product\/7626","targetHints":{"allow":["GET"]}}],"collection":[{"href":"https:\/\/cookking.online\/en\/wp-json\/wp\/v2\/product"}],"about":[{"href":"https:\/\/cookking.online\/en\/wp-json\/wp\/v2\/types\/product"}],"wp:featuredmedia":[{"embeddable":true,"href":"https:\/\/cookking.online\/en\/wp-json\/wp\/v2\/media\/7627"}],"wp:attachment":[{"href":"https:\/\/cookking.online\/en\/wp-json\/wp\/v2\/media?parent=7626"}],"wp:term":[{"taxonomy":"product_brand","embeddable":true,"href":"https:\/\/cookking.online\/en\/wp-json\/wp\/v2\/product_brand?post=7626"},{"taxonomy":"product_cat","embeddable":true,"href":"https:\/\/cookking.online\/en\/wp-json\/wp\/v2\/product_cat?post=7626"},{"taxonomy":"product_tag","embeddable":true,"href":"https:\/\/cookking.online\/en\/wp-json\/wp\/v2\/product_tag?post=7626"}],"curies":[{"name":"wp","href":"https:\/\/api.w.org\/{rel}","templated":true}]}}