{"id":7726,"date":"2026-03-10T12:23:52","date_gmt":"2026-03-10T09:23:52","guid":{"rendered":"https:\/\/cookking.online\/?post_type=product&#038;p=7726"},"modified":"2026-03-10T12:23:52","modified_gmt":"2026-03-10T09:23:52","slug":"masahiro-mv-nakiri-peilis-165-mm-13735","status":"publish","type":"product","link":"https:\/\/cookking.online\/en\/katalogas\/peiliai\/masahiro-mv-nakiri-peilis-165-mm-13735\/","title":{"rendered":"Masahiro MV Nakiri peilis 165 mm [13735]"},"content":{"rendered":"<div class=\"text\">\n<h4 style=\"text-align: justify;\"><strong>Masahiro MV Nakiri peilis 165 mm [13735] <\/strong><\/h4>\n<p style=\"text-align: justify;\"><strong><span style=\"vertical-align: inherit;\"><span style=\"vertical-align: inherit;\">Nakiri<\/span><\/span><\/strong><span style=\"vertical-align: inherit;\"><span style=\"vertical-align: inherit;\"> \u00a0yra tradicinis japoni\u0161kas peilis, naudojamas dar\u017eovi\u0173 perdirbimui. <\/span><span style=\"vertical-align: inherit;\">I\u0161vaizda primena siaur\u0105 kirtikl\u012f ar kit\u0105 tradicin\u012f japoni\u0161k\u0105\u00a0 <\/span><\/span><strong><span style=\"vertical-align: inherit;\"><span style=\"vertical-align: inherit;\">Usuba<\/span><\/span><\/strong><span style=\"vertical-align: inherit;\"><span style=\"vertical-align: inherit;\"> peil\u012f , ta\u010diau skirtingai nei jis, jis yra pagal\u0105stas i\u0161 abiej\u0173 pusi\u0173. <\/span><span style=\"vertical-align: inherit;\">Pjovimo briauna paprastai yra tiesi arba \u0161velniai i\u0161lenkta. <\/span><span style=\"vertical-align: inherit;\">D\u0117l b\u016bdingai auk\u0161t\u0173 a\u0161men\u0173 ranka yra gerai atskirta nuo pjaustymo lentos, u\u017etikrinanti patog\u0173 darb\u0105 smulkinant.\u00a0<\/span><\/span><\/p>\n<div class=\"text\">\n<p style=\"text-align: justify;\"><strong><span style=\"vertical-align: inherit;\"><span style=\"vertical-align: inherit;\">MV<\/span><\/span><\/strong><span style=\"vertical-align: inherit;\"><span style=\"vertical-align: inherit;\"> serijos peiliai\u00a0 <\/span><span style=\"vertical-align: inherit;\">\u00a0yra pagaminti i\u0161 molibdeno-vanad\u017eio, daug anglies turin\u010dio ner\u016bdijan\u010dio plieno, vadinamo\u00a0 <\/span><\/span><strong><span style=\"vertical-align: inherit;\"><span style=\"vertical-align: inherit;\">MBS-26<\/span><\/span><\/strong><span style=\"vertical-align: inherit;\"><span style=\"vertical-align: inherit;\"> , kuris buvo kietinamas trimis etapais, kol pasiekia\u00a0 <\/span><\/span><strong><span style=\"vertical-align: inherit;\"><span style=\"vertical-align: inherit;\">58-59 HRC<\/span><\/span><\/strong><span style=\"vertical-align: inherit;\"><span style=\"vertical-align: inherit;\"> kietum\u0105 . <\/span><span style=\"vertical-align: inherit;\">Kiekvien\u0105 a\u0161men\u012f patobulino meistrai, turintys daugiau nei 30 met\u0173 patirt\u012f, tod\u0117l Masahiro peiliai yra ne\u012ftik\u0117tino a\u0161trumo.<\/span><\/span><\/p>\n<p style=\"text-align: justify;\"><span style=\"vertical-align: inherit;\"><span style=\"vertical-align: inherit;\">Antibakterini\u0173 savybi\u0173 turinti rankena pagaminta i\u0161 laminuotos medienos, vadinamos\u00a0 <\/span><\/span><strong><span style=\"vertical-align: inherit;\"><span style=\"vertical-align: inherit;\">Black Pakkawood<\/span><\/span><\/strong><span style=\"vertical-align: inherit;\"><span style=\"vertical-align: inherit;\"> , kurios daugyb\u0117 sluoksni\u0173 auk\u0161tu sl\u0117giu ir auk\u0161toje temperat\u016broje buvo supresuoti \u012f vientis\u0105, labai patvari\u0105, dr\u0117gmei ir vandeniui atspari\u0105 med\u017eiag\u0105. <\/span><span style=\"vertical-align: inherit;\">Medin\u0117 rankena tvirtinama trimis puikiai i\u0161d\u0117stytomis ir poliruotomis knied\u0117mis, o tarp jos ir a\u0161men\u0173 naudojamas papildomas metalinis sutvirtinimas.<\/span><\/span><\/p>\n<table>\n<tbody>\n<tr>\n<td><strong><span style=\"vertical-align: inherit;\"><span style=\"vertical-align: inherit;\">Plieno tipas:<\/span><\/span><\/strong><\/td>\n<td><span style=\"vertical-align: inherit;\"><span style=\"vertical-align: inherit;\">MBS-26<\/span><\/span><\/td>\n<\/tr>\n<tr>\n<td><strong><span style=\"vertical-align: inherit;\"><span style=\"vertical-align: inherit;\">HRC:<\/span><\/span><\/strong><\/td>\n<td><span style=\"vertical-align: inherit;\"><span style=\"vertical-align: inherit;\">58-59<\/span><\/span><\/td>\n<\/tr>\n<tr>\n<td><strong><span style=\"vertical-align: inherit;\"><span style=\"vertical-align: inherit;\">Rankenos med\u017eiaga:\u00a0<\/span><\/span><\/strong><\/td>\n<td><span style=\"vertical-align: inherit;\"><span style=\"vertical-align: inherit;\">juodas pakamedis<\/span><\/span><\/td>\n<\/tr>\n<tr>\n<td><strong><span style=\"vertical-align: inherit;\"><span style=\"vertical-align: inherit;\">Galandimo b\u016bdas:<\/span><\/span><\/strong><\/td>\n<td><span style=\"vertical-align: inherit;\"><span style=\"vertical-align: inherit;\">dvipusis, asimetri\u0161kas 80\/20<\/span><\/span><\/td>\n<\/tr>\n<tr>\n<td><strong><span style=\"vertical-align: inherit;\"><span style=\"vertical-align: inherit;\">Matmenys:<\/span><\/span><\/strong><\/td>\n<td><img decoding=\"async\" class=\"grayscale grayscale-off\" src=\"https:\/\/masahiro.pl\/upload\/1\/knife_dimensions_cr_negative2.jpg\" alt=\"\" border=\"0\" \/><\/td>\n<\/tr>\n<tr>\n<td><strong><span style=\"vertical-align: inherit;\"><span style=\"vertical-align: inherit;\">Visas ilgis (A):<\/span><\/span><\/strong><\/td>\n<td><span style=\"vertical-align: inherit;\"><span style=\"vertical-align: inherit;\">285 mm<\/span><\/span><\/td>\n<\/tr>\n<tr>\n<td><strong><span style=\"vertical-align: inherit;\"><span style=\"vertical-align: inherit;\">A\u0161men\u0173 ilgis (B):<\/span><\/span><\/strong><\/td>\n<td><span style=\"vertical-align: inherit;\"><span style=\"vertical-align: inherit;\">160 mm<\/span><\/span><\/td>\n<\/tr>\n<tr>\n<td><strong><span style=\"vertical-align: inherit;\"><span style=\"vertical-align: inherit;\">Plotis (C):<\/span><\/span><\/strong><\/td>\n<td><span style=\"vertical-align: inherit;\"><span style=\"vertical-align: inherit;\">49 mm<\/span><\/span><\/td>\n<\/tr>\n<tr>\n<td><strong><span style=\"vertical-align: inherit;\"><span style=\"vertical-align: inherit;\">Storis (D):<\/span><\/span><\/strong><\/td>\n<td><span style=\"vertical-align: inherit;\"><span style=\"vertical-align: inherit;\">2,5 mm<\/span><\/span><\/td>\n<\/tr>\n<tr>\n<td><strong><span style=\"vertical-align: inherit;\"><span style=\"vertical-align: inherit;\">Svoris:<\/span><\/span><\/strong><\/td>\n<td><span style=\"vertical-align: inherit;\"><span style=\"vertical-align: inherit;\">179 g<\/span><\/span><\/td>\n<\/tr>\n<\/tbody>\n<\/table>\n<h4><strong><span style=\"vertical-align: inherit;\"><span style=\"vertical-align: inherit;\">Masahiro MV Nakiri peilis 165 mm [13735] <\/span><\/span><\/strong><\/h4>\n<p><strong><span style=\"vertical-align: inherit;\"><span style=\"vertical-align: inherit;\">Naudinga informacija:<\/span><\/span><\/strong><\/p>\n<ul>\n<li><span style=\"vertical-align: inherit;\"><span style=\"vertical-align: inherit;\">Visi Masahiro peiliai yra itin a\u0161tr\u016bs, tod\u0117l rekomenduojame juos naudoti atsargiai.<\/span><\/span><\/li>\n<li><span style=\"vertical-align: inherit;\"><span style=\"vertical-align: inherit;\">Masahiro peiliais negalima pjaustyti \u0161aldyt\u0173 produkt\u0173 (i\u0161skyrus \u0161iam tikslui skirtas serijas).<\/span><\/span><\/li>\n<li><span style=\"vertical-align: inherit;\"><span style=\"vertical-align: inherit;\">Nenaudokite peili\u0173 kitiems tikslams nei maistui.<\/span><\/span><\/li>\n<li><span style=\"vertical-align: inherit;\"><span style=\"vertical-align: inherit;\">Pjovimui naudokite medines arba plastikines pjaustymo lentas.<\/span><\/span><\/li>\n<li><span style=\"vertical-align: inherit;\"><span style=\"vertical-align: inherit;\">Neplaukite peili\u0173 indaplov\u0117se, nes jie pa\u017eeid\u017eia pjovimo briaun\u0105.<\/span><\/span><\/li>\n<li><span style=\"vertical-align: inherit;\"><span style=\"vertical-align: inherit;\">Nuplaukite peil\u012f \u0161iltame vandenyje su ind\u0173 plovikliu.<\/span><\/span><\/li>\n<li><span style=\"vertical-align: inherit;\"><span style=\"vertical-align: inherit;\">Po plovimo nuvalykite peil\u012f sausai.<\/span><\/span><\/li>\n<\/ul>\n<p style=\"text-align: justify;\">\n<\/div>\n<\/div>\n<p><iframe loading=\"lazy\" src=\"\/\/www.youtube.com\/embed\/1CyikhfXESg?rel=0\" width=\"640\" height=\"360\" frameborder=\"0\"><\/iframe><\/p>\n","protected":false},"excerpt":{"rendered":"<p><span style=\"vertical-align: inherit;\"><span style=\"vertical-align: inherit;\">Masahiro peili\u0173 serija, pagaminta i\u0161 patentuoto MBS-26 plieno, gr\u016bdinto iki 59 HRC. <\/span><span style=\"vertical-align: inherit;\">Storesnis ir patvaresnis peiliukas, skirtas sunkiam darbui, pagal\u0105stas asimetri\u0161kai. <\/span><span style=\"vertical-align: inherit;\">Europieti\u0161ko stiliaus rankena i\u0161 pakkamed\u017eio su metaliniu atrama.<\/span><\/span><\/p>","protected":false},"featured_media":7727,"template":"","meta":[],"product_brand":[],"product_cat":[119],"product_tag":[120],"class_list":{"0":"post-7726","1":"product","2":"type-product","3":"status-publish","4":"has-post-thumbnail","6":"product_cat-peiliai","7":"product_tag-masahiro","9":"first","10":"instock","11":"taxable","12":"shipping-taxable","13":"purchasable","14":"product-type-simple"},"yoast_head":"<!-- This site is optimized with the Yoast SEO plugin v27.3 - https:\/\/yoast.com\/product\/yoast-seo-wordpress\/ -->\n<title>Masahiro MV Nakiri peilis 165 mm [13735] - Cookking.online<\/title>\n<meta name=\"description\" content=\"Masahiro MV Nakiri peilis 165 mm [13735] Auk\u0161\u010diausios kokyb\u0117s \u012franga gaminimui, kepimui ant groteli\u0173 ir r\u016bkymui lauke.\" \/>\n<meta name=\"robots\" content=\"index, follow, max-snippet:-1, max-image-preview:large, max-video-preview:-1\" \/>\n<link rel=\"canonical\" href=\"https:\/\/cookking.online\/en\/katalogas\/peiliai\/masahiro-mv-nakiri-peilis-165-mm-13735\/\" \/>\n<meta property=\"og:locale\" content=\"en_US\" \/>\n<meta property=\"og:type\" content=\"article\" \/>\n<meta property=\"og:title\" content=\"Masahiro MV Nakiri peilis 165 mm [13735] - Cookking.online\" \/>\n<meta property=\"og:description\" content=\"Masahiro MV Nakiri peilis 165 mm [13735] Auk\u0161\u010diausios kokyb\u0117s \u012franga gaminimui, kepimui ant groteli\u0173 ir r\u016bkymui lauke.\" \/>\n<meta property=\"og:url\" content=\"https:\/\/cookking.online\/en\/katalogas\/peiliai\/masahiro-mv-nakiri-peilis-165-mm-13735\/\" \/>\n<meta property=\"og:site_name\" content=\"Cookking.online\" \/>\n<meta property=\"og:image\" content=\"https:\/\/cookking.online\/wp-content\/uploads\/2024\/01\/2003_2.webp\" \/>\n\t<meta property=\"og:image:width\" content=\"900\" \/>\n\t<meta property=\"og:image:height\" content=\"900\" \/>\n\t<meta property=\"og:image:type\" content=\"image\/webp\" \/>\n<meta name=\"twitter:card\" content=\"summary_large_image\" \/>\n<meta name=\"twitter:label1\" content=\"Est. reading time\" \/>\n\t<meta name=\"twitter:data1\" content=\"2 minutes\" \/>\n<script type=\"application\/ld+json\" class=\"yoast-schema-graph\">{\"@context\":\"https:\\\/\\\/schema.org\",\"@graph\":[{\"@type\":\"WebPage\",\"@id\":\"https:\\\/\\\/cookking.online\\\/katalogas\\\/peiliai\\\/masahiro-mv-nakiri-peilis-165-mm-13735\\\/\",\"url\":\"https:\\\/\\\/cookking.online\\\/katalogas\\\/peiliai\\\/masahiro-mv-nakiri-peilis-165-mm-13735\\\/\",\"name\":\"Masahiro MV Nakiri peilis 165 mm [13735] - Cookking.online\",\"isPartOf\":{\"@id\":\"https:\\\/\\\/cookking.online\\\/#website\"},\"primaryImageOfPage\":{\"@id\":\"https:\\\/\\\/cookking.online\\\/katalogas\\\/peiliai\\\/masahiro-mv-nakiri-peilis-165-mm-13735\\\/#primaryimage\"},\"image\":{\"@id\":\"https:\\\/\\\/cookking.online\\\/katalogas\\\/peiliai\\\/masahiro-mv-nakiri-peilis-165-mm-13735\\\/#primaryimage\"},\"thumbnailUrl\":\"https:\\\/\\\/cookking.online\\\/wp-content\\\/uploads\\\/2024\\\/01\\\/2003_2.webp\",\"datePublished\":\"2026-03-10T09:23:52+00:00\",\"description\":\"Masahiro MV Nakiri peilis 165 mm [13735] Auk\u0161\u010diausios kokyb\u0117s \u012franga gaminimui, kepimui ant groteli\u0173 ir r\u016bkymui lauke.\",\"breadcrumb\":{\"@id\":\"https:\\\/\\\/cookking.online\\\/katalogas\\\/peiliai\\\/masahiro-mv-nakiri-peilis-165-mm-13735\\\/#breadcrumb\"},\"inLanguage\":\"en-US\",\"potentialAction\":[{\"@type\":\"ReadAction\",\"target\":[\"https:\\\/\\\/cookking.online\\\/katalogas\\\/peiliai\\\/masahiro-mv-nakiri-peilis-165-mm-13735\\\/\"]}]},{\"@type\":\"ImageObject\",\"inLanguage\":\"en-US\",\"@id\":\"https:\\\/\\\/cookking.online\\\/katalogas\\\/peiliai\\\/masahiro-mv-nakiri-peilis-165-mm-13735\\\/#primaryimage\",\"url\":\"https:\\\/\\\/cookking.online\\\/wp-content\\\/uploads\\\/2024\\\/01\\\/2003_2.webp\",\"contentUrl\":\"https:\\\/\\\/cookking.online\\\/wp-content\\\/uploads\\\/2024\\\/01\\\/2003_2.webp\",\"width\":900,\"height\":900,\"caption\":\"Masahiro MV Nakiri peilis 165 mm [13735]\"},{\"@type\":\"BreadcrumbList\",\"@id\":\"https:\\\/\\\/cookking.online\\\/katalogas\\\/peiliai\\\/masahiro-mv-nakiri-peilis-165-mm-13735\\\/#breadcrumb\",\"itemListElement\":[{\"@type\":\"ListItem\",\"position\":1,\"name\":\"Prad\u017eia\",\"item\":\"https:\\\/\\\/cookking.online\\\/\"},{\"@type\":\"ListItem\",\"position\":2,\"name\":\"Parduotuv\u0117\",\"item\":\"https:\\\/\\\/cookking.online\\\/parduotuve\\\/\"},{\"@type\":\"ListItem\",\"position\":3,\"name\":\"Masahiro MV Nakiri peilis 165 mm [13735]\"}]},{\"@type\":\"WebSite\",\"@id\":\"https:\\\/\\\/cookking.online\\\/#website\",\"url\":\"https:\\\/\\\/cookking.online\\\/\",\"name\":\"Cookking.online\",\"description\":\"\",\"publisher\":{\"@id\":\"https:\\\/\\\/cookking.online\\\/#organization\"},\"potentialAction\":[{\"@type\":\"SearchAction\",\"target\":{\"@type\":\"EntryPoint\",\"urlTemplate\":\"https:\\\/\\\/cookking.online\\\/?s={search_term_string}\"},\"query-input\":{\"@type\":\"PropertyValueSpecification\",\"valueRequired\":true,\"valueName\":\"search_term_string\"}}],\"inLanguage\":\"en-US\"},{\"@type\":\"Organization\",\"@id\":\"https:\\\/\\\/cookking.online\\\/#organization\",\"name\":\"Cookking.online\",\"url\":\"https:\\\/\\\/cookking.online\\\/\",\"logo\":{\"@type\":\"ImageObject\",\"inLanguage\":\"en-US\",\"@id\":\"https:\\\/\\\/cookking.online\\\/#\\\/schema\\\/logo\\\/image\\\/\",\"url\":\"https:\\\/\\\/cookking.online\\\/wp-content\\\/uploads\\\/2021\\\/11\\\/Logo.png\",\"contentUrl\":\"https:\\\/\\\/cookking.online\\\/wp-content\\\/uploads\\\/2021\\\/11\\\/Logo.png\",\"width\":291,\"height\":100,\"caption\":\"Cookking.online\"},\"image\":{\"@id\":\"https:\\\/\\\/cookking.online\\\/#\\\/schema\\\/logo\\\/image\\\/\"}}]}<\/script>\n<!-- \/ Yoast SEO plugin. -->","yoast_head_json":{"title":"Masahiro MV Nakiri peilis 165 mm [13735] - Cookking.online","description":"Masahiro MV Nakiri peilis 165 mm [13735] Auk\u0161\u010diausios kokyb\u0117s \u012franga gaminimui, kepimui ant groteli\u0173 ir r\u016bkymui lauke.","robots":{"index":"index","follow":"follow","max-snippet":"max-snippet:-1","max-image-preview":"max-image-preview:large","max-video-preview":"max-video-preview:-1"},"canonical":"https:\/\/cookking.online\/en\/katalogas\/peiliai\/masahiro-mv-nakiri-peilis-165-mm-13735\/","og_locale":"en_US","og_type":"article","og_title":"Masahiro MV Nakiri peilis 165 mm [13735] - Cookking.online","og_description":"Masahiro MV Nakiri peilis 165 mm [13735] Auk\u0161\u010diausios kokyb\u0117s \u012franga gaminimui, kepimui ant groteli\u0173 ir r\u016bkymui lauke.","og_url":"https:\/\/cookking.online\/en\/katalogas\/peiliai\/masahiro-mv-nakiri-peilis-165-mm-13735\/","og_site_name":"Cookking.online","og_image":[{"width":900,"height":900,"url":"https:\/\/cookking.online\/wp-content\/uploads\/2024\/01\/2003_2.webp","type":"image\/webp"}],"twitter_card":"summary_large_image","twitter_misc":{"Est. reading time":"2 minutes"},"schema":{"@context":"https:\/\/schema.org","@graph":[{"@type":"WebPage","@id":"https:\/\/cookking.online\/katalogas\/peiliai\/masahiro-mv-nakiri-peilis-165-mm-13735\/","url":"https:\/\/cookking.online\/katalogas\/peiliai\/masahiro-mv-nakiri-peilis-165-mm-13735\/","name":"Masahiro MV Nakiri peilis 165 mm [13735] - Cookking.online","isPartOf":{"@id":"https:\/\/cookking.online\/#website"},"primaryImageOfPage":{"@id":"https:\/\/cookking.online\/katalogas\/peiliai\/masahiro-mv-nakiri-peilis-165-mm-13735\/#primaryimage"},"image":{"@id":"https:\/\/cookking.online\/katalogas\/peiliai\/masahiro-mv-nakiri-peilis-165-mm-13735\/#primaryimage"},"thumbnailUrl":"https:\/\/cookking.online\/wp-content\/uploads\/2024\/01\/2003_2.webp","datePublished":"2026-03-10T09:23:52+00:00","description":"Masahiro MV Nakiri peilis 165 mm [13735] Auk\u0161\u010diausios kokyb\u0117s \u012franga gaminimui, kepimui ant groteli\u0173 ir r\u016bkymui lauke.","breadcrumb":{"@id":"https:\/\/cookking.online\/katalogas\/peiliai\/masahiro-mv-nakiri-peilis-165-mm-13735\/#breadcrumb"},"inLanguage":"en-US","potentialAction":[{"@type":"ReadAction","target":["https:\/\/cookking.online\/katalogas\/peiliai\/masahiro-mv-nakiri-peilis-165-mm-13735\/"]}]},{"@type":"ImageObject","inLanguage":"en-US","@id":"https:\/\/cookking.online\/katalogas\/peiliai\/masahiro-mv-nakiri-peilis-165-mm-13735\/#primaryimage","url":"https:\/\/cookking.online\/wp-content\/uploads\/2024\/01\/2003_2.webp","contentUrl":"https:\/\/cookking.online\/wp-content\/uploads\/2024\/01\/2003_2.webp","width":900,"height":900,"caption":"Masahiro MV Nakiri peilis 165 mm [13735]"},{"@type":"BreadcrumbList","@id":"https:\/\/cookking.online\/katalogas\/peiliai\/masahiro-mv-nakiri-peilis-165-mm-13735\/#breadcrumb","itemListElement":[{"@type":"ListItem","position":1,"name":"Prad\u017eia","item":"https:\/\/cookking.online\/"},{"@type":"ListItem","position":2,"name":"Parduotuv\u0117","item":"https:\/\/cookking.online\/parduotuve\/"},{"@type":"ListItem","position":3,"name":"Masahiro MV Nakiri peilis 165 mm [13735]"}]},{"@type":"WebSite","@id":"https:\/\/cookking.online\/#website","url":"https:\/\/cookking.online\/","name":"Cookking.online","description":"","publisher":{"@id":"https:\/\/cookking.online\/#organization"},"potentialAction":[{"@type":"SearchAction","target":{"@type":"EntryPoint","urlTemplate":"https:\/\/cookking.online\/?s={search_term_string}"},"query-input":{"@type":"PropertyValueSpecification","valueRequired":true,"valueName":"search_term_string"}}],"inLanguage":"en-US"},{"@type":"Organization","@id":"https:\/\/cookking.online\/#organization","name":"Cookking.online","url":"https:\/\/cookking.online\/","logo":{"@type":"ImageObject","inLanguage":"en-US","@id":"https:\/\/cookking.online\/#\/schema\/logo\/image\/","url":"https:\/\/cookking.online\/wp-content\/uploads\/2021\/11\/Logo.png","contentUrl":"https:\/\/cookking.online\/wp-content\/uploads\/2021\/11\/Logo.png","width":291,"height":100,"caption":"Cookking.online"},"image":{"@id":"https:\/\/cookking.online\/#\/schema\/logo\/image\/"}}]}},"_links":{"self":[{"href":"https:\/\/cookking.online\/en\/wp-json\/wp\/v2\/product\/7726","targetHints":{"allow":["GET"]}}],"collection":[{"href":"https:\/\/cookking.online\/en\/wp-json\/wp\/v2\/product"}],"about":[{"href":"https:\/\/cookking.online\/en\/wp-json\/wp\/v2\/types\/product"}],"wp:featuredmedia":[{"embeddable":true,"href":"https:\/\/cookking.online\/en\/wp-json\/wp\/v2\/media\/7727"}],"wp:attachment":[{"href":"https:\/\/cookking.online\/en\/wp-json\/wp\/v2\/media?parent=7726"}],"wp:term":[{"taxonomy":"product_brand","embeddable":true,"href":"https:\/\/cookking.online\/en\/wp-json\/wp\/v2\/product_brand?post=7726"},{"taxonomy":"product_cat","embeddable":true,"href":"https:\/\/cookking.online\/en\/wp-json\/wp\/v2\/product_cat?post=7726"},{"taxonomy":"product_tag","embeddable":true,"href":"https:\/\/cookking.online\/en\/wp-json\/wp\/v2\/product_tag?post=7726"}],"curies":[{"name":"wp","href":"https:\/\/api.w.org\/{rel}","templated":true}]}}