{"id":7845,"date":"2026-03-10T12:24:10","date_gmt":"2026-03-10T09:24:10","guid":{"rendered":"https:\/\/cookking.online\/?post_type=product&#038;p=7845"},"modified":"2026-03-10T12:24:10","modified_gmt":"2026-03-10T09:24:10","slug":"masahiro-l-1500-galandimo-akmuo-40102","status":"publish","type":"product","link":"https:\/\/cookking.online\/en\/katalogas\/peiliai\/masahiro-l-1500-galandimo-akmuo-40102\/","title":{"rendered":"Masahiro L-1500 galandimo akmuo [40102]"},"content":{"rendered":"<p>Masahiro L-1500 galandimo akmuo [40102]\n<p style=\"text-align: justify;\"><span style=\"vertical-align: inherit;\"><span style=\"vertical-align: inherit;\">Akmenys yra geriausias b\u016bdas \u0161lifuoti, pagal\u0105sti ir poliruoti pjovimo briaun\u0105. <\/span><span style=\"vertical-align: inherit;\">\u0160\u012f metod\u0105 taiko ir Japonijos peili\u0173 gamyklos.\u00a0<\/span><\/span><\/p>\n<p style=\"text-align: justify;\"><span style=\"vertical-align: inherit;\"><span style=\"vertical-align: inherit;\">Masahiro L-1500 Fine galandimo akmuo yra plok\u0161\u010dias, sta\u010diakampis akmuo, kurio matmenys yra 210x72x27 mm, o gradacija (gr\u016bdeli\u0173 skai\u010dius, abrazyvin\u0117s dalel\u0117s cm <\/span><\/span><sup><span style=\"vertical-align: inherit;\"><span style=\"vertical-align: inherit;\">2<\/span><\/span><\/sup><span style=\"vertical-align: inherit;\"><span style=\"vertical-align: inherit;\"> ) yra 1500, naudojamas galutiniam a\u0161men\u0173 i\u0161lyginimui ir poliravimui. <\/span><span style=\"vertical-align: inherit;\">Plonas kra\u0161tas tampa dar a\u0161tresnis ir ilgiau i\u0161lieka a\u0161trus. <\/span><span style=\"vertical-align: inherit;\">Akmuo buvo pad\u0117tas ant plastikinio pagrindo su gumin\u0117mis, neslid\u017eiomis kojel\u0117mis. <\/span><span style=\"vertical-align: inherit;\">Prie\u0161 naudojim\u0105 akmen\u012f reikia kelioms minut\u0117ms pad\u0117ti \u012f vanden\u012f ir galandimo metu jis neturi likti sausas.<\/span><\/span><\/p>\n<p><span style=\"vertical-align: inherit;\"><span style=\"vertical-align: inherit;\">Masahiro rekomenduoja toki\u0105 peili\u0173 gradacij\u0105:\u00a0<\/span><\/span><\/p>\n<ul>\n<li><span style=\"vertical-align: inherit;\"><span style=\"vertical-align: inherit;\">#100 &#8211; #600 labai bukiems peiliams ir tiems, kuri\u0173 pjovimo briauna pa\u017eeista<\/span><\/span><\/li>\n<li><span style=\"vertical-align: inherit;\"><span style=\"vertical-align: inherit;\">#800 &#8211; #1000 reguliariai pagal\u0105sti, \u0161iek tiek bukiems peiliams<\/span><\/span><\/li>\n<li><span style=\"vertical-align: inherit;\"><span style=\"vertical-align: inherit;\">#1500 &#8211; #3000 galutiniam i\u0161lyginimui ir poliravimui<\/span><\/span><\/li>\n<\/ul>\n<p style=\"text-align: justify;\">\n","protected":false},"excerpt":{"rendered":"<p><span style=\"vertical-align: inherit;\"><span style=\"vertical-align: inherit;\">Masahiro keramikinis akmuo. <\/span><span style=\"vertical-align: inherit;\">Puikiai tinka pasiekti i\u0161skirtin\u012f japoni\u0161k\u0173 virtuvini\u0173 peili\u0173 a\u0161trum\u0105. <\/span><span style=\"vertical-align: inherit;\">Galandimas atliekamas \u0161lapiai, o akmuo prie\u0161 naudojim\u0105 turi b\u016bti pamirkytas.<\/span><\/span><\/p>","protected":false},"featured_media":7846,"template":"","meta":[],"product_brand":[],"product_cat":[119],"product_tag":[120],"class_list":{"0":"post-7845","1":"product","2":"type-product","3":"status-publish","4":"has-post-thumbnail","6":"product_cat-peiliai","7":"product_tag-masahiro","9":"first","10":"instock","11":"taxable","12":"shipping-taxable","13":"purchasable","14":"product-type-simple"},"yoast_head":"<!-- This site is optimized with the Yoast SEO plugin v27.3 - https:\/\/yoast.com\/product\/yoast-seo-wordpress\/ -->\n<title>Masahiro L-1500 galandimo akmuo [40102] - Cookking.online<\/title>\n<meta name=\"description\" content=\"Masahiro L-1500 galandimo akmuo [40102] Auk\u0161\u010diausios kokyb\u0117s \u012franga gaminimui, kepimui ant groteli\u0173 ir r\u016bkymui lauke. Japanese knives\" \/>\n<meta name=\"robots\" content=\"index, follow, max-snippet:-1, max-image-preview:large, max-video-preview:-1\" \/>\n<link rel=\"canonical\" href=\"https:\/\/cookking.online\/en\/katalogas\/peiliai\/masahiro-l-1500-galandimo-akmuo-40102\/\" \/>\n<meta property=\"og:locale\" content=\"en_US\" \/>\n<meta property=\"og:type\" content=\"article\" \/>\n<meta property=\"og:title\" content=\"Masahiro L-1500 galandimo akmuo [40102] - Cookking.online\" \/>\n<meta property=\"og:description\" content=\"Masahiro L-1500 galandimo akmuo [40102] Auk\u0161\u010diausios kokyb\u0117s \u012franga gaminimui, kepimui ant groteli\u0173 ir r\u016bkymui lauke. Japanese knives\" \/>\n<meta property=\"og:url\" content=\"https:\/\/cookking.online\/en\/katalogas\/peiliai\/masahiro-l-1500-galandimo-akmuo-40102\/\" \/>\n<meta property=\"og:site_name\" content=\"Cookking.online\" \/>\n<meta property=\"og:image\" content=\"https:\/\/cookking.online\/wp-content\/uploads\/2024\/01\/2024_1.webp\" \/>\n\t<meta property=\"og:image:width\" content=\"900\" \/>\n\t<meta property=\"og:image:height\" content=\"900\" \/>\n\t<meta property=\"og:image:type\" content=\"image\/webp\" \/>\n<meta name=\"twitter:card\" content=\"summary_large_image\" \/>\n<meta name=\"twitter:label1\" content=\"Est. reading time\" \/>\n\t<meta name=\"twitter:data1\" content=\"1 minute\" \/>\n<script type=\"application\/ld+json\" class=\"yoast-schema-graph\">{\"@context\":\"https:\\\/\\\/schema.org\",\"@graph\":[{\"@type\":\"WebPage\",\"@id\":\"https:\\\/\\\/cookking.online\\\/katalogas\\\/peiliai\\\/masahiro-l-1500-galandimo-akmuo-40102\\\/\",\"url\":\"https:\\\/\\\/cookking.online\\\/katalogas\\\/peiliai\\\/masahiro-l-1500-galandimo-akmuo-40102\\\/\",\"name\":\"Masahiro L-1500 galandimo akmuo [40102] - Cookking.online\",\"isPartOf\":{\"@id\":\"https:\\\/\\\/cookking.online\\\/#website\"},\"primaryImageOfPage\":{\"@id\":\"https:\\\/\\\/cookking.online\\\/katalogas\\\/peiliai\\\/masahiro-l-1500-galandimo-akmuo-40102\\\/#primaryimage\"},\"image\":{\"@id\":\"https:\\\/\\\/cookking.online\\\/katalogas\\\/peiliai\\\/masahiro-l-1500-galandimo-akmuo-40102\\\/#primaryimage\"},\"thumbnailUrl\":\"https:\\\/\\\/cookking.online\\\/wp-content\\\/uploads\\\/2024\\\/01\\\/2024_1.webp\",\"datePublished\":\"2026-03-10T09:24:10+00:00\",\"description\":\"Masahiro L-1500 galandimo akmuo [40102] Auk\u0161\u010diausios kokyb\u0117s \u012franga gaminimui, kepimui ant groteli\u0173 ir r\u016bkymui lauke. Japanese knives\",\"breadcrumb\":{\"@id\":\"https:\\\/\\\/cookking.online\\\/katalogas\\\/peiliai\\\/masahiro-l-1500-galandimo-akmuo-40102\\\/#breadcrumb\"},\"inLanguage\":\"en-US\",\"potentialAction\":[{\"@type\":\"ReadAction\",\"target\":[\"https:\\\/\\\/cookking.online\\\/katalogas\\\/peiliai\\\/masahiro-l-1500-galandimo-akmuo-40102\\\/\"]}]},{\"@type\":\"ImageObject\",\"inLanguage\":\"en-US\",\"@id\":\"https:\\\/\\\/cookking.online\\\/katalogas\\\/peiliai\\\/masahiro-l-1500-galandimo-akmuo-40102\\\/#primaryimage\",\"url\":\"https:\\\/\\\/cookking.online\\\/wp-content\\\/uploads\\\/2024\\\/01\\\/2024_1.webp\",\"contentUrl\":\"https:\\\/\\\/cookking.online\\\/wp-content\\\/uploads\\\/2024\\\/01\\\/2024_1.webp\",\"width\":900,\"height\":900,\"caption\":\"Masahiro L-1500 galandimo akmuo [40102]\"},{\"@type\":\"BreadcrumbList\",\"@id\":\"https:\\\/\\\/cookking.online\\\/katalogas\\\/peiliai\\\/masahiro-l-1500-galandimo-akmuo-40102\\\/#breadcrumb\",\"itemListElement\":[{\"@type\":\"ListItem\",\"position\":1,\"name\":\"Prad\u017eia\",\"item\":\"https:\\\/\\\/cookking.online\\\/\"},{\"@type\":\"ListItem\",\"position\":2,\"name\":\"Parduotuv\u0117\",\"item\":\"https:\\\/\\\/cookking.online\\\/parduotuve\\\/\"},{\"@type\":\"ListItem\",\"position\":3,\"name\":\"Masahiro L-1500 galandimo akmuo [40102]\"}]},{\"@type\":\"WebSite\",\"@id\":\"https:\\\/\\\/cookking.online\\\/#website\",\"url\":\"https:\\\/\\\/cookking.online\\\/\",\"name\":\"Cookking.online\",\"description\":\"\",\"publisher\":{\"@id\":\"https:\\\/\\\/cookking.online\\\/#organization\"},\"potentialAction\":[{\"@type\":\"SearchAction\",\"target\":{\"@type\":\"EntryPoint\",\"urlTemplate\":\"https:\\\/\\\/cookking.online\\\/?s={search_term_string}\"},\"query-input\":{\"@type\":\"PropertyValueSpecification\",\"valueRequired\":true,\"valueName\":\"search_term_string\"}}],\"inLanguage\":\"en-US\"},{\"@type\":\"Organization\",\"@id\":\"https:\\\/\\\/cookking.online\\\/#organization\",\"name\":\"Cookking.online\",\"url\":\"https:\\\/\\\/cookking.online\\\/\",\"logo\":{\"@type\":\"ImageObject\",\"inLanguage\":\"en-US\",\"@id\":\"https:\\\/\\\/cookking.online\\\/#\\\/schema\\\/logo\\\/image\\\/\",\"url\":\"https:\\\/\\\/cookking.online\\\/wp-content\\\/uploads\\\/2021\\\/11\\\/Logo.png\",\"contentUrl\":\"https:\\\/\\\/cookking.online\\\/wp-content\\\/uploads\\\/2021\\\/11\\\/Logo.png\",\"width\":291,\"height\":100,\"caption\":\"Cookking.online\"},\"image\":{\"@id\":\"https:\\\/\\\/cookking.online\\\/#\\\/schema\\\/logo\\\/image\\\/\"}}]}<\/script>\n<!-- \/ Yoast SEO plugin. -->","yoast_head_json":{"title":"Masahiro L-1500 galandimo akmuo [40102] - Cookking.online","description":"Masahiro L-1500 galandimo akmuo [40102] Auk\u0161\u010diausios kokyb\u0117s \u012franga gaminimui, kepimui ant groteli\u0173 ir r\u016bkymui lauke. Japanese knives","robots":{"index":"index","follow":"follow","max-snippet":"max-snippet:-1","max-image-preview":"max-image-preview:large","max-video-preview":"max-video-preview:-1"},"canonical":"https:\/\/cookking.online\/en\/katalogas\/peiliai\/masahiro-l-1500-galandimo-akmuo-40102\/","og_locale":"en_US","og_type":"article","og_title":"Masahiro L-1500 galandimo akmuo [40102] - Cookking.online","og_description":"Masahiro L-1500 galandimo akmuo [40102] Auk\u0161\u010diausios kokyb\u0117s \u012franga gaminimui, kepimui ant groteli\u0173 ir r\u016bkymui lauke. Japanese knives","og_url":"https:\/\/cookking.online\/en\/katalogas\/peiliai\/masahiro-l-1500-galandimo-akmuo-40102\/","og_site_name":"Cookking.online","og_image":[{"width":900,"height":900,"url":"https:\/\/cookking.online\/wp-content\/uploads\/2024\/01\/2024_1.webp","type":"image\/webp"}],"twitter_card":"summary_large_image","twitter_misc":{"Est. reading time":"1 minute"},"schema":{"@context":"https:\/\/schema.org","@graph":[{"@type":"WebPage","@id":"https:\/\/cookking.online\/katalogas\/peiliai\/masahiro-l-1500-galandimo-akmuo-40102\/","url":"https:\/\/cookking.online\/katalogas\/peiliai\/masahiro-l-1500-galandimo-akmuo-40102\/","name":"Masahiro L-1500 galandimo akmuo [40102] - Cookking.online","isPartOf":{"@id":"https:\/\/cookking.online\/#website"},"primaryImageOfPage":{"@id":"https:\/\/cookking.online\/katalogas\/peiliai\/masahiro-l-1500-galandimo-akmuo-40102\/#primaryimage"},"image":{"@id":"https:\/\/cookking.online\/katalogas\/peiliai\/masahiro-l-1500-galandimo-akmuo-40102\/#primaryimage"},"thumbnailUrl":"https:\/\/cookking.online\/wp-content\/uploads\/2024\/01\/2024_1.webp","datePublished":"2026-03-10T09:24:10+00:00","description":"Masahiro L-1500 galandimo akmuo [40102] Auk\u0161\u010diausios kokyb\u0117s \u012franga gaminimui, kepimui ant groteli\u0173 ir r\u016bkymui lauke. Japanese knives","breadcrumb":{"@id":"https:\/\/cookking.online\/katalogas\/peiliai\/masahiro-l-1500-galandimo-akmuo-40102\/#breadcrumb"},"inLanguage":"en-US","potentialAction":[{"@type":"ReadAction","target":["https:\/\/cookking.online\/katalogas\/peiliai\/masahiro-l-1500-galandimo-akmuo-40102\/"]}]},{"@type":"ImageObject","inLanguage":"en-US","@id":"https:\/\/cookking.online\/katalogas\/peiliai\/masahiro-l-1500-galandimo-akmuo-40102\/#primaryimage","url":"https:\/\/cookking.online\/wp-content\/uploads\/2024\/01\/2024_1.webp","contentUrl":"https:\/\/cookking.online\/wp-content\/uploads\/2024\/01\/2024_1.webp","width":900,"height":900,"caption":"Masahiro L-1500 galandimo akmuo [40102]"},{"@type":"BreadcrumbList","@id":"https:\/\/cookking.online\/katalogas\/peiliai\/masahiro-l-1500-galandimo-akmuo-40102\/#breadcrumb","itemListElement":[{"@type":"ListItem","position":1,"name":"Prad\u017eia","item":"https:\/\/cookking.online\/"},{"@type":"ListItem","position":2,"name":"Parduotuv\u0117","item":"https:\/\/cookking.online\/parduotuve\/"},{"@type":"ListItem","position":3,"name":"Masahiro L-1500 galandimo akmuo [40102]"}]},{"@type":"WebSite","@id":"https:\/\/cookking.online\/#website","url":"https:\/\/cookking.online\/","name":"Cookking.online","description":"","publisher":{"@id":"https:\/\/cookking.online\/#organization"},"potentialAction":[{"@type":"SearchAction","target":{"@type":"EntryPoint","urlTemplate":"https:\/\/cookking.online\/?s={search_term_string}"},"query-input":{"@type":"PropertyValueSpecification","valueRequired":true,"valueName":"search_term_string"}}],"inLanguage":"en-US"},{"@type":"Organization","@id":"https:\/\/cookking.online\/#organization","name":"Cookking.online","url":"https:\/\/cookking.online\/","logo":{"@type":"ImageObject","inLanguage":"en-US","@id":"https:\/\/cookking.online\/#\/schema\/logo\/image\/","url":"https:\/\/cookking.online\/wp-content\/uploads\/2021\/11\/Logo.png","contentUrl":"https:\/\/cookking.online\/wp-content\/uploads\/2021\/11\/Logo.png","width":291,"height":100,"caption":"Cookking.online"},"image":{"@id":"https:\/\/cookking.online\/#\/schema\/logo\/image\/"}}]}},"_links":{"self":[{"href":"https:\/\/cookking.online\/en\/wp-json\/wp\/v2\/product\/7845","targetHints":{"allow":["GET"]}}],"collection":[{"href":"https:\/\/cookking.online\/en\/wp-json\/wp\/v2\/product"}],"about":[{"href":"https:\/\/cookking.online\/en\/wp-json\/wp\/v2\/types\/product"}],"wp:featuredmedia":[{"embeddable":true,"href":"https:\/\/cookking.online\/en\/wp-json\/wp\/v2\/media\/7846"}],"wp:attachment":[{"href":"https:\/\/cookking.online\/en\/wp-json\/wp\/v2\/media?parent=7845"}],"wp:term":[{"taxonomy":"product_brand","embeddable":true,"href":"https:\/\/cookking.online\/en\/wp-json\/wp\/v2\/product_brand?post=7845"},{"taxonomy":"product_cat","embeddable":true,"href":"https:\/\/cookking.online\/en\/wp-json\/wp\/v2\/product_cat?post=7845"},{"taxonomy":"product_tag","embeddable":true,"href":"https:\/\/cookking.online\/en\/wp-json\/wp\/v2\/product_tag?post=7845"}],"curies":[{"name":"wp","href":"https:\/\/api.w.org\/{rel}","templated":true}]}}